{"id":7074,"date":"2024-02-05T10:00:44","date_gmt":"2024-02-05T10:00:44","guid":{"rendered":"https:\/\/riwal-wpn.acceptatie.indicia-interactiv.nl\/pl\/?page_id=7074"},"modified":"2024-02-05T10:02:30","modified_gmt":"2024-02-05T10:02:30","slug":"eventy-koncerty","status":"publish","type":"page","link":"https:\/\/riwal-wpn.acceptatie.indicia-interactiv.nl\/pl\/branze\/eventy-koncerty\/","title":{"rendered":"Eventy, koncerty"},"content":{"rendered":"\n<div class=\"wp-block-rental-theme-header\">\n\t<div class=\"wp-block-rental-theme-header__lines\">\n\t\t<svg width=\"726\" height=\"442\" viewBox=\"0 0 726 442\" fill=\"none\" xmlns=\"http:\/\/www.w3.org\/2000\/svg\"><g opacity=\".5\"><mask id=\"path-1-inside-1_1_2\" fill=\"#fff\"><path fill-rule=\"evenodd\" clip-rule=\"evenodd\" d=\"M441.458.5H284.542L0 285.042v156.917l156.917-.001L363 235.876l206.083 206.082 156.917.001V285.042L441.458.5Z\"\/><\/mask><path d=\"M284.542.5v-1h-.415l-.292.293.707.707Zm156.916 0 .708-.707-.293-.293h-.415v1ZM0 285.042l-.707-.708-.293.293v.415h1Zm0 156.917h-1v1h1v-1Zm156.917-.001v1h.414l.293-.292-.707-.708ZM363 235.876l.707-.708-.707-.707-.707.707.707.708Zm206.083 206.082-.707.708.293.292h.414v-1Zm156.917.001v1h1v-1h-1Zm0-156.917h1v-.415l-.293-.293-.707.708ZM284.542 1.5h156.916v-2H284.542v2ZM.707 285.749 285.25 1.207l-1.414-1.414L-.707 284.334l1.414 1.415ZM1 441.959V285.042h-2v156.917h2Zm155.917-1.001L0 440.959v2l156.917-.001v-2Zm205.376-205.79L156.21 441.251l1.414 1.415 206.083-206.083-1.414-1.415Zm0 1.415 206.083 206.083 1.414-1.415-206.083-206.083-1.414 1.415Zm206.79 206.375 156.917.001v-2l-156.917-.001v2ZM727 441.959V285.042h-2v156.917h2Zm-.293-157.625L442.166-.206l-1.415 1.413L725.293 285.75l1.414-1.415Z\" fill=\"#5B728B\" mask=\"url(#path-1-inside-1_1_2)\"\/><\/g><\/svg>\t\t<svg width=\"726\" height=\"442\" viewBox=\"0 0 726 442\" fill=\"none\" xmlns=\"http:\/\/www.w3.org\/2000\/svg\"><g opacity=\".5\"><mask id=\"path-1-inside-1_1_2\" fill=\"#fff\"><path fill-rule=\"evenodd\" clip-rule=\"evenodd\" d=\"M441.458.5H284.542L0 285.042v156.917l156.917-.001L363 235.876l206.083 206.082 156.917.001V285.042L441.458.5Z\"\/><\/mask><path d=\"M284.542.5v-1h-.415l-.292.293.707.707Zm156.916 0 .708-.707-.293-.293h-.415v1ZM0 285.042l-.707-.708-.293.293v.415h1Zm0 156.917h-1v1h1v-1Zm156.917-.001v1h.414l.293-.292-.707-.708ZM363 235.876l.707-.708-.707-.707-.707.707.707.708Zm206.083 206.082-.707.708.293.292h.414v-1Zm156.917.001v1h1v-1h-1Zm0-156.917h1v-.415l-.293-.293-.707.708ZM284.542 1.5h156.916v-2H284.542v2ZM.707 285.749 285.25 1.207l-1.414-1.414L-.707 284.334l1.414 1.415ZM1 441.959V285.042h-2v156.917h2Zm155.917-1.001L0 440.959v2l156.917-.001v-2Zm205.376-205.79L156.21 441.251l1.414 1.415 206.083-206.083-1.414-1.415Zm0 1.415 206.083 206.083 1.414-1.415-206.083-206.083-1.414 1.415Zm206.79 206.375 156.917.001v-2l-156.917-.001v2ZM727 441.959V285.042h-2v156.917h2Zm-.293-157.625L442.166-.206l-1.415 1.413L725.293 285.75l1.414-1.415Z\" fill=\"#5B728B\" mask=\"url(#path-1-inside-1_1_2)\"\/><\/g><\/svg>\t<\/div>\n\t<img fetchpriority=\"high\" decoding=\"async\" width=\"1200\" height=\"600\" src=\"https:\/\/riwal-wpn.acceptatie.indicia-interactiv.nl\/app\/uploads\/sites\/9\/2024\/02\/Event-tablet.webp\" class=\"wp-block-rental-theme-header__image wp-block-rental-theme-header__image--desktop\" alt=\"\" loading=\"eager\" srcset=\"https:\/\/riwal-wpn.acceptatie.indicia-interactiv.nl\/app\/uploads\/sites\/9\/2024\/02\/Event-tablet.webp 1200w, https:\/\/riwal-wpn.acceptatie.indicia-interactiv.nl\/app\/uploads\/sites\/9\/2024\/02\/Event-tablet-300x150.webp 300w, https:\/\/riwal-wpn.acceptatie.indicia-interactiv.nl\/app\/uploads\/sites\/9\/2024\/02\/Event-tablet-1024x512.webp 1024w, https:\/\/riwal-wpn.acceptatie.indicia-interactiv.nl\/app\/uploads\/sites\/9\/2024\/02\/Event-tablet-768x384.webp 768w, https:\/\/riwal-wpn.acceptatie.indicia-interactiv.nl\/app\/uploads\/sites\/9\/2024\/02\/Event-tablet-178x89.webp 178w, https:\/\/riwal-wpn.acceptatie.indicia-interactiv.nl\/app\/uploads\/sites\/9\/2024\/02\/Event-tablet-390x195.webp 390w, https:\/\/riwal-wpn.acceptatie.indicia-interactiv.nl\/app\/uploads\/sites\/9\/2024\/02\/Event-tablet-830x415.webp 830w, https:\/\/riwal-wpn.acceptatie.indicia-interactiv.nl\/app\/uploads\/sites\/9\/2024\/02\/Event-tablet-250x125.webp 250w, https:\/\/riwal-wpn.acceptatie.indicia-interactiv.nl\/app\/uploads\/sites\/9\/2024\/02\/Event-tablet-620x310.webp 620w, https:\/\/riwal-wpn.acceptatie.indicia-interactiv.nl\/app\/uploads\/sites\/9\/2024\/02\/Event-tablet-237x119.webp 237w, https:\/\/riwal-wpn.acceptatie.indicia-interactiv.nl\/app\/uploads\/sites\/9\/2024\/02\/Event-tablet-474x237.webp 474w\" sizes=\"(max-width: 1200px) 100vw, 1200px\" \/>\t\t<div class=\"container\">\n\t\t<h1 class='wp-block-rental-theme-header__title' style='position: absolute; min-height: 120px'>Eventy, koncerty<\/h1>\t<\/div>\n<\/div>\n\n\n<div class=\"container\">\n<p><\/p>\n<\/div>\n\n<div class=\"container\">\n<h1 class=\"wp-block-heading\" id=\"h-potrzebujesz-wyspecjalizowanego-sprzetu-przy-stawianiu-sceny\" style=\"font-size:40px;font-style:normal;font-weight:100\">POTRZEBUJESZ WYSPECJALIZOWANEGO SPRZ\u0118TU PRZY STAWIANIU SCENY?<\/h1>\n<\/div>\n\n<div class=\"container\">\n<p>Organizacja koncertu lub innego wydarzenia artystycznego wymaga dobrego planowania, efektywnego dzia\u0142ania i zaanga\u017cowania specjalistycznego sprz\u0119tu. Riwal ch\u0119tnie pomaga w realizacji wizji klient\u00f3w.<\/p>\n<\/div>\n\n<div class=\"container\">\n<p>Opr\u00f3cz standardowych podno\u015bnik\u00f3w no\u017cycowych, przegubowych i \u0142adowarek teleskopowych, mo\u017cemy zaoferowa\u0107 dostosowane do \u017cycze\u0144 klienta maszyny. Przy budowaniu sceny najcz\u0119\u015bciej potrzebne s\u0105 podesty ruchome przegubowe, znane te\u017c jako podno\u015bniki koszowe, dla kt\u00f3rych trudnodost\u0119pne miejsca nie stanowi\u0105 problemu Szybki transport pionowy r\u00f3\u017cnych element\u00f3w jest mo\u017cliwy dzi\u0119ki \u0142adowarkom teleskopowym.<\/p>\n<\/div>\n\n<div class=\"container\">\n<p><strong>Z naszej floty polecamy mi\u0119dzy innymi:<\/strong><\/p>\n<\/div>\n\n<div class=\"container\">\n<ul class=\"wp-block-list\">\n<li><a href=\"https:\/\/riwal-wpn.acceptatie.indicia-interactiv.nl\/poland\/pl-pl\/rental\/products\/5637179449_sd220\"><strong>Podest teleskopowy JLG 660SJ<\/strong><\/a><strong>, <\/strong>wysoko\u015b\u0107 robocza 22m<\/li>\n\n\n\n<li><a href=\"https:\/\/riwal-wpn.acceptatie.indicia-interactiv.nl\/poland\/pl-pl\/rental\/products\/5637179465_ad260\"><strong>Podest przegubowy JLG 800AJ<\/strong><\/a>, wysoko\u015b\u0107 robocza 26m<\/li>\n\n\n\n<li><a href=\"https:\/\/riwal-wpn.acceptatie.indicia-interactiv.nl\/poland\/pl-pl\/rental\/products\/5637179538_ae200\"><strong>Podest przegubowy JLG E600JP<\/strong><\/a>, wysoko\u015b\u0107 robocza 20m<\/li>\n\n\n\n<li><a href=\"https:\/\/riwal-wpn.acceptatie.indicia-interactiv.nl\/poland\/pl-pl\/rental\/products\/5637179424_th4017\"><strong>\u0141adowarka teleskopowa JLG 4017PS<\/strong><\/a>, wysoko\u015b\u0107 podnoszenia 18m, ud\u017awig 4 tony<\/li>\n\n\n\n<li><a href=\"https:\/\/riwal-wpn.acceptatie.indicia-interactiv.nl\/poland\/pl-pl\/rental\/products\/5637179414_thr5025\"><strong>\u0141adowarka teleskopowa obrotowa Magni RTH 5.25SH<\/strong><\/a>, wysoko\u015b\u0107 podnoszenia 25m, ud\u017awig 5 ton<\/li>\n\n\n\n<li><a href=\"https:\/\/riwal-wpn.acceptatie.indicia-interactiv.nl\/poland\/pl-pl\/rental\/products\/5637179416_thr5030\"><strong>\u0141adowarka teleskopowa obrotowa Magni RTH 5.30S<\/strong><\/a><strong>, wysoko\u015b\u0107 podnoszenia 30m<\/strong>, ud\u017awig 5 ton<\/li>\n<\/ul>\n<\/div>\n\n<div class=\"container\">\n<p><strong>Bezpiecze\u0144stwo i jako\u015b\u0107<\/strong><\/p>\n<\/div>\n\n<div class=\"container\">\n<p>Bezpiecze\u0144stwo to jedna z podstawowych warto\u015bci Riwal. Dlatego dobieraj\u0105c maszyny do naszej floty przestrzegamy najwy\u017cszych standard\u00f3w bezpiecze\u0144stwa w\u0142\u0105czaj\u0105c do parku maszynowego tylko urz\u0105dzenia renomowanych, wiod\u0105cych producent\u00f3w takich jak JLG.&nbsp; Ponadto przed ka\u017cd\u0105 dostaw\u0105 do klienta podesty ruchome i \u0142adowarki teleskopowe s\u0105 sprawdzone. W\u0142\u0105czenie do floty poprzedza tak\u017ce rejestracja i certyfikacja maszyny zgodnie z obowi\u0105zuj\u0105cymi przepisami.<\/p>\n<\/div>\n\n<div class=\"container\">\n<p>Chcemy, aby praca z wykorzystaniem maszyn od Riwal by\u0142a bezpieczna. Do obs\u0142ugi podest\u00f3w ruchomych i \u0142adowarek teleskopowych niezb\u0119dne jest posiadanie odpowiednich uprawnie\u0144 UDT. W centrach szkoleniowych Riwal prowadzimy kursy pozwalaj\u0105ce odpowiednie uprawnienia &#8211; 1P oraz 1WJO zdoby\u0107. Na \u017cyczenie klienta mo\u017cemy te\u017c przeszkoli\u0107 pracownik\u00f3w w jego lokalizacji.&nbsp;<\/p>\n<\/div>\n\n<div class=\"container\">\n<p>Posiadamy certyfikat ISO i VCA.<\/p>\n<\/div>\n\n<div class=\"container\">\n<p><strong><a href=\"\/app\/uploads\/sites\/9\/2024\/02\/Brana-rozrywkowa.pdf\">Pobierz ulotk\u0119 RIWAL dotycz\u0105c\u0105 rozwi\u0105za\u0144\u00a0dla bran\u017cy rozrywkowej<\/a><\/strong><\/p>\n<\/div>\n\n<div class=\"container\">\n<figure class=\"wp-block-image size-full\"><a href=\"\/app\/uploads\/sites\/9\/2024\/02\/Brana-rozrywkowa.pdf\"><img loading=\"lazy\" decoding=\"async\" width=\"200\" height=\"281\" src=\"https:\/\/riwal-wpn.acceptatie.indicia-interactiv.nl\/app\/uploads\/sites\/9\/2024\/02\/branza-rozrywkowa.webp\" alt=\"\" class=\"wp-image-7076\" srcset=\"https:\/\/riwal-wpn.acceptatie.indicia-interactiv.nl\/app\/uploads\/sites\/9\/2024\/02\/branza-rozrywkowa.webp 200w, https:\/\/riwal-wpn.acceptatie.indicia-interactiv.nl\/app\/uploads\/sites\/9\/2024\/02\/branza-rozrywkowa-178x250.webp 178w, https:\/\/riwal-wpn.acceptatie.indicia-interactiv.nl\/app\/uploads\/sites\/9\/2024\/02\/branza-rozrywkowa-142x200.webp 142w\" sizes=\"auto, (max-width: 200px) 100vw, 200px\" \/><\/a><\/figure>\n<\/div>","protected":false},"excerpt":{"rendered":"<p>POTRZEBUJESZ WYSPECJALIZOWANEGO SPRZ\u0118TU PRZY STAWIANIU SCENY? Organizacja koncertu lub innego wydarzenia artystycznego wymaga dobrego planowania, efektywnego dzia\u0142ania i zaanga\u017cowania specjalistycznego sprz\u0119tu. Riwal ch\u0119tnie pomaga w realizacji wizji klient\u00f3w. Opr\u00f3cz standardowych podno\u015bnik\u00f3w no\u017cycowych, przegubowych i \u0142adowarek teleskopowych, mo\u017cemy zaoferowa\u0107 dostosowane do \u017cycze\u0144 klienta maszyny. Przy budowaniu sceny najcz\u0119\u015bciej potrzebne s\u0105 podesty ruchome przegubowe, znane te\u017c jako &hellip; <a href=\"https:\/\/riwal-wpn.acceptatie.indicia-interactiv.nl\/pl\/branze\/eventy-koncerty\/\">Kontynuuacja<\/a><\/p>\n","protected":false},"author":31,"featured_media":0,"parent":5814,"menu_order":0,"comment_status":"closed","ping_status":"closed","template":"","meta":{"_acf_changed":false,"editor_notices":[],"footnotes":""},"class_list":["post-7074","page","type-page","status-publish","hentry"],"acf":[],"yoast_head":"<!-- This site is optimized with the Yoast SEO Premium plugin v27.1 (Yoast SEO v27.1.1) - https:\/\/yoast.com\/product\/yoast-seo-premium-wordpress\/ -->\n<title>Eventy, koncerty - Riwal - Polska<\/title>\n<meta name=\"robots\" content=\"noindex, follow, max-snippet:-1, max-image-preview:large, max-video-preview:-1\" \/>\n<meta property=\"og:locale\" content=\"pl_PL\" \/>\n<meta property=\"og:type\" content=\"article\" \/>\n<meta property=\"og:title\" content=\"Eventy, koncerty\" \/>\n<meta property=\"og:description\" content=\"POTRZEBUJESZ WYSPECJALIZOWANEGO SPRZ\u0118TU PRZY STAWIANIU SCENY? Organizacja koncertu lub innego wydarzenia artystycznego wymaga dobrego planowania, efektywnego dzia\u0142ania i zaanga\u017cowania specjalistycznego sprz\u0119tu. Riwal ch\u0119tnie pomaga w realizacji wizji klient\u00f3w. Opr\u00f3cz standardowych podno\u015bnik\u00f3w no\u017cycowych, przegubowych i \u0142adowarek teleskopowych, mo\u017cemy zaoferowa\u0107 dostosowane do \u017cycze\u0144 klienta maszyny. Przy budowaniu sceny najcz\u0119\u015bciej potrzebne s\u0105 podesty ruchome przegubowe, znane te\u017c jako &hellip; Kontynuuacja\" \/>\n<meta property=\"og:url\" content=\"https:\/\/riwal-wpn.acceptatie.indicia-interactiv.nl\/pl\/branze\/eventy-koncerty\/\" \/>\n<meta property=\"og:site_name\" content=\"Riwal - Polska\" \/>\n<meta property=\"article:modified_time\" content=\"2024-02-05T10:02:30+00:00\" \/>\n<meta property=\"og:image\" content=\"https:\/\/riwal-wpn.acceptatie.indicia-interactiv.nl\/app\/uploads\/sites\/9\/2024\/02\/branza-rozrywkowa.webp\" \/>\n<meta name=\"twitter:card\" content=\"summary_large_image\" \/>\n<meta name=\"twitter:label1\" content=\"Est. reading time\" \/>\n\t<meta name=\"twitter:data1\" content=\"2 minuty\" \/>\n<script type=\"application\/ld+json\" class=\"yoast-schema-graph\">{\"@context\":\"https:\/\/schema.org\",\"@graph\":[{\"@type\":\"WebPage\",\"@id\":\"https:\/\/riwal-wpn.acceptatie.indicia-interactiv.nl\/pl\/branze\/eventy-koncerty\/\",\"url\":\"https:\/\/riwal-wpn.acceptatie.indicia-interactiv.nl\/pl\/branze\/eventy-koncerty\/\",\"name\":\"Eventy, koncerty - Riwal - Polska\",\"isPartOf\":{\"@id\":\"https:\/\/riwal-wpn.acceptatie.indicia-interactiv.nl\/pl\/#website\"},\"primaryImageOfPage\":{\"@id\":\"https:\/\/riwal-wpn.acceptatie.indicia-interactiv.nl\/pl\/branze\/eventy-koncerty\/#primaryimage\"},\"image\":{\"@id\":\"https:\/\/riwal-wpn.acceptatie.indicia-interactiv.nl\/pl\/branze\/eventy-koncerty\/#primaryimage\"},\"thumbnailUrl\":\"https:\/\/riwal-wpn.acceptatie.indicia-interactiv.nl\/app\/uploads\/sites\/9\/2024\/02\/branza-rozrywkowa.webp\",\"datePublished\":\"2024-02-05T10:00:44+00:00\",\"dateModified\":\"2024-02-05T10:02:30+00:00\",\"breadcrumb\":{\"@id\":\"https:\/\/riwal-wpn.acceptatie.indicia-interactiv.nl\/pl\/branze\/eventy-koncerty\/#breadcrumb\"},\"inLanguage\":\"pl-PL\",\"potentialAction\":[{\"@type\":\"ReadAction\",\"target\":[\"https:\/\/riwal-wpn.acceptatie.indicia-interactiv.nl\/pl\/branze\/eventy-koncerty\/\"]}]},{\"@type\":\"ImageObject\",\"inLanguage\":\"pl-PL\",\"@id\":\"https:\/\/riwal-wpn.acceptatie.indicia-interactiv.nl\/pl\/branze\/eventy-koncerty\/#primaryimage\",\"url\":\"https:\/\/riwal-wpn.acceptatie.indicia-interactiv.nl\/app\/uploads\/sites\/9\/2024\/02\/branza-rozrywkowa.webp\",\"contentUrl\":\"https:\/\/riwal-wpn.acceptatie.indicia-interactiv.nl\/app\/uploads\/sites\/9\/2024\/02\/branza-rozrywkowa.webp\"},{\"@type\":\"BreadcrumbList\",\"@id\":\"https:\/\/riwal-wpn.acceptatie.indicia-interactiv.nl\/pl\/branze\/eventy-koncerty\/#breadcrumb\",\"itemListElement\":[{\"@type\":\"ListItem\",\"position\":1,\"name\":\"Strona g\u0142\u00f3wna\",\"item\":\"https:\/\/riwal-wpn.acceptatie.indicia-interactiv.nl\/pl\/\"},{\"@type\":\"ListItem\",\"position\":2,\"name\":\"Bran\u017ce\",\"item\":\"https:\/\/riwal-wpn.acceptatie.indicia-interactiv.nl\/pl\/branze\/\"},{\"@type\":\"ListItem\",\"position\":3,\"name\":\"Eventy, koncerty\"}]},{\"@type\":\"WebSite\",\"@id\":\"https:\/\/riwal-wpn.acceptatie.indicia-interactiv.nl\/pl\/#website\",\"url\":\"https:\/\/riwal-wpn.acceptatie.indicia-interactiv.nl\/pl\/\",\"name\":\"Riwal\",\"description\":\"Arial work platform &amp; Telehandler Rental\/Sales\",\"publisher\":{\"@id\":\"https:\/\/riwal-wpn.acceptatie.indicia-interactiv.nl\/pl\/#organization\"},\"potentialAction\":[{\"@type\":\"SearchAction\",\"target\":{\"@type\":\"EntryPoint\",\"urlTemplate\":\"https:\/\/riwal-wpn.acceptatie.indicia-interactiv.nl\/pl\/?s={search_term_string}\"},\"query-input\":{\"@type\":\"PropertyValueSpecification\",\"valueRequired\":true,\"valueName\":\"search_term_string\"}}],\"inLanguage\":\"pl-PL\"},{\"@type\":\"Organization\",\"@id\":\"https:\/\/riwal-wpn.acceptatie.indicia-interactiv.nl\/pl\/#organization\",\"name\":\"Riwal\",\"url\":\"https:\/\/riwal-wpn.acceptatie.indicia-interactiv.nl\/pl\/\",\"logo\":{\"@type\":\"ImageObject\",\"inLanguage\":\"pl-PL\",\"@id\":\"https:\/\/riwal-wpn.acceptatie.indicia-interactiv.nl\/pl\/#\/schema\/logo\/image\/\",\"url\":\"\",\"contentUrl\":\"\",\"caption\":\"Riwal\"},\"image\":{\"@id\":\"https:\/\/riwal-wpn.acceptatie.indicia-interactiv.nl\/pl\/#\/schema\/logo\/image\/\"}}]}<\/script>\n<!-- \/ Yoast SEO Premium plugin. -->","yoast_head_json":{"title":"Eventy, koncerty - Riwal - Polska","robots":{"index":"noindex","follow":"follow","max-snippet":"max-snippet:-1","max-image-preview":"max-image-preview:large","max-video-preview":"max-video-preview:-1"},"og_locale":"pl_PL","og_type":"article","og_title":"Eventy, koncerty","og_description":"POTRZEBUJESZ WYSPECJALIZOWANEGO SPRZ\u0118TU PRZY STAWIANIU SCENY? Organizacja koncertu lub innego wydarzenia artystycznego wymaga dobrego planowania, efektywnego dzia\u0142ania i zaanga\u017cowania specjalistycznego sprz\u0119tu. Riwal ch\u0119tnie pomaga w realizacji wizji klient\u00f3w. Opr\u00f3cz standardowych podno\u015bnik\u00f3w no\u017cycowych, przegubowych i \u0142adowarek teleskopowych, mo\u017cemy zaoferowa\u0107 dostosowane do \u017cycze\u0144 klienta maszyny. Przy budowaniu sceny najcz\u0119\u015bciej potrzebne s\u0105 podesty ruchome przegubowe, znane te\u017c jako &hellip; Kontynuuacja","og_url":"https:\/\/riwal-wpn.acceptatie.indicia-interactiv.nl\/pl\/branze\/eventy-koncerty\/","og_site_name":"Riwal - Polska","article_modified_time":"2024-02-05T10:02:30+00:00","og_image":[{"url":"https:\/\/riwal-wpn.acceptatie.indicia-interactiv.nl\/app\/uploads\/sites\/9\/2024\/02\/branza-rozrywkowa.webp","type":"","width":"","height":""}],"twitter_card":"summary_large_image","twitter_misc":{"Est. reading time":"2 minuty"},"schema":{"@context":"https:\/\/schema.org","@graph":[{"@type":"WebPage","@id":"https:\/\/riwal-wpn.acceptatie.indicia-interactiv.nl\/pl\/branze\/eventy-koncerty\/","url":"https:\/\/riwal-wpn.acceptatie.indicia-interactiv.nl\/pl\/branze\/eventy-koncerty\/","name":"Eventy, koncerty - Riwal - Polska","isPartOf":{"@id":"https:\/\/riwal-wpn.acceptatie.indicia-interactiv.nl\/pl\/#website"},"primaryImageOfPage":{"@id":"https:\/\/riwal-wpn.acceptatie.indicia-interactiv.nl\/pl\/branze\/eventy-koncerty\/#primaryimage"},"image":{"@id":"https:\/\/riwal-wpn.acceptatie.indicia-interactiv.nl\/pl\/branze\/eventy-koncerty\/#primaryimage"},"thumbnailUrl":"https:\/\/riwal-wpn.acceptatie.indicia-interactiv.nl\/app\/uploads\/sites\/9\/2024\/02\/branza-rozrywkowa.webp","datePublished":"2024-02-05T10:00:44+00:00","dateModified":"2024-02-05T10:02:30+00:00","breadcrumb":{"@id":"https:\/\/riwal-wpn.acceptatie.indicia-interactiv.nl\/pl\/branze\/eventy-koncerty\/#breadcrumb"},"inLanguage":"pl-PL","potentialAction":[{"@type":"ReadAction","target":["https:\/\/riwal-wpn.acceptatie.indicia-interactiv.nl\/pl\/branze\/eventy-koncerty\/"]}]},{"@type":"ImageObject","inLanguage":"pl-PL","@id":"https:\/\/riwal-wpn.acceptatie.indicia-interactiv.nl\/pl\/branze\/eventy-koncerty\/#primaryimage","url":"https:\/\/riwal-wpn.acceptatie.indicia-interactiv.nl\/app\/uploads\/sites\/9\/2024\/02\/branza-rozrywkowa.webp","contentUrl":"https:\/\/riwal-wpn.acceptatie.indicia-interactiv.nl\/app\/uploads\/sites\/9\/2024\/02\/branza-rozrywkowa.webp"},{"@type":"BreadcrumbList","@id":"https:\/\/riwal-wpn.acceptatie.indicia-interactiv.nl\/pl\/branze\/eventy-koncerty\/#breadcrumb","itemListElement":[{"@type":"ListItem","position":1,"name":"Strona g\u0142\u00f3wna","item":"https:\/\/riwal-wpn.acceptatie.indicia-interactiv.nl\/pl\/"},{"@type":"ListItem","position":2,"name":"Bran\u017ce","item":"https:\/\/riwal-wpn.acceptatie.indicia-interactiv.nl\/pl\/branze\/"},{"@type":"ListItem","position":3,"name":"Eventy, koncerty"}]},{"@type":"WebSite","@id":"https:\/\/riwal-wpn.acceptatie.indicia-interactiv.nl\/pl\/#website","url":"https:\/\/riwal-wpn.acceptatie.indicia-interactiv.nl\/pl\/","name":"Riwal","description":"Arial work platform &amp; Telehandler Rental\/Sales","publisher":{"@id":"https:\/\/riwal-wpn.acceptatie.indicia-interactiv.nl\/pl\/#organization"},"potentialAction":[{"@type":"SearchAction","target":{"@type":"EntryPoint","urlTemplate":"https:\/\/riwal-wpn.acceptatie.indicia-interactiv.nl\/pl\/?s={search_term_string}"},"query-input":{"@type":"PropertyValueSpecification","valueRequired":true,"valueName":"search_term_string"}}],"inLanguage":"pl-PL"},{"@type":"Organization","@id":"https:\/\/riwal-wpn.acceptatie.indicia-interactiv.nl\/pl\/#organization","name":"Riwal","url":"https:\/\/riwal-wpn.acceptatie.indicia-interactiv.nl\/pl\/","logo":{"@type":"ImageObject","inLanguage":"pl-PL","@id":"https:\/\/riwal-wpn.acceptatie.indicia-interactiv.nl\/pl\/#\/schema\/logo\/image\/","url":"","contentUrl":"","caption":"Riwal"},"image":{"@id":"https:\/\/riwal-wpn.acceptatie.indicia-interactiv.nl\/pl\/#\/schema\/logo\/image\/"}}]}},"_links":{"self":[{"href":"https:\/\/riwal-wpn.acceptatie.indicia-interactiv.nl\/pl\/wp-json\/wp\/v2\/pages\/7074","targetHints":{"allow":["GET"]}}],"collection":[{"href":"https:\/\/riwal-wpn.acceptatie.indicia-interactiv.nl\/pl\/wp-json\/wp\/v2\/pages"}],"about":[{"href":"https:\/\/riwal-wpn.acceptatie.indicia-interactiv.nl\/pl\/wp-json\/wp\/v2\/types\/page"}],"author":[{"embeddable":true,"href":"https:\/\/riwal-wpn.acceptatie.indicia-interactiv.nl\/pl\/wp-json\/wp\/v2\/users\/31"}],"replies":[{"embeddable":true,"href":"https:\/\/riwal-wpn.acceptatie.indicia-interactiv.nl\/pl\/wp-json\/wp\/v2\/comments?post=7074"}],"version-history":[{"count":1,"href":"https:\/\/riwal-wpn.acceptatie.indicia-interactiv.nl\/pl\/wp-json\/wp\/v2\/pages\/7074\/revisions"}],"predecessor-version":[{"id":7078,"href":"https:\/\/riwal-wpn.acceptatie.indicia-interactiv.nl\/pl\/wp-json\/wp\/v2\/pages\/7074\/revisions\/7078"}],"up":[{"embeddable":true,"href":"https:\/\/riwal-wpn.acceptatie.indicia-interactiv.nl\/pl\/wp-json\/wp\/v2\/pages\/5814"}],"wp:attachment":[{"href":"https:\/\/riwal-wpn.acceptatie.indicia-interactiv.nl\/pl\/wp-json\/wp\/v2\/media?parent=7074"}],"curies":[{"name":"wp","href":"https:\/\/api.w.org\/{rel}","templated":true}]}}