{"id":7079,"date":"2024-02-05T10:06:20","date_gmt":"2024-02-05T10:06:20","guid":{"rendered":"https:\/\/riwal-wpn.acceptatie.indicia-interactiv.nl\/pl\/?page_id=7079"},"modified":"2024-02-05T10:06:39","modified_gmt":"2024-02-05T10:06:39","slug":"konserwacja-samolotow","status":"publish","type":"page","link":"https:\/\/riwal-wpn.acceptatie.indicia-interactiv.nl\/pl\/branze\/konserwacja-samolotow\/","title":{"rendered":"Konserwacja samolot\u00f3w"},"content":{"rendered":"\n<div class=\"wp-block-rental-theme-header\">\n\t<div class=\"wp-block-rental-theme-header__lines\">\n\t\t<svg width=\"726\" height=\"442\" viewBox=\"0 0 726 442\" fill=\"none\" xmlns=\"http:\/\/www.w3.org\/2000\/svg\"><g opacity=\".5\"><mask id=\"path-1-inside-1_1_2\" fill=\"#fff\"><path fill-rule=\"evenodd\" clip-rule=\"evenodd\" d=\"M441.458.5H284.542L0 285.042v156.917l156.917-.001L363 235.876l206.083 206.082 156.917.001V285.042L441.458.5Z\"\/><\/mask><path d=\"M284.542.5v-1h-.415l-.292.293.707.707Zm156.916 0 .708-.707-.293-.293h-.415v1ZM0 285.042l-.707-.708-.293.293v.415h1Zm0 156.917h-1v1h1v-1Zm156.917-.001v1h.414l.293-.292-.707-.708ZM363 235.876l.707-.708-.707-.707-.707.707.707.708Zm206.083 206.082-.707.708.293.292h.414v-1Zm156.917.001v1h1v-1h-1Zm0-156.917h1v-.415l-.293-.293-.707.708ZM284.542 1.5h156.916v-2H284.542v2ZM.707 285.749 285.25 1.207l-1.414-1.414L-.707 284.334l1.414 1.415ZM1 441.959V285.042h-2v156.917h2Zm155.917-1.001L0 440.959v2l156.917-.001v-2Zm205.376-205.79L156.21 441.251l1.414 1.415 206.083-206.083-1.414-1.415Zm0 1.415 206.083 206.083 1.414-1.415-206.083-206.083-1.414 1.415Zm206.79 206.375 156.917.001v-2l-156.917-.001v2ZM727 441.959V285.042h-2v156.917h2Zm-.293-157.625L442.166-.206l-1.415 1.413L725.293 285.75l1.414-1.415Z\" fill=\"#5B728B\" mask=\"url(#path-1-inside-1_1_2)\"\/><\/g><\/svg>\t\t<svg width=\"726\" height=\"442\" viewBox=\"0 0 726 442\" fill=\"none\" xmlns=\"http:\/\/www.w3.org\/2000\/svg\"><g opacity=\".5\"><mask id=\"path-1-inside-1_1_2\" fill=\"#fff\"><path fill-rule=\"evenodd\" clip-rule=\"evenodd\" d=\"M441.458.5H284.542L0 285.042v156.917l156.917-.001L363 235.876l206.083 206.082 156.917.001V285.042L441.458.5Z\"\/><\/mask><path d=\"M284.542.5v-1h-.415l-.292.293.707.707Zm156.916 0 .708-.707-.293-.293h-.415v1ZM0 285.042l-.707-.708-.293.293v.415h1Zm0 156.917h-1v1h1v-1Zm156.917-.001v1h.414l.293-.292-.707-.708ZM363 235.876l.707-.708-.707-.707-.707.707.707.708Zm206.083 206.082-.707.708.293.292h.414v-1Zm156.917.001v1h1v-1h-1Zm0-156.917h1v-.415l-.293-.293-.707.708ZM284.542 1.5h156.916v-2H284.542v2ZM.707 285.749 285.25 1.207l-1.414-1.414L-.707 284.334l1.414 1.415ZM1 441.959V285.042h-2v156.917h2Zm155.917-1.001L0 440.959v2l156.917-.001v-2Zm205.376-205.79L156.21 441.251l1.414 1.415 206.083-206.083-1.414-1.415Zm0 1.415 206.083 206.083 1.414-1.415-206.083-206.083-1.414 1.415Zm206.79 206.375 156.917.001v-2l-156.917-.001v2ZM727 441.959V285.042h-2v156.917h2Zm-.293-157.625L442.166-.206l-1.415 1.413L725.293 285.75l1.414-1.415Z\" fill=\"#5B728B\" mask=\"url(#path-1-inside-1_1_2)\"\/><\/g><\/svg>\t<\/div>\n\t<img fetchpriority=\"high\" decoding=\"async\" width=\"1200\" height=\"600\" src=\"https:\/\/riwal-wpn.acceptatie.indicia-interactiv.nl\/app\/uploads\/sites\/9\/2024\/02\/Banner-Tablet-KLM-Above-All-articulated-boom-JLG-E800AJ-2-1.png\" class=\"wp-block-rental-theme-header__image wp-block-rental-theme-header__image--desktop\" alt=\"\" loading=\"eager\" srcset=\"https:\/\/riwal-wpn.acceptatie.indicia-interactiv.nl\/app\/uploads\/sites\/9\/2024\/02\/Banner-Tablet-KLM-Above-All-articulated-boom-JLG-E800AJ-2-1.png 1200w, https:\/\/riwal-wpn.acceptatie.indicia-interactiv.nl\/app\/uploads\/sites\/9\/2024\/02\/Banner-Tablet-KLM-Above-All-articulated-boom-JLG-E800AJ-2-1-300x150.png 300w, https:\/\/riwal-wpn.acceptatie.indicia-interactiv.nl\/app\/uploads\/sites\/9\/2024\/02\/Banner-Tablet-KLM-Above-All-articulated-boom-JLG-E800AJ-2-1-1024x512.png 1024w, https:\/\/riwal-wpn.acceptatie.indicia-interactiv.nl\/app\/uploads\/sites\/9\/2024\/02\/Banner-Tablet-KLM-Above-All-articulated-boom-JLG-E800AJ-2-1-768x384.png 768w, https:\/\/riwal-wpn.acceptatie.indicia-interactiv.nl\/app\/uploads\/sites\/9\/2024\/02\/Banner-Tablet-KLM-Above-All-articulated-boom-JLG-E800AJ-2-1-178x89.png 178w, https:\/\/riwal-wpn.acceptatie.indicia-interactiv.nl\/app\/uploads\/sites\/9\/2024\/02\/Banner-Tablet-KLM-Above-All-articulated-boom-JLG-E800AJ-2-1-390x195.png 390w, https:\/\/riwal-wpn.acceptatie.indicia-interactiv.nl\/app\/uploads\/sites\/9\/2024\/02\/Banner-Tablet-KLM-Above-All-articulated-boom-JLG-E800AJ-2-1-830x415.png 830w, https:\/\/riwal-wpn.acceptatie.indicia-interactiv.nl\/app\/uploads\/sites\/9\/2024\/02\/Banner-Tablet-KLM-Above-All-articulated-boom-JLG-E800AJ-2-1-250x125.png 250w, https:\/\/riwal-wpn.acceptatie.indicia-interactiv.nl\/app\/uploads\/sites\/9\/2024\/02\/Banner-Tablet-KLM-Above-All-articulated-boom-JLG-E800AJ-2-1-620x310.png 620w, https:\/\/riwal-wpn.acceptatie.indicia-interactiv.nl\/app\/uploads\/sites\/9\/2024\/02\/Banner-Tablet-KLM-Above-All-articulated-boom-JLG-E800AJ-2-1-237x119.png 237w, https:\/\/riwal-wpn.acceptatie.indicia-interactiv.nl\/app\/uploads\/sites\/9\/2024\/02\/Banner-Tablet-KLM-Above-All-articulated-boom-JLG-E800AJ-2-1-474x237.png 474w\" sizes=\"(max-width: 1200px) 100vw, 1200px\" \/>\t\t<div class=\"container\">\n\t\t<h1 class='wp-block-rental-theme-header__title' style='position: absolute; min-height: 120px'>Linie lotnicze<\/h1>\t<\/div>\n<\/div>\n\n\n<div class=\"container\">\n<p><\/p>\n<\/div>\n\n<div class=\"container\">\n<h1 class=\"wp-block-heading\" id=\"h-szukasz-rozwiazania-do-efektywnej-konserwacji-samolotow\" style=\"font-size:40px;font-style:normal;font-weight:100\">SZUKASZ ROZWI\u0104ZANIA DO EFEKTYWNEJ KONSERWACJI SAMOLOT\u00d3W?<\/h1>\n<\/div>\n\n<div class=\"container\">\n<p>Mo\u017cliwo\u015b\u0107 sprawnego wykonania prac przy utrzymaniu i konserwacji samolot\u00f3w jest jednym z kluczowych czynnik\u00f3w sukcesu zar\u00f3wno dla pasa\u017cerskich linii lotniczych jak i przewo\u017anik\u00f3w oferuj\u0105cych transport powietrzny. Jakiekolwiek op\u00f3\u017anienie w harmonogramie niesie za sob\u0105 powa\u017cne konsekwencje finansowe.<\/p>\n<\/div>\n\n<div class=\"container\">\n<p>R\u00f3wnie wa\u017cna, je\u015bli nie wa\u017cniejsza jest stuprocentowa pewno\u015b\u0107, \u017ce ka\u017cdy z samolot\u00f3w jest sprawny i dzia\u0142a poprawnie. W kwestii bezpiecze\u0144stwa nie mo\u017ce by\u0107 kompromis\u00f3w. Statki powietrzne nie mog\u0105 opuszcza\u0107 lotniska bez szczeg\u00f3\u0142owej kontroli stanu technicznego. Taka sama kontrola musi by\u0107 przeprowadzona zaraz po l\u0105dowaniu.<\/p>\n<\/div>\n\n<div class=\"container\">\n<p>Nasze podesty ruchome zapewniaj\u0105 bezpieczny dost\u0119p do wszystkich cz\u0119\u015bci samolotu, od dziobu do ogona, od skrzyd\u0142a do skrzyd\u0142a. Umo\u017cliwia to wykonanie kompleksowego przegl\u0105du ka\u017cdej maszyny \u2013 od awionetki, po najwi\u0119ksze jumbo jety.<\/p>\n<\/div>\n\n<div class=\"container\">\n<p>Do pracy przy samolotach polecamy:<\/p>\n<\/div>\n\n<div class=\"container\">\n<ul class=\"wp-block-list\">\n<li><a href=\"https:\/\/riwal-wpn.acceptatie.indicia-interactiv.nl\/poland\/pl-pl\/rental\/products\/5637179077_esn056\"><strong>Podest no\u017cycowy JLG 2030ES<\/strong><\/a>, wysoko\u015b\u0107 robocza 8,1m<\/li>\n\n\n\n<li><a href=\"https:\/\/riwal-wpn.acceptatie.indicia-interactiv.nl\/poland\/pl-pl\/rental\/products\/5637180114_len185\"><strong>Podest no\u017cycowy Holland Lift HL 190E12<\/strong><\/a>, wysoko\u015b\u0107 robocza 18,5m<\/li>\n\n\n\n<li><a href=\"https:\/\/riwal-wpn.acceptatie.indicia-interactiv.nl\/poland\/pl-pl\/rental\/products\/5637179528_ve120\"><strong>Podest masztowy JLG Toucan 12E<\/strong><\/a>, wysoko\u015b\u0107 robocza 11,8m<\/li>\n\n\n\n<li><a href=\"https:\/\/riwal-wpn.acceptatie.indicia-interactiv.nl\/poland\/pl-pl\/rental\/products\/5637179536_ae155\"><strong>Podest przegubowy JLG 450AJ<\/strong><\/a>, wysoko\u015b\u0107 robocza 15,72m<\/li>\n\n\n\n<li><a href=\"https:\/\/riwal-wpn.acceptatie.indicia-interactiv.nl\/poland\/pl-pl\/rental\/products\/5637179538_ae200\"><strong>Podest przegubowy JLG 600JP<\/strong><\/a>, wysoko\u015b\u0107 robocza 20,46m<\/li>\n<\/ul>\n<\/div>\n\n<div class=\"container\">\n<p>Odpowiadaj\u0105c na potrzeby przemys\u0142u lotniczego, Riwal zaprojektowa\u0142 wiele specjalnych, dopasowanych do potrzeb linii lotniczych podno\u015bnik\u00f3w. Poniewa\u017c wi\u0119kszo\u015b\u0107 czynno\u015bci zwi\u0105zanych z przegl\u0105dami statk\u00f3w powietrznych wykonywana jest wewn\u0105trz hangar\u00f3w, oferujemy elektryczne alternatywy podno\u015bnik\u00f3w spalinowych, kt\u00f3re nie zanieczyszczaj\u0105 \u015brodowiska i nie powoduj\u0105 ha\u0142asu.<\/p>\n<\/div>\n\n<div class=\"container\">\n<p><strong>Przyk\u0142ady specjalnie zmodyfikowanych podest\u00f3w<\/strong>:<\/p>\n<\/div>\n\n<div class=\"container\">\n<ul class=\"wp-block-list\">\n<li>Podno\u015bniki przegubowe przekonwertowane na elektryczne, nie emituj\u0105ce spalin o wysoko\u015bci roboczej 26m i 28m, do szybkiego przegl\u0105du i konserwacji skrzyde\u0142 ogonowych.<\/li>\n\n\n\n<li>Specjalny system \u0142adowania akumulator\u00f3w podno\u015bnik\u00f3w elektrycznych, pozwalaj\u0105cy na nieprzerwan\u0105 prac\u0119 24\/7. Eliminuje do zera nieplanowane przestoje.<\/li>\n\n\n\n<li>W wielu naszych maszynach instalujemy gumowe os\u0142ony oraz czujniki sygnalizuj\u0105ce wok\u00f3\u0142 kosza w celu maksymalizacji bezpiecze\u0144stwa operatora oraz ochronie samolotu przed uszkodzeniem.<\/li>\n<\/ul>\n<\/div>\n\n<div class=\"container\">\n<p><strong>Wsp\u00f3lna praca<\/strong><\/p>\n<\/div>\n\n<div class=\"container\">\n<p>Dzi\u0119ki ponad 50-letniemu do\u015bwiadczeniu w pracy na wysoko\u015bci, wiemy kt\u00f3re rozwi\u0105zania najlepiej sprawdzaj\u0105 si\u0119 u naszych klient\u00f3w. Jeste\u015bmy dumni, \u017ce razem z nimi kreatywnie rozwi\u0105zujemy problemy, jakie pojawiaj\u0105 si\u0119 podczas ich projekt\u00f3w.<\/p>\n<\/div>\n\n<div class=\"container\">\n<p><a href=\"\/app\/uploads\/sites\/9\/2024\/02\/Konserwacja-samolotow.pdf\">Pobierz ulotk\u0119 RIWAL dotycz\u0105c\u0105 rozwi\u0105za\u0144 dla bran\u017c zwi\u0105zanych z konserwacj\u0105 samolot\u00f3w<\/a><\/p>\n<\/div>\n\n<div class=\"container\">\n<figure class=\"wp-block-image size-full\"><a href=\"\/app\/uploads\/sites\/9\/2024\/02\/Konserwacja-samolotow.pdf\"><img loading=\"lazy\" decoding=\"async\" width=\"200\" height=\"281\" src=\"https:\/\/riwal-wpn.acceptatie.indicia-interactiv.nl\/app\/uploads\/sites\/9\/2024\/02\/branza-konserwacja-samolotow-ulotka.webp\" alt=\"\" class=\"wp-image-7082\" srcset=\"https:\/\/riwal-wpn.acceptatie.indicia-interactiv.nl\/app\/uploads\/sites\/9\/2024\/02\/branza-konserwacja-samolotow-ulotka.webp 200w, https:\/\/riwal-wpn.acceptatie.indicia-interactiv.nl\/app\/uploads\/sites\/9\/2024\/02\/branza-konserwacja-samolotow-ulotka-178x250.webp 178w, https:\/\/riwal-wpn.acceptatie.indicia-interactiv.nl\/app\/uploads\/sites\/9\/2024\/02\/branza-konserwacja-samolotow-ulotka-142x200.webp 142w\" sizes=\"auto, (max-width: 200px) 100vw, 200px\" \/><\/a><\/figure>\n<\/div>","protected":false},"excerpt":{"rendered":"<p>SZUKASZ ROZWI\u0104ZANIA DO EFEKTYWNEJ KONSERWACJI SAMOLOT\u00d3W? Mo\u017cliwo\u015b\u0107 sprawnego wykonania prac przy utrzymaniu i konserwacji samolot\u00f3w jest jednym z kluczowych czynnik\u00f3w sukcesu zar\u00f3wno dla pasa\u017cerskich linii lotniczych jak i przewo\u017anik\u00f3w oferuj\u0105cych transport powietrzny. Jakiekolwiek op\u00f3\u017anienie w harmonogramie niesie za sob\u0105 powa\u017cne konsekwencje finansowe. R\u00f3wnie wa\u017cna, je\u015bli nie wa\u017cniejsza jest stuprocentowa pewno\u015b\u0107, \u017ce ka\u017cdy z samolot\u00f3w jest &hellip; <a href=\"https:\/\/riwal-wpn.acceptatie.indicia-interactiv.nl\/pl\/branze\/konserwacja-samolotow\/\">Kontynuuacja<\/a><\/p>\n","protected":false},"author":31,"featured_media":0,"parent":5814,"menu_order":0,"comment_status":"closed","ping_status":"closed","template":"","meta":{"_acf_changed":false,"editor_notices":[],"footnotes":""},"class_list":["post-7079","page","type-page","status-publish","hentry"],"acf":[],"yoast_head":"<!-- This site is optimized with the Yoast SEO Premium plugin v27.1 (Yoast SEO v27.1.1) - https:\/\/yoast.com\/product\/yoast-seo-premium-wordpress\/ -->\n<title>Konserwacja samolot\u00f3w - Riwal - Polska<\/title>\n<meta name=\"robots\" content=\"noindex, follow, max-snippet:-1, max-image-preview:large, max-video-preview:-1\" \/>\n<meta property=\"og:locale\" content=\"pl_PL\" \/>\n<meta property=\"og:type\" content=\"article\" \/>\n<meta property=\"og:title\" content=\"Konserwacja samolot\u00f3w\" \/>\n<meta property=\"og:description\" content=\"SZUKASZ ROZWI\u0104ZANIA DO EFEKTYWNEJ KONSERWACJI SAMOLOT\u00d3W? Mo\u017cliwo\u015b\u0107 sprawnego wykonania prac przy utrzymaniu i konserwacji samolot\u00f3w jest jednym z kluczowych czynnik\u00f3w sukcesu zar\u00f3wno dla pasa\u017cerskich linii lotniczych jak i przewo\u017anik\u00f3w oferuj\u0105cych transport powietrzny. Jakiekolwiek op\u00f3\u017anienie w harmonogramie niesie za sob\u0105 powa\u017cne konsekwencje finansowe. R\u00f3wnie wa\u017cna, je\u015bli nie wa\u017cniejsza jest stuprocentowa pewno\u015b\u0107, \u017ce ka\u017cdy z samolot\u00f3w jest &hellip; Kontynuuacja\" \/>\n<meta property=\"og:url\" content=\"https:\/\/riwal-wpn.acceptatie.indicia-interactiv.nl\/pl\/branze\/konserwacja-samolotow\/\" \/>\n<meta property=\"og:site_name\" content=\"Riwal - Polska\" \/>\n<meta property=\"article:modified_time\" content=\"2024-02-05T10:06:39+00:00\" \/>\n<meta property=\"og:image\" content=\"https:\/\/riwal-wpn.acceptatie.indicia-interactiv.nl\/app\/uploads\/sites\/9\/2024\/02\/branza-konserwacja-samolotow-ulotka.webp\" \/>\n<meta name=\"twitter:card\" content=\"summary_large_image\" \/>\n<meta name=\"twitter:label1\" content=\"Est. reading time\" \/>\n\t<meta name=\"twitter:data1\" content=\"3 minuty\" \/>\n<script type=\"application\/ld+json\" class=\"yoast-schema-graph\">{\"@context\":\"https:\/\/schema.org\",\"@graph\":[{\"@type\":\"WebPage\",\"@id\":\"https:\/\/riwal-wpn.acceptatie.indicia-interactiv.nl\/pl\/branze\/konserwacja-samolotow\/\",\"url\":\"https:\/\/riwal-wpn.acceptatie.indicia-interactiv.nl\/pl\/branze\/konserwacja-samolotow\/\",\"name\":\"Konserwacja samolot\u00f3w - Riwal - Polska\",\"isPartOf\":{\"@id\":\"https:\/\/riwal-wpn.acceptatie.indicia-interactiv.nl\/pl\/#website\"},\"primaryImageOfPage\":{\"@id\":\"https:\/\/riwal-wpn.acceptatie.indicia-interactiv.nl\/pl\/branze\/konserwacja-samolotow\/#primaryimage\"},\"image\":{\"@id\":\"https:\/\/riwal-wpn.acceptatie.indicia-interactiv.nl\/pl\/branze\/konserwacja-samolotow\/#primaryimage\"},\"thumbnailUrl\":\"https:\/\/riwal-wpn.acceptatie.indicia-interactiv.nl\/app\/uploads\/sites\/9\/2024\/02\/branza-konserwacja-samolotow-ulotka.webp\",\"datePublished\":\"2024-02-05T10:06:20+00:00\",\"dateModified\":\"2024-02-05T10:06:39+00:00\",\"breadcrumb\":{\"@id\":\"https:\/\/riwal-wpn.acceptatie.indicia-interactiv.nl\/pl\/branze\/konserwacja-samolotow\/#breadcrumb\"},\"inLanguage\":\"pl-PL\",\"potentialAction\":[{\"@type\":\"ReadAction\",\"target\":[\"https:\/\/riwal-wpn.acceptatie.indicia-interactiv.nl\/pl\/branze\/konserwacja-samolotow\/\"]}]},{\"@type\":\"ImageObject\",\"inLanguage\":\"pl-PL\",\"@id\":\"https:\/\/riwal-wpn.acceptatie.indicia-interactiv.nl\/pl\/branze\/konserwacja-samolotow\/#primaryimage\",\"url\":\"https:\/\/riwal-wpn.acceptatie.indicia-interactiv.nl\/app\/uploads\/sites\/9\/2024\/02\/branza-konserwacja-samolotow-ulotka.webp\",\"contentUrl\":\"https:\/\/riwal-wpn.acceptatie.indicia-interactiv.nl\/app\/uploads\/sites\/9\/2024\/02\/branza-konserwacja-samolotow-ulotka.webp\"},{\"@type\":\"BreadcrumbList\",\"@id\":\"https:\/\/riwal-wpn.acceptatie.indicia-interactiv.nl\/pl\/branze\/konserwacja-samolotow\/#breadcrumb\",\"itemListElement\":[{\"@type\":\"ListItem\",\"position\":1,\"name\":\"Strona g\u0142\u00f3wna\",\"item\":\"https:\/\/riwal-wpn.acceptatie.indicia-interactiv.nl\/pl\/\"},{\"@type\":\"ListItem\",\"position\":2,\"name\":\"Bran\u017ce\",\"item\":\"https:\/\/riwal-wpn.acceptatie.indicia-interactiv.nl\/pl\/branze\/\"},{\"@type\":\"ListItem\",\"position\":3,\"name\":\"Konserwacja samolot\u00f3w\"}]},{\"@type\":\"WebSite\",\"@id\":\"https:\/\/riwal-wpn.acceptatie.indicia-interactiv.nl\/pl\/#website\",\"url\":\"https:\/\/riwal-wpn.acceptatie.indicia-interactiv.nl\/pl\/\",\"name\":\"Riwal\",\"description\":\"Arial work platform &amp; Telehandler Rental\/Sales\",\"publisher\":{\"@id\":\"https:\/\/riwal-wpn.acceptatie.indicia-interactiv.nl\/pl\/#organization\"},\"potentialAction\":[{\"@type\":\"SearchAction\",\"target\":{\"@type\":\"EntryPoint\",\"urlTemplate\":\"https:\/\/riwal-wpn.acceptatie.indicia-interactiv.nl\/pl\/?s={search_term_string}\"},\"query-input\":{\"@type\":\"PropertyValueSpecification\",\"valueRequired\":true,\"valueName\":\"search_term_string\"}}],\"inLanguage\":\"pl-PL\"},{\"@type\":\"Organization\",\"@id\":\"https:\/\/riwal-wpn.acceptatie.indicia-interactiv.nl\/pl\/#organization\",\"name\":\"Riwal\",\"url\":\"https:\/\/riwal-wpn.acceptatie.indicia-interactiv.nl\/pl\/\",\"logo\":{\"@type\":\"ImageObject\",\"inLanguage\":\"pl-PL\",\"@id\":\"https:\/\/riwal-wpn.acceptatie.indicia-interactiv.nl\/pl\/#\/schema\/logo\/image\/\",\"url\":\"\",\"contentUrl\":\"\",\"caption\":\"Riwal\"},\"image\":{\"@id\":\"https:\/\/riwal-wpn.acceptatie.indicia-interactiv.nl\/pl\/#\/schema\/logo\/image\/\"}}]}<\/script>\n<!-- \/ Yoast SEO Premium plugin. -->","yoast_head_json":{"title":"Konserwacja samolot\u00f3w - Riwal - Polska","robots":{"index":"noindex","follow":"follow","max-snippet":"max-snippet:-1","max-image-preview":"max-image-preview:large","max-video-preview":"max-video-preview:-1"},"og_locale":"pl_PL","og_type":"article","og_title":"Konserwacja samolot\u00f3w","og_description":"SZUKASZ ROZWI\u0104ZANIA DO EFEKTYWNEJ KONSERWACJI SAMOLOT\u00d3W? Mo\u017cliwo\u015b\u0107 sprawnego wykonania prac przy utrzymaniu i konserwacji samolot\u00f3w jest jednym z kluczowych czynnik\u00f3w sukcesu zar\u00f3wno dla pasa\u017cerskich linii lotniczych jak i przewo\u017anik\u00f3w oferuj\u0105cych transport powietrzny. Jakiekolwiek op\u00f3\u017anienie w harmonogramie niesie za sob\u0105 powa\u017cne konsekwencje finansowe. R\u00f3wnie wa\u017cna, je\u015bli nie wa\u017cniejsza jest stuprocentowa pewno\u015b\u0107, \u017ce ka\u017cdy z samolot\u00f3w jest &hellip; Kontynuuacja","og_url":"https:\/\/riwal-wpn.acceptatie.indicia-interactiv.nl\/pl\/branze\/konserwacja-samolotow\/","og_site_name":"Riwal - Polska","article_modified_time":"2024-02-05T10:06:39+00:00","og_image":[{"url":"https:\/\/riwal-wpn.acceptatie.indicia-interactiv.nl\/app\/uploads\/sites\/9\/2024\/02\/branza-konserwacja-samolotow-ulotka.webp","type":"","width":"","height":""}],"twitter_card":"summary_large_image","twitter_misc":{"Est. reading time":"3 minuty"},"schema":{"@context":"https:\/\/schema.org","@graph":[{"@type":"WebPage","@id":"https:\/\/riwal-wpn.acceptatie.indicia-interactiv.nl\/pl\/branze\/konserwacja-samolotow\/","url":"https:\/\/riwal-wpn.acceptatie.indicia-interactiv.nl\/pl\/branze\/konserwacja-samolotow\/","name":"Konserwacja samolot\u00f3w - Riwal - Polska","isPartOf":{"@id":"https:\/\/riwal-wpn.acceptatie.indicia-interactiv.nl\/pl\/#website"},"primaryImageOfPage":{"@id":"https:\/\/riwal-wpn.acceptatie.indicia-interactiv.nl\/pl\/branze\/konserwacja-samolotow\/#primaryimage"},"image":{"@id":"https:\/\/riwal-wpn.acceptatie.indicia-interactiv.nl\/pl\/branze\/konserwacja-samolotow\/#primaryimage"},"thumbnailUrl":"https:\/\/riwal-wpn.acceptatie.indicia-interactiv.nl\/app\/uploads\/sites\/9\/2024\/02\/branza-konserwacja-samolotow-ulotka.webp","datePublished":"2024-02-05T10:06:20+00:00","dateModified":"2024-02-05T10:06:39+00:00","breadcrumb":{"@id":"https:\/\/riwal-wpn.acceptatie.indicia-interactiv.nl\/pl\/branze\/konserwacja-samolotow\/#breadcrumb"},"inLanguage":"pl-PL","potentialAction":[{"@type":"ReadAction","target":["https:\/\/riwal-wpn.acceptatie.indicia-interactiv.nl\/pl\/branze\/konserwacja-samolotow\/"]}]},{"@type":"ImageObject","inLanguage":"pl-PL","@id":"https:\/\/riwal-wpn.acceptatie.indicia-interactiv.nl\/pl\/branze\/konserwacja-samolotow\/#primaryimage","url":"https:\/\/riwal-wpn.acceptatie.indicia-interactiv.nl\/app\/uploads\/sites\/9\/2024\/02\/branza-konserwacja-samolotow-ulotka.webp","contentUrl":"https:\/\/riwal-wpn.acceptatie.indicia-interactiv.nl\/app\/uploads\/sites\/9\/2024\/02\/branza-konserwacja-samolotow-ulotka.webp"},{"@type":"BreadcrumbList","@id":"https:\/\/riwal-wpn.acceptatie.indicia-interactiv.nl\/pl\/branze\/konserwacja-samolotow\/#breadcrumb","itemListElement":[{"@type":"ListItem","position":1,"name":"Strona g\u0142\u00f3wna","item":"https:\/\/riwal-wpn.acceptatie.indicia-interactiv.nl\/pl\/"},{"@type":"ListItem","position":2,"name":"Bran\u017ce","item":"https:\/\/riwal-wpn.acceptatie.indicia-interactiv.nl\/pl\/branze\/"},{"@type":"ListItem","position":3,"name":"Konserwacja samolot\u00f3w"}]},{"@type":"WebSite","@id":"https:\/\/riwal-wpn.acceptatie.indicia-interactiv.nl\/pl\/#website","url":"https:\/\/riwal-wpn.acceptatie.indicia-interactiv.nl\/pl\/","name":"Riwal","description":"Arial work platform &amp; Telehandler Rental\/Sales","publisher":{"@id":"https:\/\/riwal-wpn.acceptatie.indicia-interactiv.nl\/pl\/#organization"},"potentialAction":[{"@type":"SearchAction","target":{"@type":"EntryPoint","urlTemplate":"https:\/\/riwal-wpn.acceptatie.indicia-interactiv.nl\/pl\/?s={search_term_string}"},"query-input":{"@type":"PropertyValueSpecification","valueRequired":true,"valueName":"search_term_string"}}],"inLanguage":"pl-PL"},{"@type":"Organization","@id":"https:\/\/riwal-wpn.acceptatie.indicia-interactiv.nl\/pl\/#organization","name":"Riwal","url":"https:\/\/riwal-wpn.acceptatie.indicia-interactiv.nl\/pl\/","logo":{"@type":"ImageObject","inLanguage":"pl-PL","@id":"https:\/\/riwal-wpn.acceptatie.indicia-interactiv.nl\/pl\/#\/schema\/logo\/image\/","url":"","contentUrl":"","caption":"Riwal"},"image":{"@id":"https:\/\/riwal-wpn.acceptatie.indicia-interactiv.nl\/pl\/#\/schema\/logo\/image\/"}}]}},"_links":{"self":[{"href":"https:\/\/riwal-wpn.acceptatie.indicia-interactiv.nl\/pl\/wp-json\/wp\/v2\/pages\/7079","targetHints":{"allow":["GET"]}}],"collection":[{"href":"https:\/\/riwal-wpn.acceptatie.indicia-interactiv.nl\/pl\/wp-json\/wp\/v2\/pages"}],"about":[{"href":"https:\/\/riwal-wpn.acceptatie.indicia-interactiv.nl\/pl\/wp-json\/wp\/v2\/types\/page"}],"author":[{"embeddable":true,"href":"https:\/\/riwal-wpn.acceptatie.indicia-interactiv.nl\/pl\/wp-json\/wp\/v2\/users\/31"}],"replies":[{"embeddable":true,"href":"https:\/\/riwal-wpn.acceptatie.indicia-interactiv.nl\/pl\/wp-json\/wp\/v2\/comments?post=7079"}],"version-history":[{"count":1,"href":"https:\/\/riwal-wpn.acceptatie.indicia-interactiv.nl\/pl\/wp-json\/wp\/v2\/pages\/7079\/revisions"}],"predecessor-version":[{"id":7084,"href":"https:\/\/riwal-wpn.acceptatie.indicia-interactiv.nl\/pl\/wp-json\/wp\/v2\/pages\/7079\/revisions\/7084"}],"up":[{"embeddable":true,"href":"https:\/\/riwal-wpn.acceptatie.indicia-interactiv.nl\/pl\/wp-json\/wp\/v2\/pages\/5814"}],"wp:attachment":[{"href":"https:\/\/riwal-wpn.acceptatie.indicia-interactiv.nl\/pl\/wp-json\/wp\/v2\/media?parent=7079"}],"curies":[{"name":"wp","href":"https:\/\/api.w.org\/{rel}","templated":true}]}}