{"id":7090,"date":"2024-02-05T10:20:32","date_gmt":"2024-02-05T10:20:32","guid":{"rendered":"https:\/\/riwal-wpn.acceptatie.indicia-interactiv.nl\/pl\/?page_id=7090"},"modified":"2024-02-05T10:20:33","modified_gmt":"2024-02-05T10:20:33","slug":"regaly-wysokiego-skladowania","status":"publish","type":"page","link":"https:\/\/riwal-wpn.acceptatie.indicia-interactiv.nl\/pl\/branze\/regaly-wysokiego-skladowania\/","title":{"rendered":"Rega\u0142y wysokiego sk\u0142adowania"},"content":{"rendered":"\n<div class=\"wp-block-rental-theme-header\">\n\t<div class=\"wp-block-rental-theme-header__lines\">\n\t\t<svg width=\"726\" height=\"442\" viewBox=\"0 0 726 442\" fill=\"none\" xmlns=\"http:\/\/www.w3.org\/2000\/svg\"><g opacity=\".5\"><mask id=\"path-1-inside-1_1_2\" fill=\"#fff\"><path fill-rule=\"evenodd\" clip-rule=\"evenodd\" d=\"M441.458.5H284.542L0 285.042v156.917l156.917-.001L363 235.876l206.083 206.082 156.917.001V285.042L441.458.5Z\"\/><\/mask><path d=\"M284.542.5v-1h-.415l-.292.293.707.707Zm156.916 0 .708-.707-.293-.293h-.415v1ZM0 285.042l-.707-.708-.293.293v.415h1Zm0 156.917h-1v1h1v-1Zm156.917-.001v1h.414l.293-.292-.707-.708ZM363 235.876l.707-.708-.707-.707-.707.707.707.708Zm206.083 206.082-.707.708.293.292h.414v-1Zm156.917.001v1h1v-1h-1Zm0-156.917h1v-.415l-.293-.293-.707.708ZM284.542 1.5h156.916v-2H284.542v2ZM.707 285.749 285.25 1.207l-1.414-1.414L-.707 284.334l1.414 1.415ZM1 441.959V285.042h-2v156.917h2Zm155.917-1.001L0 440.959v2l156.917-.001v-2Zm205.376-205.79L156.21 441.251l1.414 1.415 206.083-206.083-1.414-1.415Zm0 1.415 206.083 206.083 1.414-1.415-206.083-206.083-1.414 1.415Zm206.79 206.375 156.917.001v-2l-156.917-.001v2ZM727 441.959V285.042h-2v156.917h2Zm-.293-157.625L442.166-.206l-1.415 1.413L725.293 285.75l1.414-1.415Z\" fill=\"#5B728B\" mask=\"url(#path-1-inside-1_1_2)\"\/><\/g><\/svg>\t\t<svg width=\"726\" height=\"442\" viewBox=\"0 0 726 442\" fill=\"none\" xmlns=\"http:\/\/www.w3.org\/2000\/svg\"><g opacity=\".5\"><mask id=\"path-1-inside-1_1_2\" fill=\"#fff\"><path fill-rule=\"evenodd\" clip-rule=\"evenodd\" d=\"M441.458.5H284.542L0 285.042v156.917l156.917-.001L363 235.876l206.083 206.082 156.917.001V285.042L441.458.5Z\"\/><\/mask><path d=\"M284.542.5v-1h-.415l-.292.293.707.707Zm156.916 0 .708-.707-.293-.293h-.415v1ZM0 285.042l-.707-.708-.293.293v.415h1Zm0 156.917h-1v1h1v-1Zm156.917-.001v1h.414l.293-.292-.707-.708ZM363 235.876l.707-.708-.707-.707-.707.707.707.708Zm206.083 206.082-.707.708.293.292h.414v-1Zm156.917.001v1h1v-1h-1Zm0-156.917h1v-.415l-.293-.293-.707.708ZM284.542 1.5h156.916v-2H284.542v2ZM.707 285.749 285.25 1.207l-1.414-1.414L-.707 284.334l1.414 1.415ZM1 441.959V285.042h-2v156.917h2Zm155.917-1.001L0 440.959v2l156.917-.001v-2Zm205.376-205.79L156.21 441.251l1.414 1.415 206.083-206.083-1.414-1.415Zm0 1.415 206.083 206.083 1.414-1.415-206.083-206.083-1.414 1.415Zm206.79 206.375 156.917.001v-2l-156.917-.001v2ZM727 441.959V285.042h-2v156.917h2Zm-.293-157.625L442.166-.206l-1.415 1.413L725.293 285.75l1.414-1.415Z\" fill=\"#5B728B\" mask=\"url(#path-1-inside-1_1_2)\"\/><\/g><\/svg>\t<\/div>\n\t<img fetchpriority=\"high\" decoding=\"async\" width=\"1200\" height=\"600\" src=\"https:\/\/riwal-wpn.acceptatie.indicia-interactiv.nl\/app\/uploads\/sites\/9\/2024\/02\/Logistiek-Opslag-Riwal-Hoogwerkers-tablet.jpg\" class=\"wp-block-rental-theme-header__image wp-block-rental-theme-header__image--desktop\" alt=\"\" loading=\"eager\" srcset=\"https:\/\/riwal-wpn.acceptatie.indicia-interactiv.nl\/app\/uploads\/sites\/9\/2024\/02\/Logistiek-Opslag-Riwal-Hoogwerkers-tablet.jpg 1200w, https:\/\/riwal-wpn.acceptatie.indicia-interactiv.nl\/app\/uploads\/sites\/9\/2024\/02\/Logistiek-Opslag-Riwal-Hoogwerkers-tablet-300x150.jpg 300w, https:\/\/riwal-wpn.acceptatie.indicia-interactiv.nl\/app\/uploads\/sites\/9\/2024\/02\/Logistiek-Opslag-Riwal-Hoogwerkers-tablet-1024x512.jpg 1024w, https:\/\/riwal-wpn.acceptatie.indicia-interactiv.nl\/app\/uploads\/sites\/9\/2024\/02\/Logistiek-Opslag-Riwal-Hoogwerkers-tablet-768x384.jpg 768w, https:\/\/riwal-wpn.acceptatie.indicia-interactiv.nl\/app\/uploads\/sites\/9\/2024\/02\/Logistiek-Opslag-Riwal-Hoogwerkers-tablet-178x89.jpg 178w, https:\/\/riwal-wpn.acceptatie.indicia-interactiv.nl\/app\/uploads\/sites\/9\/2024\/02\/Logistiek-Opslag-Riwal-Hoogwerkers-tablet-390x195.jpg 390w, https:\/\/riwal-wpn.acceptatie.indicia-interactiv.nl\/app\/uploads\/sites\/9\/2024\/02\/Logistiek-Opslag-Riwal-Hoogwerkers-tablet-830x415.jpg 830w, https:\/\/riwal-wpn.acceptatie.indicia-interactiv.nl\/app\/uploads\/sites\/9\/2024\/02\/Logistiek-Opslag-Riwal-Hoogwerkers-tablet-250x125.jpg 250w, https:\/\/riwal-wpn.acceptatie.indicia-interactiv.nl\/app\/uploads\/sites\/9\/2024\/02\/Logistiek-Opslag-Riwal-Hoogwerkers-tablet-620x310.jpg 620w, https:\/\/riwal-wpn.acceptatie.indicia-interactiv.nl\/app\/uploads\/sites\/9\/2024\/02\/Logistiek-Opslag-Riwal-Hoogwerkers-tablet-237x119.jpg 237w, https:\/\/riwal-wpn.acceptatie.indicia-interactiv.nl\/app\/uploads\/sites\/9\/2024\/02\/Logistiek-Opslag-Riwal-Hoogwerkers-tablet-474x237.jpg 474w\" sizes=\"(max-width: 1200px) 100vw, 1200px\" \/>\t\t<div class=\"container\">\n\t\t<h1 class='wp-block-rental-theme-header__title' style='position: absolute; min-height: 120px'>Monta\u017c rega\u0142\u00f3w wysokiego sk\u0142adowania<\/h1>\t<\/div>\n<\/div>\n\n\n<div class=\"container\">\n<p><\/p>\n<\/div>\n\n<div class=\"container\">\n<h1 class=\"wp-block-heading\" id=\"h-zajmujesz-sie-montazem-regalow-wysokiego-skladowania-mamy-rozwiazania-dla-ciebie\" style=\"font-size:40px;font-style:normal;font-weight:100\">ZAJMUJESZ SI\u0118 MONTA\u017bEM REGA\u0141\u00d3W WYSOKIEGO SK\u0141ADOWANIA? MAMY ROZWI\u0104ZANIA DLA CIEBIE!<\/h1>\n<\/div>\n\n<div class=\"container\">\n<p>Jako specjalista w pracy na wysoko\u015bci mamy du\u017ce do\u015bwiadczenie w dostarczaniu najbardziej zaawansowanych rozwi\u0105za\u0144 dla bezpiecznego i wydajnego <strong>monta\u017cu system\u00f3w rega\u0142owych w centrach dystrybucyjnych i logistycznych<\/strong>. Rozumiemy, \u017ce dla naszych klient\u00f3w czas, a w tym czas pracy maszyn jest jednym z kluczowych czynnik\u00f3w, aby unikn\u0105\u0107 op\u00f3\u017anie\u0144 projektu. Dlatego nasz serwis jest do dyspozycji klient\u00f3w 24 godziny na dob\u0119, 7 dni w tygodniu. Nasi partnerzy mog\u0105 zawsze liczy\u0107 na pomoc techniczn\u0105. Je\u015bli nasi technicy nie b\u0119d\u0105 w stanie rozwi\u0105za\u0107 problemu przez telefon, mechanik mobilny pojawi si\u0119 w lokalizacji klienta najszybciej, jak to mo\u017cliwe.<\/p>\n<\/div>\n\n<div class=\"container\">\n<p>Pomagamy zwi\u0119kszy\u0107 efektywno\u015b\u0107 pracy na projektach zwi\u0105zanych z monta\u017cem rega\u0142\u00f3w wysokiego sk\u0142adowania, poniewa\u017c dostarczamy na czas wysokiej jako\u015bci sprz\u0119t i us\u0142ugi w dowolnej lokalizacji .<\/p>\n<\/div>\n\n<div class=\"container\">\n<p>Dzi\u0119ki naszemu dzia\u0142owi <a href=\"https:\/\/riwal-wpn.acceptatie.indicia-interactiv.nl\/poland\/pl-pl\/wynajem\/wynajem-miedzynarodowy\"><strong>Wynajmu mi\u0119dzynarodowego<\/strong><\/a> klient kontaktuje si\u0119 z jedn\u0105 osob\u0105 w swoim kraju, a wynajmuje od nas maszyny na terenie ca\u0142ego \u015bwiata.<\/p>\n<\/div>\n\n<div class=\"container\">\n<p><strong>Indywidualne rozwi\u0105zania<\/strong><\/p>\n<\/div>\n\n<div class=\"container\">\n<ul class=\"wp-block-list\">\n<li>Szeroka gama w\u0105skich podno\u015bnik\u00f3w no\u017cycowych elektrycznych marki Holland Lift doskonale sprawdza si\u0119 w pracach przy monta\u017cu rega\u0142\u00f3w wysokiego sk\u0142adowania;<\/li>\n\n\n\n<li>Mo\u017cliwo\u015b\u0107 zapewnienia dodatkowego wyposa\u017cenia, takiego jak o\u015bwietlenie;<\/li>\n\n\n\n<li>Specjalistyczne uchwyty do rur montowane na podno\u015bnikach no\u017cycowych, aby transport materia\u0142\u00f3w budowlanych by\u0142 bezpieczniejszy i \u0142atwiejszy.<\/li>\n\n\n\n<li>Flota ponad 19 000 podest\u00f3w ruchomych, \u0142adowarek teleskopowych i w\u00f3zk\u00f3w wid\u0142owych<\/li>\n<\/ul>\n<\/div>\n\n<div class=\"container\">\n<p><strong>Najcz\u0119\u015bciej wynajmowane w tej bran\u017cy maszyny:<\/strong><\/p>\n<\/div>\n\n<div class=\"container\">\n<p><a href=\"https:\/\/riwal-wpn.acceptatie.indicia-interactiv.nl\/poland\/pl-pl\/rental\/products\/5637180116_len285\"><strong>Podno\u015bnik no\u017cycowy elektryczny HOLLAND LIFT HL-285E13<\/strong><\/a> \u2013 o wysoko\u015bci roboczej 28m<\/p>\n<\/div>\n\n<div class=\"container\">\n<p><a href=\"https:\/\/riwal-wpn.acceptatie.indicia-interactiv.nl\/poland\/pl-pl\/rental\/products\/5637180117_len330\"><strong>Podno\u015bnik no\u017cycowy elektryczny HOLLAND LIFT HL-330E14<\/strong><\/a> \u2013 o wysoko\u015bci roboczej 33m<\/p>\n<\/div>\n\n<div class=\"container\">\n<p><a href=\"https:\/\/riwal-wpn.acceptatie.indicia-interactiv.nl\/poland\/pl-pl\/rental\/products\/5637179414_thr5025\"><strong>\u0141adowarka teleskopowa obrotowa Magni RTH 5.25 Smart<\/strong><\/a><strong> &#8211; <\/strong>o wysoko\u015bci podnoszenia 25m, ud\u017awigu 5 ton<\/p>\n<\/div>\n\n<div class=\"container\">\n<p><a href=\"https:\/\/riwal-wpn.acceptatie.indicia-interactiv.nl\/poland\/pl-pl\/rental\/products\/5637191587_etv_325\"><strong>W\u00f3zek wid\u0142owy wysokiego sk\u0142adowania Jungheinrich ETV 325<\/strong><\/a> &#8211; o wysoko\u015bci podnoszenia 13m<\/p>\n<\/div>\n\n<div class=\"container\">\n<p><strong>Jako\u015b\u0107 i bezpiecze\u0144stwo<\/strong><\/p>\n<\/div>\n\n<div class=\"container\">\n<p>Bezpiecze\u0144stwo jest jedn\u0105 z naszych podstawowych warto\u015bci w Riwal. Przestrzegamy najwy\u017cszych standard\u00f3w bezpiecze\u0144stwa, zapewniaj\u0105c nienagannie utrzymany, wysokiej jako\u015bci sprz\u0119t wiod\u0105cych marek w bran\u017cy, takich jak JLG. Maszyny s\u0105 sprawdzane przed ka\u017cd\u0105 dostaw\u0105 i certyfikowane zgodnie z przepisami. Prowadzimy centra szkoleniowe dla operator\u00f3w z <strong>certyfikacj\u0105 UDT i IPAF <\/strong>do pracy za granic\u0105.&nbsp; Na \u017cyczenie klienta <a href=\"https:\/\/riwal-wpn.acceptatie.indicia-interactiv.nl\/poland\/pl-pl\/szkolenia\"><strong>szkolenia dla operator\u00f3w<\/strong><\/a><strong> <\/strong>mo\u017cemy przeprowadzi\u0107 tak\u017ce w jego lokalizacji.&nbsp;<\/p>\n<\/div>\n\n<div class=\"container\">\n<p><strong><a href=\"\/app\/uploads\/sites\/9\/2024\/02\/montaz-regalow-1.pdf\">Pobierz ulotk\u0119 RIWAL dotycz\u0105c\u0105 rozwi\u0105za\u0144\u00a0dla bran\u017cy rozrywkowej<\/a><\/strong><\/p>\n<\/div>\n\n<div class=\"container\">\n<figure class=\"wp-block-image size-full\"><a href=\"\/app\/uploads\/sites\/9\/2024\/02\/montaz-regalow-1.pdf\"><img loading=\"lazy\" decoding=\"async\" width=\"200\" height=\"281\" src=\"https:\/\/riwal-wpn.acceptatie.indicia-interactiv.nl\/app\/uploads\/sites\/9\/2024\/02\/branza-montaz-regalow-ulotka.webp\" alt=\"\" class=\"wp-image-7091\" srcset=\"https:\/\/riwal-wpn.acceptatie.indicia-interactiv.nl\/app\/uploads\/sites\/9\/2024\/02\/branza-montaz-regalow-ulotka.webp 200w, https:\/\/riwal-wpn.acceptatie.indicia-interactiv.nl\/app\/uploads\/sites\/9\/2024\/02\/branza-montaz-regalow-ulotka-178x250.webp 178w, https:\/\/riwal-wpn.acceptatie.indicia-interactiv.nl\/app\/uploads\/sites\/9\/2024\/02\/branza-montaz-regalow-ulotka-142x200.webp 142w\" sizes=\"auto, (max-width: 200px) 100vw, 200px\" \/><\/a><\/figure>\n<\/div>\n\n<div class=\"container\">\n<p><strong>Zobacz film jak RIWAL wsp\u00f3\u0142pracuje z Montaze Broz przy monta\u017cu rega\u0142\u00f3w wysokiego sk\u0142adowania<\/strong><\/p>\n<\/div>\n\n<div class=\"rental-wp-default-block rental-theme-block-default-margin\"><div class=\"container\">\n<figure class=\"wp-block-embed is-type-video is-provider-youtube wp-block-embed-youtube\"><div class=\"wp-block-embed__wrapper\">\n<iframe title=\"Jak Riwal pomaga klientom - wsp\u00f3\u0142praca z Montaze Broz\" width=\"500\" height=\"281\" data-icn-src=\"https:\/\/www.youtube.com\/embed\/iZt_4GQYmjw?feature=oembed\" frameborder=\"0\" allow=\"accelerometer; autoplay; clipboard-write; encrypted-media; gyroscope; picture-in-picture; web-share\" referrerpolicy=\"strict-origin-when-cross-origin\" allowfullscreen><\/iframe>\n<\/div><\/figure>\n<\/div><\/div>","protected":false},"excerpt":{"rendered":"<p>ZAJMUJESZ SI\u0118 MONTA\u017bEM REGA\u0141\u00d3W WYSOKIEGO SK\u0141ADOWANIA? MAMY ROZWI\u0104ZANIA DLA CIEBIE! Jako specjalista w pracy na wysoko\u015bci mamy du\u017ce do\u015bwiadczenie w dostarczaniu najbardziej zaawansowanych rozwi\u0105za\u0144 dla bezpiecznego i wydajnego monta\u017cu system\u00f3w rega\u0142owych w centrach dystrybucyjnych i logistycznych. Rozumiemy, \u017ce dla naszych klient\u00f3w czas, a w tym czas pracy maszyn jest jednym z kluczowych czynnik\u00f3w, aby unikn\u0105\u0107 &hellip; <a href=\"https:\/\/riwal-wpn.acceptatie.indicia-interactiv.nl\/pl\/branze\/regaly-wysokiego-skladowania\/\">Kontynuuacja<\/a><\/p>\n","protected":false},"author":31,"featured_media":0,"parent":5814,"menu_order":0,"comment_status":"closed","ping_status":"closed","template":"","meta":{"_acf_changed":false,"editor_notices":[],"footnotes":""},"class_list":["post-7090","page","type-page","status-publish","hentry"],"acf":[],"yoast_head":"<!-- This site is optimized with the Yoast SEO Premium plugin v27.1 (Yoast SEO v27.1.1) - https:\/\/yoast.com\/product\/yoast-seo-premium-wordpress\/ -->\n<title>Rega\u0142y wysokiego sk\u0142adowania - Riwal - Polska<\/title>\n<meta name=\"robots\" content=\"noindex, follow, max-snippet:-1, max-image-preview:large, max-video-preview:-1\" \/>\n<meta property=\"og:locale\" content=\"pl_PL\" \/>\n<meta property=\"og:type\" content=\"article\" \/>\n<meta property=\"og:title\" content=\"Rega\u0142y wysokiego sk\u0142adowania\" \/>\n<meta property=\"og:description\" content=\"ZAJMUJESZ SI\u0118 MONTA\u017bEM REGA\u0141\u00d3W WYSOKIEGO SK\u0141ADOWANIA? MAMY ROZWI\u0104ZANIA DLA CIEBIE! Jako specjalista w pracy na wysoko\u015bci mamy du\u017ce do\u015bwiadczenie w dostarczaniu najbardziej zaawansowanych rozwi\u0105za\u0144 dla bezpiecznego i wydajnego monta\u017cu system\u00f3w rega\u0142owych w centrach dystrybucyjnych i logistycznych. Rozumiemy, \u017ce dla naszych klient\u00f3w czas, a w tym czas pracy maszyn jest jednym z kluczowych czynnik\u00f3w, aby unikn\u0105\u0107 &hellip; Kontynuuacja\" \/>\n<meta property=\"og:url\" content=\"https:\/\/riwal-wpn.acceptatie.indicia-interactiv.nl\/pl\/branze\/regaly-wysokiego-skladowania\/\" \/>\n<meta property=\"og:site_name\" content=\"Riwal - Polska\" \/>\n<meta property=\"article:modified_time\" content=\"2024-02-05T10:20:33+00:00\" \/>\n<meta property=\"og:image\" content=\"https:\/\/riwal-wpn.acceptatie.indicia-interactiv.nl\/app\/uploads\/sites\/9\/2024\/02\/branza-montaz-regalow-ulotka.webp\" \/>\n<meta name=\"twitter:card\" content=\"summary_large_image\" \/>\n<meta name=\"twitter:label1\" content=\"Est. reading time\" \/>\n\t<meta name=\"twitter:data1\" content=\"3 minuty\" \/>\n<script type=\"application\/ld+json\" class=\"yoast-schema-graph\">{\"@context\":\"https:\/\/schema.org\",\"@graph\":[{\"@type\":\"WebPage\",\"@id\":\"https:\/\/riwal-wpn.acceptatie.indicia-interactiv.nl\/pl\/branze\/regaly-wysokiego-skladowania\/\",\"url\":\"https:\/\/riwal-wpn.acceptatie.indicia-interactiv.nl\/pl\/branze\/regaly-wysokiego-skladowania\/\",\"name\":\"Rega\u0142y wysokiego sk\u0142adowania - Riwal - Polska\",\"isPartOf\":{\"@id\":\"https:\/\/riwal-wpn.acceptatie.indicia-interactiv.nl\/pl\/#website\"},\"primaryImageOfPage\":{\"@id\":\"https:\/\/riwal-wpn.acceptatie.indicia-interactiv.nl\/pl\/branze\/regaly-wysokiego-skladowania\/#primaryimage\"},\"image\":{\"@id\":\"https:\/\/riwal-wpn.acceptatie.indicia-interactiv.nl\/pl\/branze\/regaly-wysokiego-skladowania\/#primaryimage\"},\"thumbnailUrl\":\"https:\/\/riwal-wpn.acceptatie.indicia-interactiv.nl\/app\/uploads\/sites\/9\/2024\/02\/branza-montaz-regalow-ulotka.webp\",\"datePublished\":\"2024-02-05T10:20:32+00:00\",\"dateModified\":\"2024-02-05T10:20:33+00:00\",\"breadcrumb\":{\"@id\":\"https:\/\/riwal-wpn.acceptatie.indicia-interactiv.nl\/pl\/branze\/regaly-wysokiego-skladowania\/#breadcrumb\"},\"inLanguage\":\"pl-PL\",\"potentialAction\":[{\"@type\":\"ReadAction\",\"target\":[\"https:\/\/riwal-wpn.acceptatie.indicia-interactiv.nl\/pl\/branze\/regaly-wysokiego-skladowania\/\"]}]},{\"@type\":\"ImageObject\",\"inLanguage\":\"pl-PL\",\"@id\":\"https:\/\/riwal-wpn.acceptatie.indicia-interactiv.nl\/pl\/branze\/regaly-wysokiego-skladowania\/#primaryimage\",\"url\":\"https:\/\/riwal-wpn.acceptatie.indicia-interactiv.nl\/app\/uploads\/sites\/9\/2024\/02\/branza-montaz-regalow-ulotka.webp\",\"contentUrl\":\"https:\/\/riwal-wpn.acceptatie.indicia-interactiv.nl\/app\/uploads\/sites\/9\/2024\/02\/branza-montaz-regalow-ulotka.webp\"},{\"@type\":\"BreadcrumbList\",\"@id\":\"https:\/\/riwal-wpn.acceptatie.indicia-interactiv.nl\/pl\/branze\/regaly-wysokiego-skladowania\/#breadcrumb\",\"itemListElement\":[{\"@type\":\"ListItem\",\"position\":1,\"name\":\"Strona g\u0142\u00f3wna\",\"item\":\"https:\/\/riwal-wpn.acceptatie.indicia-interactiv.nl\/pl\/\"},{\"@type\":\"ListItem\",\"position\":2,\"name\":\"Bran\u017ce\",\"item\":\"https:\/\/riwal-wpn.acceptatie.indicia-interactiv.nl\/pl\/branze\/\"},{\"@type\":\"ListItem\",\"position\":3,\"name\":\"Rega\u0142y wysokiego sk\u0142adowania\"}]},{\"@type\":\"WebSite\",\"@id\":\"https:\/\/riwal-wpn.acceptatie.indicia-interactiv.nl\/pl\/#website\",\"url\":\"https:\/\/riwal-wpn.acceptatie.indicia-interactiv.nl\/pl\/\",\"name\":\"Riwal\",\"description\":\"Arial work platform &amp; Telehandler Rental\/Sales\",\"publisher\":{\"@id\":\"https:\/\/riwal-wpn.acceptatie.indicia-interactiv.nl\/pl\/#organization\"},\"potentialAction\":[{\"@type\":\"SearchAction\",\"target\":{\"@type\":\"EntryPoint\",\"urlTemplate\":\"https:\/\/riwal-wpn.acceptatie.indicia-interactiv.nl\/pl\/?s={search_term_string}\"},\"query-input\":{\"@type\":\"PropertyValueSpecification\",\"valueRequired\":true,\"valueName\":\"search_term_string\"}}],\"inLanguage\":\"pl-PL\"},{\"@type\":\"Organization\",\"@id\":\"https:\/\/riwal-wpn.acceptatie.indicia-interactiv.nl\/pl\/#organization\",\"name\":\"Riwal\",\"url\":\"https:\/\/riwal-wpn.acceptatie.indicia-interactiv.nl\/pl\/\",\"logo\":{\"@type\":\"ImageObject\",\"inLanguage\":\"pl-PL\",\"@id\":\"https:\/\/riwal-wpn.acceptatie.indicia-interactiv.nl\/pl\/#\/schema\/logo\/image\/\",\"url\":\"\",\"contentUrl\":\"\",\"caption\":\"Riwal\"},\"image\":{\"@id\":\"https:\/\/riwal-wpn.acceptatie.indicia-interactiv.nl\/pl\/#\/schema\/logo\/image\/\"}}]}<\/script>\n<!-- \/ Yoast SEO Premium plugin. -->","yoast_head_json":{"title":"Rega\u0142y wysokiego sk\u0142adowania - Riwal - Polska","robots":{"index":"noindex","follow":"follow","max-snippet":"max-snippet:-1","max-image-preview":"max-image-preview:large","max-video-preview":"max-video-preview:-1"},"og_locale":"pl_PL","og_type":"article","og_title":"Rega\u0142y wysokiego sk\u0142adowania","og_description":"ZAJMUJESZ SI\u0118 MONTA\u017bEM REGA\u0141\u00d3W WYSOKIEGO SK\u0141ADOWANIA? MAMY ROZWI\u0104ZANIA DLA CIEBIE! Jako specjalista w pracy na wysoko\u015bci mamy du\u017ce do\u015bwiadczenie w dostarczaniu najbardziej zaawansowanych rozwi\u0105za\u0144 dla bezpiecznego i wydajnego monta\u017cu system\u00f3w rega\u0142owych w centrach dystrybucyjnych i logistycznych. Rozumiemy, \u017ce dla naszych klient\u00f3w czas, a w tym czas pracy maszyn jest jednym z kluczowych czynnik\u00f3w, aby unikn\u0105\u0107 &hellip; Kontynuuacja","og_url":"https:\/\/riwal-wpn.acceptatie.indicia-interactiv.nl\/pl\/branze\/regaly-wysokiego-skladowania\/","og_site_name":"Riwal - Polska","article_modified_time":"2024-02-05T10:20:33+00:00","og_image":[{"url":"https:\/\/riwal-wpn.acceptatie.indicia-interactiv.nl\/app\/uploads\/sites\/9\/2024\/02\/branza-montaz-regalow-ulotka.webp","type":"","width":"","height":""}],"twitter_card":"summary_large_image","twitter_misc":{"Est. reading time":"3 minuty"},"schema":{"@context":"https:\/\/schema.org","@graph":[{"@type":"WebPage","@id":"https:\/\/riwal-wpn.acceptatie.indicia-interactiv.nl\/pl\/branze\/regaly-wysokiego-skladowania\/","url":"https:\/\/riwal-wpn.acceptatie.indicia-interactiv.nl\/pl\/branze\/regaly-wysokiego-skladowania\/","name":"Rega\u0142y wysokiego sk\u0142adowania - Riwal - Polska","isPartOf":{"@id":"https:\/\/riwal-wpn.acceptatie.indicia-interactiv.nl\/pl\/#website"},"primaryImageOfPage":{"@id":"https:\/\/riwal-wpn.acceptatie.indicia-interactiv.nl\/pl\/branze\/regaly-wysokiego-skladowania\/#primaryimage"},"image":{"@id":"https:\/\/riwal-wpn.acceptatie.indicia-interactiv.nl\/pl\/branze\/regaly-wysokiego-skladowania\/#primaryimage"},"thumbnailUrl":"https:\/\/riwal-wpn.acceptatie.indicia-interactiv.nl\/app\/uploads\/sites\/9\/2024\/02\/branza-montaz-regalow-ulotka.webp","datePublished":"2024-02-05T10:20:32+00:00","dateModified":"2024-02-05T10:20:33+00:00","breadcrumb":{"@id":"https:\/\/riwal-wpn.acceptatie.indicia-interactiv.nl\/pl\/branze\/regaly-wysokiego-skladowania\/#breadcrumb"},"inLanguage":"pl-PL","potentialAction":[{"@type":"ReadAction","target":["https:\/\/riwal-wpn.acceptatie.indicia-interactiv.nl\/pl\/branze\/regaly-wysokiego-skladowania\/"]}]},{"@type":"ImageObject","inLanguage":"pl-PL","@id":"https:\/\/riwal-wpn.acceptatie.indicia-interactiv.nl\/pl\/branze\/regaly-wysokiego-skladowania\/#primaryimage","url":"https:\/\/riwal-wpn.acceptatie.indicia-interactiv.nl\/app\/uploads\/sites\/9\/2024\/02\/branza-montaz-regalow-ulotka.webp","contentUrl":"https:\/\/riwal-wpn.acceptatie.indicia-interactiv.nl\/app\/uploads\/sites\/9\/2024\/02\/branza-montaz-regalow-ulotka.webp"},{"@type":"BreadcrumbList","@id":"https:\/\/riwal-wpn.acceptatie.indicia-interactiv.nl\/pl\/branze\/regaly-wysokiego-skladowania\/#breadcrumb","itemListElement":[{"@type":"ListItem","position":1,"name":"Strona g\u0142\u00f3wna","item":"https:\/\/riwal-wpn.acceptatie.indicia-interactiv.nl\/pl\/"},{"@type":"ListItem","position":2,"name":"Bran\u017ce","item":"https:\/\/riwal-wpn.acceptatie.indicia-interactiv.nl\/pl\/branze\/"},{"@type":"ListItem","position":3,"name":"Rega\u0142y wysokiego sk\u0142adowania"}]},{"@type":"WebSite","@id":"https:\/\/riwal-wpn.acceptatie.indicia-interactiv.nl\/pl\/#website","url":"https:\/\/riwal-wpn.acceptatie.indicia-interactiv.nl\/pl\/","name":"Riwal","description":"Arial work platform &amp; Telehandler Rental\/Sales","publisher":{"@id":"https:\/\/riwal-wpn.acceptatie.indicia-interactiv.nl\/pl\/#organization"},"potentialAction":[{"@type":"SearchAction","target":{"@type":"EntryPoint","urlTemplate":"https:\/\/riwal-wpn.acceptatie.indicia-interactiv.nl\/pl\/?s={search_term_string}"},"query-input":{"@type":"PropertyValueSpecification","valueRequired":true,"valueName":"search_term_string"}}],"inLanguage":"pl-PL"},{"@type":"Organization","@id":"https:\/\/riwal-wpn.acceptatie.indicia-interactiv.nl\/pl\/#organization","name":"Riwal","url":"https:\/\/riwal-wpn.acceptatie.indicia-interactiv.nl\/pl\/","logo":{"@type":"ImageObject","inLanguage":"pl-PL","@id":"https:\/\/riwal-wpn.acceptatie.indicia-interactiv.nl\/pl\/#\/schema\/logo\/image\/","url":"","contentUrl":"","caption":"Riwal"},"image":{"@id":"https:\/\/riwal-wpn.acceptatie.indicia-interactiv.nl\/pl\/#\/schema\/logo\/image\/"}}]}},"_links":{"self":[{"href":"https:\/\/riwal-wpn.acceptatie.indicia-interactiv.nl\/pl\/wp-json\/wp\/v2\/pages\/7090","targetHints":{"allow":["GET"]}}],"collection":[{"href":"https:\/\/riwal-wpn.acceptatie.indicia-interactiv.nl\/pl\/wp-json\/wp\/v2\/pages"}],"about":[{"href":"https:\/\/riwal-wpn.acceptatie.indicia-interactiv.nl\/pl\/wp-json\/wp\/v2\/types\/page"}],"author":[{"embeddable":true,"href":"https:\/\/riwal-wpn.acceptatie.indicia-interactiv.nl\/pl\/wp-json\/wp\/v2\/users\/31"}],"replies":[{"embeddable":true,"href":"https:\/\/riwal-wpn.acceptatie.indicia-interactiv.nl\/pl\/wp-json\/wp\/v2\/comments?post=7090"}],"version-history":[{"count":1,"href":"https:\/\/riwal-wpn.acceptatie.indicia-interactiv.nl\/pl\/wp-json\/wp\/v2\/pages\/7090\/revisions"}],"predecessor-version":[{"id":7093,"href":"https:\/\/riwal-wpn.acceptatie.indicia-interactiv.nl\/pl\/wp-json\/wp\/v2\/pages\/7090\/revisions\/7093"}],"up":[{"embeddable":true,"href":"https:\/\/riwal-wpn.acceptatie.indicia-interactiv.nl\/pl\/wp-json\/wp\/v2\/pages\/5814"}],"wp:attachment":[{"href":"https:\/\/riwal-wpn.acceptatie.indicia-interactiv.nl\/pl\/wp-json\/wp\/v2\/media?parent=7090"}],"curies":[{"name":"wp","href":"https:\/\/api.w.org\/{rel}","templated":true}]}}