{"id":7094,"date":"2024-02-05T10:24:56","date_gmt":"2024-02-05T10:24:56","guid":{"rendered":"https:\/\/riwal-wpn.acceptatie.indicia-interactiv.nl\/pl\/?page_id=7094"},"modified":"2024-02-05T10:25:02","modified_gmt":"2024-02-05T10:25:02","slug":"murale-i-malowanie","status":"publish","type":"page","link":"https:\/\/riwal-wpn.acceptatie.indicia-interactiv.nl\/pl\/branze\/murale-i-malowanie\/","title":{"rendered":"Murale i malowanie"},"content":{"rendered":"\n<div class=\"wp-block-rental-theme-header\">\n\t<div class=\"wp-block-rental-theme-header__lines\">\n\t\t<svg width=\"726\" height=\"442\" viewBox=\"0 0 726 442\" fill=\"none\" xmlns=\"http:\/\/www.w3.org\/2000\/svg\"><g opacity=\".5\"><mask id=\"path-1-inside-1_1_2\" fill=\"#fff\"><path fill-rule=\"evenodd\" clip-rule=\"evenodd\" d=\"M441.458.5H284.542L0 285.042v156.917l156.917-.001L363 235.876l206.083 206.082 156.917.001V285.042L441.458.5Z\"\/><\/mask><path d=\"M284.542.5v-1h-.415l-.292.293.707.707Zm156.916 0 .708-.707-.293-.293h-.415v1ZM0 285.042l-.707-.708-.293.293v.415h1Zm0 156.917h-1v1h1v-1Zm156.917-.001v1h.414l.293-.292-.707-.708ZM363 235.876l.707-.708-.707-.707-.707.707.707.708Zm206.083 206.082-.707.708.293.292h.414v-1Zm156.917.001v1h1v-1h-1Zm0-156.917h1v-.415l-.293-.293-.707.708ZM284.542 1.5h156.916v-2H284.542v2ZM.707 285.749 285.25 1.207l-1.414-1.414L-.707 284.334l1.414 1.415ZM1 441.959V285.042h-2v156.917h2Zm155.917-1.001L0 440.959v2l156.917-.001v-2Zm205.376-205.79L156.21 441.251l1.414 1.415 206.083-206.083-1.414-1.415Zm0 1.415 206.083 206.083 1.414-1.415-206.083-206.083-1.414 1.415Zm206.79 206.375 156.917.001v-2l-156.917-.001v2ZM727 441.959V285.042h-2v156.917h2Zm-.293-157.625L442.166-.206l-1.415 1.413L725.293 285.75l1.414-1.415Z\" fill=\"#5B728B\" mask=\"url(#path-1-inside-1_1_2)\"\/><\/g><\/svg>\t\t<svg width=\"726\" height=\"442\" viewBox=\"0 0 726 442\" fill=\"none\" xmlns=\"http:\/\/www.w3.org\/2000\/svg\"><g opacity=\".5\"><mask id=\"path-1-inside-1_1_2\" fill=\"#fff\"><path fill-rule=\"evenodd\" clip-rule=\"evenodd\" d=\"M441.458.5H284.542L0 285.042v156.917l156.917-.001L363 235.876l206.083 206.082 156.917.001V285.042L441.458.5Z\"\/><\/mask><path d=\"M284.542.5v-1h-.415l-.292.293.707.707Zm156.916 0 .708-.707-.293-.293h-.415v1ZM0 285.042l-.707-.708-.293.293v.415h1Zm0 156.917h-1v1h1v-1Zm156.917-.001v1h.414l.293-.292-.707-.708ZM363 235.876l.707-.708-.707-.707-.707.707.707.708Zm206.083 206.082-.707.708.293.292h.414v-1Zm156.917.001v1h1v-1h-1Zm0-156.917h1v-.415l-.293-.293-.707.708ZM284.542 1.5h156.916v-2H284.542v2ZM.707 285.749 285.25 1.207l-1.414-1.414L-.707 284.334l1.414 1.415ZM1 441.959V285.042h-2v156.917h2Zm155.917-1.001L0 440.959v2l156.917-.001v-2Zm205.376-205.79L156.21 441.251l1.414 1.415 206.083-206.083-1.414-1.415Zm0 1.415 206.083 206.083 1.414-1.415-206.083-206.083-1.414 1.415Zm206.79 206.375 156.917.001v-2l-156.917-.001v2ZM727 441.959V285.042h-2v156.917h2Zm-.293-157.625L442.166-.206l-1.415 1.413L725.293 285.75l1.414-1.415Z\" fill=\"#5B728B\" mask=\"url(#path-1-inside-1_1_2)\"\/><\/g><\/svg>\t<\/div>\n\t<img fetchpriority=\"high\" decoding=\"async\" width=\"1200\" height=\"600\" src=\"https:\/\/riwal-wpn.acceptatie.indicia-interactiv.nl\/app\/uploads\/sites\/9\/2024\/02\/Logistiek-Opslag-Riwal-Hoogwerkers-tablet.jpg\" class=\"wp-block-rental-theme-header__image wp-block-rental-theme-header__image--desktop\" alt=\"\" loading=\"eager\" srcset=\"https:\/\/riwal-wpn.acceptatie.indicia-interactiv.nl\/app\/uploads\/sites\/9\/2024\/02\/Logistiek-Opslag-Riwal-Hoogwerkers-tablet.jpg 1200w, https:\/\/riwal-wpn.acceptatie.indicia-interactiv.nl\/app\/uploads\/sites\/9\/2024\/02\/Logistiek-Opslag-Riwal-Hoogwerkers-tablet-300x150.jpg 300w, https:\/\/riwal-wpn.acceptatie.indicia-interactiv.nl\/app\/uploads\/sites\/9\/2024\/02\/Logistiek-Opslag-Riwal-Hoogwerkers-tablet-1024x512.jpg 1024w, https:\/\/riwal-wpn.acceptatie.indicia-interactiv.nl\/app\/uploads\/sites\/9\/2024\/02\/Logistiek-Opslag-Riwal-Hoogwerkers-tablet-768x384.jpg 768w, https:\/\/riwal-wpn.acceptatie.indicia-interactiv.nl\/app\/uploads\/sites\/9\/2024\/02\/Logistiek-Opslag-Riwal-Hoogwerkers-tablet-178x89.jpg 178w, https:\/\/riwal-wpn.acceptatie.indicia-interactiv.nl\/app\/uploads\/sites\/9\/2024\/02\/Logistiek-Opslag-Riwal-Hoogwerkers-tablet-390x195.jpg 390w, https:\/\/riwal-wpn.acceptatie.indicia-interactiv.nl\/app\/uploads\/sites\/9\/2024\/02\/Logistiek-Opslag-Riwal-Hoogwerkers-tablet-830x415.jpg 830w, https:\/\/riwal-wpn.acceptatie.indicia-interactiv.nl\/app\/uploads\/sites\/9\/2024\/02\/Logistiek-Opslag-Riwal-Hoogwerkers-tablet-250x125.jpg 250w, https:\/\/riwal-wpn.acceptatie.indicia-interactiv.nl\/app\/uploads\/sites\/9\/2024\/02\/Logistiek-Opslag-Riwal-Hoogwerkers-tablet-620x310.jpg 620w, https:\/\/riwal-wpn.acceptatie.indicia-interactiv.nl\/app\/uploads\/sites\/9\/2024\/02\/Logistiek-Opslag-Riwal-Hoogwerkers-tablet-237x119.jpg 237w, https:\/\/riwal-wpn.acceptatie.indicia-interactiv.nl\/app\/uploads\/sites\/9\/2024\/02\/Logistiek-Opslag-Riwal-Hoogwerkers-tablet-474x237.jpg 474w\" sizes=\"(max-width: 1200px) 100vw, 1200px\" \/>\t\t<div class=\"container\">\n\t\t<h1 class='wp-block-rental-theme-header__title' style='position: absolute; min-height: 120px'>Murale i prace malarskie<\/h1>\t<\/div>\n<\/div>\n\n\n<div class=\"container\">\n<p><\/p>\n<\/div>\n\n<div class=\"container\">\n<h1 class=\"wp-block-heading\" id=\"h-realizacja-murali-i-prace-malarskie\" style=\"font-size:40px;font-style:normal;font-weight:100\">REALIZACJA MURALI I PRACE MALARSKIE<\/h1>\n<\/div>\n\n<div class=\"container\">\n<p>Jako\u015b\u0107 murali i innych prac malarskich zale\u017cy nie tylko od umiej\u0119tno\u015bci samych wykonawc\u00f3w i materia\u0142\u00f3w, jakich u\u017cywaj\u0105. Na ko\u0144cowy efekt maj\u0105 wp\u0142yw tak\u017ce otoczenie i warunki w jakich pracuj\u0105. U\u017cywaj\u0105c specjalistycznego sprz\u0119tu od RIWAL mo\u017cna wp\u0142yn\u0105\u0107 na popraw\u0119 warunk\u00f3w pracy, zar\u00f3wno w zakresie wydajno\u015bci, jak i bezpiecze\u0144stwa. Malowanie z podestu ruchomego przebiega du\u017co \u0142atwiej i sprawniej ni\u017c z rusztowania czy drabiny. RIWAL dysponuje <strong>szerok\u0105 gam\u0105 podest\u00f3w no\u017cycowych<\/strong> o platformach roboczych, z kt\u00f3rych mo\u017ce pracowa\u0107 nawet 6 os\u00f3b. Naszym klientom oferujemy tak\u017ce tak lubiane <strong>podno\u015bniki koszowe<\/strong> pozwalaj\u0105ce na takie ustawienie teleskopu i kosza, aby m\u00f3c wykona\u0107 prac\u0119 nawet w najtrudniej dost\u0119pnych zakamarkach na wysoko\u015bci.<\/p>\n<\/div>\n\n<div class=\"container\">\n<p><strong>Indywidualne rozwi\u0105zania<\/strong><\/p>\n<\/div>\n\n<div class=\"container\">\n<ul class=\"wp-block-list\">\n<li>Mo\u017cliwo\u015b\u0107 zamontowania platformy z przy\u0142\u0105czem elektrycznym do u\u017cywania elektronarz\u0119dzi na wysoko\u015bci.<\/li>\n\n\n\n<li>Mo\u017cliwo\u015b\u0107 wyposa\u017cenia maszyny w niebrudz\u0105ce opony do prac wewn\u0119trznych, aby maszyna nie uszkodzi\u0142a nawierzchni.<\/li>\n\n\n\n<li>Mo\u017cliwo\u015b\u0107 instalacji w maszynach innych akcesori\u00f3w takich jak: filtr cz\u0105stek sta\u0142ych, generator, o\u015bwietlenie lub urz\u0105dzenie \u015bledz\u0105ce GPS.<\/li>\n\n\n\n<li>Je\u015bli pracujesz w sterylnym \u015brodowisku, mo\u017cemy nawet dostarczy\u0107 zupe\u0142nie now\u0105 maszyn\u0119, aby zapewni\u0107, \u017ce \u015brodowisko pozostanie absolutnie nieskazitelne.<\/li>\n<\/ul>\n<\/div>\n\n<div class=\"container\">\n<p><strong>Do prac zwi\u0105zanych z wykonaniem murali i innych prac malarskich polecamy:<\/strong><\/p>\n<\/div>\n\n<div class=\"container\">\n<p><a href=\"https:\/\/riwal-wpn.acceptatie.indicia-interactiv.nl\/poland\/pl-pl\/rental\/products\/5637179449_sd220\"><strong>Podno\u015bnik teleskopowy spalinowy JLG 660SJ<\/strong><\/a> \u2013 o wysoko\u015bci roboczej 22,02m<\/p>\n<\/div>\n\n<div class=\"container\">\n<p><a href=\"https:\/\/riwal-wpn.acceptatie.indicia-interactiv.nl\/poland\/pl-pl\/rental\/products\/5637179465_ad260\"><strong>Podno\u015bnik przegubowy spalinowy JLG 800AJ<\/strong><\/a> \u2013 o wysoko\u015bci roboczej 26,38m<\/p>\n<\/div>\n\n<div class=\"container\">\n<p><a href=\"https:\/\/riwal-wpn.acceptatie.indicia-interactiv.nl\/poland\/pl-pl\/rental\/products\/5637179514_dss150\"><strong>Podno\u015bnik no\u017cycowy spalinowy JLG 4394RT<\/strong><\/a> \u2013 o wysoko\u015bci roboczej 15,11m i platformie mieszcz\u0105cej 6 os\u00f3b&nbsp;<\/p>\n<\/div>\n\n<div class=\"container\">\n<p><a href=\"https:\/\/riwal-wpn.acceptatie.indicia-interactiv.nl\/poland\/pl-pl\/rental\/products\/5637182581es140\"><strong>Podno\u015bnik no\u017cycowy elektryczny JLG 4045R<\/strong><\/a> \u2013 o wysoko\u015bci roboczej 13,96m&nbsp; Mo\u017ce pracowa\u0107 wewn\u0105trz i na zewn\u0105trz&nbsp;<\/p>\n<\/div>\n\n<div class=\"container\">\n<p><strong>Dostawa zawsze na czas<\/strong><\/p>\n<\/div>\n\n<div class=\"container\">\n<p>Wiemy jak wa\u017cna jest terminowo\u015b\u0107 tego typu prac, szczeg\u00f3lnie przy zaplanowanej prezentacji murali, czy przy \u015bci\u015ble zaplanowanym harmonogramie inwestycji. Dlatego przyk\u0142adamy szczeg\u00f3ln\u0105 uwag\u0119 do tego, \u017ceby wynaj\u0119te od RIWAL maszyny by\u0142y dostarczone zawsze na czas. Poza tym, nasz dzia\u0142 serwisu jest do dyspozycji klient\u00f3w 24\/7 by s\u0142u\u017cy\u0107 pomoc\u0105 techniczn\u0105 naszym klientom.<\/p>\n<\/div>\n\n<div class=\"container\">\n<p><a href=\"\/app\/uploads\/sites\/9\/2024\/02\/Malowaniee.pdf\">Pobierz ulotk\u0119 RIWAL dotycz\u0105c\u0105 rozwi\u0105za\u0144 dla bran\u017c zwi\u0105zanych z malowaniem<\/a><\/p>\n<\/div>\n\n<div class=\"container\">\n<figure class=\"wp-block-image size-full\"><a href=\"\/app\/uploads\/sites\/9\/2024\/02\/Malowaniee.pdf\"><img loading=\"lazy\" decoding=\"async\" width=\"200\" height=\"281\" src=\"https:\/\/riwal-wpn.acceptatie.indicia-interactiv.nl\/app\/uploads\/sites\/9\/2024\/02\/branza-malowanie-ulotka.webp\" alt=\"\" class=\"wp-image-7096\" srcset=\"https:\/\/riwal-wpn.acceptatie.indicia-interactiv.nl\/app\/uploads\/sites\/9\/2024\/02\/branza-malowanie-ulotka.webp 200w, https:\/\/riwal-wpn.acceptatie.indicia-interactiv.nl\/app\/uploads\/sites\/9\/2024\/02\/branza-malowanie-ulotka-178x250.webp 178w, https:\/\/riwal-wpn.acceptatie.indicia-interactiv.nl\/app\/uploads\/sites\/9\/2024\/02\/branza-malowanie-ulotka-142x200.webp 142w\" sizes=\"auto, (max-width: 200px) 100vw, 200px\" \/><\/a><\/figure>\n<\/div>","protected":false},"excerpt":{"rendered":"<p>REALIZACJA MURALI I PRACE MALARSKIE Jako\u015b\u0107 murali i innych prac malarskich zale\u017cy nie tylko od umiej\u0119tno\u015bci samych wykonawc\u00f3w i materia\u0142\u00f3w, jakich u\u017cywaj\u0105. Na ko\u0144cowy efekt maj\u0105 wp\u0142yw tak\u017ce otoczenie i warunki w jakich pracuj\u0105. U\u017cywaj\u0105c specjalistycznego sprz\u0119tu od RIWAL mo\u017cna wp\u0142yn\u0105\u0107 na popraw\u0119 warunk\u00f3w pracy, zar\u00f3wno w zakresie wydajno\u015bci, jak i bezpiecze\u0144stwa. Malowanie z podestu &hellip; <a href=\"https:\/\/riwal-wpn.acceptatie.indicia-interactiv.nl\/pl\/branze\/murale-i-malowanie\/\">Kontynuuacja<\/a><\/p>\n","protected":false},"author":31,"featured_media":0,"parent":5814,"menu_order":0,"comment_status":"closed","ping_status":"closed","template":"","meta":{"_acf_changed":false,"editor_notices":[],"footnotes":""},"class_list":["post-7094","page","type-page","status-publish","hentry"],"acf":[],"yoast_head":"<!-- This site is optimized with the Yoast SEO Premium plugin v27.1 (Yoast SEO v27.1.1) - https:\/\/yoast.com\/product\/yoast-seo-premium-wordpress\/ -->\n<title>Murale i malowanie - Riwal - Polska<\/title>\n<meta name=\"robots\" content=\"noindex, follow, max-snippet:-1, max-image-preview:large, max-video-preview:-1\" \/>\n<meta property=\"og:locale\" content=\"pl_PL\" \/>\n<meta property=\"og:type\" content=\"article\" \/>\n<meta property=\"og:title\" content=\"Murale i malowanie\" \/>\n<meta property=\"og:description\" content=\"REALIZACJA MURALI I PRACE MALARSKIE Jako\u015b\u0107 murali i innych prac malarskich zale\u017cy nie tylko od umiej\u0119tno\u015bci samych wykonawc\u00f3w i materia\u0142\u00f3w, jakich u\u017cywaj\u0105. Na ko\u0144cowy efekt maj\u0105 wp\u0142yw tak\u017ce otoczenie i warunki w jakich pracuj\u0105. U\u017cywaj\u0105c specjalistycznego sprz\u0119tu od RIWAL mo\u017cna wp\u0142yn\u0105\u0107 na popraw\u0119 warunk\u00f3w pracy, zar\u00f3wno w zakresie wydajno\u015bci, jak i bezpiecze\u0144stwa. Malowanie z podestu &hellip; Kontynuuacja\" \/>\n<meta property=\"og:url\" content=\"https:\/\/riwal-wpn.acceptatie.indicia-interactiv.nl\/pl\/branze\/murale-i-malowanie\/\" \/>\n<meta property=\"og:site_name\" content=\"Riwal - Polska\" \/>\n<meta property=\"article:modified_time\" content=\"2024-02-05T10:25:02+00:00\" \/>\n<meta property=\"og:image\" content=\"https:\/\/riwal-wpn.acceptatie.indicia-interactiv.nl\/app\/uploads\/sites\/9\/2024\/02\/branza-malowanie-ulotka.webp\" \/>\n<meta name=\"twitter:card\" content=\"summary_large_image\" \/>\n<meta name=\"twitter:label1\" content=\"Est. reading time\" \/>\n\t<meta name=\"twitter:data1\" content=\"2 minuty\" \/>\n<script type=\"application\/ld+json\" class=\"yoast-schema-graph\">{\"@context\":\"https:\/\/schema.org\",\"@graph\":[{\"@type\":\"WebPage\",\"@id\":\"https:\/\/riwal-wpn.acceptatie.indicia-interactiv.nl\/pl\/branze\/murale-i-malowanie\/\",\"url\":\"https:\/\/riwal-wpn.acceptatie.indicia-interactiv.nl\/pl\/branze\/murale-i-malowanie\/\",\"name\":\"Murale i malowanie - Riwal - Polska\",\"isPartOf\":{\"@id\":\"https:\/\/riwal-wpn.acceptatie.indicia-interactiv.nl\/pl\/#website\"},\"primaryImageOfPage\":{\"@id\":\"https:\/\/riwal-wpn.acceptatie.indicia-interactiv.nl\/pl\/branze\/murale-i-malowanie\/#primaryimage\"},\"image\":{\"@id\":\"https:\/\/riwal-wpn.acceptatie.indicia-interactiv.nl\/pl\/branze\/murale-i-malowanie\/#primaryimage\"},\"thumbnailUrl\":\"https:\/\/riwal-wpn.acceptatie.indicia-interactiv.nl\/app\/uploads\/sites\/9\/2024\/02\/branza-malowanie-ulotka.webp\",\"datePublished\":\"2024-02-05T10:24:56+00:00\",\"dateModified\":\"2024-02-05T10:25:02+00:00\",\"breadcrumb\":{\"@id\":\"https:\/\/riwal-wpn.acceptatie.indicia-interactiv.nl\/pl\/branze\/murale-i-malowanie\/#breadcrumb\"},\"inLanguage\":\"pl-PL\",\"potentialAction\":[{\"@type\":\"ReadAction\",\"target\":[\"https:\/\/riwal-wpn.acceptatie.indicia-interactiv.nl\/pl\/branze\/murale-i-malowanie\/\"]}]},{\"@type\":\"ImageObject\",\"inLanguage\":\"pl-PL\",\"@id\":\"https:\/\/riwal-wpn.acceptatie.indicia-interactiv.nl\/pl\/branze\/murale-i-malowanie\/#primaryimage\",\"url\":\"https:\/\/riwal-wpn.acceptatie.indicia-interactiv.nl\/app\/uploads\/sites\/9\/2024\/02\/branza-malowanie-ulotka.webp\",\"contentUrl\":\"https:\/\/riwal-wpn.acceptatie.indicia-interactiv.nl\/app\/uploads\/sites\/9\/2024\/02\/branza-malowanie-ulotka.webp\"},{\"@type\":\"BreadcrumbList\",\"@id\":\"https:\/\/riwal-wpn.acceptatie.indicia-interactiv.nl\/pl\/branze\/murale-i-malowanie\/#breadcrumb\",\"itemListElement\":[{\"@type\":\"ListItem\",\"position\":1,\"name\":\"Strona g\u0142\u00f3wna\",\"item\":\"https:\/\/riwal-wpn.acceptatie.indicia-interactiv.nl\/pl\/\"},{\"@type\":\"ListItem\",\"position\":2,\"name\":\"Bran\u017ce\",\"item\":\"https:\/\/riwal-wpn.acceptatie.indicia-interactiv.nl\/pl\/branze\/\"},{\"@type\":\"ListItem\",\"position\":3,\"name\":\"Murale i malowanie\"}]},{\"@type\":\"WebSite\",\"@id\":\"https:\/\/riwal-wpn.acceptatie.indicia-interactiv.nl\/pl\/#website\",\"url\":\"https:\/\/riwal-wpn.acceptatie.indicia-interactiv.nl\/pl\/\",\"name\":\"Riwal\",\"description\":\"Arial work platform &amp; Telehandler Rental\/Sales\",\"publisher\":{\"@id\":\"https:\/\/riwal-wpn.acceptatie.indicia-interactiv.nl\/pl\/#organization\"},\"potentialAction\":[{\"@type\":\"SearchAction\",\"target\":{\"@type\":\"EntryPoint\",\"urlTemplate\":\"https:\/\/riwal-wpn.acceptatie.indicia-interactiv.nl\/pl\/?s={search_term_string}\"},\"query-input\":{\"@type\":\"PropertyValueSpecification\",\"valueRequired\":true,\"valueName\":\"search_term_string\"}}],\"inLanguage\":\"pl-PL\"},{\"@type\":\"Organization\",\"@id\":\"https:\/\/riwal-wpn.acceptatie.indicia-interactiv.nl\/pl\/#organization\",\"name\":\"Riwal\",\"url\":\"https:\/\/riwal-wpn.acceptatie.indicia-interactiv.nl\/pl\/\",\"logo\":{\"@type\":\"ImageObject\",\"inLanguage\":\"pl-PL\",\"@id\":\"https:\/\/riwal-wpn.acceptatie.indicia-interactiv.nl\/pl\/#\/schema\/logo\/image\/\",\"url\":\"\",\"contentUrl\":\"\",\"caption\":\"Riwal\"},\"image\":{\"@id\":\"https:\/\/riwal-wpn.acceptatie.indicia-interactiv.nl\/pl\/#\/schema\/logo\/image\/\"}}]}<\/script>\n<!-- \/ Yoast SEO Premium plugin. -->","yoast_head_json":{"title":"Murale i malowanie - Riwal - Polska","robots":{"index":"noindex","follow":"follow","max-snippet":"max-snippet:-1","max-image-preview":"max-image-preview:large","max-video-preview":"max-video-preview:-1"},"og_locale":"pl_PL","og_type":"article","og_title":"Murale i malowanie","og_description":"REALIZACJA MURALI I PRACE MALARSKIE Jako\u015b\u0107 murali i innych prac malarskich zale\u017cy nie tylko od umiej\u0119tno\u015bci samych wykonawc\u00f3w i materia\u0142\u00f3w, jakich u\u017cywaj\u0105. Na ko\u0144cowy efekt maj\u0105 wp\u0142yw tak\u017ce otoczenie i warunki w jakich pracuj\u0105. U\u017cywaj\u0105c specjalistycznego sprz\u0119tu od RIWAL mo\u017cna wp\u0142yn\u0105\u0107 na popraw\u0119 warunk\u00f3w pracy, zar\u00f3wno w zakresie wydajno\u015bci, jak i bezpiecze\u0144stwa. Malowanie z podestu &hellip; Kontynuuacja","og_url":"https:\/\/riwal-wpn.acceptatie.indicia-interactiv.nl\/pl\/branze\/murale-i-malowanie\/","og_site_name":"Riwal - Polska","article_modified_time":"2024-02-05T10:25:02+00:00","og_image":[{"url":"https:\/\/riwal-wpn.acceptatie.indicia-interactiv.nl\/app\/uploads\/sites\/9\/2024\/02\/branza-malowanie-ulotka.webp","type":"","width":"","height":""}],"twitter_card":"summary_large_image","twitter_misc":{"Est. reading time":"2 minuty"},"schema":{"@context":"https:\/\/schema.org","@graph":[{"@type":"WebPage","@id":"https:\/\/riwal-wpn.acceptatie.indicia-interactiv.nl\/pl\/branze\/murale-i-malowanie\/","url":"https:\/\/riwal-wpn.acceptatie.indicia-interactiv.nl\/pl\/branze\/murale-i-malowanie\/","name":"Murale i malowanie - Riwal - Polska","isPartOf":{"@id":"https:\/\/riwal-wpn.acceptatie.indicia-interactiv.nl\/pl\/#website"},"primaryImageOfPage":{"@id":"https:\/\/riwal-wpn.acceptatie.indicia-interactiv.nl\/pl\/branze\/murale-i-malowanie\/#primaryimage"},"image":{"@id":"https:\/\/riwal-wpn.acceptatie.indicia-interactiv.nl\/pl\/branze\/murale-i-malowanie\/#primaryimage"},"thumbnailUrl":"https:\/\/riwal-wpn.acceptatie.indicia-interactiv.nl\/app\/uploads\/sites\/9\/2024\/02\/branza-malowanie-ulotka.webp","datePublished":"2024-02-05T10:24:56+00:00","dateModified":"2024-02-05T10:25:02+00:00","breadcrumb":{"@id":"https:\/\/riwal-wpn.acceptatie.indicia-interactiv.nl\/pl\/branze\/murale-i-malowanie\/#breadcrumb"},"inLanguage":"pl-PL","potentialAction":[{"@type":"ReadAction","target":["https:\/\/riwal-wpn.acceptatie.indicia-interactiv.nl\/pl\/branze\/murale-i-malowanie\/"]}]},{"@type":"ImageObject","inLanguage":"pl-PL","@id":"https:\/\/riwal-wpn.acceptatie.indicia-interactiv.nl\/pl\/branze\/murale-i-malowanie\/#primaryimage","url":"https:\/\/riwal-wpn.acceptatie.indicia-interactiv.nl\/app\/uploads\/sites\/9\/2024\/02\/branza-malowanie-ulotka.webp","contentUrl":"https:\/\/riwal-wpn.acceptatie.indicia-interactiv.nl\/app\/uploads\/sites\/9\/2024\/02\/branza-malowanie-ulotka.webp"},{"@type":"BreadcrumbList","@id":"https:\/\/riwal-wpn.acceptatie.indicia-interactiv.nl\/pl\/branze\/murale-i-malowanie\/#breadcrumb","itemListElement":[{"@type":"ListItem","position":1,"name":"Strona g\u0142\u00f3wna","item":"https:\/\/riwal-wpn.acceptatie.indicia-interactiv.nl\/pl\/"},{"@type":"ListItem","position":2,"name":"Bran\u017ce","item":"https:\/\/riwal-wpn.acceptatie.indicia-interactiv.nl\/pl\/branze\/"},{"@type":"ListItem","position":3,"name":"Murale i malowanie"}]},{"@type":"WebSite","@id":"https:\/\/riwal-wpn.acceptatie.indicia-interactiv.nl\/pl\/#website","url":"https:\/\/riwal-wpn.acceptatie.indicia-interactiv.nl\/pl\/","name":"Riwal","description":"Arial work platform &amp; Telehandler Rental\/Sales","publisher":{"@id":"https:\/\/riwal-wpn.acceptatie.indicia-interactiv.nl\/pl\/#organization"},"potentialAction":[{"@type":"SearchAction","target":{"@type":"EntryPoint","urlTemplate":"https:\/\/riwal-wpn.acceptatie.indicia-interactiv.nl\/pl\/?s={search_term_string}"},"query-input":{"@type":"PropertyValueSpecification","valueRequired":true,"valueName":"search_term_string"}}],"inLanguage":"pl-PL"},{"@type":"Organization","@id":"https:\/\/riwal-wpn.acceptatie.indicia-interactiv.nl\/pl\/#organization","name":"Riwal","url":"https:\/\/riwal-wpn.acceptatie.indicia-interactiv.nl\/pl\/","logo":{"@type":"ImageObject","inLanguage":"pl-PL","@id":"https:\/\/riwal-wpn.acceptatie.indicia-interactiv.nl\/pl\/#\/schema\/logo\/image\/","url":"","contentUrl":"","caption":"Riwal"},"image":{"@id":"https:\/\/riwal-wpn.acceptatie.indicia-interactiv.nl\/pl\/#\/schema\/logo\/image\/"}}]}},"_links":{"self":[{"href":"https:\/\/riwal-wpn.acceptatie.indicia-interactiv.nl\/pl\/wp-json\/wp\/v2\/pages\/7094","targetHints":{"allow":["GET"]}}],"collection":[{"href":"https:\/\/riwal-wpn.acceptatie.indicia-interactiv.nl\/pl\/wp-json\/wp\/v2\/pages"}],"about":[{"href":"https:\/\/riwal-wpn.acceptatie.indicia-interactiv.nl\/pl\/wp-json\/wp\/v2\/types\/page"}],"author":[{"embeddable":true,"href":"https:\/\/riwal-wpn.acceptatie.indicia-interactiv.nl\/pl\/wp-json\/wp\/v2\/users\/31"}],"replies":[{"embeddable":true,"href":"https:\/\/riwal-wpn.acceptatie.indicia-interactiv.nl\/pl\/wp-json\/wp\/v2\/comments?post=7094"}],"version-history":[{"count":1,"href":"https:\/\/riwal-wpn.acceptatie.indicia-interactiv.nl\/pl\/wp-json\/wp\/v2\/pages\/7094\/revisions"}],"predecessor-version":[{"id":7097,"href":"https:\/\/riwal-wpn.acceptatie.indicia-interactiv.nl\/pl\/wp-json\/wp\/v2\/pages\/7094\/revisions\/7097"}],"up":[{"embeddable":true,"href":"https:\/\/riwal-wpn.acceptatie.indicia-interactiv.nl\/pl\/wp-json\/wp\/v2\/pages\/5814"}],"wp:attachment":[{"href":"https:\/\/riwal-wpn.acceptatie.indicia-interactiv.nl\/pl\/wp-json\/wp\/v2\/media?parent=7094"}],"curies":[{"name":"wp","href":"https:\/\/api.w.org\/{rel}","templated":true}]}}