{"id":7098,"date":"2024-02-05T10:30:07","date_gmt":"2024-02-05T10:30:07","guid":{"rendered":"https:\/\/riwal-wpn.acceptatie.indicia-interactiv.nl\/pl\/?page_id=7098"},"modified":"2024-02-05T10:30:08","modified_gmt":"2024-02-05T10:30:08","slug":"reklama-zewnetrzna-i-montaz-dekoracji","status":"publish","type":"page","link":"https:\/\/riwal-wpn.acceptatie.indicia-interactiv.nl\/pl\/branze\/reklama-zewnetrzna-i-montaz-dekoracji\/","title":{"rendered":"Reklama zewn\u0119trzna i monta\u017c dekoracji"},"content":{"rendered":"\n<div class=\"wp-block-rental-theme-header\">\n\t<div class=\"wp-block-rental-theme-header__lines\">\n\t\t<svg width=\"726\" height=\"442\" viewBox=\"0 0 726 442\" fill=\"none\" xmlns=\"http:\/\/www.w3.org\/2000\/svg\"><g opacity=\".5\"><mask id=\"path-1-inside-1_1_2\" fill=\"#fff\"><path fill-rule=\"evenodd\" clip-rule=\"evenodd\" d=\"M441.458.5H284.542L0 285.042v156.917l156.917-.001L363 235.876l206.083 206.082 156.917.001V285.042L441.458.5Z\"\/><\/mask><path d=\"M284.542.5v-1h-.415l-.292.293.707.707Zm156.916 0 .708-.707-.293-.293h-.415v1ZM0 285.042l-.707-.708-.293.293v.415h1Zm0 156.917h-1v1h1v-1Zm156.917-.001v1h.414l.293-.292-.707-.708ZM363 235.876l.707-.708-.707-.707-.707.707.707.708Zm206.083 206.082-.707.708.293.292h.414v-1Zm156.917.001v1h1v-1h-1Zm0-156.917h1v-.415l-.293-.293-.707.708ZM284.542 1.5h156.916v-2H284.542v2ZM.707 285.749 285.25 1.207l-1.414-1.414L-.707 284.334l1.414 1.415ZM1 441.959V285.042h-2v156.917h2Zm155.917-1.001L0 440.959v2l156.917-.001v-2Zm205.376-205.79L156.21 441.251l1.414 1.415 206.083-206.083-1.414-1.415Zm0 1.415 206.083 206.083 1.414-1.415-206.083-206.083-1.414 1.415Zm206.79 206.375 156.917.001v-2l-156.917-.001v2ZM727 441.959V285.042h-2v156.917h2Zm-.293-157.625L442.166-.206l-1.415 1.413L725.293 285.75l1.414-1.415Z\" fill=\"#5B728B\" mask=\"url(#path-1-inside-1_1_2)\"\/><\/g><\/svg>\t\t<svg width=\"726\" height=\"442\" viewBox=\"0 0 726 442\" fill=\"none\" xmlns=\"http:\/\/www.w3.org\/2000\/svg\"><g opacity=\".5\"><mask id=\"path-1-inside-1_1_2\" fill=\"#fff\"><path fill-rule=\"evenodd\" clip-rule=\"evenodd\" d=\"M441.458.5H284.542L0 285.042v156.917l156.917-.001L363 235.876l206.083 206.082 156.917.001V285.042L441.458.5Z\"\/><\/mask><path d=\"M284.542.5v-1h-.415l-.292.293.707.707Zm156.916 0 .708-.707-.293-.293h-.415v1ZM0 285.042l-.707-.708-.293.293v.415h1Zm0 156.917h-1v1h1v-1Zm156.917-.001v1h.414l.293-.292-.707-.708ZM363 235.876l.707-.708-.707-.707-.707.707.707.708Zm206.083 206.082-.707.708.293.292h.414v-1Zm156.917.001v1h1v-1h-1Zm0-156.917h1v-.415l-.293-.293-.707.708ZM284.542 1.5h156.916v-2H284.542v2ZM.707 285.749 285.25 1.207l-1.414-1.414L-.707 284.334l1.414 1.415ZM1 441.959V285.042h-2v156.917h2Zm155.917-1.001L0 440.959v2l156.917-.001v-2Zm205.376-205.79L156.21 441.251l1.414 1.415 206.083-206.083-1.414-1.415Zm0 1.415 206.083 206.083 1.414-1.415-206.083-206.083-1.414 1.415Zm206.79 206.375 156.917.001v-2l-156.917-.001v2ZM727 441.959V285.042h-2v156.917h2Zm-.293-157.625L442.166-.206l-1.415 1.413L725.293 285.75l1.414-1.415Z\" fill=\"#5B728B\" mask=\"url(#path-1-inside-1_1_2)\"\/><\/g><\/svg>\t<\/div>\n\t<img fetchpriority=\"high\" decoding=\"async\" width=\"1200\" height=\"600\" src=\"https:\/\/riwal-wpn.acceptatie.indicia-interactiv.nl\/app\/uploads\/sites\/9\/2024\/02\/dekoracje-tabl.png\" class=\"wp-block-rental-theme-header__image wp-block-rental-theme-header__image--desktop\" alt=\"\" loading=\"eager\" srcset=\"https:\/\/riwal-wpn.acceptatie.indicia-interactiv.nl\/app\/uploads\/sites\/9\/2024\/02\/dekoracje-tabl.png 1200w, https:\/\/riwal-wpn.acceptatie.indicia-interactiv.nl\/app\/uploads\/sites\/9\/2024\/02\/dekoracje-tabl-300x150.png 300w, https:\/\/riwal-wpn.acceptatie.indicia-interactiv.nl\/app\/uploads\/sites\/9\/2024\/02\/dekoracje-tabl-1024x512.png 1024w, https:\/\/riwal-wpn.acceptatie.indicia-interactiv.nl\/app\/uploads\/sites\/9\/2024\/02\/dekoracje-tabl-768x384.png 768w, https:\/\/riwal-wpn.acceptatie.indicia-interactiv.nl\/app\/uploads\/sites\/9\/2024\/02\/dekoracje-tabl-178x89.png 178w, https:\/\/riwal-wpn.acceptatie.indicia-interactiv.nl\/app\/uploads\/sites\/9\/2024\/02\/dekoracje-tabl-390x195.png 390w, https:\/\/riwal-wpn.acceptatie.indicia-interactiv.nl\/app\/uploads\/sites\/9\/2024\/02\/dekoracje-tabl-830x415.png 830w, https:\/\/riwal-wpn.acceptatie.indicia-interactiv.nl\/app\/uploads\/sites\/9\/2024\/02\/dekoracje-tabl-250x125.png 250w, https:\/\/riwal-wpn.acceptatie.indicia-interactiv.nl\/app\/uploads\/sites\/9\/2024\/02\/dekoracje-tabl-620x310.png 620w, https:\/\/riwal-wpn.acceptatie.indicia-interactiv.nl\/app\/uploads\/sites\/9\/2024\/02\/dekoracje-tabl-237x119.png 237w, https:\/\/riwal-wpn.acceptatie.indicia-interactiv.nl\/app\/uploads\/sites\/9\/2024\/02\/dekoracje-tabl-474x237.png 474w\" sizes=\"(max-width: 1200px) 100vw, 1200px\" \/>\t\t<div class=\"container\">\n\t\t<h1 class='wp-block-rental-theme-header__title' style='position: absolute; min-height: 120px'>Reklama zewn\u0119trzna i dekorowanie<\/h1>\t<\/div>\n<\/div>\n\n\n<div class=\"container\">\n<p><\/p>\n<\/div>\n\n<div class=\"container\">\n<h1 class=\"wp-block-heading\" id=\"h-szukasz-niezawodnych-maszyn-do-instalacji-reklamy-i-dekoracji-na-wysokosci\" style=\"font-size:40px;font-style:normal;font-weight:100\">SZUKASZ NIEZAWODNYCH MASZYN DO INSTALACJI REKLAMY I DEKORACJI NA WYSOKO\u015aCI?<\/h1>\n<\/div>\n\n<div class=\"container\">\n<p>Zmiany aran\u017cacji w galeriach handlowych to wyzwanie. Bez wzgl\u0119du na to, czy jest to <strong>wieszanie dekoracji \u015bwi\u0105tecznych<\/strong> w pasa\u017cach i g\u0142\u00f3wnym holu, czy <strong>instalacja iluminacji <\/strong>na \u015bcianach zewn\u0119trznych obiektu. Prace zwi\u0105zane z podwieszaniem ozd\u00f3b, pod\u0142\u0105czeniem ozdobnych \u015bwiate\u0142 na wysoko\u015bci czy ubieranie gigantycznej choinki w centralnym punkcie miasta, czyli dzia\u0142ania towarzysz\u0105ce \u015awi\u0119tom i specjalnym obchodom to tak\u017ce du\u017ce i odpowiedzialne przedsi\u0119wzi\u0119cia. Aby tego rodzaju projekty zrealizowa\u0107 sprawnie i skutecznie niezb\u0119dny jest sprawdzony i przede wszystkim bezpieczny sprz\u0119t.&nbsp;<\/p>\n<\/div>\n\n<div class=\"container\">\n<p>Riwal od ponad 50 lat dostarcza swoim klientom indywidualne i niezawodne rozwi\u0105zania do pracy na wysoko\u015bci. Mamy tak\u017ce podesty ruchome: podesty no\u017cycowe i podno\u015bniki koszowe dla wszystkich pracuj\u0105cych w bran\u017cy reklamowej na du\u017cych wysoko\u015bciach:<\/p>\n<\/div>\n\n<div class=\"container\">\n<ul class=\"wp-block-list\">\n<li><a href=\"https:\/\/riwal-wpn.acceptatie.indicia-interactiv.nl\/poland\/pl-pl\/rental\/products\/5637179077_esn056\"><strong>Podest masztowy o nap\u0119dzie elektrycznym i lekkiej konstrukcji JLG 1230ES<\/strong><\/a><strong>,<\/strong> wysoko\u015b\u0107 robocza 5,66m<\/li>\n\n\n\n<li><a href=\"https:\/\/riwal-wpn.acceptatie.indicia-interactiv.nl\/poland\/pl-pl\/rental\/products\/5637179078_esn077\"><strong>Podno\u015bnik no\u017cycowy o nap\u0119dzie elektrycznym JLG 1930ES<\/strong><\/a>, wysoko\u015b\u0107 robocza 7,72m<\/li>\n\n\n\n<li><a href=\"https:\/\/riwal-wpn.acceptatie.indicia-interactiv.nl\/poland\/pl-pl\/rental\/products\/5637179534_aen140\"><strong>Podest przegubowy o nap\u0119dzie elektrycznym JLG E400AJP<\/strong><\/a>, wysoko\u015b\u0107 robocza 14m<\/li>\n<\/ul>\n<\/div>\n\n<div class=\"container\">\n<ul class=\"wp-block-list\">\n<li><a href=\"https:\/\/riwal-wpn.acceptatie.indicia-interactiv.nl\/poland\/pl-pl\/rental\/products\/5637179465_ad260\"><strong>Podno\u015bnik przegubowy o nap\u0119dzie spalinowym JLG 800AJ<\/strong><\/a>, wysoko\u015b\u0107 robocza 26m<\/li>\n\n\n\n<li><a href=\"https:\/\/riwal-wpn.acceptatie.indicia-interactiv.nl\/poland\/pl-pl\/rental\/products\/5637179466_ad400\"><strong>Podest przegubowy o nap\u0119dzie spalinowym JLG 1250SJ<\/strong><\/a><strong>, <\/strong>wysoko\u015b\u0107 robocza 40m<br><br><\/li>\n\n\n\n<li><a href=\"https:\/\/riwal-wpn.acceptatie.indicia-interactiv.nl\/poland\/pl-pl\/rental\/products\/5637179424_th4017\"><strong>\u0141adowarka teleskopowa JLG 4017PS<\/strong><\/a><strong>, <\/strong>wysoko\u015b\u0107 robocza 18m, ud\u017awig 4 tony<\/li>\n\n\n\n<li><a href=\"https:\/\/riwal-wpn.acceptatie.indicia-interactiv.nl\/poland\/pl-pl\/rental\/products\/5637179414_thr5025\"><strong>\u0141adowarka teleskopowa obrotowa Magni RTH 5.25 Smart<\/strong><\/a>, wysoko\u015b\u0107 podnoszenia 25m, ud\u017awig 5 ton<\/li>\n\n\n\n<li><a href=\"https:\/\/riwal-wpn.acceptatie.indicia-interactiv.nl\/poland\/pl-pl\/rental\/products\/5637179416_thr5030\"><strong>\u0141adowarka teleskopowa obrotowa Magni RTH 5.30S<\/strong><\/a>, wysoko\u015b\u0107 podnoszenia 30m, ud\u017awig 5 ton<br><\/li>\n<\/ul>\n<\/div>\n\n<div class=\"container\">\n<p><strong>Szeroka oferta i fachowe doradztwo<\/strong><\/p>\n<\/div>\n\n<div class=\"container\">\n<p>Riwal dysponuje flot\u0105 19 000 maszyn na ca\u0142ym \u015bwiecie, a dla klient\u00f3w w Polsce oferujemy 1500 maszyn do wynajmu od r\u0119ki. Dobierzemy sprz\u0119t do prac wewn\u0105trz galerii handlowych i innych obiekt\u00f3w, gdzie licz\u0105 si\u0119 niebrudz\u0105ce ko\u0142a i kompaktowe wymiary maszyn. Do projekt\u00f3w takich jak reklama wielkoformatowa czy monta\u017c grafiki na elewacji zaproponujemy podno\u015bniki teleskopowe z du\u017cym wysi\u0119giem bocznym, kt\u00f3re mog\u0105 porusza\u0107 si\u0119 po trudnym terenie. Podesty ruchome i \u0142adowarki teleskopowe od Riwal to sprz\u0119t wysokiej jako\u015bci, sprawdzany przed ka\u017cdym wyjazdem do klienta i godny zaufania.<\/p>\n<\/div>\n\n<div class=\"container\">\n<p><strong>Serwis mobilny<\/strong><\/p>\n<\/div>\n\n<div class=\"container\">\n<p>Wiemy, \u017ce dzi\u015b czas i terminowo\u015b\u0107 s\u0105 bardzo wa\u017cne. Nikt nie mo\u017ce pozwoli\u0107 sobie na przestoje. Dlatego nasz serwis jest do dyspozycji klient\u00f3w 24\/7. W wielu przypadkach jeste\u015bmy w stanie pom\u00f3c podczas rozmowy telefonicznej. Ale je\u015bli jest tak potrzeba, nasi mobilni mechanicy doje\u017cd\u017caj\u0105 na miejsce pracy maszyny jak najszybciej i znajduj\u0105 rozwi\u0105zanie.<\/p>\n<\/div>\n\n<div class=\"container\">\n<p>Dbamy o to, \u017ceby zar\u00f3wno w kraju jak i za granic\u0105 osoby pracuj\u0105ce na maszynach Riwal by\u0142y bezpieczne. Jednym z naszych dzia\u0142a\u0144 wspieraj\u0105cych t\u0119 ide\u0119 s\u0105 <a href=\"https:\/\/riwal-wpn.acceptatie.indicia-interactiv.nl\/poland\/pl-pl\/szkolenia\"><strong>szkolenia dla operator\u00f3w<\/strong><\/a> podest\u00f3w ruchomych i \u0142adowarek teleskopowych &#8211; zar\u00f3wno<strong> kursy UDT,<\/strong> jak i <strong>szkolenia IPAF<\/strong> pozwalaj\u0105ce zdoby\u0107 uprawnienia do pracy na podno\u015bnikach w wi\u0119kszo\u015bci kraj\u00f3w Europy.<\/p>\n<\/div>\n\n<div class=\"container\">\n<p><a href=\"\/app\/uploads\/sites\/9\/2024\/02\/dekoracje-i-montaz-reklam.pdf\">Pobierz ulotk\u0119 RIWAL dotycz\u0105c\u0105 rozwi\u0105za\u0144 dla bran\u017cy monta\u017cu reklam i dekoracji<\/a><\/p>\n<\/div>\n\n<div class=\"container\">\n<figure class=\"wp-block-image size-full\"><a href=\"\/app\/uploads\/sites\/9\/2024\/02\/dekoracje-i-montaz-reklam.pdf\"><img loading=\"lazy\" decoding=\"async\" width=\"200\" height=\"281\" src=\"https:\/\/riwal-wpn.acceptatie.indicia-interactiv.nl\/app\/uploads\/sites\/9\/2024\/02\/branza-montaz-reklamy-i-dekoracje-swiateczne-ulotka.webp\" alt=\"\" class=\"wp-image-7100\" srcset=\"https:\/\/riwal-wpn.acceptatie.indicia-interactiv.nl\/app\/uploads\/sites\/9\/2024\/02\/branza-montaz-reklamy-i-dekoracje-swiateczne-ulotka.webp 200w, https:\/\/riwal-wpn.acceptatie.indicia-interactiv.nl\/app\/uploads\/sites\/9\/2024\/02\/branza-montaz-reklamy-i-dekoracje-swiateczne-ulotka-178x250.webp 178w, https:\/\/riwal-wpn.acceptatie.indicia-interactiv.nl\/app\/uploads\/sites\/9\/2024\/02\/branza-montaz-reklamy-i-dekoracje-swiateczne-ulotka-142x200.webp 142w\" sizes=\"auto, (max-width: 200px) 100vw, 200px\" \/><\/a><\/figure>\n<\/div>","protected":false},"excerpt":{"rendered":"<p>SZUKASZ NIEZAWODNYCH MASZYN DO INSTALACJI REKLAMY I DEKORACJI NA WYSOKO\u015aCI? Zmiany aran\u017cacji w galeriach handlowych to wyzwanie. Bez wzgl\u0119du na to, czy jest to wieszanie dekoracji \u015bwi\u0105tecznych w pasa\u017cach i g\u0142\u00f3wnym holu, czy instalacja iluminacji na \u015bcianach zewn\u0119trznych obiektu. Prace zwi\u0105zane z podwieszaniem ozd\u00f3b, pod\u0142\u0105czeniem ozdobnych \u015bwiate\u0142 na wysoko\u015bci czy ubieranie gigantycznej choinki w centralnym &hellip; <a href=\"https:\/\/riwal-wpn.acceptatie.indicia-interactiv.nl\/pl\/branze\/reklama-zewnetrzna-i-montaz-dekoracji\/\">Kontynuuacja<\/a><\/p>\n","protected":false},"author":31,"featured_media":0,"parent":5814,"menu_order":0,"comment_status":"closed","ping_status":"closed","template":"","meta":{"_acf_changed":false,"editor_notices":[],"footnotes":""},"class_list":["post-7098","page","type-page","status-publish","hentry"],"acf":[],"yoast_head":"<!-- This site is optimized with the Yoast SEO Premium plugin v27.1 (Yoast SEO v27.1.1) - https:\/\/yoast.com\/product\/yoast-seo-premium-wordpress\/ -->\n<title>Reklama zewn\u0119trzna i monta\u017c dekoracji - Riwal - Polska<\/title>\n<meta name=\"robots\" content=\"noindex, follow, max-snippet:-1, max-image-preview:large, max-video-preview:-1\" \/>\n<meta property=\"og:locale\" content=\"pl_PL\" \/>\n<meta property=\"og:type\" content=\"article\" \/>\n<meta property=\"og:title\" content=\"Reklama zewn\u0119trzna i monta\u017c dekoracji\" \/>\n<meta property=\"og:description\" content=\"SZUKASZ NIEZAWODNYCH MASZYN DO INSTALACJI REKLAMY I DEKORACJI NA WYSOKO\u015aCI? Zmiany aran\u017cacji w galeriach handlowych to wyzwanie. Bez wzgl\u0119du na to, czy jest to wieszanie dekoracji \u015bwi\u0105tecznych w pasa\u017cach i g\u0142\u00f3wnym holu, czy instalacja iluminacji na \u015bcianach zewn\u0119trznych obiektu. Prace zwi\u0105zane z podwieszaniem ozd\u00f3b, pod\u0142\u0105czeniem ozdobnych \u015bwiate\u0142 na wysoko\u015bci czy ubieranie gigantycznej choinki w centralnym &hellip; Kontynuuacja\" \/>\n<meta property=\"og:url\" content=\"https:\/\/riwal-wpn.acceptatie.indicia-interactiv.nl\/pl\/branze\/reklama-zewnetrzna-i-montaz-dekoracji\/\" \/>\n<meta property=\"og:site_name\" content=\"Riwal - Polska\" \/>\n<meta property=\"article:modified_time\" content=\"2024-02-05T10:30:08+00:00\" \/>\n<meta property=\"og:image\" content=\"https:\/\/riwal-wpn.acceptatie.indicia-interactiv.nl\/app\/uploads\/sites\/9\/2024\/02\/branza-montaz-reklamy-i-dekoracje-swiateczne-ulotka.webp\" \/>\n<meta name=\"twitter:card\" content=\"summary_large_image\" \/>\n<meta name=\"twitter:label1\" content=\"Est. reading time\" \/>\n\t<meta name=\"twitter:data1\" content=\"3 minuty\" \/>\n<script type=\"application\/ld+json\" class=\"yoast-schema-graph\">{\"@context\":\"https:\/\/schema.org\",\"@graph\":[{\"@type\":\"WebPage\",\"@id\":\"https:\/\/riwal-wpn.acceptatie.indicia-interactiv.nl\/pl\/branze\/reklama-zewnetrzna-i-montaz-dekoracji\/\",\"url\":\"https:\/\/riwal-wpn.acceptatie.indicia-interactiv.nl\/pl\/branze\/reklama-zewnetrzna-i-montaz-dekoracji\/\",\"name\":\"Reklama zewn\u0119trzna i monta\u017c dekoracji - Riwal - Polska\",\"isPartOf\":{\"@id\":\"https:\/\/riwal-wpn.acceptatie.indicia-interactiv.nl\/pl\/#website\"},\"primaryImageOfPage\":{\"@id\":\"https:\/\/riwal-wpn.acceptatie.indicia-interactiv.nl\/pl\/branze\/reklama-zewnetrzna-i-montaz-dekoracji\/#primaryimage\"},\"image\":{\"@id\":\"https:\/\/riwal-wpn.acceptatie.indicia-interactiv.nl\/pl\/branze\/reklama-zewnetrzna-i-montaz-dekoracji\/#primaryimage\"},\"thumbnailUrl\":\"https:\/\/riwal-wpn.acceptatie.indicia-interactiv.nl\/app\/uploads\/sites\/9\/2024\/02\/branza-montaz-reklamy-i-dekoracje-swiateczne-ulotka.webp\",\"datePublished\":\"2024-02-05T10:30:07+00:00\",\"dateModified\":\"2024-02-05T10:30:08+00:00\",\"breadcrumb\":{\"@id\":\"https:\/\/riwal-wpn.acceptatie.indicia-interactiv.nl\/pl\/branze\/reklama-zewnetrzna-i-montaz-dekoracji\/#breadcrumb\"},\"inLanguage\":\"pl-PL\",\"potentialAction\":[{\"@type\":\"ReadAction\",\"target\":[\"https:\/\/riwal-wpn.acceptatie.indicia-interactiv.nl\/pl\/branze\/reklama-zewnetrzna-i-montaz-dekoracji\/\"]}]},{\"@type\":\"ImageObject\",\"inLanguage\":\"pl-PL\",\"@id\":\"https:\/\/riwal-wpn.acceptatie.indicia-interactiv.nl\/pl\/branze\/reklama-zewnetrzna-i-montaz-dekoracji\/#primaryimage\",\"url\":\"https:\/\/riwal-wpn.acceptatie.indicia-interactiv.nl\/app\/uploads\/sites\/9\/2024\/02\/branza-montaz-reklamy-i-dekoracje-swiateczne-ulotka.webp\",\"contentUrl\":\"https:\/\/riwal-wpn.acceptatie.indicia-interactiv.nl\/app\/uploads\/sites\/9\/2024\/02\/branza-montaz-reklamy-i-dekoracje-swiateczne-ulotka.webp\"},{\"@type\":\"BreadcrumbList\",\"@id\":\"https:\/\/riwal-wpn.acceptatie.indicia-interactiv.nl\/pl\/branze\/reklama-zewnetrzna-i-montaz-dekoracji\/#breadcrumb\",\"itemListElement\":[{\"@type\":\"ListItem\",\"position\":1,\"name\":\"Strona g\u0142\u00f3wna\",\"item\":\"https:\/\/riwal-wpn.acceptatie.indicia-interactiv.nl\/pl\/\"},{\"@type\":\"ListItem\",\"position\":2,\"name\":\"Bran\u017ce\",\"item\":\"https:\/\/riwal-wpn.acceptatie.indicia-interactiv.nl\/pl\/branze\/\"},{\"@type\":\"ListItem\",\"position\":3,\"name\":\"Reklama zewn\u0119trzna i monta\u017c dekoracji\"}]},{\"@type\":\"WebSite\",\"@id\":\"https:\/\/riwal-wpn.acceptatie.indicia-interactiv.nl\/pl\/#website\",\"url\":\"https:\/\/riwal-wpn.acceptatie.indicia-interactiv.nl\/pl\/\",\"name\":\"Riwal\",\"description\":\"Arial work platform &amp; Telehandler Rental\/Sales\",\"publisher\":{\"@id\":\"https:\/\/riwal-wpn.acceptatie.indicia-interactiv.nl\/pl\/#organization\"},\"potentialAction\":[{\"@type\":\"SearchAction\",\"target\":{\"@type\":\"EntryPoint\",\"urlTemplate\":\"https:\/\/riwal-wpn.acceptatie.indicia-interactiv.nl\/pl\/?s={search_term_string}\"},\"query-input\":{\"@type\":\"PropertyValueSpecification\",\"valueRequired\":true,\"valueName\":\"search_term_string\"}}],\"inLanguage\":\"pl-PL\"},{\"@type\":\"Organization\",\"@id\":\"https:\/\/riwal-wpn.acceptatie.indicia-interactiv.nl\/pl\/#organization\",\"name\":\"Riwal\",\"url\":\"https:\/\/riwal-wpn.acceptatie.indicia-interactiv.nl\/pl\/\",\"logo\":{\"@type\":\"ImageObject\",\"inLanguage\":\"pl-PL\",\"@id\":\"https:\/\/riwal-wpn.acceptatie.indicia-interactiv.nl\/pl\/#\/schema\/logo\/image\/\",\"url\":\"\",\"contentUrl\":\"\",\"caption\":\"Riwal\"},\"image\":{\"@id\":\"https:\/\/riwal-wpn.acceptatie.indicia-interactiv.nl\/pl\/#\/schema\/logo\/image\/\"}}]}<\/script>\n<!-- \/ Yoast SEO Premium plugin. -->","yoast_head_json":{"title":"Reklama zewn\u0119trzna i monta\u017c dekoracji - Riwal - Polska","robots":{"index":"noindex","follow":"follow","max-snippet":"max-snippet:-1","max-image-preview":"max-image-preview:large","max-video-preview":"max-video-preview:-1"},"og_locale":"pl_PL","og_type":"article","og_title":"Reklama zewn\u0119trzna i monta\u017c dekoracji","og_description":"SZUKASZ NIEZAWODNYCH MASZYN DO INSTALACJI REKLAMY I DEKORACJI NA WYSOKO\u015aCI? Zmiany aran\u017cacji w galeriach handlowych to wyzwanie. Bez wzgl\u0119du na to, czy jest to wieszanie dekoracji \u015bwi\u0105tecznych w pasa\u017cach i g\u0142\u00f3wnym holu, czy instalacja iluminacji na \u015bcianach zewn\u0119trznych obiektu. Prace zwi\u0105zane z podwieszaniem ozd\u00f3b, pod\u0142\u0105czeniem ozdobnych \u015bwiate\u0142 na wysoko\u015bci czy ubieranie gigantycznej choinki w centralnym &hellip; Kontynuuacja","og_url":"https:\/\/riwal-wpn.acceptatie.indicia-interactiv.nl\/pl\/branze\/reklama-zewnetrzna-i-montaz-dekoracji\/","og_site_name":"Riwal - Polska","article_modified_time":"2024-02-05T10:30:08+00:00","og_image":[{"url":"https:\/\/riwal-wpn.acceptatie.indicia-interactiv.nl\/app\/uploads\/sites\/9\/2024\/02\/branza-montaz-reklamy-i-dekoracje-swiateczne-ulotka.webp","type":"","width":"","height":""}],"twitter_card":"summary_large_image","twitter_misc":{"Est. reading time":"3 minuty"},"schema":{"@context":"https:\/\/schema.org","@graph":[{"@type":"WebPage","@id":"https:\/\/riwal-wpn.acceptatie.indicia-interactiv.nl\/pl\/branze\/reklama-zewnetrzna-i-montaz-dekoracji\/","url":"https:\/\/riwal-wpn.acceptatie.indicia-interactiv.nl\/pl\/branze\/reklama-zewnetrzna-i-montaz-dekoracji\/","name":"Reklama zewn\u0119trzna i monta\u017c dekoracji - Riwal - Polska","isPartOf":{"@id":"https:\/\/riwal-wpn.acceptatie.indicia-interactiv.nl\/pl\/#website"},"primaryImageOfPage":{"@id":"https:\/\/riwal-wpn.acceptatie.indicia-interactiv.nl\/pl\/branze\/reklama-zewnetrzna-i-montaz-dekoracji\/#primaryimage"},"image":{"@id":"https:\/\/riwal-wpn.acceptatie.indicia-interactiv.nl\/pl\/branze\/reklama-zewnetrzna-i-montaz-dekoracji\/#primaryimage"},"thumbnailUrl":"https:\/\/riwal-wpn.acceptatie.indicia-interactiv.nl\/app\/uploads\/sites\/9\/2024\/02\/branza-montaz-reklamy-i-dekoracje-swiateczne-ulotka.webp","datePublished":"2024-02-05T10:30:07+00:00","dateModified":"2024-02-05T10:30:08+00:00","breadcrumb":{"@id":"https:\/\/riwal-wpn.acceptatie.indicia-interactiv.nl\/pl\/branze\/reklama-zewnetrzna-i-montaz-dekoracji\/#breadcrumb"},"inLanguage":"pl-PL","potentialAction":[{"@type":"ReadAction","target":["https:\/\/riwal-wpn.acceptatie.indicia-interactiv.nl\/pl\/branze\/reklama-zewnetrzna-i-montaz-dekoracji\/"]}]},{"@type":"ImageObject","inLanguage":"pl-PL","@id":"https:\/\/riwal-wpn.acceptatie.indicia-interactiv.nl\/pl\/branze\/reklama-zewnetrzna-i-montaz-dekoracji\/#primaryimage","url":"https:\/\/riwal-wpn.acceptatie.indicia-interactiv.nl\/app\/uploads\/sites\/9\/2024\/02\/branza-montaz-reklamy-i-dekoracje-swiateczne-ulotka.webp","contentUrl":"https:\/\/riwal-wpn.acceptatie.indicia-interactiv.nl\/app\/uploads\/sites\/9\/2024\/02\/branza-montaz-reklamy-i-dekoracje-swiateczne-ulotka.webp"},{"@type":"BreadcrumbList","@id":"https:\/\/riwal-wpn.acceptatie.indicia-interactiv.nl\/pl\/branze\/reklama-zewnetrzna-i-montaz-dekoracji\/#breadcrumb","itemListElement":[{"@type":"ListItem","position":1,"name":"Strona g\u0142\u00f3wna","item":"https:\/\/riwal-wpn.acceptatie.indicia-interactiv.nl\/pl\/"},{"@type":"ListItem","position":2,"name":"Bran\u017ce","item":"https:\/\/riwal-wpn.acceptatie.indicia-interactiv.nl\/pl\/branze\/"},{"@type":"ListItem","position":3,"name":"Reklama zewn\u0119trzna i monta\u017c dekoracji"}]},{"@type":"WebSite","@id":"https:\/\/riwal-wpn.acceptatie.indicia-interactiv.nl\/pl\/#website","url":"https:\/\/riwal-wpn.acceptatie.indicia-interactiv.nl\/pl\/","name":"Riwal","description":"Arial work platform &amp; Telehandler Rental\/Sales","publisher":{"@id":"https:\/\/riwal-wpn.acceptatie.indicia-interactiv.nl\/pl\/#organization"},"potentialAction":[{"@type":"SearchAction","target":{"@type":"EntryPoint","urlTemplate":"https:\/\/riwal-wpn.acceptatie.indicia-interactiv.nl\/pl\/?s={search_term_string}"},"query-input":{"@type":"PropertyValueSpecification","valueRequired":true,"valueName":"search_term_string"}}],"inLanguage":"pl-PL"},{"@type":"Organization","@id":"https:\/\/riwal-wpn.acceptatie.indicia-interactiv.nl\/pl\/#organization","name":"Riwal","url":"https:\/\/riwal-wpn.acceptatie.indicia-interactiv.nl\/pl\/","logo":{"@type":"ImageObject","inLanguage":"pl-PL","@id":"https:\/\/riwal-wpn.acceptatie.indicia-interactiv.nl\/pl\/#\/schema\/logo\/image\/","url":"","contentUrl":"","caption":"Riwal"},"image":{"@id":"https:\/\/riwal-wpn.acceptatie.indicia-interactiv.nl\/pl\/#\/schema\/logo\/image\/"}}]}},"_links":{"self":[{"href":"https:\/\/riwal-wpn.acceptatie.indicia-interactiv.nl\/pl\/wp-json\/wp\/v2\/pages\/7098","targetHints":{"allow":["GET"]}}],"collection":[{"href":"https:\/\/riwal-wpn.acceptatie.indicia-interactiv.nl\/pl\/wp-json\/wp\/v2\/pages"}],"about":[{"href":"https:\/\/riwal-wpn.acceptatie.indicia-interactiv.nl\/pl\/wp-json\/wp\/v2\/types\/page"}],"author":[{"embeddable":true,"href":"https:\/\/riwal-wpn.acceptatie.indicia-interactiv.nl\/pl\/wp-json\/wp\/v2\/users\/31"}],"replies":[{"embeddable":true,"href":"https:\/\/riwal-wpn.acceptatie.indicia-interactiv.nl\/pl\/wp-json\/wp\/v2\/comments?post=7098"}],"version-history":[{"count":1,"href":"https:\/\/riwal-wpn.acceptatie.indicia-interactiv.nl\/pl\/wp-json\/wp\/v2\/pages\/7098\/revisions"}],"predecessor-version":[{"id":7102,"href":"https:\/\/riwal-wpn.acceptatie.indicia-interactiv.nl\/pl\/wp-json\/wp\/v2\/pages\/7098\/revisions\/7102"}],"up":[{"embeddable":true,"href":"https:\/\/riwal-wpn.acceptatie.indicia-interactiv.nl\/pl\/wp-json\/wp\/v2\/pages\/5814"}],"wp:attachment":[{"href":"https:\/\/riwal-wpn.acceptatie.indicia-interactiv.nl\/pl\/wp-json\/wp\/v2\/media?parent=7098"}],"curies":[{"name":"wp","href":"https:\/\/api.w.org\/{rel}","templated":true}]}}