{"id":7103,"date":"2024-02-05T10:33:05","date_gmt":"2024-02-05T10:33:05","guid":{"rendered":"https:\/\/riwal-wpn.acceptatie.indicia-interactiv.nl\/pl\/?page_id=7103"},"modified":"2024-02-05T10:33:06","modified_gmt":"2024-02-05T10:33:06","slug":"budowa-stadionow-i-aren","status":"publish","type":"page","link":"https:\/\/riwal-wpn.acceptatie.indicia-interactiv.nl\/pl\/branze\/budowa-stadionow-i-aren\/","title":{"rendered":"Budowa stadion\u00f3w i aren"},"content":{"rendered":"\n<div class=\"wp-block-rental-theme-header\">\n\t<div class=\"wp-block-rental-theme-header__lines\">\n\t\t<svg width=\"726\" height=\"442\" viewBox=\"0 0 726 442\" fill=\"none\" xmlns=\"http:\/\/www.w3.org\/2000\/svg\"><g opacity=\".5\"><mask id=\"path-1-inside-1_1_2\" fill=\"#fff\"><path fill-rule=\"evenodd\" clip-rule=\"evenodd\" d=\"M441.458.5H284.542L0 285.042v156.917l156.917-.001L363 235.876l206.083 206.082 156.917.001V285.042L441.458.5Z\"\/><\/mask><path d=\"M284.542.5v-1h-.415l-.292.293.707.707Zm156.916 0 .708-.707-.293-.293h-.415v1ZM0 285.042l-.707-.708-.293.293v.415h1Zm0 156.917h-1v1h1v-1Zm156.917-.001v1h.414l.293-.292-.707-.708ZM363 235.876l.707-.708-.707-.707-.707.707.707.708Zm206.083 206.082-.707.708.293.292h.414v-1Zm156.917.001v1h1v-1h-1Zm0-156.917h1v-.415l-.293-.293-.707.708ZM284.542 1.5h156.916v-2H284.542v2ZM.707 285.749 285.25 1.207l-1.414-1.414L-.707 284.334l1.414 1.415ZM1 441.959V285.042h-2v156.917h2Zm155.917-1.001L0 440.959v2l156.917-.001v-2Zm205.376-205.79L156.21 441.251l1.414 1.415 206.083-206.083-1.414-1.415Zm0 1.415 206.083 206.083 1.414-1.415-206.083-206.083-1.414 1.415Zm206.79 206.375 156.917.001v-2l-156.917-.001v2ZM727 441.959V285.042h-2v156.917h2Zm-.293-157.625L442.166-.206l-1.415 1.413L725.293 285.75l1.414-1.415Z\" fill=\"#5B728B\" mask=\"url(#path-1-inside-1_1_2)\"\/><\/g><\/svg>\t\t<svg width=\"726\" height=\"442\" viewBox=\"0 0 726 442\" fill=\"none\" xmlns=\"http:\/\/www.w3.org\/2000\/svg\"><g opacity=\".5\"><mask id=\"path-1-inside-1_1_2\" fill=\"#fff\"><path fill-rule=\"evenodd\" clip-rule=\"evenodd\" d=\"M441.458.5H284.542L0 285.042v156.917l156.917-.001L363 235.876l206.083 206.082 156.917.001V285.042L441.458.5Z\"\/><\/mask><path d=\"M284.542.5v-1h-.415l-.292.293.707.707Zm156.916 0 .708-.707-.293-.293h-.415v1ZM0 285.042l-.707-.708-.293.293v.415h1Zm0 156.917h-1v1h1v-1Zm156.917-.001v1h.414l.293-.292-.707-.708ZM363 235.876l.707-.708-.707-.707-.707.707.707.708Zm206.083 206.082-.707.708.293.292h.414v-1Zm156.917.001v1h1v-1h-1Zm0-156.917h1v-.415l-.293-.293-.707.708ZM284.542 1.5h156.916v-2H284.542v2ZM.707 285.749 285.25 1.207l-1.414-1.414L-.707 284.334l1.414 1.415ZM1 441.959V285.042h-2v156.917h2Zm155.917-1.001L0 440.959v2l156.917-.001v-2Zm205.376-205.79L156.21 441.251l1.414 1.415 206.083-206.083-1.414-1.415Zm0 1.415 206.083 206.083 1.414-1.415-206.083-206.083-1.414 1.415Zm206.79 206.375 156.917.001v-2l-156.917-.001v2ZM727 441.959V285.042h-2v156.917h2Zm-.293-157.625L442.166-.206l-1.415 1.413L725.293 285.75l1.414-1.415Z\" fill=\"#5B728B\" mask=\"url(#path-1-inside-1_1_2)\"\/><\/g><\/svg>\t<\/div>\n\t<img fetchpriority=\"high\" decoding=\"async\" width=\"1200\" height=\"600\" src=\"https:\/\/riwal-wpn.acceptatie.indicia-interactiv.nl\/app\/uploads\/sites\/9\/2024\/02\/Banner-Tablet-Stadium-Arena-Construction.png\" class=\"wp-block-rental-theme-header__image wp-block-rental-theme-header__image--desktop\" alt=\"\" loading=\"eager\" srcset=\"https:\/\/riwal-wpn.acceptatie.indicia-interactiv.nl\/app\/uploads\/sites\/9\/2024\/02\/Banner-Tablet-Stadium-Arena-Construction.png 1200w, https:\/\/riwal-wpn.acceptatie.indicia-interactiv.nl\/app\/uploads\/sites\/9\/2024\/02\/Banner-Tablet-Stadium-Arena-Construction-300x150.png 300w, https:\/\/riwal-wpn.acceptatie.indicia-interactiv.nl\/app\/uploads\/sites\/9\/2024\/02\/Banner-Tablet-Stadium-Arena-Construction-1024x512.png 1024w, https:\/\/riwal-wpn.acceptatie.indicia-interactiv.nl\/app\/uploads\/sites\/9\/2024\/02\/Banner-Tablet-Stadium-Arena-Construction-768x384.png 768w, https:\/\/riwal-wpn.acceptatie.indicia-interactiv.nl\/app\/uploads\/sites\/9\/2024\/02\/Banner-Tablet-Stadium-Arena-Construction-178x89.png 178w, https:\/\/riwal-wpn.acceptatie.indicia-interactiv.nl\/app\/uploads\/sites\/9\/2024\/02\/Banner-Tablet-Stadium-Arena-Construction-390x195.png 390w, https:\/\/riwal-wpn.acceptatie.indicia-interactiv.nl\/app\/uploads\/sites\/9\/2024\/02\/Banner-Tablet-Stadium-Arena-Construction-830x415.png 830w, https:\/\/riwal-wpn.acceptatie.indicia-interactiv.nl\/app\/uploads\/sites\/9\/2024\/02\/Banner-Tablet-Stadium-Arena-Construction-250x125.png 250w, https:\/\/riwal-wpn.acceptatie.indicia-interactiv.nl\/app\/uploads\/sites\/9\/2024\/02\/Banner-Tablet-Stadium-Arena-Construction-620x310.png 620w, https:\/\/riwal-wpn.acceptatie.indicia-interactiv.nl\/app\/uploads\/sites\/9\/2024\/02\/Banner-Tablet-Stadium-Arena-Construction-237x119.png 237w, https:\/\/riwal-wpn.acceptatie.indicia-interactiv.nl\/app\/uploads\/sites\/9\/2024\/02\/Banner-Tablet-Stadium-Arena-Construction-474x237.png 474w\" sizes=\"(max-width: 1200px) 100vw, 1200px\" \/>\t\t<div class=\"container\">\n\t\t<h1 class='wp-block-rental-theme-header__title' style='position: absolute; min-height: 120px'>Budowa stadion\u00f3w i aren<\/h1>\t<\/div>\n<\/div>\n\n\n<div class=\"container\">\n<p><\/p>\n<\/div>\n\n<div class=\"container\">\n<h1 class=\"wp-block-heading\" id=\"h-szukasz-niezawodnych-maszyn-do-instalacji-reklamy-i-dekoracji-na-wysokosci\" style=\"font-size:40px;font-style:normal;font-weight:100\">SZUKASZ NIEZAWODNYCH MASZYN DO INSTALACJI REKLAMY I DEKORACJI NA WYSOKO\u015aCI?<\/h1>\n<\/div>\n\n<div class=\"container\">\n<p><strong>W RIWAL rozumiemy proces, jakim jest budowa stadion\u00f3w i aren. Kluczowe znaczenie ma tutaj koordynacja wszystkich dzia\u0142a\u0144. Wa\u017cny jest dob\u00f3r i harmonogram pracy podwykonawc\u00f3w odpowiedzialnych za poszczeg\u00f3lne bran\u017ce. Nale\u017cy tak\u017ce na bie\u017c\u0105co kontrolowa\u0107 przep\u0142yw ludzi i sprz\u0119tu, a tak\u017ce bezpiecze\u0144stwo wszystkich pracuj\u0105cych na obiekcie. Mo\u017cemy pom\u00f3c w p\u0142ynnej realizacji projektu, dzi\u0119ki codziennej pomocy naszych specjalist\u00f3w w doborze sprz\u0119tu, a tak\u017ce rozwi\u0105zaniom, kt\u00f3re pozwalaj\u0105 na bie\u017c\u0105ce \u015bledzenie dostaw i pracy poszczeg\u00f3lnych maszyn na obiekcie. Dzi\u0119ki naszemu portalowi i aplikacji My Riwal klient widzi, kt\u00f3re maszyny ju\u017c nie pracuj\u0105, kt\u00f3re nale\u017cy odda\u0107, aby nie generowa\u0107 niepotrzebnych koszt\u00f3w. Poza tym za pomoc\u0105 aplikacji mo\u017ce szybko wynaj\u0105\u0107 kolejny podno\u015bnik koszowy, aby przyspieszy\u0107 wykonywanie prac, je\u015bli zajdzie taka potrzeba.<\/strong><\/p>\n<\/div>\n\n<div class=\"container\">\n<p><strong>Indywidualne rozwi\u0105zania od RIWAL<\/strong><\/p>\n<\/div>\n\n<div class=\"container\">\n<ul class=\"wp-block-list\">\n<li><strong>jeden z najwy\u017cszych na \u015bwiecie podest\u00f3w ruchomych <\/strong><a href=\"https:\/\/riwal-wpn.acceptatie.indicia-interactiv.nl\/poland\/pl-pl\/rental\/products\/5637179454_sd580\"><strong>JLG 1850SJ<\/strong><\/a><strong> osi\u0105ga ekstremalne wysoko\u015bci robocze do 58m niezb\u0119dne przy budowie stadionu czy areny;<\/strong><\/li>\n\n\n\n<li><strong>zmodyfikowany kszta\u0142t kosza zwy\u017cki, kt\u00f3ry pozwala na dost\u0119p do szczelin w fasadach stadion\u00f3w;<\/strong><\/li>\n\n\n\n<li><strong>generatory i gniazdka elektryczne w koszach podno\u015bnik\u00f3w umo\u017cliwiaj\u0105ce operatorom korzystanie z elektronarz\u0119dzi i o\u015bwietlenia podczas pracy na wysoko\u015bci<\/strong><\/li>\n<\/ul>\n<\/div>\n\n<div class=\"container\">\n<p><strong>Najcz\u0119\u015bciej wynajmowane do tego typu prac maszyny:<\/strong><\/p>\n<\/div>\n\n<div class=\"container\">\n<p><a href=\"https:\/\/riwal-wpn.acceptatie.indicia-interactiv.nl\/poland\/pl-pl\/rental\/products\/5637179454_sd580\"><strong>Podno\u015bnik teleskopowy spalinowy JLG 1850SJ<\/strong><\/a><strong> \u2013 o wysoko\u015bci roboczej 58,56m<\/strong><\/p>\n<\/div>\n\n<div class=\"container\">\n<p><a href=\"https:\/\/riwal-wpn.acceptatie.indicia-interactiv.nl\/poland\/pl-pl\/rental\/products\/5637179453_sd470\"><strong>Podno\u015bnik teleskopowy spalinowy JLG 1500SJ<\/strong><\/a><strong> \u2013 o wysoko\u015bci roboczej 47,52m&nbsp;<\/strong><\/p>\n<\/div>\n\n<div class=\"container\">\n<p><a href=\"https:\/\/riwal-wpn.acceptatie.indicia-interactiv.nl\/poland\/pl-pl\/rental\/products\/5637182581es140\"><strong>Podno\u015bnik no\u017cycowy elektryczny JLG 4045R<\/strong><\/a><strong> \u2013 o wysoko\u015bci roboczej 13,96m&nbsp; Mo\u017ce pracowa\u0107 wewn\u0105trz i na zewn\u0105trz&nbsp;<\/strong><\/p>\n<\/div>\n\n<div class=\"container\">\n<p><a href=\"https:\/\/riwal-wpn.acceptatie.indicia-interactiv.nl\/poland\/pl-pl\/rental\/products\/5637179414_thr5025\"><strong>\u0141adowarka teleskopowa obrotowa Magni RTH 5.25Smart<\/strong><\/a><strong> \u2013 o wysoko\u015bci podnoszenia 25m i ud\u017awigu 5 ton<\/strong><\/p>\n<\/div>\n\n<div class=\"container\">\n<p><strong>Jako\u015b\u0107 i bezpiecze\u0144stwo<\/strong><\/p>\n<\/div>\n\n<div class=\"container\">\n<p><strong>Bezpiecze\u0144stwo jest jedn\u0105 z kluczowych warto\u015bci RIWAL. Dbamy o to, aby sprz\u0119t dostarczany do naszych klient\u00f3w by\u0142 jak najwy\u017cszej jako\u015bci. Realizujemy ten cel dzi\u0119ki wsp\u00f3\u0142pracy z renomowanymi mi\u0119dzynarodowymi producentami maszyn takimi jak JLG, Magni, Hollandlift. Ponadto nasze maszyny przechodz\u0105 kontrole przed ka\u017cdym wynajmem, oraz podlegaj\u0105 regularnym corocznym przegl\u0105dom. Dlatego mamy pewno\u015b\u0107, \u017ce podesty ruchome, \u0142adowarki teleskopowe i w\u00f3zki wid\u0142owe od Riwal stanowi\u0105 bezpieczne rozwi\u0105zanie do prac na wysoko\u015bci. \u015awiadcz\u0105 o tym posiadane certyfikaty VCA i ISO.<\/strong><\/p>\n<\/div>","protected":false},"excerpt":{"rendered":"<p>SZUKASZ NIEZAWODNYCH MASZYN DO INSTALACJI REKLAMY I DEKORACJI NA WYSOKO\u015aCI? W RIWAL rozumiemy proces, jakim jest budowa stadion\u00f3w i aren. Kluczowe znaczenie ma tutaj koordynacja wszystkich dzia\u0142a\u0144. Wa\u017cny jest dob\u00f3r i harmonogram pracy podwykonawc\u00f3w odpowiedzialnych za poszczeg\u00f3lne bran\u017ce. Nale\u017cy tak\u017ce na bie\u017c\u0105co kontrolowa\u0107 przep\u0142yw ludzi i sprz\u0119tu, a tak\u017ce bezpiecze\u0144stwo wszystkich pracuj\u0105cych na obiekcie. Mo\u017cemy &hellip; <a href=\"https:\/\/riwal-wpn.acceptatie.indicia-interactiv.nl\/pl\/branze\/budowa-stadionow-i-aren\/\">Kontynuuacja<\/a><\/p>\n","protected":false},"author":31,"featured_media":0,"parent":5814,"menu_order":0,"comment_status":"closed","ping_status":"closed","template":"","meta":{"_acf_changed":false,"editor_notices":[],"footnotes":""},"class_list":["post-7103","page","type-page","status-publish","hentry"],"acf":[],"yoast_head":"<!-- This site is optimized with the Yoast SEO Premium plugin v27.1 (Yoast SEO v27.1.1) - https:\/\/yoast.com\/product\/yoast-seo-premium-wordpress\/ -->\n<title>Budowa stadion\u00f3w i aren - Riwal - Polska<\/title>\n<meta name=\"robots\" content=\"noindex, follow, max-snippet:-1, max-image-preview:large, max-video-preview:-1\" \/>\n<meta property=\"og:locale\" content=\"pl_PL\" \/>\n<meta property=\"og:type\" content=\"article\" \/>\n<meta property=\"og:title\" content=\"Budowa stadion\u00f3w i aren\" \/>\n<meta property=\"og:description\" content=\"SZUKASZ NIEZAWODNYCH MASZYN DO INSTALACJI REKLAMY I DEKORACJI NA WYSOKO\u015aCI? W RIWAL rozumiemy proces, jakim jest budowa stadion\u00f3w i aren. Kluczowe znaczenie ma tutaj koordynacja wszystkich dzia\u0142a\u0144. Wa\u017cny jest dob\u00f3r i harmonogram pracy podwykonawc\u00f3w odpowiedzialnych za poszczeg\u00f3lne bran\u017ce. Nale\u017cy tak\u017ce na bie\u017c\u0105co kontrolowa\u0107 przep\u0142yw ludzi i sprz\u0119tu, a tak\u017ce bezpiecze\u0144stwo wszystkich pracuj\u0105cych na obiekcie. Mo\u017cemy &hellip; Kontynuuacja\" \/>\n<meta property=\"og:url\" content=\"https:\/\/riwal-wpn.acceptatie.indicia-interactiv.nl\/pl\/branze\/budowa-stadionow-i-aren\/\" \/>\n<meta property=\"og:site_name\" content=\"Riwal - Polska\" \/>\n<meta property=\"article:modified_time\" content=\"2024-02-05T10:33:06+00:00\" \/>\n<meta name=\"twitter:card\" content=\"summary_large_image\" \/>\n<meta name=\"twitter:label1\" content=\"Est. reading time\" \/>\n\t<meta name=\"twitter:data1\" content=\"2 minuty\" \/>\n<script type=\"application\/ld+json\" class=\"yoast-schema-graph\">{\"@context\":\"https:\/\/schema.org\",\"@graph\":[{\"@type\":\"WebPage\",\"@id\":\"https:\/\/riwal-wpn.acceptatie.indicia-interactiv.nl\/pl\/branze\/budowa-stadionow-i-aren\/\",\"url\":\"https:\/\/riwal-wpn.acceptatie.indicia-interactiv.nl\/pl\/branze\/budowa-stadionow-i-aren\/\",\"name\":\"Budowa stadion\u00f3w i aren - Riwal - Polska\",\"isPartOf\":{\"@id\":\"https:\/\/riwal-wpn.acceptatie.indicia-interactiv.nl\/pl\/#website\"},\"datePublished\":\"2024-02-05T10:33:05+00:00\",\"dateModified\":\"2024-02-05T10:33:06+00:00\",\"breadcrumb\":{\"@id\":\"https:\/\/riwal-wpn.acceptatie.indicia-interactiv.nl\/pl\/branze\/budowa-stadionow-i-aren\/#breadcrumb\"},\"inLanguage\":\"pl-PL\",\"potentialAction\":[{\"@type\":\"ReadAction\",\"target\":[\"https:\/\/riwal-wpn.acceptatie.indicia-interactiv.nl\/pl\/branze\/budowa-stadionow-i-aren\/\"]}]},{\"@type\":\"BreadcrumbList\",\"@id\":\"https:\/\/riwal-wpn.acceptatie.indicia-interactiv.nl\/pl\/branze\/budowa-stadionow-i-aren\/#breadcrumb\",\"itemListElement\":[{\"@type\":\"ListItem\",\"position\":1,\"name\":\"Strona g\u0142\u00f3wna\",\"item\":\"https:\/\/riwal-wpn.acceptatie.indicia-interactiv.nl\/pl\/\"},{\"@type\":\"ListItem\",\"position\":2,\"name\":\"Bran\u017ce\",\"item\":\"https:\/\/riwal-wpn.acceptatie.indicia-interactiv.nl\/pl\/branze\/\"},{\"@type\":\"ListItem\",\"position\":3,\"name\":\"Budowa stadion\u00f3w i aren\"}]},{\"@type\":\"WebSite\",\"@id\":\"https:\/\/riwal-wpn.acceptatie.indicia-interactiv.nl\/pl\/#website\",\"url\":\"https:\/\/riwal-wpn.acceptatie.indicia-interactiv.nl\/pl\/\",\"name\":\"Riwal\",\"description\":\"Arial work platform &amp; Telehandler Rental\/Sales\",\"publisher\":{\"@id\":\"https:\/\/riwal-wpn.acceptatie.indicia-interactiv.nl\/pl\/#organization\"},\"potentialAction\":[{\"@type\":\"SearchAction\",\"target\":{\"@type\":\"EntryPoint\",\"urlTemplate\":\"https:\/\/riwal-wpn.acceptatie.indicia-interactiv.nl\/pl\/?s={search_term_string}\"},\"query-input\":{\"@type\":\"PropertyValueSpecification\",\"valueRequired\":true,\"valueName\":\"search_term_string\"}}],\"inLanguage\":\"pl-PL\"},{\"@type\":\"Organization\",\"@id\":\"https:\/\/riwal-wpn.acceptatie.indicia-interactiv.nl\/pl\/#organization\",\"name\":\"Riwal\",\"url\":\"https:\/\/riwal-wpn.acceptatie.indicia-interactiv.nl\/pl\/\",\"logo\":{\"@type\":\"ImageObject\",\"inLanguage\":\"pl-PL\",\"@id\":\"https:\/\/riwal-wpn.acceptatie.indicia-interactiv.nl\/pl\/#\/schema\/logo\/image\/\",\"url\":\"\",\"contentUrl\":\"\",\"caption\":\"Riwal\"},\"image\":{\"@id\":\"https:\/\/riwal-wpn.acceptatie.indicia-interactiv.nl\/pl\/#\/schema\/logo\/image\/\"}}]}<\/script>\n<!-- \/ Yoast SEO Premium plugin. -->","yoast_head_json":{"title":"Budowa stadion\u00f3w i aren - Riwal - Polska","robots":{"index":"noindex","follow":"follow","max-snippet":"max-snippet:-1","max-image-preview":"max-image-preview:large","max-video-preview":"max-video-preview:-1"},"og_locale":"pl_PL","og_type":"article","og_title":"Budowa stadion\u00f3w i aren","og_description":"SZUKASZ NIEZAWODNYCH MASZYN DO INSTALACJI REKLAMY I DEKORACJI NA WYSOKO\u015aCI? W RIWAL rozumiemy proces, jakim jest budowa stadion\u00f3w i aren. Kluczowe znaczenie ma tutaj koordynacja wszystkich dzia\u0142a\u0144. Wa\u017cny jest dob\u00f3r i harmonogram pracy podwykonawc\u00f3w odpowiedzialnych za poszczeg\u00f3lne bran\u017ce. Nale\u017cy tak\u017ce na bie\u017c\u0105co kontrolowa\u0107 przep\u0142yw ludzi i sprz\u0119tu, a tak\u017ce bezpiecze\u0144stwo wszystkich pracuj\u0105cych na obiekcie. Mo\u017cemy &hellip; Kontynuuacja","og_url":"https:\/\/riwal-wpn.acceptatie.indicia-interactiv.nl\/pl\/branze\/budowa-stadionow-i-aren\/","og_site_name":"Riwal - Polska","article_modified_time":"2024-02-05T10:33:06+00:00","twitter_card":"summary_large_image","twitter_misc":{"Est. reading time":"2 minuty"},"schema":{"@context":"https:\/\/schema.org","@graph":[{"@type":"WebPage","@id":"https:\/\/riwal-wpn.acceptatie.indicia-interactiv.nl\/pl\/branze\/budowa-stadionow-i-aren\/","url":"https:\/\/riwal-wpn.acceptatie.indicia-interactiv.nl\/pl\/branze\/budowa-stadionow-i-aren\/","name":"Budowa stadion\u00f3w i aren - Riwal - Polska","isPartOf":{"@id":"https:\/\/riwal-wpn.acceptatie.indicia-interactiv.nl\/pl\/#website"},"datePublished":"2024-02-05T10:33:05+00:00","dateModified":"2024-02-05T10:33:06+00:00","breadcrumb":{"@id":"https:\/\/riwal-wpn.acceptatie.indicia-interactiv.nl\/pl\/branze\/budowa-stadionow-i-aren\/#breadcrumb"},"inLanguage":"pl-PL","potentialAction":[{"@type":"ReadAction","target":["https:\/\/riwal-wpn.acceptatie.indicia-interactiv.nl\/pl\/branze\/budowa-stadionow-i-aren\/"]}]},{"@type":"BreadcrumbList","@id":"https:\/\/riwal-wpn.acceptatie.indicia-interactiv.nl\/pl\/branze\/budowa-stadionow-i-aren\/#breadcrumb","itemListElement":[{"@type":"ListItem","position":1,"name":"Strona g\u0142\u00f3wna","item":"https:\/\/riwal-wpn.acceptatie.indicia-interactiv.nl\/pl\/"},{"@type":"ListItem","position":2,"name":"Bran\u017ce","item":"https:\/\/riwal-wpn.acceptatie.indicia-interactiv.nl\/pl\/branze\/"},{"@type":"ListItem","position":3,"name":"Budowa stadion\u00f3w i aren"}]},{"@type":"WebSite","@id":"https:\/\/riwal-wpn.acceptatie.indicia-interactiv.nl\/pl\/#website","url":"https:\/\/riwal-wpn.acceptatie.indicia-interactiv.nl\/pl\/","name":"Riwal","description":"Arial work platform &amp; Telehandler Rental\/Sales","publisher":{"@id":"https:\/\/riwal-wpn.acceptatie.indicia-interactiv.nl\/pl\/#organization"},"potentialAction":[{"@type":"SearchAction","target":{"@type":"EntryPoint","urlTemplate":"https:\/\/riwal-wpn.acceptatie.indicia-interactiv.nl\/pl\/?s={search_term_string}"},"query-input":{"@type":"PropertyValueSpecification","valueRequired":true,"valueName":"search_term_string"}}],"inLanguage":"pl-PL"},{"@type":"Organization","@id":"https:\/\/riwal-wpn.acceptatie.indicia-interactiv.nl\/pl\/#organization","name":"Riwal","url":"https:\/\/riwal-wpn.acceptatie.indicia-interactiv.nl\/pl\/","logo":{"@type":"ImageObject","inLanguage":"pl-PL","@id":"https:\/\/riwal-wpn.acceptatie.indicia-interactiv.nl\/pl\/#\/schema\/logo\/image\/","url":"","contentUrl":"","caption":"Riwal"},"image":{"@id":"https:\/\/riwal-wpn.acceptatie.indicia-interactiv.nl\/pl\/#\/schema\/logo\/image\/"}}]}},"_links":{"self":[{"href":"https:\/\/riwal-wpn.acceptatie.indicia-interactiv.nl\/pl\/wp-json\/wp\/v2\/pages\/7103","targetHints":{"allow":["GET"]}}],"collection":[{"href":"https:\/\/riwal-wpn.acceptatie.indicia-interactiv.nl\/pl\/wp-json\/wp\/v2\/pages"}],"about":[{"href":"https:\/\/riwal-wpn.acceptatie.indicia-interactiv.nl\/pl\/wp-json\/wp\/v2\/types\/page"}],"author":[{"embeddable":true,"href":"https:\/\/riwal-wpn.acceptatie.indicia-interactiv.nl\/pl\/wp-json\/wp\/v2\/users\/31"}],"replies":[{"embeddable":true,"href":"https:\/\/riwal-wpn.acceptatie.indicia-interactiv.nl\/pl\/wp-json\/wp\/v2\/comments?post=7103"}],"version-history":[{"count":1,"href":"https:\/\/riwal-wpn.acceptatie.indicia-interactiv.nl\/pl\/wp-json\/wp\/v2\/pages\/7103\/revisions"}],"predecessor-version":[{"id":7105,"href":"https:\/\/riwal-wpn.acceptatie.indicia-interactiv.nl\/pl\/wp-json\/wp\/v2\/pages\/7103\/revisions\/7105"}],"up":[{"embeddable":true,"href":"https:\/\/riwal-wpn.acceptatie.indicia-interactiv.nl\/pl\/wp-json\/wp\/v2\/pages\/5814"}],"wp:attachment":[{"href":"https:\/\/riwal-wpn.acceptatie.indicia-interactiv.nl\/pl\/wp-json\/wp\/v2\/media?parent=7103"}],"curies":[{"name":"wp","href":"https:\/\/api.w.org\/{rel}","templated":true}]}}