{"id":7106,"date":"2024-02-05T10:39:33","date_gmt":"2024-02-05T10:39:33","guid":{"rendered":"https:\/\/riwal-wpn.acceptatie.indicia-interactiv.nl\/pl\/?page_id=7106"},"modified":"2024-02-05T10:40:01","modified_gmt":"2024-02-05T10:40:01","slug":"przemysl","status":"publish","type":"page","link":"https:\/\/riwal-wpn.acceptatie.indicia-interactiv.nl\/pl\/branze\/przemysl\/","title":{"rendered":"Przemys\u0142"},"content":{"rendered":"\n<div class=\"wp-block-rental-theme-header\">\n\t<div class=\"wp-block-rental-theme-header__lines\">\n\t\t<svg width=\"726\" height=\"442\" viewBox=\"0 0 726 442\" fill=\"none\" xmlns=\"http:\/\/www.w3.org\/2000\/svg\"><g opacity=\".5\"><mask id=\"path-1-inside-1_1_2\" fill=\"#fff\"><path fill-rule=\"evenodd\" clip-rule=\"evenodd\" d=\"M441.458.5H284.542L0 285.042v156.917l156.917-.001L363 235.876l206.083 206.082 156.917.001V285.042L441.458.5Z\"\/><\/mask><path d=\"M284.542.5v-1h-.415l-.292.293.707.707Zm156.916 0 .708-.707-.293-.293h-.415v1ZM0 285.042l-.707-.708-.293.293v.415h1Zm0 156.917h-1v1h1v-1Zm156.917-.001v1h.414l.293-.292-.707-.708ZM363 235.876l.707-.708-.707-.707-.707.707.707.708Zm206.083 206.082-.707.708.293.292h.414v-1Zm156.917.001v1h1v-1h-1Zm0-156.917h1v-.415l-.293-.293-.707.708ZM284.542 1.5h156.916v-2H284.542v2ZM.707 285.749 285.25 1.207l-1.414-1.414L-.707 284.334l1.414 1.415ZM1 441.959V285.042h-2v156.917h2Zm155.917-1.001L0 440.959v2l156.917-.001v-2Zm205.376-205.79L156.21 441.251l1.414 1.415 206.083-206.083-1.414-1.415Zm0 1.415 206.083 206.083 1.414-1.415-206.083-206.083-1.414 1.415Zm206.79 206.375 156.917.001v-2l-156.917-.001v2ZM727 441.959V285.042h-2v156.917h2Zm-.293-157.625L442.166-.206l-1.415 1.413L725.293 285.75l1.414-1.415Z\" fill=\"#5B728B\" mask=\"url(#path-1-inside-1_1_2)\"\/><\/g><\/svg>\t\t<svg width=\"726\" height=\"442\" viewBox=\"0 0 726 442\" fill=\"none\" xmlns=\"http:\/\/www.w3.org\/2000\/svg\"><g opacity=\".5\"><mask id=\"path-1-inside-1_1_2\" fill=\"#fff\"><path fill-rule=\"evenodd\" clip-rule=\"evenodd\" d=\"M441.458.5H284.542L0 285.042v156.917l156.917-.001L363 235.876l206.083 206.082 156.917.001V285.042L441.458.5Z\"\/><\/mask><path d=\"M284.542.5v-1h-.415l-.292.293.707.707Zm156.916 0 .708-.707-.293-.293h-.415v1ZM0 285.042l-.707-.708-.293.293v.415h1Zm0 156.917h-1v1h1v-1Zm156.917-.001v1h.414l.293-.292-.707-.708ZM363 235.876l.707-.708-.707-.707-.707.707.707.708Zm206.083 206.082-.707.708.293.292h.414v-1Zm156.917.001v1h1v-1h-1Zm0-156.917h1v-.415l-.293-.293-.707.708ZM284.542 1.5h156.916v-2H284.542v2ZM.707 285.749 285.25 1.207l-1.414-1.414L-.707 284.334l1.414 1.415ZM1 441.959V285.042h-2v156.917h2Zm155.917-1.001L0 440.959v2l156.917-.001v-2Zm205.376-205.79L156.21 441.251l1.414 1.415 206.083-206.083-1.414-1.415Zm0 1.415 206.083 206.083 1.414-1.415-206.083-206.083-1.414 1.415Zm206.79 206.375 156.917.001v-2l-156.917-.001v2ZM727 441.959V285.042h-2v156.917h2Zm-.293-157.625L442.166-.206l-1.415 1.413L725.293 285.75l1.414-1.415Z\" fill=\"#5B728B\" mask=\"url(#path-1-inside-1_1_2)\"\/><\/g><\/svg>\t<\/div>\n\t<img fetchpriority=\"high\" decoding=\"async\" width=\"1200\" height=\"600\" src=\"https:\/\/riwal-wpn.acceptatie.indicia-interactiv.nl\/app\/uploads\/sites\/9\/2024\/02\/baner-produkcja-tablet.jpg\" class=\"wp-block-rental-theme-header__image wp-block-rental-theme-header__image--desktop\" alt=\"\" loading=\"eager\" srcset=\"https:\/\/riwal-wpn.acceptatie.indicia-interactiv.nl\/app\/uploads\/sites\/9\/2024\/02\/baner-produkcja-tablet.jpg 1200w, https:\/\/riwal-wpn.acceptatie.indicia-interactiv.nl\/app\/uploads\/sites\/9\/2024\/02\/baner-produkcja-tablet-300x150.jpg 300w, https:\/\/riwal-wpn.acceptatie.indicia-interactiv.nl\/app\/uploads\/sites\/9\/2024\/02\/baner-produkcja-tablet-1024x512.jpg 1024w, https:\/\/riwal-wpn.acceptatie.indicia-interactiv.nl\/app\/uploads\/sites\/9\/2024\/02\/baner-produkcja-tablet-768x384.jpg 768w, https:\/\/riwal-wpn.acceptatie.indicia-interactiv.nl\/app\/uploads\/sites\/9\/2024\/02\/baner-produkcja-tablet-178x89.jpg 178w, https:\/\/riwal-wpn.acceptatie.indicia-interactiv.nl\/app\/uploads\/sites\/9\/2024\/02\/baner-produkcja-tablet-390x195.jpg 390w, https:\/\/riwal-wpn.acceptatie.indicia-interactiv.nl\/app\/uploads\/sites\/9\/2024\/02\/baner-produkcja-tablet-830x415.jpg 830w, https:\/\/riwal-wpn.acceptatie.indicia-interactiv.nl\/app\/uploads\/sites\/9\/2024\/02\/baner-produkcja-tablet-250x125.jpg 250w, https:\/\/riwal-wpn.acceptatie.indicia-interactiv.nl\/app\/uploads\/sites\/9\/2024\/02\/baner-produkcja-tablet-620x310.jpg 620w, https:\/\/riwal-wpn.acceptatie.indicia-interactiv.nl\/app\/uploads\/sites\/9\/2024\/02\/baner-produkcja-tablet-237x119.jpg 237w, https:\/\/riwal-wpn.acceptatie.indicia-interactiv.nl\/app\/uploads\/sites\/9\/2024\/02\/baner-produkcja-tablet-474x237.jpg 474w\" sizes=\"(max-width: 1200px) 100vw, 1200px\" \/>\t\t<div class=\"container\">\n\t\t<h1 class='wp-block-rental-theme-header__title' style='position: absolute; min-height: 120px'>Produkcja przemys\u0142owa<\/h1>\t<\/div>\n<\/div>\n\n\n<div class=\"container\">\n<p><\/p>\n<\/div>\n\n<div class=\"container\">\n<h1 class=\"wp-block-heading\" id=\"h-szukasz-rozwiazan-do-pracy-na-wysokosci-w-zakladzie-produkcyjnym\" style=\"font-size:40px;font-style:normal;font-weight:100\">SZUKASZ ROZWI\u0104ZA\u0143 DO PRACY NA WYSOKO\u015aCI W ZAK\u0141ADZIE PRODUKCYJNYM?<\/h1>\n<\/div>\n\n<div class=\"container\">\n<p>Utrzymanie ruchu w produkcji to du\u017ce wyzwanie. Drobne awarie, kt\u00f3re mog\u0105 zdarzy\u0107 si\u0119 ka\u017cdego dnia nie powinny dezorganizowa\u0107 pracy ani powodowa\u0107 przestoj\u00f3w. Dlatego Riwal ma bezpieczne rozwi\u0105zania do pracy na wysoko\u015bci do r\u00f3\u017cnych zastosowa\u0144 dla przemys\u0142u.<\/p>\n<\/div>\n\n<div class=\"container\">\n<p>Bez wzgl\u0119du na to, czy realizujesz doroczny przegl\u0105d instalacji klimatyzacji, czy b\u0119dziesz przeprowadza\u0107 prace konserwacyjne czy potrzebujesz podno\u015bnika no\u017cycowego do utrzymania linii technologicznych, Riwal dobierze sprz\u0119t, kt\u00f3ry pozwoli Ci wykonywa\u0107 prace bezpiecznie i efektywnie.<\/p>\n<\/div>\n\n<div class=\"container\">\n<p><\/p>\n<\/div>\n\n<div class=\"container\">\n<h2 class=\"wp-block-heading\" style=\"font-size:21px\"><strong>SPRAWDZONE MASZYNY DO OBS\u0141UGI PRZEMYS\u0141U<\/strong><\/h2>\n<\/div>\n\n<div class=\"container\">\n<p>Flota na wynajem Riwal obejmuje <a href=\"https:\/\/riwal-wpn.acceptatie.indicia-interactiv.nl\/poland\/pl-pl\/wynajem\/podesty-ruchome\/podesty-nozycowe\">podno\u015bniki no\u017cycowe<\/a>, podno\u015bniki koszowe (<a href=\"https:\/\/riwal-wpn.acceptatie.indicia-interactiv.nl\/poland\/pl-pl\/wynajem\/podesty-ruchome\/podesty-przegubowe\">przegubowe<\/a>, <a href=\"https:\/\/riwal-wpn.acceptatie.indicia-interactiv.nl\/poland\/pl-pl\/wynajem\/podesty-ruchome\/podesty-masztowe\">masztowe<\/a>, <a href=\"https:\/\/riwal-wpn.acceptatie.indicia-interactiv.nl\/poland\/pl-pl\/wynajem\/podesty-ruchome\/podesty-teleskopowe\">teleskopowe<\/a>, <a href=\"https:\/\/riwal-wpn.acceptatie.indicia-interactiv.nl\/poland\/pl-pl\/wynajem\/podesty-ruchome\/podesty-na-przyczepkach\">na przyczepach<\/a>) oraz <a href=\"https:\/\/riwal-wpn.acceptatie.indicia-interactiv.nl\/poland\/pl-pl\/wynajem\/ladowarki-teleskopowe\/ladowarki-teleskopowe\">\u0142adowarki teleskopowe<\/a> i <a href=\"https:\/\/riwal-wpn.acceptatie.indicia-interactiv.nl\/poland\/pl-pl\/wynajem\/wozki-widlowe\/wozki-widlowe\">obrotowe, a tak\u017ce w\u00f3zki wid\u0142owe na wynajem.<\/a><\/p>\n<\/div>\n\n<div class=\"container\">\n<p>Do obs\u0142ugi budynk\u00f3w produkcyjnych, gdzie praca na wysoko\u015bci odbywa si\u0119 g\u0142\u00f3wnie wewn\u0105trz obiekt\u00f3w polecamy w szczeg\u00f3lno\u015bci maszyny o nap\u0119dzie elektrycznym \u2013 przyjazne dla \u015brodowiska i ciche, na bia\u0142ych ko\u0142ach, kt\u00f3re nie pozostawiaj\u0105 \u015blad\u00f3w na posadzce obiektu. Ponadto, ich kompaktowe wymiary i du\u017ca zwrotno\u015b\u0107 sprawiaj\u0105, \u017ce podno\u015bniki z \u0142atwo\u015bci\u0105 przejad\u0105 w w\u0105skich przej\u015bciach i skr\u0119c\u0105 w ciasnych alejkach. Doskonale spe\u0142ni\u0105 swoje zadanie:<\/p>\n<\/div>\n\n<div class=\"container\">\n<ul class=\"wp-block-list\">\n<li><a href=\"https:\/\/riwal-wpn.acceptatie.indicia-interactiv.nl\/poland\/pl-pl\/rental\/products\/5637179480_esn097(2)\">Podno\u015bnik no\u017cycowy elektryczny JLG 2632ES<\/a> &#8211; wysoko\u015b\u0107 robocza 9,77m, szeroko\u015b\u0107 maszyny 0,81m<\/li>\n\n\n\n<li><a href=\"https:\/\/riwal-wpn.acceptatie.indicia-interactiv.nl\/poland\/pl-pl\/rental\/products\/5637182581es140\">Podno\u015bnik no\u017cycowy elektryczny JLG 4045R<\/a> &#8211; wysoko\u015bc robocza 13,96m, szeroko\u015b\u0107 maszyny 1,14m. Ten podest ruchomy mo\u017ce pracowa\u0107 wewn\u0105trz i na zewn\u0105trz obiekt\u00f3w!<\/li>\n\n\n\n<li><a href=\"https:\/\/riwal-wpn.acceptatie.indicia-interactiv.nl\/poland\/pl-pl\/rental\/products\/5637187831jlgt12e\">Podno\u015bnik masztowy JLG Toucan 12E+<\/a> &#8211; wysoko\u015b\u0107 robocza 12,65m, wysi\u0119g boczny 6,05m<\/li>\n\n\n\n<li><a href=\"https:\/\/riwal-wpn.acceptatie.indicia-interactiv.nl\/poland\/pl-pl\/rental\/products\/5637179536_ae155\">Podno\u015bnik przegubowy elektryczny JLG E450AJ<\/a> &#8211; wysoko\u015b\u0107 robocza 15,72m, wysi\u0119g boczny 7,24m. Rozwi\u0105zanie pozwalaj\u0105ce si\u0119gn\u0105\u0107 do instalacji ponad lini\u0105 produkcyjn\u0105.<\/li>\n\n\n\n<li><a href=\"https:\/\/riwal-wpn.acceptatie.indicia-interactiv.nl\/poland\/pl-pl\/sale-new\/products\/5637191826s_jlg_dsp_m\">Podno\u015bnik magazynowy JLG DSP-M<\/a> &#8211; wysoko\u015b\u0107 robocza 6,55m. Posiada dodatkow\u0105 p\u00f3\u0142k\u0119 do transportu \u0142adunk\u00f3w.<\/li>\n<\/ul>\n<\/div>\n\n<div class=\"container\">\n<p><\/p>\n<\/div>\n\n<div class=\"container\">\n<h2 class=\"wp-block-heading\" style=\"font-size:21px\"><strong>WYNAJEM KR\u00d3TKOTERMINOWY \u2013 STR I WYNAJEM D\u0141UGOTERMINOWY \u2013 LTR<\/strong><\/h2>\n<\/div>\n\n<div class=\"container\">\n<p>Zale\u017cnie od tego, czy potrzebna jest maszyna do bie\u017c\u0105cej obs\u0142ugi obiektu, kt\u00f3ra b\u0119dzie dost\u0119pna 24\/7, czy te\u017c na wynajem dora\u017any, Riwal zapewni r\u00f3\u017cne rozwi\u0105zania.<\/p>\n<\/div>\n\n<div class=\"container\">\n<p>&#8211; <a href=\"https:\/\/riwal-wpn.acceptatie.indicia-interactiv.nl\/poland\/pl-pl\/wynajem\">wynajem kr\u00f3tkoterminowy<\/a> \u2013 obejmuj\u0105cy okres od nawet 1 doby do 12 miesi\u0119cy \u2013 kiedy podno\u015bnik jest potrzebny do okresowo wykonywanych prac na wysoko\u015bci w zak\u0142adzie produkcyjnym i jego otoczeniu,<\/p>\n<\/div>\n\n<div class=\"container\">\n<p>&#8211; <a href=\"https:\/\/riwal-wpn.acceptatie.indicia-interactiv.nl\/poland\/pl-pl\/wynajem\/wynajem-dlugoterminowy\">wynajem d\u0142ugoterminowy<\/a> \u2013 mo\u017cna powiedzie\u0107, \u017ce to wzi\u0119cie maszyny w abonamencie na bardzo korzystnych warunkach. W takim przypadku sprz\u0119t jest do dyspozycji klienta przez ca\u0142y czas, a serwis i konserwacja maszyny jest po stronie RIWAL. Podno\u015bniki no\u017cycowe czy koszowe wynajmowane na okres ponad 12 miesi\u0119cy mog\u0105 by\u0107\u00a0 indywidualnie przystosowane do potrzeb klienta. Mo\u017ce to by\u0107 wyposa\u017cenie w wytrzyma\u0142e akumulatory AGM, a w przypadku produkcji spo\u017cywczej maszyna mo\u017ce pracowa\u0107 na oleju dozwolonym w bran\u017cy spo\u017cywczej, czy by\u0107 pokryta specjalistyczn\u0105 pow\u0142ok\u0105 ochronn\u0105.<\/p>\n<\/div>\n\n<div class=\"container\">\n<p><\/p>\n<\/div>\n\n<div class=\"container\">\n<h2 class=\"wp-block-heading\" style=\"font-size:21px\"><strong>JAKO\u015a\u0106 I BEZPIECZE\u0143STWO DLA PRODUKCJI<\/strong><\/h2>\n<\/div>\n\n<div class=\"container\">\n<p>Bezpiecze\u0144stwo i efektywno\u015b\u0107 pracy licz\u0105 si\u0119 najbardziej. W Riwal wiemy o tym, dlatego maszyny na wynajem z naszej firmy pochodz\u0105 od sprawdzonych, znanych na ca\u0142ym \u015bwiecie producent\u00f3w jak JLG, Magni, Dinolift. Flota jest sukcesywnie wymieniana, a ka\u017cda maszyna pomi\u0119dzy jednym a drugim wynajem jest dwukrotnie sprawdzana pod k\u0105tem jej pe\u0142nej sprawno\u015bci. Gwarantujemy bezpiecze\u0144stwo pracy! O jako\u015bci us\u0142ug Riwal \u015bwiadcz\u0105 <a href=\"https:\/\/riwal-wpn.acceptatie.indicia-interactiv.nl\/poland\/pl-pl\/aktualnosci\/certyfikaty-iso-dla-riwal\"><strong>certyfikaty ISO<\/strong><\/a><strong>.<\/strong><\/p>\n<\/div>\n\n<div class=\"container\">\n<p>Gdyby jednak zdarzy\u0142a si\u0119 awaria, do dyspozycji klient\u00f3w jest <a href=\"https:\/\/riwal-wpn.acceptatie.indicia-interactiv.nl\/poland\/pl-pl\/wynajem\/zgloszenie-awarii-maszyny\">serwis <\/a>mobilny. Jeden z kilkunastu naszych mobilnych mechanik\u00f3w pojawia si\u0119 na budowie i w ci\u0105gu 5,5 godziny naprawia maszyn\u0119 na miejscu.\u00a0 Dbamy o to, \u017ceby klienci zachowali ci\u0105g\u0142o\u015b\u0107 pracy!<\/p>\n<\/div>\n\n<div class=\"container\">\n<h2 class=\"wp-block-heading\" style=\"font-size:21px\"><strong>PODNOSZENIE KWALIFIKACJI PRACOWNIK\u00d3W<\/strong><\/h2>\n<\/div>\n\n<div class=\"container\">\n<p>Maj\u0105c na uwadze bezpiecze\u0144stwie pracy na wysoko\u015bci, prowadzimy tak\u017ce <a href=\"https:\/\/riwal-wpn.acceptatie.indicia-interactiv.nl\/poland\/pl-pl\/szkolenia\">kursy UDT dla operator\u00f3w <\/a>podest\u00f3w ruchomych, w\u00f3zk\u00f3w wid\u0142owych i \u0142adowarek teleskopowych.<\/p>\n<\/div>\n\n<div class=\"container\">\n<p>Naszym klientom oferujemy tak\u017ce mo\u017cliwo\u015b\u0107 regularnego sprawdzania i poprawy umiej\u0119tno\u015bci obs\u0142ugi podest\u00f3w ruchomych w kontrolowanym \u015brodowisku. Jako jedyni w Polsce posiadamy <a href=\"https:\/\/riwal-wpn.acceptatie.indicia-interactiv.nl\/poland\/pl-pl\/rozwiazania\/innowacje\/vr-symulator-szkolen\">VR &#8211; Symulator podest\u00f3w ruchomych<\/a> &#8211; urz\u0105dzenie sk\u0142adaj\u0105ce si\u0119 z kosza z panelem sterowania oraz gogli pozwalaj\u0105ce na odbycie treningu na r\u00f3\u017cnych podno\u015bnikach no\u017cycowych i koszowych w 54 scenariuszach. Nasze urz\u0105dzenie jest mobilne, wi\u0119c mo\u017cemy przyjecha\u0107 do lokalizacji klienta w ka\u017cdej chwili! Bo bezpiecze\u0144stwo, a co si\u0119 z tym wi\u0105\u017ce, zdrowie i \u017cycie pracownik\u00f3w s\u0105 bezcenne!<\/p>\n<\/div>\n\n<div class=\"container\">\n<p><strong><a href=\"\/app\/uploads\/sites\/9\/2024\/02\/Przemysl.pdf\">Pobierz nasz\u0105 ulotk\u0119 dedykowan\u0105 bran\u017com produkcyjnym.<\/a><\/strong><\/p>\n<\/div>\n\n<div class=\"container\">\n<figure class=\"wp-block-image size-full\"><a href=\"\/app\/uploads\/sites\/9\/2024\/02\/Przemysl.pdf\"><img loading=\"lazy\" decoding=\"async\" width=\"325\" height=\"236\" src=\"https:\/\/riwal-wpn.acceptatie.indicia-interactiv.nl\/app\/uploads\/sites\/9\/2024\/02\/VR.webp\" alt=\"\" class=\"wp-image-7108\" srcset=\"https:\/\/riwal-wpn.acceptatie.indicia-interactiv.nl\/app\/uploads\/sites\/9\/2024\/02\/VR.webp 325w, https:\/\/riwal-wpn.acceptatie.indicia-interactiv.nl\/app\/uploads\/sites\/9\/2024\/02\/VR-300x218.webp 300w, https:\/\/riwal-wpn.acceptatie.indicia-interactiv.nl\/app\/uploads\/sites\/9\/2024\/02\/VR-178x129.webp 178w, https:\/\/riwal-wpn.acceptatie.indicia-interactiv.nl\/app\/uploads\/sites\/9\/2024\/02\/VR-250x182.webp 250w, https:\/\/riwal-wpn.acceptatie.indicia-interactiv.nl\/app\/uploads\/sites\/9\/2024\/02\/VR-237x172.webp 237w\" sizes=\"auto, (max-width: 325px) 100vw, 325px\" \/><\/a><\/figure>\n<\/div>","protected":false},"excerpt":{"rendered":"<p>SZUKASZ ROZWI\u0104ZA\u0143 DO PRACY NA WYSOKO\u015aCI W ZAK\u0141ADZIE PRODUKCYJNYM? Utrzymanie ruchu w produkcji to du\u017ce wyzwanie. Drobne awarie, kt\u00f3re mog\u0105 zdarzy\u0107 si\u0119 ka\u017cdego dnia nie powinny dezorganizowa\u0107 pracy ani powodowa\u0107 przestoj\u00f3w. Dlatego Riwal ma bezpieczne rozwi\u0105zania do pracy na wysoko\u015bci do r\u00f3\u017cnych zastosowa\u0144 dla przemys\u0142u. Bez wzgl\u0119du na to, czy realizujesz doroczny przegl\u0105d instalacji klimatyzacji, &hellip; <a href=\"https:\/\/riwal-wpn.acceptatie.indicia-interactiv.nl\/pl\/branze\/przemysl\/\">Kontynuuacja<\/a><\/p>\n","protected":false},"author":31,"featured_media":0,"parent":5814,"menu_order":0,"comment_status":"closed","ping_status":"closed","template":"","meta":{"_acf_changed":false,"editor_notices":[],"footnotes":""},"class_list":["post-7106","page","type-page","status-publish","hentry"],"acf":[],"yoast_head":"<!-- This site is optimized with the Yoast SEO Premium plugin v27.1 (Yoast SEO v27.1.1) - https:\/\/yoast.com\/product\/yoast-seo-premium-wordpress\/ -->\n<title>Przemys\u0142 - Riwal - Polska<\/title>\n<meta name=\"robots\" content=\"noindex, follow, max-snippet:-1, max-image-preview:large, max-video-preview:-1\" \/>\n<meta property=\"og:locale\" content=\"pl_PL\" \/>\n<meta property=\"og:type\" content=\"article\" \/>\n<meta property=\"og:title\" content=\"Przemys\u0142\" \/>\n<meta property=\"og:description\" content=\"SZUKASZ ROZWI\u0104ZA\u0143 DO PRACY NA WYSOKO\u015aCI W ZAK\u0141ADZIE PRODUKCYJNYM? Utrzymanie ruchu w produkcji to du\u017ce wyzwanie. Drobne awarie, kt\u00f3re mog\u0105 zdarzy\u0107 si\u0119 ka\u017cdego dnia nie powinny dezorganizowa\u0107 pracy ani powodowa\u0107 przestoj\u00f3w. Dlatego Riwal ma bezpieczne rozwi\u0105zania do pracy na wysoko\u015bci do r\u00f3\u017cnych zastosowa\u0144 dla przemys\u0142u. Bez wzgl\u0119du na to, czy realizujesz doroczny przegl\u0105d instalacji klimatyzacji, &hellip; Kontynuuacja\" \/>\n<meta property=\"og:url\" content=\"https:\/\/riwal-wpn.acceptatie.indicia-interactiv.nl\/pl\/branze\/przemysl\/\" \/>\n<meta property=\"og:site_name\" content=\"Riwal - Polska\" \/>\n<meta property=\"article:modified_time\" content=\"2024-02-05T10:40:01+00:00\" \/>\n<meta property=\"og:image\" content=\"https:\/\/riwal-wpn.acceptatie.indicia-interactiv.nl\/app\/uploads\/sites\/9\/2024\/02\/VR.webp\" \/>\n<meta name=\"twitter:card\" content=\"summary_large_image\" \/>\n<meta name=\"twitter:label1\" content=\"Est. reading time\" \/>\n\t<meta name=\"twitter:data1\" content=\"4 minuty\" \/>\n<script type=\"application\/ld+json\" class=\"yoast-schema-graph\">{\"@context\":\"https:\/\/schema.org\",\"@graph\":[{\"@type\":\"WebPage\",\"@id\":\"https:\/\/riwal-wpn.acceptatie.indicia-interactiv.nl\/pl\/branze\/przemysl\/\",\"url\":\"https:\/\/riwal-wpn.acceptatie.indicia-interactiv.nl\/pl\/branze\/przemysl\/\",\"name\":\"Przemys\u0142 - Riwal - Polska\",\"isPartOf\":{\"@id\":\"https:\/\/riwal-wpn.acceptatie.indicia-interactiv.nl\/pl\/#website\"},\"primaryImageOfPage\":{\"@id\":\"https:\/\/riwal-wpn.acceptatie.indicia-interactiv.nl\/pl\/branze\/przemysl\/#primaryimage\"},\"image\":{\"@id\":\"https:\/\/riwal-wpn.acceptatie.indicia-interactiv.nl\/pl\/branze\/przemysl\/#primaryimage\"},\"thumbnailUrl\":\"https:\/\/riwal-wpn.acceptatie.indicia-interactiv.nl\/app\/uploads\/sites\/9\/2024\/02\/VR.webp\",\"datePublished\":\"2024-02-05T10:39:33+00:00\",\"dateModified\":\"2024-02-05T10:40:01+00:00\",\"breadcrumb\":{\"@id\":\"https:\/\/riwal-wpn.acceptatie.indicia-interactiv.nl\/pl\/branze\/przemysl\/#breadcrumb\"},\"inLanguage\":\"pl-PL\",\"potentialAction\":[{\"@type\":\"ReadAction\",\"target\":[\"https:\/\/riwal-wpn.acceptatie.indicia-interactiv.nl\/pl\/branze\/przemysl\/\"]}]},{\"@type\":\"ImageObject\",\"inLanguage\":\"pl-PL\",\"@id\":\"https:\/\/riwal-wpn.acceptatie.indicia-interactiv.nl\/pl\/branze\/przemysl\/#primaryimage\",\"url\":\"https:\/\/riwal-wpn.acceptatie.indicia-interactiv.nl\/app\/uploads\/sites\/9\/2024\/02\/VR.webp\",\"contentUrl\":\"https:\/\/riwal-wpn.acceptatie.indicia-interactiv.nl\/app\/uploads\/sites\/9\/2024\/02\/VR.webp\"},{\"@type\":\"BreadcrumbList\",\"@id\":\"https:\/\/riwal-wpn.acceptatie.indicia-interactiv.nl\/pl\/branze\/przemysl\/#breadcrumb\",\"itemListElement\":[{\"@type\":\"ListItem\",\"position\":1,\"name\":\"Strona g\u0142\u00f3wna\",\"item\":\"https:\/\/riwal-wpn.acceptatie.indicia-interactiv.nl\/pl\/\"},{\"@type\":\"ListItem\",\"position\":2,\"name\":\"Bran\u017ce\",\"item\":\"https:\/\/riwal-wpn.acceptatie.indicia-interactiv.nl\/pl\/branze\/\"},{\"@type\":\"ListItem\",\"position\":3,\"name\":\"Przemys\u0142\"}]},{\"@type\":\"WebSite\",\"@id\":\"https:\/\/riwal-wpn.acceptatie.indicia-interactiv.nl\/pl\/#website\",\"url\":\"https:\/\/riwal-wpn.acceptatie.indicia-interactiv.nl\/pl\/\",\"name\":\"Riwal\",\"description\":\"Arial work platform &amp; Telehandler Rental\/Sales\",\"publisher\":{\"@id\":\"https:\/\/riwal-wpn.acceptatie.indicia-interactiv.nl\/pl\/#organization\"},\"potentialAction\":[{\"@type\":\"SearchAction\",\"target\":{\"@type\":\"EntryPoint\",\"urlTemplate\":\"https:\/\/riwal-wpn.acceptatie.indicia-interactiv.nl\/pl\/?s={search_term_string}\"},\"query-input\":{\"@type\":\"PropertyValueSpecification\",\"valueRequired\":true,\"valueName\":\"search_term_string\"}}],\"inLanguage\":\"pl-PL\"},{\"@type\":\"Organization\",\"@id\":\"https:\/\/riwal-wpn.acceptatie.indicia-interactiv.nl\/pl\/#organization\",\"name\":\"Riwal\",\"url\":\"https:\/\/riwal-wpn.acceptatie.indicia-interactiv.nl\/pl\/\",\"logo\":{\"@type\":\"ImageObject\",\"inLanguage\":\"pl-PL\",\"@id\":\"https:\/\/riwal-wpn.acceptatie.indicia-interactiv.nl\/pl\/#\/schema\/logo\/image\/\",\"url\":\"\",\"contentUrl\":\"\",\"caption\":\"Riwal\"},\"image\":{\"@id\":\"https:\/\/riwal-wpn.acceptatie.indicia-interactiv.nl\/pl\/#\/schema\/logo\/image\/\"}}]}<\/script>\n<!-- \/ Yoast SEO Premium plugin. -->","yoast_head_json":{"title":"Przemys\u0142 - Riwal - Polska","robots":{"index":"noindex","follow":"follow","max-snippet":"max-snippet:-1","max-image-preview":"max-image-preview:large","max-video-preview":"max-video-preview:-1"},"og_locale":"pl_PL","og_type":"article","og_title":"Przemys\u0142","og_description":"SZUKASZ ROZWI\u0104ZA\u0143 DO PRACY NA WYSOKO\u015aCI W ZAK\u0141ADZIE PRODUKCYJNYM? Utrzymanie ruchu w produkcji to du\u017ce wyzwanie. Drobne awarie, kt\u00f3re mog\u0105 zdarzy\u0107 si\u0119 ka\u017cdego dnia nie powinny dezorganizowa\u0107 pracy ani powodowa\u0107 przestoj\u00f3w. Dlatego Riwal ma bezpieczne rozwi\u0105zania do pracy na wysoko\u015bci do r\u00f3\u017cnych zastosowa\u0144 dla przemys\u0142u. Bez wzgl\u0119du na to, czy realizujesz doroczny przegl\u0105d instalacji klimatyzacji, &hellip; Kontynuuacja","og_url":"https:\/\/riwal-wpn.acceptatie.indicia-interactiv.nl\/pl\/branze\/przemysl\/","og_site_name":"Riwal - Polska","article_modified_time":"2024-02-05T10:40:01+00:00","og_image":[{"url":"https:\/\/riwal-wpn.acceptatie.indicia-interactiv.nl\/app\/uploads\/sites\/9\/2024\/02\/VR.webp","type":"","width":"","height":""}],"twitter_card":"summary_large_image","twitter_misc":{"Est. reading time":"4 minuty"},"schema":{"@context":"https:\/\/schema.org","@graph":[{"@type":"WebPage","@id":"https:\/\/riwal-wpn.acceptatie.indicia-interactiv.nl\/pl\/branze\/przemysl\/","url":"https:\/\/riwal-wpn.acceptatie.indicia-interactiv.nl\/pl\/branze\/przemysl\/","name":"Przemys\u0142 - Riwal - Polska","isPartOf":{"@id":"https:\/\/riwal-wpn.acceptatie.indicia-interactiv.nl\/pl\/#website"},"primaryImageOfPage":{"@id":"https:\/\/riwal-wpn.acceptatie.indicia-interactiv.nl\/pl\/branze\/przemysl\/#primaryimage"},"image":{"@id":"https:\/\/riwal-wpn.acceptatie.indicia-interactiv.nl\/pl\/branze\/przemysl\/#primaryimage"},"thumbnailUrl":"https:\/\/riwal-wpn.acceptatie.indicia-interactiv.nl\/app\/uploads\/sites\/9\/2024\/02\/VR.webp","datePublished":"2024-02-05T10:39:33+00:00","dateModified":"2024-02-05T10:40:01+00:00","breadcrumb":{"@id":"https:\/\/riwal-wpn.acceptatie.indicia-interactiv.nl\/pl\/branze\/przemysl\/#breadcrumb"},"inLanguage":"pl-PL","potentialAction":[{"@type":"ReadAction","target":["https:\/\/riwal-wpn.acceptatie.indicia-interactiv.nl\/pl\/branze\/przemysl\/"]}]},{"@type":"ImageObject","inLanguage":"pl-PL","@id":"https:\/\/riwal-wpn.acceptatie.indicia-interactiv.nl\/pl\/branze\/przemysl\/#primaryimage","url":"https:\/\/riwal-wpn.acceptatie.indicia-interactiv.nl\/app\/uploads\/sites\/9\/2024\/02\/VR.webp","contentUrl":"https:\/\/riwal-wpn.acceptatie.indicia-interactiv.nl\/app\/uploads\/sites\/9\/2024\/02\/VR.webp"},{"@type":"BreadcrumbList","@id":"https:\/\/riwal-wpn.acceptatie.indicia-interactiv.nl\/pl\/branze\/przemysl\/#breadcrumb","itemListElement":[{"@type":"ListItem","position":1,"name":"Strona g\u0142\u00f3wna","item":"https:\/\/riwal-wpn.acceptatie.indicia-interactiv.nl\/pl\/"},{"@type":"ListItem","position":2,"name":"Bran\u017ce","item":"https:\/\/riwal-wpn.acceptatie.indicia-interactiv.nl\/pl\/branze\/"},{"@type":"ListItem","position":3,"name":"Przemys\u0142"}]},{"@type":"WebSite","@id":"https:\/\/riwal-wpn.acceptatie.indicia-interactiv.nl\/pl\/#website","url":"https:\/\/riwal-wpn.acceptatie.indicia-interactiv.nl\/pl\/","name":"Riwal","description":"Arial work platform &amp; Telehandler Rental\/Sales","publisher":{"@id":"https:\/\/riwal-wpn.acceptatie.indicia-interactiv.nl\/pl\/#organization"},"potentialAction":[{"@type":"SearchAction","target":{"@type":"EntryPoint","urlTemplate":"https:\/\/riwal-wpn.acceptatie.indicia-interactiv.nl\/pl\/?s={search_term_string}"},"query-input":{"@type":"PropertyValueSpecification","valueRequired":true,"valueName":"search_term_string"}}],"inLanguage":"pl-PL"},{"@type":"Organization","@id":"https:\/\/riwal-wpn.acceptatie.indicia-interactiv.nl\/pl\/#organization","name":"Riwal","url":"https:\/\/riwal-wpn.acceptatie.indicia-interactiv.nl\/pl\/","logo":{"@type":"ImageObject","inLanguage":"pl-PL","@id":"https:\/\/riwal-wpn.acceptatie.indicia-interactiv.nl\/pl\/#\/schema\/logo\/image\/","url":"","contentUrl":"","caption":"Riwal"},"image":{"@id":"https:\/\/riwal-wpn.acceptatie.indicia-interactiv.nl\/pl\/#\/schema\/logo\/image\/"}}]}},"_links":{"self":[{"href":"https:\/\/riwal-wpn.acceptatie.indicia-interactiv.nl\/pl\/wp-json\/wp\/v2\/pages\/7106","targetHints":{"allow":["GET"]}}],"collection":[{"href":"https:\/\/riwal-wpn.acceptatie.indicia-interactiv.nl\/pl\/wp-json\/wp\/v2\/pages"}],"about":[{"href":"https:\/\/riwal-wpn.acceptatie.indicia-interactiv.nl\/pl\/wp-json\/wp\/v2\/types\/page"}],"author":[{"embeddable":true,"href":"https:\/\/riwal-wpn.acceptatie.indicia-interactiv.nl\/pl\/wp-json\/wp\/v2\/users\/31"}],"replies":[{"embeddable":true,"href":"https:\/\/riwal-wpn.acceptatie.indicia-interactiv.nl\/pl\/wp-json\/wp\/v2\/comments?post=7106"}],"version-history":[{"count":2,"href":"https:\/\/riwal-wpn.acceptatie.indicia-interactiv.nl\/pl\/wp-json\/wp\/v2\/pages\/7106\/revisions"}],"predecessor-version":[{"id":7111,"href":"https:\/\/riwal-wpn.acceptatie.indicia-interactiv.nl\/pl\/wp-json\/wp\/v2\/pages\/7106\/revisions\/7111"}],"up":[{"embeddable":true,"href":"https:\/\/riwal-wpn.acceptatie.indicia-interactiv.nl\/pl\/wp-json\/wp\/v2\/pages\/5814"}],"wp:attachment":[{"href":"https:\/\/riwal-wpn.acceptatie.indicia-interactiv.nl\/pl\/wp-json\/wp\/v2\/media?parent=7106"}],"curies":[{"name":"wp","href":"https:\/\/api.w.org\/{rel}","templated":true}]}}