{"id":7112,"date":"2024-02-05T10:44:05","date_gmt":"2024-02-05T10:44:05","guid":{"rendered":"https:\/\/riwal-wpn.acceptatie.indicia-interactiv.nl\/pl\/?page_id=7112"},"modified":"2024-02-05T10:44:06","modified_gmt":"2024-02-05T10:44:06","slug":"relokacja-maszyn","status":"publish","type":"page","link":"https:\/\/riwal-wpn.acceptatie.indicia-interactiv.nl\/pl\/branze\/relokacja-maszyn\/","title":{"rendered":"Relokacja maszyn"},"content":{"rendered":"\n<div class=\"wp-block-rental-theme-header\">\n\t<div class=\"wp-block-rental-theme-header__lines\">\n\t\t<svg width=\"726\" height=\"442\" viewBox=\"0 0 726 442\" fill=\"none\" xmlns=\"http:\/\/www.w3.org\/2000\/svg\"><g opacity=\".5\"><mask id=\"path-1-inside-1_1_2\" fill=\"#fff\"><path fill-rule=\"evenodd\" clip-rule=\"evenodd\" d=\"M441.458.5H284.542L0 285.042v156.917l156.917-.001L363 235.876l206.083 206.082 156.917.001V285.042L441.458.5Z\"\/><\/mask><path d=\"M284.542.5v-1h-.415l-.292.293.707.707Zm156.916 0 .708-.707-.293-.293h-.415v1ZM0 285.042l-.707-.708-.293.293v.415h1Zm0 156.917h-1v1h1v-1Zm156.917-.001v1h.414l.293-.292-.707-.708ZM363 235.876l.707-.708-.707-.707-.707.707.707.708Zm206.083 206.082-.707.708.293.292h.414v-1Zm156.917.001v1h1v-1h-1Zm0-156.917h1v-.415l-.293-.293-.707.708ZM284.542 1.5h156.916v-2H284.542v2ZM.707 285.749 285.25 1.207l-1.414-1.414L-.707 284.334l1.414 1.415ZM1 441.959V285.042h-2v156.917h2Zm155.917-1.001L0 440.959v2l156.917-.001v-2Zm205.376-205.79L156.21 441.251l1.414 1.415 206.083-206.083-1.414-1.415Zm0 1.415 206.083 206.083 1.414-1.415-206.083-206.083-1.414 1.415Zm206.79 206.375 156.917.001v-2l-156.917-.001v2ZM727 441.959V285.042h-2v156.917h2Zm-.293-157.625L442.166-.206l-1.415 1.413L725.293 285.75l1.414-1.415Z\" fill=\"#5B728B\" mask=\"url(#path-1-inside-1_1_2)\"\/><\/g><\/svg>\t\t<svg width=\"726\" height=\"442\" viewBox=\"0 0 726 442\" fill=\"none\" xmlns=\"http:\/\/www.w3.org\/2000\/svg\"><g opacity=\".5\"><mask id=\"path-1-inside-1_1_2\" fill=\"#fff\"><path fill-rule=\"evenodd\" clip-rule=\"evenodd\" d=\"M441.458.5H284.542L0 285.042v156.917l156.917-.001L363 235.876l206.083 206.082 156.917.001V285.042L441.458.5Z\"\/><\/mask><path d=\"M284.542.5v-1h-.415l-.292.293.707.707Zm156.916 0 .708-.707-.293-.293h-.415v1ZM0 285.042l-.707-.708-.293.293v.415h1Zm0 156.917h-1v1h1v-1Zm156.917-.001v1h.414l.293-.292-.707-.708ZM363 235.876l.707-.708-.707-.707-.707.707.707.708Zm206.083 206.082-.707.708.293.292h.414v-1Zm156.917.001v1h1v-1h-1Zm0-156.917h1v-.415l-.293-.293-.707.708ZM284.542 1.5h156.916v-2H284.542v2ZM.707 285.749 285.25 1.207l-1.414-1.414L-.707 284.334l1.414 1.415ZM1 441.959V285.042h-2v156.917h2Zm155.917-1.001L0 440.959v2l156.917-.001v-2Zm205.376-205.79L156.21 441.251l1.414 1.415 206.083-206.083-1.414-1.415Zm0 1.415 206.083 206.083 1.414-1.415-206.083-206.083-1.414 1.415Zm206.79 206.375 156.917.001v-2l-156.917-.001v2ZM727 441.959V285.042h-2v156.917h2Zm-.293-157.625L442.166-.206l-1.415 1.413L725.293 285.75l1.414-1.415Z\" fill=\"#5B728B\" mask=\"url(#path-1-inside-1_1_2)\"\/><\/g><\/svg>\t<\/div>\n\t<img fetchpriority=\"high\" decoding=\"async\" width=\"1200\" height=\"600\" src=\"https:\/\/riwal-wpn.acceptatie.indicia-interactiv.nl\/app\/uploads\/sites\/9\/2024\/02\/relokacja-maszyn-tablet-1200x600-1.png\" class=\"wp-block-rental-theme-header__image wp-block-rental-theme-header__image--desktop\" alt=\"\" loading=\"eager\" srcset=\"https:\/\/riwal-wpn.acceptatie.indicia-interactiv.nl\/app\/uploads\/sites\/9\/2024\/02\/relokacja-maszyn-tablet-1200x600-1.png 1200w, https:\/\/riwal-wpn.acceptatie.indicia-interactiv.nl\/app\/uploads\/sites\/9\/2024\/02\/relokacja-maszyn-tablet-1200x600-1-300x150.png 300w, https:\/\/riwal-wpn.acceptatie.indicia-interactiv.nl\/app\/uploads\/sites\/9\/2024\/02\/relokacja-maszyn-tablet-1200x600-1-1024x512.png 1024w, https:\/\/riwal-wpn.acceptatie.indicia-interactiv.nl\/app\/uploads\/sites\/9\/2024\/02\/relokacja-maszyn-tablet-1200x600-1-768x384.png 768w, https:\/\/riwal-wpn.acceptatie.indicia-interactiv.nl\/app\/uploads\/sites\/9\/2024\/02\/relokacja-maszyn-tablet-1200x600-1-178x89.png 178w, https:\/\/riwal-wpn.acceptatie.indicia-interactiv.nl\/app\/uploads\/sites\/9\/2024\/02\/relokacja-maszyn-tablet-1200x600-1-390x195.png 390w, https:\/\/riwal-wpn.acceptatie.indicia-interactiv.nl\/app\/uploads\/sites\/9\/2024\/02\/relokacja-maszyn-tablet-1200x600-1-830x415.png 830w, https:\/\/riwal-wpn.acceptatie.indicia-interactiv.nl\/app\/uploads\/sites\/9\/2024\/02\/relokacja-maszyn-tablet-1200x600-1-250x125.png 250w, https:\/\/riwal-wpn.acceptatie.indicia-interactiv.nl\/app\/uploads\/sites\/9\/2024\/02\/relokacja-maszyn-tablet-1200x600-1-620x310.png 620w, https:\/\/riwal-wpn.acceptatie.indicia-interactiv.nl\/app\/uploads\/sites\/9\/2024\/02\/relokacja-maszyn-tablet-1200x600-1-237x119.png 237w, https:\/\/riwal-wpn.acceptatie.indicia-interactiv.nl\/app\/uploads\/sites\/9\/2024\/02\/relokacja-maszyn-tablet-1200x600-1-474x237.png 474w\" sizes=\"(max-width: 1200px) 100vw, 1200px\" \/>\t\t<div class=\"container\">\n\t\t<h1 class='wp-block-rental-theme-header__title' style='position: absolute; min-height: 120px'>Relokacja maszyn<\/h1>\t<\/div>\n<\/div>\n\n\n<div class=\"container\">\n<p><\/p>\n<\/div>\n\n<div class=\"container\">\n<h1 class=\"wp-block-heading\" id=\"h-potrzebujesz-odpowiedniego-doboru-sprzetu-do-relokacji-maszyn\" style=\"font-size:40px;font-style:normal;font-weight:100\">POTRZEBUJESZ ODPOWIEDNIEGO DOBORU SPRZ\u0118TU DO RELOKACJI MASZYN?<\/h1>\n<\/div>\n\n<div class=\"container\">\n<p>Maszyny RIWAL \u015bwietnie sprawdzaj\u0105 si\u0119 podczas relokacji maszyn, linii produkcyjnych zar\u00f3wno na potrzeby wewn\u0105trzzak\u0142adowe jaki i w przenoszeniu ich na inne obiekty, w kraju oraz poza granicami. Jeste\u015bmy z klientem od pocz\u0105tku do ko\u0144ca dostarczaj\u0105c w\u00f3zki wid\u0142owe, podesty ruchome oraz \u0142adowarki teleskopowe obrotowe pozwalaj\u0105ce na sprawny za\u0142adunek\/ roz\u0142adunek element\u00f3w oraz ich monta\u017c i demonta\u017c. Gwarantujemy sprz\u0119t spe\u0142niaj\u0105cy nawet najbardziej restrykcyjne wymogi w miejscu gdzie maj\u0105 pracowa\u0107, bez wzgl\u0119du na to, czy obiekt ten znajduj\u0119 si\u0119 w Polsce, czy zagranic\u0105.<\/p>\n<\/div>\n\n<div class=\"container\">\n<p>Cechuje nas:<\/p>\n<\/div>\n\n<div class=\"container\">\n<ul class=\"wp-block-list\">\n<li>Indywidualne podej\u015bcie do potrzeb i wymaga\u0144 klienta,<\/li>\n\n\n\n<li>Dbanie o bezpiecze\u0144stwo i higien\u0119 pracy,<\/li>\n\n\n\n<li>D\u0105\u017cenie do spe\u0142niana najwy\u017cszych standard\u00f3w obs\u0142ugi.<\/li>\n<\/ul>\n<\/div>\n\n<div class=\"container\">\n<p>Wykorzystywane maszyny to:<\/p>\n<\/div>\n\n<div class=\"container\">\n<ul class=\"wp-block-list\">\n<li>W\u00f3zek wid\u0142owy wysokiego sk\u0142adowania <a href=\"https:\/\/riwal-wpn.acceptatie.indicia-interactiv.nl\/poland\/pl-pl\/rental\/products\/5637191585_etv_318\">Jungheinrich ETV 318<\/a> &#8211; wysoko\u015b\u0107 podnoszenia 11,51m, o ud\u017awigu<br>1800 kg<\/li>\n\n\n\n<li>Podno\u015bnik no\u017cycowy elektryczny <a href=\"https:\/\/riwal-wpn.acceptatie.indicia-interactiv.nl\/poland\/pl-pl\/rental\/products\/5637179480_esn097(2)\">JLG 2632ES<\/a> &#8211; o wysoko\u015bci roboczej 9,70m<\/li>\n\n\n\n<li>Podno\u015bnik przegubowy elektryczny <a href=\"https:\/\/riwal-wpn.acceptatie.indicia-interactiv.nl\/poland\/pl-pl\/rental\/products\/5637179534_aen140\">JLG E400AJPN <\/a>&#8211; o wysoko\u015bci roboczej 14,19m<\/li>\n\n\n\n<li>\u0141adowarka teleskopowa obrotowa<a href=\"https:\/\/riwal-wpn.acceptatie.indicia-interactiv.nl\/poland\/pl-pl\/rental\/products\/5637179410thr5021\"> Magni RTH 5.21<\/a> &#8211; wysi\u0119gu bocznym 17,70m, wysoko\u015bci podnoszenia 20,07m, o ud\u017awigu 4999 kg<br><\/li>\n<\/ul>\n<\/div>\n\n<div class=\"container\">\n<p>Wynajem mi\u0119dzynarodowy <br>Potrzebujesz podest\u00f3w ruchomych do pracy za granic\u0105? Skontaktuj si\u0119 z nami &#8211; zrobimy wszystko za Ciebie! <br>Praca za granic\u0105, to nie lada wyzwanie. Ka\u017cdy operator zmaga si\u0119 z walk\u0105 o czas i maszyny. W RIWAL mamy rozwi\u0105zania, kt\u00f3re u\u0142atwi\u0105 prac\u0119 ka\u017cdemu poza granicami kraju. Oferujemy obs\u0142ug\u0119 w j\u0119zyku polskim, jednego opiekuna, kt\u00f3ry zajmie si\u0119 doborem maszyn do indywidualnych potrzeb, jak i wsparciem technicznym w realizacji projektu za granic\u0105.<\/p>\n<\/div>\n\n<div class=\"container\">\n<p><strong><a href=\"\/app\/uploads\/sites\/9\/2024\/02\/Relokacja-maszyn.pdf\">Pobierz ulotk\u0119 RIWAL dotycz\u0105c\u0105 bran\u017cy relokacji maszyn<\/a><\/strong><\/p>\n<\/div>\n\n<div class=\"container\">\n<figure class=\"wp-block-image size-full\"><a href=\"\/app\/uploads\/sites\/9\/2024\/02\/Relokacja-maszyn.pdf\"><img loading=\"lazy\" decoding=\"async\" width=\"200\" height=\"281\" src=\"https:\/\/riwal-wpn.acceptatie.indicia-interactiv.nl\/app\/uploads\/sites\/9\/2024\/02\/relokacja-maszyn-ulotka.webp\" alt=\"\" class=\"wp-image-7114\" srcset=\"https:\/\/riwal-wpn.acceptatie.indicia-interactiv.nl\/app\/uploads\/sites\/9\/2024\/02\/relokacja-maszyn-ulotka.webp 200w, https:\/\/riwal-wpn.acceptatie.indicia-interactiv.nl\/app\/uploads\/sites\/9\/2024\/02\/relokacja-maszyn-ulotka-178x250.webp 178w, https:\/\/riwal-wpn.acceptatie.indicia-interactiv.nl\/app\/uploads\/sites\/9\/2024\/02\/relokacja-maszyn-ulotka-142x200.webp 142w\" sizes=\"auto, (max-width: 200px) 100vw, 200px\" \/><\/a><\/figure>\n<\/div>","protected":false},"excerpt":{"rendered":"<p>POTRZEBUJESZ ODPOWIEDNIEGO DOBORU SPRZ\u0118TU DO RELOKACJI MASZYN? Maszyny RIWAL \u015bwietnie sprawdzaj\u0105 si\u0119 podczas relokacji maszyn, linii produkcyjnych zar\u00f3wno na potrzeby wewn\u0105trzzak\u0142adowe jaki i w przenoszeniu ich na inne obiekty, w kraju oraz poza granicami. Jeste\u015bmy z klientem od pocz\u0105tku do ko\u0144ca dostarczaj\u0105c w\u00f3zki wid\u0142owe, podesty ruchome oraz \u0142adowarki teleskopowe obrotowe pozwalaj\u0105ce na sprawny za\u0142adunek\/ roz\u0142adunek &hellip; <a href=\"https:\/\/riwal-wpn.acceptatie.indicia-interactiv.nl\/pl\/branze\/relokacja-maszyn\/\">Kontynuuacja<\/a><\/p>\n","protected":false},"author":31,"featured_media":0,"parent":5814,"menu_order":0,"comment_status":"closed","ping_status":"closed","template":"","meta":{"_acf_changed":false,"editor_notices":[],"footnotes":""},"class_list":["post-7112","page","type-page","status-publish","hentry"],"acf":[],"yoast_head":"<!-- This site is optimized with the Yoast SEO Premium plugin v27.1 (Yoast SEO v27.1.1) - https:\/\/yoast.com\/product\/yoast-seo-premium-wordpress\/ -->\n<title>Relokacja maszyn - Riwal - Polska<\/title>\n<meta name=\"robots\" content=\"noindex, follow, max-snippet:-1, max-image-preview:large, max-video-preview:-1\" \/>\n<meta property=\"og:locale\" content=\"pl_PL\" \/>\n<meta property=\"og:type\" content=\"article\" \/>\n<meta property=\"og:title\" content=\"Relokacja maszyn\" \/>\n<meta property=\"og:description\" content=\"POTRZEBUJESZ ODPOWIEDNIEGO DOBORU SPRZ\u0118TU DO RELOKACJI MASZYN? Maszyny RIWAL \u015bwietnie sprawdzaj\u0105 si\u0119 podczas relokacji maszyn, linii produkcyjnych zar\u00f3wno na potrzeby wewn\u0105trzzak\u0142adowe jaki i w przenoszeniu ich na inne obiekty, w kraju oraz poza granicami. Jeste\u015bmy z klientem od pocz\u0105tku do ko\u0144ca dostarczaj\u0105c w\u00f3zki wid\u0142owe, podesty ruchome oraz \u0142adowarki teleskopowe obrotowe pozwalaj\u0105ce na sprawny za\u0142adunek\/ roz\u0142adunek &hellip; Kontynuuacja\" \/>\n<meta property=\"og:url\" content=\"https:\/\/riwal-wpn.acceptatie.indicia-interactiv.nl\/pl\/branze\/relokacja-maszyn\/\" \/>\n<meta property=\"og:site_name\" content=\"Riwal - Polska\" \/>\n<meta property=\"article:modified_time\" content=\"2024-02-05T10:44:06+00:00\" \/>\n<meta property=\"og:image\" content=\"https:\/\/riwal-wpn.acceptatie.indicia-interactiv.nl\/app\/uploads\/sites\/9\/2024\/02\/relokacja-maszyn-ulotka.webp\" \/>\n<meta name=\"twitter:card\" content=\"summary_large_image\" \/>\n<meta name=\"twitter:label1\" content=\"Est. reading time\" \/>\n\t<meta name=\"twitter:data1\" content=\"2 minuty\" \/>\n<script type=\"application\/ld+json\" class=\"yoast-schema-graph\">{\"@context\":\"https:\/\/schema.org\",\"@graph\":[{\"@type\":\"WebPage\",\"@id\":\"https:\/\/riwal-wpn.acceptatie.indicia-interactiv.nl\/pl\/branze\/relokacja-maszyn\/\",\"url\":\"https:\/\/riwal-wpn.acceptatie.indicia-interactiv.nl\/pl\/branze\/relokacja-maszyn\/\",\"name\":\"Relokacja maszyn - Riwal - Polska\",\"isPartOf\":{\"@id\":\"https:\/\/riwal-wpn.acceptatie.indicia-interactiv.nl\/pl\/#website\"},\"primaryImageOfPage\":{\"@id\":\"https:\/\/riwal-wpn.acceptatie.indicia-interactiv.nl\/pl\/branze\/relokacja-maszyn\/#primaryimage\"},\"image\":{\"@id\":\"https:\/\/riwal-wpn.acceptatie.indicia-interactiv.nl\/pl\/branze\/relokacja-maszyn\/#primaryimage\"},\"thumbnailUrl\":\"https:\/\/riwal-wpn.acceptatie.indicia-interactiv.nl\/app\/uploads\/sites\/9\/2024\/02\/relokacja-maszyn-ulotka.webp\",\"datePublished\":\"2024-02-05T10:44:05+00:00\",\"dateModified\":\"2024-02-05T10:44:06+00:00\",\"breadcrumb\":{\"@id\":\"https:\/\/riwal-wpn.acceptatie.indicia-interactiv.nl\/pl\/branze\/relokacja-maszyn\/#breadcrumb\"},\"inLanguage\":\"pl-PL\",\"potentialAction\":[{\"@type\":\"ReadAction\",\"target\":[\"https:\/\/riwal-wpn.acceptatie.indicia-interactiv.nl\/pl\/branze\/relokacja-maszyn\/\"]}]},{\"@type\":\"ImageObject\",\"inLanguage\":\"pl-PL\",\"@id\":\"https:\/\/riwal-wpn.acceptatie.indicia-interactiv.nl\/pl\/branze\/relokacja-maszyn\/#primaryimage\",\"url\":\"https:\/\/riwal-wpn.acceptatie.indicia-interactiv.nl\/app\/uploads\/sites\/9\/2024\/02\/relokacja-maszyn-ulotka.webp\",\"contentUrl\":\"https:\/\/riwal-wpn.acceptatie.indicia-interactiv.nl\/app\/uploads\/sites\/9\/2024\/02\/relokacja-maszyn-ulotka.webp\"},{\"@type\":\"BreadcrumbList\",\"@id\":\"https:\/\/riwal-wpn.acceptatie.indicia-interactiv.nl\/pl\/branze\/relokacja-maszyn\/#breadcrumb\",\"itemListElement\":[{\"@type\":\"ListItem\",\"position\":1,\"name\":\"Strona g\u0142\u00f3wna\",\"item\":\"https:\/\/riwal-wpn.acceptatie.indicia-interactiv.nl\/pl\/\"},{\"@type\":\"ListItem\",\"position\":2,\"name\":\"Bran\u017ce\",\"item\":\"https:\/\/riwal-wpn.acceptatie.indicia-interactiv.nl\/pl\/branze\/\"},{\"@type\":\"ListItem\",\"position\":3,\"name\":\"Relokacja maszyn\"}]},{\"@type\":\"WebSite\",\"@id\":\"https:\/\/riwal-wpn.acceptatie.indicia-interactiv.nl\/pl\/#website\",\"url\":\"https:\/\/riwal-wpn.acceptatie.indicia-interactiv.nl\/pl\/\",\"name\":\"Riwal\",\"description\":\"Arial work platform &amp; Telehandler Rental\/Sales\",\"publisher\":{\"@id\":\"https:\/\/riwal-wpn.acceptatie.indicia-interactiv.nl\/pl\/#organization\"},\"potentialAction\":[{\"@type\":\"SearchAction\",\"target\":{\"@type\":\"EntryPoint\",\"urlTemplate\":\"https:\/\/riwal-wpn.acceptatie.indicia-interactiv.nl\/pl\/?s={search_term_string}\"},\"query-input\":{\"@type\":\"PropertyValueSpecification\",\"valueRequired\":true,\"valueName\":\"search_term_string\"}}],\"inLanguage\":\"pl-PL\"},{\"@type\":\"Organization\",\"@id\":\"https:\/\/riwal-wpn.acceptatie.indicia-interactiv.nl\/pl\/#organization\",\"name\":\"Riwal\",\"url\":\"https:\/\/riwal-wpn.acceptatie.indicia-interactiv.nl\/pl\/\",\"logo\":{\"@type\":\"ImageObject\",\"inLanguage\":\"pl-PL\",\"@id\":\"https:\/\/riwal-wpn.acceptatie.indicia-interactiv.nl\/pl\/#\/schema\/logo\/image\/\",\"url\":\"\",\"contentUrl\":\"\",\"caption\":\"Riwal\"},\"image\":{\"@id\":\"https:\/\/riwal-wpn.acceptatie.indicia-interactiv.nl\/pl\/#\/schema\/logo\/image\/\"}}]}<\/script>\n<!-- \/ Yoast SEO Premium plugin. -->","yoast_head_json":{"title":"Relokacja maszyn - Riwal - Polska","robots":{"index":"noindex","follow":"follow","max-snippet":"max-snippet:-1","max-image-preview":"max-image-preview:large","max-video-preview":"max-video-preview:-1"},"og_locale":"pl_PL","og_type":"article","og_title":"Relokacja maszyn","og_description":"POTRZEBUJESZ ODPOWIEDNIEGO DOBORU SPRZ\u0118TU DO RELOKACJI MASZYN? Maszyny RIWAL \u015bwietnie sprawdzaj\u0105 si\u0119 podczas relokacji maszyn, linii produkcyjnych zar\u00f3wno na potrzeby wewn\u0105trzzak\u0142adowe jaki i w przenoszeniu ich na inne obiekty, w kraju oraz poza granicami. Jeste\u015bmy z klientem od pocz\u0105tku do ko\u0144ca dostarczaj\u0105c w\u00f3zki wid\u0142owe, podesty ruchome oraz \u0142adowarki teleskopowe obrotowe pozwalaj\u0105ce na sprawny za\u0142adunek\/ roz\u0142adunek &hellip; Kontynuuacja","og_url":"https:\/\/riwal-wpn.acceptatie.indicia-interactiv.nl\/pl\/branze\/relokacja-maszyn\/","og_site_name":"Riwal - Polska","article_modified_time":"2024-02-05T10:44:06+00:00","og_image":[{"url":"https:\/\/riwal-wpn.acceptatie.indicia-interactiv.nl\/app\/uploads\/sites\/9\/2024\/02\/relokacja-maszyn-ulotka.webp","type":"","width":"","height":""}],"twitter_card":"summary_large_image","twitter_misc":{"Est. reading time":"2 minuty"},"schema":{"@context":"https:\/\/schema.org","@graph":[{"@type":"WebPage","@id":"https:\/\/riwal-wpn.acceptatie.indicia-interactiv.nl\/pl\/branze\/relokacja-maszyn\/","url":"https:\/\/riwal-wpn.acceptatie.indicia-interactiv.nl\/pl\/branze\/relokacja-maszyn\/","name":"Relokacja maszyn - Riwal - Polska","isPartOf":{"@id":"https:\/\/riwal-wpn.acceptatie.indicia-interactiv.nl\/pl\/#website"},"primaryImageOfPage":{"@id":"https:\/\/riwal-wpn.acceptatie.indicia-interactiv.nl\/pl\/branze\/relokacja-maszyn\/#primaryimage"},"image":{"@id":"https:\/\/riwal-wpn.acceptatie.indicia-interactiv.nl\/pl\/branze\/relokacja-maszyn\/#primaryimage"},"thumbnailUrl":"https:\/\/riwal-wpn.acceptatie.indicia-interactiv.nl\/app\/uploads\/sites\/9\/2024\/02\/relokacja-maszyn-ulotka.webp","datePublished":"2024-02-05T10:44:05+00:00","dateModified":"2024-02-05T10:44:06+00:00","breadcrumb":{"@id":"https:\/\/riwal-wpn.acceptatie.indicia-interactiv.nl\/pl\/branze\/relokacja-maszyn\/#breadcrumb"},"inLanguage":"pl-PL","potentialAction":[{"@type":"ReadAction","target":["https:\/\/riwal-wpn.acceptatie.indicia-interactiv.nl\/pl\/branze\/relokacja-maszyn\/"]}]},{"@type":"ImageObject","inLanguage":"pl-PL","@id":"https:\/\/riwal-wpn.acceptatie.indicia-interactiv.nl\/pl\/branze\/relokacja-maszyn\/#primaryimage","url":"https:\/\/riwal-wpn.acceptatie.indicia-interactiv.nl\/app\/uploads\/sites\/9\/2024\/02\/relokacja-maszyn-ulotka.webp","contentUrl":"https:\/\/riwal-wpn.acceptatie.indicia-interactiv.nl\/app\/uploads\/sites\/9\/2024\/02\/relokacja-maszyn-ulotka.webp"},{"@type":"BreadcrumbList","@id":"https:\/\/riwal-wpn.acceptatie.indicia-interactiv.nl\/pl\/branze\/relokacja-maszyn\/#breadcrumb","itemListElement":[{"@type":"ListItem","position":1,"name":"Strona g\u0142\u00f3wna","item":"https:\/\/riwal-wpn.acceptatie.indicia-interactiv.nl\/pl\/"},{"@type":"ListItem","position":2,"name":"Bran\u017ce","item":"https:\/\/riwal-wpn.acceptatie.indicia-interactiv.nl\/pl\/branze\/"},{"@type":"ListItem","position":3,"name":"Relokacja maszyn"}]},{"@type":"WebSite","@id":"https:\/\/riwal-wpn.acceptatie.indicia-interactiv.nl\/pl\/#website","url":"https:\/\/riwal-wpn.acceptatie.indicia-interactiv.nl\/pl\/","name":"Riwal","description":"Arial work platform &amp; Telehandler Rental\/Sales","publisher":{"@id":"https:\/\/riwal-wpn.acceptatie.indicia-interactiv.nl\/pl\/#organization"},"potentialAction":[{"@type":"SearchAction","target":{"@type":"EntryPoint","urlTemplate":"https:\/\/riwal-wpn.acceptatie.indicia-interactiv.nl\/pl\/?s={search_term_string}"},"query-input":{"@type":"PropertyValueSpecification","valueRequired":true,"valueName":"search_term_string"}}],"inLanguage":"pl-PL"},{"@type":"Organization","@id":"https:\/\/riwal-wpn.acceptatie.indicia-interactiv.nl\/pl\/#organization","name":"Riwal","url":"https:\/\/riwal-wpn.acceptatie.indicia-interactiv.nl\/pl\/","logo":{"@type":"ImageObject","inLanguage":"pl-PL","@id":"https:\/\/riwal-wpn.acceptatie.indicia-interactiv.nl\/pl\/#\/schema\/logo\/image\/","url":"","contentUrl":"","caption":"Riwal"},"image":{"@id":"https:\/\/riwal-wpn.acceptatie.indicia-interactiv.nl\/pl\/#\/schema\/logo\/image\/"}}]}},"_links":{"self":[{"href":"https:\/\/riwal-wpn.acceptatie.indicia-interactiv.nl\/pl\/wp-json\/wp\/v2\/pages\/7112","targetHints":{"allow":["GET"]}}],"collection":[{"href":"https:\/\/riwal-wpn.acceptatie.indicia-interactiv.nl\/pl\/wp-json\/wp\/v2\/pages"}],"about":[{"href":"https:\/\/riwal-wpn.acceptatie.indicia-interactiv.nl\/pl\/wp-json\/wp\/v2\/types\/page"}],"author":[{"embeddable":true,"href":"https:\/\/riwal-wpn.acceptatie.indicia-interactiv.nl\/pl\/wp-json\/wp\/v2\/users\/31"}],"replies":[{"embeddable":true,"href":"https:\/\/riwal-wpn.acceptatie.indicia-interactiv.nl\/pl\/wp-json\/wp\/v2\/comments?post=7112"}],"version-history":[{"count":1,"href":"https:\/\/riwal-wpn.acceptatie.indicia-interactiv.nl\/pl\/wp-json\/wp\/v2\/pages\/7112\/revisions"}],"predecessor-version":[{"id":7116,"href":"https:\/\/riwal-wpn.acceptatie.indicia-interactiv.nl\/pl\/wp-json\/wp\/v2\/pages\/7112\/revisions\/7116"}],"up":[{"embeddable":true,"href":"https:\/\/riwal-wpn.acceptatie.indicia-interactiv.nl\/pl\/wp-json\/wp\/v2\/pages\/5814"}],"wp:attachment":[{"href":"https:\/\/riwal-wpn.acceptatie.indicia-interactiv.nl\/pl\/wp-json\/wp\/v2\/media?parent=7112"}],"curies":[{"name":"wp","href":"https:\/\/api.w.org\/{rel}","templated":true}]}}