{"id":7120,"date":"2024-02-05T10:59:47","date_gmt":"2024-02-05T10:59:47","guid":{"rendered":"https:\/\/riwal-wpn.acceptatie.indicia-interactiv.nl\/pl\/?page_id=7120"},"modified":"2024-02-05T11:03:07","modified_gmt":"2024-02-05T11:03:07","slug":"the-riwal-way-2","status":"publish","type":"page","link":"https:\/\/riwal-wpn.acceptatie.indicia-interactiv.nl\/pl\/the-riwal-way-2\/","title":{"rendered":"The RIWAL way"},"content":{"rendered":"\n<div class=\"wp-block-rental-theme-header\">\n\t<div class=\"wp-block-rental-theme-header__lines\">\n\t\t<svg width=\"726\" height=\"442\" viewBox=\"0 0 726 442\" fill=\"none\" xmlns=\"http:\/\/www.w3.org\/2000\/svg\"><g opacity=\".5\"><mask id=\"path-1-inside-1_1_2\" fill=\"#fff\"><path fill-rule=\"evenodd\" clip-rule=\"evenodd\" d=\"M441.458.5H284.542L0 285.042v156.917l156.917-.001L363 235.876l206.083 206.082 156.917.001V285.042L441.458.5Z\"\/><\/mask><path d=\"M284.542.5v-1h-.415l-.292.293.707.707Zm156.916 0 .708-.707-.293-.293h-.415v1ZM0 285.042l-.707-.708-.293.293v.415h1Zm0 156.917h-1v1h1v-1Zm156.917-.001v1h.414l.293-.292-.707-.708ZM363 235.876l.707-.708-.707-.707-.707.707.707.708Zm206.083 206.082-.707.708.293.292h.414v-1Zm156.917.001v1h1v-1h-1Zm0-156.917h1v-.415l-.293-.293-.707.708ZM284.542 1.5h156.916v-2H284.542v2ZM.707 285.749 285.25 1.207l-1.414-1.414L-.707 284.334l1.414 1.415ZM1 441.959V285.042h-2v156.917h2Zm155.917-1.001L0 440.959v2l156.917-.001v-2Zm205.376-205.79L156.21 441.251l1.414 1.415 206.083-206.083-1.414-1.415Zm0 1.415 206.083 206.083 1.414-1.415-206.083-206.083-1.414 1.415Zm206.79 206.375 156.917.001v-2l-156.917-.001v2ZM727 441.959V285.042h-2v156.917h2Zm-.293-157.625L442.166-.206l-1.415 1.413L725.293 285.75l1.414-1.415Z\" fill=\"#5B728B\" mask=\"url(#path-1-inside-1_1_2)\"\/><\/g><\/svg>\t\t<svg width=\"726\" height=\"442\" viewBox=\"0 0 726 442\" fill=\"none\" xmlns=\"http:\/\/www.w3.org\/2000\/svg\"><g opacity=\".5\"><mask id=\"path-1-inside-1_1_2\" fill=\"#fff\"><path fill-rule=\"evenodd\" clip-rule=\"evenodd\" d=\"M441.458.5H284.542L0 285.042v156.917l156.917-.001L363 235.876l206.083 206.082 156.917.001V285.042L441.458.5Z\"\/><\/mask><path d=\"M284.542.5v-1h-.415l-.292.293.707.707Zm156.916 0 .708-.707-.293-.293h-.415v1ZM0 285.042l-.707-.708-.293.293v.415h1Zm0 156.917h-1v1h1v-1Zm156.917-.001v1h.414l.293-.292-.707-.708ZM363 235.876l.707-.708-.707-.707-.707.707.707.708Zm206.083 206.082-.707.708.293.292h.414v-1Zm156.917.001v1h1v-1h-1Zm0-156.917h1v-.415l-.293-.293-.707.708ZM284.542 1.5h156.916v-2H284.542v2ZM.707 285.749 285.25 1.207l-1.414-1.414L-.707 284.334l1.414 1.415ZM1 441.959V285.042h-2v156.917h2Zm155.917-1.001L0 440.959v2l156.917-.001v-2Zm205.376-205.79L156.21 441.251l1.414 1.415 206.083-206.083-1.414-1.415Zm0 1.415 206.083 206.083 1.414-1.415-206.083-206.083-1.414 1.415Zm206.79 206.375 156.917.001v-2l-156.917-.001v2ZM727 441.959V285.042h-2v156.917h2Zm-.293-157.625L442.166-.206l-1.415 1.413L725.293 285.75l1.414-1.415Z\" fill=\"#5B728B\" mask=\"url(#path-1-inside-1_1_2)\"\/><\/g><\/svg>\t<\/div>\n\t<img fetchpriority=\"high\" decoding=\"async\" width=\"1200\" height=\"600\" src=\"https:\/\/riwal-wpn.acceptatie.indicia-interactiv.nl\/app\/uploads\/sites\/9\/2024\/02\/The-Riwal-way-tablet.jpg\" class=\"wp-block-rental-theme-header__image wp-block-rental-theme-header__image--desktop\" alt=\"\" loading=\"eager\" srcset=\"https:\/\/riwal-wpn.acceptatie.indicia-interactiv.nl\/app\/uploads\/sites\/9\/2024\/02\/The-Riwal-way-tablet.jpg 1200w, https:\/\/riwal-wpn.acceptatie.indicia-interactiv.nl\/app\/uploads\/sites\/9\/2024\/02\/The-Riwal-way-tablet-300x150.jpg 300w, https:\/\/riwal-wpn.acceptatie.indicia-interactiv.nl\/app\/uploads\/sites\/9\/2024\/02\/The-Riwal-way-tablet-1024x512.jpg 1024w, https:\/\/riwal-wpn.acceptatie.indicia-interactiv.nl\/app\/uploads\/sites\/9\/2024\/02\/The-Riwal-way-tablet-768x384.jpg 768w, https:\/\/riwal-wpn.acceptatie.indicia-interactiv.nl\/app\/uploads\/sites\/9\/2024\/02\/The-Riwal-way-tablet-178x89.jpg 178w, https:\/\/riwal-wpn.acceptatie.indicia-interactiv.nl\/app\/uploads\/sites\/9\/2024\/02\/The-Riwal-way-tablet-390x195.jpg 390w, https:\/\/riwal-wpn.acceptatie.indicia-interactiv.nl\/app\/uploads\/sites\/9\/2024\/02\/The-Riwal-way-tablet-830x415.jpg 830w, https:\/\/riwal-wpn.acceptatie.indicia-interactiv.nl\/app\/uploads\/sites\/9\/2024\/02\/The-Riwal-way-tablet-250x125.jpg 250w, https:\/\/riwal-wpn.acceptatie.indicia-interactiv.nl\/app\/uploads\/sites\/9\/2024\/02\/The-Riwal-way-tablet-620x310.jpg 620w, https:\/\/riwal-wpn.acceptatie.indicia-interactiv.nl\/app\/uploads\/sites\/9\/2024\/02\/The-Riwal-way-tablet-237x119.jpg 237w, https:\/\/riwal-wpn.acceptatie.indicia-interactiv.nl\/app\/uploads\/sites\/9\/2024\/02\/The-Riwal-way-tablet-474x237.jpg 474w\" sizes=\"(max-width: 1200px) 100vw, 1200px\" \/>\t\t<div class=\"container\">\n\t\t<h1 class='wp-block-rental-theme-header__title' style='position: absolute; min-height: 120px'>Ka\u017cdego dnia doskonalimy si\u0119 dla naszych Klient\u00f3w<\/h1>\t<\/div>\n<\/div>\n\n\n<div class=\"container\">\n<p><\/p>\n<\/div>\n\n<div class=\"rental-wp-default-block rental-theme-block-default-margin\">\n\t\t\t\t\t\t\t\t<div class=\"container\">\n<div class=\"wp-block-columns is-layout-flex wp-container-core-columns-is-layout-28f84493 wp-block-columns-is-layout-flex\">\n<div class=\"wp-block-column is-layout-flow wp-block-column-is-layout-flow\" style=\"flex-basis:66.66%\">\n<p><strong>Filozofia firmy Riwal The Riwal Way<\/strong><\/p>\n\n\n\n<p>Zawsze staramy si\u0119 dba\u0107 o najwy\u017csze w bran\u017cy zadowolenie klient\u00f3w. Wiemy jednak, \u017ce dobre intencje nie wystarcz\u0105, aby tego dokona\u0107. Dlatego wprowadzili\u015bmy <em>The Riwal Way<\/em>. <em>The Riwal Way<\/em> polega na tworzeniu jednolitych, powtarzalnych system\u00f3w w ka\u017cdym aspekcie naszej dzia\u0142alno\u015bci, aby niezmiennie zapewnia\u0107 klientowi niezmienn\u0105 jako\u015b\u0107 produkt\u00f3w i us\u0142ug, w ka\u017cdym miejscu na \u015bwiecie, w kt\u00f3rym prowadzimy dzia\u0142alno\u015b\u0107.<\/p>\n\n\n\n<p>Tworz\u0105c The Riwal Way, zapytali\u015bmy klient\u00f3w z r\u00f3\u017cnych kraj\u00f3w i sektor\u00f3w, co ceni\u0105 w nas najbardziej oraz co jest dla nich najwa\u017cniejsze, gdy z nami wsp\u00f3\u0142pracuj\u0105. Podzielili\u015bmy ich odpowiedzi na sze\u015b\u0107 \u201ewarto\u015bci\u201d, pocz\u0105wszy od bezpiecze\u0144stwa \u2013 priorytetu dla wszystkich \u2013 po dok\u0142adno\u015b\u0107 fakturowania. Dzi\u0119ki tej wiedzy stworzyli\u015bmy model operacyjny skupiony ca\u0142kowicie na dostarczaniu klientom tych warto\u015bci.<\/p>\n<\/div>\n\n\n\n<div class=\"wp-block-column is-layout-flow wp-block-column-is-layout-flow\" style=\"flex-basis:33.33%\">\n<figure class=\"wp-block-image size-full\"><img loading=\"lazy\" decoding=\"async\" width=\"325\" height=\"327\" src=\"https:\/\/riwal-wpn.acceptatie.indicia-interactiv.nl\/app\/uploads\/sites\/9\/2024\/02\/Logo_TheRiwalWay.webp\" alt=\"\" class=\"wp-image-7122\" srcset=\"https:\/\/riwal-wpn.acceptatie.indicia-interactiv.nl\/app\/uploads\/sites\/9\/2024\/02\/Logo_TheRiwalWay.webp 325w, https:\/\/riwal-wpn.acceptatie.indicia-interactiv.nl\/app\/uploads\/sites\/9\/2024\/02\/Logo_TheRiwalWay-298x300.webp 298w, https:\/\/riwal-wpn.acceptatie.indicia-interactiv.nl\/app\/uploads\/sites\/9\/2024\/02\/Logo_TheRiwalWay-150x150.webp 150w, https:\/\/riwal-wpn.acceptatie.indicia-interactiv.nl\/app\/uploads\/sites\/9\/2024\/02\/Logo_TheRiwalWay-178x179.webp 178w, https:\/\/riwal-wpn.acceptatie.indicia-interactiv.nl\/app\/uploads\/sites\/9\/2024\/02\/Logo_TheRiwalWay-199x200.webp 199w, https:\/\/riwal-wpn.acceptatie.indicia-interactiv.nl\/app\/uploads\/sites\/9\/2024\/02\/Logo_TheRiwalWay-237x238.webp 237w\" sizes=\"auto, (max-width: 325px) 100vw, 325px\" \/><\/figure>\n<\/div>\n<\/div>\n<\/div>\n\t\t\t\t\t\t\t<\/div> \n\n<div class=\"container\">\n<p><strong>Korzy\u015bci<\/strong><\/p>\n<\/div>\n\n<div class=\"container\">\n<p>Korzy\u015bci \u2013 przek\u0142adaj\u0105ce si\u0119 na najwy\u017csze zadowolenie klient\u00f3w \u2013 s\u0105 widoczne we wzro\u015bcie ich produktywno\u015bci, mo\u017cliwo\u015bci terminowej realizacji projekt\u00f3w i obni\u017ceniu koszt\u00f3w. Obejmuj\u0105 one tak\u017ce pewno\u015b\u0107 naszych klient\u00f3w, \u017ce mog\u0105 polega\u0107 na naszym sprz\u0119cie i w razie problem\u00f3w uzyska\u0107 od nas wsparcie. Wiedz\u0105 r\u00f3wnie\u017c, \u017ce nasi pracownicy dbaj\u0105 o ca\u0142kowit\u0105 przejrzysto\u015b\u0107 zawieranych transakcji.<\/p>\n<\/div>\n\n<div class=\"container\">\n<p>W\u0142a\u015bnie na tym polega <em>The Riwal Way<\/em>. Ale jak dzia\u0142a ona w praktyce? Dok\u0142adnie przeanalizowali\u015bmy wszystkie g\u0142\u00f3wne procesy w ca\u0142ym cyklu wynajmu i ujednolicili\u015bmy je w oparciu o najlepsze praktyki. Nast\u0119pnie stworzyli\u015bmy The Riwal Way dla ka\u017cdego pracownika i przeprowadzili\u015bmy intensywne kursy szkoleniowe we wszystkich oddzia\u0142ach, aby wdro\u017cy\u0107 zasady <em>The Riwal Way<\/em> w ca\u0142ej firmie. Efektem by\u0142o jeszcze wy\u017csze zadowolenie klient\u00f3w, kr\u00f3tszy czas reakcji, zmniejszenie liczby awarii do absolutnego minimum oraz zwi\u0119kszenie wydajno\u015bci i produktywno\u015bci klient\u00f3w.<\/p>\n<\/div>\n\n<div class=\"container\">\n<p><strong>Ci\u0105g\u0142e udoskonalenia<\/strong><\/p>\n<\/div>\n\n<div class=\"container\">\n<p>Nie osiadamy jednak na laurach \u2013 i nie zrobimy tego nigdy. Sta\u0142e udoskonalenia s\u0105 podstaw\u0105 <em>The Riwal Way<\/em>, mi\u0119dzy innymi dzi\u0119ki naszemu przekonaniu, \u017ce bez wzgl\u0119du na pomy\u015blno\u015b\u0107 i sukces naszych dzia\u0142a\u0144 zawsze mo\u017cemy zrobi\u0107 dla klient\u00f3w jeszcze wi\u0119cej,&nbsp; \u017ceby by\u0107 lepszymi od konkurencji. Nadal zatem trwamy w bliskiej wsp\u00f3\u0142pracy z klientami, aby uczy\u0107 si\u0119, co mo\u017cemy robi\u0107 lepiej i jakim innym potrzebom mo\u017cemy sprosta\u0107. Wszystko po to, by zapewnia\u0107 w bran\u017cy najwy\u017cszy poziom zadowolenia klient\u00f3w dzi\u015b \u2013 i jeszcze wy\u017cszy jutro.<\/p>\n<\/div>","protected":false},"excerpt":{"rendered":"<p>Filozofia firmy Riwal The Riwal Way Zawsze staramy si\u0119 dba\u0107 o najwy\u017csze w bran\u017cy zadowolenie klient\u00f3w. Wiemy jednak, \u017ce dobre intencje nie wystarcz\u0105, aby tego dokona\u0107. Dlatego wprowadzili\u015bmy The Riwal Way. The Riwal Way polega na tworzeniu jednolitych, powtarzalnych system\u00f3w w ka\u017cdym aspekcie naszej dzia\u0142alno\u015bci, aby niezmiennie zapewnia\u0107 klientowi niezmienn\u0105 jako\u015b\u0107 produkt\u00f3w i us\u0142ug, w &hellip; <a href=\"https:\/\/riwal-wpn.acceptatie.indicia-interactiv.nl\/pl\/the-riwal-way-2\/\">Kontynuuacja<\/a><\/p>\n","protected":false},"author":31,"featured_media":0,"parent":0,"menu_order":0,"comment_status":"closed","ping_status":"closed","template":"","meta":{"_acf_changed":false,"editor_notices":[],"footnotes":""},"class_list":["post-7120","page","type-page","status-publish","hentry"],"acf":[],"yoast_head":"<!-- This site is optimized with the Yoast SEO Premium plugin v27.1 (Yoast SEO v27.1.1) - https:\/\/yoast.com\/product\/yoast-seo-premium-wordpress\/ -->\n<title>The RIWAL way - Riwal - Polska<\/title>\n<meta name=\"robots\" content=\"noindex, follow, max-snippet:-1, max-image-preview:large, max-video-preview:-1\" \/>\n<meta property=\"og:locale\" content=\"pl_PL\" \/>\n<meta property=\"og:type\" content=\"article\" \/>\n<meta property=\"og:title\" content=\"The RIWAL way\" \/>\n<meta property=\"og:description\" content=\"Filozofia firmy Riwal The Riwal Way Zawsze staramy si\u0119 dba\u0107 o najwy\u017csze w bran\u017cy zadowolenie klient\u00f3w. Wiemy jednak, \u017ce dobre intencje nie wystarcz\u0105, aby tego dokona\u0107. Dlatego wprowadzili\u015bmy The Riwal Way. The Riwal Way polega na tworzeniu jednolitych, powtarzalnych system\u00f3w w ka\u017cdym aspekcie naszej dzia\u0142alno\u015bci, aby niezmiennie zapewnia\u0107 klientowi niezmienn\u0105 jako\u015b\u0107 produkt\u00f3w i us\u0142ug, w &hellip; Kontynuuacja\" \/>\n<meta property=\"og:url\" content=\"https:\/\/riwal-wpn.acceptatie.indicia-interactiv.nl\/pl\/the-riwal-way-2\/\" \/>\n<meta property=\"og:site_name\" content=\"Riwal - Polska\" \/>\n<meta property=\"article:modified_time\" content=\"2024-02-05T11:03:07+00:00\" \/>\n<meta property=\"og:image\" content=\"https:\/\/riwal-wpn.acceptatie.indicia-interactiv.nl\/app\/uploads\/sites\/9\/2024\/02\/Logo_TheRiwalWay.webp\" \/>\n<meta name=\"twitter:card\" content=\"summary_large_image\" \/>\n<meta name=\"twitter:label1\" content=\"Est. reading time\" \/>\n\t<meta name=\"twitter:data1\" content=\"3 minuty\" \/>\n<script type=\"application\/ld+json\" class=\"yoast-schema-graph\">{\"@context\":\"https:\/\/schema.org\",\"@graph\":[{\"@type\":\"WebPage\",\"@id\":\"https:\/\/riwal-wpn.acceptatie.indicia-interactiv.nl\/pl\/the-riwal-way-2\/\",\"url\":\"https:\/\/riwal-wpn.acceptatie.indicia-interactiv.nl\/pl\/the-riwal-way-2\/\",\"name\":\"The RIWAL way - Riwal - Polska\",\"isPartOf\":{\"@id\":\"https:\/\/riwal-wpn.acceptatie.indicia-interactiv.nl\/pl\/#website\"},\"primaryImageOfPage\":{\"@id\":\"https:\/\/riwal-wpn.acceptatie.indicia-interactiv.nl\/pl\/the-riwal-way-2\/#primaryimage\"},\"image\":{\"@id\":\"https:\/\/riwal-wpn.acceptatie.indicia-interactiv.nl\/pl\/the-riwal-way-2\/#primaryimage\"},\"thumbnailUrl\":\"https:\/\/riwal-wpn.acceptatie.indicia-interactiv.nl\/app\/uploads\/sites\/9\/2024\/02\/Logo_TheRiwalWay.webp\",\"datePublished\":\"2024-02-05T10:59:47+00:00\",\"dateModified\":\"2024-02-05T11:03:07+00:00\",\"breadcrumb\":{\"@id\":\"https:\/\/riwal-wpn.acceptatie.indicia-interactiv.nl\/pl\/the-riwal-way-2\/#breadcrumb\"},\"inLanguage\":\"pl-PL\",\"potentialAction\":[{\"@type\":\"ReadAction\",\"target\":[\"https:\/\/riwal-wpn.acceptatie.indicia-interactiv.nl\/pl\/the-riwal-way-2\/\"]}]},{\"@type\":\"ImageObject\",\"inLanguage\":\"pl-PL\",\"@id\":\"https:\/\/riwal-wpn.acceptatie.indicia-interactiv.nl\/pl\/the-riwal-way-2\/#primaryimage\",\"url\":\"https:\/\/riwal-wpn.acceptatie.indicia-interactiv.nl\/app\/uploads\/sites\/9\/2024\/02\/Logo_TheRiwalWay.webp\",\"contentUrl\":\"https:\/\/riwal-wpn.acceptatie.indicia-interactiv.nl\/app\/uploads\/sites\/9\/2024\/02\/Logo_TheRiwalWay.webp\"},{\"@type\":\"BreadcrumbList\",\"@id\":\"https:\/\/riwal-wpn.acceptatie.indicia-interactiv.nl\/pl\/the-riwal-way-2\/#breadcrumb\",\"itemListElement\":[{\"@type\":\"ListItem\",\"position\":1,\"name\":\"Strona g\u0142\u00f3wna\",\"item\":\"https:\/\/riwal-wpn.acceptatie.indicia-interactiv.nl\/pl\/\"},{\"@type\":\"ListItem\",\"position\":2,\"name\":\"The RIWAL way\"}]},{\"@type\":\"WebSite\",\"@id\":\"https:\/\/riwal-wpn.acceptatie.indicia-interactiv.nl\/pl\/#website\",\"url\":\"https:\/\/riwal-wpn.acceptatie.indicia-interactiv.nl\/pl\/\",\"name\":\"Riwal\",\"description\":\"Arial work platform &amp; Telehandler Rental\/Sales\",\"publisher\":{\"@id\":\"https:\/\/riwal-wpn.acceptatie.indicia-interactiv.nl\/pl\/#organization\"},\"potentialAction\":[{\"@type\":\"SearchAction\",\"target\":{\"@type\":\"EntryPoint\",\"urlTemplate\":\"https:\/\/riwal-wpn.acceptatie.indicia-interactiv.nl\/pl\/?s={search_term_string}\"},\"query-input\":{\"@type\":\"PropertyValueSpecification\",\"valueRequired\":true,\"valueName\":\"search_term_string\"}}],\"inLanguage\":\"pl-PL\"},{\"@type\":\"Organization\",\"@id\":\"https:\/\/riwal-wpn.acceptatie.indicia-interactiv.nl\/pl\/#organization\",\"name\":\"Riwal\",\"url\":\"https:\/\/riwal-wpn.acceptatie.indicia-interactiv.nl\/pl\/\",\"logo\":{\"@type\":\"ImageObject\",\"inLanguage\":\"pl-PL\",\"@id\":\"https:\/\/riwal-wpn.acceptatie.indicia-interactiv.nl\/pl\/#\/schema\/logo\/image\/\",\"url\":\"\",\"contentUrl\":\"\",\"caption\":\"Riwal\"},\"image\":{\"@id\":\"https:\/\/riwal-wpn.acceptatie.indicia-interactiv.nl\/pl\/#\/schema\/logo\/image\/\"}}]}<\/script>\n<!-- \/ Yoast SEO Premium plugin. -->","yoast_head_json":{"title":"The RIWAL way - Riwal - Polska","robots":{"index":"noindex","follow":"follow","max-snippet":"max-snippet:-1","max-image-preview":"max-image-preview:large","max-video-preview":"max-video-preview:-1"},"og_locale":"pl_PL","og_type":"article","og_title":"The RIWAL way","og_description":"Filozofia firmy Riwal The Riwal Way Zawsze staramy si\u0119 dba\u0107 o najwy\u017csze w bran\u017cy zadowolenie klient\u00f3w. Wiemy jednak, \u017ce dobre intencje nie wystarcz\u0105, aby tego dokona\u0107. Dlatego wprowadzili\u015bmy The Riwal Way. The Riwal Way polega na tworzeniu jednolitych, powtarzalnych system\u00f3w w ka\u017cdym aspekcie naszej dzia\u0142alno\u015bci, aby niezmiennie zapewnia\u0107 klientowi niezmienn\u0105 jako\u015b\u0107 produkt\u00f3w i us\u0142ug, w &hellip; Kontynuuacja","og_url":"https:\/\/riwal-wpn.acceptatie.indicia-interactiv.nl\/pl\/the-riwal-way-2\/","og_site_name":"Riwal - Polska","article_modified_time":"2024-02-05T11:03:07+00:00","og_image":[{"url":"https:\/\/riwal-wpn.acceptatie.indicia-interactiv.nl\/app\/uploads\/sites\/9\/2024\/02\/Logo_TheRiwalWay.webp","type":"","width":"","height":""}],"twitter_card":"summary_large_image","twitter_misc":{"Est. reading time":"3 minuty"},"schema":{"@context":"https:\/\/schema.org","@graph":[{"@type":"WebPage","@id":"https:\/\/riwal-wpn.acceptatie.indicia-interactiv.nl\/pl\/the-riwal-way-2\/","url":"https:\/\/riwal-wpn.acceptatie.indicia-interactiv.nl\/pl\/the-riwal-way-2\/","name":"The RIWAL way - Riwal - Polska","isPartOf":{"@id":"https:\/\/riwal-wpn.acceptatie.indicia-interactiv.nl\/pl\/#website"},"primaryImageOfPage":{"@id":"https:\/\/riwal-wpn.acceptatie.indicia-interactiv.nl\/pl\/the-riwal-way-2\/#primaryimage"},"image":{"@id":"https:\/\/riwal-wpn.acceptatie.indicia-interactiv.nl\/pl\/the-riwal-way-2\/#primaryimage"},"thumbnailUrl":"https:\/\/riwal-wpn.acceptatie.indicia-interactiv.nl\/app\/uploads\/sites\/9\/2024\/02\/Logo_TheRiwalWay.webp","datePublished":"2024-02-05T10:59:47+00:00","dateModified":"2024-02-05T11:03:07+00:00","breadcrumb":{"@id":"https:\/\/riwal-wpn.acceptatie.indicia-interactiv.nl\/pl\/the-riwal-way-2\/#breadcrumb"},"inLanguage":"pl-PL","potentialAction":[{"@type":"ReadAction","target":["https:\/\/riwal-wpn.acceptatie.indicia-interactiv.nl\/pl\/the-riwal-way-2\/"]}]},{"@type":"ImageObject","inLanguage":"pl-PL","@id":"https:\/\/riwal-wpn.acceptatie.indicia-interactiv.nl\/pl\/the-riwal-way-2\/#primaryimage","url":"https:\/\/riwal-wpn.acceptatie.indicia-interactiv.nl\/app\/uploads\/sites\/9\/2024\/02\/Logo_TheRiwalWay.webp","contentUrl":"https:\/\/riwal-wpn.acceptatie.indicia-interactiv.nl\/app\/uploads\/sites\/9\/2024\/02\/Logo_TheRiwalWay.webp"},{"@type":"BreadcrumbList","@id":"https:\/\/riwal-wpn.acceptatie.indicia-interactiv.nl\/pl\/the-riwal-way-2\/#breadcrumb","itemListElement":[{"@type":"ListItem","position":1,"name":"Strona g\u0142\u00f3wna","item":"https:\/\/riwal-wpn.acceptatie.indicia-interactiv.nl\/pl\/"},{"@type":"ListItem","position":2,"name":"The RIWAL way"}]},{"@type":"WebSite","@id":"https:\/\/riwal-wpn.acceptatie.indicia-interactiv.nl\/pl\/#website","url":"https:\/\/riwal-wpn.acceptatie.indicia-interactiv.nl\/pl\/","name":"Riwal","description":"Arial work platform &amp; Telehandler Rental\/Sales","publisher":{"@id":"https:\/\/riwal-wpn.acceptatie.indicia-interactiv.nl\/pl\/#organization"},"potentialAction":[{"@type":"SearchAction","target":{"@type":"EntryPoint","urlTemplate":"https:\/\/riwal-wpn.acceptatie.indicia-interactiv.nl\/pl\/?s={search_term_string}"},"query-input":{"@type":"PropertyValueSpecification","valueRequired":true,"valueName":"search_term_string"}}],"inLanguage":"pl-PL"},{"@type":"Organization","@id":"https:\/\/riwal-wpn.acceptatie.indicia-interactiv.nl\/pl\/#organization","name":"Riwal","url":"https:\/\/riwal-wpn.acceptatie.indicia-interactiv.nl\/pl\/","logo":{"@type":"ImageObject","inLanguage":"pl-PL","@id":"https:\/\/riwal-wpn.acceptatie.indicia-interactiv.nl\/pl\/#\/schema\/logo\/image\/","url":"","contentUrl":"","caption":"Riwal"},"image":{"@id":"https:\/\/riwal-wpn.acceptatie.indicia-interactiv.nl\/pl\/#\/schema\/logo\/image\/"}}]}},"_links":{"self":[{"href":"https:\/\/riwal-wpn.acceptatie.indicia-interactiv.nl\/pl\/wp-json\/wp\/v2\/pages\/7120","targetHints":{"allow":["GET"]}}],"collection":[{"href":"https:\/\/riwal-wpn.acceptatie.indicia-interactiv.nl\/pl\/wp-json\/wp\/v2\/pages"}],"about":[{"href":"https:\/\/riwal-wpn.acceptatie.indicia-interactiv.nl\/pl\/wp-json\/wp\/v2\/types\/page"}],"author":[{"embeddable":true,"href":"https:\/\/riwal-wpn.acceptatie.indicia-interactiv.nl\/pl\/wp-json\/wp\/v2\/users\/31"}],"replies":[{"embeddable":true,"href":"https:\/\/riwal-wpn.acceptatie.indicia-interactiv.nl\/pl\/wp-json\/wp\/v2\/comments?post=7120"}],"version-history":[{"count":1,"href":"https:\/\/riwal-wpn.acceptatie.indicia-interactiv.nl\/pl\/wp-json\/wp\/v2\/pages\/7120\/revisions"}],"predecessor-version":[{"id":7123,"href":"https:\/\/riwal-wpn.acceptatie.indicia-interactiv.nl\/pl\/wp-json\/wp\/v2\/pages\/7120\/revisions\/7123"}],"wp:attachment":[{"href":"https:\/\/riwal-wpn.acceptatie.indicia-interactiv.nl\/pl\/wp-json\/wp\/v2\/media?parent=7120"}],"curies":[{"name":"wp","href":"https:\/\/api.w.org\/{rel}","templated":true}]}}