{"id":3056,"date":"2023-09-10T21:34:27","date_gmt":"2023-09-10T21:34:27","guid":{"rendered":"https:\/\/riwal-wpn.acceptatie.indicia-interactiv.nl\/sl\/?page_id=3056"},"modified":"2024-01-21T13:20:51","modified_gmt":"2024-01-21T13:20:51","slug":"volvo-ocean-race-2","status":"publish","type":"page","link":"https:\/\/riwal-wpn.acceptatie.indicia-interactiv.nl\/sl\/strokovno-znanje\/primeri-strank\/volvo-ocean-race-2\/","title":{"rendered":"Volvo Ocean Race"},"content":{"rendered":"<div class=\"rental-wp-default-block rental-theme-block-default-margin\">\n\t\t\t\t\t\t\t\t<div class=\"container\">\n<div class=\"wp-block-columns is-layout-flex wp-container-core-columns-is-layout-28f84493 wp-block-columns-is-layout-flex\">\n<div class=\"wp-block-column is-layout-flow wp-block-column-is-layout-flow\" style=\"flex-basis:25%\"><\/div>\n\n\n\n<div class=\"wp-block-column is-layout-flow wp-block-column-is-layout-flow\" style=\"flex-basis:50%\">\n<h2 class=\"wp-block-heading\" id=\"h-svetovna-regata-volvo-ocean-race\">Svetovna regata Volvo Ocean Race<\/h2>\n\n\n\n<p>Riwal je uradni dobavitelj regate Volvo Ocean Race 2017\u20132018, dirke okoli sveta s profesionalnimi posadkami, ki velja za najdalj\u0161i in najbolj zahteven \u0161portni dogodek na svetu.&nbsp;&nbsp;<\/p>\n\n\n\n<p>Kot uradni dobavitelj smo zagotovili \u0161karjaste in teleskopske dvi\u017ene plo\u0161\u010dadi ter tako nudili podporo tekmujo\u010dim ekipam na poti do cilja. Pri 12 postankih v gostiteljskih mestih po svetu so 65 plovil Volvo Ocean potegnili iz vode, za celo vrsto vzdr\u017eevalnih del na vi\u0161ini, ki morajo biti varna in u\u010dinkovita in za to uporabili na\u0161e dvi\u017ene naprave. V \u010dasu trajanja regate so dvi\u017ene plo\u0161\u010dadi v kontejnerjih potovale skupaj s tekmovalnimi ekipami, da so jim bile kar \u010dim bolj na voljo. Poleg opreme smo v podjetju Riwal prek svojih lokalnih ekip in partnerjev zagotovili tudi usposabljanje in tehni\u010dno podporo.<\/p>\n\n\n\n<p>Nick Bice, direktor sektorja plovil in vzdr\u017eevanja pri regati Volvo Ocean Race, je povedal: \u00bbPri Volvo Ocean Race tesneje kot kdajkoli prej sodelujemo z vodilnimi na podro\u010dju industrije, kot je podjetje Riwal, za vzdr\u017eevanju plovil v najbolj\u0161i formi. Lokalno zagotavljanje in zanesljivost dvi\u017enih plo\u0161\u010dadi je predstavljalo izziv, zato smo veseli, da smo se povezali s podjetjem Riwal in tako omogo\u010dili kakovost in podporo vsem tekmovalnim ekipam pri pripravi plovil med regato.\u00ab<\/p>\n\n\n\n<p><strong>Izbolj\u0161ana kvaliteta in prihranek na \u010dasu z Riwalom kot edinim dobaviteljem namesto \u0161tevilnih lokalnih na vsaki postojanki posebej, je bila za stranko glavna korist.<\/strong><\/p>\n\n\n\n<p>Regata Volvo Ocean Race 2017\u201318 je dolga 45.000 navti\u010dnih milj, kar je najve\u010dja razdalja v zgodovini te regate, pre\u010dkala pa je \u0161tiri oceane in se ustavila v 12 ve\u010djih mestih na \u0161estih celina<\/p>\n\n\n\n<figure class=\"wp-block-embed is-type-video is-provider-youtube wp-block-embed-youtube\"><div class=\"wp-block-embed__wrapper\">\n<iframe title=\"Riwal Scissor Lifts for the Volvo Ocean Race\" width=\"500\" height=\"281\" data-icn-src=\"https:\/\/www.youtube.com\/embed\/4G04ayhmTFc?feature=oembed\" frameborder=\"0\" allow=\"accelerometer; autoplay; clipboard-write; encrypted-media; gyroscope; picture-in-picture; web-share\" referrerpolicy=\"strict-origin-when-cross-origin\" allowfullscreen><\/iframe>\n<\/div><\/figure>\n<\/div>\n\n\n\n<div class=\"wp-block-column is-layout-flow wp-block-column-is-layout-flow\" style=\"flex-basis:25%\"><\/div>\n<\/div>\n<\/div>\n\t\t\t\t\t\t\t<\/div> ","protected":false},"excerpt":{"rendered":"<p>Svetovna regata Volvo Ocean Race Riwal je uradni dobavitelj regate Volvo Ocean Race 2017\u20132018, dirke okoli sveta s profesionalnimi posadkami, ki velja za najdalj\u0161i in najbolj zahteven \u0161portni dogodek na svetu.&nbsp;&nbsp; Kot uradni dobavitelj smo zagotovili \u0161karjaste in teleskopske dvi\u017ene plo\u0161\u010dadi ter tako nudili podporo tekmujo\u010dim ekipam na poti do cilja. Pri 12 postankih v &hellip; <a href=\"https:\/\/riwal-wpn.acceptatie.indicia-interactiv.nl\/sl\/strokovno-znanje\/primeri-strank\/volvo-ocean-race-2\/\">Se nadaljuje<\/a><\/p>\n","protected":false},"author":45,"featured_media":0,"parent":3036,"menu_order":0,"comment_status":"closed","ping_status":"closed","template":"","meta":{"_acf_changed":false,"editor_notices":[],"footnotes":""},"class_list":["post-3056","page","type-page","status-publish","hentry"],"acf":[],"yoast_head":"<!-- This site is optimized with the Yoast SEO Premium plugin v27.1 (Yoast SEO v27.1.1) - https:\/\/yoast.com\/product\/yoast-seo-premium-wordpress\/ -->\n<title>Svetovna regata - Volvo Ocean Race - Riwal Slovenija<\/title>\n<meta name=\"robots\" content=\"noindex, follow, max-snippet:-1, max-image-preview:large, max-video-preview:-1\" \/>\n<meta property=\"og:locale\" content=\"sl_SI\" \/>\n<meta property=\"og:type\" content=\"article\" \/>\n<meta property=\"og:title\" content=\"Volvo Ocean Race\" \/>\n<meta property=\"og:description\" content=\"Svetovna regata Volvo Ocean Race Riwal je uradni dobavitelj regate Volvo Ocean Race 2017\u20132018, dirke okoli sveta s profesionalnimi posadkami, ki velja za najdalj\u0161i in najbolj zahteven \u0161portni dogodek na svetu.&nbsp;&nbsp; Kot uradni dobavitelj smo zagotovili \u0161karjaste in teleskopske dvi\u017ene plo\u0161\u010dadi ter tako nudili podporo tekmujo\u010dim ekipam na poti do cilja. Pri 12 postankih v &hellip; Se nadaljuje\" \/>\n<meta property=\"og:url\" content=\"https:\/\/riwal-wpn.acceptatie.indicia-interactiv.nl\/sl\/strokovno-znanje\/primeri-strank\/volvo-ocean-race-2\/\" \/>\n<meta property=\"og:site_name\" content=\"Riwal Slovenija\" \/>\n<meta property=\"article:modified_time\" content=\"2024-01-21T13:20:51+00:00\" \/>\n<meta name=\"twitter:card\" content=\"summary_large_image\" \/>\n<meta name=\"twitter:label1\" content=\"Est. reading time\" \/>\n\t<meta name=\"twitter:data1\" content=\"2 minuti\" \/>\n<script type=\"application\/ld+json\" class=\"yoast-schema-graph\">{\"@context\":\"https:\/\/schema.org\",\"@graph\":[{\"@type\":\"WebPage\",\"@id\":\"https:\/\/riwal-wpn.acceptatie.indicia-interactiv.nl\/sl\/strokovno-znanje\/primeri-strank\/volvo-ocean-race-2\/\",\"url\":\"https:\/\/riwal-wpn.acceptatie.indicia-interactiv.nl\/sl\/strokovno-znanje\/primeri-strank\/volvo-ocean-race-2\/\",\"name\":\"Svetovna regata - Volvo Ocean Race - Riwal Slovenija\",\"isPartOf\":{\"@id\":\"https:\/\/riwal-wpn.acceptatie.indicia-interactiv.nl\/sl\/#website\"},\"datePublished\":\"2023-09-10T21:34:27+00:00\",\"dateModified\":\"2024-01-21T13:20:51+00:00\",\"breadcrumb\":{\"@id\":\"https:\/\/riwal-wpn.acceptatie.indicia-interactiv.nl\/sl\/strokovno-znanje\/primeri-strank\/volvo-ocean-race-2\/#breadcrumb\"},\"inLanguage\":\"sl-SI\",\"potentialAction\":[{\"@type\":\"ReadAction\",\"target\":[\"https:\/\/riwal-wpn.acceptatie.indicia-interactiv.nl\/sl\/strokovno-znanje\/primeri-strank\/volvo-ocean-race-2\/\"]}]},{\"@type\":\"BreadcrumbList\",\"@id\":\"https:\/\/riwal-wpn.acceptatie.indicia-interactiv.nl\/sl\/strokovno-znanje\/primeri-strank\/volvo-ocean-race-2\/#breadcrumb\",\"itemListElement\":[{\"@type\":\"ListItem\",\"position\":1,\"name\":\"Domov\",\"item\":\"https:\/\/riwal-wpn.acceptatie.indicia-interactiv.nl\/sl\/\"},{\"@type\":\"ListItem\",\"position\":2,\"name\":\"Strokovno znanje\",\"item\":\"https:\/\/riwal-wpn.acceptatie.indicia-interactiv.nl\/sl\/strokovno-znanje\/\"},{\"@type\":\"ListItem\",\"position\":3,\"name\":\"Primeri na\u0161ih strank\",\"item\":\"https:\/\/riwal-wpn.acceptatie.indicia-interactiv.nl\/sl\/strokovno-znanje\/primeri-strank\/\"},{\"@type\":\"ListItem\",\"position\":4,\"name\":\"Volvo Ocean Race\"}]},{\"@type\":\"WebSite\",\"@id\":\"https:\/\/riwal-wpn.acceptatie.indicia-interactiv.nl\/sl\/#website\",\"url\":\"https:\/\/riwal-wpn.acceptatie.indicia-interactiv.nl\/sl\/\",\"name\":\"Riwal\",\"description\":\"Arial work platform &amp; Telehandler Rental\/Sales\",\"publisher\":{\"@id\":\"https:\/\/riwal-wpn.acceptatie.indicia-interactiv.nl\/sl\/#organization\"},\"potentialAction\":[{\"@type\":\"SearchAction\",\"target\":{\"@type\":\"EntryPoint\",\"urlTemplate\":\"https:\/\/riwal-wpn.acceptatie.indicia-interactiv.nl\/sl\/?s={search_term_string}\"},\"query-input\":{\"@type\":\"PropertyValueSpecification\",\"valueRequired\":true,\"valueName\":\"search_term_string\"}}],\"inLanguage\":\"sl-SI\"},{\"@type\":\"Organization\",\"@id\":\"https:\/\/riwal-wpn.acceptatie.indicia-interactiv.nl\/sl\/#organization\",\"name\":\"Riwal\",\"url\":\"https:\/\/riwal-wpn.acceptatie.indicia-interactiv.nl\/sl\/\",\"logo\":{\"@type\":\"ImageObject\",\"inLanguage\":\"sl-SI\",\"@id\":\"https:\/\/riwal-wpn.acceptatie.indicia-interactiv.nl\/sl\/#\/schema\/logo\/image\/\",\"url\":\"\",\"contentUrl\":\"\",\"caption\":\"Riwal\"},\"image\":{\"@id\":\"https:\/\/riwal-wpn.acceptatie.indicia-interactiv.nl\/sl\/#\/schema\/logo\/image\/\"}}]}<\/script>\n<!-- \/ Yoast SEO Premium plugin. -->","yoast_head_json":{"title":"Svetovna regata - Volvo Ocean Race - Riwal Slovenija","robots":{"index":"noindex","follow":"follow","max-snippet":"max-snippet:-1","max-image-preview":"max-image-preview:large","max-video-preview":"max-video-preview:-1"},"og_locale":"sl_SI","og_type":"article","og_title":"Volvo Ocean Race","og_description":"Svetovna regata Volvo Ocean Race Riwal je uradni dobavitelj regate Volvo Ocean Race 2017\u20132018, dirke okoli sveta s profesionalnimi posadkami, ki velja za najdalj\u0161i in najbolj zahteven \u0161portni dogodek na svetu.&nbsp;&nbsp; Kot uradni dobavitelj smo zagotovili \u0161karjaste in teleskopske dvi\u017ene plo\u0161\u010dadi ter tako nudili podporo tekmujo\u010dim ekipam na poti do cilja. Pri 12 postankih v &hellip; Se nadaljuje","og_url":"https:\/\/riwal-wpn.acceptatie.indicia-interactiv.nl\/sl\/strokovno-znanje\/primeri-strank\/volvo-ocean-race-2\/","og_site_name":"Riwal Slovenija","article_modified_time":"2024-01-21T13:20:51+00:00","twitter_card":"summary_large_image","twitter_misc":{"Est. reading time":"2 minuti"},"schema":{"@context":"https:\/\/schema.org","@graph":[{"@type":"WebPage","@id":"https:\/\/riwal-wpn.acceptatie.indicia-interactiv.nl\/sl\/strokovno-znanje\/primeri-strank\/volvo-ocean-race-2\/","url":"https:\/\/riwal-wpn.acceptatie.indicia-interactiv.nl\/sl\/strokovno-znanje\/primeri-strank\/volvo-ocean-race-2\/","name":"Svetovna regata - Volvo Ocean Race - Riwal Slovenija","isPartOf":{"@id":"https:\/\/riwal-wpn.acceptatie.indicia-interactiv.nl\/sl\/#website"},"datePublished":"2023-09-10T21:34:27+00:00","dateModified":"2024-01-21T13:20:51+00:00","breadcrumb":{"@id":"https:\/\/riwal-wpn.acceptatie.indicia-interactiv.nl\/sl\/strokovno-znanje\/primeri-strank\/volvo-ocean-race-2\/#breadcrumb"},"inLanguage":"sl-SI","potentialAction":[{"@type":"ReadAction","target":["https:\/\/riwal-wpn.acceptatie.indicia-interactiv.nl\/sl\/strokovno-znanje\/primeri-strank\/volvo-ocean-race-2\/"]}]},{"@type":"BreadcrumbList","@id":"https:\/\/riwal-wpn.acceptatie.indicia-interactiv.nl\/sl\/strokovno-znanje\/primeri-strank\/volvo-ocean-race-2\/#breadcrumb","itemListElement":[{"@type":"ListItem","position":1,"name":"Domov","item":"https:\/\/riwal-wpn.acceptatie.indicia-interactiv.nl\/sl\/"},{"@type":"ListItem","position":2,"name":"Strokovno znanje","item":"https:\/\/riwal-wpn.acceptatie.indicia-interactiv.nl\/sl\/strokovno-znanje\/"},{"@type":"ListItem","position":3,"name":"Primeri na\u0161ih strank","item":"https:\/\/riwal-wpn.acceptatie.indicia-interactiv.nl\/sl\/strokovno-znanje\/primeri-strank\/"},{"@type":"ListItem","position":4,"name":"Volvo Ocean Race"}]},{"@type":"WebSite","@id":"https:\/\/riwal-wpn.acceptatie.indicia-interactiv.nl\/sl\/#website","url":"https:\/\/riwal-wpn.acceptatie.indicia-interactiv.nl\/sl\/","name":"Riwal","description":"Arial work platform &amp; Telehandler Rental\/Sales","publisher":{"@id":"https:\/\/riwal-wpn.acceptatie.indicia-interactiv.nl\/sl\/#organization"},"potentialAction":[{"@type":"SearchAction","target":{"@type":"EntryPoint","urlTemplate":"https:\/\/riwal-wpn.acceptatie.indicia-interactiv.nl\/sl\/?s={search_term_string}"},"query-input":{"@type":"PropertyValueSpecification","valueRequired":true,"valueName":"search_term_string"}}],"inLanguage":"sl-SI"},{"@type":"Organization","@id":"https:\/\/riwal-wpn.acceptatie.indicia-interactiv.nl\/sl\/#organization","name":"Riwal","url":"https:\/\/riwal-wpn.acceptatie.indicia-interactiv.nl\/sl\/","logo":{"@type":"ImageObject","inLanguage":"sl-SI","@id":"https:\/\/riwal-wpn.acceptatie.indicia-interactiv.nl\/sl\/#\/schema\/logo\/image\/","url":"","contentUrl":"","caption":"Riwal"},"image":{"@id":"https:\/\/riwal-wpn.acceptatie.indicia-interactiv.nl\/sl\/#\/schema\/logo\/image\/"}}]}},"_links":{"self":[{"href":"https:\/\/riwal-wpn.acceptatie.indicia-interactiv.nl\/sl\/wp-json\/wp\/v2\/pages\/3056","targetHints":{"allow":["GET"]}}],"collection":[{"href":"https:\/\/riwal-wpn.acceptatie.indicia-interactiv.nl\/sl\/wp-json\/wp\/v2\/pages"}],"about":[{"href":"https:\/\/riwal-wpn.acceptatie.indicia-interactiv.nl\/sl\/wp-json\/wp\/v2\/types\/page"}],"author":[{"embeddable":true,"href":"https:\/\/riwal-wpn.acceptatie.indicia-interactiv.nl\/sl\/wp-json\/wp\/v2\/users\/45"}],"replies":[{"embeddable":true,"href":"https:\/\/riwal-wpn.acceptatie.indicia-interactiv.nl\/sl\/wp-json\/wp\/v2\/comments?post=3056"}],"version-history":[{"count":3,"href":"https:\/\/riwal-wpn.acceptatie.indicia-interactiv.nl\/sl\/wp-json\/wp\/v2\/pages\/3056\/revisions"}],"predecessor-version":[{"id":4667,"href":"https:\/\/riwal-wpn.acceptatie.indicia-interactiv.nl\/sl\/wp-json\/wp\/v2\/pages\/3056\/revisions\/4667"}],"up":[{"embeddable":true,"href":"https:\/\/riwal-wpn.acceptatie.indicia-interactiv.nl\/sl\/wp-json\/wp\/v2\/pages\/3036"}],"wp:attachment":[{"href":"https:\/\/riwal-wpn.acceptatie.indicia-interactiv.nl\/sl\/wp-json\/wp\/v2\/media?parent=3056"}],"curies":[{"name":"wp","href":"https:\/\/api.w.org\/{rel}","templated":true}]}}