{"id":3059,"date":"2023-09-10T21:49:10","date_gmt":"2023-09-10T21:49:10","guid":{"rendered":"https:\/\/riwal-wpn.acceptatie.indicia-interactiv.nl\/sl\/?page_id=3059"},"modified":"2024-02-03T18:59:39","modified_gmt":"2024-02-03T18:59:39","slug":"varnost","status":"publish","type":"page","link":"https:\/\/riwal-wpn.acceptatie.indicia-interactiv.nl\/sl\/strokovno-znanje\/varnost\/","title":{"rendered":"Varnost"},"content":{"rendered":"<div class=\"rental-wp-default-block rental-theme-block-default-margin\">\n\t\t\t\t\t\t\t\t<div class=\"container\">\n<div class=\"wp-block-columns is-layout-flex wp-container-core-columns-is-layout-28f84493 wp-block-columns-is-layout-flex\">\n<div class=\"wp-block-column is-layout-flow wp-block-column-is-layout-flow\" style=\"flex-basis:66.66%\">\n<h2 class=\"wp-block-heading\" id=\"h-varnost-je-na-prvem-mestu\">Varnost je na prvem mestu<\/h2>\n\n\n\n<p>V na\u0161em poslu je varnost bistvenega pomena za na\u0161o ponudbo izdelkov. V praksi to pomeni, da imamo varno opremo, varne postopke ter znanje in zavedanje, ki prihaja iz usposabljanja in je vgrajena v varnostni kulturi.&nbsp;<\/p>\n<\/div>\n\n\n\n<div class=\"wp-block-column is-layout-flow wp-block-column-is-layout-flow\" style=\"flex-basis:33.33%\">\n<div class=\"wp-block-buttons is-layout-flex wp-block-buttons-is-layout-flex\">\n<div class=\"wp-block-button\"><a class=\"wp-block-button__link wp-element-button\" href=\"https:\/\/riwal-wpn.acceptatie.indicia-interactiv.nl\/sl\/deset-nasvetov-za-varno-delo-na-visini\/\">10 nasvetov za varno delo<\/a><\/div>\n<\/div>\n<\/div>\n<\/div>\n<\/div>\n\t\t\t\t\t\t\t<\/div> \n\n<div class=\"rental-wp-default-block rental-theme-block-default-margin\">\n\t\t\t\t\t\t\t\t<div class=\"container\"><div class=\"wp-block-rental-theme-expertises wp-block-rental-theme-expertises--white rental-theme-block-default-margin\">\n\t\t<div class=\"wp-block-rental-theme-expertises__container\">\n\t\t\t<h2 class='wp-block-rental-theme-expertises__title'>\u017divljenje je kratko<\/h2>\t\t\t\n\n<div class=\"wp-block-columns is-layout-flex wp-container-core-columns-is-layout-28f84493 wp-block-columns-is-layout-flex\">\n<div class=\"wp-block-column is-layout-flow wp-block-column-is-layout-flow\"><div class=\"wp-block-rental-theme-expertise-item\">\n\t<div class=\"wp-block-rental-theme-expertise-item__container\">\n\t\t<div class=\"wp-block-rental-theme-expertise-item__content\">\n\t\t\t\t\t\t\t\t\t\t\t\t<div class=\"wp-block-rental-theme-expertise-item--no-link\">\n\t\t\t\t\t\t<h2 class='wp-block-rental-theme-expertise-item__title'><strong>Varna oprema<\/strong><\/h2>\t\t\t\t\t<\/div>\n\t\t\t\t\t\t\t\t<div class=\"wp-block-rental-theme-expertise-item__text\">\n\n<p>Varna&nbsp;oprema se za\u010dne s kakovostno opremo in vzdr\u017eevanjem strokovnjakov. Ko se oprema vrne v eno od na\u0161ih skladi\u0161\u010d, se preveri od vrha do tal, in \u010de je potrebno se opravijo potrebna vzdr\u017eevalna dela. Vsa oprema je tudi pregledana in letno odobrena.<\/p>\n\n<\/div>\n\t\t\t\t\t<\/div>\n\t<\/div>\n<\/div>\n<\/div>\n\n\n\n<div class=\"wp-block-column is-layout-flow wp-block-column-is-layout-flow\"><div class=\"wp-block-rental-theme-expertise-item\">\n\t<div class=\"wp-block-rental-theme-expertise-item__container\">\n\t\t<div class=\"wp-block-rental-theme-expertise-item__content\">\n\t\t\t\t\t\t\t\t\t\t\t\t<div class=\"wp-block-rental-theme-expertise-item--no-link\">\n\t\t\t\t\t\t<h2 class='wp-block-rental-theme-expertise-item__title'><strong>Varna praksa<\/strong><\/h2>\t\t\t\t\t<\/div>\n\t\t\t\t\t\t\t\t<div class=\"wp-block-rental-theme-expertise-item__text\">\n\n<p>Zagotavljamo varno prakso na vsaki stopnji z upo\u0161tevanjem standarda ISO 45001, ki je mednarodni standard za zdravje in varno upravljanje. Certifikat&nbsp;ISO 45001&nbsp;je zagotovilo za na\u0161e stranke, da imamo vseobsegajo\u010d sistem, da se zmanj\u0161a tveganje za nesre\u010de na sam minimum.<\/p>\n\n<\/div>\n\t\t\t\t\t<\/div>\n\t<\/div>\n<\/div>\n<\/div>\n<\/div>\n\n\t\t<\/div>\n<\/div>\n\n<\/div>\n\t\t\t\t\t\t\t<\/div> \n\n<div class=\"rental-wp-default-block rental-theme-block-default-margin\">\n\t\t\t\t\t\t\t\t<div class=\"container\"><div class=\"wp-block-rental-theme-expertises wp-block-rental-theme-expertises--white rental-theme-block-default-margin\">\n\t\t<div class=\"wp-block-rental-theme-expertises__container\">\n\t\t\t<h2 class='wp-block-rental-theme-expertises__title'>Varnostna kultura<\/h2>\t\t\t\n\n<div class=\"wp-block-columns is-layout-flex wp-container-core-columns-is-layout-28f84493 wp-block-columns-is-layout-flex\">\n<div class=\"wp-block-column is-layout-flow wp-block-column-is-layout-flow\"><div class=\"wp-block-rental-theme-expertise-item\">\n\t<div class=\"wp-block-rental-theme-expertise-item__container\">\n\t\t<div class=\"wp-block-rental-theme-expertise-item__content\">\n\t\t\t\t\t\t\t\t\t\t\t\t<div class=\"wp-block-rental-theme-expertise-item--no-link\">\n\t\t\t\t\t\t<div class=\"wp-block-rental-theme-expertise-item__text\">\n\n<p>Varna oprema in varne prakse so ena stvar, ki pa niso dovolj brez vednosti in varnostne kulture. Zato smo uvedli usposabljanja za na\u0161e ljudi, in zato nudimo usposabljanje za varno delovanje na\u0161e opreme za na\u0161e stranke, s certificiranimi trenerji. Kadar lokalni varnostni predpisi zahtevajo posebne certifikate, smo se prepri\u010dali, da so vsi delavci in nadzorniki uspe\u0161no zaklju\u010dili z zahtevano izobrazbo in so v celoti v skladu s temi predpisi.<\/p>\n\n<\/div>\n\t\t\t\t\t<\/div>\n\t\t\t\t\t\t\t\t\t<\/div>\n\t<\/div>\n<\/div>\n<\/div>\n\n\n\n<div class=\"wp-block-column is-layout-flow wp-block-column-is-layout-flow\"><div class=\"wp-block-rental-theme-expertise-item\">\n\t<div class=\"wp-block-rental-theme-expertise-item__container\">\n\t\t<div class=\"wp-block-rental-theme-expertise-item__content\">\n\t\t\t\t\t\t\t\t\t\t\t\t<div class=\"wp-block-rental-theme-expertise-item--no-link\">\n\t\t\t\t\t\t<div class=\"wp-block-rental-theme-expertise-item__text\">\n\n<p>Vsako sre\u010danje zaposlenih na katero koli od na\u0161ih skoraj 60 depojih se za\u010dne z varnostjo. Vsak teden klju\u010dno osebje opravi &#8220;varnostni sprehod&#8221; po skladi\u0161\u010du za preverjanje morebitnih tveganj. In na splo\u0161no napro\u0161amo na\u0161e zaposlene, da podajo predloge, kadar vidijo nekaj, kar bi lahko predstavljalo tveganje za varnost. Vse te\u017eave in incidenti so zabele\u017eeni na na\u0161i &#8220;tabli izbolj\u0161av&#8221; &#8211; in delujejo za naprej. Na\u0161 cilj je ni\u010d nesre\u010d in incidentov, trudimo se, da bi to dosegli s proaktivnim pristopom k varnosti.<\/p>\n\n<\/div>\n\t\t\t\t\t<\/div>\n\t\t\t\t\t\t\t\t\t<\/div>\n\t<\/div>\n<\/div>\n<\/div>\n<\/div>\n\n\t\t<\/div>\n<\/div>\n\n<\/div>\n\t\t\t\t\t\t\t<\/div> \n\n<div class=\"rental-wp-default-block rental-theme-block-default-margin\">\n\t\t\t\t\t\t\t\t<div class=\"container\">\n<div class=\"wp-block-columns is-layout-flex wp-container-core-columns-is-layout-28f84493 wp-block-columns-is-layout-flex\">\n<div class=\"wp-block-column is-layout-flow wp-block-column-is-layout-flow\" style=\"flex-basis:66.66%\">\n<p><strong>Kliknite za prenos certifikatov za varnost in kakovost:<\/strong><\/p>\n\n\n\n<ul class=\"wp-block-list\">\n<li><strong><a><\/a><a href=\"https:\/\/riwal-wpn.acceptatie.indicia-interactiv.nl\/-\/media\/Riwal-Slovenia\/PDF_dokumenti\/ISO-45001-SLO.pdf?la=sl-SI\"><strong><\/strong><\/a><a><\/a><a href=\"https:\/\/riwal-wpn.acceptatie.indicia-interactiv.nl\/-\/media\/Riwal-Slovenia\/PDF_dokumenti\/ISO-45001-SLO.pdf?la=sl-SI\"><strong><\/strong><\/a><a href=\"https:\/\/riwal-wpn.acceptatie.indicia-interactiv.nl\/-\/media\/Riwal-Slovenia\/PDF_dokumenti\/ISO-45001-SLO.pdf?la=sl-SI\">ISO 45001<\/a><a href=\"https:\/\/riwal-wpn.acceptatie.indicia-interactiv.nl\/-\/media\/Riwal-Slovenia\/PDF_dokumenti\/ISO-45001-SLO.pdf?la=sl-SI\">&nbsp;standard za zdravje pri delu in varno upravljanje<\/a><\/strong><\/li>\n\n\n\n<li><strong><a><\/a><a href=\"https:\/\/riwal-wpn.acceptatie.indicia-interactiv.nl\/-\/media\/Riwal-Slovenia\/PDF_dokumenti\/ISO-9001-SLO.pdf?la=sl-SI\"><strong><\/strong><\/a><a href=\"https:\/\/riwal-wpn.acceptatie.indicia-interactiv.nl\/-\/media\/Riwal-Slovenia\/PDF_dokumenti\/ISO-9001-SLO.pdf?la=sl-SI\">ISO 9001<\/a><a href=\"https:\/\/riwal-wpn.acceptatie.indicia-interactiv.nl\/-\/media\/Riwal-Slovenia\/PDF_dokumenti\/ISO-9001-SLO.pdf?la=sl-SI\">&nbsp;standard za vodenje kakovosti<\/a><\/strong><\/li>\n\n\n\n<li><strong><a href=\"https:\/\/riwal-wpn.acceptatie.indicia-interactiv.nl\/-\/media\/Riwal-Slovenia\/PDF_dokumenti\/ISO-14001-SLO.pdf?la=sl-SI\"><\/a><a href=\"https:\/\/riwal-wpn.acceptatie.indicia-interactiv.nl\/-\/media\/Riwal-Slovenia\/PDF_dokumenti\/ISO-14001-SLO.pdf?la=sl-SI\">ISO 14001&nbsp;standard za sisteme ravnanja z okoljem, ki zajema obvladovanje okoljskih vidikov proizvodnje ali storitvene dejavnosti<\/a><\/strong><\/li>\n<\/ul>\n\n\n\n<p><strong>Poudarek na varnosti \u017ee ob prevozu dvi\u017enih naprav<\/strong><\/p>\n\n\n\n<p>Za na\u0161e prevoznike in pa tudi vse stranke, ki za prevoz dvi\u017enih naprav skrbijo same, smo izdelali poseben video o varnem nakladanju in razkladanju dvi\u017ene opreme. Z njim \u017eelimo opozoriti na vse podrobnosti, ki so ob nakladanju in razkladanju izrednega pomena za varnost. Kliknite za ogled videa spodaj.<\/p>\n\n\n\n<figure class=\"wp-block-embed is-type-video is-provider-youtube wp-block-embed-youtube\"><div class=\"wp-block-embed__wrapper\">\n<iframe loading=\"lazy\" title=\"Varno nalaganje in razlaganje dvi\u017enih naprav - Riwal Slovenija\" width=\"500\" height=\"281\" src=\"https:\/\/www.youtube.com\/embed\/3Jllnx0JL4A?feature=oembed\" frameborder=\"0\" allow=\"accelerometer; autoplay; clipboard-write; encrypted-media; gyroscope; picture-in-picture; web-share\" referrerpolicy=\"strict-origin-when-cross-origin\" allowfullscreen><\/iframe>\n<\/div><\/figure>\n<\/div>\n\n\n\n<div class=\"wp-block-column is-layout-flow wp-block-column-is-layout-flow\" style=\"flex-basis:33.33%\"><\/div>\n<\/div>\n<\/div>\n\t\t\t\t\t\t\t<\/div> ","protected":false},"excerpt":{"rendered":"<p>Varnost je na prvem mestu V na\u0161em poslu je varnost bistvenega pomena za na\u0161o ponudbo izdelkov. V praksi to pomeni, da imamo varno opremo, varne postopke ter znanje in zavedanje, ki prihaja iz usposabljanja in je vgrajena v varnostni kulturi.&nbsp; Kliknite za prenos certifikatov za varnost in kakovost: Poudarek na varnosti \u017ee ob prevozu dvi\u017enih &hellip; <a href=\"https:\/\/riwal-wpn.acceptatie.indicia-interactiv.nl\/sl\/strokovno-znanje\/varnost\/\">Se nadaljuje<\/a><\/p>\n","protected":false},"author":45,"featured_media":0,"parent":2908,"menu_order":0,"comment_status":"closed","ping_status":"closed","template":"","meta":{"_acf_changed":false,"editor_notices":[],"footnotes":""},"class_list":["post-3059","page","type-page","status-publish","hentry"],"acf":[],"yoast_head":"<!-- This site is optimized with the Yoast SEO Premium plugin v27.1 (Yoast SEO v27.1.1) - https:\/\/yoast.com\/product\/yoast-seo-premium-wordpress\/ -->\n<title>Varno delo na vi\u0161ini - Riwal Slovenija<\/title>\n<meta name=\"robots\" content=\"noindex, follow, max-snippet:-1, max-image-preview:large, max-video-preview:-1\" \/>\n<meta property=\"og:locale\" content=\"sl_SI\" \/>\n<meta property=\"og:type\" content=\"article\" \/>\n<meta property=\"og:title\" content=\"Varnost\" \/>\n<meta property=\"og:description\" content=\"Varnost je na prvem mestu V na\u0161em poslu je varnost bistvenega pomena za na\u0161o ponudbo izdelkov. V praksi to pomeni, da imamo varno opremo, varne postopke ter znanje in zavedanje, ki prihaja iz usposabljanja in je vgrajena v varnostni kulturi.&nbsp; Kliknite za prenos certifikatov za varnost in kakovost: Poudarek na varnosti \u017ee ob prevozu dvi\u017enih &hellip; Se nadaljuje\" \/>\n<meta property=\"og:url\" content=\"https:\/\/riwal-wpn.acceptatie.indicia-interactiv.nl\/sl\/strokovno-znanje\/varnost\/\" \/>\n<meta property=\"og:site_name\" content=\"Riwal Slovenija\" \/>\n<meta property=\"article:modified_time\" content=\"2024-02-03T18:59:39+00:00\" \/>\n<meta name=\"twitter:card\" content=\"summary_large_image\" \/>\n<meta name=\"twitter:label1\" content=\"Est. reading time\" \/>\n\t<meta name=\"twitter:data1\" content=\"3 minute\" \/>\n<script type=\"application\/ld+json\" class=\"yoast-schema-graph\">{\"@context\":\"https:\/\/schema.org\",\"@graph\":[{\"@type\":\"WebPage\",\"@id\":\"https:\/\/riwal-wpn.acceptatie.indicia-interactiv.nl\/sl\/strokovno-znanje\/varnost\/\",\"url\":\"https:\/\/riwal-wpn.acceptatie.indicia-interactiv.nl\/sl\/strokovno-znanje\/varnost\/\",\"name\":\"Varno delo na vi\u0161ini - Riwal Slovenija\",\"isPartOf\":{\"@id\":\"https:\/\/riwal-wpn.acceptatie.indicia-interactiv.nl\/sl\/#website\"},\"datePublished\":\"2023-09-10T21:49:10+00:00\",\"dateModified\":\"2024-02-03T18:59:39+00:00\",\"breadcrumb\":{\"@id\":\"https:\/\/riwal-wpn.acceptatie.indicia-interactiv.nl\/sl\/strokovno-znanje\/varnost\/#breadcrumb\"},\"inLanguage\":\"sl-SI\",\"potentialAction\":[{\"@type\":\"ReadAction\",\"target\":[\"https:\/\/riwal-wpn.acceptatie.indicia-interactiv.nl\/sl\/strokovno-znanje\/varnost\/\"]}]},{\"@type\":\"BreadcrumbList\",\"@id\":\"https:\/\/riwal-wpn.acceptatie.indicia-interactiv.nl\/sl\/strokovno-znanje\/varnost\/#breadcrumb\",\"itemListElement\":[{\"@type\":\"ListItem\",\"position\":1,\"name\":\"Domov\",\"item\":\"https:\/\/riwal-wpn.acceptatie.indicia-interactiv.nl\/sl\/\"},{\"@type\":\"ListItem\",\"position\":2,\"name\":\"Strokovno znanje\",\"item\":\"https:\/\/riwal-wpn.acceptatie.indicia-interactiv.nl\/sl\/strokovno-znanje\/\"},{\"@type\":\"ListItem\",\"position\":3,\"name\":\"Varnost\"}]},{\"@type\":\"WebSite\",\"@id\":\"https:\/\/riwal-wpn.acceptatie.indicia-interactiv.nl\/sl\/#website\",\"url\":\"https:\/\/riwal-wpn.acceptatie.indicia-interactiv.nl\/sl\/\",\"name\":\"Riwal\",\"description\":\"Arial work platform &amp; Telehandler Rental\/Sales\",\"publisher\":{\"@id\":\"https:\/\/riwal-wpn.acceptatie.indicia-interactiv.nl\/sl\/#organization\"},\"potentialAction\":[{\"@type\":\"SearchAction\",\"target\":{\"@type\":\"EntryPoint\",\"urlTemplate\":\"https:\/\/riwal-wpn.acceptatie.indicia-interactiv.nl\/sl\/?s={search_term_string}\"},\"query-input\":{\"@type\":\"PropertyValueSpecification\",\"valueRequired\":true,\"valueName\":\"search_term_string\"}}],\"inLanguage\":\"sl-SI\"},{\"@type\":\"Organization\",\"@id\":\"https:\/\/riwal-wpn.acceptatie.indicia-interactiv.nl\/sl\/#organization\",\"name\":\"Riwal\",\"url\":\"https:\/\/riwal-wpn.acceptatie.indicia-interactiv.nl\/sl\/\",\"logo\":{\"@type\":\"ImageObject\",\"inLanguage\":\"sl-SI\",\"@id\":\"https:\/\/riwal-wpn.acceptatie.indicia-interactiv.nl\/sl\/#\/schema\/logo\/image\/\",\"url\":\"\",\"contentUrl\":\"\",\"caption\":\"Riwal\"},\"image\":{\"@id\":\"https:\/\/riwal-wpn.acceptatie.indicia-interactiv.nl\/sl\/#\/schema\/logo\/image\/\"}}]}<\/script>\n<!-- \/ Yoast SEO Premium plugin. -->","yoast_head_json":{"title":"Varno delo na vi\u0161ini - Riwal Slovenija","robots":{"index":"noindex","follow":"follow","max-snippet":"max-snippet:-1","max-image-preview":"max-image-preview:large","max-video-preview":"max-video-preview:-1"},"og_locale":"sl_SI","og_type":"article","og_title":"Varnost","og_description":"Varnost je na prvem mestu V na\u0161em poslu je varnost bistvenega pomena za na\u0161o ponudbo izdelkov. V praksi to pomeni, da imamo varno opremo, varne postopke ter znanje in zavedanje, ki prihaja iz usposabljanja in je vgrajena v varnostni kulturi.&nbsp; Kliknite za prenos certifikatov za varnost in kakovost: Poudarek na varnosti \u017ee ob prevozu dvi\u017enih &hellip; Se nadaljuje","og_url":"https:\/\/riwal-wpn.acceptatie.indicia-interactiv.nl\/sl\/strokovno-znanje\/varnost\/","og_site_name":"Riwal Slovenija","article_modified_time":"2024-02-03T18:59:39+00:00","twitter_card":"summary_large_image","twitter_misc":{"Est. reading time":"3 minute"},"schema":{"@context":"https:\/\/schema.org","@graph":[{"@type":"WebPage","@id":"https:\/\/riwal-wpn.acceptatie.indicia-interactiv.nl\/sl\/strokovno-znanje\/varnost\/","url":"https:\/\/riwal-wpn.acceptatie.indicia-interactiv.nl\/sl\/strokovno-znanje\/varnost\/","name":"Varno delo na vi\u0161ini - Riwal Slovenija","isPartOf":{"@id":"https:\/\/riwal-wpn.acceptatie.indicia-interactiv.nl\/sl\/#website"},"datePublished":"2023-09-10T21:49:10+00:00","dateModified":"2024-02-03T18:59:39+00:00","breadcrumb":{"@id":"https:\/\/riwal-wpn.acceptatie.indicia-interactiv.nl\/sl\/strokovno-znanje\/varnost\/#breadcrumb"},"inLanguage":"sl-SI","potentialAction":[{"@type":"ReadAction","target":["https:\/\/riwal-wpn.acceptatie.indicia-interactiv.nl\/sl\/strokovno-znanje\/varnost\/"]}]},{"@type":"BreadcrumbList","@id":"https:\/\/riwal-wpn.acceptatie.indicia-interactiv.nl\/sl\/strokovno-znanje\/varnost\/#breadcrumb","itemListElement":[{"@type":"ListItem","position":1,"name":"Domov","item":"https:\/\/riwal-wpn.acceptatie.indicia-interactiv.nl\/sl\/"},{"@type":"ListItem","position":2,"name":"Strokovno znanje","item":"https:\/\/riwal-wpn.acceptatie.indicia-interactiv.nl\/sl\/strokovno-znanje\/"},{"@type":"ListItem","position":3,"name":"Varnost"}]},{"@type":"WebSite","@id":"https:\/\/riwal-wpn.acceptatie.indicia-interactiv.nl\/sl\/#website","url":"https:\/\/riwal-wpn.acceptatie.indicia-interactiv.nl\/sl\/","name":"Riwal","description":"Arial work platform &amp; Telehandler Rental\/Sales","publisher":{"@id":"https:\/\/riwal-wpn.acceptatie.indicia-interactiv.nl\/sl\/#organization"},"potentialAction":[{"@type":"SearchAction","target":{"@type":"EntryPoint","urlTemplate":"https:\/\/riwal-wpn.acceptatie.indicia-interactiv.nl\/sl\/?s={search_term_string}"},"query-input":{"@type":"PropertyValueSpecification","valueRequired":true,"valueName":"search_term_string"}}],"inLanguage":"sl-SI"},{"@type":"Organization","@id":"https:\/\/riwal-wpn.acceptatie.indicia-interactiv.nl\/sl\/#organization","name":"Riwal","url":"https:\/\/riwal-wpn.acceptatie.indicia-interactiv.nl\/sl\/","logo":{"@type":"ImageObject","inLanguage":"sl-SI","@id":"https:\/\/riwal-wpn.acceptatie.indicia-interactiv.nl\/sl\/#\/schema\/logo\/image\/","url":"","contentUrl":"","caption":"Riwal"},"image":{"@id":"https:\/\/riwal-wpn.acceptatie.indicia-interactiv.nl\/sl\/#\/schema\/logo\/image\/"}}]}},"_links":{"self":[{"href":"https:\/\/riwal-wpn.acceptatie.indicia-interactiv.nl\/sl\/wp-json\/wp\/v2\/pages\/3059","targetHints":{"allow":["GET"]}}],"collection":[{"href":"https:\/\/riwal-wpn.acceptatie.indicia-interactiv.nl\/sl\/wp-json\/wp\/v2\/pages"}],"about":[{"href":"https:\/\/riwal-wpn.acceptatie.indicia-interactiv.nl\/sl\/wp-json\/wp\/v2\/types\/page"}],"author":[{"embeddable":true,"href":"https:\/\/riwal-wpn.acceptatie.indicia-interactiv.nl\/sl\/wp-json\/wp\/v2\/users\/45"}],"replies":[{"embeddable":true,"href":"https:\/\/riwal-wpn.acceptatie.indicia-interactiv.nl\/sl\/wp-json\/wp\/v2\/comments?post=3059"}],"version-history":[{"count":4,"href":"https:\/\/riwal-wpn.acceptatie.indicia-interactiv.nl\/sl\/wp-json\/wp\/v2\/pages\/3059\/revisions"}],"predecessor-version":[{"id":5452,"href":"https:\/\/riwal-wpn.acceptatie.indicia-interactiv.nl\/sl\/wp-json\/wp\/v2\/pages\/3059\/revisions\/5452"}],"up":[{"embeddable":true,"href":"https:\/\/riwal-wpn.acceptatie.indicia-interactiv.nl\/sl\/wp-json\/wp\/v2\/pages\/2908"}],"wp:attachment":[{"href":"https:\/\/riwal-wpn.acceptatie.indicia-interactiv.nl\/sl\/wp-json\/wp\/v2\/media?parent=3059"}],"curies":[{"name":"wp","href":"https:\/\/api.w.org\/{rel}","templated":true}]}}