{"id":3747,"date":"2023-09-12T11:19:38","date_gmt":"2023-09-12T11:19:38","guid":{"rendered":"https:\/\/riwal-wpn.acceptatie.indicia-interactiv.nl\/sl\/?page_id=3747"},"modified":"2024-01-21T13:20:50","modified_gmt":"2024-01-21T13:20:50","slug":"riwal-industrijske-resitve","status":"publish","type":"page","link":"https:\/\/riwal-wpn.acceptatie.indicia-interactiv.nl\/sl\/strokovno-znanje\/primeri-resitev\/riwal-industrijske-resitve\/","title":{"rendered":"Riwal industrijske re\u0161itve"},"content":{"rendered":"<div class=\"container\">\n<h2 class=\"wp-block-heading\" id=\"h-varno-ucinkovito-in-trajno-na-visinah-v-veterni-industriji-na-kopnem-in-morju\">Varno, u\u010dinkovito in trajno na vi\u0161inah v veterni industriji na kopnem in morju<\/h2>\n<\/div>\n\n<div class=\"rental-wp-default-block rental-theme-block-default-margin\">\n\t\t\t\t\t\t\t\t<div class=\"container\">\n<div class=\"wp-block-columns is-layout-flex wp-container-core-columns-is-layout-28f84493 wp-block-columns-is-layout-flex\">\n<div class=\"wp-block-column is-layout-flow wp-block-column-is-layout-flow\" style=\"flex-basis:66.66%\">\n<p><strong><em>Riwal industrijske re\u0161itve<\/em>\u00a0je na\u0161a nova blagovna znamka, ki ponuja vodilne in edinstvene re\u0161itve na vi\u0161ini za kopensko ali morsko vetrno industrijo. Nudimo prilagojene, inovativne re\u0161itve za \u0161irok krog kupcev z zelo specifi\u010dnimi zahtevami in zahtevami, kot so popolnoma baterijski stroji, prilagojene ko\u0161are in nizki stroji, ki jih je mogo\u010de uporabljati v te\u017ekih okoljih. Zaradi nenehnih vlaganj v ljudi, kakovost dvi\u017enih naprav in inovacije je Riwal postal resni\u010dno mednarodno vodilno podjetje v tej panogi.<\/strong><\/p>\n\n\n\n<p>Z ve\u010d kot 19.000 stroji po vsem svetu delujemo v 16-ih dr\u017eavah in poslujemo v ve\u010d kot 70-ih dr\u017eavah.\u00a0<em>Riwal industrijske re\u0161itve\u00a0<\/em>ima globalno mre\u017eo in jasno osredoto\u010denost na vetrno industrijo na kopnem in morju.\u00a0<em>Riwal industrijske re\u0161itve\u00a0<\/em>lahko s pisarnami v dr\u017eavah EMEA (Evropa, Bli\u017enji vzhod, Afrika) in globalnim poslovanjem sodeluje pri prihajajo\u010dih projektih nove vodilne generacije in njihovem upravljanju premo\u017eenja. Na\u0161a jasna vizija je biti prva izbira pri delu na vi\u0161ini in narekovati novosti na podro\u010dju dvi\u017ene opreme, pri \u010demer zagotavljamo varne, pametne in stro\u0161kovno u\u010dinkovite re\u0161itve.<\/p>\n\n\n\n<figure class=\"wp-block-image size-full is-resized\"><img loading=\"lazy\" decoding=\"async\" src=\"https:\/\/riwal-wpn.acceptatie.indicia-interactiv.nl\/app\/uploads\/sites\/10\/2023\/09\/RWL_RIS1536x768.webp\" alt=\"\" class=\"wp-image-3750\" style=\"width:787px;height:394px\" width=\"787\" height=\"394\" srcset=\"https:\/\/riwal-wpn.acceptatie.indicia-interactiv.nl\/app\/uploads\/sites\/10\/2023\/09\/RWL_RIS1536x768.webp 1000w, https:\/\/riwal-wpn.acceptatie.indicia-interactiv.nl\/app\/uploads\/sites\/10\/2023\/09\/RWL_RIS1536x768-830x415.webp 830w, https:\/\/riwal-wpn.acceptatie.indicia-interactiv.nl\/app\/uploads\/sites\/10\/2023\/09\/RWL_RIS1536x768-300x150.webp 300w, https:\/\/riwal-wpn.acceptatie.indicia-interactiv.nl\/app\/uploads\/sites\/10\/2023\/09\/RWL_RIS1536x768-768x384.webp 768w, https:\/\/riwal-wpn.acceptatie.indicia-interactiv.nl\/app\/uploads\/sites\/10\/2023\/09\/RWL_RIS1536x768-178x89.webp 178w, https:\/\/riwal-wpn.acceptatie.indicia-interactiv.nl\/app\/uploads\/sites\/10\/2023\/09\/RWL_RIS1536x768-390x195.webp 390w, https:\/\/riwal-wpn.acceptatie.indicia-interactiv.nl\/app\/uploads\/sites\/10\/2023\/09\/RWL_RIS1536x768-250x125.webp 250w\" sizes=\"auto, (max-width: 787px) 100vw, 787px\" \/><\/figure>\n\n\n\n<h4 class=\"wp-block-heading\" id=\"h-riwal-industrijske-resitve\">RIWAL INDUSTRIJSKE RE\u0160ITVE<\/h4>\n\n\n\n<p><strong>Varnost<\/strong><\/p>\n\n\n\n<p>Varnost je nujno potrebna v vseh procesih na\u0161ega poslovanja. Zagotavljamo varen dostop na vi\u0161ino in nikoli ne ogro\u017eamo varnosti. Ve\u010d kot 2000 strokovnjakov podjetja Riwal zagotavlja, da se operacije varno in zanesljivo izvajajo neprekinjeno, tako na kopnem kot na morju. Z nenehnim vlaganjem v kakovost in inovacije je na\u0161a nova blagovna znamka\u00a0<em>Rival industrijske re\u0161itve<\/em>\u00a0postala vodilna mednarodna igralka.<\/p>\n\n\n\n<p><strong>Fokus in ambicija<\/strong><\/p>\n\n\n\n<p>Da bi ohranili svoj polo\u017eaj mednarodnega vodje v vetrni industriji na morju in kopnem, moramo biti osredoto\u010deni in ambiciozni. Na\u0161 prvi cilj je postati va\u0161a prva izbira dvi\u017enih plo\u0161\u010dadi in zagotoviti re\u0161itve za kopensko in morsko vetrno industrijo.<\/p>\n\n\n\n<p>Na\u0161e glavne dejavnosti so:<\/p>\n\n\n\n<ul class=\"wp-block-list\">\n<li>Pomo\u010d pri va\u0161em projektu na morju za vse operacije na vi\u0161ini<\/li>\n\n\n\n<li>Postavitev za\u010dasne konstrukcije na kopnem ali morju<\/li>\n\n\n\n<li>Vzdr\u017eevanje in popravila vetrnih lopatic na morju<\/li>\n\n\n\n<li>Stroji na priklju\u010dnih plo\u0161\u010dicah za vzdr\u017eevanje na krovu<\/li>\n\n\n\n<li>Vzdr\u017eevanje in popravilo plovil v pristani\u0161\u010du<\/li>\n\n\n\n<li>Stroje na transformatorskih modulih za vzdr\u017eevanje in popravila<\/li>\n\n\n\n<li>Gradnja jeklenih konstrukcij (ladijska)<\/li>\n\n\n\n<li>Podpora pri projektih razgradnje<\/li>\n\n\n\n<li>Inovacije in prilagoditve<\/li>\n<\/ul>\n\n\n\n<figure class=\"wp-block-image size-full\"><img loading=\"lazy\" decoding=\"async\" width=\"300\" height=\"225\" src=\"https:\/\/riwal-wpn.acceptatie.indicia-interactiv.nl\/app\/uploads\/sites\/10\/2023\/09\/denmark-offshore-windmill.webp\" alt=\"\" class=\"wp-image-3751\" srcset=\"https:\/\/riwal-wpn.acceptatie.indicia-interactiv.nl\/app\/uploads\/sites\/10\/2023\/09\/denmark-offshore-windmill.webp 300w, https:\/\/riwal-wpn.acceptatie.indicia-interactiv.nl\/app\/uploads\/sites\/10\/2023\/09\/denmark-offshore-windmill-178x134.webp 178w, https:\/\/riwal-wpn.acceptatie.indicia-interactiv.nl\/app\/uploads\/sites\/10\/2023\/09\/denmark-offshore-windmill-250x188.webp 250w\" sizes=\"auto, (max-width: 300px) 100vw, 300px\" \/><\/figure>\n\n\n\n<p>Poleg na\u0161ih v celoti baterijskih dvi\u017enih plo\u0161\u010dadi in ko\u0161ar ponujamo razli\u010dne novosti. To sta na primer sledenje naprav in dvi\u017ene plo\u0161\u010dadi z ni\u017ejo delovno vi\u0161ino za zahtevna delovna okolja. Poleg tega prilagodimo ali pove\u010damo delovne ko\u0161are in stroje opremimo z delovnimi in navigacijskimi lu\u010dmi. Da bi zadovoljili potrebe na\u0161ih strank, sodelujemo pri iskanju inovativnih, prelomnih re\u0161itev.<\/p>\n\n\n\n<p><strong>Projektne re\u0161itve<\/strong><\/p>\n\n\n\n<p>Med obse\u017enim in zapletenim projektom je nadzor nad vsemi dvi\u017enimi plo\u0161\u010dadmi in ko\u0161arami lahko pravi izziv. Da bi zmanj\u0161ali \u0161tevilo okvar in prihranili va\u0161 \u010das, ponujamo hitro re\u0161evanje terenskih storitev in poskrbimo za vzdr\u017eevanje naprav kar na kraju samem. Pri dolgoro\u010dnih projektih vam bosta dodeljena mehanik, ki vam bo vedno na voljo in Riwalov predstavnik, ki bo tudi va\u0161a to\u010dka za komunikacijo vsega potrebnega. Da bi zmanj\u0161ali nepotrebno gibanje strojev, lahko priskrbimo Shell GTL dizelsko \u010drpalko za polnjenje goriva vseh dizelskih strojev na licu mesta.\u00a0<em>Riwal industrijske re\u0161itve<\/em>\u00a0je tu, da vam pomaga pri varni in u\u010dinkoviti izvedbi svojih projektov, kjerkoli \u017ee delujete!<\/p>\n\n\n\n<figure class=\"wp-block-embed is-type-video is-provider-youtube wp-block-embed-youtube\"><div class=\"wp-block-embed__wrapper\">\n<iframe title=\"Riwal industrijske re\u0161itve\" width=\"500\" height=\"281\" data-icn-src=\"https:\/\/www.youtube.com\/embed\/WWG_DYKXu0g?feature=oembed\" frameborder=\"0\" allow=\"accelerometer; autoplay; clipboard-write; encrypted-media; gyroscope; picture-in-picture; web-share\" referrerpolicy=\"strict-origin-when-cross-origin\" allowfullscreen><\/iframe>\n<\/div><\/figure>\n<\/div>\n\n\n\n<div class=\"wp-block-column is-layout-flow wp-block-column-is-layout-flow\" style=\"flex-basis:33.33%\">\n<figure class=\"wp-block-image size-full\"><img loading=\"lazy\" decoding=\"async\" width=\"500\" height=\"364\" src=\"https:\/\/riwal-wpn.acceptatie.indicia-interactiv.nl\/app\/uploads\/sites\/10\/2023\/09\/vprasanja-za-nas.webp\" alt=\"\" class=\"wp-image-3749\" srcset=\"https:\/\/riwal-wpn.acceptatie.indicia-interactiv.nl\/app\/uploads\/sites\/10\/2023\/09\/vprasanja-za-nas.webp 500w, https:\/\/riwal-wpn.acceptatie.indicia-interactiv.nl\/app\/uploads\/sites\/10\/2023\/09\/vprasanja-za-nas-300x218.webp 300w, https:\/\/riwal-wpn.acceptatie.indicia-interactiv.nl\/app\/uploads\/sites\/10\/2023\/09\/vprasanja-za-nas-178x130.webp 178w, https:\/\/riwal-wpn.acceptatie.indicia-interactiv.nl\/app\/uploads\/sites\/10\/2023\/09\/vprasanja-za-nas-390x284.webp 390w, https:\/\/riwal-wpn.acceptatie.indicia-interactiv.nl\/app\/uploads\/sites\/10\/2023\/09\/vprasanja-za-nas-250x182.webp 250w\" sizes=\"auto, (max-width: 500px) 100vw, 500px\" \/><\/figure>\n\n\n\n<p><strong>Imate vpra\u0161anja?<\/strong> <br>Kontaktirajte nas!<\/p>\n\n\n\n<p>info_si@riwal.com<br>Pokli\u010dite nas: 01 544 34 34<\/p>\n<\/div>\n<\/div>\n<\/div>\n\t\t\t\t\t\t\t<\/div> ","protected":false},"excerpt":{"rendered":"<p>Varno, u\u010dinkovito in trajno na vi\u0161inah v veterni industriji na kopnem in morju Riwal industrijske re\u0161itve\u00a0je na\u0161a nova blagovna znamka, ki ponuja vodilne in edinstvene re\u0161itve na vi\u0161ini za kopensko ali morsko vetrno industrijo. Nudimo prilagojene, inovativne re\u0161itve za \u0161irok krog kupcev z zelo specifi\u010dnimi zahtevami in zahtevami, kot so popolnoma baterijski stroji, prilagojene ko\u0161are &hellip; <a href=\"https:\/\/riwal-wpn.acceptatie.indicia-interactiv.nl\/sl\/strokovno-znanje\/primeri-resitev\/riwal-industrijske-resitve\/\">Se nadaljuje<\/a><\/p>\n","protected":false},"author":45,"featured_media":0,"parent":3082,"menu_order":0,"comment_status":"closed","ping_status":"closed","template":"","meta":{"_acf_changed":false,"editor_notices":[],"footnotes":""},"class_list":["post-3747","page","type-page","status-publish","hentry"],"acf":[],"yoast_head":"<!-- This site is optimized with the Yoast SEO Premium plugin v27.1 (Yoast SEO v27.1.1) - https:\/\/yoast.com\/product\/yoast-seo-premium-wordpress\/ -->\n<title>Riwal industrijske re\u0161itve - Riwal Slovenija<\/title>\n<meta name=\"description\" content=\"Riwal industrijske re\u0161itve je na\u0161a nova blagovna znamka, ki ponuja vodilne in edinstvene re\u0161itve na vi\u0161ini za kopensko ali morsko vetrno industrijo.\" \/>\n<meta name=\"robots\" content=\"noindex, follow, max-snippet:-1, max-image-preview:large, max-video-preview:-1\" \/>\n<meta property=\"og:locale\" content=\"sl_SI\" \/>\n<meta property=\"og:type\" content=\"article\" \/>\n<meta property=\"og:title\" content=\"Riwal industrijske re\u0161itve\" \/>\n<meta property=\"og:description\" content=\"Riwal industrijske re\u0161itve je na\u0161a nova blagovna znamka, ki ponuja vodilne in edinstvene re\u0161itve na vi\u0161ini za kopensko ali morsko vetrno industrijo.\" \/>\n<meta property=\"og:url\" content=\"https:\/\/riwal-wpn.acceptatie.indicia-interactiv.nl\/sl\/strokovno-znanje\/primeri-resitev\/riwal-industrijske-resitve\/\" \/>\n<meta property=\"og:site_name\" content=\"Riwal Slovenija\" \/>\n<meta property=\"article:modified_time\" content=\"2024-01-21T13:20:50+00:00\" \/>\n<meta property=\"og:image\" content=\"https:\/\/riwal-wpn.acceptatie.indicia-interactiv.nl\/app\/uploads\/sites\/10\/2023\/09\/RWL_RIS1536x768.webp\" \/>\n<meta name=\"twitter:card\" content=\"summary_large_image\" \/>\n<meta name=\"twitter:label1\" content=\"Est. reading time\" \/>\n\t<meta name=\"twitter:data1\" content=\"4 minute\" \/>\n<script type=\"application\/ld+json\" class=\"yoast-schema-graph\">{\"@context\":\"https:\/\/schema.org\",\"@graph\":[{\"@type\":\"WebPage\",\"@id\":\"https:\/\/riwal-wpn.acceptatie.indicia-interactiv.nl\/sl\/strokovno-znanje\/primeri-resitev\/riwal-industrijske-resitve\/\",\"url\":\"https:\/\/riwal-wpn.acceptatie.indicia-interactiv.nl\/sl\/strokovno-znanje\/primeri-resitev\/riwal-industrijske-resitve\/\",\"name\":\"Riwal industrijske re\u0161itve - Riwal Slovenija\",\"isPartOf\":{\"@id\":\"https:\/\/riwal-wpn.acceptatie.indicia-interactiv.nl\/sl\/#website\"},\"primaryImageOfPage\":{\"@id\":\"https:\/\/riwal-wpn.acceptatie.indicia-interactiv.nl\/sl\/strokovno-znanje\/primeri-resitev\/riwal-industrijske-resitve\/#primaryimage\"},\"image\":{\"@id\":\"https:\/\/riwal-wpn.acceptatie.indicia-interactiv.nl\/sl\/strokovno-znanje\/primeri-resitev\/riwal-industrijske-resitve\/#primaryimage\"},\"thumbnailUrl\":\"https:\/\/riwal-wpn.acceptatie.indicia-interactiv.nl\/app\/uploads\/sites\/10\/2023\/09\/RWL_RIS1536x768.webp\",\"datePublished\":\"2023-09-12T11:19:38+00:00\",\"dateModified\":\"2024-01-21T13:20:50+00:00\",\"description\":\"Riwal industrijske re\u0161itve je na\u0161a nova blagovna znamka, ki ponuja vodilne in edinstvene re\u0161itve na vi\u0161ini za kopensko ali morsko vetrno industrijo.\",\"breadcrumb\":{\"@id\":\"https:\/\/riwal-wpn.acceptatie.indicia-interactiv.nl\/sl\/strokovno-znanje\/primeri-resitev\/riwal-industrijske-resitve\/#breadcrumb\"},\"inLanguage\":\"sl-SI\",\"potentialAction\":[{\"@type\":\"ReadAction\",\"target\":[\"https:\/\/riwal-wpn.acceptatie.indicia-interactiv.nl\/sl\/strokovno-znanje\/primeri-resitev\/riwal-industrijske-resitve\/\"]}]},{\"@type\":\"ImageObject\",\"inLanguage\":\"sl-SI\",\"@id\":\"https:\/\/riwal-wpn.acceptatie.indicia-interactiv.nl\/sl\/strokovno-znanje\/primeri-resitev\/riwal-industrijske-resitve\/#primaryimage\",\"url\":\"https:\/\/riwal-wpn.acceptatie.indicia-interactiv.nl\/app\/uploads\/sites\/10\/2023\/09\/RWL_RIS1536x768.webp\",\"contentUrl\":\"https:\/\/riwal-wpn.acceptatie.indicia-interactiv.nl\/app\/uploads\/sites\/10\/2023\/09\/RWL_RIS1536x768.webp\"},{\"@type\":\"BreadcrumbList\",\"@id\":\"https:\/\/riwal-wpn.acceptatie.indicia-interactiv.nl\/sl\/strokovno-znanje\/primeri-resitev\/riwal-industrijske-resitve\/#breadcrumb\",\"itemListElement\":[{\"@type\":\"ListItem\",\"position\":1,\"name\":\"Domov\",\"item\":\"https:\/\/riwal-wpn.acceptatie.indicia-interactiv.nl\/sl\/\"},{\"@type\":\"ListItem\",\"position\":2,\"name\":\"Strokovno znanje\",\"item\":\"https:\/\/riwal-wpn.acceptatie.indicia-interactiv.nl\/sl\/strokovno-znanje\/\"},{\"@type\":\"ListItem\",\"position\":3,\"name\":\"Prilagojene re\u0161itve\",\"item\":\"https:\/\/riwal-wpn.acceptatie.indicia-interactiv.nl\/sl\/strokovno-znanje\/primeri-resitev\/\"},{\"@type\":\"ListItem\",\"position\":4,\"name\":\"Riwal industrijske re\u0161itve\"}]},{\"@type\":\"WebSite\",\"@id\":\"https:\/\/riwal-wpn.acceptatie.indicia-interactiv.nl\/sl\/#website\",\"url\":\"https:\/\/riwal-wpn.acceptatie.indicia-interactiv.nl\/sl\/\",\"name\":\"Riwal\",\"description\":\"Arial work platform &amp; Telehandler Rental\/Sales\",\"publisher\":{\"@id\":\"https:\/\/riwal-wpn.acceptatie.indicia-interactiv.nl\/sl\/#organization\"},\"potentialAction\":[{\"@type\":\"SearchAction\",\"target\":{\"@type\":\"EntryPoint\",\"urlTemplate\":\"https:\/\/riwal-wpn.acceptatie.indicia-interactiv.nl\/sl\/?s={search_term_string}\"},\"query-input\":{\"@type\":\"PropertyValueSpecification\",\"valueRequired\":true,\"valueName\":\"search_term_string\"}}],\"inLanguage\":\"sl-SI\"},{\"@type\":\"Organization\",\"@id\":\"https:\/\/riwal-wpn.acceptatie.indicia-interactiv.nl\/sl\/#organization\",\"name\":\"Riwal\",\"url\":\"https:\/\/riwal-wpn.acceptatie.indicia-interactiv.nl\/sl\/\",\"logo\":{\"@type\":\"ImageObject\",\"inLanguage\":\"sl-SI\",\"@id\":\"https:\/\/riwal-wpn.acceptatie.indicia-interactiv.nl\/sl\/#\/schema\/logo\/image\/\",\"url\":\"\",\"contentUrl\":\"\",\"caption\":\"Riwal\"},\"image\":{\"@id\":\"https:\/\/riwal-wpn.acceptatie.indicia-interactiv.nl\/sl\/#\/schema\/logo\/image\/\"}}]}<\/script>\n<!-- \/ Yoast SEO Premium plugin. -->","yoast_head_json":{"title":"Riwal industrijske re\u0161itve - Riwal Slovenija","description":"Riwal industrijske re\u0161itve je na\u0161a nova blagovna znamka, ki ponuja vodilne in edinstvene re\u0161itve na vi\u0161ini za kopensko ali morsko vetrno industrijo.","robots":{"index":"noindex","follow":"follow","max-snippet":"max-snippet:-1","max-image-preview":"max-image-preview:large","max-video-preview":"max-video-preview:-1"},"og_locale":"sl_SI","og_type":"article","og_title":"Riwal industrijske re\u0161itve","og_description":"Riwal industrijske re\u0161itve je na\u0161a nova blagovna znamka, ki ponuja vodilne in edinstvene re\u0161itve na vi\u0161ini za kopensko ali morsko vetrno industrijo.","og_url":"https:\/\/riwal-wpn.acceptatie.indicia-interactiv.nl\/sl\/strokovno-znanje\/primeri-resitev\/riwal-industrijske-resitve\/","og_site_name":"Riwal Slovenija","article_modified_time":"2024-01-21T13:20:50+00:00","og_image":[{"url":"https:\/\/riwal-wpn.acceptatie.indicia-interactiv.nl\/app\/uploads\/sites\/10\/2023\/09\/RWL_RIS1536x768.webp","type":"","width":"","height":""}],"twitter_card":"summary_large_image","twitter_misc":{"Est. reading time":"4 minute"},"schema":{"@context":"https:\/\/schema.org","@graph":[{"@type":"WebPage","@id":"https:\/\/riwal-wpn.acceptatie.indicia-interactiv.nl\/sl\/strokovno-znanje\/primeri-resitev\/riwal-industrijske-resitve\/","url":"https:\/\/riwal-wpn.acceptatie.indicia-interactiv.nl\/sl\/strokovno-znanje\/primeri-resitev\/riwal-industrijske-resitve\/","name":"Riwal industrijske re\u0161itve - Riwal Slovenija","isPartOf":{"@id":"https:\/\/riwal-wpn.acceptatie.indicia-interactiv.nl\/sl\/#website"},"primaryImageOfPage":{"@id":"https:\/\/riwal-wpn.acceptatie.indicia-interactiv.nl\/sl\/strokovno-znanje\/primeri-resitev\/riwal-industrijske-resitve\/#primaryimage"},"image":{"@id":"https:\/\/riwal-wpn.acceptatie.indicia-interactiv.nl\/sl\/strokovno-znanje\/primeri-resitev\/riwal-industrijske-resitve\/#primaryimage"},"thumbnailUrl":"https:\/\/riwal-wpn.acceptatie.indicia-interactiv.nl\/app\/uploads\/sites\/10\/2023\/09\/RWL_RIS1536x768.webp","datePublished":"2023-09-12T11:19:38+00:00","dateModified":"2024-01-21T13:20:50+00:00","description":"Riwal industrijske re\u0161itve je na\u0161a nova blagovna znamka, ki ponuja vodilne in edinstvene re\u0161itve na vi\u0161ini za kopensko ali morsko vetrno industrijo.","breadcrumb":{"@id":"https:\/\/riwal-wpn.acceptatie.indicia-interactiv.nl\/sl\/strokovno-znanje\/primeri-resitev\/riwal-industrijske-resitve\/#breadcrumb"},"inLanguage":"sl-SI","potentialAction":[{"@type":"ReadAction","target":["https:\/\/riwal-wpn.acceptatie.indicia-interactiv.nl\/sl\/strokovno-znanje\/primeri-resitev\/riwal-industrijske-resitve\/"]}]},{"@type":"ImageObject","inLanguage":"sl-SI","@id":"https:\/\/riwal-wpn.acceptatie.indicia-interactiv.nl\/sl\/strokovno-znanje\/primeri-resitev\/riwal-industrijske-resitve\/#primaryimage","url":"https:\/\/riwal-wpn.acceptatie.indicia-interactiv.nl\/app\/uploads\/sites\/10\/2023\/09\/RWL_RIS1536x768.webp","contentUrl":"https:\/\/riwal-wpn.acceptatie.indicia-interactiv.nl\/app\/uploads\/sites\/10\/2023\/09\/RWL_RIS1536x768.webp"},{"@type":"BreadcrumbList","@id":"https:\/\/riwal-wpn.acceptatie.indicia-interactiv.nl\/sl\/strokovno-znanje\/primeri-resitev\/riwal-industrijske-resitve\/#breadcrumb","itemListElement":[{"@type":"ListItem","position":1,"name":"Domov","item":"https:\/\/riwal-wpn.acceptatie.indicia-interactiv.nl\/sl\/"},{"@type":"ListItem","position":2,"name":"Strokovno znanje","item":"https:\/\/riwal-wpn.acceptatie.indicia-interactiv.nl\/sl\/strokovno-znanje\/"},{"@type":"ListItem","position":3,"name":"Prilagojene re\u0161itve","item":"https:\/\/riwal-wpn.acceptatie.indicia-interactiv.nl\/sl\/strokovno-znanje\/primeri-resitev\/"},{"@type":"ListItem","position":4,"name":"Riwal industrijske re\u0161itve"}]},{"@type":"WebSite","@id":"https:\/\/riwal-wpn.acceptatie.indicia-interactiv.nl\/sl\/#website","url":"https:\/\/riwal-wpn.acceptatie.indicia-interactiv.nl\/sl\/","name":"Riwal","description":"Arial work platform &amp; Telehandler Rental\/Sales","publisher":{"@id":"https:\/\/riwal-wpn.acceptatie.indicia-interactiv.nl\/sl\/#organization"},"potentialAction":[{"@type":"SearchAction","target":{"@type":"EntryPoint","urlTemplate":"https:\/\/riwal-wpn.acceptatie.indicia-interactiv.nl\/sl\/?s={search_term_string}"},"query-input":{"@type":"PropertyValueSpecification","valueRequired":true,"valueName":"search_term_string"}}],"inLanguage":"sl-SI"},{"@type":"Organization","@id":"https:\/\/riwal-wpn.acceptatie.indicia-interactiv.nl\/sl\/#organization","name":"Riwal","url":"https:\/\/riwal-wpn.acceptatie.indicia-interactiv.nl\/sl\/","logo":{"@type":"ImageObject","inLanguage":"sl-SI","@id":"https:\/\/riwal-wpn.acceptatie.indicia-interactiv.nl\/sl\/#\/schema\/logo\/image\/","url":"","contentUrl":"","caption":"Riwal"},"image":{"@id":"https:\/\/riwal-wpn.acceptatie.indicia-interactiv.nl\/sl\/#\/schema\/logo\/image\/"}}]}},"_links":{"self":[{"href":"https:\/\/riwal-wpn.acceptatie.indicia-interactiv.nl\/sl\/wp-json\/wp\/v2\/pages\/3747","targetHints":{"allow":["GET"]}}],"collection":[{"href":"https:\/\/riwal-wpn.acceptatie.indicia-interactiv.nl\/sl\/wp-json\/wp\/v2\/pages"}],"about":[{"href":"https:\/\/riwal-wpn.acceptatie.indicia-interactiv.nl\/sl\/wp-json\/wp\/v2\/types\/page"}],"author":[{"embeddable":true,"href":"https:\/\/riwal-wpn.acceptatie.indicia-interactiv.nl\/sl\/wp-json\/wp\/v2\/users\/45"}],"replies":[{"embeddable":true,"href":"https:\/\/riwal-wpn.acceptatie.indicia-interactiv.nl\/sl\/wp-json\/wp\/v2\/comments?post=3747"}],"version-history":[{"count":3,"href":"https:\/\/riwal-wpn.acceptatie.indicia-interactiv.nl\/sl\/wp-json\/wp\/v2\/pages\/3747\/revisions"}],"predecessor-version":[{"id":4665,"href":"https:\/\/riwal-wpn.acceptatie.indicia-interactiv.nl\/sl\/wp-json\/wp\/v2\/pages\/3747\/revisions\/4665"}],"up":[{"embeddable":true,"href":"https:\/\/riwal-wpn.acceptatie.indicia-interactiv.nl\/sl\/wp-json\/wp\/v2\/pages\/3082"}],"wp:attachment":[{"href":"https:\/\/riwal-wpn.acceptatie.indicia-interactiv.nl\/sl\/wp-json\/wp\/v2\/media?parent=3747"}],"curies":[{"name":"wp","href":"https:\/\/api.w.org\/{rel}","templated":true}]}}