{"id":3753,"date":"2023-09-12T11:50:08","date_gmt":"2023-09-12T11:50:08","guid":{"rendered":"https:\/\/riwal-wpn.acceptatie.indicia-interactiv.nl\/sl\/?page_id=3753"},"modified":"2024-01-21T13:20:50","modified_gmt":"2024-01-21T13:20:50","slug":"bim","status":"publish","type":"page","link":"https:\/\/riwal-wpn.acceptatie.indicia-interactiv.nl\/sl\/strokovno-znanje\/primeri-resitev\/bim\/","title":{"rendered":"Informacijsko projektiranje objektov BIM"},"content":{"rendered":"<div class=\"container\">\n<h2 class=\"wp-block-heading\" id=\"h-povecajte-ucinkovitost-dela-na-visini-s-tehnologijo-bim\">Pove\u010dajte u\u010dinkovitost dela na vi\u0161ini s tehnologijo BIM<\/h2>\n<\/div>\n\n<div class=\"rental-wp-default-block rental-theme-block-default-margin\">\n\t\t\t\t\t\t\t\t<div class=\"container\">\n<div class=\"wp-block-columns is-layout-flex wp-container-core-columns-is-layout-28f84493 wp-block-columns-is-layout-flex\">\n<div class=\"wp-block-column is-layout-flow wp-block-column-is-layout-flow\" style=\"flex-basis:66.66%\">\n<figure class=\"wp-block-table\"><table><tbody><tr><td><strong>BIM (<em>angl. Building Information Modeling<\/em>) vam s pomo\u010djo digitalnih 3D modelov na\u0161ih dvi\u017enih naprav za varno in u\u010dinkovito delo na vi\u0161ini pomaga pri u\u010dinkovitej\u0161em projektiranju va\u0161ih gradbenih projektov. Investitorjem, projektantom in gradbenikom omogo\u010damo na\u010drtovanje, izvedbo in vzdr\u017eevanje objektov na enostavnej\u0161i in bolj ekonomi\u010den na\u010din.\u00a0Pri Riwalu ponujamo brezpla\u010dno spletno knji\u017enico modelov strojev BIM iz na\u0161e flote.<\/strong><\/td><\/tr><\/tbody><\/table><\/figure>\n\n\n\n<figure class=\"wp-block-image size-large is-resized\"><img loading=\"lazy\" decoding=\"async\" src=\"https:\/\/riwal-wpn.acceptatie.indicia-interactiv.nl\/app\/uploads\/sites\/10\/2023\/09\/RWL-BIM-afb-1200-landing-page-BIM-1024x364.webp\" alt=\"\" class=\"wp-image-3756\" style=\"width:787px;height:394px\" width=\"787\" height=\"394\" \/><\/figure>\n\n\n\n<p><strong>Glavne prednosti BIM tehnologije so:<\/strong><\/p>\n\n\n\n<ul class=\"wp-block-list\">\n<li>enostavna izbira najprimernej\u0161e opreme za delo,u<\/li>\n\n\n\n<li>u\u010dinkovito na\u010drtovanje to\u010dno na mestu, kjer se bo oprema uporabljala,<\/li>\n\n\n\n<li>analiza va\u0161ega delovi\u0161\u010da in predvidevanje izzivov pri uporabi dvi\u017enih naprav,<\/li>\n\n\n\n<li>stalna evidenca strojev v uporabi,<\/li>\n\n\n\n<li>la\u017eje in cenej\u0161e vzdr\u017eevanje v prihodnosti; velikost odprtin in tlaki objektov se prilagodijo potrebam dvi\u017enih naprav \u017ee v \u010dasu na\u010drtovanja objekta,<\/li>\n<\/ul>\n\n\n\n<p>BIM vam daje ve\u010dji nadzor nad projektom, saj zmanj\u0161uje tveganje nepredvidljivih dodatnih stro\u0161kov zaradi naro\u010danja napa\u010dne opreme in omogo\u010da, da prepoznate morebitne te\u017eave \u017ee pred za\u010detkom gradnje.<\/p>\n\n\n\n<figure class=\"wp-block-embed is-type-video is-provider-youtube wp-block-embed-youtube\"><div class=\"wp-block-embed__wrapper\">\n<iframe title=\"BIM informacijsko modeliranje gradbenih projektov - Riwal Slovenija\" width=\"500\" height=\"281\" data-icn-src=\"https:\/\/www.youtube.com\/embed\/omxByB-BpEQ?feature=oembed\" frameborder=\"0\" allow=\"accelerometer; autoplay; clipboard-write; encrypted-media; gyroscope; picture-in-picture; web-share\" referrerpolicy=\"strict-origin-when-cross-origin\" allowfullscreen><\/iframe>\n<\/div><\/figure>\n<\/div>\n\n\n\n<div class=\"wp-block-column is-layout-flow wp-block-column-is-layout-flow\" style=\"flex-basis:33.33%\">\n<figure class=\"wp-block-image size-full\"><img loading=\"lazy\" decoding=\"async\" width=\"262\" height=\"262\" src=\"https:\/\/riwal-wpn.acceptatie.indicia-interactiv.nl\/app\/uploads\/sites\/10\/2023\/09\/BimContactTeaserDesno.webp\" alt=\"\" class=\"wp-image-3755\" srcset=\"https:\/\/riwal-wpn.acceptatie.indicia-interactiv.nl\/app\/uploads\/sites\/10\/2023\/09\/BimContactTeaserDesno.webp 262w, https:\/\/riwal-wpn.acceptatie.indicia-interactiv.nl\/app\/uploads\/sites\/10\/2023\/09\/BimContactTeaserDesno-150x150.webp 150w, https:\/\/riwal-wpn.acceptatie.indicia-interactiv.nl\/app\/uploads\/sites\/10\/2023\/09\/BimContactTeaserDesno-178x178.webp 178w, https:\/\/riwal-wpn.acceptatie.indicia-interactiv.nl\/app\/uploads\/sites\/10\/2023\/09\/BimContactTeaserDesno-200x200.webp 200w\" sizes=\"auto, (max-width: 262px) 100vw, 262px\" \/><\/figure>\n\n\n\n<p><strong>Prenesite na\u0161e BIM datoteke in za\u017eenite svoj projekt!<\/strong><\/p>\n\n\n\n<div class=\"wp-block-buttons is-layout-flex wp-block-buttons-is-layout-flex\">\n<div class=\"wp-block-button has-custom-width wp-block-button__width-100\"><a class=\"wp-block-button__link wp-element-button\">Preglejte na\u0161o BIM knji\u017enico<\/a><\/div>\n<\/div>\n<\/div>\n<\/div>\n<\/div>\n\t\t\t\t\t\t\t<\/div> ","protected":false},"excerpt":{"rendered":"<p>Pove\u010dajte u\u010dinkovitost dela na vi\u0161ini s tehnologijo BIM BIM (angl. Building Information Modeling) vam s pomo\u010djo digitalnih 3D modelov na\u0161ih dvi\u017enih naprav za varno in u\u010dinkovito delo na vi\u0161ini pomaga pri u\u010dinkovitej\u0161em projektiranju va\u0161ih gradbenih projektov. Investitorjem, projektantom in gradbenikom omogo\u010damo na\u010drtovanje, izvedbo in vzdr\u017eevanje objektov na enostavnej\u0161i in bolj ekonomi\u010den na\u010din.\u00a0Pri Riwalu ponujamo brezpla\u010dno &hellip; <a href=\"https:\/\/riwal-wpn.acceptatie.indicia-interactiv.nl\/sl\/strokovno-znanje\/primeri-resitev\/bim\/\">Se nadaljuje<\/a><\/p>\n","protected":false},"author":45,"featured_media":0,"parent":3082,"menu_order":0,"comment_status":"closed","ping_status":"closed","template":"","meta":{"_acf_changed":false,"editor_notices":[],"footnotes":""},"class_list":["post-3753","page","type-page","status-publish","hentry"],"acf":[],"yoast_head":"<!-- This site is optimized with the Yoast SEO Premium plugin v27.1 (Yoast SEO v27.1.1) - https:\/\/yoast.com\/product\/yoast-seo-premium-wordpress\/ -->\n<title>Informacijsko projektiranje objektov BIM - Riwal Slovenija<\/title>\n<meta name=\"description\" content=\"BIM vam s pomo\u010djo digitalnih 3D modelov na\u0161ih dvi\u017enih naprav za varno in u\u010dinkovito delo na vi\u0161ini pomaga pri u\u010dinkovitej\u0161em projektiranju va\u0161ih gradbenih projektov.\" \/>\n<meta name=\"robots\" content=\"noindex, follow, max-snippet:-1, max-image-preview:large, max-video-preview:-1\" \/>\n<meta property=\"og:locale\" content=\"sl_SI\" \/>\n<meta property=\"og:type\" content=\"article\" \/>\n<meta property=\"og:title\" content=\"Informacijsko projektiranje objektov BIM\" \/>\n<meta property=\"og:description\" content=\"BIM vam s pomo\u010djo digitalnih 3D modelov na\u0161ih dvi\u017enih naprav za varno in u\u010dinkovito delo na vi\u0161ini pomaga pri u\u010dinkovitej\u0161em projektiranju va\u0161ih gradbenih projektov.\" \/>\n<meta property=\"og:url\" content=\"https:\/\/riwal-wpn.acceptatie.indicia-interactiv.nl\/sl\/strokovno-znanje\/primeri-resitev\/bim\/\" \/>\n<meta property=\"og:site_name\" content=\"Riwal Slovenija\" \/>\n<meta property=\"article:modified_time\" content=\"2024-01-21T13:20:50+00:00\" \/>\n<meta property=\"og:image\" content=\"https:\/\/riwal-wpn.acceptatie.indicia-interactiv.nl\/app\/uploads\/sites\/10\/2023\/09\/RWL-BIM-afb-1200-landing-page-BIM-1024x364.webp\" \/>\n<meta name=\"twitter:card\" content=\"summary_large_image\" \/>\n<meta name=\"twitter:label1\" content=\"Est. reading time\" \/>\n\t<meta name=\"twitter:data1\" content=\"2 minuti\" \/>\n<script type=\"application\/ld+json\" class=\"yoast-schema-graph\">{\"@context\":\"https:\/\/schema.org\",\"@graph\":[{\"@type\":\"WebPage\",\"@id\":\"https:\/\/riwal-wpn.acceptatie.indicia-interactiv.nl\/sl\/strokovno-znanje\/primeri-resitev\/bim\/\",\"url\":\"https:\/\/riwal-wpn.acceptatie.indicia-interactiv.nl\/sl\/strokovno-znanje\/primeri-resitev\/bim\/\",\"name\":\"Informacijsko projektiranje objektov BIM - Riwal Slovenija\",\"isPartOf\":{\"@id\":\"https:\/\/riwal-wpn.acceptatie.indicia-interactiv.nl\/sl\/#website\"},\"primaryImageOfPage\":{\"@id\":\"https:\/\/riwal-wpn.acceptatie.indicia-interactiv.nl\/sl\/strokovno-znanje\/primeri-resitev\/bim\/#primaryimage\"},\"image\":{\"@id\":\"https:\/\/riwal-wpn.acceptatie.indicia-interactiv.nl\/sl\/strokovno-znanje\/primeri-resitev\/bim\/#primaryimage\"},\"thumbnailUrl\":\"https:\/\/riwal-wpn.acceptatie.indicia-interactiv.nl\/app\/uploads\/sites\/10\/2023\/09\/RWL-BIM-afb-1200-landing-page-BIM-1024x364.webp\",\"datePublished\":\"2023-09-12T11:50:08+00:00\",\"dateModified\":\"2024-01-21T13:20:50+00:00\",\"description\":\"BIM vam s pomo\u010djo digitalnih 3D modelov na\u0161ih dvi\u017enih naprav za varno in u\u010dinkovito delo na vi\u0161ini pomaga pri u\u010dinkovitej\u0161em projektiranju va\u0161ih gradbenih projektov.\",\"breadcrumb\":{\"@id\":\"https:\/\/riwal-wpn.acceptatie.indicia-interactiv.nl\/sl\/strokovno-znanje\/primeri-resitev\/bim\/#breadcrumb\"},\"inLanguage\":\"sl-SI\",\"potentialAction\":[{\"@type\":\"ReadAction\",\"target\":[\"https:\/\/riwal-wpn.acceptatie.indicia-interactiv.nl\/sl\/strokovno-znanje\/primeri-resitev\/bim\/\"]}]},{\"@type\":\"ImageObject\",\"inLanguage\":\"sl-SI\",\"@id\":\"https:\/\/riwal-wpn.acceptatie.indicia-interactiv.nl\/sl\/strokovno-znanje\/primeri-resitev\/bim\/#primaryimage\",\"url\":\"https:\/\/riwal-wpn.acceptatie.indicia-interactiv.nl\/app\/uploads\/sites\/10\/2023\/09\/RWL-BIM-afb-1200-landing-page-BIM-1024x364.webp\",\"contentUrl\":\"https:\/\/riwal-wpn.acceptatie.indicia-interactiv.nl\/app\/uploads\/sites\/10\/2023\/09\/RWL-BIM-afb-1200-landing-page-BIM-1024x364.webp\"},{\"@type\":\"BreadcrumbList\",\"@id\":\"https:\/\/riwal-wpn.acceptatie.indicia-interactiv.nl\/sl\/strokovno-znanje\/primeri-resitev\/bim\/#breadcrumb\",\"itemListElement\":[{\"@type\":\"ListItem\",\"position\":1,\"name\":\"Domov\",\"item\":\"https:\/\/riwal-wpn.acceptatie.indicia-interactiv.nl\/sl\/\"},{\"@type\":\"ListItem\",\"position\":2,\"name\":\"Strokovno znanje\",\"item\":\"https:\/\/riwal-wpn.acceptatie.indicia-interactiv.nl\/sl\/strokovno-znanje\/\"},{\"@type\":\"ListItem\",\"position\":3,\"name\":\"Prilagojene re\u0161itve\",\"item\":\"https:\/\/riwal-wpn.acceptatie.indicia-interactiv.nl\/sl\/strokovno-znanje\/primeri-resitev\/\"},{\"@type\":\"ListItem\",\"position\":4,\"name\":\"Informacijsko projektiranje objektov BIM\"}]},{\"@type\":\"WebSite\",\"@id\":\"https:\/\/riwal-wpn.acceptatie.indicia-interactiv.nl\/sl\/#website\",\"url\":\"https:\/\/riwal-wpn.acceptatie.indicia-interactiv.nl\/sl\/\",\"name\":\"Riwal\",\"description\":\"Arial work platform &amp; Telehandler Rental\/Sales\",\"publisher\":{\"@id\":\"https:\/\/riwal-wpn.acceptatie.indicia-interactiv.nl\/sl\/#organization\"},\"potentialAction\":[{\"@type\":\"SearchAction\",\"target\":{\"@type\":\"EntryPoint\",\"urlTemplate\":\"https:\/\/riwal-wpn.acceptatie.indicia-interactiv.nl\/sl\/?s={search_term_string}\"},\"query-input\":{\"@type\":\"PropertyValueSpecification\",\"valueRequired\":true,\"valueName\":\"search_term_string\"}}],\"inLanguage\":\"sl-SI\"},{\"@type\":\"Organization\",\"@id\":\"https:\/\/riwal-wpn.acceptatie.indicia-interactiv.nl\/sl\/#organization\",\"name\":\"Riwal\",\"url\":\"https:\/\/riwal-wpn.acceptatie.indicia-interactiv.nl\/sl\/\",\"logo\":{\"@type\":\"ImageObject\",\"inLanguage\":\"sl-SI\",\"@id\":\"https:\/\/riwal-wpn.acceptatie.indicia-interactiv.nl\/sl\/#\/schema\/logo\/image\/\",\"url\":\"\",\"contentUrl\":\"\",\"caption\":\"Riwal\"},\"image\":{\"@id\":\"https:\/\/riwal-wpn.acceptatie.indicia-interactiv.nl\/sl\/#\/schema\/logo\/image\/\"}}]}<\/script>\n<!-- \/ Yoast SEO Premium plugin. -->","yoast_head_json":{"title":"Informacijsko projektiranje objektov BIM - Riwal Slovenija","description":"BIM vam s pomo\u010djo digitalnih 3D modelov na\u0161ih dvi\u017enih naprav za varno in u\u010dinkovito delo na vi\u0161ini pomaga pri u\u010dinkovitej\u0161em projektiranju va\u0161ih gradbenih projektov.","robots":{"index":"noindex","follow":"follow","max-snippet":"max-snippet:-1","max-image-preview":"max-image-preview:large","max-video-preview":"max-video-preview:-1"},"og_locale":"sl_SI","og_type":"article","og_title":"Informacijsko projektiranje objektov BIM","og_description":"BIM vam s pomo\u010djo digitalnih 3D modelov na\u0161ih dvi\u017enih naprav za varno in u\u010dinkovito delo na vi\u0161ini pomaga pri u\u010dinkovitej\u0161em projektiranju va\u0161ih gradbenih projektov.","og_url":"https:\/\/riwal-wpn.acceptatie.indicia-interactiv.nl\/sl\/strokovno-znanje\/primeri-resitev\/bim\/","og_site_name":"Riwal Slovenija","article_modified_time":"2024-01-21T13:20:50+00:00","og_image":[{"url":"https:\/\/riwal-wpn.acceptatie.indicia-interactiv.nl\/app\/uploads\/sites\/10\/2023\/09\/RWL-BIM-afb-1200-landing-page-BIM-1024x364.webp","type":"","width":"","height":""}],"twitter_card":"summary_large_image","twitter_misc":{"Est. reading time":"2 minuti"},"schema":{"@context":"https:\/\/schema.org","@graph":[{"@type":"WebPage","@id":"https:\/\/riwal-wpn.acceptatie.indicia-interactiv.nl\/sl\/strokovno-znanje\/primeri-resitev\/bim\/","url":"https:\/\/riwal-wpn.acceptatie.indicia-interactiv.nl\/sl\/strokovno-znanje\/primeri-resitev\/bim\/","name":"Informacijsko projektiranje objektov BIM - Riwal Slovenija","isPartOf":{"@id":"https:\/\/riwal-wpn.acceptatie.indicia-interactiv.nl\/sl\/#website"},"primaryImageOfPage":{"@id":"https:\/\/riwal-wpn.acceptatie.indicia-interactiv.nl\/sl\/strokovno-znanje\/primeri-resitev\/bim\/#primaryimage"},"image":{"@id":"https:\/\/riwal-wpn.acceptatie.indicia-interactiv.nl\/sl\/strokovno-znanje\/primeri-resitev\/bim\/#primaryimage"},"thumbnailUrl":"https:\/\/riwal-wpn.acceptatie.indicia-interactiv.nl\/app\/uploads\/sites\/10\/2023\/09\/RWL-BIM-afb-1200-landing-page-BIM-1024x364.webp","datePublished":"2023-09-12T11:50:08+00:00","dateModified":"2024-01-21T13:20:50+00:00","description":"BIM vam s pomo\u010djo digitalnih 3D modelov na\u0161ih dvi\u017enih naprav za varno in u\u010dinkovito delo na vi\u0161ini pomaga pri u\u010dinkovitej\u0161em projektiranju va\u0161ih gradbenih projektov.","breadcrumb":{"@id":"https:\/\/riwal-wpn.acceptatie.indicia-interactiv.nl\/sl\/strokovno-znanje\/primeri-resitev\/bim\/#breadcrumb"},"inLanguage":"sl-SI","potentialAction":[{"@type":"ReadAction","target":["https:\/\/riwal-wpn.acceptatie.indicia-interactiv.nl\/sl\/strokovno-znanje\/primeri-resitev\/bim\/"]}]},{"@type":"ImageObject","inLanguage":"sl-SI","@id":"https:\/\/riwal-wpn.acceptatie.indicia-interactiv.nl\/sl\/strokovno-znanje\/primeri-resitev\/bim\/#primaryimage","url":"https:\/\/riwal-wpn.acceptatie.indicia-interactiv.nl\/app\/uploads\/sites\/10\/2023\/09\/RWL-BIM-afb-1200-landing-page-BIM-1024x364.webp","contentUrl":"https:\/\/riwal-wpn.acceptatie.indicia-interactiv.nl\/app\/uploads\/sites\/10\/2023\/09\/RWL-BIM-afb-1200-landing-page-BIM-1024x364.webp"},{"@type":"BreadcrumbList","@id":"https:\/\/riwal-wpn.acceptatie.indicia-interactiv.nl\/sl\/strokovno-znanje\/primeri-resitev\/bim\/#breadcrumb","itemListElement":[{"@type":"ListItem","position":1,"name":"Domov","item":"https:\/\/riwal-wpn.acceptatie.indicia-interactiv.nl\/sl\/"},{"@type":"ListItem","position":2,"name":"Strokovno znanje","item":"https:\/\/riwal-wpn.acceptatie.indicia-interactiv.nl\/sl\/strokovno-znanje\/"},{"@type":"ListItem","position":3,"name":"Prilagojene re\u0161itve","item":"https:\/\/riwal-wpn.acceptatie.indicia-interactiv.nl\/sl\/strokovno-znanje\/primeri-resitev\/"},{"@type":"ListItem","position":4,"name":"Informacijsko projektiranje objektov BIM"}]},{"@type":"WebSite","@id":"https:\/\/riwal-wpn.acceptatie.indicia-interactiv.nl\/sl\/#website","url":"https:\/\/riwal-wpn.acceptatie.indicia-interactiv.nl\/sl\/","name":"Riwal","description":"Arial work platform &amp; Telehandler Rental\/Sales","publisher":{"@id":"https:\/\/riwal-wpn.acceptatie.indicia-interactiv.nl\/sl\/#organization"},"potentialAction":[{"@type":"SearchAction","target":{"@type":"EntryPoint","urlTemplate":"https:\/\/riwal-wpn.acceptatie.indicia-interactiv.nl\/sl\/?s={search_term_string}"},"query-input":{"@type":"PropertyValueSpecification","valueRequired":true,"valueName":"search_term_string"}}],"inLanguage":"sl-SI"},{"@type":"Organization","@id":"https:\/\/riwal-wpn.acceptatie.indicia-interactiv.nl\/sl\/#organization","name":"Riwal","url":"https:\/\/riwal-wpn.acceptatie.indicia-interactiv.nl\/sl\/","logo":{"@type":"ImageObject","inLanguage":"sl-SI","@id":"https:\/\/riwal-wpn.acceptatie.indicia-interactiv.nl\/sl\/#\/schema\/logo\/image\/","url":"","contentUrl":"","caption":"Riwal"},"image":{"@id":"https:\/\/riwal-wpn.acceptatie.indicia-interactiv.nl\/sl\/#\/schema\/logo\/image\/"}}]}},"_links":{"self":[{"href":"https:\/\/riwal-wpn.acceptatie.indicia-interactiv.nl\/sl\/wp-json\/wp\/v2\/pages\/3753","targetHints":{"allow":["GET"]}}],"collection":[{"href":"https:\/\/riwal-wpn.acceptatie.indicia-interactiv.nl\/sl\/wp-json\/wp\/v2\/pages"}],"about":[{"href":"https:\/\/riwal-wpn.acceptatie.indicia-interactiv.nl\/sl\/wp-json\/wp\/v2\/types\/page"}],"author":[{"embeddable":true,"href":"https:\/\/riwal-wpn.acceptatie.indicia-interactiv.nl\/sl\/wp-json\/wp\/v2\/users\/45"}],"replies":[{"embeddable":true,"href":"https:\/\/riwal-wpn.acceptatie.indicia-interactiv.nl\/sl\/wp-json\/wp\/v2\/comments?post=3753"}],"version-history":[{"count":3,"href":"https:\/\/riwal-wpn.acceptatie.indicia-interactiv.nl\/sl\/wp-json\/wp\/v2\/pages\/3753\/revisions"}],"predecessor-version":[{"id":4664,"href":"https:\/\/riwal-wpn.acceptatie.indicia-interactiv.nl\/sl\/wp-json\/wp\/v2\/pages\/3753\/revisions\/4664"}],"up":[{"embeddable":true,"href":"https:\/\/riwal-wpn.acceptatie.indicia-interactiv.nl\/sl\/wp-json\/wp\/v2\/pages\/3082"}],"wp:attachment":[{"href":"https:\/\/riwal-wpn.acceptatie.indicia-interactiv.nl\/sl\/wp-json\/wp\/v2\/media?parent=3753"}],"curies":[{"name":"wp","href":"https:\/\/api.w.org\/{rel}","templated":true}]}}