{"id":3759,"date":"2023-09-12T12:41:30","date_gmt":"2023-09-12T12:41:30","guid":{"rendered":"https:\/\/riwal-wpn.acceptatie.indicia-interactiv.nl\/sl\/?page_id=3759"},"modified":"2024-01-21T13:20:49","modified_gmt":"2024-01-21T13:20:49","slug":"virtualno-usposabljanje","status":"publish","type":"page","link":"https:\/\/riwal-wpn.acceptatie.indicia-interactiv.nl\/sl\/strokovno-znanje\/primeri-resitev\/virtualno-usposabljanje\/","title":{"rendered":"Simulator virtualne resni\u010dnosti"},"content":{"rendered":"<div class=\"container\">\n<h2 class=\"wp-block-heading\" id=\"h-virtualna-resnicnost-nasa-inovativna-resitev-za-usposabljanje\">Virtualna resni\u010dnost: Na\u0161a inovativna re\u0161itev za usposabljanje<\/h2>\n<\/div>\n\n<div class=\"rental-wp-default-block rental-theme-block-default-margin\">\n\t\t\t\t\t\t\t\t<div class=\"container\">\n<div class=\"wp-block-columns is-layout-flex wp-container-core-columns-is-layout-28f84493 wp-block-columns-is-layout-flex\">\n<div class=\"wp-block-column is-layout-flow wp-block-column-is-layout-flow\" style=\"flex-basis:66.66%\">\n<p><strong>Navidezna resni\u010dnost se aktivno uporablja na ve\u010d razli\u010dnih podro\u010djih in se je ve\u010dkrat izkazala za prakti\u010dno re\u0161itev. Tudi Riwal do sedaj naprej predstavlja simulatorje virtualne resni\u010dnosti panogam, ki opravljajo delo na vi\u0161ini, in sicer kot metodo usposabljanja za pove\u010danje varnosti in u\u010dinkovitosti na samem kraju dela.<\/strong><\/p>\n\n\n\n<p><strong>Kako deluje<\/strong><\/p>\n\n\n\n<p>Vsaka naprava je opremljena z delovno ko\u0161aro za operaterje, z o\u010dali za navidezno resni\u010dnost in nadzorno plo\u0161\u010do s krmilno ro\u010dico ter stikali, ki so sli\u010dne dejanskim na pravih strojih.<\/p>\n\n\n\n<p>Simulatorji virtualne resni\u010dnosti za usposabljanje ustvarjajo nadzorovano okolje, v katerem lahko operaterji trenirajo, pove\u010dujejo osebno varnost novih operaterjev in privar\u010dujejo velike vsote denarja zaradi morebitnih po\u0161kodb opreme in infrastrukture.<\/p>\n\n\n\n<p><strong>Usposabljanje brez tveganj<\/strong><\/p>\n\n\n\n<p>Taka simulacija se lahko aplicira na vse vrste izobra\u017eevanj za delo na vi\u0161ini, ki jih ponujamo, hkrati pa tudi za IPAF (International Powered Access Federation) usposabljanje za katerega bomo v tem letu 2019 tudi pridobili certifikat.<\/p>\n\n\n\n<p>Med usposabljanjem udele\u017eencev na resni\u010dnih strojih slednje ni mogo\u010de izpostaviti visokim tveganjem. Simulator virtualne resni\u010dnosti in\u0161truktorju omogo\u010da ravno to, da operaterje postavijo v te\u017eke situacije, ki se v primeru slabega izida ne kon\u010dajo usodno. Tako je varnost udele\u017eencev zagotovljena.<\/p>\n\n\n\n<p>Poleg tega ta inovacija omogo\u010da operaterjem mo\u017enosti za osve\u017eitev svojega znanja, kar je \u0161e posebej uporabno, \u010de operater nekaj \u010dasa ni delal s strojem, vendar je \u0161e vedno v zakonskem \u010dasovnem okviru. Bolj\u0161e usposobljeni operaterji lahko posledi\u010dno bolj samozavestno delajo z razli\u010dnimi stroji, kar na koncu pove\u010duje celotno u\u010dinkovitost izvedbe projektov.<\/p>\n\n\n\n<p><strong>Pove\u010dajte varnost in u\u010dinkovitost<\/strong><\/p>\n\n\n\n<p>Simulatorji so zasnovani za pove\u010danje varnosti in u\u010dinkovitosti z zagotavljanjem dodatnega usposabljanja za upravljavce strojev na razli\u010dnih modelih strojev in v razli\u010dnih scenarijih z visokim tveganjem, ki so prilagojeni gradbeni industriji. Trenutno ima Riwal 6 simulatorjev virtualne resni\u010dnosti: v Zdru\u017eenem kraljestvu, na Nizozemskem, Poljskem, Danskem, Zdru\u017eenih arabskih emiratih in Kazahstanu.<\/p>\n\n\n\n<p><strong>Bi si \u017eeleli take vrste usposabljanja tudi v Sloveniji?<\/strong><\/p>\n\n\n\n<p>Kontaktirajte nas za va\u010d informacij. Premoremo tudi dodatni simulator, ki je na voljo vsem dr\u017eavam skupine Riwal in ga posledi\u010dno lahko pripeljemo tudi na na\u0161 depo oziroma va\u0161e delovi\u0161\u010de.<\/p>\n\n\n\n<figure class=\"wp-block-embed is-type-video is-provider-youtube wp-block-embed-youtube\"><div class=\"wp-block-embed__wrapper\">\n<iframe title=\"Introducing Riwal&#039;s Virtual Reality Training Simulator\" width=\"500\" height=\"281\" data-icn-src=\"https:\/\/www.youtube.com\/embed\/2poDt2q8oIQ?feature=oembed\" frameborder=\"0\" allow=\"accelerometer; autoplay; clipboard-write; encrypted-media; gyroscope; picture-in-picture; web-share\" referrerpolicy=\"strict-origin-when-cross-origin\" allowfullscreen><\/iframe>\n<\/div><\/figure>\n<\/div>\n\n\n\n<div class=\"wp-block-column is-layout-flow wp-block-column-is-layout-flow\" style=\"flex-basis:33.33%\"><\/div>\n<\/div>\n<\/div>\n\t\t\t\t\t\t\t<\/div> ","protected":false},"excerpt":{"rendered":"<p>Virtualna resni\u010dnost: Na\u0161a inovativna re\u0161itev za usposabljanje Navidezna resni\u010dnost se aktivno uporablja na ve\u010d razli\u010dnih podro\u010djih in se je ve\u010dkrat izkazala za prakti\u010dno re\u0161itev. Tudi Riwal do sedaj naprej predstavlja simulatorje virtualne resni\u010dnosti panogam, ki opravljajo delo na vi\u0161ini, in sicer kot metodo usposabljanja za pove\u010danje varnosti in u\u010dinkovitosti na samem kraju dela. Kako deluje &hellip; <a href=\"https:\/\/riwal-wpn.acceptatie.indicia-interactiv.nl\/sl\/strokovno-znanje\/primeri-resitev\/virtualno-usposabljanje\/\">Se nadaljuje<\/a><\/p>\n","protected":false},"author":45,"featured_media":0,"parent":3082,"menu_order":0,"comment_status":"closed","ping_status":"closed","template":"","meta":{"_acf_changed":false,"editor_notices":[],"footnotes":""},"class_list":["post-3759","page","type-page","status-publish","hentry"],"acf":[],"yoast_head":"<!-- This site is optimized with the Yoast SEO Premium plugin v27.1 (Yoast SEO v27.1.1) - https:\/\/yoast.com\/product\/yoast-seo-premium-wordpress\/ -->\n<title>Simulator virtualne resni\u010dnosti za usposabljanja za delo na vi\u0161ini - Riwal Slovenija<\/title>\n<meta name=\"description\" content=\"Navidezna resni\u010dnost se aktivno uporablja na ve\u010d razli\u010dnih podro\u010djih in se je ve\u010dkrat izkazala za prakti\u010dno re\u0161itev.\" \/>\n<meta name=\"robots\" content=\"noindex, follow, max-snippet:-1, max-image-preview:large, max-video-preview:-1\" \/>\n<meta property=\"og:locale\" content=\"sl_SI\" \/>\n<meta property=\"og:type\" content=\"article\" \/>\n<meta property=\"og:title\" content=\"Simulator virtualne resni\u010dnosti\" \/>\n<meta property=\"og:description\" content=\"Navidezna resni\u010dnost se aktivno uporablja na ve\u010d razli\u010dnih podro\u010djih in se je ve\u010dkrat izkazala za prakti\u010dno re\u0161itev.\" \/>\n<meta property=\"og:url\" content=\"https:\/\/riwal-wpn.acceptatie.indicia-interactiv.nl\/sl\/strokovno-znanje\/primeri-resitev\/virtualno-usposabljanje\/\" \/>\n<meta property=\"og:site_name\" content=\"Riwal Slovenija\" \/>\n<meta property=\"article:modified_time\" content=\"2024-01-21T13:20:49+00:00\" \/>\n<meta name=\"twitter:card\" content=\"summary_large_image\" \/>\n<meta name=\"twitter:label1\" content=\"Est. reading time\" \/>\n\t<meta name=\"twitter:data1\" content=\"2 minuti\" \/>\n<script type=\"application\/ld+json\" class=\"yoast-schema-graph\">{\"@context\":\"https:\/\/schema.org\",\"@graph\":[{\"@type\":\"WebPage\",\"@id\":\"https:\/\/riwal-wpn.acceptatie.indicia-interactiv.nl\/sl\/strokovno-znanje\/primeri-resitev\/virtualno-usposabljanje\/\",\"url\":\"https:\/\/riwal-wpn.acceptatie.indicia-interactiv.nl\/sl\/strokovno-znanje\/primeri-resitev\/virtualno-usposabljanje\/\",\"name\":\"Simulator virtualne resni\u010dnosti za usposabljanja za delo na vi\u0161ini - Riwal Slovenija\",\"isPartOf\":{\"@id\":\"https:\/\/riwal-wpn.acceptatie.indicia-interactiv.nl\/sl\/#website\"},\"datePublished\":\"2023-09-12T12:41:30+00:00\",\"dateModified\":\"2024-01-21T13:20:49+00:00\",\"description\":\"Navidezna resni\u010dnost se aktivno uporablja na ve\u010d razli\u010dnih podro\u010djih in se je ve\u010dkrat izkazala za prakti\u010dno re\u0161itev.\",\"breadcrumb\":{\"@id\":\"https:\/\/riwal-wpn.acceptatie.indicia-interactiv.nl\/sl\/strokovno-znanje\/primeri-resitev\/virtualno-usposabljanje\/#breadcrumb\"},\"inLanguage\":\"sl-SI\",\"potentialAction\":[{\"@type\":\"ReadAction\",\"target\":[\"https:\/\/riwal-wpn.acceptatie.indicia-interactiv.nl\/sl\/strokovno-znanje\/primeri-resitev\/virtualno-usposabljanje\/\"]}]},{\"@type\":\"BreadcrumbList\",\"@id\":\"https:\/\/riwal-wpn.acceptatie.indicia-interactiv.nl\/sl\/strokovno-znanje\/primeri-resitev\/virtualno-usposabljanje\/#breadcrumb\",\"itemListElement\":[{\"@type\":\"ListItem\",\"position\":1,\"name\":\"Domov\",\"item\":\"https:\/\/riwal-wpn.acceptatie.indicia-interactiv.nl\/sl\/\"},{\"@type\":\"ListItem\",\"position\":2,\"name\":\"Strokovno znanje\",\"item\":\"https:\/\/riwal-wpn.acceptatie.indicia-interactiv.nl\/sl\/strokovno-znanje\/\"},{\"@type\":\"ListItem\",\"position\":3,\"name\":\"Prilagojene re\u0161itve\",\"item\":\"https:\/\/riwal-wpn.acceptatie.indicia-interactiv.nl\/sl\/strokovno-znanje\/primeri-resitev\/\"},{\"@type\":\"ListItem\",\"position\":4,\"name\":\"Simulator virtualne resni\u010dnosti\"}]},{\"@type\":\"WebSite\",\"@id\":\"https:\/\/riwal-wpn.acceptatie.indicia-interactiv.nl\/sl\/#website\",\"url\":\"https:\/\/riwal-wpn.acceptatie.indicia-interactiv.nl\/sl\/\",\"name\":\"Riwal\",\"description\":\"Arial work platform &amp; Telehandler Rental\/Sales\",\"publisher\":{\"@id\":\"https:\/\/riwal-wpn.acceptatie.indicia-interactiv.nl\/sl\/#organization\"},\"potentialAction\":[{\"@type\":\"SearchAction\",\"target\":{\"@type\":\"EntryPoint\",\"urlTemplate\":\"https:\/\/riwal-wpn.acceptatie.indicia-interactiv.nl\/sl\/?s={search_term_string}\"},\"query-input\":{\"@type\":\"PropertyValueSpecification\",\"valueRequired\":true,\"valueName\":\"search_term_string\"}}],\"inLanguage\":\"sl-SI\"},{\"@type\":\"Organization\",\"@id\":\"https:\/\/riwal-wpn.acceptatie.indicia-interactiv.nl\/sl\/#organization\",\"name\":\"Riwal\",\"url\":\"https:\/\/riwal-wpn.acceptatie.indicia-interactiv.nl\/sl\/\",\"logo\":{\"@type\":\"ImageObject\",\"inLanguage\":\"sl-SI\",\"@id\":\"https:\/\/riwal-wpn.acceptatie.indicia-interactiv.nl\/sl\/#\/schema\/logo\/image\/\",\"url\":\"\",\"contentUrl\":\"\",\"caption\":\"Riwal\"},\"image\":{\"@id\":\"https:\/\/riwal-wpn.acceptatie.indicia-interactiv.nl\/sl\/#\/schema\/logo\/image\/\"}}]}<\/script>\n<!-- \/ Yoast SEO Premium plugin. -->","yoast_head_json":{"title":"Simulator virtualne resni\u010dnosti za usposabljanja za delo na vi\u0161ini - Riwal Slovenija","description":"Navidezna resni\u010dnost se aktivno uporablja na ve\u010d razli\u010dnih podro\u010djih in se je ve\u010dkrat izkazala za prakti\u010dno re\u0161itev.","robots":{"index":"noindex","follow":"follow","max-snippet":"max-snippet:-1","max-image-preview":"max-image-preview:large","max-video-preview":"max-video-preview:-1"},"og_locale":"sl_SI","og_type":"article","og_title":"Simulator virtualne resni\u010dnosti","og_description":"Navidezna resni\u010dnost se aktivno uporablja na ve\u010d razli\u010dnih podro\u010djih in se je ve\u010dkrat izkazala za prakti\u010dno re\u0161itev.","og_url":"https:\/\/riwal-wpn.acceptatie.indicia-interactiv.nl\/sl\/strokovno-znanje\/primeri-resitev\/virtualno-usposabljanje\/","og_site_name":"Riwal Slovenija","article_modified_time":"2024-01-21T13:20:49+00:00","twitter_card":"summary_large_image","twitter_misc":{"Est. reading time":"2 minuti"},"schema":{"@context":"https:\/\/schema.org","@graph":[{"@type":"WebPage","@id":"https:\/\/riwal-wpn.acceptatie.indicia-interactiv.nl\/sl\/strokovno-znanje\/primeri-resitev\/virtualno-usposabljanje\/","url":"https:\/\/riwal-wpn.acceptatie.indicia-interactiv.nl\/sl\/strokovno-znanje\/primeri-resitev\/virtualno-usposabljanje\/","name":"Simulator virtualne resni\u010dnosti za usposabljanja za delo na vi\u0161ini - Riwal Slovenija","isPartOf":{"@id":"https:\/\/riwal-wpn.acceptatie.indicia-interactiv.nl\/sl\/#website"},"datePublished":"2023-09-12T12:41:30+00:00","dateModified":"2024-01-21T13:20:49+00:00","description":"Navidezna resni\u010dnost se aktivno uporablja na ve\u010d razli\u010dnih podro\u010djih in se je ve\u010dkrat izkazala za prakti\u010dno re\u0161itev.","breadcrumb":{"@id":"https:\/\/riwal-wpn.acceptatie.indicia-interactiv.nl\/sl\/strokovno-znanje\/primeri-resitev\/virtualno-usposabljanje\/#breadcrumb"},"inLanguage":"sl-SI","potentialAction":[{"@type":"ReadAction","target":["https:\/\/riwal-wpn.acceptatie.indicia-interactiv.nl\/sl\/strokovno-znanje\/primeri-resitev\/virtualno-usposabljanje\/"]}]},{"@type":"BreadcrumbList","@id":"https:\/\/riwal-wpn.acceptatie.indicia-interactiv.nl\/sl\/strokovno-znanje\/primeri-resitev\/virtualno-usposabljanje\/#breadcrumb","itemListElement":[{"@type":"ListItem","position":1,"name":"Domov","item":"https:\/\/riwal-wpn.acceptatie.indicia-interactiv.nl\/sl\/"},{"@type":"ListItem","position":2,"name":"Strokovno znanje","item":"https:\/\/riwal-wpn.acceptatie.indicia-interactiv.nl\/sl\/strokovno-znanje\/"},{"@type":"ListItem","position":3,"name":"Prilagojene re\u0161itve","item":"https:\/\/riwal-wpn.acceptatie.indicia-interactiv.nl\/sl\/strokovno-znanje\/primeri-resitev\/"},{"@type":"ListItem","position":4,"name":"Simulator virtualne resni\u010dnosti"}]},{"@type":"WebSite","@id":"https:\/\/riwal-wpn.acceptatie.indicia-interactiv.nl\/sl\/#website","url":"https:\/\/riwal-wpn.acceptatie.indicia-interactiv.nl\/sl\/","name":"Riwal","description":"Arial work platform &amp; Telehandler Rental\/Sales","publisher":{"@id":"https:\/\/riwal-wpn.acceptatie.indicia-interactiv.nl\/sl\/#organization"},"potentialAction":[{"@type":"SearchAction","target":{"@type":"EntryPoint","urlTemplate":"https:\/\/riwal-wpn.acceptatie.indicia-interactiv.nl\/sl\/?s={search_term_string}"},"query-input":{"@type":"PropertyValueSpecification","valueRequired":true,"valueName":"search_term_string"}}],"inLanguage":"sl-SI"},{"@type":"Organization","@id":"https:\/\/riwal-wpn.acceptatie.indicia-interactiv.nl\/sl\/#organization","name":"Riwal","url":"https:\/\/riwal-wpn.acceptatie.indicia-interactiv.nl\/sl\/","logo":{"@type":"ImageObject","inLanguage":"sl-SI","@id":"https:\/\/riwal-wpn.acceptatie.indicia-interactiv.nl\/sl\/#\/schema\/logo\/image\/","url":"","contentUrl":"","caption":"Riwal"},"image":{"@id":"https:\/\/riwal-wpn.acceptatie.indicia-interactiv.nl\/sl\/#\/schema\/logo\/image\/"}}]}},"_links":{"self":[{"href":"https:\/\/riwal-wpn.acceptatie.indicia-interactiv.nl\/sl\/wp-json\/wp\/v2\/pages\/3759","targetHints":{"allow":["GET"]}}],"collection":[{"href":"https:\/\/riwal-wpn.acceptatie.indicia-interactiv.nl\/sl\/wp-json\/wp\/v2\/pages"}],"about":[{"href":"https:\/\/riwal-wpn.acceptatie.indicia-interactiv.nl\/sl\/wp-json\/wp\/v2\/types\/page"}],"author":[{"embeddable":true,"href":"https:\/\/riwal-wpn.acceptatie.indicia-interactiv.nl\/sl\/wp-json\/wp\/v2\/users\/45"}],"replies":[{"embeddable":true,"href":"https:\/\/riwal-wpn.acceptatie.indicia-interactiv.nl\/sl\/wp-json\/wp\/v2\/comments?post=3759"}],"version-history":[{"count":3,"href":"https:\/\/riwal-wpn.acceptatie.indicia-interactiv.nl\/sl\/wp-json\/wp\/v2\/pages\/3759\/revisions"}],"predecessor-version":[{"id":4663,"href":"https:\/\/riwal-wpn.acceptatie.indicia-interactiv.nl\/sl\/wp-json\/wp\/v2\/pages\/3759\/revisions\/4663"}],"up":[{"embeddable":true,"href":"https:\/\/riwal-wpn.acceptatie.indicia-interactiv.nl\/sl\/wp-json\/wp\/v2\/pages\/3082"}],"wp:attachment":[{"href":"https:\/\/riwal-wpn.acceptatie.indicia-interactiv.nl\/sl\/wp-json\/wp\/v2\/media?parent=3759"}],"curies":[{"name":"wp","href":"https:\/\/api.w.org\/{rel}","templated":true}]}}