{"id":3774,"date":"2023-09-12T13:17:47","date_gmt":"2023-09-12T13:17:47","guid":{"rendered":"https:\/\/riwal-wpn.acceptatie.indicia-interactiv.nl\/sl\/?page_id=3774"},"modified":"2024-01-21T13:20:48","modified_gmt":"2024-01-21T13:20:48","slug":"predelava-dvizne-kosare","status":"publish","type":"page","link":"https:\/\/riwal-wpn.acceptatie.indicia-interactiv.nl\/sl\/strokovno-znanje\/primeri-resitev\/predelava-dvizne-kosare\/","title":{"rendered":"Predelava dvi\u017ene ko\u0161are"},"content":{"rendered":"<div class=\"container\">\n<h2 class=\"wp-block-heading\" id=\"h-predelava-dvizne-kosare-jlg-800aj-electric\">Predelava dvi\u017ene ko\u0161are JLG 800AJ ELECTRIC<\/h2>\n<\/div>\n\n<div class=\"rental-wp-default-block rental-theme-block-default-margin\">\n\t\t\t\t\t\t\t\t<div class=\"container\">\n<div class=\"wp-block-columns is-layout-flex wp-container-core-columns-is-layout-28f84493 wp-block-columns-is-layout-flex\">\n<div class=\"wp-block-column is-layout-flow wp-block-column-is-layout-flow\" style=\"flex-basis:66.66%\">\n<p>Da bi bolje zadovoljili potrebe svojih strank, ne nudimo zgolj standardnih dvi\u017enih plo\u0161\u010dadi in ko\u0161ar. S tesnim sodelovanjem z izbrano stranko smo predelali dvi\u017eno ko\u0161aro JLG 800AJ iz dizelskega pogona v elektri\u010dni. Zraven smo dodali \u0161e indikator, ki za\u010dne utripati, ko se baterija izprazni na 10%. Poleg tega, je na plo\u0161\u010dadi vgrajen \u0161e gumb, na katerega lahko pritisnete za rezervnih pet minut dela po tem, ko se baterija \u017ee izprazni. A to \u0161e ni vse, stranko smo za najslab\u0161i scenarij priskrbeli \u0161e z dodatno baterijo in polnilcem.<\/p>\n\n\n\n<p>100% baterijska dvi\u017ena plo\u0161\u010dad JLG 800AJ je opremljena \u0161e z naslednjimi JLG-jevimi dodatki: cilindri\u010dni meh, brisalci teleskopske roke, pokrov za komande,&nbsp;<em>soft-touch<\/em>&nbsp;sistem, delovne lu\u010di, sprednje in zadnje lu\u010di, zra\u010dna cev ter gume, ki ne pu\u0161\u010dajo sledi.<\/p>\n\n\n\n<p>Oglejte si spodnji video, kako je Riwal predelal JLG 800AJ Electric.<\/p>\n\n\n\n<figure class=\"wp-block-embed is-type-video is-provider-youtube wp-block-embed-youtube\"><div class=\"wp-block-embed__wrapper\">\n<iframe title=\"JLG800AJ Electric\" width=\"500\" height=\"281\" data-icn-src=\"https:\/\/www.youtube.com\/embed\/lhECs8LcBPM?feature=oembed\" frameborder=\"0\" allow=\"accelerometer; autoplay; clipboard-write; encrypted-media; gyroscope; picture-in-picture; web-share\" referrerpolicy=\"strict-origin-when-cross-origin\" allowfullscreen><\/iframe>\n<\/div><\/figure>\n\n\n\n<p><\/p>\n<\/div>\n\n\n\n<div class=\"wp-block-column is-layout-flow wp-block-column-is-layout-flow\" style=\"flex-basis:33.33%\">\n<p>.<\/p>\n<\/div>\n<\/div>\n<\/div>\n\t\t\t\t\t\t\t<\/div> ","protected":false},"excerpt":{"rendered":"<p>Predelava dvi\u017ene ko\u0161are JLG 800AJ ELECTRIC Da bi bolje zadovoljili potrebe svojih strank, ne nudimo zgolj standardnih dvi\u017enih plo\u0161\u010dadi in ko\u0161ar. S tesnim sodelovanjem z izbrano stranko smo predelali dvi\u017eno ko\u0161aro JLG 800AJ iz dizelskega pogona v elektri\u010dni. Zraven smo dodali \u0161e indikator, ki za\u010dne utripati, ko se baterija izprazni na 10%. Poleg tega, je &hellip; <a href=\"https:\/\/riwal-wpn.acceptatie.indicia-interactiv.nl\/sl\/strokovno-znanje\/primeri-resitev\/predelava-dvizne-kosare\/\">Se nadaljuje<\/a><\/p>\n","protected":false},"author":45,"featured_media":0,"parent":3082,"menu_order":0,"comment_status":"closed","ping_status":"closed","template":"","meta":{"_acf_changed":false,"editor_notices":[],"footnotes":""},"class_list":["post-3774","page","type-page","status-publish","hentry"],"acf":[],"yoast_head":"<!-- This site is optimized with the Yoast SEO Premium plugin v27.1 (Yoast SEO v27.1.1) - https:\/\/yoast.com\/product\/yoast-seo-premium-wordpress\/ -->\n<title>Predelava dvi\u017ene ko\u0161are iz dizelske v baterijsko - Riwal Slovenija<\/title>\n<meta name=\"description\" content=\"Da bi bolje zadovoljili potrebe svojih strank, ne nudimo zgolj standardnih dvi\u017enih plo\u0161\u010dadi in ko\u0161ar.\" \/>\n<meta name=\"robots\" content=\"noindex, follow, max-snippet:-1, max-image-preview:large, max-video-preview:-1\" \/>\n<meta property=\"og:locale\" content=\"sl_SI\" \/>\n<meta property=\"og:type\" content=\"article\" \/>\n<meta property=\"og:title\" content=\"Predelava dvi\u017ene ko\u0161are\" \/>\n<meta property=\"og:description\" content=\"Da bi bolje zadovoljili potrebe svojih strank, ne nudimo zgolj standardnih dvi\u017enih plo\u0161\u010dadi in ko\u0161ar.\" \/>\n<meta property=\"og:url\" content=\"https:\/\/riwal-wpn.acceptatie.indicia-interactiv.nl\/sl\/strokovno-znanje\/primeri-resitev\/predelava-dvizne-kosare\/\" \/>\n<meta property=\"og:site_name\" content=\"Riwal Slovenija\" \/>\n<meta property=\"article:modified_time\" content=\"2024-01-21T13:20:48+00:00\" \/>\n<meta name=\"twitter:card\" content=\"summary_large_image\" \/>\n<meta name=\"twitter:label1\" content=\"Est. reading time\" \/>\n\t<meta name=\"twitter:data1\" content=\"1 minuta\" \/>\n<script type=\"application\/ld+json\" class=\"yoast-schema-graph\">{\"@context\":\"https:\/\/schema.org\",\"@graph\":[{\"@type\":\"WebPage\",\"@id\":\"https:\/\/riwal-wpn.acceptatie.indicia-interactiv.nl\/sl\/strokovno-znanje\/primeri-resitev\/predelava-dvizne-kosare\/\",\"url\":\"https:\/\/riwal-wpn.acceptatie.indicia-interactiv.nl\/sl\/strokovno-znanje\/primeri-resitev\/predelava-dvizne-kosare\/\",\"name\":\"Predelava dvi\u017ene ko\u0161are iz dizelske v baterijsko - Riwal Slovenija\",\"isPartOf\":{\"@id\":\"https:\/\/riwal-wpn.acceptatie.indicia-interactiv.nl\/sl\/#website\"},\"datePublished\":\"2023-09-12T13:17:47+00:00\",\"dateModified\":\"2024-01-21T13:20:48+00:00\",\"description\":\"Da bi bolje zadovoljili potrebe svojih strank, ne nudimo zgolj standardnih dvi\u017enih plo\u0161\u010dadi in ko\u0161ar.\",\"breadcrumb\":{\"@id\":\"https:\/\/riwal-wpn.acceptatie.indicia-interactiv.nl\/sl\/strokovno-znanje\/primeri-resitev\/predelava-dvizne-kosare\/#breadcrumb\"},\"inLanguage\":\"sl-SI\",\"potentialAction\":[{\"@type\":\"ReadAction\",\"target\":[\"https:\/\/riwal-wpn.acceptatie.indicia-interactiv.nl\/sl\/strokovno-znanje\/primeri-resitev\/predelava-dvizne-kosare\/\"]}]},{\"@type\":\"BreadcrumbList\",\"@id\":\"https:\/\/riwal-wpn.acceptatie.indicia-interactiv.nl\/sl\/strokovno-znanje\/primeri-resitev\/predelava-dvizne-kosare\/#breadcrumb\",\"itemListElement\":[{\"@type\":\"ListItem\",\"position\":1,\"name\":\"Domov\",\"item\":\"https:\/\/riwal-wpn.acceptatie.indicia-interactiv.nl\/sl\/\"},{\"@type\":\"ListItem\",\"position\":2,\"name\":\"Strokovno znanje\",\"item\":\"https:\/\/riwal-wpn.acceptatie.indicia-interactiv.nl\/sl\/strokovno-znanje\/\"},{\"@type\":\"ListItem\",\"position\":3,\"name\":\"Prilagojene re\u0161itve\",\"item\":\"https:\/\/riwal-wpn.acceptatie.indicia-interactiv.nl\/sl\/strokovno-znanje\/primeri-resitev\/\"},{\"@type\":\"ListItem\",\"position\":4,\"name\":\"Predelava dvi\u017ene ko\u0161are\"}]},{\"@type\":\"WebSite\",\"@id\":\"https:\/\/riwal-wpn.acceptatie.indicia-interactiv.nl\/sl\/#website\",\"url\":\"https:\/\/riwal-wpn.acceptatie.indicia-interactiv.nl\/sl\/\",\"name\":\"Riwal\",\"description\":\"Arial work platform &amp; Telehandler Rental\/Sales\",\"publisher\":{\"@id\":\"https:\/\/riwal-wpn.acceptatie.indicia-interactiv.nl\/sl\/#organization\"},\"potentialAction\":[{\"@type\":\"SearchAction\",\"target\":{\"@type\":\"EntryPoint\",\"urlTemplate\":\"https:\/\/riwal-wpn.acceptatie.indicia-interactiv.nl\/sl\/?s={search_term_string}\"},\"query-input\":{\"@type\":\"PropertyValueSpecification\",\"valueRequired\":true,\"valueName\":\"search_term_string\"}}],\"inLanguage\":\"sl-SI\"},{\"@type\":\"Organization\",\"@id\":\"https:\/\/riwal-wpn.acceptatie.indicia-interactiv.nl\/sl\/#organization\",\"name\":\"Riwal\",\"url\":\"https:\/\/riwal-wpn.acceptatie.indicia-interactiv.nl\/sl\/\",\"logo\":{\"@type\":\"ImageObject\",\"inLanguage\":\"sl-SI\",\"@id\":\"https:\/\/riwal-wpn.acceptatie.indicia-interactiv.nl\/sl\/#\/schema\/logo\/image\/\",\"url\":\"\",\"contentUrl\":\"\",\"caption\":\"Riwal\"},\"image\":{\"@id\":\"https:\/\/riwal-wpn.acceptatie.indicia-interactiv.nl\/sl\/#\/schema\/logo\/image\/\"}}]}<\/script>\n<!-- \/ Yoast SEO Premium plugin. -->","yoast_head_json":{"title":"Predelava dvi\u017ene ko\u0161are iz dizelske v baterijsko - Riwal Slovenija","description":"Da bi bolje zadovoljili potrebe svojih strank, ne nudimo zgolj standardnih dvi\u017enih plo\u0161\u010dadi in ko\u0161ar.","robots":{"index":"noindex","follow":"follow","max-snippet":"max-snippet:-1","max-image-preview":"max-image-preview:large","max-video-preview":"max-video-preview:-1"},"og_locale":"sl_SI","og_type":"article","og_title":"Predelava dvi\u017ene ko\u0161are","og_description":"Da bi bolje zadovoljili potrebe svojih strank, ne nudimo zgolj standardnih dvi\u017enih plo\u0161\u010dadi in ko\u0161ar.","og_url":"https:\/\/riwal-wpn.acceptatie.indicia-interactiv.nl\/sl\/strokovno-znanje\/primeri-resitev\/predelava-dvizne-kosare\/","og_site_name":"Riwal Slovenija","article_modified_time":"2024-01-21T13:20:48+00:00","twitter_card":"summary_large_image","twitter_misc":{"Est. reading time":"1 minuta"},"schema":{"@context":"https:\/\/schema.org","@graph":[{"@type":"WebPage","@id":"https:\/\/riwal-wpn.acceptatie.indicia-interactiv.nl\/sl\/strokovno-znanje\/primeri-resitev\/predelava-dvizne-kosare\/","url":"https:\/\/riwal-wpn.acceptatie.indicia-interactiv.nl\/sl\/strokovno-znanje\/primeri-resitev\/predelava-dvizne-kosare\/","name":"Predelava dvi\u017ene ko\u0161are iz dizelske v baterijsko - Riwal Slovenija","isPartOf":{"@id":"https:\/\/riwal-wpn.acceptatie.indicia-interactiv.nl\/sl\/#website"},"datePublished":"2023-09-12T13:17:47+00:00","dateModified":"2024-01-21T13:20:48+00:00","description":"Da bi bolje zadovoljili potrebe svojih strank, ne nudimo zgolj standardnih dvi\u017enih plo\u0161\u010dadi in ko\u0161ar.","breadcrumb":{"@id":"https:\/\/riwal-wpn.acceptatie.indicia-interactiv.nl\/sl\/strokovno-znanje\/primeri-resitev\/predelava-dvizne-kosare\/#breadcrumb"},"inLanguage":"sl-SI","potentialAction":[{"@type":"ReadAction","target":["https:\/\/riwal-wpn.acceptatie.indicia-interactiv.nl\/sl\/strokovno-znanje\/primeri-resitev\/predelava-dvizne-kosare\/"]}]},{"@type":"BreadcrumbList","@id":"https:\/\/riwal-wpn.acceptatie.indicia-interactiv.nl\/sl\/strokovno-znanje\/primeri-resitev\/predelava-dvizne-kosare\/#breadcrumb","itemListElement":[{"@type":"ListItem","position":1,"name":"Domov","item":"https:\/\/riwal-wpn.acceptatie.indicia-interactiv.nl\/sl\/"},{"@type":"ListItem","position":2,"name":"Strokovno znanje","item":"https:\/\/riwal-wpn.acceptatie.indicia-interactiv.nl\/sl\/strokovno-znanje\/"},{"@type":"ListItem","position":3,"name":"Prilagojene re\u0161itve","item":"https:\/\/riwal-wpn.acceptatie.indicia-interactiv.nl\/sl\/strokovno-znanje\/primeri-resitev\/"},{"@type":"ListItem","position":4,"name":"Predelava dvi\u017ene ko\u0161are"}]},{"@type":"WebSite","@id":"https:\/\/riwal-wpn.acceptatie.indicia-interactiv.nl\/sl\/#website","url":"https:\/\/riwal-wpn.acceptatie.indicia-interactiv.nl\/sl\/","name":"Riwal","description":"Arial work platform &amp; Telehandler Rental\/Sales","publisher":{"@id":"https:\/\/riwal-wpn.acceptatie.indicia-interactiv.nl\/sl\/#organization"},"potentialAction":[{"@type":"SearchAction","target":{"@type":"EntryPoint","urlTemplate":"https:\/\/riwal-wpn.acceptatie.indicia-interactiv.nl\/sl\/?s={search_term_string}"},"query-input":{"@type":"PropertyValueSpecification","valueRequired":true,"valueName":"search_term_string"}}],"inLanguage":"sl-SI"},{"@type":"Organization","@id":"https:\/\/riwal-wpn.acceptatie.indicia-interactiv.nl\/sl\/#organization","name":"Riwal","url":"https:\/\/riwal-wpn.acceptatie.indicia-interactiv.nl\/sl\/","logo":{"@type":"ImageObject","inLanguage":"sl-SI","@id":"https:\/\/riwal-wpn.acceptatie.indicia-interactiv.nl\/sl\/#\/schema\/logo\/image\/","url":"","contentUrl":"","caption":"Riwal"},"image":{"@id":"https:\/\/riwal-wpn.acceptatie.indicia-interactiv.nl\/sl\/#\/schema\/logo\/image\/"}}]}},"_links":{"self":[{"href":"https:\/\/riwal-wpn.acceptatie.indicia-interactiv.nl\/sl\/wp-json\/wp\/v2\/pages\/3774","targetHints":{"allow":["GET"]}}],"collection":[{"href":"https:\/\/riwal-wpn.acceptatie.indicia-interactiv.nl\/sl\/wp-json\/wp\/v2\/pages"}],"about":[{"href":"https:\/\/riwal-wpn.acceptatie.indicia-interactiv.nl\/sl\/wp-json\/wp\/v2\/types\/page"}],"author":[{"embeddable":true,"href":"https:\/\/riwal-wpn.acceptatie.indicia-interactiv.nl\/sl\/wp-json\/wp\/v2\/users\/45"}],"replies":[{"embeddable":true,"href":"https:\/\/riwal-wpn.acceptatie.indicia-interactiv.nl\/sl\/wp-json\/wp\/v2\/comments?post=3774"}],"version-history":[{"count":3,"href":"https:\/\/riwal-wpn.acceptatie.indicia-interactiv.nl\/sl\/wp-json\/wp\/v2\/pages\/3774\/revisions"}],"predecessor-version":[{"id":4659,"href":"https:\/\/riwal-wpn.acceptatie.indicia-interactiv.nl\/sl\/wp-json\/wp\/v2\/pages\/3774\/revisions\/4659"}],"up":[{"embeddable":true,"href":"https:\/\/riwal-wpn.acceptatie.indicia-interactiv.nl\/sl\/wp-json\/wp\/v2\/pages\/3082"}],"wp:attachment":[{"href":"https:\/\/riwal-wpn.acceptatie.indicia-interactiv.nl\/sl\/wp-json\/wp\/v2\/media?parent=3774"}],"curies":[{"name":"wp","href":"https:\/\/api.w.org\/{rel}","templated":true}]}}