{"id":3780,"date":"2023-09-12T18:39:07","date_gmt":"2023-09-12T18:39:07","guid":{"rendered":"https:\/\/riwal-wpn.acceptatie.indicia-interactiv.nl\/sl\/?page_id=3780"},"modified":"2024-01-21T13:20:47","modified_gmt":"2024-01-21T13:20:47","slug":"track-unit-2","status":"publish","type":"page","link":"https:\/\/riwal-wpn.acceptatie.indicia-interactiv.nl\/sl\/strokovno-znanje\/primeri-resitev\/track-unit-2\/","title":{"rendered":"Sledenje naprav Track Unit"},"content":{"rendered":"<div class=\"container\">\n<h2 class=\"wp-block-heading\" id=\"h-sledenje-naprav-s-programom-track-unit\">Sledenje naprav s programom TRACK UNIT<\/h2>\n<\/div>\n\n<div class=\"rental-wp-default-block rental-theme-block-default-margin\">\n\t\t\t\t\t\t\t\t<div class=\"container\">\n<div class=\"wp-block-columns is-layout-flex wp-container-core-columns-is-layout-28f84493 wp-block-columns-is-layout-flex\">\n<div class=\"wp-block-column is-layout-flow wp-block-column-is-layout-flow\" style=\"flex-basis:66.66%\">\n<p>Riwal nudi re\u0161itve za varno in u\u010dinkovito delo na vi\u0161ini. Podjetje Prater je v Veliki Britaniji poznano kot velik uporabnik dostopa z elektri\u010dno energijo. Na enem izmed projektov v Londonu, je bila njegova zahteva vgradnja GPS enot na svoje stroje. Riwal jih je nemudoma kontaktiral, \u010deprav so \u017ee uporabljali druge GPS naprave. Ker z delovanjem najprej izbranih niso bili zadovoljni, jim je Riwal predstavil svojo sledilno enoto Track Unit. Zamenjali so svoje enote z Riwalovimi in od takrat natan\u010dno sledijo svojim strojem.<\/p>\n\n\n\n<p><strong>Stranka<\/strong><\/p>\n\n\n\n<p>Podjetje Parter, ki je del nem\u0161ke skupine Lindner, je za namestitev notranjih in zunanjih fasad na podzemni postaji London Bridge koristil ve\u010d teleskopskih ko\u0161ar in \u0161karjastih plo\u0161\u010dadi. Zaradi velikega gradbi\u0161\u010da in velikega \u0161tevila dvi\u017enih naprav, ki so obratovale, se je stranka soo\u010dala s te\u017eavo, kje najti pravi stroj. Drug problem so predstavljali drugi izvajalci del, ki so v zmedi kdaj uporabili tudi njihove stroje.<\/p>\n\n\n\n<p><strong>Re\u0161itev<\/strong><\/p>\n\n\n\n<p>Na sestanku s stranko je bil najprej vklju\u010den in\u017eenir, nato pa \u0161e direktor Riwala v Veliki Britaniji. Slednji je zraven vklju\u010dil \u0161e podporno slu\u017ebo komerciali, da se zaveda velikosti prilo\u017enosti, ki jo te\u017eava stranke ponuja. Po razpravi s Praterjem o njihovih problemih je Riwal ponudil funkcijo Smart ID, ki omogo\u010da uporabo strojev zgolj s pooblastilom preko PIN kode. Zraven jim je Riwal zagotovil \u0161e spletni program, ki je podjetju omogo\u010dila, da si ogleda lokacije svojih strojev.<\/p>\n\n\n\n<p><strong>Koristi za stranko<\/strong><\/p>\n\n\n\n<p>Re\u0161itev s sistemom Track Unit je podjetju Prater omogo\u010dila preprosto sledenje to\u010dni lokaciji svojih najetih strojev. Posledi\u010dno je bilo \u0161tevilo sporov manj\u0161e, prihranili so na \u010dasu in izognili, da bi drugi izvajalci nepoobla\u0161\u010deno upravljali njihove stroje.<\/p>\n<\/div>\n\n\n\n<div class=\"wp-block-column is-layout-flow wp-block-column-is-layout-flow\" style=\"flex-basis:33.33%\">\n<p>.<\/p>\n<\/div>\n<\/div>\n<\/div>\n\t\t\t\t\t\t\t<\/div> ","protected":false},"excerpt":{"rendered":"<p>Sledenje naprav s programom TRACK UNIT Riwal nudi re\u0161itve za varno in u\u010dinkovito delo na vi\u0161ini. Podjetje Prater je v Veliki Britaniji poznano kot velik uporabnik dostopa z elektri\u010dno energijo. Na enem izmed projektov v Londonu, je bila njegova zahteva vgradnja GPS enot na svoje stroje. Riwal jih je nemudoma kontaktiral, \u010deprav so \u017ee uporabljali &hellip; <a href=\"https:\/\/riwal-wpn.acceptatie.indicia-interactiv.nl\/sl\/strokovno-znanje\/primeri-resitev\/track-unit-2\/\">Se nadaljuje<\/a><\/p>\n","protected":false},"author":45,"featured_media":0,"parent":3082,"menu_order":0,"comment_status":"closed","ping_status":"closed","template":"","meta":{"_acf_changed":false,"editor_notices":[],"footnotes":""},"class_list":["post-3780","page","type-page","status-publish","hentry"],"acf":[],"yoast_head":"<!-- This site is optimized with the Yoast SEO Premium plugin v27.1 (Yoast SEO v27.1.1) - https:\/\/yoast.com\/product\/yoast-seo-premium-wordpress\/ -->\n<title>Sledenje naprav Track Unit - Riwal Slovenija<\/title>\n<meta name=\"description\" content=\"Track Unit je program, ki omogo\u010da sledenje to\u010dni lokaciji in obratovanju va\u0161i najeti dvi\u017eni plo\u0161\u010dadi, ko\u0161ari ali teleskopskemu vili\u010darju.\" \/>\n<meta name=\"robots\" content=\"noindex, follow, max-snippet:-1, max-image-preview:large, max-video-preview:-1\" \/>\n<meta property=\"og:locale\" content=\"sl_SI\" \/>\n<meta property=\"og:type\" content=\"article\" \/>\n<meta property=\"og:title\" content=\"Sledenje naprav Track Unit\" \/>\n<meta property=\"og:description\" content=\"Track Unit je program, ki omogo\u010da sledenje to\u010dni lokaciji in obratovanju va\u0161i najeti dvi\u017eni plo\u0161\u010dadi, ko\u0161ari ali teleskopskemu vili\u010darju.\" \/>\n<meta property=\"og:url\" content=\"https:\/\/riwal-wpn.acceptatie.indicia-interactiv.nl\/sl\/strokovno-znanje\/primeri-resitev\/track-unit-2\/\" \/>\n<meta property=\"og:site_name\" content=\"Riwal Slovenija\" \/>\n<meta property=\"article:modified_time\" content=\"2024-01-21T13:20:47+00:00\" \/>\n<meta name=\"twitter:card\" content=\"summary_large_image\" \/>\n<meta name=\"twitter:label1\" content=\"Est. reading time\" \/>\n\t<meta name=\"twitter:data1\" content=\"2 minuti\" \/>\n<script type=\"application\/ld+json\" class=\"yoast-schema-graph\">{\"@context\":\"https:\/\/schema.org\",\"@graph\":[{\"@type\":\"WebPage\",\"@id\":\"https:\/\/riwal-wpn.acceptatie.indicia-interactiv.nl\/sl\/strokovno-znanje\/primeri-resitev\/track-unit-2\/\",\"url\":\"https:\/\/riwal-wpn.acceptatie.indicia-interactiv.nl\/sl\/strokovno-znanje\/primeri-resitev\/track-unit-2\/\",\"name\":\"Sledenje naprav Track Unit - Riwal Slovenija\",\"isPartOf\":{\"@id\":\"https:\/\/riwal-wpn.acceptatie.indicia-interactiv.nl\/sl\/#website\"},\"datePublished\":\"2023-09-12T18:39:07+00:00\",\"dateModified\":\"2024-01-21T13:20:47+00:00\",\"description\":\"Track Unit je program, ki omogo\u010da sledenje to\u010dni lokaciji in obratovanju va\u0161i najeti dvi\u017eni plo\u0161\u010dadi, ko\u0161ari ali teleskopskemu vili\u010darju.\",\"breadcrumb\":{\"@id\":\"https:\/\/riwal-wpn.acceptatie.indicia-interactiv.nl\/sl\/strokovno-znanje\/primeri-resitev\/track-unit-2\/#breadcrumb\"},\"inLanguage\":\"sl-SI\",\"potentialAction\":[{\"@type\":\"ReadAction\",\"target\":[\"https:\/\/riwal-wpn.acceptatie.indicia-interactiv.nl\/sl\/strokovno-znanje\/primeri-resitev\/track-unit-2\/\"]}]},{\"@type\":\"BreadcrumbList\",\"@id\":\"https:\/\/riwal-wpn.acceptatie.indicia-interactiv.nl\/sl\/strokovno-znanje\/primeri-resitev\/track-unit-2\/#breadcrumb\",\"itemListElement\":[{\"@type\":\"ListItem\",\"position\":1,\"name\":\"Domov\",\"item\":\"https:\/\/riwal-wpn.acceptatie.indicia-interactiv.nl\/sl\/\"},{\"@type\":\"ListItem\",\"position\":2,\"name\":\"Strokovno znanje\",\"item\":\"https:\/\/riwal-wpn.acceptatie.indicia-interactiv.nl\/sl\/strokovno-znanje\/\"},{\"@type\":\"ListItem\",\"position\":3,\"name\":\"Prilagojene re\u0161itve\",\"item\":\"https:\/\/riwal-wpn.acceptatie.indicia-interactiv.nl\/sl\/strokovno-znanje\/primeri-resitev\/\"},{\"@type\":\"ListItem\",\"position\":4,\"name\":\"Sledenje naprav Track Unit\"}]},{\"@type\":\"WebSite\",\"@id\":\"https:\/\/riwal-wpn.acceptatie.indicia-interactiv.nl\/sl\/#website\",\"url\":\"https:\/\/riwal-wpn.acceptatie.indicia-interactiv.nl\/sl\/\",\"name\":\"Riwal\",\"description\":\"Arial work platform &amp; Telehandler Rental\/Sales\",\"publisher\":{\"@id\":\"https:\/\/riwal-wpn.acceptatie.indicia-interactiv.nl\/sl\/#organization\"},\"potentialAction\":[{\"@type\":\"SearchAction\",\"target\":{\"@type\":\"EntryPoint\",\"urlTemplate\":\"https:\/\/riwal-wpn.acceptatie.indicia-interactiv.nl\/sl\/?s={search_term_string}\"},\"query-input\":{\"@type\":\"PropertyValueSpecification\",\"valueRequired\":true,\"valueName\":\"search_term_string\"}}],\"inLanguage\":\"sl-SI\"},{\"@type\":\"Organization\",\"@id\":\"https:\/\/riwal-wpn.acceptatie.indicia-interactiv.nl\/sl\/#organization\",\"name\":\"Riwal\",\"url\":\"https:\/\/riwal-wpn.acceptatie.indicia-interactiv.nl\/sl\/\",\"logo\":{\"@type\":\"ImageObject\",\"inLanguage\":\"sl-SI\",\"@id\":\"https:\/\/riwal-wpn.acceptatie.indicia-interactiv.nl\/sl\/#\/schema\/logo\/image\/\",\"url\":\"\",\"contentUrl\":\"\",\"caption\":\"Riwal\"},\"image\":{\"@id\":\"https:\/\/riwal-wpn.acceptatie.indicia-interactiv.nl\/sl\/#\/schema\/logo\/image\/\"}}]}<\/script>\n<!-- \/ Yoast SEO Premium plugin. -->","yoast_head_json":{"title":"Sledenje naprav Track Unit - Riwal Slovenija","description":"Track Unit je program, ki omogo\u010da sledenje to\u010dni lokaciji in obratovanju va\u0161i najeti dvi\u017eni plo\u0161\u010dadi, ko\u0161ari ali teleskopskemu vili\u010darju.","robots":{"index":"noindex","follow":"follow","max-snippet":"max-snippet:-1","max-image-preview":"max-image-preview:large","max-video-preview":"max-video-preview:-1"},"og_locale":"sl_SI","og_type":"article","og_title":"Sledenje naprav Track Unit","og_description":"Track Unit je program, ki omogo\u010da sledenje to\u010dni lokaciji in obratovanju va\u0161i najeti dvi\u017eni plo\u0161\u010dadi, ko\u0161ari ali teleskopskemu vili\u010darju.","og_url":"https:\/\/riwal-wpn.acceptatie.indicia-interactiv.nl\/sl\/strokovno-znanje\/primeri-resitev\/track-unit-2\/","og_site_name":"Riwal Slovenija","article_modified_time":"2024-01-21T13:20:47+00:00","twitter_card":"summary_large_image","twitter_misc":{"Est. reading time":"2 minuti"},"schema":{"@context":"https:\/\/schema.org","@graph":[{"@type":"WebPage","@id":"https:\/\/riwal-wpn.acceptatie.indicia-interactiv.nl\/sl\/strokovno-znanje\/primeri-resitev\/track-unit-2\/","url":"https:\/\/riwal-wpn.acceptatie.indicia-interactiv.nl\/sl\/strokovno-znanje\/primeri-resitev\/track-unit-2\/","name":"Sledenje naprav Track Unit - Riwal Slovenija","isPartOf":{"@id":"https:\/\/riwal-wpn.acceptatie.indicia-interactiv.nl\/sl\/#website"},"datePublished":"2023-09-12T18:39:07+00:00","dateModified":"2024-01-21T13:20:47+00:00","description":"Track Unit je program, ki omogo\u010da sledenje to\u010dni lokaciji in obratovanju va\u0161i najeti dvi\u017eni plo\u0161\u010dadi, ko\u0161ari ali teleskopskemu vili\u010darju.","breadcrumb":{"@id":"https:\/\/riwal-wpn.acceptatie.indicia-interactiv.nl\/sl\/strokovno-znanje\/primeri-resitev\/track-unit-2\/#breadcrumb"},"inLanguage":"sl-SI","potentialAction":[{"@type":"ReadAction","target":["https:\/\/riwal-wpn.acceptatie.indicia-interactiv.nl\/sl\/strokovno-znanje\/primeri-resitev\/track-unit-2\/"]}]},{"@type":"BreadcrumbList","@id":"https:\/\/riwal-wpn.acceptatie.indicia-interactiv.nl\/sl\/strokovno-znanje\/primeri-resitev\/track-unit-2\/#breadcrumb","itemListElement":[{"@type":"ListItem","position":1,"name":"Domov","item":"https:\/\/riwal-wpn.acceptatie.indicia-interactiv.nl\/sl\/"},{"@type":"ListItem","position":2,"name":"Strokovno znanje","item":"https:\/\/riwal-wpn.acceptatie.indicia-interactiv.nl\/sl\/strokovno-znanje\/"},{"@type":"ListItem","position":3,"name":"Prilagojene re\u0161itve","item":"https:\/\/riwal-wpn.acceptatie.indicia-interactiv.nl\/sl\/strokovno-znanje\/primeri-resitev\/"},{"@type":"ListItem","position":4,"name":"Sledenje naprav Track Unit"}]},{"@type":"WebSite","@id":"https:\/\/riwal-wpn.acceptatie.indicia-interactiv.nl\/sl\/#website","url":"https:\/\/riwal-wpn.acceptatie.indicia-interactiv.nl\/sl\/","name":"Riwal","description":"Arial work platform &amp; Telehandler Rental\/Sales","publisher":{"@id":"https:\/\/riwal-wpn.acceptatie.indicia-interactiv.nl\/sl\/#organization"},"potentialAction":[{"@type":"SearchAction","target":{"@type":"EntryPoint","urlTemplate":"https:\/\/riwal-wpn.acceptatie.indicia-interactiv.nl\/sl\/?s={search_term_string}"},"query-input":{"@type":"PropertyValueSpecification","valueRequired":true,"valueName":"search_term_string"}}],"inLanguage":"sl-SI"},{"@type":"Organization","@id":"https:\/\/riwal-wpn.acceptatie.indicia-interactiv.nl\/sl\/#organization","name":"Riwal","url":"https:\/\/riwal-wpn.acceptatie.indicia-interactiv.nl\/sl\/","logo":{"@type":"ImageObject","inLanguage":"sl-SI","@id":"https:\/\/riwal-wpn.acceptatie.indicia-interactiv.nl\/sl\/#\/schema\/logo\/image\/","url":"","contentUrl":"","caption":"Riwal"},"image":{"@id":"https:\/\/riwal-wpn.acceptatie.indicia-interactiv.nl\/sl\/#\/schema\/logo\/image\/"}}]}},"_links":{"self":[{"href":"https:\/\/riwal-wpn.acceptatie.indicia-interactiv.nl\/sl\/wp-json\/wp\/v2\/pages\/3780","targetHints":{"allow":["GET"]}}],"collection":[{"href":"https:\/\/riwal-wpn.acceptatie.indicia-interactiv.nl\/sl\/wp-json\/wp\/v2\/pages"}],"about":[{"href":"https:\/\/riwal-wpn.acceptatie.indicia-interactiv.nl\/sl\/wp-json\/wp\/v2\/types\/page"}],"author":[{"embeddable":true,"href":"https:\/\/riwal-wpn.acceptatie.indicia-interactiv.nl\/sl\/wp-json\/wp\/v2\/users\/45"}],"replies":[{"embeddable":true,"href":"https:\/\/riwal-wpn.acceptatie.indicia-interactiv.nl\/sl\/wp-json\/wp\/v2\/comments?post=3780"}],"version-history":[{"count":3,"href":"https:\/\/riwal-wpn.acceptatie.indicia-interactiv.nl\/sl\/wp-json\/wp\/v2\/pages\/3780\/revisions"}],"predecessor-version":[{"id":4657,"href":"https:\/\/riwal-wpn.acceptatie.indicia-interactiv.nl\/sl\/wp-json\/wp\/v2\/pages\/3780\/revisions\/4657"}],"up":[{"embeddable":true,"href":"https:\/\/riwal-wpn.acceptatie.indicia-interactiv.nl\/sl\/wp-json\/wp\/v2\/pages\/3082"}],"wp:attachment":[{"href":"https:\/\/riwal-wpn.acceptatie.indicia-interactiv.nl\/sl\/wp-json\/wp\/v2\/media?parent=3780"}],"curies":[{"name":"wp","href":"https:\/\/api.w.org\/{rel}","templated":true}]}}