{"id":3805,"date":"2023-09-12T19:59:45","date_gmt":"2023-09-12T19:59:45","guid":{"rendered":"https:\/\/riwal-wpn.acceptatie.indicia-interactiv.nl\/sl\/?page_id=3805"},"modified":"2024-01-21T13:20:42","modified_gmt":"2024-01-21T13:20:42","slug":"kdo-smo","status":"publish","type":"page","link":"https:\/\/riwal-wpn.acceptatie.indicia-interactiv.nl\/sl\/o-riwalu\/kdo-smo\/","title":{"rendered":"Kdo smo"},"content":{"rendered":"\n<div class=\"wp-block-rental-theme-header\">\n\t<div class=\"wp-block-rental-theme-header__lines\">\n\t\t<svg width=\"726\" height=\"442\" viewBox=\"0 0 726 442\" fill=\"none\" xmlns=\"http:\/\/www.w3.org\/2000\/svg\"><g opacity=\".5\"><mask id=\"path-1-inside-1_1_2\" fill=\"#fff\"><path fill-rule=\"evenodd\" clip-rule=\"evenodd\" d=\"M441.458.5H284.542L0 285.042v156.917l156.917-.001L363 235.876l206.083 206.082 156.917.001V285.042L441.458.5Z\"\/><\/mask><path d=\"M284.542.5v-1h-.415l-.292.293.707.707Zm156.916 0 .708-.707-.293-.293h-.415v1ZM0 285.042l-.707-.708-.293.293v.415h1Zm0 156.917h-1v1h1v-1Zm156.917-.001v1h.414l.293-.292-.707-.708ZM363 235.876l.707-.708-.707-.707-.707.707.707.708Zm206.083 206.082-.707.708.293.292h.414v-1Zm156.917.001v1h1v-1h-1Zm0-156.917h1v-.415l-.293-.293-.707.708ZM284.542 1.5h156.916v-2H284.542v2ZM.707 285.749 285.25 1.207l-1.414-1.414L-.707 284.334l1.414 1.415ZM1 441.959V285.042h-2v156.917h2Zm155.917-1.001L0 440.959v2l156.917-.001v-2Zm205.376-205.79L156.21 441.251l1.414 1.415 206.083-206.083-1.414-1.415Zm0 1.415 206.083 206.083 1.414-1.415-206.083-206.083-1.414 1.415Zm206.79 206.375 156.917.001v-2l-156.917-.001v2ZM727 441.959V285.042h-2v156.917h2Zm-.293-157.625L442.166-.206l-1.415 1.413L725.293 285.75l1.414-1.415Z\" fill=\"#5B728B\" mask=\"url(#path-1-inside-1_1_2)\"\/><\/g><\/svg>\t\t<svg width=\"726\" height=\"442\" viewBox=\"0 0 726 442\" fill=\"none\" xmlns=\"http:\/\/www.w3.org\/2000\/svg\"><g opacity=\".5\"><mask id=\"path-1-inside-1_1_2\" fill=\"#fff\"><path fill-rule=\"evenodd\" clip-rule=\"evenodd\" d=\"M441.458.5H284.542L0 285.042v156.917l156.917-.001L363 235.876l206.083 206.082 156.917.001V285.042L441.458.5Z\"\/><\/mask><path d=\"M284.542.5v-1h-.415l-.292.293.707.707Zm156.916 0 .708-.707-.293-.293h-.415v1ZM0 285.042l-.707-.708-.293.293v.415h1Zm0 156.917h-1v1h1v-1Zm156.917-.001v1h.414l.293-.292-.707-.708ZM363 235.876l.707-.708-.707-.707-.707.707.707.708Zm206.083 206.082-.707.708.293.292h.414v-1Zm156.917.001v1h1v-1h-1Zm0-156.917h1v-.415l-.293-.293-.707.708ZM284.542 1.5h156.916v-2H284.542v2ZM.707 285.749 285.25 1.207l-1.414-1.414L-.707 284.334l1.414 1.415ZM1 441.959V285.042h-2v156.917h2Zm155.917-1.001L0 440.959v2l156.917-.001v-2Zm205.376-205.79L156.21 441.251l1.414 1.415 206.083-206.083-1.414-1.415Zm0 1.415 206.083 206.083 1.414-1.415-206.083-206.083-1.414 1.415Zm206.79 206.375 156.917.001v-2l-156.917-.001v2ZM727 441.959V285.042h-2v156.917h2Zm-.293-157.625L442.166-.206l-1.415 1.413L725.293 285.75l1.414-1.415Z\" fill=\"#5B728B\" mask=\"url(#path-1-inside-1_1_2)\"\/><\/g><\/svg>\t<\/div>\n\t<img fetchpriority=\"high\" decoding=\"async\" width=\"1440\" height=\"480\" src=\"https:\/\/riwal-wpn.acceptatie.indicia-interactiv.nl\/app\/uploads\/sites\/10\/2023\/09\/Profil-pc-1440x480.webp\" class=\"wp-block-rental-theme-header__image wp-block-rental-theme-header__image--desktop\" alt=\"\" loading=\"eager\" srcset=\"https:\/\/riwal-wpn.acceptatie.indicia-interactiv.nl\/app\/uploads\/sites\/10\/2023\/09\/Profil-pc-1440x480.webp 1440w, https:\/\/riwal-wpn.acceptatie.indicia-interactiv.nl\/app\/uploads\/sites\/10\/2023\/09\/Profil-pc-830x277.webp 830w, https:\/\/riwal-wpn.acceptatie.indicia-interactiv.nl\/app\/uploads\/sites\/10\/2023\/09\/Profil-pc-300x100.webp 300w, https:\/\/riwal-wpn.acceptatie.indicia-interactiv.nl\/app\/uploads\/sites\/10\/2023\/09\/Profil-pc-768x256.webp 768w, https:\/\/riwal-wpn.acceptatie.indicia-interactiv.nl\/app\/uploads\/sites\/10\/2023\/09\/Profil-pc-1024x341.webp 1024w, https:\/\/riwal-wpn.acceptatie.indicia-interactiv.nl\/app\/uploads\/sites\/10\/2023\/09\/Profil-pc-1536x512.webp 1536w, https:\/\/riwal-wpn.acceptatie.indicia-interactiv.nl\/app\/uploads\/sites\/10\/2023\/09\/Profil-pc-178x59.webp 178w, https:\/\/riwal-wpn.acceptatie.indicia-interactiv.nl\/app\/uploads\/sites\/10\/2023\/09\/Profil-pc-390x130.webp 390w, https:\/\/riwal-wpn.acceptatie.indicia-interactiv.nl\/app\/uploads\/sites\/10\/2023\/09\/Profil-pc-250x83.webp 250w, https:\/\/riwal-wpn.acceptatie.indicia-interactiv.nl\/app\/uploads\/sites\/10\/2023\/09\/Profil-pc.webp 1920w\" sizes=\"(max-width: 1440px) 100vw, 1440px\" \/>\t\t<div class=\"container\">\n\t\t<h1 class='wp-block-rental-theme-header__title' style='position: absolute; min-height: 120px'>Kdo smo<\/h1>\t<\/div>\n<\/div>\n\n\n<div class=\"rental-wp-default-block rental-theme-block-default-margin\">\n\t\t\t\t\t\t\t\t<div class=\"container\">\n<div class=\"wp-block-columns is-layout-flex wp-container-core-columns-is-layout-28f84493 wp-block-columns-is-layout-flex\">\n<div class=\"wp-block-column is-layout-flow wp-block-column-is-layout-flow\" style=\"flex-basis:25%\"><\/div>\n\n\n\n<div class=\"wp-block-column is-layout-flow wp-block-column-is-layout-flow\" style=\"flex-basis:50%\">\n<h2 class=\"wp-block-heading\" id=\"h-kdo-smo\">Kdo smo<\/h2>\n\n\n\n<p><strong>Nekatera podjetja posku\u0161ajo biti vsestranska &#8211; Riwal ne. Zelo zavestno smo se odlo\u010dili, da se specializiramo na eno zelo specifi\u010dno podro\u010dje &#8211; &#8221; oprema za dostop na vi\u0161ino z\u00a0motornim pogonom &#8220;, s katerim mislimo na dvi\u017ene plo\u0161\u010dadi, teleskopske ko\u0161are, teleskopske vili\u010darje in vili\u010darje. Skupaj imamo ve\u010d kot 19.000 enot. Iskreno verjamemo, da s to ozko usmeritvijo lahko dose\u017eemo najbolj\u0161e storitve za na\u0161e stranke in da na\u0161e vrhunske storitve za stranke omogo\u010dajo varnost, u\u010dinkovitost in dobi\u010dkonosnost.<\/strong><\/p>\n\n\n\n<p><strong>Re\u0161itve za delo na vi\u0161ini<br><\/strong>Na kratko, nudimo re\u0161itve za delo na vi\u0161ini in smo prepri\u010dani, da lahko na\u0161e stranke to izvajajo varno in produktivno. Velika ve\u010dina na\u0161ega poslovanja je v najemu, ki ga dopolnjujejo storitve, kot so izobra\u017eevanje, ki ga nudimo na\u0161im strankam.<br><strong><br>Prodaja<br><\/strong>Poleg tega, prodajamo kvalitetno opremo za delo na vi\u0161ini mnogih vodilnih blagovnih znamk. Smo uradni distributer JLG, Genie, Holland Lift in Teupen v izbranih dr\u017eavah. Prodajamo tudi rabljeno opremo visoke kakovosti naravnost iz na\u0161e najemne flote.<strong><br><br>Varnost in trajnost<\/strong><\/p>\n\n\n\n<p><strong><\/strong>Varnost je za nas izjemnega pomena in je posledi\u010dno postavljena v ospredje na\u0161ega delovanja. Dvi\u017ene plo\u0161\u010di so zagotovo varnej\u0161a izbira pri delu na vi\u0161ini. Vsi na\u0161i stroji so letno pregledani, da zagotovimo \u0161e njihovo varno uporabo, pa nudimo usposabljanja za upravljavce dvi\u017enih naprav pri delu na vi\u0161ini. Prav tako menimo, da je najem dvi\u017ene opreme trajnostna re\u0161itev za okolje, \u0161e bolj pa za dolgoro\u010dno poslovno uspe\u0161nost na\u0161ih strank. Strankam se tako ni potrebno ukvarjati s shrambo in vzdr\u017eevanjem naprave, ki jo uporabljajo le ob\u010dasno. Poleg tega jih Riwal podpira s strokovnim znanjem in izku\u0161njami. Tako jim je vedno na voljo najsodobnej\u0161a oprema in se lahko osredoto\u010dijo na svojo osnovno dejavnost in ne zapravljajo virov in \u010dasa za tisto, kar zanje nima osrednjega pomena.<strong><br><\/strong><strong><br>Mednarodno<br><\/strong>Riwal posluje po vsej Evropi in na Bli\u017enjem vzhodu, pa tudi v Indiji in Kazahstanu. Z mre\u017eo partnerjev lahko podpiramo dejavnost v skoraj vsaki dr\u017eavi preko na\u0161e mednarodne enote za najem ne glede na to ali imamo lastno enoto na terenu ali ne. Malo podjetij lahko zajame na\u0161 mednarodni doseg.<br><strong><br>Misli globalno, deluj lokalno<br><\/strong>Imamo globalni odnos, vendar nismo pozabili na pomen delovanja ena-na-ena z na\u0161imi lokalnimi strankami. Za nas je vsaka transakcija osebna. Tesno sodelujemo z na\u0161imi strankami, da ugotovijo to\u010dno kak\u0161no opremo potrebujejo in kaj \u0161e lahko zahtevajo v zvezi z usposabljanjem in podporo. Z majhno ekipo deluje 60 depojev po vsem svetu, da smo ponavadi blizu stranki tako dobesedno in v prenesenem pomenu. Menimo, da je to tisto, kar nam omogo\u010da, da se hitro in zanesljivo odzovemo in menimo, da se tudi odra\u017ea v odnosih, ki smo jih zgradili z na\u0161imi strankami, ki temeljijo na skupnem interesu, medsebojnem spo\u0161tovanju in zaupanju.&nbsp;<\/p>\n<\/div>\n\n\n\n<div class=\"wp-block-column is-layout-flow wp-block-column-is-layout-flow\" style=\"flex-basis:25%\">\n<figure class=\"wp-block-image size-full\"><img decoding=\"async\" src=\"https:\/\/riwal-wpn.acceptatie.indicia-interactiv.nl\/app\/uploads\/sites\/10\/2023\/04\/logo-riwal.svg\" alt=\"\" class=\"wp-image-416\" \/><\/figure>\n<\/div>\n<\/div>\n<\/div>\n\t\t\t\t\t\t\t<\/div> \n\n<div class=\"container\">\n<p><\/p>\n<\/div>","protected":false},"excerpt":{"rendered":"<p>Kdo smo Nekatera podjetja posku\u0161ajo biti vsestranska &#8211; Riwal ne. Zelo zavestno smo se odlo\u010dili, da se specializiramo na eno zelo specifi\u010dno podro\u010dje &#8211; &#8221; oprema za dostop na vi\u0161ino z\u00a0motornim pogonom &#8220;, s katerim mislimo na dvi\u017ene plo\u0161\u010dadi, teleskopske ko\u0161are, teleskopske vili\u010darje in vili\u010darje. Skupaj imamo ve\u010d kot 19.000 enot. Iskreno verjamemo, da s &hellip; <a href=\"https:\/\/riwal-wpn.acceptatie.indicia-interactiv.nl\/sl\/o-riwalu\/kdo-smo\/\">Se nadaljuje<\/a><\/p>\n","protected":false},"author":45,"featured_media":0,"parent":3792,"menu_order":0,"comment_status":"closed","ping_status":"closed","template":"","meta":{"_acf_changed":false,"editor_notices":[],"footnotes":""},"class_list":["post-3805","page","type-page","status-publish","hentry"],"acf":[],"yoast_head":"<!-- This site is optimized with the Yoast SEO Premium plugin v27.1 (Yoast SEO v27.1.1) - https:\/\/yoast.com\/product\/yoast-seo-premium-wordpress\/ -->\n<title>Kdo smo- Riwal Slovenija<\/title>\n<meta name=\"description\" content=\"Predstavljamo del svetovne korporacije, ki se ukvarja z najemom in prodajo dvi\u017enih plo\u0161\u010dadi, ko\u0161ar in teleskopskih vili\u010darjev. Nudimo vam tudi usposabljanja za varno delo na vi\u0161ini, rezervne dele in servisno podporo. Pokli\u010dite 01 544 34 34 in poizvejte ve\u010d!\" \/>\n<meta name=\"robots\" content=\"noindex, follow, max-snippet:-1, max-image-preview:large, max-video-preview:-1\" \/>\n<meta property=\"og:locale\" content=\"sl_SI\" \/>\n<meta property=\"og:type\" content=\"article\" \/>\n<meta property=\"og:title\" content=\"Kdo smo\" \/>\n<meta property=\"og:description\" content=\"Predstavljamo del svetovne korporacije, ki se ukvarja z najemom in prodajo dvi\u017enih plo\u0161\u010dadi, ko\u0161ar in teleskopskih vili\u010darjev. Nudimo vam tudi usposabljanja za varno delo na vi\u0161ini, rezervne dele in servisno podporo. Pokli\u010dite 01 544 34 34 in poizvejte ve\u010d!\" \/>\n<meta property=\"og:url\" content=\"https:\/\/riwal-wpn.acceptatie.indicia-interactiv.nl\/sl\/o-riwalu\/kdo-smo\/\" \/>\n<meta property=\"og:site_name\" content=\"Riwal Slovenija\" \/>\n<meta property=\"article:modified_time\" content=\"2024-01-21T13:20:42+00:00\" \/>\n<meta property=\"og:image\" content=\"https:\/\/riwal-wpn.acceptatie.indicia-interactiv.nl\/app\/uploads\/sites\/10\/2023\/04\/logo-riwal.svg\" \/>\n<meta name=\"twitter:card\" content=\"summary_large_image\" \/>\n<meta name=\"twitter:label1\" content=\"Est. reading time\" \/>\n\t<meta name=\"twitter:data1\" content=\"3 minute\" \/>\n<script type=\"application\/ld+json\" class=\"yoast-schema-graph\">{\"@context\":\"https:\/\/schema.org\",\"@graph\":[{\"@type\":\"WebPage\",\"@id\":\"https:\/\/riwal-wpn.acceptatie.indicia-interactiv.nl\/sl\/o-riwalu\/kdo-smo\/\",\"url\":\"https:\/\/riwal-wpn.acceptatie.indicia-interactiv.nl\/sl\/o-riwalu\/kdo-smo\/\",\"name\":\"Kdo smo- Riwal Slovenija\",\"isPartOf\":{\"@id\":\"https:\/\/riwal-wpn.acceptatie.indicia-interactiv.nl\/sl\/#website\"},\"primaryImageOfPage\":{\"@id\":\"https:\/\/riwal-wpn.acceptatie.indicia-interactiv.nl\/sl\/o-riwalu\/kdo-smo\/#primaryimage\"},\"image\":{\"@id\":\"https:\/\/riwal-wpn.acceptatie.indicia-interactiv.nl\/sl\/o-riwalu\/kdo-smo\/#primaryimage\"},\"thumbnailUrl\":\"https:\/\/riwal-wpn.acceptatie.indicia-interactiv.nl\/app\/uploads\/sites\/10\/2023\/04\/logo-riwal.svg\",\"datePublished\":\"2023-09-12T19:59:45+00:00\",\"dateModified\":\"2024-01-21T13:20:42+00:00\",\"description\":\"Predstavljamo del svetovne korporacije, ki se ukvarja z najemom in prodajo dvi\u017enih plo\u0161\u010dadi, ko\u0161ar in teleskopskih vili\u010darjev. Nudimo vam tudi usposabljanja za varno delo na vi\u0161ini, rezervne dele in servisno podporo. Pokli\u010dite 01 544 34 34 in poizvejte ve\u010d!\",\"breadcrumb\":{\"@id\":\"https:\/\/riwal-wpn.acceptatie.indicia-interactiv.nl\/sl\/o-riwalu\/kdo-smo\/#breadcrumb\"},\"inLanguage\":\"sl-SI\",\"potentialAction\":[{\"@type\":\"ReadAction\",\"target\":[\"https:\/\/riwal-wpn.acceptatie.indicia-interactiv.nl\/sl\/o-riwalu\/kdo-smo\/\"]}]},{\"@type\":\"ImageObject\",\"inLanguage\":\"sl-SI\",\"@id\":\"https:\/\/riwal-wpn.acceptatie.indicia-interactiv.nl\/sl\/o-riwalu\/kdo-smo\/#primaryimage\",\"url\":\"https:\/\/riwal-wpn.acceptatie.indicia-interactiv.nl\/app\/uploads\/sites\/10\/2023\/04\/logo-riwal.svg\",\"contentUrl\":\"https:\/\/riwal-wpn.acceptatie.indicia-interactiv.nl\/app\/uploads\/sites\/10\/2023\/04\/logo-riwal.svg\"},{\"@type\":\"BreadcrumbList\",\"@id\":\"https:\/\/riwal-wpn.acceptatie.indicia-interactiv.nl\/sl\/o-riwalu\/kdo-smo\/#breadcrumb\",\"itemListElement\":[{\"@type\":\"ListItem\",\"position\":1,\"name\":\"Domov\",\"item\":\"https:\/\/riwal-wpn.acceptatie.indicia-interactiv.nl\/sl\/\"},{\"@type\":\"ListItem\",\"position\":2,\"name\":\"O riwalu\",\"item\":\"https:\/\/riwal-wpn.acceptatie.indicia-interactiv.nl\/sl\/o-riwalu\/\"},{\"@type\":\"ListItem\",\"position\":3,\"name\":\"Kdo smo\"}]},{\"@type\":\"WebSite\",\"@id\":\"https:\/\/riwal-wpn.acceptatie.indicia-interactiv.nl\/sl\/#website\",\"url\":\"https:\/\/riwal-wpn.acceptatie.indicia-interactiv.nl\/sl\/\",\"name\":\"Riwal\",\"description\":\"Arial work platform &amp; Telehandler Rental\/Sales\",\"publisher\":{\"@id\":\"https:\/\/riwal-wpn.acceptatie.indicia-interactiv.nl\/sl\/#organization\"},\"potentialAction\":[{\"@type\":\"SearchAction\",\"target\":{\"@type\":\"EntryPoint\",\"urlTemplate\":\"https:\/\/riwal-wpn.acceptatie.indicia-interactiv.nl\/sl\/?s={search_term_string}\"},\"query-input\":{\"@type\":\"PropertyValueSpecification\",\"valueRequired\":true,\"valueName\":\"search_term_string\"}}],\"inLanguage\":\"sl-SI\"},{\"@type\":\"Organization\",\"@id\":\"https:\/\/riwal-wpn.acceptatie.indicia-interactiv.nl\/sl\/#organization\",\"name\":\"Riwal\",\"url\":\"https:\/\/riwal-wpn.acceptatie.indicia-interactiv.nl\/sl\/\",\"logo\":{\"@type\":\"ImageObject\",\"inLanguage\":\"sl-SI\",\"@id\":\"https:\/\/riwal-wpn.acceptatie.indicia-interactiv.nl\/sl\/#\/schema\/logo\/image\/\",\"url\":\"\",\"contentUrl\":\"\",\"caption\":\"Riwal\"},\"image\":{\"@id\":\"https:\/\/riwal-wpn.acceptatie.indicia-interactiv.nl\/sl\/#\/schema\/logo\/image\/\"}}]}<\/script>\n<!-- \/ Yoast SEO Premium plugin. -->","yoast_head_json":{"title":"Kdo smo- Riwal Slovenija","description":"Predstavljamo del svetovne korporacije, ki se ukvarja z najemom in prodajo dvi\u017enih plo\u0161\u010dadi, ko\u0161ar in teleskopskih vili\u010darjev. Nudimo vam tudi usposabljanja za varno delo na vi\u0161ini, rezervne dele in servisno podporo. Pokli\u010dite 01 544 34 34 in poizvejte ve\u010d!","robots":{"index":"noindex","follow":"follow","max-snippet":"max-snippet:-1","max-image-preview":"max-image-preview:large","max-video-preview":"max-video-preview:-1"},"og_locale":"sl_SI","og_type":"article","og_title":"Kdo smo","og_description":"Predstavljamo del svetovne korporacije, ki se ukvarja z najemom in prodajo dvi\u017enih plo\u0161\u010dadi, ko\u0161ar in teleskopskih vili\u010darjev. Nudimo vam tudi usposabljanja za varno delo na vi\u0161ini, rezervne dele in servisno podporo. Pokli\u010dite 01 544 34 34 in poizvejte ve\u010d!","og_url":"https:\/\/riwal-wpn.acceptatie.indicia-interactiv.nl\/sl\/o-riwalu\/kdo-smo\/","og_site_name":"Riwal Slovenija","article_modified_time":"2024-01-21T13:20:42+00:00","og_image":[{"url":"https:\/\/riwal-wpn.acceptatie.indicia-interactiv.nl\/app\/uploads\/sites\/10\/2023\/04\/logo-riwal.svg","type":"","width":"","height":""}],"twitter_card":"summary_large_image","twitter_misc":{"Est. reading time":"3 minute"},"schema":{"@context":"https:\/\/schema.org","@graph":[{"@type":"WebPage","@id":"https:\/\/riwal-wpn.acceptatie.indicia-interactiv.nl\/sl\/o-riwalu\/kdo-smo\/","url":"https:\/\/riwal-wpn.acceptatie.indicia-interactiv.nl\/sl\/o-riwalu\/kdo-smo\/","name":"Kdo smo- Riwal Slovenija","isPartOf":{"@id":"https:\/\/riwal-wpn.acceptatie.indicia-interactiv.nl\/sl\/#website"},"primaryImageOfPage":{"@id":"https:\/\/riwal-wpn.acceptatie.indicia-interactiv.nl\/sl\/o-riwalu\/kdo-smo\/#primaryimage"},"image":{"@id":"https:\/\/riwal-wpn.acceptatie.indicia-interactiv.nl\/sl\/o-riwalu\/kdo-smo\/#primaryimage"},"thumbnailUrl":"https:\/\/riwal-wpn.acceptatie.indicia-interactiv.nl\/app\/uploads\/sites\/10\/2023\/04\/logo-riwal.svg","datePublished":"2023-09-12T19:59:45+00:00","dateModified":"2024-01-21T13:20:42+00:00","description":"Predstavljamo del svetovne korporacije, ki se ukvarja z najemom in prodajo dvi\u017enih plo\u0161\u010dadi, ko\u0161ar in teleskopskih vili\u010darjev. Nudimo vam tudi usposabljanja za varno delo na vi\u0161ini, rezervne dele in servisno podporo. Pokli\u010dite 01 544 34 34 in poizvejte ve\u010d!","breadcrumb":{"@id":"https:\/\/riwal-wpn.acceptatie.indicia-interactiv.nl\/sl\/o-riwalu\/kdo-smo\/#breadcrumb"},"inLanguage":"sl-SI","potentialAction":[{"@type":"ReadAction","target":["https:\/\/riwal-wpn.acceptatie.indicia-interactiv.nl\/sl\/o-riwalu\/kdo-smo\/"]}]},{"@type":"ImageObject","inLanguage":"sl-SI","@id":"https:\/\/riwal-wpn.acceptatie.indicia-interactiv.nl\/sl\/o-riwalu\/kdo-smo\/#primaryimage","url":"https:\/\/riwal-wpn.acceptatie.indicia-interactiv.nl\/app\/uploads\/sites\/10\/2023\/04\/logo-riwal.svg","contentUrl":"https:\/\/riwal-wpn.acceptatie.indicia-interactiv.nl\/app\/uploads\/sites\/10\/2023\/04\/logo-riwal.svg"},{"@type":"BreadcrumbList","@id":"https:\/\/riwal-wpn.acceptatie.indicia-interactiv.nl\/sl\/o-riwalu\/kdo-smo\/#breadcrumb","itemListElement":[{"@type":"ListItem","position":1,"name":"Domov","item":"https:\/\/riwal-wpn.acceptatie.indicia-interactiv.nl\/sl\/"},{"@type":"ListItem","position":2,"name":"O riwalu","item":"https:\/\/riwal-wpn.acceptatie.indicia-interactiv.nl\/sl\/o-riwalu\/"},{"@type":"ListItem","position":3,"name":"Kdo smo"}]},{"@type":"WebSite","@id":"https:\/\/riwal-wpn.acceptatie.indicia-interactiv.nl\/sl\/#website","url":"https:\/\/riwal-wpn.acceptatie.indicia-interactiv.nl\/sl\/","name":"Riwal","description":"Arial work platform &amp; Telehandler Rental\/Sales","publisher":{"@id":"https:\/\/riwal-wpn.acceptatie.indicia-interactiv.nl\/sl\/#organization"},"potentialAction":[{"@type":"SearchAction","target":{"@type":"EntryPoint","urlTemplate":"https:\/\/riwal-wpn.acceptatie.indicia-interactiv.nl\/sl\/?s={search_term_string}"},"query-input":{"@type":"PropertyValueSpecification","valueRequired":true,"valueName":"search_term_string"}}],"inLanguage":"sl-SI"},{"@type":"Organization","@id":"https:\/\/riwal-wpn.acceptatie.indicia-interactiv.nl\/sl\/#organization","name":"Riwal","url":"https:\/\/riwal-wpn.acceptatie.indicia-interactiv.nl\/sl\/","logo":{"@type":"ImageObject","inLanguage":"sl-SI","@id":"https:\/\/riwal-wpn.acceptatie.indicia-interactiv.nl\/sl\/#\/schema\/logo\/image\/","url":"","contentUrl":"","caption":"Riwal"},"image":{"@id":"https:\/\/riwal-wpn.acceptatie.indicia-interactiv.nl\/sl\/#\/schema\/logo\/image\/"}}]}},"_links":{"self":[{"href":"https:\/\/riwal-wpn.acceptatie.indicia-interactiv.nl\/sl\/wp-json\/wp\/v2\/pages\/3805","targetHints":{"allow":["GET"]}}],"collection":[{"href":"https:\/\/riwal-wpn.acceptatie.indicia-interactiv.nl\/sl\/wp-json\/wp\/v2\/pages"}],"about":[{"href":"https:\/\/riwal-wpn.acceptatie.indicia-interactiv.nl\/sl\/wp-json\/wp\/v2\/types\/page"}],"author":[{"embeddable":true,"href":"https:\/\/riwal-wpn.acceptatie.indicia-interactiv.nl\/sl\/wp-json\/wp\/v2\/users\/45"}],"replies":[{"embeddable":true,"href":"https:\/\/riwal-wpn.acceptatie.indicia-interactiv.nl\/sl\/wp-json\/wp\/v2\/comments?post=3805"}],"version-history":[{"count":3,"href":"https:\/\/riwal-wpn.acceptatie.indicia-interactiv.nl\/sl\/wp-json\/wp\/v2\/pages\/3805\/revisions"}],"predecessor-version":[{"id":4645,"href":"https:\/\/riwal-wpn.acceptatie.indicia-interactiv.nl\/sl\/wp-json\/wp\/v2\/pages\/3805\/revisions\/4645"}],"up":[{"embeddable":true,"href":"https:\/\/riwal-wpn.acceptatie.indicia-interactiv.nl\/sl\/wp-json\/wp\/v2\/pages\/3792"}],"wp:attachment":[{"href":"https:\/\/riwal-wpn.acceptatie.indicia-interactiv.nl\/sl\/wp-json\/wp\/v2\/media?parent=3805"}],"curies":[{"name":"wp","href":"https:\/\/api.w.org\/{rel}","templated":true}]}}