{"id":3820,"date":"2023-09-12T20:56:26","date_gmt":"2023-09-12T20:56:26","guid":{"rendered":"https:\/\/riwal-wpn.acceptatie.indicia-interactiv.nl\/sl\/?page_id=3820"},"modified":"2024-01-21T13:20:40","modified_gmt":"2024-01-21T13:20:40","slug":"strategija","status":"publish","type":"page","link":"https:\/\/riwal-wpn.acceptatie.indicia-interactiv.nl\/sl\/o-riwalu\/strategija\/","title":{"rendered":"Strategija"},"content":{"rendered":"<div class=\"rental-wp-default-block rental-theme-block-default-margin\">\n\t\t\t\t\t\t\t\t<div class=\"container\">\n<div class=\"wp-block-columns is-layout-flex wp-container-core-columns-is-layout-28f84493 wp-block-columns-is-layout-flex\">\n<div class=\"wp-block-column is-layout-flow wp-block-column-is-layout-flow\" style=\"flex-basis:25%\"><\/div>\n\n\n\n<div class=\"wp-block-column is-layout-flow wp-block-column-is-layout-flow\" style=\"flex-basis:50%\">\n<h2 class=\"wp-block-heading\" id=\"h-strategija-podjetja\">Strategija podjetja<\/h2>\n\n\n\n<p>Doseganje poslovnega uspeha ni nikoli preprosto, vendar kljub temu nas vodi zelo jasna vizija:<\/p>\n\n\n\n<p><strong>Zagotavljanje najbolj\u0161e uporabni\u0161ke izku\u0161nje v panogi<\/strong><\/p>\n\n\n\n<p>Na\u0161e poslanstvo je skupaj z na\u0161im osebjem dose\u010di najvi\u0161jo raven varnosti, produktivnosti in storitev. Prepri\u010dani smo, da \u010de nam to uspe narediti, bomo tudi sami dolgoro\u010dno uspe\u0161ni, kar pomeni, da se bomo \u0161e naprej trudili, da bi zadovoljili potrebe na\u0161ih strank.<\/p>\n\n\n\n<p><strong>Na\u0161o strategijo smo zasnovali okoli treh klju\u010dnih \u00bbstebrov\u00ab:<\/strong><\/p>\n<\/div>\n\n\n\n<div class=\"wp-block-column is-layout-flow wp-block-column-is-layout-flow\" style=\"flex-basis:25%\"><\/div>\n<\/div>\n<\/div>\n\t\t\t\t\t\t\t<\/div> \n\n<div class=\"rental-wp-default-block rental-theme-block-default-margin\">\n\t\t\t\t\t\t\t\t<div class=\"container\">\n<div class=\"wp-block-columns is-layout-flex wp-container-core-columns-is-layout-28f84493 wp-block-columns-is-layout-flex\">\n<div class=\"wp-block-column is-layout-flow wp-block-column-is-layout-flow\">\n<h5 class=\"wp-block-heading\" id=\"h-skupina-sodelavcev-druzbe-riwal\">Skupina sodelavcev dru\u017ebe Riwal\u00a0<\/h5>\n\n\n\n<p>Ukvarjamo se z oddajanjem strojev v najem, toda na\u0161e najpomembnej\u0161e sredstvo so ljudje. Zagotavljanje dobrih storitev strankam, za katere si prizadevamo, se lahko zgodi le, \u010de imamo ob sebi prave ljudi s pravim odnosom. Ljudi, ki z nami delijo na\u0161o vizijo kakovosti in storitev za stranke. Podjetje Riwal smo zasnovali kot podjetje z inovativnim mednarodnim odprtim zna\u010dajem, saj smo zaupali, da je to tisto, kar privla\u010di nadarjene in ambiciozne zaposlene. In nadarjeni ljudje, ki so \u010dlani na\u0161e ekipe, so tisto, kar naredi dru\u017ebo Riwal tak\u0161no, kot je.<\/p>\n<\/div>\n\n\n\n<div class=\"wp-block-column is-layout-flow wp-block-column-is-layout-flow\">\n<h5 class=\"wp-block-heading\" id=\"h-flota-strojev\">Flota strojev<\/h5>\n\n\n\n<p>Prispeva k najbolj\u0161i uporabni\u0161ki izku\u0161nji, kajti dvi\u017ena delovna plo\u0161\u010dad s pravilnimi specifikacijami je vedno na voljo kadarkoli in kjerkoli jo stranka potrebuje.<\/p>\n<\/div>\n\n\n\n<div class=\"wp-block-column is-layout-flow wp-block-column-is-layout-flow\">\n<h2 class=\"wp-block-heading\" id=\"h-stranka\">Stranka<\/h2>\n\n\n\n<p>Dobro poznamo in razumemo na\u0161e stranke, in kaj potrebujejo za vsak posamezen projekt, ter z njimi sodelujemo, da jim lahko zagotovimo najbolj u\u010dinkovite in najvarnej\u0161e re\u0161itve. Njihovi interesi so na\u0161i interesi, in za zadovoljevanje teh interesov, bomo naredili prav vse, da izpolnimo svoje obljube ter zagotovimo natanko to, kar stranke pri\u010dakujejo in ko pri\u010dakujejo. In \u010de naletimo na te\u017eavo, si jo prizadevamo \u010dim hitreje odpraviti.<\/p>\n<\/div>\n<\/div>\n<\/div>\n\t\t\t\t\t\t\t<\/div> \n\n<div class=\"rental-wp-default-block rental-theme-block-default-margin\">\n\t\t\t\t\t\t\t\t<div class=\"container\">\n<div class=\"wp-block-columns is-layout-flex wp-container-core-columns-is-layout-28f84493 wp-block-columns-is-layout-flex\">\n<div class=\"wp-block-column is-layout-flow wp-block-column-is-layout-flow\"><\/div>\n\n\n\n<div class=\"wp-block-column is-layout-flow wp-block-column-is-layout-flow\">\n<h2 class=\"wp-block-heading\" id=\"h-nacin-poslovanja-podjetja-riwal\"><strong>Na\u010din poslovanja podjetja Riwal<\/strong><\/h2>\n\n\n\n<p>Na\u010din poslovanja podjetja Riwal (The\u00a0Riwal Way)\u00a0je poslovni pristop, ki smo ga sprejeli, da bi svojim strankam zagotovili enako raven kakovosti v vsakem projektu kjerkoli na svetu. Odkrili smo klju\u010dne gonilnike za doseganje najbolj\u0161e uporabni\u0161ke izku\u0161nje, zasnovali in dovr\u0161ili smo na\u0161e procese in postopke, da bi lahko prav vselej u\u010dinkovito in uspe\u0161no zagotovili svojim strankam najbolj\u0161e mo\u017ene izku\u0161nje. Svojo uspe\u0161nost si prizadevamo tudi spremljati in analizirati, tako da lahko nenehno izbolj\u0161ujemo na\u0161e izdelke in storitve. Poleg tega smo svoje zaposlene in partnerje usposobili za to, da bi tudi sami prevzeli\u00a0Na\u010din poslovanja podjetja Riwal\u00a0za svoj na\u010din poslovanja. Toda to ne pomeni, da Na\u010din poslovanja podjetja Riwal\u00a0trdno dolo\u010den in nespremenljiv. Ravno nasprotno,\u00a0nenehno izbolj\u0161evanje\u00a0je bistvo\u00a0Na\u010dina poslovanja podjetja Riwal.\u00a0Izbolj\u0161evanje je edini na\u010din, da bomo \u0161e naprej lahko zagotavljali najbolj\u0161e uporabni\u0161ke izku\u0161nje v svoji panogi.<\/p>\n\n\n\n<p><\/p>\n\n\n\n<h2 class=\"wp-block-heading\" id=\"h-nase-vrednote\">Na\u0161e vrednote<\/h2>\n\n\n\n<p>Smo podjetje, ki verjame v temeljni sklop vrednot, ki dolo\u010dajo na\u0161 zna\u010daj in usmerjajo na\u0161e vedenje \u2013 tako kot na\u0161e stranke in dru\u017ebo na splo\u0161no. To so vrednote, ki nas opredeljujejo kot dobre korporativne dr\u017eavljane in zanesljive partnerje.<\/p>\n\n\n\n<p><strong>Varnost<\/strong><\/p>\n\n\n\n<p>Z vsakim najemom ali prodajo nudimo na\u0161im strankam najvi\u0161jo stopnjo varnosti. Na\u0161 varnostni pristop je proaktiven: kadarkoli in kjerkoli vidimo mo\u017enost za izbolj\u0161anje varnosti ali odpravo potencialno nevarnega ravnanja, delujemo proaktivno in si prizadevamo ustvariti \u010dim varnej\u0161e okolje za na\u0161e zaposlene in na\u0161e stranke.<\/p>\n\n\n\n<p><strong>Odgovornost<\/strong><\/p>\n\n\n\n<p>Prevzemamo odgovornost za vse dejavnosti, ki so sestavni del na\u0161ega dela. Na\u0161 cilj ni samo, da se delo opravi, ampak da se delo opravi ustrezno ter se tako zagotovili najbolj\u0161a mo\u017ena uporabni\u0161ka izku\u0161nja.<\/p>\n\n\n\n<p><strong>Integriteta<\/strong><\/p>\n\n\n\n<p><strong><\/strong>Na\u0161i sodelavci in stranke lahko zanesejo in ra\u010dunajo na nas. Vse na\u0161e odlo\u010ditve sprejemamo po\u0161teno in odkrito.<\/p>\n\n\n\n<p><strong>Anga\u017eiranost<\/strong><\/p>\n\n\n\n<p><strong><\/strong>Smo strokovnjaki za delo, ki ga opravljamo, in delamo zelo energi\u010dno in navdu\u0161eno. Vlagamo svoj \u010das in energijo v izpolnjevanje pri\u010dakovanj na\u0161ih strank, in \u010de je mogo\u010de, jih prese\u017eemo.<\/p>\n\n\n\n<p><strong>Skupinsko sodelovanje<\/strong><\/p>\n\n\n\n<p>Riwal pomeni timsko delo, ne samo interno, temve\u010d tudi pri oblikovanju partnerstva z na\u0161imi strankami. Skupaj i\u0161\u010demo najbolj\u0161e re\u0161itve, mo\u017enosti in perspektive.<\/p>\n\n\n\n<p><strong>Trajnost<\/strong><\/p>\n\n\n\n<p>Ohranjanje visokih standardov glede trajnosti je za Riwal izjemno pomembno. Po najbolj\u0161ih mo\u010deh se trudimo zmanj\u0161ati porabo energije in odpadke, ki jih recikliramo. Poleg tega sprejemamo zavestne izbire za izdelke in procese, ki so dobri za na\u0161 planet, kot so pretvorba strojev iz dizelskega v baterijski pogon in vse bolj \u0161tevil\u010dna izbira baterijskih in hibridnih strojev v na\u0161i floti.<\/p>\n<\/div>\n\n\n\n<div class=\"wp-block-column is-layout-flow wp-block-column-is-layout-flow\"><\/div>\n<\/div>\n<\/div>\n\t\t\t\t\t\t\t<\/div> ","protected":false},"excerpt":{"rendered":"<p>Strategija podjetja Doseganje poslovnega uspeha ni nikoli preprosto, vendar kljub temu nas vodi zelo jasna vizija: Zagotavljanje najbolj\u0161e uporabni\u0161ke izku\u0161nje v panogi Na\u0161e poslanstvo je skupaj z na\u0161im osebjem dose\u010di najvi\u0161jo raven varnosti, produktivnosti in storitev. Prepri\u010dani smo, da \u010de nam to uspe narediti, bomo tudi sami dolgoro\u010dno uspe\u0161ni, kar pomeni, da se bomo \u0161e &hellip; <a href=\"https:\/\/riwal-wpn.acceptatie.indicia-interactiv.nl\/sl\/o-riwalu\/strategija\/\">Se nadaljuje<\/a><\/p>\n","protected":false},"author":45,"featured_media":0,"parent":3792,"menu_order":0,"comment_status":"closed","ping_status":"closed","template":"","meta":{"_acf_changed":false,"editor_notices":[],"footnotes":""},"class_list":["post-3820","page","type-page","status-publish","hentry"],"acf":[],"yoast_head":"<!-- This site is optimized with the Yoast SEO Premium plugin v27.1 (Yoast SEO v27.1.1) - https:\/\/yoast.com\/product\/yoast-seo-premium-wordpress\/ -->\n<title>Strategija podjetja - Riwal Slovenija<\/title>\n<meta name=\"description\" content=\"Na\u0161e poslanstvo je skupaj z na\u0161im osebjem dose\u010di najvi\u0161jo raven varnosti, produktivnosti in storitev.\" \/>\n<meta name=\"robots\" content=\"noindex, follow, max-snippet:-1, max-image-preview:large, max-video-preview:-1\" \/>\n<meta property=\"og:locale\" content=\"sl_SI\" \/>\n<meta property=\"og:type\" content=\"article\" \/>\n<meta property=\"og:title\" content=\"Strategija\" \/>\n<meta property=\"og:description\" content=\"Na\u0161e poslanstvo je skupaj z na\u0161im osebjem dose\u010di najvi\u0161jo raven varnosti, produktivnosti in storitev.\" \/>\n<meta property=\"og:url\" content=\"https:\/\/riwal-wpn.acceptatie.indicia-interactiv.nl\/sl\/o-riwalu\/strategija\/\" \/>\n<meta property=\"og:site_name\" content=\"Riwal Slovenija\" \/>\n<meta property=\"article:modified_time\" content=\"2024-01-21T13:20:40+00:00\" \/>\n<meta name=\"twitter:card\" content=\"summary_large_image\" \/>\n<meta name=\"twitter:label1\" content=\"Est. reading time\" \/>\n\t<meta name=\"twitter:data1\" content=\"4 minute\" \/>\n<script type=\"application\/ld+json\" class=\"yoast-schema-graph\">{\"@context\":\"https:\/\/schema.org\",\"@graph\":[{\"@type\":\"WebPage\",\"@id\":\"https:\/\/riwal-wpn.acceptatie.indicia-interactiv.nl\/sl\/o-riwalu\/strategija\/\",\"url\":\"https:\/\/riwal-wpn.acceptatie.indicia-interactiv.nl\/sl\/o-riwalu\/strategija\/\",\"name\":\"Strategija podjetja - Riwal Slovenija\",\"isPartOf\":{\"@id\":\"https:\/\/riwal-wpn.acceptatie.indicia-interactiv.nl\/sl\/#website\"},\"datePublished\":\"2023-09-12T20:56:26+00:00\",\"dateModified\":\"2024-01-21T13:20:40+00:00\",\"description\":\"Na\u0161e poslanstvo je skupaj z na\u0161im osebjem dose\u010di najvi\u0161jo raven varnosti, produktivnosti in storitev.\",\"breadcrumb\":{\"@id\":\"https:\/\/riwal-wpn.acceptatie.indicia-interactiv.nl\/sl\/o-riwalu\/strategija\/#breadcrumb\"},\"inLanguage\":\"sl-SI\",\"potentialAction\":[{\"@type\":\"ReadAction\",\"target\":[\"https:\/\/riwal-wpn.acceptatie.indicia-interactiv.nl\/sl\/o-riwalu\/strategija\/\"]}]},{\"@type\":\"BreadcrumbList\",\"@id\":\"https:\/\/riwal-wpn.acceptatie.indicia-interactiv.nl\/sl\/o-riwalu\/strategija\/#breadcrumb\",\"itemListElement\":[{\"@type\":\"ListItem\",\"position\":1,\"name\":\"Domov\",\"item\":\"https:\/\/riwal-wpn.acceptatie.indicia-interactiv.nl\/sl\/\"},{\"@type\":\"ListItem\",\"position\":2,\"name\":\"O riwalu\",\"item\":\"https:\/\/riwal-wpn.acceptatie.indicia-interactiv.nl\/sl\/o-riwalu\/\"},{\"@type\":\"ListItem\",\"position\":3,\"name\":\"Strategija\"}]},{\"@type\":\"WebSite\",\"@id\":\"https:\/\/riwal-wpn.acceptatie.indicia-interactiv.nl\/sl\/#website\",\"url\":\"https:\/\/riwal-wpn.acceptatie.indicia-interactiv.nl\/sl\/\",\"name\":\"Riwal\",\"description\":\"Arial work platform &amp; Telehandler Rental\/Sales\",\"publisher\":{\"@id\":\"https:\/\/riwal-wpn.acceptatie.indicia-interactiv.nl\/sl\/#organization\"},\"potentialAction\":[{\"@type\":\"SearchAction\",\"target\":{\"@type\":\"EntryPoint\",\"urlTemplate\":\"https:\/\/riwal-wpn.acceptatie.indicia-interactiv.nl\/sl\/?s={search_term_string}\"},\"query-input\":{\"@type\":\"PropertyValueSpecification\",\"valueRequired\":true,\"valueName\":\"search_term_string\"}}],\"inLanguage\":\"sl-SI\"},{\"@type\":\"Organization\",\"@id\":\"https:\/\/riwal-wpn.acceptatie.indicia-interactiv.nl\/sl\/#organization\",\"name\":\"Riwal\",\"url\":\"https:\/\/riwal-wpn.acceptatie.indicia-interactiv.nl\/sl\/\",\"logo\":{\"@type\":\"ImageObject\",\"inLanguage\":\"sl-SI\",\"@id\":\"https:\/\/riwal-wpn.acceptatie.indicia-interactiv.nl\/sl\/#\/schema\/logo\/image\/\",\"url\":\"\",\"contentUrl\":\"\",\"caption\":\"Riwal\"},\"image\":{\"@id\":\"https:\/\/riwal-wpn.acceptatie.indicia-interactiv.nl\/sl\/#\/schema\/logo\/image\/\"}}]}<\/script>\n<!-- \/ Yoast SEO Premium plugin. -->","yoast_head_json":{"title":"Strategija podjetja - Riwal Slovenija","description":"Na\u0161e poslanstvo je skupaj z na\u0161im osebjem dose\u010di najvi\u0161jo raven varnosti, produktivnosti in storitev.","robots":{"index":"noindex","follow":"follow","max-snippet":"max-snippet:-1","max-image-preview":"max-image-preview:large","max-video-preview":"max-video-preview:-1"},"og_locale":"sl_SI","og_type":"article","og_title":"Strategija","og_description":"Na\u0161e poslanstvo je skupaj z na\u0161im osebjem dose\u010di najvi\u0161jo raven varnosti, produktivnosti in storitev.","og_url":"https:\/\/riwal-wpn.acceptatie.indicia-interactiv.nl\/sl\/o-riwalu\/strategija\/","og_site_name":"Riwal Slovenija","article_modified_time":"2024-01-21T13:20:40+00:00","twitter_card":"summary_large_image","twitter_misc":{"Est. reading time":"4 minute"},"schema":{"@context":"https:\/\/schema.org","@graph":[{"@type":"WebPage","@id":"https:\/\/riwal-wpn.acceptatie.indicia-interactiv.nl\/sl\/o-riwalu\/strategija\/","url":"https:\/\/riwal-wpn.acceptatie.indicia-interactiv.nl\/sl\/o-riwalu\/strategija\/","name":"Strategija podjetja - Riwal Slovenija","isPartOf":{"@id":"https:\/\/riwal-wpn.acceptatie.indicia-interactiv.nl\/sl\/#website"},"datePublished":"2023-09-12T20:56:26+00:00","dateModified":"2024-01-21T13:20:40+00:00","description":"Na\u0161e poslanstvo je skupaj z na\u0161im osebjem dose\u010di najvi\u0161jo raven varnosti, produktivnosti in storitev.","breadcrumb":{"@id":"https:\/\/riwal-wpn.acceptatie.indicia-interactiv.nl\/sl\/o-riwalu\/strategija\/#breadcrumb"},"inLanguage":"sl-SI","potentialAction":[{"@type":"ReadAction","target":["https:\/\/riwal-wpn.acceptatie.indicia-interactiv.nl\/sl\/o-riwalu\/strategija\/"]}]},{"@type":"BreadcrumbList","@id":"https:\/\/riwal-wpn.acceptatie.indicia-interactiv.nl\/sl\/o-riwalu\/strategija\/#breadcrumb","itemListElement":[{"@type":"ListItem","position":1,"name":"Domov","item":"https:\/\/riwal-wpn.acceptatie.indicia-interactiv.nl\/sl\/"},{"@type":"ListItem","position":2,"name":"O riwalu","item":"https:\/\/riwal-wpn.acceptatie.indicia-interactiv.nl\/sl\/o-riwalu\/"},{"@type":"ListItem","position":3,"name":"Strategija"}]},{"@type":"WebSite","@id":"https:\/\/riwal-wpn.acceptatie.indicia-interactiv.nl\/sl\/#website","url":"https:\/\/riwal-wpn.acceptatie.indicia-interactiv.nl\/sl\/","name":"Riwal","description":"Arial work platform &amp; Telehandler Rental\/Sales","publisher":{"@id":"https:\/\/riwal-wpn.acceptatie.indicia-interactiv.nl\/sl\/#organization"},"potentialAction":[{"@type":"SearchAction","target":{"@type":"EntryPoint","urlTemplate":"https:\/\/riwal-wpn.acceptatie.indicia-interactiv.nl\/sl\/?s={search_term_string}"},"query-input":{"@type":"PropertyValueSpecification","valueRequired":true,"valueName":"search_term_string"}}],"inLanguage":"sl-SI"},{"@type":"Organization","@id":"https:\/\/riwal-wpn.acceptatie.indicia-interactiv.nl\/sl\/#organization","name":"Riwal","url":"https:\/\/riwal-wpn.acceptatie.indicia-interactiv.nl\/sl\/","logo":{"@type":"ImageObject","inLanguage":"sl-SI","@id":"https:\/\/riwal-wpn.acceptatie.indicia-interactiv.nl\/sl\/#\/schema\/logo\/image\/","url":"","contentUrl":"","caption":"Riwal"},"image":{"@id":"https:\/\/riwal-wpn.acceptatie.indicia-interactiv.nl\/sl\/#\/schema\/logo\/image\/"}}]}},"_links":{"self":[{"href":"https:\/\/riwal-wpn.acceptatie.indicia-interactiv.nl\/sl\/wp-json\/wp\/v2\/pages\/3820","targetHints":{"allow":["GET"]}}],"collection":[{"href":"https:\/\/riwal-wpn.acceptatie.indicia-interactiv.nl\/sl\/wp-json\/wp\/v2\/pages"}],"about":[{"href":"https:\/\/riwal-wpn.acceptatie.indicia-interactiv.nl\/sl\/wp-json\/wp\/v2\/types\/page"}],"author":[{"embeddable":true,"href":"https:\/\/riwal-wpn.acceptatie.indicia-interactiv.nl\/sl\/wp-json\/wp\/v2\/users\/45"}],"replies":[{"embeddable":true,"href":"https:\/\/riwal-wpn.acceptatie.indicia-interactiv.nl\/sl\/wp-json\/wp\/v2\/comments?post=3820"}],"version-history":[{"count":4,"href":"https:\/\/riwal-wpn.acceptatie.indicia-interactiv.nl\/sl\/wp-json\/wp\/v2\/pages\/3820\/revisions"}],"predecessor-version":[{"id":4642,"href":"https:\/\/riwal-wpn.acceptatie.indicia-interactiv.nl\/sl\/wp-json\/wp\/v2\/pages\/3820\/revisions\/4642"}],"up":[{"embeddable":true,"href":"https:\/\/riwal-wpn.acceptatie.indicia-interactiv.nl\/sl\/wp-json\/wp\/v2\/pages\/3792"}],"wp:attachment":[{"href":"https:\/\/riwal-wpn.acceptatie.indicia-interactiv.nl\/sl\/wp-json\/wp\/v2\/media?parent=3820"}],"curies":[{"name":"wp","href":"https:\/\/api.w.org\/{rel}","templated":true}]}}