{"id":3825,"date":"2023-09-12T21:03:39","date_gmt":"2023-09-12T21:03:39","guid":{"rendered":"https:\/\/riwal-wpn.acceptatie.indicia-interactiv.nl\/sl\/?page_id=3825"},"modified":"2024-01-21T13:20:40","modified_gmt":"2024-01-21T13:20:40","slug":"the-riwal-way","status":"publish","type":"page","link":"https:\/\/riwal-wpn.acceptatie.indicia-interactiv.nl\/sl\/o-riwalu\/the-riwal-way\/","title":{"rendered":"Na\u010din poslovanja"},"content":{"rendered":"\n<div class=\"wp-block-rental-theme-header\">\n\t<div class=\"wp-block-rental-theme-header__lines\">\n\t\t<svg width=\"726\" height=\"442\" viewBox=\"0 0 726 442\" fill=\"none\" xmlns=\"http:\/\/www.w3.org\/2000\/svg\"><g opacity=\".5\"><mask id=\"path-1-inside-1_1_2\" fill=\"#fff\"><path fill-rule=\"evenodd\" clip-rule=\"evenodd\" d=\"M441.458.5H284.542L0 285.042v156.917l156.917-.001L363 235.876l206.083 206.082 156.917.001V285.042L441.458.5Z\"\/><\/mask><path d=\"M284.542.5v-1h-.415l-.292.293.707.707Zm156.916 0 .708-.707-.293-.293h-.415v1ZM0 285.042l-.707-.708-.293.293v.415h1Zm0 156.917h-1v1h1v-1Zm156.917-.001v1h.414l.293-.292-.707-.708ZM363 235.876l.707-.708-.707-.707-.707.707.707.708Zm206.083 206.082-.707.708.293.292h.414v-1Zm156.917.001v1h1v-1h-1Zm0-156.917h1v-.415l-.293-.293-.707.708ZM284.542 1.5h156.916v-2H284.542v2ZM.707 285.749 285.25 1.207l-1.414-1.414L-.707 284.334l1.414 1.415ZM1 441.959V285.042h-2v156.917h2Zm155.917-1.001L0 440.959v2l156.917-.001v-2Zm205.376-205.79L156.21 441.251l1.414 1.415 206.083-206.083-1.414-1.415Zm0 1.415 206.083 206.083 1.414-1.415-206.083-206.083-1.414 1.415Zm206.79 206.375 156.917.001v-2l-156.917-.001v2ZM727 441.959V285.042h-2v156.917h2Zm-.293-157.625L442.166-.206l-1.415 1.413L725.293 285.75l1.414-1.415Z\" fill=\"#5B728B\" mask=\"url(#path-1-inside-1_1_2)\"\/><\/g><\/svg>\t\t<svg width=\"726\" height=\"442\" viewBox=\"0 0 726 442\" fill=\"none\" xmlns=\"http:\/\/www.w3.org\/2000\/svg\"><g opacity=\".5\"><mask id=\"path-1-inside-1_1_2\" fill=\"#fff\"><path fill-rule=\"evenodd\" clip-rule=\"evenodd\" d=\"M441.458.5H284.542L0 285.042v156.917l156.917-.001L363 235.876l206.083 206.082 156.917.001V285.042L441.458.5Z\"\/><\/mask><path d=\"M284.542.5v-1h-.415l-.292.293.707.707Zm156.916 0 .708-.707-.293-.293h-.415v1ZM0 285.042l-.707-.708-.293.293v.415h1Zm0 156.917h-1v1h1v-1Zm156.917-.001v1h.414l.293-.292-.707-.708ZM363 235.876l.707-.708-.707-.707-.707.707.707.708Zm206.083 206.082-.707.708.293.292h.414v-1Zm156.917.001v1h1v-1h-1Zm0-156.917h1v-.415l-.293-.293-.707.708ZM284.542 1.5h156.916v-2H284.542v2ZM.707 285.749 285.25 1.207l-1.414-1.414L-.707 284.334l1.414 1.415ZM1 441.959V285.042h-2v156.917h2Zm155.917-1.001L0 440.959v2l156.917-.001v-2Zm205.376-205.79L156.21 441.251l1.414 1.415 206.083-206.083-1.414-1.415Zm0 1.415 206.083 206.083 1.414-1.415-206.083-206.083-1.414 1.415Zm206.79 206.375 156.917.001v-2l-156.917-.001v2ZM727 441.959V285.042h-2v156.917h2Zm-.293-157.625L442.166-.206l-1.415 1.413L725.293 285.75l1.414-1.415Z\" fill=\"#5B728B\" mask=\"url(#path-1-inside-1_1_2)\"\/><\/g><\/svg>\t<\/div>\n\t<img fetchpriority=\"high\" decoding=\"async\" width=\"1440\" height=\"480\" src=\"https:\/\/riwal-wpn.acceptatie.indicia-interactiv.nl\/app\/uploads\/sites\/10\/2023\/09\/TheRiwalway-1440x480.webp\" class=\"wp-block-rental-theme-header__image wp-block-rental-theme-header__image--desktop\" alt=\"\" loading=\"eager\" srcset=\"https:\/\/riwal-wpn.acceptatie.indicia-interactiv.nl\/app\/uploads\/sites\/10\/2023\/09\/TheRiwalway-1440x480.webp 1440w, https:\/\/riwal-wpn.acceptatie.indicia-interactiv.nl\/app\/uploads\/sites\/10\/2023\/09\/TheRiwalway-830x277.webp 830w, https:\/\/riwal-wpn.acceptatie.indicia-interactiv.nl\/app\/uploads\/sites\/10\/2023\/09\/TheRiwalway-300x100.webp 300w, https:\/\/riwal-wpn.acceptatie.indicia-interactiv.nl\/app\/uploads\/sites\/10\/2023\/09\/TheRiwalway-768x256.webp 768w, https:\/\/riwal-wpn.acceptatie.indicia-interactiv.nl\/app\/uploads\/sites\/10\/2023\/09\/TheRiwalway-1024x341.webp 1024w, https:\/\/riwal-wpn.acceptatie.indicia-interactiv.nl\/app\/uploads\/sites\/10\/2023\/09\/TheRiwalway-1536x512.webp 1536w, https:\/\/riwal-wpn.acceptatie.indicia-interactiv.nl\/app\/uploads\/sites\/10\/2023\/09\/TheRiwalway-178x59.webp 178w, https:\/\/riwal-wpn.acceptatie.indicia-interactiv.nl\/app\/uploads\/sites\/10\/2023\/09\/TheRiwalway-390x130.webp 390w, https:\/\/riwal-wpn.acceptatie.indicia-interactiv.nl\/app\/uploads\/sites\/10\/2023\/09\/TheRiwalway-250x83.webp 250w, https:\/\/riwal-wpn.acceptatie.indicia-interactiv.nl\/app\/uploads\/sites\/10\/2023\/09\/TheRiwalway.webp 1920w\" sizes=\"(max-width: 1440px) 100vw, 1440px\" \/>\t\t<div class=\"container\">\n\t\t<h1 class='wp-block-rental-theme-header__title' style='position: absolute; min-height: 120px'>Na\u010din poslovanja<\/h1>\t<\/div>\n<\/div>\n\n\n<div class=\"rental-wp-default-block rental-theme-block-default-margin\">\n\t\t\t\t\t\t\t\t<div class=\"container\">\n<div class=\"wp-block-columns is-layout-flex wp-container-core-columns-is-layout-28f84493 wp-block-columns-is-layout-flex\">\n<div class=\"wp-block-column is-layout-flow wp-block-column-is-layout-flow\" style=\"flex-basis:66.66%\">\n<h2 class=\"wp-block-heading\" id=\"h-nacin-poslovanja-the-riwal-way\">Na\u010din poslovanja \u00bbTHE RIWAL WAY\u00ab<\/h2>\n\n\n\n<p><strong>Na\u0161a vizija je, zagotavljanje najbolj\u0161e uporabni\u0161ke izku\u0161nje v industriji. Vemo pa, da je potrebno ve\u010d kot samo dober namen za izpolnitev te obljube. Zato smo izvajali The RIWAL Way. Ideja The RIWAL Way je vzpostavitev standardiziranih in ponovljivih sistemov za vsak vidik na\u0161ega poslovanja, da bi zagotovili enako kakovost izdelkov in storitev z vsako posamezno stranko, vsaki\u010d, ko poslujemo, kjerkoli po svetu.<\/strong><\/p>\n\n\n\n<p>Na\u010din poslovanja podjetja Riwal (Riwal Way)\u00a0je poslovni pristop, ki smo ga sprejeli, da bi svojim strankam zagotovili enako raven kakovosti v vsakem projektu kjerkoli na svetu. Odkrili smo klju\u010dne gonilnike za doseganje najbolj\u0161e uporabni\u0161ke izku\u0161nje, zasnovali in dovr\u0161ili smo na\u0161e procese in postopke, da bi lahko prav vselej u\u010dinkovito in uspe\u0161no zagotovili svojim strankam najbolj\u0161e mo\u017ene izku\u0161nje. Svojo uspe\u0161nost si prizadevamo tudi spremljati in analizirati, tako da lahko nenehno izbolj\u0161ujemo na\u0161e izdelke in storitve. Poleg tega smo svoje zaposlene in partnerje usposobili za to, da bi tudi sami prevzeli\u00a0Na\u010din poslovanja podjetja Riwal\u00a0za svoj na\u010din poslovanja. Toda to ne pomeni, da\u00a0Na\u010din poslovanja podjetja Riwal\u00a0trdno dolo\u010den in nespremenljiv. Ravno nasprotno,\u00a0nenehno izbolj\u0161evanje\u00a0je bistvo\u00a0Na\u010dina poslovanja podjetja Riwal.\u00a0Izbolj\u0161evanje je edini na\u010din, da bomo \u0161e naprej lahko zagotavljali najbolj\u0161e uporabni\u0161ke izku\u0161nje v svoji panogi.<\/p>\n\n\n\n<p><strong>Prednosti<\/strong><\/p>\n\n\n\n<p><strong><\/strong>Prednosti &#8211; da ideja najbolj\u0161e uporabni\u0161ke izku\u0161nje &#8211; se ka\u017ee v pove\u010dani produktivnosti na\u0161ih strank in njihovo sposobnost za strel rokov in zni\u017eanje stro\u0161kov. So raz\u0161irili tudi na zaupanje, da imajo na\u0161e stranke, da se lahko zanesejo na na\u0161o opremo in pokli\u010dite nas za podporo. V zadnji pisarni, na\u0161i kupci vedo, da lahko sklenejo svoje posle s popolno jasnost in brez glavobolov.<\/p>\n\n\n\n<p>To je tisto, kar Riwal Way je vse okoli. Ampak, kako deluje? Kaj smo naredili je bilo skrbno analizirati vse na\u0161e &#8220;klju\u010dnih procesov&#8221; skozi tisto, kar imenujemo najema cikel in jih standardizirati, ki temelji na najbolj\u0161ih praksah. Potem smo izdelali u\u010dni na\u010drt za pou\u010devanje RIWAL na\u010din za vsakogar v podjetju in izvedli intenzivno vadbo na vseh na\u0161ih lokacijah, da bi vgradili na\u010dela RIWAL poti v na\u0161e poslovanje. In rezultat je \u0161e bolj\u0161e uporabni\u0161ke izku\u0161nje, pri hitrej\u0161i odzivni \u010das, zmanj\u0161anje \u0161tevila okvar na absolutni minimum, izbolj\u0161anje u\u010dinkovitosti in ve\u010dje produktivnosti za na\u0161e stranke.<\/p>\n\n\n\n<p><br><strong>Vedno bolj\u0161i<\/strong><\/p>\n\n\n\n<p>Vendar nismo \u0161e zadovoljni \u00a0in seveda nikoli ne bomo. Nenehno izbolj\u0161evanje je bistvenega pomena za RIWAL Way, deloma zato, ker vemo, da ne glede na to, kako dobro delamo, se lahko vedno zagotoviti bolj za na\u0161e stranke, in deloma zato, ker vemo, da konkurenca ne miruje. Torej bomo \u0161e naprej tesno sodelovali z na\u0161imi strankami, da ugotovite, kaj lahko storimo bolje in kaj drugega, ki jih potrebujejo. Za zagotavljanje najbolj\u0161e uporabni\u0161ke izku\u0161nje v industriji danes, in \u0161e bolj\u0161e jutri.<\/p>\n<\/div>\n\n\n\n<div class=\"wp-block-column is-layout-flow wp-block-column-is-layout-flow\" style=\"flex-basis:33.33%\">\n<figure class=\"wp-block-image size-full\"><img loading=\"lazy\" decoding=\"async\" width=\"147\" height=\"190\" src=\"https:\/\/riwal-wpn.acceptatie.indicia-interactiv.nl\/app\/uploads\/sites\/10\/2023\/09\/LogoTheRiwalWayRGBeps.webp\" alt=\"\" class=\"wp-image-3828\" \/><\/figure>\n<\/div>\n<\/div>\n<\/div>\n\t\t\t\t\t\t\t<\/div> \n\n<div class=\"container\">\n<p><\/p>\n<\/div>","protected":false},"excerpt":{"rendered":"<p>Na\u010din poslovanja \u00bbTHE RIWAL WAY\u00ab Na\u0161a vizija je, zagotavljanje najbolj\u0161e uporabni\u0161ke izku\u0161nje v industriji. Vemo pa, da je potrebno ve\u010d kot samo dober namen za izpolnitev te obljube. Zato smo izvajali The RIWAL Way. Ideja The RIWAL Way je vzpostavitev standardiziranih in ponovljivih sistemov za vsak vidik na\u0161ega poslovanja, da bi zagotovili enako kakovost izdelkov &hellip; <a href=\"https:\/\/riwal-wpn.acceptatie.indicia-interactiv.nl\/sl\/o-riwalu\/the-riwal-way\/\">Se nadaljuje<\/a><\/p>\n","protected":false},"author":45,"featured_media":0,"parent":3792,"menu_order":0,"comment_status":"closed","ping_status":"closed","template":"","meta":{"_acf_changed":false,"editor_notices":[],"footnotes":""},"class_list":["post-3825","page","type-page","status-publish","hentry"],"acf":[],"yoast_head":"<!-- This site is optimized with the Yoast SEO Premium plugin v27.1 (Yoast SEO v27.1.1) - https:\/\/yoast.com\/product\/yoast-seo-premium-wordpress\/ -->\n<title>Na\u010din poslovanja- Riwal Slovenija<\/title>\n<meta name=\"description\" content=\"Na\u0161a vizija je, zagotavljanje najbolj\u0161e uporabni\u0161ke izku\u0161nje v industriji. Vemo pa, da je potrebno ve\u010d kot samo dober namen za izpolnitev te obljube. Zato smo izvajali The RIWAL Way.\" \/>\n<meta name=\"robots\" content=\"noindex, follow, max-snippet:-1, max-image-preview:large, max-video-preview:-1\" \/>\n<meta property=\"og:locale\" content=\"sl_SI\" \/>\n<meta property=\"og:type\" content=\"article\" \/>\n<meta property=\"og:title\" content=\"Na\u010din poslovanja\" \/>\n<meta property=\"og:description\" content=\"Na\u0161a vizija je, zagotavljanje najbolj\u0161e uporabni\u0161ke izku\u0161nje v industriji. Vemo pa, da je potrebno ve\u010d kot samo dober namen za izpolnitev te obljube. Zato smo izvajali The RIWAL Way.\" \/>\n<meta property=\"og:url\" content=\"https:\/\/riwal-wpn.acceptatie.indicia-interactiv.nl\/sl\/o-riwalu\/the-riwal-way\/\" \/>\n<meta property=\"og:site_name\" content=\"Riwal Slovenija\" \/>\n<meta property=\"article:modified_time\" content=\"2024-01-21T13:20:40+00:00\" \/>\n<meta property=\"og:image\" content=\"https:\/\/riwal-wpn.acceptatie.indicia-interactiv.nl\/app\/uploads\/sites\/10\/2023\/09\/LogoTheRiwalWayRGBeps.webp\" \/>\n<meta name=\"twitter:card\" content=\"summary_large_image\" \/>\n<meta name=\"twitter:label1\" content=\"Est. reading time\" \/>\n\t<meta name=\"twitter:data1\" content=\"3 minute\" \/>\n<script type=\"application\/ld+json\" class=\"yoast-schema-graph\">{\"@context\":\"https:\/\/schema.org\",\"@graph\":[{\"@type\":\"WebPage\",\"@id\":\"https:\/\/riwal-wpn.acceptatie.indicia-interactiv.nl\/sl\/o-riwalu\/the-riwal-way\/\",\"url\":\"https:\/\/riwal-wpn.acceptatie.indicia-interactiv.nl\/sl\/o-riwalu\/the-riwal-way\/\",\"name\":\"Na\u010din poslovanja- Riwal Slovenija\",\"isPartOf\":{\"@id\":\"https:\/\/riwal-wpn.acceptatie.indicia-interactiv.nl\/sl\/#website\"},\"primaryImageOfPage\":{\"@id\":\"https:\/\/riwal-wpn.acceptatie.indicia-interactiv.nl\/sl\/o-riwalu\/the-riwal-way\/#primaryimage\"},\"image\":{\"@id\":\"https:\/\/riwal-wpn.acceptatie.indicia-interactiv.nl\/sl\/o-riwalu\/the-riwal-way\/#primaryimage\"},\"thumbnailUrl\":\"https:\/\/riwal-wpn.acceptatie.indicia-interactiv.nl\/app\/uploads\/sites\/10\/2023\/09\/LogoTheRiwalWayRGBeps.webp\",\"datePublished\":\"2023-09-12T21:03:39+00:00\",\"dateModified\":\"2024-01-21T13:20:40+00:00\",\"description\":\"Na\u0161a vizija je, zagotavljanje najbolj\u0161e uporabni\u0161ke izku\u0161nje v industriji. Vemo pa, da je potrebno ve\u010d kot samo dober namen za izpolnitev te obljube. Zato smo izvajali The RIWAL Way.\",\"breadcrumb\":{\"@id\":\"https:\/\/riwal-wpn.acceptatie.indicia-interactiv.nl\/sl\/o-riwalu\/the-riwal-way\/#breadcrumb\"},\"inLanguage\":\"sl-SI\",\"potentialAction\":[{\"@type\":\"ReadAction\",\"target\":[\"https:\/\/riwal-wpn.acceptatie.indicia-interactiv.nl\/sl\/o-riwalu\/the-riwal-way\/\"]}]},{\"@type\":\"ImageObject\",\"inLanguage\":\"sl-SI\",\"@id\":\"https:\/\/riwal-wpn.acceptatie.indicia-interactiv.nl\/sl\/o-riwalu\/the-riwal-way\/#primaryimage\",\"url\":\"https:\/\/riwal-wpn.acceptatie.indicia-interactiv.nl\/app\/uploads\/sites\/10\/2023\/09\/LogoTheRiwalWayRGBeps.webp\",\"contentUrl\":\"https:\/\/riwal-wpn.acceptatie.indicia-interactiv.nl\/app\/uploads\/sites\/10\/2023\/09\/LogoTheRiwalWayRGBeps.webp\"},{\"@type\":\"BreadcrumbList\",\"@id\":\"https:\/\/riwal-wpn.acceptatie.indicia-interactiv.nl\/sl\/o-riwalu\/the-riwal-way\/#breadcrumb\",\"itemListElement\":[{\"@type\":\"ListItem\",\"position\":1,\"name\":\"Domov\",\"item\":\"https:\/\/riwal-wpn.acceptatie.indicia-interactiv.nl\/sl\/\"},{\"@type\":\"ListItem\",\"position\":2,\"name\":\"O riwalu\",\"item\":\"https:\/\/riwal-wpn.acceptatie.indicia-interactiv.nl\/sl\/o-riwalu\/\"},{\"@type\":\"ListItem\",\"position\":3,\"name\":\"Na\u010din poslovanja\"}]},{\"@type\":\"WebSite\",\"@id\":\"https:\/\/riwal-wpn.acceptatie.indicia-interactiv.nl\/sl\/#website\",\"url\":\"https:\/\/riwal-wpn.acceptatie.indicia-interactiv.nl\/sl\/\",\"name\":\"Riwal\",\"description\":\"Arial work platform &amp; Telehandler Rental\/Sales\",\"publisher\":{\"@id\":\"https:\/\/riwal-wpn.acceptatie.indicia-interactiv.nl\/sl\/#organization\"},\"potentialAction\":[{\"@type\":\"SearchAction\",\"target\":{\"@type\":\"EntryPoint\",\"urlTemplate\":\"https:\/\/riwal-wpn.acceptatie.indicia-interactiv.nl\/sl\/?s={search_term_string}\"},\"query-input\":{\"@type\":\"PropertyValueSpecification\",\"valueRequired\":true,\"valueName\":\"search_term_string\"}}],\"inLanguage\":\"sl-SI\"},{\"@type\":\"Organization\",\"@id\":\"https:\/\/riwal-wpn.acceptatie.indicia-interactiv.nl\/sl\/#organization\",\"name\":\"Riwal\",\"url\":\"https:\/\/riwal-wpn.acceptatie.indicia-interactiv.nl\/sl\/\",\"logo\":{\"@type\":\"ImageObject\",\"inLanguage\":\"sl-SI\",\"@id\":\"https:\/\/riwal-wpn.acceptatie.indicia-interactiv.nl\/sl\/#\/schema\/logo\/image\/\",\"url\":\"\",\"contentUrl\":\"\",\"caption\":\"Riwal\"},\"image\":{\"@id\":\"https:\/\/riwal-wpn.acceptatie.indicia-interactiv.nl\/sl\/#\/schema\/logo\/image\/\"}}]}<\/script>\n<!-- \/ Yoast SEO Premium plugin. -->","yoast_head_json":{"title":"Na\u010din poslovanja- Riwal Slovenija","description":"Na\u0161a vizija je, zagotavljanje najbolj\u0161e uporabni\u0161ke izku\u0161nje v industriji. Vemo pa, da je potrebno ve\u010d kot samo dober namen za izpolnitev te obljube. Zato smo izvajali The RIWAL Way.","robots":{"index":"noindex","follow":"follow","max-snippet":"max-snippet:-1","max-image-preview":"max-image-preview:large","max-video-preview":"max-video-preview:-1"},"og_locale":"sl_SI","og_type":"article","og_title":"Na\u010din poslovanja","og_description":"Na\u0161a vizija je, zagotavljanje najbolj\u0161e uporabni\u0161ke izku\u0161nje v industriji. Vemo pa, da je potrebno ve\u010d kot samo dober namen za izpolnitev te obljube. Zato smo izvajali The RIWAL Way.","og_url":"https:\/\/riwal-wpn.acceptatie.indicia-interactiv.nl\/sl\/o-riwalu\/the-riwal-way\/","og_site_name":"Riwal Slovenija","article_modified_time":"2024-01-21T13:20:40+00:00","og_image":[{"url":"https:\/\/riwal-wpn.acceptatie.indicia-interactiv.nl\/app\/uploads\/sites\/10\/2023\/09\/LogoTheRiwalWayRGBeps.webp","type":"","width":"","height":""}],"twitter_card":"summary_large_image","twitter_misc":{"Est. reading time":"3 minute"},"schema":{"@context":"https:\/\/schema.org","@graph":[{"@type":"WebPage","@id":"https:\/\/riwal-wpn.acceptatie.indicia-interactiv.nl\/sl\/o-riwalu\/the-riwal-way\/","url":"https:\/\/riwal-wpn.acceptatie.indicia-interactiv.nl\/sl\/o-riwalu\/the-riwal-way\/","name":"Na\u010din poslovanja- Riwal Slovenija","isPartOf":{"@id":"https:\/\/riwal-wpn.acceptatie.indicia-interactiv.nl\/sl\/#website"},"primaryImageOfPage":{"@id":"https:\/\/riwal-wpn.acceptatie.indicia-interactiv.nl\/sl\/o-riwalu\/the-riwal-way\/#primaryimage"},"image":{"@id":"https:\/\/riwal-wpn.acceptatie.indicia-interactiv.nl\/sl\/o-riwalu\/the-riwal-way\/#primaryimage"},"thumbnailUrl":"https:\/\/riwal-wpn.acceptatie.indicia-interactiv.nl\/app\/uploads\/sites\/10\/2023\/09\/LogoTheRiwalWayRGBeps.webp","datePublished":"2023-09-12T21:03:39+00:00","dateModified":"2024-01-21T13:20:40+00:00","description":"Na\u0161a vizija je, zagotavljanje najbolj\u0161e uporabni\u0161ke izku\u0161nje v industriji. Vemo pa, da je potrebno ve\u010d kot samo dober namen za izpolnitev te obljube. Zato smo izvajali The RIWAL Way.","breadcrumb":{"@id":"https:\/\/riwal-wpn.acceptatie.indicia-interactiv.nl\/sl\/o-riwalu\/the-riwal-way\/#breadcrumb"},"inLanguage":"sl-SI","potentialAction":[{"@type":"ReadAction","target":["https:\/\/riwal-wpn.acceptatie.indicia-interactiv.nl\/sl\/o-riwalu\/the-riwal-way\/"]}]},{"@type":"ImageObject","inLanguage":"sl-SI","@id":"https:\/\/riwal-wpn.acceptatie.indicia-interactiv.nl\/sl\/o-riwalu\/the-riwal-way\/#primaryimage","url":"https:\/\/riwal-wpn.acceptatie.indicia-interactiv.nl\/app\/uploads\/sites\/10\/2023\/09\/LogoTheRiwalWayRGBeps.webp","contentUrl":"https:\/\/riwal-wpn.acceptatie.indicia-interactiv.nl\/app\/uploads\/sites\/10\/2023\/09\/LogoTheRiwalWayRGBeps.webp"},{"@type":"BreadcrumbList","@id":"https:\/\/riwal-wpn.acceptatie.indicia-interactiv.nl\/sl\/o-riwalu\/the-riwal-way\/#breadcrumb","itemListElement":[{"@type":"ListItem","position":1,"name":"Domov","item":"https:\/\/riwal-wpn.acceptatie.indicia-interactiv.nl\/sl\/"},{"@type":"ListItem","position":2,"name":"O riwalu","item":"https:\/\/riwal-wpn.acceptatie.indicia-interactiv.nl\/sl\/o-riwalu\/"},{"@type":"ListItem","position":3,"name":"Na\u010din poslovanja"}]},{"@type":"WebSite","@id":"https:\/\/riwal-wpn.acceptatie.indicia-interactiv.nl\/sl\/#website","url":"https:\/\/riwal-wpn.acceptatie.indicia-interactiv.nl\/sl\/","name":"Riwal","description":"Arial work platform &amp; Telehandler Rental\/Sales","publisher":{"@id":"https:\/\/riwal-wpn.acceptatie.indicia-interactiv.nl\/sl\/#organization"},"potentialAction":[{"@type":"SearchAction","target":{"@type":"EntryPoint","urlTemplate":"https:\/\/riwal-wpn.acceptatie.indicia-interactiv.nl\/sl\/?s={search_term_string}"},"query-input":{"@type":"PropertyValueSpecification","valueRequired":true,"valueName":"search_term_string"}}],"inLanguage":"sl-SI"},{"@type":"Organization","@id":"https:\/\/riwal-wpn.acceptatie.indicia-interactiv.nl\/sl\/#organization","name":"Riwal","url":"https:\/\/riwal-wpn.acceptatie.indicia-interactiv.nl\/sl\/","logo":{"@type":"ImageObject","inLanguage":"sl-SI","@id":"https:\/\/riwal-wpn.acceptatie.indicia-interactiv.nl\/sl\/#\/schema\/logo\/image\/","url":"","contentUrl":"","caption":"Riwal"},"image":{"@id":"https:\/\/riwal-wpn.acceptatie.indicia-interactiv.nl\/sl\/#\/schema\/logo\/image\/"}}]}},"_links":{"self":[{"href":"https:\/\/riwal-wpn.acceptatie.indicia-interactiv.nl\/sl\/wp-json\/wp\/v2\/pages\/3825","targetHints":{"allow":["GET"]}}],"collection":[{"href":"https:\/\/riwal-wpn.acceptatie.indicia-interactiv.nl\/sl\/wp-json\/wp\/v2\/pages"}],"about":[{"href":"https:\/\/riwal-wpn.acceptatie.indicia-interactiv.nl\/sl\/wp-json\/wp\/v2\/types\/page"}],"author":[{"embeddable":true,"href":"https:\/\/riwal-wpn.acceptatie.indicia-interactiv.nl\/sl\/wp-json\/wp\/v2\/users\/45"}],"replies":[{"embeddable":true,"href":"https:\/\/riwal-wpn.acceptatie.indicia-interactiv.nl\/sl\/wp-json\/wp\/v2\/comments?post=3825"}],"version-history":[{"count":3,"href":"https:\/\/riwal-wpn.acceptatie.indicia-interactiv.nl\/sl\/wp-json\/wp\/v2\/pages\/3825\/revisions"}],"predecessor-version":[{"id":4641,"href":"https:\/\/riwal-wpn.acceptatie.indicia-interactiv.nl\/sl\/wp-json\/wp\/v2\/pages\/3825\/revisions\/4641"}],"up":[{"embeddable":true,"href":"https:\/\/riwal-wpn.acceptatie.indicia-interactiv.nl\/sl\/wp-json\/wp\/v2\/pages\/3792"}],"wp:attachment":[{"href":"https:\/\/riwal-wpn.acceptatie.indicia-interactiv.nl\/sl\/wp-json\/wp\/v2\/media?parent=3825"}],"curies":[{"name":"wp","href":"https:\/\/api.w.org\/{rel}","templated":true}]}}