{"id":3830,"date":"2023-09-12T21:09:42","date_gmt":"2023-09-12T21:09:42","guid":{"rendered":"https:\/\/riwal-wpn.acceptatie.indicia-interactiv.nl\/sl\/?page_id=3830"},"modified":"2024-01-21T13:20:40","modified_gmt":"2024-01-21T13:20:40","slug":"vrednote","status":"publish","type":"page","link":"https:\/\/riwal-wpn.acceptatie.indicia-interactiv.nl\/sl\/o-riwalu\/vrednote\/","title":{"rendered":"Na\u0161e vrednote"},"content":{"rendered":"\n<div class=\"wp-block-rental-theme-header\">\n\t<div class=\"wp-block-rental-theme-header__lines\">\n\t\t<svg width=\"726\" height=\"442\" viewBox=\"0 0 726 442\" fill=\"none\" xmlns=\"http:\/\/www.w3.org\/2000\/svg\"><g opacity=\".5\"><mask id=\"path-1-inside-1_1_2\" fill=\"#fff\"><path fill-rule=\"evenodd\" clip-rule=\"evenodd\" d=\"M441.458.5H284.542L0 285.042v156.917l156.917-.001L363 235.876l206.083 206.082 156.917.001V285.042L441.458.5Z\"\/><\/mask><path d=\"M284.542.5v-1h-.415l-.292.293.707.707Zm156.916 0 .708-.707-.293-.293h-.415v1ZM0 285.042l-.707-.708-.293.293v.415h1Zm0 156.917h-1v1h1v-1Zm156.917-.001v1h.414l.293-.292-.707-.708ZM363 235.876l.707-.708-.707-.707-.707.707.707.708Zm206.083 206.082-.707.708.293.292h.414v-1Zm156.917.001v1h1v-1h-1Zm0-156.917h1v-.415l-.293-.293-.707.708ZM284.542 1.5h156.916v-2H284.542v2ZM.707 285.749 285.25 1.207l-1.414-1.414L-.707 284.334l1.414 1.415ZM1 441.959V285.042h-2v156.917h2Zm155.917-1.001L0 440.959v2l156.917-.001v-2Zm205.376-205.79L156.21 441.251l1.414 1.415 206.083-206.083-1.414-1.415Zm0 1.415 206.083 206.083 1.414-1.415-206.083-206.083-1.414 1.415Zm206.79 206.375 156.917.001v-2l-156.917-.001v2ZM727 441.959V285.042h-2v156.917h2Zm-.293-157.625L442.166-.206l-1.415 1.413L725.293 285.75l1.414-1.415Z\" fill=\"#5B728B\" mask=\"url(#path-1-inside-1_1_2)\"\/><\/g><\/svg>\t\t<svg width=\"726\" height=\"442\" viewBox=\"0 0 726 442\" fill=\"none\" xmlns=\"http:\/\/www.w3.org\/2000\/svg\"><g opacity=\".5\"><mask id=\"path-1-inside-1_1_2\" fill=\"#fff\"><path fill-rule=\"evenodd\" clip-rule=\"evenodd\" d=\"M441.458.5H284.542L0 285.042v156.917l156.917-.001L363 235.876l206.083 206.082 156.917.001V285.042L441.458.5Z\"\/><\/mask><path d=\"M284.542.5v-1h-.415l-.292.293.707.707Zm156.916 0 .708-.707-.293-.293h-.415v1ZM0 285.042l-.707-.708-.293.293v.415h1Zm0 156.917h-1v1h1v-1Zm156.917-.001v1h.414l.293-.292-.707-.708ZM363 235.876l.707-.708-.707-.707-.707.707.707.708Zm206.083 206.082-.707.708.293.292h.414v-1Zm156.917.001v1h1v-1h-1Zm0-156.917h1v-.415l-.293-.293-.707.708ZM284.542 1.5h156.916v-2H284.542v2ZM.707 285.749 285.25 1.207l-1.414-1.414L-.707 284.334l1.414 1.415ZM1 441.959V285.042h-2v156.917h2Zm155.917-1.001L0 440.959v2l156.917-.001v-2Zm205.376-205.79L156.21 441.251l1.414 1.415 206.083-206.083-1.414-1.415Zm0 1.415 206.083 206.083 1.414-1.415-206.083-206.083-1.414 1.415Zm206.79 206.375 156.917.001v-2l-156.917-.001v2ZM727 441.959V285.042h-2v156.917h2Zm-.293-157.625L442.166-.206l-1.415 1.413L725.293 285.75l1.414-1.415Z\" fill=\"#5B728B\" mask=\"url(#path-1-inside-1_1_2)\"\/><\/g><\/svg>\t<\/div>\n\t<img fetchpriority=\"high\" decoding=\"async\" width=\"1440\" height=\"480\" src=\"https:\/\/riwal-wpn.acceptatie.indicia-interactiv.nl\/app\/uploads\/sites\/10\/2023\/09\/Riwal-vrednote-1440x480.webp\" class=\"wp-block-rental-theme-header__image wp-block-rental-theme-header__image--desktop\" alt=\"\" loading=\"eager\" srcset=\"https:\/\/riwal-wpn.acceptatie.indicia-interactiv.nl\/app\/uploads\/sites\/10\/2023\/09\/Riwal-vrednote-1440x480.webp 1440w, https:\/\/riwal-wpn.acceptatie.indicia-interactiv.nl\/app\/uploads\/sites\/10\/2023\/09\/Riwal-vrednote-830x277.webp 830w, https:\/\/riwal-wpn.acceptatie.indicia-interactiv.nl\/app\/uploads\/sites\/10\/2023\/09\/Riwal-vrednote-300x100.webp 300w, https:\/\/riwal-wpn.acceptatie.indicia-interactiv.nl\/app\/uploads\/sites\/10\/2023\/09\/Riwal-vrednote-768x256.webp 768w, https:\/\/riwal-wpn.acceptatie.indicia-interactiv.nl\/app\/uploads\/sites\/10\/2023\/09\/Riwal-vrednote-1024x341.webp 1024w, https:\/\/riwal-wpn.acceptatie.indicia-interactiv.nl\/app\/uploads\/sites\/10\/2023\/09\/Riwal-vrednote-1536x512.webp 1536w, https:\/\/riwal-wpn.acceptatie.indicia-interactiv.nl\/app\/uploads\/sites\/10\/2023\/09\/Riwal-vrednote-178x59.webp 178w, https:\/\/riwal-wpn.acceptatie.indicia-interactiv.nl\/app\/uploads\/sites\/10\/2023\/09\/Riwal-vrednote-390x130.webp 390w, https:\/\/riwal-wpn.acceptatie.indicia-interactiv.nl\/app\/uploads\/sites\/10\/2023\/09\/Riwal-vrednote-250x83.webp 250w, https:\/\/riwal-wpn.acceptatie.indicia-interactiv.nl\/app\/uploads\/sites\/10\/2023\/09\/Riwal-vrednote.webp 1920w\" sizes=\"(max-width: 1440px) 100vw, 1440px\" \/>\t\t<div class=\"container\">\n\t\t<h1 class='wp-block-rental-theme-header__title' style='position: absolute; min-height: 120px'>Na\u0161e vrednote<\/h1>\t<\/div>\n<\/div>\n\n\n<div class=\"rental-wp-default-block rental-theme-block-default-margin\">\n\t\t\t\t\t\t\t\t<div class=\"container\">\n<div class=\"wp-block-columns is-layout-flex wp-container-core-columns-is-layout-28f84493 wp-block-columns-is-layout-flex\">\n<div class=\"wp-block-column is-layout-flow wp-block-column-is-layout-flow\" style=\"flex-basis:66.66%\">\n<h2 class=\"wp-block-heading\" id=\"h-nase-vrednote\">Na\u0161e vrednote<\/h2>\n\n\n\n<p><strong>Smo podjetje, ki verjame v temeljni sklop vrednot, ki dolo\u010dajo na\u0161 zna\u010daj in usmerjajo na\u0161e vedenje \u2013 tako kot na\u0161e stranke in dru\u017ebo na splo\u0161no. To so vrednote, ki nas opredeljujejo kot dobre korporativne dr\u017eavljane in zanesljive partnerje.<\/strong><\/p>\n\n\n\n<p><strong>Varnost<\/strong><\/p>\n\n\n\n<p>Z vsakim najemom ali prodajo nudimo na\u0161im strankam najvi\u0161jo stopnjo varnosti. Na\u0161 varnostni pristop je proaktiven: kadarkoli in kjerkoli vidimo mo\u017enost za izbolj\u0161anje varnosti ali odpravo potencialno nevarnega ravnanja, delujemo proaktivno in si prizadevamo ustvariti \u010dim varnej\u0161e okolje za na\u0161e zaposlene in na\u0161e stranke.<\/p>\n\n\n\n<p><strong>Odgovornost<\/strong><\/p>\n\n\n\n<p>Prevzemamo odgovornost za vse dejavnosti, ki so sestavni del na\u0161ega dela. Na\u0161 cilj ni samo, da se delo opravi, ampak da se delo opravi ustrezno ter se tako zagotovili najbolj\u0161a mo\u017ena uporabni\u0161ka izku\u0161nja.<\/p>\n\n\n\n<p><strong>Integriteta<\/strong><\/p>\n\n\n\n<p><strong><\/strong>Na\u0161i sodelavci in stranke lahko zanesejo in ra\u010dunajo na nas. Vse na\u0161e odlo\u010ditve sprejemamo po\u0161teno in odkrito.<\/p>\n\n\n\n<p><strong>Anga\u017eiranost<\/strong><\/p>\n\n\n\n<p><strong><\/strong>Smo strokovnjaki za delo, ki ga opravljamo, in delamo zelo energi\u010dno in navdu\u0161eno. Vlagamo svoj \u010das in energijo v izpolnjevanje pri\u010dakovanj na\u0161ih strank, in \u010de je mogo\u010de, jih prese\u017eemo.<\/p>\n\n\n\n<p><strong>Skupinsko sodelovanje<\/strong><\/p>\n\n\n\n<p>Riwal pomeni timsko delo, ne samo interno, temve\u010d tudi pri oblikovanju partnerstva z na\u0161imi strankami. Skupaj i\u0161\u010demo najbolj\u0161e re\u0161itve, mo\u017enosti in perspektive.<\/p>\n\n\n\n<p><strong>Trajnost<\/strong><\/p>\n\n\n\n<p><strong><\/strong>Ohranjanje visokih standardov glede trajnosti je za Riwal izjemno pomembno. Po najbolj\u0161ih mo\u010deh se trudimo zmanj\u0161ati porabo energije in odpadke, ki jih recikliramo. Poleg tega sprejemamo zavestne izbire za izdelke in procese, ki so dobri za na\u0161 planet, kot so pretvorba strojev iz dizelskega v baterijski pogon in vse bolj \u0161tevil\u010dna izbira baterijskih in hibridnih strojev v na\u0161i floti.<\/p>\n<\/div>\n\n\n\n<div class=\"wp-block-column is-layout-flow wp-block-column-is-layout-flow\" style=\"flex-basis:33.33%\"><\/div>\n<\/div>\n<\/div>\n\t\t\t\t\t\t\t<\/div> \n\n<div class=\"container\">\n<p><\/p>\n<\/div>","protected":false},"excerpt":{"rendered":"<p>Na\u0161e vrednote Smo podjetje, ki verjame v temeljni sklop vrednot, ki dolo\u010dajo na\u0161 zna\u010daj in usmerjajo na\u0161e vedenje \u2013 tako kot na\u0161e stranke in dru\u017ebo na splo\u0161no. To so vrednote, ki nas opredeljujejo kot dobre korporativne dr\u017eavljane in zanesljive partnerje. Varnost Z vsakim najemom ali prodajo nudimo na\u0161im strankam najvi\u0161jo stopnjo varnosti. Na\u0161 varnostni pristop &hellip; <a href=\"https:\/\/riwal-wpn.acceptatie.indicia-interactiv.nl\/sl\/o-riwalu\/vrednote\/\">Se nadaljuje<\/a><\/p>\n","protected":false},"author":45,"featured_media":0,"parent":3792,"menu_order":0,"comment_status":"closed","ping_status":"closed","template":"","meta":{"_acf_changed":false,"editor_notices":[],"footnotes":""},"class_list":["post-3830","page","type-page","status-publish","hentry"],"acf":[],"yoast_head":"<!-- This site is optimized with the Yoast SEO Premium plugin v27.1 (Yoast SEO v27.1.1) - https:\/\/yoast.com\/product\/yoast-seo-premium-wordpress\/ -->\n<title>Na\u0161e vrednote - Riwal Slovenija<\/title>\n<meta name=\"description\" content=\"Smo podjetje, ki verjame v temeljni sklop vrednot, ki dolo\u010dajo na\u0161 zna\u010daj in usmerjajo na\u0161e vedenje \u2013 tako kot na\u0161e stranke in dru\u017ebo na splo\u0161no.\" \/>\n<meta name=\"robots\" content=\"noindex, follow, max-snippet:-1, max-image-preview:large, max-video-preview:-1\" \/>\n<meta property=\"og:locale\" content=\"sl_SI\" \/>\n<meta property=\"og:type\" content=\"article\" \/>\n<meta property=\"og:title\" content=\"Na\u0161e vrednote\" \/>\n<meta property=\"og:description\" content=\"Smo podjetje, ki verjame v temeljni sklop vrednot, ki dolo\u010dajo na\u0161 zna\u010daj in usmerjajo na\u0161e vedenje \u2013 tako kot na\u0161e stranke in dru\u017ebo na splo\u0161no.\" \/>\n<meta property=\"og:url\" content=\"https:\/\/riwal-wpn.acceptatie.indicia-interactiv.nl\/sl\/o-riwalu\/vrednote\/\" \/>\n<meta property=\"og:site_name\" content=\"Riwal Slovenija\" \/>\n<meta property=\"article:modified_time\" content=\"2024-01-21T13:20:40+00:00\" \/>\n<meta name=\"twitter:card\" content=\"summary_large_image\" \/>\n<meta name=\"twitter:label1\" content=\"Est. reading time\" \/>\n\t<meta name=\"twitter:data1\" content=\"2 minuti\" \/>\n<script type=\"application\/ld+json\" class=\"yoast-schema-graph\">{\"@context\":\"https:\/\/schema.org\",\"@graph\":[{\"@type\":\"WebPage\",\"@id\":\"https:\/\/riwal-wpn.acceptatie.indicia-interactiv.nl\/sl\/o-riwalu\/vrednote\/\",\"url\":\"https:\/\/riwal-wpn.acceptatie.indicia-interactiv.nl\/sl\/o-riwalu\/vrednote\/\",\"name\":\"Na\u0161e vrednote - Riwal Slovenija\",\"isPartOf\":{\"@id\":\"https:\/\/riwal-wpn.acceptatie.indicia-interactiv.nl\/sl\/#website\"},\"datePublished\":\"2023-09-12T21:09:42+00:00\",\"dateModified\":\"2024-01-21T13:20:40+00:00\",\"description\":\"Smo podjetje, ki verjame v temeljni sklop vrednot, ki dolo\u010dajo na\u0161 zna\u010daj in usmerjajo na\u0161e vedenje \u2013 tako kot na\u0161e stranke in dru\u017ebo na splo\u0161no.\",\"breadcrumb\":{\"@id\":\"https:\/\/riwal-wpn.acceptatie.indicia-interactiv.nl\/sl\/o-riwalu\/vrednote\/#breadcrumb\"},\"inLanguage\":\"sl-SI\",\"potentialAction\":[{\"@type\":\"ReadAction\",\"target\":[\"https:\/\/riwal-wpn.acceptatie.indicia-interactiv.nl\/sl\/o-riwalu\/vrednote\/\"]}]},{\"@type\":\"BreadcrumbList\",\"@id\":\"https:\/\/riwal-wpn.acceptatie.indicia-interactiv.nl\/sl\/o-riwalu\/vrednote\/#breadcrumb\",\"itemListElement\":[{\"@type\":\"ListItem\",\"position\":1,\"name\":\"Domov\",\"item\":\"https:\/\/riwal-wpn.acceptatie.indicia-interactiv.nl\/sl\/\"},{\"@type\":\"ListItem\",\"position\":2,\"name\":\"O riwalu\",\"item\":\"https:\/\/riwal-wpn.acceptatie.indicia-interactiv.nl\/sl\/o-riwalu\/\"},{\"@type\":\"ListItem\",\"position\":3,\"name\":\"Na\u0161e vrednote\"}]},{\"@type\":\"WebSite\",\"@id\":\"https:\/\/riwal-wpn.acceptatie.indicia-interactiv.nl\/sl\/#website\",\"url\":\"https:\/\/riwal-wpn.acceptatie.indicia-interactiv.nl\/sl\/\",\"name\":\"Riwal\",\"description\":\"Arial work platform &amp; Telehandler Rental\/Sales\",\"publisher\":{\"@id\":\"https:\/\/riwal-wpn.acceptatie.indicia-interactiv.nl\/sl\/#organization\"},\"potentialAction\":[{\"@type\":\"SearchAction\",\"target\":{\"@type\":\"EntryPoint\",\"urlTemplate\":\"https:\/\/riwal-wpn.acceptatie.indicia-interactiv.nl\/sl\/?s={search_term_string}\"},\"query-input\":{\"@type\":\"PropertyValueSpecification\",\"valueRequired\":true,\"valueName\":\"search_term_string\"}}],\"inLanguage\":\"sl-SI\"},{\"@type\":\"Organization\",\"@id\":\"https:\/\/riwal-wpn.acceptatie.indicia-interactiv.nl\/sl\/#organization\",\"name\":\"Riwal\",\"url\":\"https:\/\/riwal-wpn.acceptatie.indicia-interactiv.nl\/sl\/\",\"logo\":{\"@type\":\"ImageObject\",\"inLanguage\":\"sl-SI\",\"@id\":\"https:\/\/riwal-wpn.acceptatie.indicia-interactiv.nl\/sl\/#\/schema\/logo\/image\/\",\"url\":\"\",\"contentUrl\":\"\",\"caption\":\"Riwal\"},\"image\":{\"@id\":\"https:\/\/riwal-wpn.acceptatie.indicia-interactiv.nl\/sl\/#\/schema\/logo\/image\/\"}}]}<\/script>\n<!-- \/ Yoast SEO Premium plugin. -->","yoast_head_json":{"title":"Na\u0161e vrednote - Riwal Slovenija","description":"Smo podjetje, ki verjame v temeljni sklop vrednot, ki dolo\u010dajo na\u0161 zna\u010daj in usmerjajo na\u0161e vedenje \u2013 tako kot na\u0161e stranke in dru\u017ebo na splo\u0161no.","robots":{"index":"noindex","follow":"follow","max-snippet":"max-snippet:-1","max-image-preview":"max-image-preview:large","max-video-preview":"max-video-preview:-1"},"og_locale":"sl_SI","og_type":"article","og_title":"Na\u0161e vrednote","og_description":"Smo podjetje, ki verjame v temeljni sklop vrednot, ki dolo\u010dajo na\u0161 zna\u010daj in usmerjajo na\u0161e vedenje \u2013 tako kot na\u0161e stranke in dru\u017ebo na splo\u0161no.","og_url":"https:\/\/riwal-wpn.acceptatie.indicia-interactiv.nl\/sl\/o-riwalu\/vrednote\/","og_site_name":"Riwal Slovenija","article_modified_time":"2024-01-21T13:20:40+00:00","twitter_card":"summary_large_image","twitter_misc":{"Est. reading time":"2 minuti"},"schema":{"@context":"https:\/\/schema.org","@graph":[{"@type":"WebPage","@id":"https:\/\/riwal-wpn.acceptatie.indicia-interactiv.nl\/sl\/o-riwalu\/vrednote\/","url":"https:\/\/riwal-wpn.acceptatie.indicia-interactiv.nl\/sl\/o-riwalu\/vrednote\/","name":"Na\u0161e vrednote - Riwal Slovenija","isPartOf":{"@id":"https:\/\/riwal-wpn.acceptatie.indicia-interactiv.nl\/sl\/#website"},"datePublished":"2023-09-12T21:09:42+00:00","dateModified":"2024-01-21T13:20:40+00:00","description":"Smo podjetje, ki verjame v temeljni sklop vrednot, ki dolo\u010dajo na\u0161 zna\u010daj in usmerjajo na\u0161e vedenje \u2013 tako kot na\u0161e stranke in dru\u017ebo na splo\u0161no.","breadcrumb":{"@id":"https:\/\/riwal-wpn.acceptatie.indicia-interactiv.nl\/sl\/o-riwalu\/vrednote\/#breadcrumb"},"inLanguage":"sl-SI","potentialAction":[{"@type":"ReadAction","target":["https:\/\/riwal-wpn.acceptatie.indicia-interactiv.nl\/sl\/o-riwalu\/vrednote\/"]}]},{"@type":"BreadcrumbList","@id":"https:\/\/riwal-wpn.acceptatie.indicia-interactiv.nl\/sl\/o-riwalu\/vrednote\/#breadcrumb","itemListElement":[{"@type":"ListItem","position":1,"name":"Domov","item":"https:\/\/riwal-wpn.acceptatie.indicia-interactiv.nl\/sl\/"},{"@type":"ListItem","position":2,"name":"O riwalu","item":"https:\/\/riwal-wpn.acceptatie.indicia-interactiv.nl\/sl\/o-riwalu\/"},{"@type":"ListItem","position":3,"name":"Na\u0161e vrednote"}]},{"@type":"WebSite","@id":"https:\/\/riwal-wpn.acceptatie.indicia-interactiv.nl\/sl\/#website","url":"https:\/\/riwal-wpn.acceptatie.indicia-interactiv.nl\/sl\/","name":"Riwal","description":"Arial work platform &amp; Telehandler Rental\/Sales","publisher":{"@id":"https:\/\/riwal-wpn.acceptatie.indicia-interactiv.nl\/sl\/#organization"},"potentialAction":[{"@type":"SearchAction","target":{"@type":"EntryPoint","urlTemplate":"https:\/\/riwal-wpn.acceptatie.indicia-interactiv.nl\/sl\/?s={search_term_string}"},"query-input":{"@type":"PropertyValueSpecification","valueRequired":true,"valueName":"search_term_string"}}],"inLanguage":"sl-SI"},{"@type":"Organization","@id":"https:\/\/riwal-wpn.acceptatie.indicia-interactiv.nl\/sl\/#organization","name":"Riwal","url":"https:\/\/riwal-wpn.acceptatie.indicia-interactiv.nl\/sl\/","logo":{"@type":"ImageObject","inLanguage":"sl-SI","@id":"https:\/\/riwal-wpn.acceptatie.indicia-interactiv.nl\/sl\/#\/schema\/logo\/image\/","url":"","contentUrl":"","caption":"Riwal"},"image":{"@id":"https:\/\/riwal-wpn.acceptatie.indicia-interactiv.nl\/sl\/#\/schema\/logo\/image\/"}}]}},"_links":{"self":[{"href":"https:\/\/riwal-wpn.acceptatie.indicia-interactiv.nl\/sl\/wp-json\/wp\/v2\/pages\/3830","targetHints":{"allow":["GET"]}}],"collection":[{"href":"https:\/\/riwal-wpn.acceptatie.indicia-interactiv.nl\/sl\/wp-json\/wp\/v2\/pages"}],"about":[{"href":"https:\/\/riwal-wpn.acceptatie.indicia-interactiv.nl\/sl\/wp-json\/wp\/v2\/types\/page"}],"author":[{"embeddable":true,"href":"https:\/\/riwal-wpn.acceptatie.indicia-interactiv.nl\/sl\/wp-json\/wp\/v2\/users\/45"}],"replies":[{"embeddable":true,"href":"https:\/\/riwal-wpn.acceptatie.indicia-interactiv.nl\/sl\/wp-json\/wp\/v2\/comments?post=3830"}],"version-history":[{"count":3,"href":"https:\/\/riwal-wpn.acceptatie.indicia-interactiv.nl\/sl\/wp-json\/wp\/v2\/pages\/3830\/revisions"}],"predecessor-version":[{"id":4640,"href":"https:\/\/riwal-wpn.acceptatie.indicia-interactiv.nl\/sl\/wp-json\/wp\/v2\/pages\/3830\/revisions\/4640"}],"up":[{"embeddable":true,"href":"https:\/\/riwal-wpn.acceptatie.indicia-interactiv.nl\/sl\/wp-json\/wp\/v2\/pages\/3792"}],"wp:attachment":[{"href":"https:\/\/riwal-wpn.acceptatie.indicia-interactiv.nl\/sl\/wp-json\/wp\/v2\/media?parent=3830"}],"curies":[{"name":"wp","href":"https:\/\/api.w.org\/{rel}","templated":true}]}}