{"id":3856,"date":"2023-09-12T21:38:03","date_gmt":"2023-09-12T21:38:03","guid":{"rendered":"https:\/\/riwal-wpn.acceptatie.indicia-interactiv.nl\/sl\/?page_id=3856"},"modified":"2024-01-21T13:20:39","modified_gmt":"2024-01-21T13:20:39","slug":"politika","status":"publish","type":"page","link":"https:\/\/riwal-wpn.acceptatie.indicia-interactiv.nl\/sl\/o-riwalu\/trajnost\/politika\/","title":{"rendered":"Na\u0161a trajnostna politika"},"content":{"rendered":"<div class=\"rental-wp-default-block rental-theme-block-default-margin\">\n\t\t\t\t\t\t\t\t<div class=\"container\">\n<div class=\"wp-block-columns is-layout-flex wp-container-core-columns-is-layout-28f84493 wp-block-columns-is-layout-flex\">\n<div class=\"wp-block-column is-layout-flow wp-block-column-is-layout-flow\" style=\"flex-basis:66.66%\">\n<p>Ohranjevanje visokih standardov glede trajnosti je za Riwal izrednega pomena. V vseh na\u0161ih delovnih procesih ka\u017eemo trdno zavezanost dru\u017ebi in lokalni skupnosti. Z ustvarjanjem pozitivne delovne kulture za zaposlene, zavedanjem oglji\u010dnega odtisa in zmanj\u0161evanjem odpadkov ter podporo lokalnim skupnostim, si prizadevamo pozitivno vplivati na dru\u017ebo. Poleg varnosti je trajnost ena na\u0161ih temeljnih vrednot in nenehno analiziramo svoje prakse, da ugotovimo, kako lahko bolj trajnostno vodimo svoje poslovanje. Z dobrimi praksami in razli\u010dnimi sodelovanji na \u0161portnem in kulturnem podro\u010dju ter s filantropijo \u017eelimo pozitivno vplivati na dru\u017ebo in krepiti lokalne odnose. Na splo\u0161no je na\u0161 cilj ohraniti uravnote\u017eenost gospodarskih, okoljskih in dru\u017ebenih interesov glede na ljudi, planet in dobi\u010dek.<\/p>\n\n\n\n<p><strong>Ljudje<\/strong><\/p>\n\n\n\n<p>Lastni zaposleni so na\u0161 najpomembnej\u0161i vir, zato jim \u017eelimo zagotoviti zdravje in varnost ter jim ponuditi mo\u017enosti za razvoj kariere. Riwal smo zgradili kot podjetje z inovativnim, mednarodnim in odprtim zna\u010dajem. Spo\u0161tujemo vse ustrezne zakone glede nediskriminacije in transparentnosti. Enaka zavezanost pa velja tudi za vse druge dele\u017enike &#8211; na\u0161e poslovne partnerje, stranke in dobavitelje s katerih delamo.<\/p>\n\n\n\n<p><strong>Planet<\/strong><\/p>\n\n\n\n<p>Verjamemo, da je najem opreme dvi\u017enih plo\u0161\u010dadi ali ko\u0161ar na baterijski pogon trajnostna re\u0161itev za okolje, \u0161e bolj pa za dolgoro\u010dni poslovni uspeh na\u0161ih strank. Stranke ne potrebujejo svoje opreme v lasti in jo vzdr\u017eevati, \u010de jo uporablja zgolj ob\u010dasno. Prav tako ne potrebuje vlagati v znanje in novosti, ki jih lahko zagotovimo mi kot strokovnjaki. Z najemom dobijo najsodobnej\u0161o opremo in se posledi\u010dno lahko osredoto\u010dijo na svojo glavno dejavnost, s tem pa prihranijo na \u010dasu. Najemna podjetja delujejo po kro\u017enem poslovnem modelu in zato prispevajo k bolj\u0161em kro\u017enem gospodarstvu.<\/p>\n\n\n\n<p>Vemo, da so viri na na\u0161em planetu omejeni, zato si na ve\u010d na\u010dinov prizadevamo, da bi lastni izpust emisij kar se da zmanj\u0161ali. Po svojih najbolj\u0161ih mo\u010deh zmanj\u0161ujemo porabo energije in koli\u010dino odpadkov, ki jih recikliramo, kolikor je le mogo\u010de. Zavestno se odlo\u010damo za izdelke in storitve, ki pozitivno vplivajo na na\u0161 planet. Trajnost je o\u010ditno pomembna za planet, zelo pomembna pa je tudi za na\u0161e poslovanje. Trdno verjamemo, da daje nam in na\u0161im strankam konkuren\u010dno prednost. Na primer, ko ponudimo dvi\u017eno opremo na baterijski pogon z nizkimi izpusti emisij in ravnjo hrupa ali hibridne stroje z manj CO2 izpusta in ne nazadnje novej\u0161o, energetsko u\u010dinkovitej\u0161o opremo. Tako na\u0161im strankam zagotavljamo dodano vrednost.<\/p>\n\n\n\n<p><strong>Dobi\u010dek<\/strong><\/p>\n\n\n\n<p>Trajnost je dolgoro\u010dna kontinuiteta. \u010ce svojega poslovanja ne bomo izvajali trajnostno, v prihodnosti strankam ne bomo ve\u010d ponujali varnih in u\u010dinkovitih re\u0161itev, na katere se na\u0161i partnerji trenutno zana\u0161ajo. Zato lastne procese ocenjujemo in i\u0161\u010demo poti, kako jih izbolj\u0161ati. Pomemben element tega postopka je na\u0161 na\u010din poslovanja\u00a0<a href=\"https:\/\/riwal-wpn.acceptatie.indicia-interactiv.nl\/sl\/o-riwalu\/the-riwal-way\/\">The Riwal Way<\/a>, ki smo ga uvedli za zagotavljanje konstantno visoke kakovosti storitev strankam po vsem svetu.<\/p>\n\n\n\n<p><\/p>\n<\/div>\n\n\n\n<div class=\"wp-block-column is-layout-flow wp-block-column-is-layout-flow\" style=\"flex-basis:33.33%\">\n<figure class=\"wp-block-image size-large\"><img loading=\"lazy\" decoding=\"async\" width=\"1024\" height=\"523\" src=\"https:\/\/riwal-wpn.acceptatie.indicia-interactiv.nl\/app\/uploads\/sites\/10\/2023\/09\/teaserSLO-1024x523.webp\" alt=\"\" class=\"wp-image-3846\" srcset=\"https:\/\/riwal-wpn.acceptatie.indicia-interactiv.nl\/app\/uploads\/sites\/10\/2023\/09\/teaserSLO-1024x523.webp 1024w, https:\/\/riwal-wpn.acceptatie.indicia-interactiv.nl\/app\/uploads\/sites\/10\/2023\/09\/teaserSLO-830x424.webp 830w, https:\/\/riwal-wpn.acceptatie.indicia-interactiv.nl\/app\/uploads\/sites\/10\/2023\/09\/teaserSLO-300x153.webp 300w, https:\/\/riwal-wpn.acceptatie.indicia-interactiv.nl\/app\/uploads\/sites\/10\/2023\/09\/teaserSLO-768x392.webp 768w, https:\/\/riwal-wpn.acceptatie.indicia-interactiv.nl\/app\/uploads\/sites\/10\/2023\/09\/teaserSLO-178x91.webp 178w, https:\/\/riwal-wpn.acceptatie.indicia-interactiv.nl\/app\/uploads\/sites\/10\/2023\/09\/teaserSLO-390x199.webp 390w, https:\/\/riwal-wpn.acceptatie.indicia-interactiv.nl\/app\/uploads\/sites\/10\/2023\/09\/teaserSLO-250x128.webp 250w, https:\/\/riwal-wpn.acceptatie.indicia-interactiv.nl\/app\/uploads\/sites\/10\/2023\/09\/teaserSLO.webp 1276w\" sizes=\"auto, (max-width: 1024px) 100vw, 1024px\" \/><\/figure>\n\n\n\n<div class=\"wp-block-buttons is-layout-flex wp-block-buttons-is-layout-flex\">\n<div class=\"wp-block-button\"><a class=\"wp-block-button__link wp-element-button\" href=\"https:\/\/riwal-wpn.acceptatie.indicia-interactiv.nl\/sl\/o-riwalu\/trajnost\/\">Ve\u010d o trajnostnem ra\u010dunu<\/a><\/div>\n<\/div>\n<\/div>\n<\/div>\n<\/div>\n\t\t\t\t\t\t\t<\/div> ","protected":false},"excerpt":{"rendered":"<p>Ohranjevanje visokih standardov glede trajnosti je za Riwal izrednega pomena. V vseh na\u0161ih delovnih procesih ka\u017eemo trdno zavezanost dru\u017ebi in lokalni skupnosti. Z ustvarjanjem pozitivne delovne kulture za zaposlene, zavedanjem oglji\u010dnega odtisa in zmanj\u0161evanjem odpadkov ter podporo lokalnim skupnostim, si prizadevamo pozitivno vplivati na dru\u017ebo. Poleg varnosti je trajnost ena na\u0161ih temeljnih vrednot in nenehno &hellip; <a href=\"https:\/\/riwal-wpn.acceptatie.indicia-interactiv.nl\/sl\/o-riwalu\/trajnost\/politika\/\">Se nadaljuje<\/a><\/p>\n","protected":false},"author":45,"featured_media":0,"parent":3834,"menu_order":0,"comment_status":"closed","ping_status":"closed","template":"","meta":{"_acf_changed":false,"editor_notices":[],"footnotes":""},"class_list":["post-3856","page","type-page","status-publish","hentry"],"acf":[],"yoast_head":"<!-- This site is optimized with the Yoast SEO Premium plugin v27.1 (Yoast SEO v27.1.1) - https:\/\/yoast.com\/product\/yoast-seo-premium-wordpress\/ -->\n<title>Na\u0161a trajnostna politika- Riwal Slovenija<\/title>\n<meta name=\"description\" content=\"Ohranjevanje visokih standardov glede trajnosti je za Riwal izrednega pomena. V vseh na\u0161ih delovnih procesih ka\u017eemo trdno zavezanost dru\u017ebi in lokalni skupnosti.\" \/>\n<meta name=\"robots\" content=\"noindex, follow, max-snippet:-1, max-image-preview:large, max-video-preview:-1\" \/>\n<meta property=\"og:locale\" content=\"sl_SI\" \/>\n<meta property=\"og:type\" content=\"article\" \/>\n<meta property=\"og:title\" content=\"Na\u0161a trajnostna politika\" \/>\n<meta property=\"og:description\" content=\"Ohranjevanje visokih standardov glede trajnosti je za Riwal izrednega pomena. V vseh na\u0161ih delovnih procesih ka\u017eemo trdno zavezanost dru\u017ebi in lokalni skupnosti.\" \/>\n<meta property=\"og:url\" content=\"https:\/\/riwal-wpn.acceptatie.indicia-interactiv.nl\/sl\/o-riwalu\/trajnost\/politika\/\" \/>\n<meta property=\"og:site_name\" content=\"Riwal Slovenija\" \/>\n<meta property=\"article:modified_time\" content=\"2024-01-21T13:20:39+00:00\" \/>\n<meta property=\"og:image\" content=\"https:\/\/riwal-wpn.acceptatie.indicia-interactiv.nl\/app\/uploads\/sites\/10\/2023\/09\/teaserSLO-1024x523.webp\" \/>\n<meta name=\"twitter:card\" content=\"summary_large_image\" \/>\n<meta name=\"twitter:label1\" content=\"Est. reading time\" \/>\n\t<meta name=\"twitter:data1\" content=\"3 minute\" \/>\n<script type=\"application\/ld+json\" class=\"yoast-schema-graph\">{\"@context\":\"https:\/\/schema.org\",\"@graph\":[{\"@type\":\"WebPage\",\"@id\":\"https:\/\/riwal-wpn.acceptatie.indicia-interactiv.nl\/sl\/o-riwalu\/trajnost\/politika\/\",\"url\":\"https:\/\/riwal-wpn.acceptatie.indicia-interactiv.nl\/sl\/o-riwalu\/trajnost\/politika\/\",\"name\":\"Na\u0161a trajnostna politika- Riwal Slovenija\",\"isPartOf\":{\"@id\":\"https:\/\/riwal-wpn.acceptatie.indicia-interactiv.nl\/sl\/#website\"},\"primaryImageOfPage\":{\"@id\":\"https:\/\/riwal-wpn.acceptatie.indicia-interactiv.nl\/sl\/o-riwalu\/trajnost\/politika\/#primaryimage\"},\"image\":{\"@id\":\"https:\/\/riwal-wpn.acceptatie.indicia-interactiv.nl\/sl\/o-riwalu\/trajnost\/politika\/#primaryimage\"},\"thumbnailUrl\":\"https:\/\/riwal-wpn.acceptatie.indicia-interactiv.nl\/app\/uploads\/sites\/10\/2023\/09\/teaserSLO-1024x523.webp\",\"datePublished\":\"2023-09-12T21:38:03+00:00\",\"dateModified\":\"2024-01-21T13:20:39+00:00\",\"description\":\"Ohranjevanje visokih standardov glede trajnosti je za Riwal izrednega pomena. V vseh na\u0161ih delovnih procesih ka\u017eemo trdno zavezanost dru\u017ebi in lokalni skupnosti.\",\"breadcrumb\":{\"@id\":\"https:\/\/riwal-wpn.acceptatie.indicia-interactiv.nl\/sl\/o-riwalu\/trajnost\/politika\/#breadcrumb\"},\"inLanguage\":\"sl-SI\",\"potentialAction\":[{\"@type\":\"ReadAction\",\"target\":[\"https:\/\/riwal-wpn.acceptatie.indicia-interactiv.nl\/sl\/o-riwalu\/trajnost\/politika\/\"]}]},{\"@type\":\"ImageObject\",\"inLanguage\":\"sl-SI\",\"@id\":\"https:\/\/riwal-wpn.acceptatie.indicia-interactiv.nl\/sl\/o-riwalu\/trajnost\/politika\/#primaryimage\",\"url\":\"https:\/\/riwal-wpn.acceptatie.indicia-interactiv.nl\/app\/uploads\/sites\/10\/2023\/09\/teaserSLO-1024x523.webp\",\"contentUrl\":\"https:\/\/riwal-wpn.acceptatie.indicia-interactiv.nl\/app\/uploads\/sites\/10\/2023\/09\/teaserSLO-1024x523.webp\"},{\"@type\":\"BreadcrumbList\",\"@id\":\"https:\/\/riwal-wpn.acceptatie.indicia-interactiv.nl\/sl\/o-riwalu\/trajnost\/politika\/#breadcrumb\",\"itemListElement\":[{\"@type\":\"ListItem\",\"position\":1,\"name\":\"Domov\",\"item\":\"https:\/\/riwal-wpn.acceptatie.indicia-interactiv.nl\/sl\/\"},{\"@type\":\"ListItem\",\"position\":2,\"name\":\"O riwalu\",\"item\":\"https:\/\/riwal-wpn.acceptatie.indicia-interactiv.nl\/sl\/o-riwalu\/\"},{\"@type\":\"ListItem\",\"position\":3,\"name\":\"Trajnost\",\"item\":\"https:\/\/riwal-wpn.acceptatie.indicia-interactiv.nl\/sl\/o-riwalu\/trajnost\/\"},{\"@type\":\"ListItem\",\"position\":4,\"name\":\"Na\u0161a trajnostna politika\"}]},{\"@type\":\"WebSite\",\"@id\":\"https:\/\/riwal-wpn.acceptatie.indicia-interactiv.nl\/sl\/#website\",\"url\":\"https:\/\/riwal-wpn.acceptatie.indicia-interactiv.nl\/sl\/\",\"name\":\"Riwal\",\"description\":\"Arial work platform &amp; Telehandler Rental\/Sales\",\"publisher\":{\"@id\":\"https:\/\/riwal-wpn.acceptatie.indicia-interactiv.nl\/sl\/#organization\"},\"potentialAction\":[{\"@type\":\"SearchAction\",\"target\":{\"@type\":\"EntryPoint\",\"urlTemplate\":\"https:\/\/riwal-wpn.acceptatie.indicia-interactiv.nl\/sl\/?s={search_term_string}\"},\"query-input\":{\"@type\":\"PropertyValueSpecification\",\"valueRequired\":true,\"valueName\":\"search_term_string\"}}],\"inLanguage\":\"sl-SI\"},{\"@type\":\"Organization\",\"@id\":\"https:\/\/riwal-wpn.acceptatie.indicia-interactiv.nl\/sl\/#organization\",\"name\":\"Riwal\",\"url\":\"https:\/\/riwal-wpn.acceptatie.indicia-interactiv.nl\/sl\/\",\"logo\":{\"@type\":\"ImageObject\",\"inLanguage\":\"sl-SI\",\"@id\":\"https:\/\/riwal-wpn.acceptatie.indicia-interactiv.nl\/sl\/#\/schema\/logo\/image\/\",\"url\":\"\",\"contentUrl\":\"\",\"caption\":\"Riwal\"},\"image\":{\"@id\":\"https:\/\/riwal-wpn.acceptatie.indicia-interactiv.nl\/sl\/#\/schema\/logo\/image\/\"}}]}<\/script>\n<!-- \/ Yoast SEO Premium plugin. -->","yoast_head_json":{"title":"Na\u0161a trajnostna politika- Riwal Slovenija","description":"Ohranjevanje visokih standardov glede trajnosti je za Riwal izrednega pomena. V vseh na\u0161ih delovnih procesih ka\u017eemo trdno zavezanost dru\u017ebi in lokalni skupnosti.","robots":{"index":"noindex","follow":"follow","max-snippet":"max-snippet:-1","max-image-preview":"max-image-preview:large","max-video-preview":"max-video-preview:-1"},"og_locale":"sl_SI","og_type":"article","og_title":"Na\u0161a trajnostna politika","og_description":"Ohranjevanje visokih standardov glede trajnosti je za Riwal izrednega pomena. V vseh na\u0161ih delovnih procesih ka\u017eemo trdno zavezanost dru\u017ebi in lokalni skupnosti.","og_url":"https:\/\/riwal-wpn.acceptatie.indicia-interactiv.nl\/sl\/o-riwalu\/trajnost\/politika\/","og_site_name":"Riwal Slovenija","article_modified_time":"2024-01-21T13:20:39+00:00","og_image":[{"url":"https:\/\/riwal-wpn.acceptatie.indicia-interactiv.nl\/app\/uploads\/sites\/10\/2023\/09\/teaserSLO-1024x523.webp","type":"","width":"","height":""}],"twitter_card":"summary_large_image","twitter_misc":{"Est. reading time":"3 minute"},"schema":{"@context":"https:\/\/schema.org","@graph":[{"@type":"WebPage","@id":"https:\/\/riwal-wpn.acceptatie.indicia-interactiv.nl\/sl\/o-riwalu\/trajnost\/politika\/","url":"https:\/\/riwal-wpn.acceptatie.indicia-interactiv.nl\/sl\/o-riwalu\/trajnost\/politika\/","name":"Na\u0161a trajnostna politika- Riwal Slovenija","isPartOf":{"@id":"https:\/\/riwal-wpn.acceptatie.indicia-interactiv.nl\/sl\/#website"},"primaryImageOfPage":{"@id":"https:\/\/riwal-wpn.acceptatie.indicia-interactiv.nl\/sl\/o-riwalu\/trajnost\/politika\/#primaryimage"},"image":{"@id":"https:\/\/riwal-wpn.acceptatie.indicia-interactiv.nl\/sl\/o-riwalu\/trajnost\/politika\/#primaryimage"},"thumbnailUrl":"https:\/\/riwal-wpn.acceptatie.indicia-interactiv.nl\/app\/uploads\/sites\/10\/2023\/09\/teaserSLO-1024x523.webp","datePublished":"2023-09-12T21:38:03+00:00","dateModified":"2024-01-21T13:20:39+00:00","description":"Ohranjevanje visokih standardov glede trajnosti je za Riwal izrednega pomena. V vseh na\u0161ih delovnih procesih ka\u017eemo trdno zavezanost dru\u017ebi in lokalni skupnosti.","breadcrumb":{"@id":"https:\/\/riwal-wpn.acceptatie.indicia-interactiv.nl\/sl\/o-riwalu\/trajnost\/politika\/#breadcrumb"},"inLanguage":"sl-SI","potentialAction":[{"@type":"ReadAction","target":["https:\/\/riwal-wpn.acceptatie.indicia-interactiv.nl\/sl\/o-riwalu\/trajnost\/politika\/"]}]},{"@type":"ImageObject","inLanguage":"sl-SI","@id":"https:\/\/riwal-wpn.acceptatie.indicia-interactiv.nl\/sl\/o-riwalu\/trajnost\/politika\/#primaryimage","url":"https:\/\/riwal-wpn.acceptatie.indicia-interactiv.nl\/app\/uploads\/sites\/10\/2023\/09\/teaserSLO-1024x523.webp","contentUrl":"https:\/\/riwal-wpn.acceptatie.indicia-interactiv.nl\/app\/uploads\/sites\/10\/2023\/09\/teaserSLO-1024x523.webp"},{"@type":"BreadcrumbList","@id":"https:\/\/riwal-wpn.acceptatie.indicia-interactiv.nl\/sl\/o-riwalu\/trajnost\/politika\/#breadcrumb","itemListElement":[{"@type":"ListItem","position":1,"name":"Domov","item":"https:\/\/riwal-wpn.acceptatie.indicia-interactiv.nl\/sl\/"},{"@type":"ListItem","position":2,"name":"O riwalu","item":"https:\/\/riwal-wpn.acceptatie.indicia-interactiv.nl\/sl\/o-riwalu\/"},{"@type":"ListItem","position":3,"name":"Trajnost","item":"https:\/\/riwal-wpn.acceptatie.indicia-interactiv.nl\/sl\/o-riwalu\/trajnost\/"},{"@type":"ListItem","position":4,"name":"Na\u0161a trajnostna politika"}]},{"@type":"WebSite","@id":"https:\/\/riwal-wpn.acceptatie.indicia-interactiv.nl\/sl\/#website","url":"https:\/\/riwal-wpn.acceptatie.indicia-interactiv.nl\/sl\/","name":"Riwal","description":"Arial work platform &amp; Telehandler Rental\/Sales","publisher":{"@id":"https:\/\/riwal-wpn.acceptatie.indicia-interactiv.nl\/sl\/#organization"},"potentialAction":[{"@type":"SearchAction","target":{"@type":"EntryPoint","urlTemplate":"https:\/\/riwal-wpn.acceptatie.indicia-interactiv.nl\/sl\/?s={search_term_string}"},"query-input":{"@type":"PropertyValueSpecification","valueRequired":true,"valueName":"search_term_string"}}],"inLanguage":"sl-SI"},{"@type":"Organization","@id":"https:\/\/riwal-wpn.acceptatie.indicia-interactiv.nl\/sl\/#organization","name":"Riwal","url":"https:\/\/riwal-wpn.acceptatie.indicia-interactiv.nl\/sl\/","logo":{"@type":"ImageObject","inLanguage":"sl-SI","@id":"https:\/\/riwal-wpn.acceptatie.indicia-interactiv.nl\/sl\/#\/schema\/logo\/image\/","url":"","contentUrl":"","caption":"Riwal"},"image":{"@id":"https:\/\/riwal-wpn.acceptatie.indicia-interactiv.nl\/sl\/#\/schema\/logo\/image\/"}}]}},"_links":{"self":[{"href":"https:\/\/riwal-wpn.acceptatie.indicia-interactiv.nl\/sl\/wp-json\/wp\/v2\/pages\/3856","targetHints":{"allow":["GET"]}}],"collection":[{"href":"https:\/\/riwal-wpn.acceptatie.indicia-interactiv.nl\/sl\/wp-json\/wp\/v2\/pages"}],"about":[{"href":"https:\/\/riwal-wpn.acceptatie.indicia-interactiv.nl\/sl\/wp-json\/wp\/v2\/types\/page"}],"author":[{"embeddable":true,"href":"https:\/\/riwal-wpn.acceptatie.indicia-interactiv.nl\/sl\/wp-json\/wp\/v2\/users\/45"}],"replies":[{"embeddable":true,"href":"https:\/\/riwal-wpn.acceptatie.indicia-interactiv.nl\/sl\/wp-json\/wp\/v2\/comments?post=3856"}],"version-history":[{"count":3,"href":"https:\/\/riwal-wpn.acceptatie.indicia-interactiv.nl\/sl\/wp-json\/wp\/v2\/pages\/3856\/revisions"}],"predecessor-version":[{"id":4638,"href":"https:\/\/riwal-wpn.acceptatie.indicia-interactiv.nl\/sl\/wp-json\/wp\/v2\/pages\/3856\/revisions\/4638"}],"up":[{"embeddable":true,"href":"https:\/\/riwal-wpn.acceptatie.indicia-interactiv.nl\/sl\/wp-json\/wp\/v2\/pages\/3834"}],"wp:attachment":[{"href":"https:\/\/riwal-wpn.acceptatie.indicia-interactiv.nl\/sl\/wp-json\/wp\/v2\/media?parent=3856"}],"curies":[{"name":"wp","href":"https:\/\/api.w.org\/{rel}","templated":true}]}}