{"id":3882,"date":"2023-09-12T22:47:04","date_gmt":"2023-09-12T22:47:04","guid":{"rendered":"https:\/\/riwal-wpn.acceptatie.indicia-interactiv.nl\/sl\/?page_id=3882"},"modified":"2024-02-03T19:33:14","modified_gmt":"2024-02-03T19:33:14","slug":"zakaj-najem","status":"publish","type":"page","link":"https:\/\/riwal-wpn.acceptatie.indicia-interactiv.nl\/sl\/o-riwalu\/trajnost\/zakaj-najem\/","title":{"rendered":"Zakaj najem"},"content":{"rendered":"<div class=\"container\">\n<h2 class=\"wp-block-heading\" id=\"h-zakaj-je-najem-vasa-trajnostna-izbira\">Zakaj je najem va\u0161a trajnostna izbira?<\/h2>\n<\/div>\n\n<div class=\"rental-wp-default-block rental-theme-block-default-margin\">\n\t\t\t\t\t\t\t\t<div class=\"container\">\n<div class=\"wp-block-columns is-layout-flex wp-container-core-columns-is-layout-28f84493 wp-block-columns-is-layout-flex\">\n<div class=\"wp-block-column is-layout-flow wp-block-column-is-layout-flow\" style=\"flex-basis:66.66%\">\n<p>Nedavne raziskave so ugotovile da je lahko najem 30-50% okolju prijaznej\u0161i, ko govorimo o emisijah toplogrednih plinov. To pomeni, da najem opreme igra pomembno vlogo za izvajalce pri njihovem zasledovanju trajnostnih ciljev.<\/p>\n\n\n\n<p><a href=\"https:\/\/erarental.org\/\">Evropsko zdru\u017eenje za najem ERA<\/a>&nbsp;(<em>angl. The European Rental Association<\/em>) zastopa interese podjetij za najem opreme po Evropi in Riwal smo ponosni \u010dlan te organizacije.<\/p>\n\n\n\n<p>ERA je naro\u010dila raziskavo o oglji\u010dnem odtisu za klju\u010dne vrste opreme, med katerimi so bile tudi dvi\u017ene plo\u0161\u010dadi in ko\u0161are. \u0160tudija, h kateri so prispevale tri razli\u010dna neodvisna raziskovalna podjetja, je izra\u010dunala emisije ogljika vsake vrste opreme v njeni celotni \u017eivljenjski dobi, od izdelave do uni\u010denja\/odpada. Raziskovalci so nato primerjali te CO2 emisije in jih razdelili na kupljene in najete stroje.<\/p>\n\n\n\n<p>Raziskovalci so ustvarili kalkulator CO2 na podlagi dejavnikov, ki najbolj vplivajo na oglji\u010dni odtis stroja, vklju\u010dno z uporabo, specifikacijo, prevozom in vzdr\u017eevanjem.<\/p>\n\n\n\n<ul class=\"wp-block-list\">\n<li>Uporaba se nana\u0161a na izkori\u0161\u010denost strojev. Stroji za najem imajo po navadi visoko izkori\u0161\u010denost, saj se po koncu najema hitro dostavijo naslednji stranki.<\/li>\n\n\n\n<li><\/li>\n\n\n\n<li>Specifikacija zadeva uporabnost ustrezne opreme za delo, tako glede delovne vi\u0161ine kot tudi naprave z najni\u017ejimi izpusti emisij.<\/li>\n\n\n\n<li>Prevoz je v najemnim podjetjih skrbno na\u010drtovan z namenom optimizacije in izkori\u0161\u010danja celotnih kapacitet prikolic tovornjakov.<\/li>\n\n\n\n<li>Vzdr\u017eevanje pa je zadnji dejavnik klju\u010dnega pomena za podalj\u0161anje \u017eivljenjske dobe stroja.<\/li>\n<\/ul>\n\n\n\n<figure class=\"wp-block-embed is-type-video is-provider-youtube wp-block-embed-youtube\"><div class=\"wp-block-embed__wrapper\">\n<iframe loading=\"lazy\" title=\"How renting construction equipment reduces carbon emissions\" width=\"500\" height=\"281\" src=\"https:\/\/www.youtube.com\/embed\/Jjcr93MRj_M?feature=oembed\" frameborder=\"0\" allow=\"accelerometer; autoplay; clipboard-write; encrypted-media; gyroscope; picture-in-picture; web-share\" referrerpolicy=\"strict-origin-when-cross-origin\" allowfullscreen><\/iframe>\n<\/div><\/figure>\n\n\n\n<p>Skupni rezultat vseh dejavnikov ka\u017ee, da imajo najeta dvi\u017ena oprema v svojem celotnem \u017eivljenjskem ciklu ni\u017eji oglji\u010dni odtis kot kupljene dvi\u017ene plo\u0161\u010dadi ali ko\u0161are.<\/p>\n\n\n\n<p>V kolikor \u017eelite izvedeti ve\u010d o trajnostnem najemu, obi\u0161\u010dite spletno stran ERA:&nbsp;<a href=\"https:\/\/erarental.org\/sustainability\/\">Zakaj najeti?<\/a><\/p>\n\n\n\n<p><\/p>\n<\/div>\n\n\n\n<div class=\"wp-block-column is-layout-flow wp-block-column-is-layout-flow\" style=\"flex-basis:33.33%\">\n<figure class=\"wp-block-image size-large\"><img loading=\"lazy\" decoding=\"async\" width=\"1024\" height=\"523\" src=\"https:\/\/riwal-wpn.acceptatie.indicia-interactiv.nl\/app\/uploads\/sites\/10\/2023\/09\/teaserSLO-1024x523.webp\" alt=\"\" class=\"wp-image-3846\" srcset=\"https:\/\/riwal-wpn.acceptatie.indicia-interactiv.nl\/app\/uploads\/sites\/10\/2023\/09\/teaserSLO-1024x523.webp 1024w, https:\/\/riwal-wpn.acceptatie.indicia-interactiv.nl\/app\/uploads\/sites\/10\/2023\/09\/teaserSLO-830x424.webp 830w, https:\/\/riwal-wpn.acceptatie.indicia-interactiv.nl\/app\/uploads\/sites\/10\/2023\/09\/teaserSLO-300x153.webp 300w, https:\/\/riwal-wpn.acceptatie.indicia-interactiv.nl\/app\/uploads\/sites\/10\/2023\/09\/teaserSLO-768x392.webp 768w, https:\/\/riwal-wpn.acceptatie.indicia-interactiv.nl\/app\/uploads\/sites\/10\/2023\/09\/teaserSLO-178x91.webp 178w, https:\/\/riwal-wpn.acceptatie.indicia-interactiv.nl\/app\/uploads\/sites\/10\/2023\/09\/teaserSLO-390x199.webp 390w, https:\/\/riwal-wpn.acceptatie.indicia-interactiv.nl\/app\/uploads\/sites\/10\/2023\/09\/teaserSLO-250x128.webp 250w, https:\/\/riwal-wpn.acceptatie.indicia-interactiv.nl\/app\/uploads\/sites\/10\/2023\/09\/teaserSLO.webp 1276w\" sizes=\"auto, (max-width: 1024px) 100vw, 1024px\" \/><\/figure>\n\n\n\n<div class=\"wp-block-buttons is-layout-flex wp-block-buttons-is-layout-flex\">\n<div class=\"wp-block-button\"><a class=\"wp-block-button__link wp-element-button\" href=\"https:\/\/riwal-wpn.acceptatie.indicia-interactiv.nl\/sl\/o-riwalu\/trajnost\/\">Ve\u010d o trajnostnem razvoju<\/a><\/div>\n<\/div>\n<\/div>\n<\/div>\n<\/div>\n\t\t\t\t\t\t\t<\/div> \n\n<div class=\"rental-wp-default-block rental-theme-block-default-margin\">\n\t\t\t\t\t\t\t\t<div class=\"container\">\n<div class=\"wp-block-columns is-layout-flex wp-container-core-columns-is-layout-28f84493 wp-block-columns-is-layout-flex\">\n<div class=\"wp-block-column is-layout-flow wp-block-column-is-layout-flow\">\n<h2 class=\"wp-block-heading\" id=\"h-nase-strokovno-znanje\">Na\u0161e strokovno znanje<\/h2>\n<\/div>\n\n\n\n<div class=\"wp-block-column is-layout-flow wp-block-column-is-layout-flow\">\n<h2 class=\"wp-block-heading\" id=\"h-preglejte-nase-stroje-za-najem\">Preglejte na\u0161e stroje za najem<\/h2>\n<\/div>\n\n\n\n<div class=\"wp-block-column is-layout-flow wp-block-column-is-layout-flow\">\n<h2 class=\"wp-block-heading\" id=\"h-vzdrzevanje-dviznih-naprav\">Vzdr\u017eevanje dvi\u017enih naprav<\/h2>\n<\/div>\n<\/div>\n<\/div>\n\t\t\t\t\t\t\t<\/div> \n\n<div class=\"rental-wp-default-block rental-theme-block-default-margin\">\n\t\t\t\t\t\t\t\t<div class=\"container\">\n<div class=\"wp-block-columns is-layout-flex wp-container-core-columns-is-layout-28f84493 wp-block-columns-is-layout-flex\">\n<div class=\"wp-block-column is-layout-flow wp-block-column-is-layout-flow\">\n<figure class=\"wp-block-image size-full\"><img loading=\"lazy\" decoding=\"async\" width=\"450\" height=\"230\" src=\"https:\/\/riwal-wpn.acceptatie.indicia-interactiv.nl\/app\/uploads\/sites\/10\/2023\/09\/strokovnoZ.webp\" alt=\"\" class=\"wp-image-3884\" srcset=\"https:\/\/riwal-wpn.acceptatie.indicia-interactiv.nl\/app\/uploads\/sites\/10\/2023\/09\/strokovnoZ.webp 450w, https:\/\/riwal-wpn.acceptatie.indicia-interactiv.nl\/app\/uploads\/sites\/10\/2023\/09\/strokovnoZ-300x153.webp 300w, https:\/\/riwal-wpn.acceptatie.indicia-interactiv.nl\/app\/uploads\/sites\/10\/2023\/09\/strokovnoZ-178x91.webp 178w, https:\/\/riwal-wpn.acceptatie.indicia-interactiv.nl\/app\/uploads\/sites\/10\/2023\/09\/strokovnoZ-390x199.webp 390w, https:\/\/riwal-wpn.acceptatie.indicia-interactiv.nl\/app\/uploads\/sites\/10\/2023\/09\/strokovnoZ-250x128.webp 250w\" sizes=\"auto, (max-width: 450px) 100vw, 450px\" \/><\/figure>\n\n\n\n<div class=\"wp-block-buttons is-layout-flex wp-block-buttons-is-layout-flex\">\n<div class=\"wp-block-button\"><a class=\"wp-block-button__link wp-element-button\" href=\"https:\/\/riwal-wpn.acceptatie.indicia-interactiv.nl\/sl\/strokovno-znanje\/\">Podrobnosti<\/a><\/div>\n<\/div>\n<\/div>\n\n\n\n<div class=\"wp-block-column is-layout-flow wp-block-column-is-layout-flow\">\n<figure class=\"wp-block-image size-full\"><img loading=\"lazy\" decoding=\"async\" width=\"450\" height=\"230\" src=\"https:\/\/riwal-wpn.acceptatie.indicia-interactiv.nl\/app\/uploads\/sites\/10\/2023\/09\/productffer.webp\" alt=\"\" class=\"wp-image-3885\" srcset=\"https:\/\/riwal-wpn.acceptatie.indicia-interactiv.nl\/app\/uploads\/sites\/10\/2023\/09\/productffer.webp 450w, https:\/\/riwal-wpn.acceptatie.indicia-interactiv.nl\/app\/uploads\/sites\/10\/2023\/09\/productffer-300x153.webp 300w, https:\/\/riwal-wpn.acceptatie.indicia-interactiv.nl\/app\/uploads\/sites\/10\/2023\/09\/productffer-178x91.webp 178w, https:\/\/riwal-wpn.acceptatie.indicia-interactiv.nl\/app\/uploads\/sites\/10\/2023\/09\/productffer-390x199.webp 390w, https:\/\/riwal-wpn.acceptatie.indicia-interactiv.nl\/app\/uploads\/sites\/10\/2023\/09\/productffer-250x128.webp 250w\" sizes=\"auto, (max-width: 450px) 100vw, 450px\" \/><\/figure>\n\n\n\n<div class=\"wp-block-buttons is-layout-flex wp-block-buttons-is-layout-flex\">\n<div class=\"wp-block-button\"><a class=\"wp-block-button__link wp-element-button\" href=\"http:\/\/sl\/najem\/\">Najem strojev<\/a><\/div>\n<\/div>\n<\/div>\n\n\n\n<div class=\"wp-block-column is-layout-flow wp-block-column-is-layout-flow\">\n<figure class=\"wp-block-image size-full\"><img loading=\"lazy\" decoding=\"async\" width=\"600\" height=\"300\" src=\"https:\/\/riwal-wpn.acceptatie.indicia-interactiv.nl\/app\/uploads\/sites\/10\/2023\/09\/Serviceteas.webp\" alt=\"\" class=\"wp-image-3886\" srcset=\"https:\/\/riwal-wpn.acceptatie.indicia-interactiv.nl\/app\/uploads\/sites\/10\/2023\/09\/Serviceteas.webp 600w, https:\/\/riwal-wpn.acceptatie.indicia-interactiv.nl\/app\/uploads\/sites\/10\/2023\/09\/Serviceteas-300x150.webp 300w, https:\/\/riwal-wpn.acceptatie.indicia-interactiv.nl\/app\/uploads\/sites\/10\/2023\/09\/Serviceteas-178x89.webp 178w, https:\/\/riwal-wpn.acceptatie.indicia-interactiv.nl\/app\/uploads\/sites\/10\/2023\/09\/Serviceteas-390x195.webp 390w, https:\/\/riwal-wpn.acceptatie.indicia-interactiv.nl\/app\/uploads\/sites\/10\/2023\/09\/Serviceteas-250x125.webp 250w\" sizes=\"auto, (max-width: 600px) 100vw, 600px\" \/><\/figure>\n\n\n\n<div class=\"wp-block-buttons is-layout-flex wp-block-buttons-is-layout-flex\">\n<div class=\"wp-block-button\"><a class=\"wp-block-button__link wp-element-button\" href=\"https:\/\/riwal-wpn.acceptatie.indicia-interactiv.nl\/sl\/vzdrzevanje\/vzdrzevanje-strojev\/\">Vzdr\u017eevanje<\/a><\/div>\n<\/div>\n<\/div>\n<\/div>\n<\/div>\n\t\t\t\t\t\t\t<\/div> ","protected":false},"excerpt":{"rendered":"<p>Zakaj je najem va\u0161a trajnostna izbira? Nedavne raziskave so ugotovile da je lahko najem 30-50% okolju prijaznej\u0161i, ko govorimo o emisijah toplogrednih plinov. To pomeni, da najem opreme igra pomembno vlogo za izvajalce pri njihovem zasledovanju trajnostnih ciljev. Evropsko zdru\u017eenje za najem ERA&nbsp;(angl. The European Rental Association) zastopa interese podjetij za najem opreme po Evropi &hellip; <a href=\"https:\/\/riwal-wpn.acceptatie.indicia-interactiv.nl\/sl\/o-riwalu\/trajnost\/zakaj-najem\/\">Se nadaljuje<\/a><\/p>\n","protected":false},"author":45,"featured_media":0,"parent":3834,"menu_order":0,"comment_status":"closed","ping_status":"closed","template":"","meta":{"_acf_changed":false,"editor_notices":[],"footnotes":""},"class_list":["post-3882","page","type-page","status-publish","hentry"],"acf":[],"yoast_head":"<!-- This site is optimized with the Yoast SEO Premium plugin v27.1 (Yoast SEO v27.1.1) - https:\/\/yoast.com\/product\/yoast-seo-premium-wordpress\/ -->\n<title>Zakaj najem - Riwal Slovenija<\/title>\n<meta name=\"robots\" content=\"noindex, follow, max-snippet:-1, max-image-preview:large, max-video-preview:-1\" \/>\n<meta property=\"og:locale\" content=\"sl_SI\" \/>\n<meta property=\"og:type\" content=\"article\" \/>\n<meta property=\"og:title\" content=\"Zakaj najem\" \/>\n<meta property=\"og:description\" content=\"Zakaj je najem va\u0161a trajnostna izbira? Nedavne raziskave so ugotovile da je lahko najem 30-50% okolju prijaznej\u0161i, ko govorimo o emisijah toplogrednih plinov. To pomeni, da najem opreme igra pomembno vlogo za izvajalce pri njihovem zasledovanju trajnostnih ciljev. Evropsko zdru\u017eenje za najem ERA&nbsp;(angl. The European Rental Association) zastopa interese podjetij za najem opreme po Evropi &hellip; Se nadaljuje\" \/>\n<meta property=\"og:url\" content=\"https:\/\/riwal-wpn.acceptatie.indicia-interactiv.nl\/sl\/o-riwalu\/trajnost\/zakaj-najem\/\" \/>\n<meta property=\"og:site_name\" content=\"Riwal Slovenija\" \/>\n<meta property=\"article:modified_time\" content=\"2024-02-03T19:33:14+00:00\" \/>\n<meta property=\"og:image\" content=\"https:\/\/riwal-wpn.acceptatie.indicia-interactiv.nl\/app\/uploads\/sites\/10\/2023\/09\/teaserSLO-1024x523.webp\" \/>\n<meta name=\"twitter:card\" content=\"summary_large_image\" \/>\n<script type=\"application\/ld+json\" class=\"yoast-schema-graph\">{\"@context\":\"https:\/\/schema.org\",\"@graph\":[{\"@type\":\"WebPage\",\"@id\":\"https:\/\/riwal-wpn.acceptatie.indicia-interactiv.nl\/sl\/o-riwalu\/trajnost\/zakaj-najem\/\",\"url\":\"https:\/\/riwal-wpn.acceptatie.indicia-interactiv.nl\/sl\/o-riwalu\/trajnost\/zakaj-najem\/\",\"name\":\"Zakaj najem - Riwal Slovenija\",\"isPartOf\":{\"@id\":\"https:\/\/riwal-wpn.acceptatie.indicia-interactiv.nl\/sl\/#website\"},\"primaryImageOfPage\":{\"@id\":\"https:\/\/riwal-wpn.acceptatie.indicia-interactiv.nl\/sl\/o-riwalu\/trajnost\/zakaj-najem\/#primaryimage\"},\"image\":{\"@id\":\"https:\/\/riwal-wpn.acceptatie.indicia-interactiv.nl\/sl\/o-riwalu\/trajnost\/zakaj-najem\/#primaryimage\"},\"thumbnailUrl\":\"https:\/\/riwal-wpn.acceptatie.indicia-interactiv.nl\/app\/uploads\/sites\/10\/2023\/09\/teaserSLO-1024x523.webp\",\"datePublished\":\"2023-09-12T22:47:04+00:00\",\"dateModified\":\"2024-02-03T19:33:14+00:00\",\"breadcrumb\":{\"@id\":\"https:\/\/riwal-wpn.acceptatie.indicia-interactiv.nl\/sl\/o-riwalu\/trajnost\/zakaj-najem\/#breadcrumb\"},\"inLanguage\":\"sl-SI\",\"potentialAction\":[{\"@type\":\"ReadAction\",\"target\":[\"https:\/\/riwal-wpn.acceptatie.indicia-interactiv.nl\/sl\/o-riwalu\/trajnost\/zakaj-najem\/\"]}]},{\"@type\":\"ImageObject\",\"inLanguage\":\"sl-SI\",\"@id\":\"https:\/\/riwal-wpn.acceptatie.indicia-interactiv.nl\/sl\/o-riwalu\/trajnost\/zakaj-najem\/#primaryimage\",\"url\":\"https:\/\/riwal-wpn.acceptatie.indicia-interactiv.nl\/app\/uploads\/sites\/10\/2023\/09\/teaserSLO-1024x523.webp\",\"contentUrl\":\"https:\/\/riwal-wpn.acceptatie.indicia-interactiv.nl\/app\/uploads\/sites\/10\/2023\/09\/teaserSLO-1024x523.webp\"},{\"@type\":\"BreadcrumbList\",\"@id\":\"https:\/\/riwal-wpn.acceptatie.indicia-interactiv.nl\/sl\/o-riwalu\/trajnost\/zakaj-najem\/#breadcrumb\",\"itemListElement\":[{\"@type\":\"ListItem\",\"position\":1,\"name\":\"Domov\",\"item\":\"https:\/\/riwal-wpn.acceptatie.indicia-interactiv.nl\/sl\/\"},{\"@type\":\"ListItem\",\"position\":2,\"name\":\"O riwalu\",\"item\":\"https:\/\/riwal-wpn.acceptatie.indicia-interactiv.nl\/sl\/o-riwalu\/\"},{\"@type\":\"ListItem\",\"position\":3,\"name\":\"Trajnost\",\"item\":\"https:\/\/riwal-wpn.acceptatie.indicia-interactiv.nl\/sl\/o-riwalu\/trajnost\/\"},{\"@type\":\"ListItem\",\"position\":4,\"name\":\"Zakaj najem\"}]},{\"@type\":\"WebSite\",\"@id\":\"https:\/\/riwal-wpn.acceptatie.indicia-interactiv.nl\/sl\/#website\",\"url\":\"https:\/\/riwal-wpn.acceptatie.indicia-interactiv.nl\/sl\/\",\"name\":\"Riwal\",\"description\":\"Arial work platform &amp; Telehandler Rental\/Sales\",\"publisher\":{\"@id\":\"https:\/\/riwal-wpn.acceptatie.indicia-interactiv.nl\/sl\/#organization\"},\"potentialAction\":[{\"@type\":\"SearchAction\",\"target\":{\"@type\":\"EntryPoint\",\"urlTemplate\":\"https:\/\/riwal-wpn.acceptatie.indicia-interactiv.nl\/sl\/?s={search_term_string}\"},\"query-input\":{\"@type\":\"PropertyValueSpecification\",\"valueRequired\":true,\"valueName\":\"search_term_string\"}}],\"inLanguage\":\"sl-SI\"},{\"@type\":\"Organization\",\"@id\":\"https:\/\/riwal-wpn.acceptatie.indicia-interactiv.nl\/sl\/#organization\",\"name\":\"Riwal\",\"url\":\"https:\/\/riwal-wpn.acceptatie.indicia-interactiv.nl\/sl\/\",\"logo\":{\"@type\":\"ImageObject\",\"inLanguage\":\"sl-SI\",\"@id\":\"https:\/\/riwal-wpn.acceptatie.indicia-interactiv.nl\/sl\/#\/schema\/logo\/image\/\",\"url\":\"\",\"contentUrl\":\"\",\"caption\":\"Riwal\"},\"image\":{\"@id\":\"https:\/\/riwal-wpn.acceptatie.indicia-interactiv.nl\/sl\/#\/schema\/logo\/image\/\"}}]}<\/script>\n<!-- \/ Yoast SEO Premium plugin. -->","yoast_head_json":{"title":"Zakaj najem - Riwal Slovenija","robots":{"index":"noindex","follow":"follow","max-snippet":"max-snippet:-1","max-image-preview":"max-image-preview:large","max-video-preview":"max-video-preview:-1"},"og_locale":"sl_SI","og_type":"article","og_title":"Zakaj najem","og_description":"Zakaj je najem va\u0161a trajnostna izbira? Nedavne raziskave so ugotovile da je lahko najem 30-50% okolju prijaznej\u0161i, ko govorimo o emisijah toplogrednih plinov. To pomeni, da najem opreme igra pomembno vlogo za izvajalce pri njihovem zasledovanju trajnostnih ciljev. Evropsko zdru\u017eenje za najem ERA&nbsp;(angl. The European Rental Association) zastopa interese podjetij za najem opreme po Evropi &hellip; Se nadaljuje","og_url":"https:\/\/riwal-wpn.acceptatie.indicia-interactiv.nl\/sl\/o-riwalu\/trajnost\/zakaj-najem\/","og_site_name":"Riwal Slovenija","article_modified_time":"2024-02-03T19:33:14+00:00","og_image":[{"url":"https:\/\/riwal-wpn.acceptatie.indicia-interactiv.nl\/app\/uploads\/sites\/10\/2023\/09\/teaserSLO-1024x523.webp","type":"","width":"","height":""}],"twitter_card":"summary_large_image","schema":{"@context":"https:\/\/schema.org","@graph":[{"@type":"WebPage","@id":"https:\/\/riwal-wpn.acceptatie.indicia-interactiv.nl\/sl\/o-riwalu\/trajnost\/zakaj-najem\/","url":"https:\/\/riwal-wpn.acceptatie.indicia-interactiv.nl\/sl\/o-riwalu\/trajnost\/zakaj-najem\/","name":"Zakaj najem - Riwal Slovenija","isPartOf":{"@id":"https:\/\/riwal-wpn.acceptatie.indicia-interactiv.nl\/sl\/#website"},"primaryImageOfPage":{"@id":"https:\/\/riwal-wpn.acceptatie.indicia-interactiv.nl\/sl\/o-riwalu\/trajnost\/zakaj-najem\/#primaryimage"},"image":{"@id":"https:\/\/riwal-wpn.acceptatie.indicia-interactiv.nl\/sl\/o-riwalu\/trajnost\/zakaj-najem\/#primaryimage"},"thumbnailUrl":"https:\/\/riwal-wpn.acceptatie.indicia-interactiv.nl\/app\/uploads\/sites\/10\/2023\/09\/teaserSLO-1024x523.webp","datePublished":"2023-09-12T22:47:04+00:00","dateModified":"2024-02-03T19:33:14+00:00","breadcrumb":{"@id":"https:\/\/riwal-wpn.acceptatie.indicia-interactiv.nl\/sl\/o-riwalu\/trajnost\/zakaj-najem\/#breadcrumb"},"inLanguage":"sl-SI","potentialAction":[{"@type":"ReadAction","target":["https:\/\/riwal-wpn.acceptatie.indicia-interactiv.nl\/sl\/o-riwalu\/trajnost\/zakaj-najem\/"]}]},{"@type":"ImageObject","inLanguage":"sl-SI","@id":"https:\/\/riwal-wpn.acceptatie.indicia-interactiv.nl\/sl\/o-riwalu\/trajnost\/zakaj-najem\/#primaryimage","url":"https:\/\/riwal-wpn.acceptatie.indicia-interactiv.nl\/app\/uploads\/sites\/10\/2023\/09\/teaserSLO-1024x523.webp","contentUrl":"https:\/\/riwal-wpn.acceptatie.indicia-interactiv.nl\/app\/uploads\/sites\/10\/2023\/09\/teaserSLO-1024x523.webp"},{"@type":"BreadcrumbList","@id":"https:\/\/riwal-wpn.acceptatie.indicia-interactiv.nl\/sl\/o-riwalu\/trajnost\/zakaj-najem\/#breadcrumb","itemListElement":[{"@type":"ListItem","position":1,"name":"Domov","item":"https:\/\/riwal-wpn.acceptatie.indicia-interactiv.nl\/sl\/"},{"@type":"ListItem","position":2,"name":"O riwalu","item":"https:\/\/riwal-wpn.acceptatie.indicia-interactiv.nl\/sl\/o-riwalu\/"},{"@type":"ListItem","position":3,"name":"Trajnost","item":"https:\/\/riwal-wpn.acceptatie.indicia-interactiv.nl\/sl\/o-riwalu\/trajnost\/"},{"@type":"ListItem","position":4,"name":"Zakaj najem"}]},{"@type":"WebSite","@id":"https:\/\/riwal-wpn.acceptatie.indicia-interactiv.nl\/sl\/#website","url":"https:\/\/riwal-wpn.acceptatie.indicia-interactiv.nl\/sl\/","name":"Riwal","description":"Arial work platform &amp; Telehandler Rental\/Sales","publisher":{"@id":"https:\/\/riwal-wpn.acceptatie.indicia-interactiv.nl\/sl\/#organization"},"potentialAction":[{"@type":"SearchAction","target":{"@type":"EntryPoint","urlTemplate":"https:\/\/riwal-wpn.acceptatie.indicia-interactiv.nl\/sl\/?s={search_term_string}"},"query-input":{"@type":"PropertyValueSpecification","valueRequired":true,"valueName":"search_term_string"}}],"inLanguage":"sl-SI"},{"@type":"Organization","@id":"https:\/\/riwal-wpn.acceptatie.indicia-interactiv.nl\/sl\/#organization","name":"Riwal","url":"https:\/\/riwal-wpn.acceptatie.indicia-interactiv.nl\/sl\/","logo":{"@type":"ImageObject","inLanguage":"sl-SI","@id":"https:\/\/riwal-wpn.acceptatie.indicia-interactiv.nl\/sl\/#\/schema\/logo\/image\/","url":"","contentUrl":"","caption":"Riwal"},"image":{"@id":"https:\/\/riwal-wpn.acceptatie.indicia-interactiv.nl\/sl\/#\/schema\/logo\/image\/"}}]}},"_links":{"self":[{"href":"https:\/\/riwal-wpn.acceptatie.indicia-interactiv.nl\/sl\/wp-json\/wp\/v2\/pages\/3882","targetHints":{"allow":["GET"]}}],"collection":[{"href":"https:\/\/riwal-wpn.acceptatie.indicia-interactiv.nl\/sl\/wp-json\/wp\/v2\/pages"}],"about":[{"href":"https:\/\/riwal-wpn.acceptatie.indicia-interactiv.nl\/sl\/wp-json\/wp\/v2\/types\/page"}],"author":[{"embeddable":true,"href":"https:\/\/riwal-wpn.acceptatie.indicia-interactiv.nl\/sl\/wp-json\/wp\/v2\/users\/45"}],"replies":[{"embeddable":true,"href":"https:\/\/riwal-wpn.acceptatie.indicia-interactiv.nl\/sl\/wp-json\/wp\/v2\/comments?post=3882"}],"version-history":[{"count":6,"href":"https:\/\/riwal-wpn.acceptatie.indicia-interactiv.nl\/sl\/wp-json\/wp\/v2\/pages\/3882\/revisions"}],"predecessor-version":[{"id":5466,"href":"https:\/\/riwal-wpn.acceptatie.indicia-interactiv.nl\/sl\/wp-json\/wp\/v2\/pages\/3882\/revisions\/5466"}],"up":[{"embeddable":true,"href":"https:\/\/riwal-wpn.acceptatie.indicia-interactiv.nl\/sl\/wp-json\/wp\/v2\/pages\/3834"}],"wp:attachment":[{"href":"https:\/\/riwal-wpn.acceptatie.indicia-interactiv.nl\/sl\/wp-json\/wp\/v2\/media?parent=3882"}],"curies":[{"name":"wp","href":"https:\/\/api.w.org\/{rel}","templated":true}]}}