{"id":4081,"date":"2023-09-30T20:40:23","date_gmt":"2023-09-30T20:40:23","guid":{"rendered":"https:\/\/riwal-wpn.acceptatie.indicia-interactiv.nl\/sl\/?page_id=4081"},"modified":"2024-01-21T13:20:44","modified_gmt":"2024-01-21T13:20:44","slug":"logistika-in-skladiscenje","status":"publish","type":"page","link":"https:\/\/riwal-wpn.acceptatie.indicia-interactiv.nl\/sl\/strokovno-znanje\/panoge\/logistika-in-skladiscenje\/","title":{"rendered":"Logistika in skladi\u0161\u010denje"},"content":{"rendered":"<div class=\"rental-wp-default-block rental-theme-block-default-margin\">\n\t\t\t\t\t\t\t\t<div class=\"container\">\n<div class=\"wp-block-columns is-layout-flex wp-container-core-columns-is-layout-28f84493 wp-block-columns-is-layout-flex\">\n<div class=\"wp-block-column is-layout-flow wp-block-column-is-layout-flow\" style=\"flex-basis:66.66%\">\n<h2 class=\"wp-block-heading\" id=\"h-logistika-in-skladiscenje\">Logistika in skladi\u0161\u010denje<\/h2>\n\n\n\n<p>Razli\u010dna dela v logistiki in pri skladi\u0161\u010denju zahtevajo razli\u010dne re\u0161itve. Poleg obi\u010dajne ponudbe izdelkov lahko pri Riwalu stroje tudi prilagodimo na razli\u010dne na\u010dine, tako da je z njimi mogo\u010de opraviti zahtevana dela.<\/p>\n\n\n\n<p>Tovorni transport, dvigovanje tovora ali vzdr\u017eevanje v skladi\u0161\u010dih: Riwal ponuja re\u0161itve po meri za vse vrste delovnih aktivnosti. Stroj je mogo\u010de povsem prilagoditi zahtevam stranke in naravi dela. \u010ce je delo treba opraviti med ozkima prehodoma, Riwal zagotovi o\u017eje dvigalo z navpi\u010dnim dosegom. Uporaba posebnih elektri\u010dnih strojev pomeni tudi, da vas v prostorih ne bodo motili izpu\u0161ni plini. &nbsp;Alternativna mo\u017enost je dizelski motor s filtrom delcev.<\/p>\n\n\n\n<p>\u010ce niste prepri\u010dani, kateri stroj je najbolj\u0161a re\u0161itev, lahko zahtevate izvedensko mnenje o delu. Riwalov uslu\u017ebenec bo ocenil polo\u017eaj na mestu, kjer bo stroj uporabljen, in vam svetoval pri izbiri.<\/p>\n\n\n\n<div class=\"wp-block-columns is-layout-flex wp-container-core-columns-is-layout-28f84493 wp-block-columns-is-layout-flex\">\n<div class=\"wp-block-column is-layout-flow wp-block-column-is-layout-flow\">\n<figure class=\"wp-block-image size-full\"><img loading=\"lazy\" decoding=\"async\" width=\"475\" height=\"380\" src=\"https:\/\/riwal-wpn.acceptatie.indicia-interactiv.nl\/app\/uploads\/sites\/10\/2023\/09\/Logist2-carr.webp\" alt=\"\" class=\"wp-image-4084\" srcset=\"https:\/\/riwal-wpn.acceptatie.indicia-interactiv.nl\/app\/uploads\/sites\/10\/2023\/09\/Logist2-carr.webp 475w, https:\/\/riwal-wpn.acceptatie.indicia-interactiv.nl\/app\/uploads\/sites\/10\/2023\/09\/Logist2-carr-300x240.webp 300w, https:\/\/riwal-wpn.acceptatie.indicia-interactiv.nl\/app\/uploads\/sites\/10\/2023\/09\/Logist2-carr-178x142.webp 178w, https:\/\/riwal-wpn.acceptatie.indicia-interactiv.nl\/app\/uploads\/sites\/10\/2023\/09\/Logist2-carr-390x312.webp 390w, https:\/\/riwal-wpn.acceptatie.indicia-interactiv.nl\/app\/uploads\/sites\/10\/2023\/09\/Logist2-carr-250x200.webp 250w\" sizes=\"auto, (max-width: 475px) 100vw, 475px\" \/><\/figure>\n<\/div>\n<\/div>\n\n\n\n<p><\/p>\n\n\n\n<h3 class=\"wp-block-heading\" id=\"h-vam-na-voljo\">VAM NA VOLJO<\/h3>\n\n\n\n<div class=\"wp-block-columns is-layout-flex wp-container-core-columns-is-layout-28f84493 wp-block-columns-is-layout-flex\">\n<div class=\"wp-block-column is-layout-flow wp-block-column-is-layout-flow\">\n<figure class=\"wp-block-image size-full\"><img loading=\"lazy\" decoding=\"async\" width=\"800\" height=\"600\" src=\"https:\/\/riwal-wpn.acceptatie.indicia-interactiv.nl\/app\/uploads\/sites\/10\/2023\/09\/Info-platforma3.webp\" alt=\"\" class=\"wp-image-4085\" srcset=\"https:\/\/riwal-wpn.acceptatie.indicia-interactiv.nl\/app\/uploads\/sites\/10\/2023\/09\/Info-platforma3.webp 800w, https:\/\/riwal-wpn.acceptatie.indicia-interactiv.nl\/app\/uploads\/sites\/10\/2023\/09\/Info-platforma3-300x225.webp 300w, https:\/\/riwal-wpn.acceptatie.indicia-interactiv.nl\/app\/uploads\/sites\/10\/2023\/09\/Info-platforma3-768x576.webp 768w, https:\/\/riwal-wpn.acceptatie.indicia-interactiv.nl\/app\/uploads\/sites\/10\/2023\/09\/Info-platforma3-178x134.webp 178w, https:\/\/riwal-wpn.acceptatie.indicia-interactiv.nl\/app\/uploads\/sites\/10\/2023\/09\/Info-platforma3-390x293.webp 390w, https:\/\/riwal-wpn.acceptatie.indicia-interactiv.nl\/app\/uploads\/sites\/10\/2023\/09\/Info-platforma3-250x188.webp 250w\" sizes=\"auto, (max-width: 800px) 100vw, 800px\" \/><\/figure>\n<\/div>\n\n\n\n<div class=\"wp-block-column is-layout-flow wp-block-column-is-layout-flow\">\n<p><strong>\u0160karjaste dvi\u017ene plo\u0161\u010dadi<\/strong><\/p>\n\n\n\n<ul class=\"wp-block-list\">\n<li>Delovna vi\u0161ina do 18 m<\/li>\n\n\n\n<li>Nosilnost do 1000 kg<\/li>\n<\/ul>\n\n\n\n<p><strong>Teleskopski vili\u010darji<\/strong><\/p>\n\n\n\n<ul class=\"wp-block-list\">\n<li>Vi\u0161ina dviga do 21 m<\/li>\n\n\n\n<li>Obremenitev do 5000 kg<\/li>\n<\/ul>\n<\/div>\n<\/div>\n<\/div>\n\n\n\n<div class=\"wp-block-column is-layout-flow wp-block-column-is-layout-flow\" style=\"flex-basis:33.33%\">\n<figure class=\"wp-block-image size-full\"><img loading=\"lazy\" decoding=\"async\" width=\"475\" height=\"380\" src=\"https:\/\/riwal-wpn.acceptatie.indicia-interactiv.nl\/app\/uploads\/sites\/10\/2023\/09\/Logist1-carr.webp\" alt=\"\" class=\"wp-image-4083\" srcset=\"https:\/\/riwal-wpn.acceptatie.indicia-interactiv.nl\/app\/uploads\/sites\/10\/2023\/09\/Logist1-carr.webp 475w, https:\/\/riwal-wpn.acceptatie.indicia-interactiv.nl\/app\/uploads\/sites\/10\/2023\/09\/Logist1-carr-300x240.webp 300w, https:\/\/riwal-wpn.acceptatie.indicia-interactiv.nl\/app\/uploads\/sites\/10\/2023\/09\/Logist1-carr-178x142.webp 178w, https:\/\/riwal-wpn.acceptatie.indicia-interactiv.nl\/app\/uploads\/sites\/10\/2023\/09\/Logist1-carr-390x312.webp 390w, https:\/\/riwal-wpn.acceptatie.indicia-interactiv.nl\/app\/uploads\/sites\/10\/2023\/09\/Logist1-carr-250x200.webp 250w\" sizes=\"auto, (max-width: 475px) 100vw, 475px\" \/><\/figure>\n<\/div>\n<\/div>\n<\/div>\n\t\t\t\t\t\t\t<\/div> \n\n<div class=\"rental-wp-default-block rental-theme-block-default-margin\">\n\t\t\t\t\t\t\t\t<div class=\"container\">\n<div class=\"wp-block-columns is-layout-flex wp-container-core-columns-is-layout-28f84493 wp-block-columns-is-layout-flex\">\n<div class=\"wp-block-column is-layout-flow wp-block-column-is-layout-flow\" style=\"flex-basis:100%\">\n<div class=\"wp-block-group is-layout-constrained wp-block-group-is-layout-constrained\">\n<div class=\"wp-block-columns is-layout-flex wp-container-core-columns-is-layout-28f84493 wp-block-columns-is-layout-flex\">\n<div class=\"wp-block-column is-layout-flow wp-block-column-is-layout-flow\">\n<figure class=\"wp-block-image size-full\"><img loading=\"lazy\" decoding=\"async\" width=\"600\" height=\"300\" src=\"https:\/\/riwal-wpn.acceptatie.indicia-interactiv.nl\/app\/uploads\/sites\/10\/2023\/09\/Gradnja-teas-1.webp\" alt=\"\" class=\"wp-image-4036\" srcset=\"https:\/\/riwal-wpn.acceptatie.indicia-interactiv.nl\/app\/uploads\/sites\/10\/2023\/09\/Gradnja-teas-1.webp 600w, https:\/\/riwal-wpn.acceptatie.indicia-interactiv.nl\/app\/uploads\/sites\/10\/2023\/09\/Gradnja-teas-1-300x150.webp 300w, https:\/\/riwal-wpn.acceptatie.indicia-interactiv.nl\/app\/uploads\/sites\/10\/2023\/09\/Gradnja-teas-1-178x89.webp 178w, https:\/\/riwal-wpn.acceptatie.indicia-interactiv.nl\/app\/uploads\/sites\/10\/2023\/09\/Gradnja-teas-1-390x195.webp 390w, https:\/\/riwal-wpn.acceptatie.indicia-interactiv.nl\/app\/uploads\/sites\/10\/2023\/09\/Gradnja-teas-1-250x125.webp 250w\" sizes=\"auto, (max-width: 600px) 100vw, 600px\" \/><\/figure>\n\n\n\n<div class=\"wp-block-buttons is-layout-flex wp-block-buttons-is-layout-flex\">\n<div class=\"wp-block-button\"><a class=\"wp-block-button__link wp-element-button\" href=\"\/sl\/strokovno-znanje\/panoge\/gradbenistvo\/\">Gradbeni\u0161tvo<\/a><\/div>\n<\/div>\n<\/div>\n\n\n\n<div class=\"wp-block-column is-layout-flow wp-block-column-is-layout-flow\">\n<figure class=\"wp-block-image size-full\"><img loading=\"lazy\" decoding=\"async\" width=\"600\" height=\"300\" src=\"https:\/\/riwal-wpn.acceptatie.indicia-interactiv.nl\/app\/uploads\/sites\/10\/2023\/09\/Vladne-teas.webp\" alt=\"\" class=\"wp-image-4038\" srcset=\"https:\/\/riwal-wpn.acceptatie.indicia-interactiv.nl\/app\/uploads\/sites\/10\/2023\/09\/Vladne-teas.webp 600w, https:\/\/riwal-wpn.acceptatie.indicia-interactiv.nl\/app\/uploads\/sites\/10\/2023\/09\/Vladne-teas-300x150.webp 300w, https:\/\/riwal-wpn.acceptatie.indicia-interactiv.nl\/app\/uploads\/sites\/10\/2023\/09\/Vladne-teas-178x89.webp 178w, https:\/\/riwal-wpn.acceptatie.indicia-interactiv.nl\/app\/uploads\/sites\/10\/2023\/09\/Vladne-teas-390x195.webp 390w, https:\/\/riwal-wpn.acceptatie.indicia-interactiv.nl\/app\/uploads\/sites\/10\/2023\/09\/Vladne-teas-250x125.webp 250w\" sizes=\"auto, (max-width: 600px) 100vw, 600px\" \/><\/figure>\n\n\n\n<div class=\"wp-block-buttons is-layout-flex wp-block-buttons-is-layout-flex\">\n<div class=\"wp-block-button\"><a class=\"wp-block-button__link wp-element-button\" href=\"\/sl\/strokovno-znanje\/panoge\/vladne-sluzbe\/\">Vladne slu\u017ebe<\/a><\/div>\n<\/div>\n<\/div>\n\n\n\n<div class=\"wp-block-column is-layout-flow wp-block-column-is-layout-flow\">\n<figure class=\"wp-block-image size-full\"><img loading=\"lazy\" decoding=\"async\" width=\"600\" height=\"300\" src=\"https:\/\/riwal-wpn.acceptatie.indicia-interactiv.nl\/app\/uploads\/sites\/10\/2023\/09\/Plesk-teas.webp\" alt=\"\" class=\"wp-image-4040\" srcset=\"https:\/\/riwal-wpn.acceptatie.indicia-interactiv.nl\/app\/uploads\/sites\/10\/2023\/09\/Plesk-teas.webp 600w, https:\/\/riwal-wpn.acceptatie.indicia-interactiv.nl\/app\/uploads\/sites\/10\/2023\/09\/Plesk-teas-300x150.webp 300w, https:\/\/riwal-wpn.acceptatie.indicia-interactiv.nl\/app\/uploads\/sites\/10\/2023\/09\/Plesk-teas-178x89.webp 178w, https:\/\/riwal-wpn.acceptatie.indicia-interactiv.nl\/app\/uploads\/sites\/10\/2023\/09\/Plesk-teas-390x195.webp 390w, https:\/\/riwal-wpn.acceptatie.indicia-interactiv.nl\/app\/uploads\/sites\/10\/2023\/09\/Plesk-teas-250x125.webp 250w\" sizes=\"auto, (max-width: 600px) 100vw, 600px\" \/><\/figure>\n\n\n\n<div class=\"wp-block-buttons is-layout-flex wp-block-buttons-is-layout-flex\">\n<div class=\"wp-block-button\"><a class=\"wp-block-button__link wp-element-button\" href=\"\/sl\/strokovno-znanje\/panoge\/pleskanje\/\">Pleskanje<\/a><\/div>\n<\/div>\n<\/div>\n<\/div>\n<\/div>\n<\/div>\n<\/div>\n<\/div>\n\t\t\t\t\t\t\t<\/div> ","protected":false},"excerpt":{"rendered":"<p>Logistika in skladi\u0161\u010denje Razli\u010dna dela v logistiki in pri skladi\u0161\u010denju zahtevajo razli\u010dne re\u0161itve. Poleg obi\u010dajne ponudbe izdelkov lahko pri Riwalu stroje tudi prilagodimo na razli\u010dne na\u010dine, tako da je z njimi mogo\u010de opraviti zahtevana dela. Tovorni transport, dvigovanje tovora ali vzdr\u017eevanje v skladi\u0161\u010dih: Riwal ponuja re\u0161itve po meri za vse vrste delovnih aktivnosti. Stroj je &hellip; <a href=\"https:\/\/riwal-wpn.acceptatie.indicia-interactiv.nl\/sl\/strokovno-znanje\/panoge\/logistika-in-skladiscenje\/\">Se nadaljuje<\/a><\/p>\n","protected":false},"author":45,"featured_media":0,"parent":4033,"menu_order":0,"comment_status":"closed","ping_status":"closed","template":"","meta":{"_acf_changed":false,"editor_notices":[],"footnotes":""},"class_list":["post-4081","page","type-page","status-publish","hentry"],"acf":[],"yoast_head":"<!-- This site is optimized with the Yoast SEO Premium plugin v27.1 (Yoast SEO v27.1.1) - https:\/\/yoast.com\/product\/yoast-seo-premium-wordpress\/ -->\n<title>Logistika in skladi\u0161\u010denje - Riwal Slovenija<\/title>\n<meta name=\"robots\" content=\"noindex, follow, max-snippet:-1, max-image-preview:large, max-video-preview:-1\" \/>\n<meta property=\"og:locale\" content=\"sl_SI\" \/>\n<meta property=\"og:type\" content=\"article\" \/>\n<meta property=\"og:title\" content=\"Logistika in skladi\u0161\u010denje\" \/>\n<meta property=\"og:description\" content=\"Logistika in skladi\u0161\u010denje Razli\u010dna dela v logistiki in pri skladi\u0161\u010denju zahtevajo razli\u010dne re\u0161itve. Poleg obi\u010dajne ponudbe izdelkov lahko pri Riwalu stroje tudi prilagodimo na razli\u010dne na\u010dine, tako da je z njimi mogo\u010de opraviti zahtevana dela. Tovorni transport, dvigovanje tovora ali vzdr\u017eevanje v skladi\u0161\u010dih: Riwal ponuja re\u0161itve po meri za vse vrste delovnih aktivnosti. Stroj je &hellip; Se nadaljuje\" \/>\n<meta property=\"og:url\" content=\"https:\/\/riwal-wpn.acceptatie.indicia-interactiv.nl\/sl\/strokovno-znanje\/panoge\/logistika-in-skladiscenje\/\" \/>\n<meta property=\"og:site_name\" content=\"Riwal Slovenija\" \/>\n<meta property=\"article:modified_time\" content=\"2024-01-21T13:20:44+00:00\" \/>\n<meta property=\"og:image\" content=\"https:\/\/riwal-wpn.acceptatie.indicia-interactiv.nl\/app\/uploads\/sites\/10\/2023\/09\/Logist2-carr.webp\" \/>\n<meta name=\"twitter:card\" content=\"summary_large_image\" \/>\n<meta name=\"twitter:label1\" content=\"Est. reading time\" \/>\n\t<meta name=\"twitter:data1\" content=\"3 minute\" \/>\n<script type=\"application\/ld+json\" class=\"yoast-schema-graph\">{\"@context\":\"https:\/\/schema.org\",\"@graph\":[{\"@type\":\"WebPage\",\"@id\":\"https:\/\/riwal-wpn.acceptatie.indicia-interactiv.nl\/sl\/strokovno-znanje\/panoge\/logistika-in-skladiscenje\/\",\"url\":\"https:\/\/riwal-wpn.acceptatie.indicia-interactiv.nl\/sl\/strokovno-znanje\/panoge\/logistika-in-skladiscenje\/\",\"name\":\"Logistika in skladi\u0161\u010denje - Riwal Slovenija\",\"isPartOf\":{\"@id\":\"https:\/\/riwal-wpn.acceptatie.indicia-interactiv.nl\/sl\/#website\"},\"primaryImageOfPage\":{\"@id\":\"https:\/\/riwal-wpn.acceptatie.indicia-interactiv.nl\/sl\/strokovno-znanje\/panoge\/logistika-in-skladiscenje\/#primaryimage\"},\"image\":{\"@id\":\"https:\/\/riwal-wpn.acceptatie.indicia-interactiv.nl\/sl\/strokovno-znanje\/panoge\/logistika-in-skladiscenje\/#primaryimage\"},\"thumbnailUrl\":\"https:\/\/riwal-wpn.acceptatie.indicia-interactiv.nl\/app\/uploads\/sites\/10\/2023\/09\/Logist2-carr.webp\",\"datePublished\":\"2023-09-30T20:40:23+00:00\",\"dateModified\":\"2024-01-21T13:20:44+00:00\",\"breadcrumb\":{\"@id\":\"https:\/\/riwal-wpn.acceptatie.indicia-interactiv.nl\/sl\/strokovno-znanje\/panoge\/logistika-in-skladiscenje\/#breadcrumb\"},\"inLanguage\":\"sl-SI\",\"potentialAction\":[{\"@type\":\"ReadAction\",\"target\":[\"https:\/\/riwal-wpn.acceptatie.indicia-interactiv.nl\/sl\/strokovno-znanje\/panoge\/logistika-in-skladiscenje\/\"]}]},{\"@type\":\"ImageObject\",\"inLanguage\":\"sl-SI\",\"@id\":\"https:\/\/riwal-wpn.acceptatie.indicia-interactiv.nl\/sl\/strokovno-znanje\/panoge\/logistika-in-skladiscenje\/#primaryimage\",\"url\":\"https:\/\/riwal-wpn.acceptatie.indicia-interactiv.nl\/app\/uploads\/sites\/10\/2023\/09\/Logist2-carr.webp\",\"contentUrl\":\"https:\/\/riwal-wpn.acceptatie.indicia-interactiv.nl\/app\/uploads\/sites\/10\/2023\/09\/Logist2-carr.webp\"},{\"@type\":\"BreadcrumbList\",\"@id\":\"https:\/\/riwal-wpn.acceptatie.indicia-interactiv.nl\/sl\/strokovno-znanje\/panoge\/logistika-in-skladiscenje\/#breadcrumb\",\"itemListElement\":[{\"@type\":\"ListItem\",\"position\":1,\"name\":\"Domov\",\"item\":\"https:\/\/riwal-wpn.acceptatie.indicia-interactiv.nl\/sl\/\"},{\"@type\":\"ListItem\",\"position\":2,\"name\":\"Strokovno znanje\",\"item\":\"https:\/\/riwal-wpn.acceptatie.indicia-interactiv.nl\/sl\/strokovno-znanje\/\"},{\"@type\":\"ListItem\",\"position\":3,\"name\":\"Panoge\",\"item\":\"https:\/\/riwal-wpn.acceptatie.indicia-interactiv.nl\/sl\/strokovno-znanje\/panoge\/\"},{\"@type\":\"ListItem\",\"position\":4,\"name\":\"Logistika in skladi\u0161\u010denje\"}]},{\"@type\":\"WebSite\",\"@id\":\"https:\/\/riwal-wpn.acceptatie.indicia-interactiv.nl\/sl\/#website\",\"url\":\"https:\/\/riwal-wpn.acceptatie.indicia-interactiv.nl\/sl\/\",\"name\":\"Riwal\",\"description\":\"Arial work platform &amp; Telehandler Rental\/Sales\",\"publisher\":{\"@id\":\"https:\/\/riwal-wpn.acceptatie.indicia-interactiv.nl\/sl\/#organization\"},\"potentialAction\":[{\"@type\":\"SearchAction\",\"target\":{\"@type\":\"EntryPoint\",\"urlTemplate\":\"https:\/\/riwal-wpn.acceptatie.indicia-interactiv.nl\/sl\/?s={search_term_string}\"},\"query-input\":{\"@type\":\"PropertyValueSpecification\",\"valueRequired\":true,\"valueName\":\"search_term_string\"}}],\"inLanguage\":\"sl-SI\"},{\"@type\":\"Organization\",\"@id\":\"https:\/\/riwal-wpn.acceptatie.indicia-interactiv.nl\/sl\/#organization\",\"name\":\"Riwal\",\"url\":\"https:\/\/riwal-wpn.acceptatie.indicia-interactiv.nl\/sl\/\",\"logo\":{\"@type\":\"ImageObject\",\"inLanguage\":\"sl-SI\",\"@id\":\"https:\/\/riwal-wpn.acceptatie.indicia-interactiv.nl\/sl\/#\/schema\/logo\/image\/\",\"url\":\"\",\"contentUrl\":\"\",\"caption\":\"Riwal\"},\"image\":{\"@id\":\"https:\/\/riwal-wpn.acceptatie.indicia-interactiv.nl\/sl\/#\/schema\/logo\/image\/\"}}]}<\/script>\n<!-- \/ Yoast SEO Premium plugin. -->","yoast_head_json":{"title":"Logistika in skladi\u0161\u010denje - Riwal Slovenija","robots":{"index":"noindex","follow":"follow","max-snippet":"max-snippet:-1","max-image-preview":"max-image-preview:large","max-video-preview":"max-video-preview:-1"},"og_locale":"sl_SI","og_type":"article","og_title":"Logistika in skladi\u0161\u010denje","og_description":"Logistika in skladi\u0161\u010denje Razli\u010dna dela v logistiki in pri skladi\u0161\u010denju zahtevajo razli\u010dne re\u0161itve. Poleg obi\u010dajne ponudbe izdelkov lahko pri Riwalu stroje tudi prilagodimo na razli\u010dne na\u010dine, tako da je z njimi mogo\u010de opraviti zahtevana dela. Tovorni transport, dvigovanje tovora ali vzdr\u017eevanje v skladi\u0161\u010dih: Riwal ponuja re\u0161itve po meri za vse vrste delovnih aktivnosti. Stroj je &hellip; Se nadaljuje","og_url":"https:\/\/riwal-wpn.acceptatie.indicia-interactiv.nl\/sl\/strokovno-znanje\/panoge\/logistika-in-skladiscenje\/","og_site_name":"Riwal Slovenija","article_modified_time":"2024-01-21T13:20:44+00:00","og_image":[{"url":"https:\/\/riwal-wpn.acceptatie.indicia-interactiv.nl\/app\/uploads\/sites\/10\/2023\/09\/Logist2-carr.webp","type":"","width":"","height":""}],"twitter_card":"summary_large_image","twitter_misc":{"Est. reading time":"3 minute"},"schema":{"@context":"https:\/\/schema.org","@graph":[{"@type":"WebPage","@id":"https:\/\/riwal-wpn.acceptatie.indicia-interactiv.nl\/sl\/strokovno-znanje\/panoge\/logistika-in-skladiscenje\/","url":"https:\/\/riwal-wpn.acceptatie.indicia-interactiv.nl\/sl\/strokovno-znanje\/panoge\/logistika-in-skladiscenje\/","name":"Logistika in skladi\u0161\u010denje - Riwal Slovenija","isPartOf":{"@id":"https:\/\/riwal-wpn.acceptatie.indicia-interactiv.nl\/sl\/#website"},"primaryImageOfPage":{"@id":"https:\/\/riwal-wpn.acceptatie.indicia-interactiv.nl\/sl\/strokovno-znanje\/panoge\/logistika-in-skladiscenje\/#primaryimage"},"image":{"@id":"https:\/\/riwal-wpn.acceptatie.indicia-interactiv.nl\/sl\/strokovno-znanje\/panoge\/logistika-in-skladiscenje\/#primaryimage"},"thumbnailUrl":"https:\/\/riwal-wpn.acceptatie.indicia-interactiv.nl\/app\/uploads\/sites\/10\/2023\/09\/Logist2-carr.webp","datePublished":"2023-09-30T20:40:23+00:00","dateModified":"2024-01-21T13:20:44+00:00","breadcrumb":{"@id":"https:\/\/riwal-wpn.acceptatie.indicia-interactiv.nl\/sl\/strokovno-znanje\/panoge\/logistika-in-skladiscenje\/#breadcrumb"},"inLanguage":"sl-SI","potentialAction":[{"@type":"ReadAction","target":["https:\/\/riwal-wpn.acceptatie.indicia-interactiv.nl\/sl\/strokovno-znanje\/panoge\/logistika-in-skladiscenje\/"]}]},{"@type":"ImageObject","inLanguage":"sl-SI","@id":"https:\/\/riwal-wpn.acceptatie.indicia-interactiv.nl\/sl\/strokovno-znanje\/panoge\/logistika-in-skladiscenje\/#primaryimage","url":"https:\/\/riwal-wpn.acceptatie.indicia-interactiv.nl\/app\/uploads\/sites\/10\/2023\/09\/Logist2-carr.webp","contentUrl":"https:\/\/riwal-wpn.acceptatie.indicia-interactiv.nl\/app\/uploads\/sites\/10\/2023\/09\/Logist2-carr.webp"},{"@type":"BreadcrumbList","@id":"https:\/\/riwal-wpn.acceptatie.indicia-interactiv.nl\/sl\/strokovno-znanje\/panoge\/logistika-in-skladiscenje\/#breadcrumb","itemListElement":[{"@type":"ListItem","position":1,"name":"Domov","item":"https:\/\/riwal-wpn.acceptatie.indicia-interactiv.nl\/sl\/"},{"@type":"ListItem","position":2,"name":"Strokovno znanje","item":"https:\/\/riwal-wpn.acceptatie.indicia-interactiv.nl\/sl\/strokovno-znanje\/"},{"@type":"ListItem","position":3,"name":"Panoge","item":"https:\/\/riwal-wpn.acceptatie.indicia-interactiv.nl\/sl\/strokovno-znanje\/panoge\/"},{"@type":"ListItem","position":4,"name":"Logistika in skladi\u0161\u010denje"}]},{"@type":"WebSite","@id":"https:\/\/riwal-wpn.acceptatie.indicia-interactiv.nl\/sl\/#website","url":"https:\/\/riwal-wpn.acceptatie.indicia-interactiv.nl\/sl\/","name":"Riwal","description":"Arial work platform &amp; Telehandler Rental\/Sales","publisher":{"@id":"https:\/\/riwal-wpn.acceptatie.indicia-interactiv.nl\/sl\/#organization"},"potentialAction":[{"@type":"SearchAction","target":{"@type":"EntryPoint","urlTemplate":"https:\/\/riwal-wpn.acceptatie.indicia-interactiv.nl\/sl\/?s={search_term_string}"},"query-input":{"@type":"PropertyValueSpecification","valueRequired":true,"valueName":"search_term_string"}}],"inLanguage":"sl-SI"},{"@type":"Organization","@id":"https:\/\/riwal-wpn.acceptatie.indicia-interactiv.nl\/sl\/#organization","name":"Riwal","url":"https:\/\/riwal-wpn.acceptatie.indicia-interactiv.nl\/sl\/","logo":{"@type":"ImageObject","inLanguage":"sl-SI","@id":"https:\/\/riwal-wpn.acceptatie.indicia-interactiv.nl\/sl\/#\/schema\/logo\/image\/","url":"","contentUrl":"","caption":"Riwal"},"image":{"@id":"https:\/\/riwal-wpn.acceptatie.indicia-interactiv.nl\/sl\/#\/schema\/logo\/image\/"}}]}},"_links":{"self":[{"href":"https:\/\/riwal-wpn.acceptatie.indicia-interactiv.nl\/sl\/wp-json\/wp\/v2\/pages\/4081","targetHints":{"allow":["GET"]}}],"collection":[{"href":"https:\/\/riwal-wpn.acceptatie.indicia-interactiv.nl\/sl\/wp-json\/wp\/v2\/pages"}],"about":[{"href":"https:\/\/riwal-wpn.acceptatie.indicia-interactiv.nl\/sl\/wp-json\/wp\/v2\/types\/page"}],"author":[{"embeddable":true,"href":"https:\/\/riwal-wpn.acceptatie.indicia-interactiv.nl\/sl\/wp-json\/wp\/v2\/users\/45"}],"replies":[{"embeddable":true,"href":"https:\/\/riwal-wpn.acceptatie.indicia-interactiv.nl\/sl\/wp-json\/wp\/v2\/comments?post=4081"}],"version-history":[{"count":3,"href":"https:\/\/riwal-wpn.acceptatie.indicia-interactiv.nl\/sl\/wp-json\/wp\/v2\/pages\/4081\/revisions"}],"predecessor-version":[{"id":4650,"href":"https:\/\/riwal-wpn.acceptatie.indicia-interactiv.nl\/sl\/wp-json\/wp\/v2\/pages\/4081\/revisions\/4650"}],"up":[{"embeddable":true,"href":"https:\/\/riwal-wpn.acceptatie.indicia-interactiv.nl\/sl\/wp-json\/wp\/v2\/pages\/4033"}],"wp:attachment":[{"href":"https:\/\/riwal-wpn.acceptatie.indicia-interactiv.nl\/sl\/wp-json\/wp\/v2\/media?parent=4081"}],"curies":[{"name":"wp","href":"https:\/\/api.w.org\/{rel}","templated":true}]}}