{"id":1193,"date":"2023-06-21T09:44:12","date_gmt":"2023-06-21T09:44:12","guid":{"rendered":"https:\/\/riwal-wpn.acceptatie.indicia-interactiv.nl\/sv-se\/?page_id=1193"},"modified":"2024-02-12T11:43:59","modified_gmt":"2024-02-12T11:43:59","slug":"service","status":"publish","type":"page","link":"https:\/\/riwal-wpn.acceptatie.indicia-interactiv.nl\/sv\/service\/","title":{"rendered":"Service"},"content":{"rendered":"\n<div class=\"wp-block-rental-theme-header\">\n\t<div class=\"wp-block-rental-theme-header__lines\">\n\t\t<svg width=\"726\" height=\"442\" viewBox=\"0 0 726 442\" fill=\"none\" xmlns=\"http:\/\/www.w3.org\/2000\/svg\"><g opacity=\".5\"><mask id=\"path-1-inside-1_1_2\" fill=\"#fff\"><path fill-rule=\"evenodd\" clip-rule=\"evenodd\" d=\"M441.458.5H284.542L0 285.042v156.917l156.917-.001L363 235.876l206.083 206.082 156.917.001V285.042L441.458.5Z\"\/><\/mask><path d=\"M284.542.5v-1h-.415l-.292.293.707.707Zm156.916 0 .708-.707-.293-.293h-.415v1ZM0 285.042l-.707-.708-.293.293v.415h1Zm0 156.917h-1v1h1v-1Zm156.917-.001v1h.414l.293-.292-.707-.708ZM363 235.876l.707-.708-.707-.707-.707.707.707.708Zm206.083 206.082-.707.708.293.292h.414v-1Zm156.917.001v1h1v-1h-1Zm0-156.917h1v-.415l-.293-.293-.707.708ZM284.542 1.5h156.916v-2H284.542v2ZM.707 285.749 285.25 1.207l-1.414-1.414L-.707 284.334l1.414 1.415ZM1 441.959V285.042h-2v156.917h2Zm155.917-1.001L0 440.959v2l156.917-.001v-2Zm205.376-205.79L156.21 441.251l1.414 1.415 206.083-206.083-1.414-1.415Zm0 1.415 206.083 206.083 1.414-1.415-206.083-206.083-1.414 1.415Zm206.79 206.375 156.917.001v-2l-156.917-.001v2ZM727 441.959V285.042h-2v156.917h2Zm-.293-157.625L442.166-.206l-1.415 1.413L725.293 285.75l1.414-1.415Z\" fill=\"#5B728B\" mask=\"url(#path-1-inside-1_1_2)\"\/><\/g><\/svg>\t\t<svg width=\"726\" height=\"442\" viewBox=\"0 0 726 442\" fill=\"none\" xmlns=\"http:\/\/www.w3.org\/2000\/svg\"><g opacity=\".5\"><mask id=\"path-1-inside-1_1_2\" fill=\"#fff\"><path fill-rule=\"evenodd\" clip-rule=\"evenodd\" d=\"M441.458.5H284.542L0 285.042v156.917l156.917-.001L363 235.876l206.083 206.082 156.917.001V285.042L441.458.5Z\"\/><\/mask><path d=\"M284.542.5v-1h-.415l-.292.293.707.707Zm156.916 0 .708-.707-.293-.293h-.415v1ZM0 285.042l-.707-.708-.293.293v.415h1Zm0 156.917h-1v1h1v-1Zm156.917-.001v1h.414l.293-.292-.707-.708ZM363 235.876l.707-.708-.707-.707-.707.707.707.708Zm206.083 206.082-.707.708.293.292h.414v-1Zm156.917.001v1h1v-1h-1Zm0-156.917h1v-.415l-.293-.293-.707.708ZM284.542 1.5h156.916v-2H284.542v2ZM.707 285.749 285.25 1.207l-1.414-1.414L-.707 284.334l1.414 1.415ZM1 441.959V285.042h-2v156.917h2Zm155.917-1.001L0 440.959v2l156.917-.001v-2Zm205.376-205.79L156.21 441.251l1.414 1.415 206.083-206.083-1.414-1.415Zm0 1.415 206.083 206.083 1.414-1.415-206.083-206.083-1.414 1.415Zm206.79 206.375 156.917.001v-2l-156.917-.001v2ZM727 441.959V285.042h-2v156.917h2Zm-.293-157.625L442.166-.206l-1.415 1.413L725.293 285.75l1.414-1.415Z\" fill=\"#5B728B\" mask=\"url(#path-1-inside-1_1_2)\"\/><\/g><\/svg>\t<\/div>\n\t<img fetchpriority=\"high\" decoding=\"async\" width=\"1388\" height=\"925\" src=\"https:\/\/riwal-wpn.acceptatie.indicia-interactiv.nl\/app\/uploads\/sites\/13\/2023\/06\/riwal-aerial-work-platform-rental-sales-49-1388x925.webp\" class=\"wp-block-rental-theme-header__image wp-block-rental-theme-header__image--desktop\" alt=\"Service\" loading=\"eager\" srcset=\"https:\/\/riwal-wpn.acceptatie.indicia-interactiv.nl\/app\/uploads\/sites\/13\/2023\/06\/riwal-aerial-work-platform-rental-sales-49-1388x925.webp 1388w, https:\/\/riwal-wpn.acceptatie.indicia-interactiv.nl\/app\/uploads\/sites\/13\/2023\/06\/riwal-aerial-work-platform-rental-sales-49-1024x683.webp 1024w, https:\/\/riwal-wpn.acceptatie.indicia-interactiv.nl\/app\/uploads\/sites\/13\/2023\/06\/riwal-aerial-work-platform-rental-sales-49-830x553.webp 830w, https:\/\/riwal-wpn.acceptatie.indicia-interactiv.nl\/app\/uploads\/sites\/13\/2023\/06\/riwal-aerial-work-platform-rental-sales-49-250x167.webp 250w, https:\/\/riwal-wpn.acceptatie.indicia-interactiv.nl\/app\/uploads\/sites\/13\/2023\/06\/riwal-aerial-work-platform-rental-sales-49-300x200.webp 300w, https:\/\/riwal-wpn.acceptatie.indicia-interactiv.nl\/app\/uploads\/sites\/13\/2023\/06\/riwal-aerial-work-platform-rental-sales-49-768x512.webp 768w, https:\/\/riwal-wpn.acceptatie.indicia-interactiv.nl\/app\/uploads\/sites\/13\/2023\/06\/riwal-aerial-work-platform-rental-sales-49-1536x1024.webp 1536w, https:\/\/riwal-wpn.acceptatie.indicia-interactiv.nl\/app\/uploads\/sites\/13\/2023\/06\/riwal-aerial-work-platform-rental-sales-49-2048x1365.webp 2048w, https:\/\/riwal-wpn.acceptatie.indicia-interactiv.nl\/app\/uploads\/sites\/13\/2023\/06\/riwal-aerial-work-platform-rental-sales-49-178x119.webp 178w, https:\/\/riwal-wpn.acceptatie.indicia-interactiv.nl\/app\/uploads\/sites\/13\/2023\/06\/riwal-aerial-work-platform-rental-sales-49-390x260.webp 390w\" sizes=\"(max-width: 1388px) 100vw, 1388px\" \/>\t<img decoding=\"async\" width=\"390\" height=\"260\" src=\"https:\/\/riwal-wpn.acceptatie.indicia-interactiv.nl\/app\/uploads\/sites\/13\/2023\/06\/riwal-aerial-work-platform-rental-sales-49-390x260.webp\" class=\"wp-block-rental-theme-header__image wp-block-rental-theme-header__image--mobile\" alt=\"Service\" loading=\"eager\" srcset=\"https:\/\/riwal-wpn.acceptatie.indicia-interactiv.nl\/app\/uploads\/sites\/13\/2023\/06\/riwal-aerial-work-platform-rental-sales-49-390x260.webp 390w, https:\/\/riwal-wpn.acceptatie.indicia-interactiv.nl\/app\/uploads\/sites\/13\/2023\/06\/riwal-aerial-work-platform-rental-sales-49-1024x683.webp 1024w, https:\/\/riwal-wpn.acceptatie.indicia-interactiv.nl\/app\/uploads\/sites\/13\/2023\/06\/riwal-aerial-work-platform-rental-sales-49-830x553.webp 830w, https:\/\/riwal-wpn.acceptatie.indicia-interactiv.nl\/app\/uploads\/sites\/13\/2023\/06\/riwal-aerial-work-platform-rental-sales-49-250x167.webp 250w, https:\/\/riwal-wpn.acceptatie.indicia-interactiv.nl\/app\/uploads\/sites\/13\/2023\/06\/riwal-aerial-work-platform-rental-sales-49-300x200.webp 300w, https:\/\/riwal-wpn.acceptatie.indicia-interactiv.nl\/app\/uploads\/sites\/13\/2023\/06\/riwal-aerial-work-platform-rental-sales-49-768x512.webp 768w, https:\/\/riwal-wpn.acceptatie.indicia-interactiv.nl\/app\/uploads\/sites\/13\/2023\/06\/riwal-aerial-work-platform-rental-sales-49-1536x1024.webp 1536w, https:\/\/riwal-wpn.acceptatie.indicia-interactiv.nl\/app\/uploads\/sites\/13\/2023\/06\/riwal-aerial-work-platform-rental-sales-49-2048x1365.webp 2048w, https:\/\/riwal-wpn.acceptatie.indicia-interactiv.nl\/app\/uploads\/sites\/13\/2023\/06\/riwal-aerial-work-platform-rental-sales-49-178x119.webp 178w, https:\/\/riwal-wpn.acceptatie.indicia-interactiv.nl\/app\/uploads\/sites\/13\/2023\/06\/riwal-aerial-work-platform-rental-sales-49-1388x925.webp 1388w\" sizes=\"(max-width: 390px) 100vw, 390px\" \/>\t<div class=\"container\">\n\t\t<h1 class='wp-block-rental-theme-header__title' style='position: absolute; min-height: 120px'>Service<\/h1>\t<\/div>\n<\/div>\n\n\n<div class=\"rental-wp-default-block rental-theme-block-default-margin\">\n\t\t\t\t\t\t\t\t<div class=\"container\">\n<div class=\"wp-block-media-text has-media-on-the-right is-stacked-on-mobile\"><div class=\"wp-block-media-text__content\">\n<h2 class=\"wp-block-heading\" id=\"h-specialister-pa-liftar-och-maskiner\">Specialister p\u00e5 liftar och maskiner! <\/h2>\n\n\n\n<p class=\"has-primary-color has-text-color has-normal-font-size\">Riwal Sverige \u00e4r stolta \u00f6ver att vara liftspecialister. Med v\u00e5r l\u00e5nga erfarenhet och omfattande kompetens, \u00e4r vi idag en p\u00e5litlig partner som levererar service i v\u00e4rldsklass.&nbsp;<\/p>\n\n\n\n<p class=\"has-primary-color has-text-color has-normal-font-size\">\u00c4r du i behov av service? Ring v\u00e5r serviceavdelning p\u00e5 <a href=\"tel:+46-771186010\" target=\"_blank\" rel=\"noreferrer noopener\">+46-771 18 60 10<\/a> , s\u00e5 hj\u00e4lper vi dig s\u00e5 snart vi kan. Du kan \u00e4ven maila oss p\u00e5 service_se@riwal.com.<\/p>\n<\/div><figure class=\"wp-block-media-text__media\"><img loading=\"lazy\" decoding=\"async\" width=\"1024\" height=\"683\" src=\"https:\/\/riwal-wpn.acceptatie.indicia-interactiv.nl\/app\/uploads\/sites\/13\/2023\/06\/riwal-aerial-work-platform-rental-sales-77-1024x683.webp\" alt=\"service riwal\" class=\"wp-image-1150 size-full\" srcset=\"https:\/\/riwal-wpn.acceptatie.indicia-interactiv.nl\/app\/uploads\/sites\/13\/2023\/06\/riwal-aerial-work-platform-rental-sales-77-1024x683.webp 1024w, https:\/\/riwal-wpn.acceptatie.indicia-interactiv.nl\/app\/uploads\/sites\/13\/2023\/06\/riwal-aerial-work-platform-rental-sales-77-2048x1365.webp 2048w, https:\/\/riwal-wpn.acceptatie.indicia-interactiv.nl\/app\/uploads\/sites\/13\/2023\/06\/riwal-aerial-work-platform-rental-sales-77-1388x925.webp 1388w, https:\/\/riwal-wpn.acceptatie.indicia-interactiv.nl\/app\/uploads\/sites\/13\/2023\/06\/riwal-aerial-work-platform-rental-sales-77-830x553.webp 830w, https:\/\/riwal-wpn.acceptatie.indicia-interactiv.nl\/app\/uploads\/sites\/13\/2023\/06\/riwal-aerial-work-platform-rental-sales-77-250x167.webp 250w, https:\/\/riwal-wpn.acceptatie.indicia-interactiv.nl\/app\/uploads\/sites\/13\/2023\/06\/riwal-aerial-work-platform-rental-sales-77-300x200.webp 300w, https:\/\/riwal-wpn.acceptatie.indicia-interactiv.nl\/app\/uploads\/sites\/13\/2023\/06\/riwal-aerial-work-platform-rental-sales-77-768x512.webp 768w, https:\/\/riwal-wpn.acceptatie.indicia-interactiv.nl\/app\/uploads\/sites\/13\/2023\/06\/riwal-aerial-work-platform-rental-sales-77-1536x1024.webp 1536w, https:\/\/riwal-wpn.acceptatie.indicia-interactiv.nl\/app\/uploads\/sites\/13\/2023\/06\/riwal-aerial-work-platform-rental-sales-77-178x119.webp 178w, https:\/\/riwal-wpn.acceptatie.indicia-interactiv.nl\/app\/uploads\/sites\/13\/2023\/06\/riwal-aerial-work-platform-rental-sales-77-390x260.webp 390w\" sizes=\"auto, (max-width: 1024px) 100vw, 1024px\" \/><\/figure><\/div>\n<\/div>\n\t\t\t\t\t\t\t<\/div> \n\n<div class=\"rental-wp-default-block rental-theme-block-default-margin\">\n\t\t\t\t\t\t\t\t<div class=\"container\">\n<div class=\"wp-block-group riwal-pattern__image-text riwal-theme-block-default-margin is-layout-constrained wp-block-group-is-layout-constrained\"><\/div>\n<\/div>\n\t\t\t\t\t\t\t<\/div> \n\n<div class=\"container\">\n<p class=\"has-primary-color has-text-color has-link-color\">N\u00e4r du v\u00e4ljer att samarbeta med Riwal Sverige kan du vara s\u00e4ker p\u00e5 att du alltid f\u00e5r kompetent r\u00e5dgivning. V\u00e5ra s\u00e4ljare finns tillg\u00e4ngliga p\u00e5 telefon och mail, f\u00f6r att besvara dina eventuella fr\u00e5gor kring v\u00e5r <a href=\"https:\/\/riwal-wpn.acceptatie.indicia-interactiv.nl\/sv\/uthyrning\/\">uthyrning<\/a>. De ger dig \u00e4ven r\u00e5dgivning vid val av r\u00e4tt utrustning eller maskin, s\u00e5 att du hittar maskiner som passar dina specifika behov. Vi f\u00f6rst\u00e5r att varje projekt \u00e4r unikt och kr\u00e4ver skr\u00e4ddarsydda l\u00f6sningar.&nbsp;<\/p>\n<\/div>\n\n<div class=\"container\">\n<p class=\"has-primary-color has-text-color has-link-color has-normal-font-size\">Om eventuella problem uppst\u00e5r l\u00f6ser vi vanligtvis dem p\u00e5 mycket kort tid. M\u00e5nga mindre problem kan ofta l\u00f6sas \u00f6ver telefon, tack vare v\u00e5r servicepersonals tekniska kompetens och erfarenhet. Ibland guidar vi dig genom fels\u00f6kningsprocessen s\u00e5 att ni sparar v\u00e4rdefull tid och minimerar driftstopp. Ibland kan det beh\u00f6vas service och reparation ute p\u00e5 f\u00e4lt. D\u00e5 \u00e4r v\u00e5ra servicetekniker snabbt ute p\u00e5 plats och hj\u00e4lper er tills maskinen \u00e4r ig\u00e5ng igen. Vi f\u00f6rst\u00e5r vikten av att s\u00e5 snabbt som m\u00f6jligt f\u00e5 dina maskiner i drift igen, f\u00f6r att undvika f\u00f6rlorad produktivitet och f\u00f6rseningar i ditt arbete.&nbsp;<\/p>\n<\/div>\n\n<div class=\"container\">\n<p class=\"has-primary-color has-text-color has-link-color has-normal-font-size\">Riwal str\u00e4var alltid efter att erbjuda enast\u00e5ende kundservice. V\u00e5r service slutar inte n\u00e4r din hyresperiod \u00e4r \u00f6ver. Vi str\u00e4var efter att skapa l\u00e5ngsiktiga relationer och vi finns alltid tillg\u00e4ngliga f\u00f6r att ge dig r\u00e5d och support, \u00e4ven efter att ert arbete \u00e4r slutf\u00f6rt.&nbsp;<\/p>\n<\/div>\n\n<div class=\"rental-wp-default-block rental-theme-block-default-margin\"><div class=\"container\">\n<figure class=\"wp-block-embed is-type-video is-provider-youtube wp-block-embed-youtube\"><div class=\"wp-block-embed__wrapper\">\n<iframe title=\"Riwal Sverige - V\u00e5r serviceavdelning\" width=\"500\" height=\"281\" data-icn-src=\"https:\/\/www.youtube.com\/embed\/TciAELQ9cbc?start=3&#038;feature=oembed\" frameborder=\"0\" allow=\"accelerometer; autoplay; clipboard-write; encrypted-media; gyroscope; picture-in-picture; web-share\" referrerpolicy=\"strict-origin-when-cross-origin\" allowfullscreen><\/iframe>\n<\/div><\/figure>\n<\/div><\/div>","protected":false},"excerpt":{"rendered":"<p>Specialister p\u00e5 liftar och maskiner! Riwal Sverige \u00e4r stolta \u00f6ver att vara liftspecialister. Med v\u00e5r l\u00e5nga erfarenhet och omfattande kompetens, \u00e4r vi idag en p\u00e5litlig partner som levererar service i v\u00e4rldsklass.&nbsp; \u00c4r du i behov av service? Ring v\u00e5r serviceavdelning p\u00e5 +46-771 18 60 10 , s\u00e5 hj\u00e4lper vi dig s\u00e5 snart vi kan. Du &hellip; <a href=\"https:\/\/riwal-wpn.acceptatie.indicia-interactiv.nl\/sv\/service\/\">G\u00e5 vidare<\/a><\/p>\n","protected":false},"author":18,"featured_media":1149,"parent":0,"menu_order":0,"comment_status":"closed","ping_status":"closed","template":"","meta":{"_acf_changed":false,"editor_notices":[],"footnotes":""},"class_list":["post-1193","page","type-page","status-publish","has-post-thumbnail","hentry"],"acf":[],"yoast_head":"<!-- This site is optimized with the Yoast SEO Premium plugin v27.1 (Yoast SEO v27.1.1) - https:\/\/yoast.com\/product\/yoast-seo-premium-wordpress\/ -->\n<title>Service - Riwal Sverige<\/title>\n<meta name=\"robots\" content=\"noindex, follow, max-snippet:-1, max-image-preview:large, max-video-preview:-1\" \/>\n<meta property=\"og:locale\" content=\"sv_SE\" \/>\n<meta property=\"og:type\" content=\"article\" \/>\n<meta property=\"og:title\" content=\"Service\" \/>\n<meta property=\"og:description\" content=\"Specialister p\u00e5 liftar och maskiner! Riwal Sverige \u00e4r stolta \u00f6ver att vara liftspecialister. Med v\u00e5r l\u00e5nga erfarenhet och omfattande kompetens, \u00e4r vi idag en p\u00e5litlig partner som levererar service i v\u00e4rldsklass.&nbsp; \u00c4r du i behov av service? Ring v\u00e5r serviceavdelning p\u00e5 +46-771 18 60 10 , s\u00e5 hj\u00e4lper vi dig s\u00e5 snart vi kan. Du &hellip; G\u00e5 vidare\" \/>\n<meta property=\"og:url\" content=\"https:\/\/riwal-wpn.acceptatie.indicia-interactiv.nl\/sv\/service\/\" \/>\n<meta property=\"og:site_name\" content=\"Riwal Sverige\" \/>\n<meta property=\"article:modified_time\" content=\"2024-02-12T11:43:59+00:00\" \/>\n<meta property=\"og:image\" content=\"https:\/\/riwal-wpn.acceptatie.indicia-interactiv.nl\/app\/uploads\/sites\/13\/2023\/06\/riwal-aerial-work-platform-rental-sales-76-scaled.webp\" \/>\n\t<meta property=\"og:image:width\" content=\"2560\" \/>\n\t<meta property=\"og:image:height\" content=\"1707\" \/>\n\t<meta property=\"og:image:type\" content=\"image\/webp\" \/>\n<meta name=\"twitter:card\" content=\"summary_large_image\" \/>\n<script type=\"application\/ld+json\" class=\"yoast-schema-graph\">{\"@context\":\"https:\/\/schema.org\",\"@graph\":[{\"@type\":\"WebPage\",\"@id\":\"https:\/\/riwal-wpn.acceptatie.indicia-interactiv.nl\/sv\/service\/\",\"url\":\"https:\/\/riwal-wpn.acceptatie.indicia-interactiv.nl\/sv\/service\/\",\"name\":\"Service - Riwal Sverige\",\"isPartOf\":{\"@id\":\"https:\/\/riwal-wpn.acceptatie.indicia-interactiv.nl\/sv\/#website\"},\"primaryImageOfPage\":{\"@id\":\"https:\/\/riwal-wpn.acceptatie.indicia-interactiv.nl\/sv\/service\/#primaryimage\"},\"image\":{\"@id\":\"https:\/\/riwal-wpn.acceptatie.indicia-interactiv.nl\/sv\/service\/#primaryimage\"},\"thumbnailUrl\":\"https:\/\/riwal-wpn.acceptatie.indicia-interactiv.nl\/app\/uploads\/sites\/13\/2023\/06\/riwal-aerial-work-platform-rental-sales-76-scaled.webp\",\"datePublished\":\"2023-06-21T09:44:12+00:00\",\"dateModified\":\"2024-02-12T11:43:59+00:00\",\"breadcrumb\":{\"@id\":\"https:\/\/riwal-wpn.acceptatie.indicia-interactiv.nl\/sv\/service\/#breadcrumb\"},\"inLanguage\":\"sv-SE\",\"potentialAction\":[{\"@type\":\"ReadAction\",\"target\":[\"https:\/\/riwal-wpn.acceptatie.indicia-interactiv.nl\/sv\/service\/\"]}]},{\"@type\":\"ImageObject\",\"inLanguage\":\"sv-SE\",\"@id\":\"https:\/\/riwal-wpn.acceptatie.indicia-interactiv.nl\/sv\/service\/#primaryimage\",\"url\":\"https:\/\/riwal-wpn.acceptatie.indicia-interactiv.nl\/app\/uploads\/sites\/13\/2023\/06\/riwal-aerial-work-platform-rental-sales-76-scaled.webp\",\"contentUrl\":\"https:\/\/riwal-wpn.acceptatie.indicia-interactiv.nl\/app\/uploads\/sites\/13\/2023\/06\/riwal-aerial-work-platform-rental-sales-76-scaled.webp\",\"width\":2560,\"height\":1707},{\"@type\":\"BreadcrumbList\",\"@id\":\"https:\/\/riwal-wpn.acceptatie.indicia-interactiv.nl\/sv\/service\/#breadcrumb\",\"itemListElement\":[{\"@type\":\"ListItem\",\"position\":1,\"name\":\"Hem\",\"item\":\"https:\/\/riwal-wpn.acceptatie.indicia-interactiv.nl\/sv\/\"},{\"@type\":\"ListItem\",\"position\":2,\"name\":\"Service\"}]},{\"@type\":\"WebSite\",\"@id\":\"https:\/\/riwal-wpn.acceptatie.indicia-interactiv.nl\/sv\/#website\",\"url\":\"https:\/\/riwal-wpn.acceptatie.indicia-interactiv.nl\/sv\/\",\"name\":\"Riwal Sverige\",\"description\":\"Arial work platform &amp; Telehandler Rental\/Sales\",\"publisher\":{\"@id\":\"https:\/\/riwal-wpn.acceptatie.indicia-interactiv.nl\/sv\/#organization\"},\"potentialAction\":[{\"@type\":\"SearchAction\",\"target\":{\"@type\":\"EntryPoint\",\"urlTemplate\":\"https:\/\/riwal-wpn.acceptatie.indicia-interactiv.nl\/sv\/?s={search_term_string}\"},\"query-input\":{\"@type\":\"PropertyValueSpecification\",\"valueRequired\":true,\"valueName\":\"search_term_string\"}}],\"inLanguage\":\"sv-SE\"},{\"@type\":\"Organization\",\"@id\":\"https:\/\/riwal-wpn.acceptatie.indicia-interactiv.nl\/sv\/#organization\",\"name\":\"Riwal\",\"url\":\"https:\/\/riwal-wpn.acceptatie.indicia-interactiv.nl\/sv\/\",\"logo\":{\"@type\":\"ImageObject\",\"inLanguage\":\"sv-SE\",\"@id\":\"https:\/\/riwal-wpn.acceptatie.indicia-interactiv.nl\/sv\/#\/schema\/logo\/image\/\",\"url\":\"\",\"contentUrl\":\"\",\"caption\":\"Riwal\"},\"image\":{\"@id\":\"https:\/\/riwal-wpn.acceptatie.indicia-interactiv.nl\/sv\/#\/schema\/logo\/image\/\"}}]}<\/script>\n<!-- \/ Yoast SEO Premium plugin. -->","yoast_head_json":{"title":"Service - Riwal Sverige","robots":{"index":"noindex","follow":"follow","max-snippet":"max-snippet:-1","max-image-preview":"max-image-preview:large","max-video-preview":"max-video-preview:-1"},"og_locale":"sv_SE","og_type":"article","og_title":"Service","og_description":"Specialister p\u00e5 liftar och maskiner! Riwal Sverige \u00e4r stolta \u00f6ver att vara liftspecialister. Med v\u00e5r l\u00e5nga erfarenhet och omfattande kompetens, \u00e4r vi idag en p\u00e5litlig partner som levererar service i v\u00e4rldsklass.&nbsp; \u00c4r du i behov av service? Ring v\u00e5r serviceavdelning p\u00e5 +46-771 18 60 10 , s\u00e5 hj\u00e4lper vi dig s\u00e5 snart vi kan. Du &hellip; G\u00e5 vidare","og_url":"https:\/\/riwal-wpn.acceptatie.indicia-interactiv.nl\/sv\/service\/","og_site_name":"Riwal Sverige","article_modified_time":"2024-02-12T11:43:59+00:00","og_image":[{"width":2560,"height":1707,"url":"https:\/\/riwal-wpn.acceptatie.indicia-interactiv.nl\/app\/uploads\/sites\/13\/2023\/06\/riwal-aerial-work-platform-rental-sales-76-scaled.webp","type":"image\/webp"}],"twitter_card":"summary_large_image","schema":{"@context":"https:\/\/schema.org","@graph":[{"@type":"WebPage","@id":"https:\/\/riwal-wpn.acceptatie.indicia-interactiv.nl\/sv\/service\/","url":"https:\/\/riwal-wpn.acceptatie.indicia-interactiv.nl\/sv\/service\/","name":"Service - Riwal Sverige","isPartOf":{"@id":"https:\/\/riwal-wpn.acceptatie.indicia-interactiv.nl\/sv\/#website"},"primaryImageOfPage":{"@id":"https:\/\/riwal-wpn.acceptatie.indicia-interactiv.nl\/sv\/service\/#primaryimage"},"image":{"@id":"https:\/\/riwal-wpn.acceptatie.indicia-interactiv.nl\/sv\/service\/#primaryimage"},"thumbnailUrl":"https:\/\/riwal-wpn.acceptatie.indicia-interactiv.nl\/app\/uploads\/sites\/13\/2023\/06\/riwal-aerial-work-platform-rental-sales-76-scaled.webp","datePublished":"2023-06-21T09:44:12+00:00","dateModified":"2024-02-12T11:43:59+00:00","breadcrumb":{"@id":"https:\/\/riwal-wpn.acceptatie.indicia-interactiv.nl\/sv\/service\/#breadcrumb"},"inLanguage":"sv-SE","potentialAction":[{"@type":"ReadAction","target":["https:\/\/riwal-wpn.acceptatie.indicia-interactiv.nl\/sv\/service\/"]}]},{"@type":"ImageObject","inLanguage":"sv-SE","@id":"https:\/\/riwal-wpn.acceptatie.indicia-interactiv.nl\/sv\/service\/#primaryimage","url":"https:\/\/riwal-wpn.acceptatie.indicia-interactiv.nl\/app\/uploads\/sites\/13\/2023\/06\/riwal-aerial-work-platform-rental-sales-76-scaled.webp","contentUrl":"https:\/\/riwal-wpn.acceptatie.indicia-interactiv.nl\/app\/uploads\/sites\/13\/2023\/06\/riwal-aerial-work-platform-rental-sales-76-scaled.webp","width":2560,"height":1707},{"@type":"BreadcrumbList","@id":"https:\/\/riwal-wpn.acceptatie.indicia-interactiv.nl\/sv\/service\/#breadcrumb","itemListElement":[{"@type":"ListItem","position":1,"name":"Hem","item":"https:\/\/riwal-wpn.acceptatie.indicia-interactiv.nl\/sv\/"},{"@type":"ListItem","position":2,"name":"Service"}]},{"@type":"WebSite","@id":"https:\/\/riwal-wpn.acceptatie.indicia-interactiv.nl\/sv\/#website","url":"https:\/\/riwal-wpn.acceptatie.indicia-interactiv.nl\/sv\/","name":"Riwal Sverige","description":"Arial work platform &amp; Telehandler Rental\/Sales","publisher":{"@id":"https:\/\/riwal-wpn.acceptatie.indicia-interactiv.nl\/sv\/#organization"},"potentialAction":[{"@type":"SearchAction","target":{"@type":"EntryPoint","urlTemplate":"https:\/\/riwal-wpn.acceptatie.indicia-interactiv.nl\/sv\/?s={search_term_string}"},"query-input":{"@type":"PropertyValueSpecification","valueRequired":true,"valueName":"search_term_string"}}],"inLanguage":"sv-SE"},{"@type":"Organization","@id":"https:\/\/riwal-wpn.acceptatie.indicia-interactiv.nl\/sv\/#organization","name":"Riwal","url":"https:\/\/riwal-wpn.acceptatie.indicia-interactiv.nl\/sv\/","logo":{"@type":"ImageObject","inLanguage":"sv-SE","@id":"https:\/\/riwal-wpn.acceptatie.indicia-interactiv.nl\/sv\/#\/schema\/logo\/image\/","url":"","contentUrl":"","caption":"Riwal"},"image":{"@id":"https:\/\/riwal-wpn.acceptatie.indicia-interactiv.nl\/sv\/#\/schema\/logo\/image\/"}}]}},"_links":{"self":[{"href":"https:\/\/riwal-wpn.acceptatie.indicia-interactiv.nl\/sv\/wp-json\/wp\/v2\/pages\/1193","targetHints":{"allow":["GET"]}}],"collection":[{"href":"https:\/\/riwal-wpn.acceptatie.indicia-interactiv.nl\/sv\/wp-json\/wp\/v2\/pages"}],"about":[{"href":"https:\/\/riwal-wpn.acceptatie.indicia-interactiv.nl\/sv\/wp-json\/wp\/v2\/types\/page"}],"author":[{"embeddable":true,"href":"https:\/\/riwal-wpn.acceptatie.indicia-interactiv.nl\/sv\/wp-json\/wp\/v2\/users\/18"}],"replies":[{"embeddable":true,"href":"https:\/\/riwal-wpn.acceptatie.indicia-interactiv.nl\/sv\/wp-json\/wp\/v2\/comments?post=1193"}],"version-history":[{"count":30,"href":"https:\/\/riwal-wpn.acceptatie.indicia-interactiv.nl\/sv\/wp-json\/wp\/v2\/pages\/1193\/revisions"}],"predecessor-version":[{"id":9290,"href":"https:\/\/riwal-wpn.acceptatie.indicia-interactiv.nl\/sv\/wp-json\/wp\/v2\/pages\/1193\/revisions\/9290"}],"wp:featuredmedia":[{"embeddable":true,"href":"https:\/\/riwal-wpn.acceptatie.indicia-interactiv.nl\/sv\/wp-json\/wp\/v2\/media\/1149"}],"wp:attachment":[{"href":"https:\/\/riwal-wpn.acceptatie.indicia-interactiv.nl\/sv\/wp-json\/wp\/v2\/media?parent=1193"}],"curies":[{"name":"wp","href":"https:\/\/api.w.org\/{rel}","templated":true}]}}