{"id":1516,"date":"2023-07-19T13:14:03","date_gmt":"2023-07-19T13:14:03","guid":{"rendered":"https:\/\/riwal-wpn.acceptatie.indicia-interactiv.nl\/sv-se\/?page_id=1516"},"modified":"2023-09-19T06:14:40","modified_gmt":"2023-09-19T06:14:40","slug":"allmanna-villkor","status":"publish","type":"page","link":"https:\/\/riwal-wpn.acceptatie.indicia-interactiv.nl\/sv\/utbildning\/allmanna-villkor\/","title":{"rendered":"V\u00e5ra allm\u00e4nna villkor"},"content":{"rendered":"<div class=\"container\">\n<h1 class=\"wp-block-heading has-xxxx-large-font-size\" id=\"h-allmanna-villkor-ovrig-information\">Allm\u00e4nna villkor &amp; \u00d6vrig information <\/h1>\n<\/div>\n\n<div class=\"rental-wp-default-block rental-theme-block-default-margin\">\n\t\t\t\t\t\t\t\t<div class=\"container\">\n<div class=\"wp-block-media-text alignwide is-stacked-on-mobile\"><figure class=\"wp-block-media-text__media\"><img loading=\"lazy\" decoding=\"async\" width=\"1024\" height=\"683\" src=\"https:\/\/riwal-wpn.acceptatie.indicia-interactiv.nl\/app\/uploads\/sites\/13\/2023\/07\/earthlander-3257-1-1024x683.jpg\" alt=\"Allm\u00e4nna villkor Riwal Sverige\" class=\"wp-image-1526 size-full\" srcset=\"https:\/\/riwal-wpn.acceptatie.indicia-interactiv.nl\/app\/uploads\/sites\/13\/2023\/07\/earthlander-3257-1-1024x683.jpg 1024w, https:\/\/riwal-wpn.acceptatie.indicia-interactiv.nl\/app\/uploads\/sites\/13\/2023\/07\/earthlander-3257-1-2048x1365.jpg 2048w, https:\/\/riwal-wpn.acceptatie.indicia-interactiv.nl\/app\/uploads\/sites\/13\/2023\/07\/earthlander-3257-1-1388x925.jpg 1388w, https:\/\/riwal-wpn.acceptatie.indicia-interactiv.nl\/app\/uploads\/sites\/13\/2023\/07\/earthlander-3257-1-830x553.jpg 830w, https:\/\/riwal-wpn.acceptatie.indicia-interactiv.nl\/app\/uploads\/sites\/13\/2023\/07\/earthlander-3257-1-250x167.jpg 250w, https:\/\/riwal-wpn.acceptatie.indicia-interactiv.nl\/app\/uploads\/sites\/13\/2023\/07\/earthlander-3257-1-300x200.jpg 300w, https:\/\/riwal-wpn.acceptatie.indicia-interactiv.nl\/app\/uploads\/sites\/13\/2023\/07\/earthlander-3257-1-768x512.jpg 768w, https:\/\/riwal-wpn.acceptatie.indicia-interactiv.nl\/app\/uploads\/sites\/13\/2023\/07\/earthlander-3257-1-1536x1024.jpg 1536w, https:\/\/riwal-wpn.acceptatie.indicia-interactiv.nl\/app\/uploads\/sites\/13\/2023\/07\/earthlander-3257-1-178x119.jpg 178w, https:\/\/riwal-wpn.acceptatie.indicia-interactiv.nl\/app\/uploads\/sites\/13\/2023\/07\/earthlander-3257-1-390x260.jpg 390w\" sizes=\"auto, (max-width: 1024px) 100vw, 1024px\" \/><\/figure><div class=\"wp-block-media-text__content\">\n<h3 class=\"wp-block-heading\" id=\"h-anmalan\">Anm\u00e4lan<\/h3>\n\n\n\n<p class=\"has-normal-font-size\">Bokning av utbildning sker antingen via v\u00e5r hemsida, via utbildningsmailen utbildning@riwal.com eller genom att ringa oss p\u00e5 08-704 29 18. Vid bokning av st\u00f6rre grupper eller om ni \u00f6nskar att boka en f\u00f6retagsanpassad utbildning g\u00e5r det bra att kontakta oss direkt f\u00f6r offert.<br><\/p>\n\n\n\n<h3 class=\"wp-block-heading\" id=\"h-avbokning\">Avbokning<\/h3>\n\n\n\n<p class=\"has-normal-font-size\">Om ni f\u00e5r f\u00f6rhinder g\u00e5r det bra att boka om till ett annat kurstillf\u00e4lle, dock ska ombokningen ske senast 4 arbetsdagar innan det inbokade kurstillf\u00e4llet. Meddela oss snarast s\u00e5 ser vi till att boka om deltagarna till ett senare tillf\u00e4lle. <\/p>\n<\/div><\/div>\n<\/div>\n\t\t\t\t\t\t\t<\/div> \n\n<div class=\"container\">\n<p class=\"has-normal-font-size\">Vid avbokning senare \u00e4n 4 arbetsdagar innan kurstillf\u00e4llet eller vid utebliven kursdeltagare faktureras hela kursavgiften. Om en deltagare blir sjuk och inte kan delta p\u00e5 utbildningen m\u00e5ste detta meddelas till oss senast 07:00 p\u00e5 utbildningsdagen. Deltagaren bokas d\u00e5 in p\u00e5 ett senare kurstillf\u00e4lle. Om kursdeltagaren blir f\u00f6rsenad till kurstillf\u00e4llet m\u00e5ste detta meddelas via telefon s\u00e5 snart som m\u00f6jligt. Vid mer \u00e4n 30 min f\u00f6rsening avbokas deltagaren fr\u00e5n kurstillf\u00e4llet och hela kursavgiften faktureras.<\/p>\n<\/div>\n\n<div class=\"container\">\n<h3 class=\"wp-block-heading\" id=\"h-forkunskaper\">F\u00f6rkunskaper<\/h3>\n<\/div>\n\n<div class=\"container\">\n<p class=\"has-normal-font-size\">All information om utbildningarnas inneh\u00e5ll och eventuella krav p\u00e5 f\u00f6rkunskaper hittas p\u00e5 v\u00e5r hemsida. Vi rekommenderar att l\u00e4sa igenom informationen som finns d\u00e4r innan kursen f\u00f6r att f\u00e5 ut s\u00e5 mycket som m\u00f6jligt av utbildningen samt att s\u00e4kerst\u00e4lla att man uppfyller alla f\u00f6rkunskapskrav.<br><\/p>\n<\/div>\n\n<div class=\"container\">\n<h3 class=\"wp-block-heading\" id=\"h-infor-kurstillfallet\">Inf\u00f6r kurstillf\u00e4llet<\/h3>\n<\/div>\n\n<div class=\"container\">\n<p class=\"has-normal-font-size\">Eventuella matallergier ska meddelas i samband med anm\u00e4lan till utbildningen. Skyddsskor och handskar \u00e4r obligatoriskt f\u00f6r de praktiska momenten p\u00e5 utbildningarna och skall tas med till utbildningen. Varselv\u00e4st finns att l\u00e5na. Vid liftutbildning \u00e4r det obligatoriskt att anv\u00e4nda personlig fallskyddssele. Har kursdeltagaren egen personlig fallskyddssele rekommenderar vi att man tar med och anv\u00e4nder denna, annars har vi utrustning att l\u00e5na. Vid repetitionsutbildning ska ett utbildningsbevis fr\u00e5n tidigare genomf\u00f6rd utbildning visas upp.<br><\/p>\n<\/div>\n\n<div class=\"container\">\n<h3 class=\"wp-block-heading\" id=\"h-kursavgift\">Kursavgift<\/h3>\n<\/div>\n\n<div class=\"container\">\n<p class=\"has-normal-font-size\">Alla priser f\u00f6r utbildningarna finns i prislistan p\u00e5 v\u00e5r hemsida. I kursavgiften ing\u00e5r kursmaterial, fika, utbildningsbevis samt lunch vid heldagsutbildningar om inte annat anges. Samtliga priser \u00e4r angivna exklusive moms.<br><\/p>\n<\/div>\n\n<div class=\"container\">\n<h3 class=\"wp-block-heading\" id=\"h-utbildningsintyg\">Utbildningsintyg<\/h3>\n<\/div>\n\n<div class=\"container\">\n<p class=\"has-normal-font-size\">Efter avslutad utbildning skickas det ut digitala utbildningsintyg till den mailadressen som uppgetts vid bokningen.<br>Plastkorten skickas p\u00e5 posten till den adress som angivits vid bokningen och det \u00e4r d\u00e4rf\u00f6r mycket viktigt att denna \u00e4r korrekt. Vid best\u00e4llning av nytt plastkort debiteras 200 kr per kort.<\/p>\n<\/div>\n\n<div class=\"container\">\n<h3 class=\"wp-block-heading\" id=\"h-ido6\">IDO6<\/h3>\n<\/div>\n\n<div class=\"container\">\n<p class=\"has-normal-font-size\">\u00d6nskar du f\u00e5 din utbildning registrerad i ID06 kompetensdatabas fyller du i detta i din bokning p\u00e5 hemsidan, alternativt meddelar oss vid bokningen. Det tillkommer d\u00e5 en kostnad p\u00e5 250 kr per deltagare och utbildning. ID06-registrering ing\u00e5r f\u00f6r Heta Arbeten.<\/p>\n<\/div>\n\n<div class=\"container\">\n<h3 class=\"wp-block-heading\" id=\"h-behandling-av-personuppgifter\">Behandling av personuppgifter<\/h3>\n<\/div>\n\n<div class=\"container\">\n<p class=\"has-normal-font-size\">Alla personuppgifter f\u00f6r deltagare som genomg\u00e5tt utbildning hos Riwal behandlas och lagras i enlighet med g\u00e4llande lagstiftning. De registrerade uppgifterna anv\u00e4nds f\u00f6r utf\u00e4rdande av utbildningsbevis, registrering hos Brandskyddf\u00f6reningen vid Heta Arbeten, eventuell ID06-registrering samt vid fakturering. Utbildningsbevisen med tillh\u00f6rande personuppgifter skickas till best\u00e4llaren av utbildningen. Vid best\u00e4llning av ett nytt utbildningsbevis f\u00f6r en tidigare genomf\u00f6rd utbildning skickas detta till kursdeltagaren alternativt aktuell arbetsgivare.<br><\/p>\n<\/div>\n\n<div class=\"container\">\n<h3 class=\"wp-block-heading\" id=\"h-reservationer\">Reservationer<\/h3>\n<\/div>\n\n<div class=\"container\">\n<p class=\"has-normal-font-size\">Riwal f\u00f6rbeh\u00e5ller sig r\u00e4tten att st\u00e4lla in kurstillf\u00e4llet vid f\u00f6r f\u00e5 anm\u00e4lningar eller vid eventuell sjukdom. De anm\u00e4lda kursdeltagarna kommer vid s\u00e5dan h\u00e4ndelse meddelas snarast via telefon eller mail och erbjudas en plats p\u00e5 ett senare kurstillf\u00e4lle.<\/p>\n<\/div>\n\n<div class=\"rental-wp-default-block rental-theme-block-default-margin\">\n\t\t\t\t\t\t\t\t<div class=\"container\">\n<div class=\"wp-block-buttons is-layout-flex wp-block-buttons-is-layout-flex\">\n<div class=\"wp-block-button\"><a class=\"wp-block-button__link wp-element-button\" href=\"https:\/\/www.paperturn-view.com\/riwal-holding-group-bv\/o-vrig-information-riwal-utbildning?pid=MzA302763\">Ladda ner v\u00e5ra Allm\u00e4nna Villkor <\/a><\/div>\n<\/div>\n<\/div>\n\t\t\t\t\t\t\t<\/div> ","protected":false},"excerpt":{"rendered":"<p>Allm\u00e4nna villkor &amp; \u00d6vrig information Anm\u00e4lan Bokning av utbildning sker antingen via v\u00e5r hemsida, via utbildningsmailen utbildning@riwal.com eller genom att ringa oss p\u00e5 08-704 29 18. Vid bokning av st\u00f6rre grupper eller om ni \u00f6nskar att boka en f\u00f6retagsanpassad utbildning g\u00e5r det bra att kontakta oss direkt f\u00f6r offert. Avbokning Om ni f\u00e5r f\u00f6rhinder g\u00e5r &hellip; <a href=\"https:\/\/riwal-wpn.acceptatie.indicia-interactiv.nl\/sv\/utbildning\/allmanna-villkor\/\">G\u00e5 vidare<\/a><\/p>\n","protected":false},"author":19,"featured_media":0,"parent":3602,"menu_order":0,"comment_status":"closed","ping_status":"closed","template":"","meta":{"_acf_changed":false,"editor_notices":[],"footnotes":""},"class_list":["post-1516","page","type-page","status-publish","hentry"],"acf":[],"yoast_head":"<!-- This site is optimized with the Yoast SEO Premium plugin v27.1 (Yoast SEO v27.1.1) - https:\/\/yoast.com\/product\/yoast-seo-premium-wordpress\/ -->\n<title>V\u00e5ra allm\u00e4nna villkor | Utbildning | Riwal Sverige<\/title>\n<meta name=\"description\" content=\"L\u00e4s v\u00e5ra allm\u00e4nna villkor f\u00f6r v\u00e5ra utbildningar. L\u00e4s om hur det fungerar med anm\u00e4lan, avbokning, f\u00f6rkunskaper, kursavgift, intyg med mera.\" \/>\n<meta name=\"robots\" content=\"noindex, follow, max-snippet:-1, max-image-preview:large, max-video-preview:-1\" \/>\n<meta property=\"og:locale\" content=\"sv_SE\" \/>\n<meta property=\"og:type\" content=\"article\" \/>\n<meta property=\"og:title\" content=\"V\u00e5ra allm\u00e4nna villkor\" \/>\n<meta property=\"og:description\" content=\"L\u00e4s v\u00e5ra allm\u00e4nna villkor f\u00f6r v\u00e5ra utbildningar. L\u00e4s om hur det fungerar med anm\u00e4lan, avbokning, f\u00f6rkunskaper, kursavgift, intyg med mera.\" \/>\n<meta property=\"og:url\" content=\"https:\/\/riwal-wpn.acceptatie.indicia-interactiv.nl\/sv\/utbildning\/allmanna-villkor\/\" \/>\n<meta property=\"og:site_name\" content=\"Riwal Sverige\" \/>\n<meta property=\"article:modified_time\" content=\"2023-09-19T06:14:40+00:00\" \/>\n<meta property=\"og:image\" content=\"https:\/\/riwal-wpn.acceptatie.indicia-interactiv.nl\/app\/uploads\/sites\/13\/2023\/07\/earthlander-3257-1-1024x683.jpg\" \/>\n<meta name=\"twitter:card\" content=\"summary_large_image\" \/>\n<meta name=\"twitter:label1\" content=\"Est. reading time\" \/>\n\t<meta name=\"twitter:data1\" content=\"3 minuter\" \/>\n<script type=\"application\/ld+json\" class=\"yoast-schema-graph\">{\"@context\":\"https:\/\/schema.org\",\"@graph\":[{\"@type\":\"WebPage\",\"@id\":\"https:\/\/riwal-wpn.acceptatie.indicia-interactiv.nl\/sv\/utbildning\/allmanna-villkor\/\",\"url\":\"https:\/\/riwal-wpn.acceptatie.indicia-interactiv.nl\/sv\/utbildning\/allmanna-villkor\/\",\"name\":\"V\u00e5ra allm\u00e4nna villkor | Utbildning | Riwal Sverige\",\"isPartOf\":{\"@id\":\"https:\/\/riwal-wpn.acceptatie.indicia-interactiv.nl\/sv\/#website\"},\"primaryImageOfPage\":{\"@id\":\"https:\/\/riwal-wpn.acceptatie.indicia-interactiv.nl\/sv\/utbildning\/allmanna-villkor\/#primaryimage\"},\"image\":{\"@id\":\"https:\/\/riwal-wpn.acceptatie.indicia-interactiv.nl\/sv\/utbildning\/allmanna-villkor\/#primaryimage\"},\"thumbnailUrl\":\"https:\/\/riwal-wpn.acceptatie.indicia-interactiv.nl\/app\/uploads\/sites\/13\/2023\/07\/earthlander-3257-1-1024x683.jpg\",\"datePublished\":\"2023-07-19T13:14:03+00:00\",\"dateModified\":\"2023-09-19T06:14:40+00:00\",\"description\":\"L\u00e4s v\u00e5ra allm\u00e4nna villkor f\u00f6r v\u00e5ra utbildningar. L\u00e4s om hur det fungerar med anm\u00e4lan, avbokning, f\u00f6rkunskaper, kursavgift, intyg med mera.\",\"breadcrumb\":{\"@id\":\"https:\/\/riwal-wpn.acceptatie.indicia-interactiv.nl\/sv\/utbildning\/allmanna-villkor\/#breadcrumb\"},\"inLanguage\":\"sv-SE\",\"potentialAction\":[{\"@type\":\"ReadAction\",\"target\":[\"https:\/\/riwal-wpn.acceptatie.indicia-interactiv.nl\/sv\/utbildning\/allmanna-villkor\/\"]}]},{\"@type\":\"ImageObject\",\"inLanguage\":\"sv-SE\",\"@id\":\"https:\/\/riwal-wpn.acceptatie.indicia-interactiv.nl\/sv\/utbildning\/allmanna-villkor\/#primaryimage\",\"url\":\"https:\/\/riwal-wpn.acceptatie.indicia-interactiv.nl\/app\/uploads\/sites\/13\/2023\/07\/earthlander-3257-1-1024x683.jpg\",\"contentUrl\":\"https:\/\/riwal-wpn.acceptatie.indicia-interactiv.nl\/app\/uploads\/sites\/13\/2023\/07\/earthlander-3257-1-1024x683.jpg\"},{\"@type\":\"BreadcrumbList\",\"@id\":\"https:\/\/riwal-wpn.acceptatie.indicia-interactiv.nl\/sv\/utbildning\/allmanna-villkor\/#breadcrumb\",\"itemListElement\":[{\"@type\":\"ListItem\",\"position\":1,\"name\":\"Hem\",\"item\":\"https:\/\/riwal-wpn.acceptatie.indicia-interactiv.nl\/sv\/\"},{\"@type\":\"ListItem\",\"position\":2,\"name\":\"Utbildning\",\"item\":\"https:\/\/riwal-wpn.acceptatie.indicia-interactiv.nl\/sv\/utbildning\/\"},{\"@type\":\"ListItem\",\"position\":3,\"name\":\"V\u00e5ra allm\u00e4nna villkor\"}]},{\"@type\":\"WebSite\",\"@id\":\"https:\/\/riwal-wpn.acceptatie.indicia-interactiv.nl\/sv\/#website\",\"url\":\"https:\/\/riwal-wpn.acceptatie.indicia-interactiv.nl\/sv\/\",\"name\":\"Riwal Sverige\",\"description\":\"Arial work platform &amp; Telehandler Rental\/Sales\",\"publisher\":{\"@id\":\"https:\/\/riwal-wpn.acceptatie.indicia-interactiv.nl\/sv\/#organization\"},\"potentialAction\":[{\"@type\":\"SearchAction\",\"target\":{\"@type\":\"EntryPoint\",\"urlTemplate\":\"https:\/\/riwal-wpn.acceptatie.indicia-interactiv.nl\/sv\/?s={search_term_string}\"},\"query-input\":{\"@type\":\"PropertyValueSpecification\",\"valueRequired\":true,\"valueName\":\"search_term_string\"}}],\"inLanguage\":\"sv-SE\"},{\"@type\":\"Organization\",\"@id\":\"https:\/\/riwal-wpn.acceptatie.indicia-interactiv.nl\/sv\/#organization\",\"name\":\"Riwal\",\"url\":\"https:\/\/riwal-wpn.acceptatie.indicia-interactiv.nl\/sv\/\",\"logo\":{\"@type\":\"ImageObject\",\"inLanguage\":\"sv-SE\",\"@id\":\"https:\/\/riwal-wpn.acceptatie.indicia-interactiv.nl\/sv\/#\/schema\/logo\/image\/\",\"url\":\"\",\"contentUrl\":\"\",\"caption\":\"Riwal\"},\"image\":{\"@id\":\"https:\/\/riwal-wpn.acceptatie.indicia-interactiv.nl\/sv\/#\/schema\/logo\/image\/\"}}]}<\/script>\n<!-- \/ Yoast SEO Premium plugin. -->","yoast_head_json":{"title":"V\u00e5ra allm\u00e4nna villkor | Utbildning | Riwal Sverige","description":"L\u00e4s v\u00e5ra allm\u00e4nna villkor f\u00f6r v\u00e5ra utbildningar. L\u00e4s om hur det fungerar med anm\u00e4lan, avbokning, f\u00f6rkunskaper, kursavgift, intyg med mera.","robots":{"index":"noindex","follow":"follow","max-snippet":"max-snippet:-1","max-image-preview":"max-image-preview:large","max-video-preview":"max-video-preview:-1"},"og_locale":"sv_SE","og_type":"article","og_title":"V\u00e5ra allm\u00e4nna villkor","og_description":"L\u00e4s v\u00e5ra allm\u00e4nna villkor f\u00f6r v\u00e5ra utbildningar. L\u00e4s om hur det fungerar med anm\u00e4lan, avbokning, f\u00f6rkunskaper, kursavgift, intyg med mera.","og_url":"https:\/\/riwal-wpn.acceptatie.indicia-interactiv.nl\/sv\/utbildning\/allmanna-villkor\/","og_site_name":"Riwal Sverige","article_modified_time":"2023-09-19T06:14:40+00:00","og_image":[{"url":"https:\/\/riwal-wpn.acceptatie.indicia-interactiv.nl\/app\/uploads\/sites\/13\/2023\/07\/earthlander-3257-1-1024x683.jpg","type":"","width":"","height":""}],"twitter_card":"summary_large_image","twitter_misc":{"Est. reading time":"3 minuter"},"schema":{"@context":"https:\/\/schema.org","@graph":[{"@type":"WebPage","@id":"https:\/\/riwal-wpn.acceptatie.indicia-interactiv.nl\/sv\/utbildning\/allmanna-villkor\/","url":"https:\/\/riwal-wpn.acceptatie.indicia-interactiv.nl\/sv\/utbildning\/allmanna-villkor\/","name":"V\u00e5ra allm\u00e4nna villkor | Utbildning | Riwal Sverige","isPartOf":{"@id":"https:\/\/riwal-wpn.acceptatie.indicia-interactiv.nl\/sv\/#website"},"primaryImageOfPage":{"@id":"https:\/\/riwal-wpn.acceptatie.indicia-interactiv.nl\/sv\/utbildning\/allmanna-villkor\/#primaryimage"},"image":{"@id":"https:\/\/riwal-wpn.acceptatie.indicia-interactiv.nl\/sv\/utbildning\/allmanna-villkor\/#primaryimage"},"thumbnailUrl":"https:\/\/riwal-wpn.acceptatie.indicia-interactiv.nl\/app\/uploads\/sites\/13\/2023\/07\/earthlander-3257-1-1024x683.jpg","datePublished":"2023-07-19T13:14:03+00:00","dateModified":"2023-09-19T06:14:40+00:00","description":"L\u00e4s v\u00e5ra allm\u00e4nna villkor f\u00f6r v\u00e5ra utbildningar. L\u00e4s om hur det fungerar med anm\u00e4lan, avbokning, f\u00f6rkunskaper, kursavgift, intyg med mera.","breadcrumb":{"@id":"https:\/\/riwal-wpn.acceptatie.indicia-interactiv.nl\/sv\/utbildning\/allmanna-villkor\/#breadcrumb"},"inLanguage":"sv-SE","potentialAction":[{"@type":"ReadAction","target":["https:\/\/riwal-wpn.acceptatie.indicia-interactiv.nl\/sv\/utbildning\/allmanna-villkor\/"]}]},{"@type":"ImageObject","inLanguage":"sv-SE","@id":"https:\/\/riwal-wpn.acceptatie.indicia-interactiv.nl\/sv\/utbildning\/allmanna-villkor\/#primaryimage","url":"https:\/\/riwal-wpn.acceptatie.indicia-interactiv.nl\/app\/uploads\/sites\/13\/2023\/07\/earthlander-3257-1-1024x683.jpg","contentUrl":"https:\/\/riwal-wpn.acceptatie.indicia-interactiv.nl\/app\/uploads\/sites\/13\/2023\/07\/earthlander-3257-1-1024x683.jpg"},{"@type":"BreadcrumbList","@id":"https:\/\/riwal-wpn.acceptatie.indicia-interactiv.nl\/sv\/utbildning\/allmanna-villkor\/#breadcrumb","itemListElement":[{"@type":"ListItem","position":1,"name":"Hem","item":"https:\/\/riwal-wpn.acceptatie.indicia-interactiv.nl\/sv\/"},{"@type":"ListItem","position":2,"name":"Utbildning","item":"https:\/\/riwal-wpn.acceptatie.indicia-interactiv.nl\/sv\/utbildning\/"},{"@type":"ListItem","position":3,"name":"V\u00e5ra allm\u00e4nna villkor"}]},{"@type":"WebSite","@id":"https:\/\/riwal-wpn.acceptatie.indicia-interactiv.nl\/sv\/#website","url":"https:\/\/riwal-wpn.acceptatie.indicia-interactiv.nl\/sv\/","name":"Riwal Sverige","description":"Arial work platform &amp; Telehandler Rental\/Sales","publisher":{"@id":"https:\/\/riwal-wpn.acceptatie.indicia-interactiv.nl\/sv\/#organization"},"potentialAction":[{"@type":"SearchAction","target":{"@type":"EntryPoint","urlTemplate":"https:\/\/riwal-wpn.acceptatie.indicia-interactiv.nl\/sv\/?s={search_term_string}"},"query-input":{"@type":"PropertyValueSpecification","valueRequired":true,"valueName":"search_term_string"}}],"inLanguage":"sv-SE"},{"@type":"Organization","@id":"https:\/\/riwal-wpn.acceptatie.indicia-interactiv.nl\/sv\/#organization","name":"Riwal","url":"https:\/\/riwal-wpn.acceptatie.indicia-interactiv.nl\/sv\/","logo":{"@type":"ImageObject","inLanguage":"sv-SE","@id":"https:\/\/riwal-wpn.acceptatie.indicia-interactiv.nl\/sv\/#\/schema\/logo\/image\/","url":"","contentUrl":"","caption":"Riwal"},"image":{"@id":"https:\/\/riwal-wpn.acceptatie.indicia-interactiv.nl\/sv\/#\/schema\/logo\/image\/"}}]}},"_links":{"self":[{"href":"https:\/\/riwal-wpn.acceptatie.indicia-interactiv.nl\/sv\/wp-json\/wp\/v2\/pages\/1516","targetHints":{"allow":["GET"]}}],"collection":[{"href":"https:\/\/riwal-wpn.acceptatie.indicia-interactiv.nl\/sv\/wp-json\/wp\/v2\/pages"}],"about":[{"href":"https:\/\/riwal-wpn.acceptatie.indicia-interactiv.nl\/sv\/wp-json\/wp\/v2\/types\/page"}],"author":[{"embeddable":true,"href":"https:\/\/riwal-wpn.acceptatie.indicia-interactiv.nl\/sv\/wp-json\/wp\/v2\/users\/19"}],"replies":[{"embeddable":true,"href":"https:\/\/riwal-wpn.acceptatie.indicia-interactiv.nl\/sv\/wp-json\/wp\/v2\/comments?post=1516"}],"version-history":[{"count":18,"href":"https:\/\/riwal-wpn.acceptatie.indicia-interactiv.nl\/sv\/wp-json\/wp\/v2\/pages\/1516\/revisions"}],"predecessor-version":[{"id":4742,"href":"https:\/\/riwal-wpn.acceptatie.indicia-interactiv.nl\/sv\/wp-json\/wp\/v2\/pages\/1516\/revisions\/4742"}],"up":[{"embeddable":true,"href":"https:\/\/riwal-wpn.acceptatie.indicia-interactiv.nl\/sv\/wp-json\/wp\/v2\/pages\/3602"}],"wp:attachment":[{"href":"https:\/\/riwal-wpn.acceptatie.indicia-interactiv.nl\/sv\/wp-json\/wp\/v2\/media?parent=1516"}],"curies":[{"name":"wp","href":"https:\/\/api.w.org\/{rel}","templated":true}]}}