{"id":1535,"date":"2023-07-19T13:23:51","date_gmt":"2023-07-19T13:23:51","guid":{"rendered":"https:\/\/riwal-wpn.acceptatie.indicia-interactiv.nl\/sv-se\/?page_id=1535"},"modified":"2024-01-16T09:17:08","modified_gmt":"2024-01-16T09:17:08","slug":"kortillstand","status":"publish","type":"page","link":"https:\/\/riwal-wpn.acceptatie.indicia-interactiv.nl\/sv\/utbildning\/kortillstand\/","title":{"rendered":"K\u00f6rtillst\u00e5nd"},"content":{"rendered":"<div class=\"rental-wp-default-block rental-theme-block-default-margin\">\n\t\t\t\t\t\t\t\t<div class=\"container\">\n<div class=\"wp-block-columns is-layout-flex wp-container-core-columns-is-layout-28f84493 wp-block-columns-is-layout-flex\">\n<div class=\"wp-block-column is-layout-flow wp-block-column-is-layout-flow\" style=\"flex-basis:100%\">\n<div class=\"wp-block-columns is-layout-flex wp-container-core-columns-is-layout-28f84493 wp-block-columns-is-layout-flex\">\n<div class=\"wp-block-column is-layout-flow wp-block-column-is-layout-flow\" style=\"flex-basis:100%\">\n<div class=\"wp-block-columns is-layout-flex wp-container-core-columns-is-layout-28f84493 wp-block-columns-is-layout-flex\">\n<div class=\"wp-block-column is-layout-flow wp-block-column-is-layout-flow\">\n<h1 class=\"wp-block-heading has-xxxx-large-font-size\" id=\"h-kortillstand\">K\u00f6rtillst\u00e5nd <\/h1>\n\n\n\n<p>P\u00e5 m\u00e5nga arbetsplatser \u00e4r det n\u00f6dv\u00e4ndigt att kunna uppvisa ett giltigt k\u00f6rtillst\u00e5nd f\u00f6r att utf\u00f6ra specifika arbetsuppgifter. Ett k\u00f6rtillst\u00e5nd \u00e4r ett officiellt dokument som intygar att du har de n\u00f6dv\u00e4ndiga f\u00e4rdigheterna f\u00f6r att utf\u00f6ra specifika arbetsuppgifter. F\u00f6r att ditt k\u00f6rtillst\u00e5nd ska vara giltigt, beh\u00f6ver du ha genomf\u00f6rt en <a href=\"https:\/\/riwal-wpn.acceptatie.indicia-interactiv.nl\/sv\/utbildning\/\">utbildning<\/a>. <\/p>\n\n\n\n<p>F\u00f6r att underl\u00e4tta f\u00f6r v\u00e5ra kunder har vi samlat de vanligaste k\u00f6rtillst\u00e5nden p\u00e5 ett och samma st\u00e4lla. Du kan enkelt ladda ner tillst\u00e5nden och anv\u00e4nda p\u00e5 din arbetsplats. Oavsett om du k\u00f6r truck, lift eller travers har vi de n\u00f6dv\u00e4ndiga tillst\u00e5nden f\u00f6r att du ska kunna komma f\u00f6rberedd till din arbetsplats.<\/p>\n\n\n\n<p>Att ha de r\u00e4tta tillst\u00e5nden \u00e4r inte bara ett krav f\u00f6r att f\u00f6lja lagstiftningen, utan det \u00e4r ocks\u00e5 avg\u00f6rande f\u00f6r att s\u00e4kerst\u00e4lla en s\u00e4ker arbetsmilj\u00f6. Vi str\u00e4var efter att g\u00f6ra processen s\u00e5 smidig som m\u00f6jligt s\u00e5 att du kan fokusera p\u00e5 ditt arbete och k\u00e4nna dig trygg i din roll.<\/p>\n\n\n\n<p>Kom f\u00f6rberedd till din arbetsplats och visa upp de n\u00f6dv\u00e4ndiga dokumenten f\u00f6r att g\u00f6ra ditt arbete p\u00e5 ett s\u00e4kert och effektivt s\u00e4tt.<\/p>\n<\/div>\n<\/div>\n<\/div>\n<\/div>\n<\/div>\n<\/div>\n<\/div>\n\t\t\t\t\t\t\t<\/div> \n\n<div class=\"container\">\n<p class=\"has-normal-font-size\"><\/p>\n<\/div>\n\n<div class=\"rental-wp-default-block rental-theme-block-default-margin\">\n\t\t\t\t\t\t\t\t<div class=\"container\">\n<div class=\"wp-block-columns is-layout-flex wp-container-core-columns-is-layout-28f84493 wp-block-columns-is-layout-flex\">\n<div class=\"wp-block-column is-layout-flow wp-block-column-is-layout-flow\">\n<figure class=\"wp-block-image size-large is-resized\"><img loading=\"lazy\" decoding=\"async\" width=\"718\" height=\"1024\" src=\"https:\/\/riwal-wpn.acceptatie.indicia-interactiv.nl\/app\/uploads\/sites\/13\/2023\/09\/Ska\u0308rmavbild-2023-09-04-kl.-13.09.43-718x1024.png\" alt=\"\" class=\"wp-image-3692\" style=\"width:394px;height:562px\" srcset=\"https:\/\/riwal-wpn.acceptatie.indicia-interactiv.nl\/app\/uploads\/sites\/13\/2023\/09\/Ska\u0308rmavbild-2023-09-04-kl.-13.09.43-718x1024.png 718w, https:\/\/riwal-wpn.acceptatie.indicia-interactiv.nl\/app\/uploads\/sites\/13\/2023\/09\/Ska\u0308rmavbild-2023-09-04-kl.-13.09.43-440x628.png 440w, https:\/\/riwal-wpn.acceptatie.indicia-interactiv.nl\/app\/uploads\/sites\/13\/2023\/09\/Ska\u0308rmavbild-2023-09-04-kl.-13.09.43-210x300.png 210w, https:\/\/riwal-wpn.acceptatie.indicia-interactiv.nl\/app\/uploads\/sites\/13\/2023\/09\/Ska\u0308rmavbild-2023-09-04-kl.-13.09.43-768x1096.png 768w, https:\/\/riwal-wpn.acceptatie.indicia-interactiv.nl\/app\/uploads\/sites\/13\/2023\/09\/Ska\u0308rmavbild-2023-09-04-kl.-13.09.43-1076x1536.png 1076w, https:\/\/riwal-wpn.acceptatie.indicia-interactiv.nl\/app\/uploads\/sites\/13\/2023\/09\/Ska\u0308rmavbild-2023-09-04-kl.-13.09.43-178x254.png 178w, https:\/\/riwal-wpn.acceptatie.indicia-interactiv.nl\/app\/uploads\/sites\/13\/2023\/09\/Ska\u0308rmavbild-2023-09-04-kl.-13.09.43-648x925.png 648w, https:\/\/riwal-wpn.acceptatie.indicia-interactiv.nl\/app\/uploads\/sites\/13\/2023\/09\/Ska\u0308rmavbild-2023-09-04-kl.-13.09.43-385x550.png 385w, https:\/\/riwal-wpn.acceptatie.indicia-interactiv.nl\/app\/uploads\/sites\/13\/2023\/09\/Ska\u0308rmavbild-2023-09-04-kl.-13.09.43-140x200.png 140w, https:\/\/riwal-wpn.acceptatie.indicia-interactiv.nl\/app\/uploads\/sites\/13\/2023\/09\/Ska\u0308rmavbild-2023-09-04-kl.-13.09.43.png 1180w\" sizes=\"auto, (max-width: 718px) 100vw, 718px\" \/><\/figure>\n\n\n\n<div class=\"wp-block-buttons is-content-justification-center is-layout-flex wp-container-core-buttons-is-layout-a89b3969 wp-block-buttons-is-layout-flex\">\n<div class=\"wp-block-button\"><a class=\"wp-block-button__link wp-element-button\" href=\"https:\/\/www.paperturn-view.com\/riwal-holding-group-bv\/krtillstnd-lift-riwal?pid=MjQ246064\">Lift<\/a><\/div>\n<\/div>\n<\/div>\n\n\n\n<div class=\"wp-block-column is-layout-flow wp-block-column-is-layout-flow\">\n<figure class=\"wp-block-image size-large is-resized\"><img loading=\"lazy\" decoding=\"async\" width=\"715\" height=\"1024\" src=\"https:\/\/riwal-wpn.acceptatie.indicia-interactiv.nl\/app\/uploads\/sites\/13\/2023\/09\/Ska\u0308rmavbild-2023-09-04-kl.-13.10.07-715x1024.png\" alt=\"k\u00f6rtillst\u00e5nd-travers\n\" class=\"wp-image-3693\" style=\"width:392px;height:562px\" srcset=\"https:\/\/riwal-wpn.acceptatie.indicia-interactiv.nl\/app\/uploads\/sites\/13\/2023\/09\/Ska\u0308rmavbild-2023-09-04-kl.-13.10.07-715x1024.png 715w, https:\/\/riwal-wpn.acceptatie.indicia-interactiv.nl\/app\/uploads\/sites\/13\/2023\/09\/Ska\u0308rmavbild-2023-09-04-kl.-13.10.07-439x628.png 439w, https:\/\/riwal-wpn.acceptatie.indicia-interactiv.nl\/app\/uploads\/sites\/13\/2023\/09\/Ska\u0308rmavbild-2023-09-04-kl.-13.10.07-210x300.png 210w, https:\/\/riwal-wpn.acceptatie.indicia-interactiv.nl\/app\/uploads\/sites\/13\/2023\/09\/Ska\u0308rmavbild-2023-09-04-kl.-13.10.07-768x1099.png 768w, https:\/\/riwal-wpn.acceptatie.indicia-interactiv.nl\/app\/uploads\/sites\/13\/2023\/09\/Ska\u0308rmavbild-2023-09-04-kl.-13.10.07-178x255.png 178w, https:\/\/riwal-wpn.acceptatie.indicia-interactiv.nl\/app\/uploads\/sites\/13\/2023\/09\/Ska\u0308rmavbild-2023-09-04-kl.-13.10.07-646x925.png 646w, https:\/\/riwal-wpn.acceptatie.indicia-interactiv.nl\/app\/uploads\/sites\/13\/2023\/09\/Ska\u0308rmavbild-2023-09-04-kl.-13.10.07-384x550.png 384w, https:\/\/riwal-wpn.acceptatie.indicia-interactiv.nl\/app\/uploads\/sites\/13\/2023\/09\/Ska\u0308rmavbild-2023-09-04-kl.-13.10.07-140x200.png 140w, https:\/\/riwal-wpn.acceptatie.indicia-interactiv.nl\/app\/uploads\/sites\/13\/2023\/09\/Ska\u0308rmavbild-2023-09-04-kl.-13.10.07.png 960w\" sizes=\"auto, (max-width: 715px) 100vw, 715px\" \/><\/figure>\n\n\n\n<div class=\"wp-block-buttons is-content-justification-center is-layout-flex wp-container-core-buttons-is-layout-a89b3969 wp-block-buttons-is-layout-flex\">\n<div class=\"wp-block-button\"><a class=\"wp-block-button__link wp-element-button\" href=\"https:\/\/www.paperturn-view.com\/riwal-holding-group-bv\/krtillstnd-travers-riwal?pid=MjQ246065\">Travers<\/a><\/div>\n<\/div>\n<\/div>\n\n\n\n<div class=\"wp-block-column is-layout-flow wp-block-column-is-layout-flow\">\n<figure class=\"wp-block-image size-large is-resized\"><img loading=\"lazy\" decoding=\"async\" width=\"718\" height=\"1024\" src=\"https:\/\/riwal-wpn.acceptatie.indicia-interactiv.nl\/app\/uploads\/sites\/13\/2024\/01\/image-718x1024.png\" alt=\"\" class=\"wp-image-6990\" style=\"width:393px;height:auto\" srcset=\"https:\/\/riwal-wpn.acceptatie.indicia-interactiv.nl\/app\/uploads\/sites\/13\/2024\/01\/image-718x1024.png 718w, https:\/\/riwal-wpn.acceptatie.indicia-interactiv.nl\/app\/uploads\/sites\/13\/2024\/01\/image-210x300.png 210w, https:\/\/riwal-wpn.acceptatie.indicia-interactiv.nl\/app\/uploads\/sites\/13\/2024\/01\/image-768x1095.png 768w, https:\/\/riwal-wpn.acceptatie.indicia-interactiv.nl\/app\/uploads\/sites\/13\/2024\/01\/image-178x254.png 178w, https:\/\/riwal-wpn.acceptatie.indicia-interactiv.nl\/app\/uploads\/sites\/13\/2024\/01\/image-649x925.png 649w, https:\/\/riwal-wpn.acceptatie.indicia-interactiv.nl\/app\/uploads\/sites\/13\/2024\/01\/image-386x550.png 386w, https:\/\/riwal-wpn.acceptatie.indicia-interactiv.nl\/app\/uploads\/sites\/13\/2024\/01\/image-441x628.png 441w, https:\/\/riwal-wpn.acceptatie.indicia-interactiv.nl\/app\/uploads\/sites\/13\/2024\/01\/image-140x200.png 140w, https:\/\/riwal-wpn.acceptatie.indicia-interactiv.nl\/app\/uploads\/sites\/13\/2024\/01\/image-344x490.png 344w, https:\/\/riwal-wpn.acceptatie.indicia-interactiv.nl\/app\/uploads\/sites\/13\/2024\/01\/image-237x338.png 237w, https:\/\/riwal-wpn.acceptatie.indicia-interactiv.nl\/app\/uploads\/sites\/13\/2024\/01\/image-474x676.png 474w, https:\/\/riwal-wpn.acceptatie.indicia-interactiv.nl\/app\/uploads\/sites\/13\/2024\/01\/image.png 780w\" sizes=\"auto, (max-width: 718px) 100vw, 718px\" \/><\/figure>\n\n\n\n<div class=\"wp-block-buttons is-content-justification-center is-layout-flex wp-container-core-buttons-is-layout-a89b3969 wp-block-buttons-is-layout-flex\">\n<div class=\"wp-block-button\"><a class=\"wp-block-button__link wp-element-button\" href=\"https:\/\/www.paperturn-view.com\/riwal-holding-group-bv\/krtillstnd-truck-riwal?pid=MjQ246066\">Truck<\/a><\/div>\n<\/div>\n<\/div>\n<\/div>\n<\/div>\n\t\t\t\t\t\t\t<\/div> \n\n<div class=\"rental-wp-default-block rental-theme-block-default-margin\">\n\t\t\t\t\t\t\t\t<div class=\"container\">\n<div class=\"wp-block-columns is-layout-flex wp-container-core-columns-is-layout-28f84493 wp-block-columns-is-layout-flex\">\n<div class=\"wp-block-column is-layout-flow wp-block-column-is-layout-flow\"><\/div>\n\n\n\n<div class=\"wp-block-column is-layout-flow wp-block-column-is-layout-flow\">\n<figure class=\"wp-block-image size-large is-resized\"><img loading=\"lazy\" decoding=\"async\" width=\"722\" height=\"1024\" src=\"https:\/\/riwal-wpn.acceptatie.indicia-interactiv.nl\/app\/uploads\/sites\/13\/2023\/09\/Ska\u0308rmavbild-2023-09-04-kl.-13.25.50-722x1024.png\" alt=\"\" class=\"wp-image-3705\" style=\"width:394px;height:559px\" srcset=\"https:\/\/riwal-wpn.acceptatie.indicia-interactiv.nl\/app\/uploads\/sites\/13\/2023\/09\/Ska\u0308rmavbild-2023-09-04-kl.-13.25.50-722x1024.png 722w, https:\/\/riwal-wpn.acceptatie.indicia-interactiv.nl\/app\/uploads\/sites\/13\/2023\/09\/Ska\u0308rmavbild-2023-09-04-kl.-13.25.50-443x628.png 443w, https:\/\/riwal-wpn.acceptatie.indicia-interactiv.nl\/app\/uploads\/sites\/13\/2023\/09\/Ska\u0308rmavbild-2023-09-04-kl.-13.25.50-211x300.png 211w, https:\/\/riwal-wpn.acceptatie.indicia-interactiv.nl\/app\/uploads\/sites\/13\/2023\/09\/Ska\u0308rmavbild-2023-09-04-kl.-13.25.50-768x1089.png 768w, https:\/\/riwal-wpn.acceptatie.indicia-interactiv.nl\/app\/uploads\/sites\/13\/2023\/09\/Ska\u0308rmavbild-2023-09-04-kl.-13.25.50-178x253.png 178w, https:\/\/riwal-wpn.acceptatie.indicia-interactiv.nl\/app\/uploads\/sites\/13\/2023\/09\/Ska\u0308rmavbild-2023-09-04-kl.-13.25.50-652x925.png 652w, https:\/\/riwal-wpn.acceptatie.indicia-interactiv.nl\/app\/uploads\/sites\/13\/2023\/09\/Ska\u0308rmavbild-2023-09-04-kl.-13.25.50-388x550.png 388w, https:\/\/riwal-wpn.acceptatie.indicia-interactiv.nl\/app\/uploads\/sites\/13\/2023\/09\/Ska\u0308rmavbild-2023-09-04-kl.-13.25.50-141x200.png 141w, https:\/\/riwal-wpn.acceptatie.indicia-interactiv.nl\/app\/uploads\/sites\/13\/2023\/09\/Ska\u0308rmavbild-2023-09-04-kl.-13.25.50.png 970w\" sizes=\"auto, (max-width: 722px) 100vw, 722px\" \/><\/figure>\n\n\n\n<div class=\"wp-block-buttons is-content-justification-center is-layout-flex wp-container-core-buttons-is-layout-72caf8c6 wp-block-buttons-is-layout-flex\">\n<div class=\"wp-block-button\"><a class=\"wp-block-button__link wp-element-button\" href=\"https:\/\/www.paperturn-view.com\/riwal-holding-group-bv\/krtillstnd-truck-travers-lift-riwal?pid=MjQ246067\" target=\"_blank\" rel=\"noreferrer noopener\">Lift\/Travers\/Truck<\/a><\/div>\n<\/div>\n<\/div>\n\n\n\n<div class=\"wp-block-column is-layout-flow wp-block-column-is-layout-flow\"><\/div>\n<\/div>\n<\/div>\n\t\t\t\t\t\t\t<\/div> \n\n<div class=\"container\">\n<p><\/p>\n<\/div>\n\n<div class=\"container\">\n<p><br><\/p>\n<\/div>","protected":false},"excerpt":{"rendered":"<p>K\u00f6rtillst\u00e5nd P\u00e5 m\u00e5nga arbetsplatser \u00e4r det n\u00f6dv\u00e4ndigt att kunna uppvisa ett giltigt k\u00f6rtillst\u00e5nd f\u00f6r att utf\u00f6ra specifika arbetsuppgifter. Ett k\u00f6rtillst\u00e5nd \u00e4r ett officiellt dokument som intygar att du har de n\u00f6dv\u00e4ndiga f\u00e4rdigheterna f\u00f6r att utf\u00f6ra specifika arbetsuppgifter. F\u00f6r att ditt k\u00f6rtillst\u00e5nd ska vara giltigt, beh\u00f6ver du ha genomf\u00f6rt en utbildning. F\u00f6r att underl\u00e4tta f\u00f6r v\u00e5ra &hellip; <a href=\"https:\/\/riwal-wpn.acceptatie.indicia-interactiv.nl\/sv\/utbildning\/kortillstand\/\">G\u00e5 vidare<\/a><\/p>\n","protected":false},"author":19,"featured_media":3744,"parent":3602,"menu_order":0,"comment_status":"closed","ping_status":"closed","template":"","meta":{"_acf_changed":false,"editor_notices":[],"footnotes":""},"class_list":["post-1535","page","type-page","status-publish","has-post-thumbnail","hentry"],"acf":[],"yoast_head":"<!-- This site is optimized with the Yoast SEO Premium plugin v27.1 (Yoast SEO v27.1.1) - https:\/\/yoast.com\/product\/yoast-seo-premium-wordpress\/ -->\n<title>K\u00f6rtillst\u00e5nd | Ladda ner ditt k\u00f6rtillst\u00e5nd | Riwal Sverige<\/title>\n<meta name=\"description\" content=\"P\u00e5 vissa arbetsplatser beh\u00f6ver du ett k\u00f6rtillst\u00e5nd f\u00f6r att f\u00e5 k\u00f6ra lift. Ladda ner ditt k\u00f6rtillst\u00e5nd h\u00e4r, och ta med till din arbetsplats!\" \/>\n<meta name=\"robots\" content=\"noindex, follow, max-snippet:-1, max-image-preview:large, max-video-preview:-1\" \/>\n<meta property=\"og:locale\" content=\"sv_SE\" \/>\n<meta property=\"og:type\" content=\"article\" \/>\n<meta property=\"og:title\" content=\"K\u00f6rtillst\u00e5nd\" \/>\n<meta property=\"og:description\" content=\"P\u00e5 vissa arbetsplatser beh\u00f6ver du ett k\u00f6rtillst\u00e5nd f\u00f6r att f\u00e5 k\u00f6ra lift. Ladda ner ditt k\u00f6rtillst\u00e5nd h\u00e4r, och ta med till din arbetsplats!\" \/>\n<meta property=\"og:url\" content=\"https:\/\/riwal-wpn.acceptatie.indicia-interactiv.nl\/sv\/utbildning\/kortillstand\/\" \/>\n<meta property=\"og:site_name\" content=\"Riwal Sverige\" \/>\n<meta property=\"article:modified_time\" content=\"2024-01-16T09:17:08+00:00\" \/>\n<meta property=\"og:image\" content=\"https:\/\/riwal-wpn.acceptatie.indicia-interactiv.nl\/app\/uploads\/sites\/13\/2023\/09\/lastbil-scaled.jpg\" \/>\n\t<meta property=\"og:image:width\" content=\"2560\" \/>\n\t<meta property=\"og:image:height\" content=\"1920\" \/>\n\t<meta property=\"og:image:type\" content=\"image\/jpeg\" \/>\n<meta name=\"twitter:card\" content=\"summary_large_image\" \/>\n<meta name=\"twitter:label1\" content=\"Est. reading time\" \/>\n\t<meta name=\"twitter:data1\" content=\"2 minuter\" \/>\n<script type=\"application\/ld+json\" class=\"yoast-schema-graph\">{\"@context\":\"https:\/\/schema.org\",\"@graph\":[{\"@type\":\"WebPage\",\"@id\":\"https:\/\/riwal-wpn.acceptatie.indicia-interactiv.nl\/sv\/utbildning\/kortillstand\/\",\"url\":\"https:\/\/riwal-wpn.acceptatie.indicia-interactiv.nl\/sv\/utbildning\/kortillstand\/\",\"name\":\"K\u00f6rtillst\u00e5nd | Ladda ner ditt k\u00f6rtillst\u00e5nd | Riwal Sverige\",\"isPartOf\":{\"@id\":\"https:\/\/riwal-wpn.acceptatie.indicia-interactiv.nl\/sv\/#website\"},\"primaryImageOfPage\":{\"@id\":\"https:\/\/riwal-wpn.acceptatie.indicia-interactiv.nl\/sv\/utbildning\/kortillstand\/#primaryimage\"},\"image\":{\"@id\":\"https:\/\/riwal-wpn.acceptatie.indicia-interactiv.nl\/sv\/utbildning\/kortillstand\/#primaryimage\"},\"thumbnailUrl\":\"https:\/\/riwal-wpn.acceptatie.indicia-interactiv.nl\/app\/uploads\/sites\/13\/2023\/09\/lastbil-scaled.jpg\",\"datePublished\":\"2023-07-19T13:23:51+00:00\",\"dateModified\":\"2024-01-16T09:17:08+00:00\",\"description\":\"P\u00e5 vissa arbetsplatser beh\u00f6ver du ett k\u00f6rtillst\u00e5nd f\u00f6r att f\u00e5 k\u00f6ra lift. Ladda ner ditt k\u00f6rtillst\u00e5nd h\u00e4r, och ta med till din arbetsplats!\",\"breadcrumb\":{\"@id\":\"https:\/\/riwal-wpn.acceptatie.indicia-interactiv.nl\/sv\/utbildning\/kortillstand\/#breadcrumb\"},\"inLanguage\":\"sv-SE\",\"potentialAction\":[{\"@type\":\"ReadAction\",\"target\":[\"https:\/\/riwal-wpn.acceptatie.indicia-interactiv.nl\/sv\/utbildning\/kortillstand\/\"]}]},{\"@type\":\"ImageObject\",\"inLanguage\":\"sv-SE\",\"@id\":\"https:\/\/riwal-wpn.acceptatie.indicia-interactiv.nl\/sv\/utbildning\/kortillstand\/#primaryimage\",\"url\":\"https:\/\/riwal-wpn.acceptatie.indicia-interactiv.nl\/app\/uploads\/sites\/13\/2023\/09\/lastbil-scaled.jpg\",\"contentUrl\":\"https:\/\/riwal-wpn.acceptatie.indicia-interactiv.nl\/app\/uploads\/sites\/13\/2023\/09\/lastbil-scaled.jpg\",\"width\":2560,\"height\":1920,\"caption\":\"K\u00f6rtillst\u00e5nd\"},{\"@type\":\"BreadcrumbList\",\"@id\":\"https:\/\/riwal-wpn.acceptatie.indicia-interactiv.nl\/sv\/utbildning\/kortillstand\/#breadcrumb\",\"itemListElement\":[{\"@type\":\"ListItem\",\"position\":1,\"name\":\"Hem\",\"item\":\"https:\/\/riwal-wpn.acceptatie.indicia-interactiv.nl\/sv\/\"},{\"@type\":\"ListItem\",\"position\":2,\"name\":\"Utbildning\",\"item\":\"https:\/\/riwal-wpn.acceptatie.indicia-interactiv.nl\/sv\/utbildning\/\"},{\"@type\":\"ListItem\",\"position\":3,\"name\":\"K\u00f6rtillst\u00e5nd\"}]},{\"@type\":\"WebSite\",\"@id\":\"https:\/\/riwal-wpn.acceptatie.indicia-interactiv.nl\/sv\/#website\",\"url\":\"https:\/\/riwal-wpn.acceptatie.indicia-interactiv.nl\/sv\/\",\"name\":\"Riwal Sverige\",\"description\":\"Arial work platform &amp; Telehandler Rental\/Sales\",\"publisher\":{\"@id\":\"https:\/\/riwal-wpn.acceptatie.indicia-interactiv.nl\/sv\/#organization\"},\"potentialAction\":[{\"@type\":\"SearchAction\",\"target\":{\"@type\":\"EntryPoint\",\"urlTemplate\":\"https:\/\/riwal-wpn.acceptatie.indicia-interactiv.nl\/sv\/?s={search_term_string}\"},\"query-input\":{\"@type\":\"PropertyValueSpecification\",\"valueRequired\":true,\"valueName\":\"search_term_string\"}}],\"inLanguage\":\"sv-SE\"},{\"@type\":\"Organization\",\"@id\":\"https:\/\/riwal-wpn.acceptatie.indicia-interactiv.nl\/sv\/#organization\",\"name\":\"Riwal\",\"url\":\"https:\/\/riwal-wpn.acceptatie.indicia-interactiv.nl\/sv\/\",\"logo\":{\"@type\":\"ImageObject\",\"inLanguage\":\"sv-SE\",\"@id\":\"https:\/\/riwal-wpn.acceptatie.indicia-interactiv.nl\/sv\/#\/schema\/logo\/image\/\",\"url\":\"\",\"contentUrl\":\"\",\"caption\":\"Riwal\"},\"image\":{\"@id\":\"https:\/\/riwal-wpn.acceptatie.indicia-interactiv.nl\/sv\/#\/schema\/logo\/image\/\"}}]}<\/script>\n<!-- \/ Yoast SEO Premium plugin. -->","yoast_head_json":{"title":"K\u00f6rtillst\u00e5nd | Ladda ner ditt k\u00f6rtillst\u00e5nd | Riwal Sverige","description":"P\u00e5 vissa arbetsplatser beh\u00f6ver du ett k\u00f6rtillst\u00e5nd f\u00f6r att f\u00e5 k\u00f6ra lift. Ladda ner ditt k\u00f6rtillst\u00e5nd h\u00e4r, och ta med till din arbetsplats!","robots":{"index":"noindex","follow":"follow","max-snippet":"max-snippet:-1","max-image-preview":"max-image-preview:large","max-video-preview":"max-video-preview:-1"},"og_locale":"sv_SE","og_type":"article","og_title":"K\u00f6rtillst\u00e5nd","og_description":"P\u00e5 vissa arbetsplatser beh\u00f6ver du ett k\u00f6rtillst\u00e5nd f\u00f6r att f\u00e5 k\u00f6ra lift. Ladda ner ditt k\u00f6rtillst\u00e5nd h\u00e4r, och ta med till din arbetsplats!","og_url":"https:\/\/riwal-wpn.acceptatie.indicia-interactiv.nl\/sv\/utbildning\/kortillstand\/","og_site_name":"Riwal Sverige","article_modified_time":"2024-01-16T09:17:08+00:00","og_image":[{"width":2560,"height":1920,"url":"https:\/\/riwal-wpn.acceptatie.indicia-interactiv.nl\/app\/uploads\/sites\/13\/2023\/09\/lastbil-scaled.jpg","type":"image\/jpeg"}],"twitter_card":"summary_large_image","twitter_misc":{"Est. reading time":"2 minuter"},"schema":{"@context":"https:\/\/schema.org","@graph":[{"@type":"WebPage","@id":"https:\/\/riwal-wpn.acceptatie.indicia-interactiv.nl\/sv\/utbildning\/kortillstand\/","url":"https:\/\/riwal-wpn.acceptatie.indicia-interactiv.nl\/sv\/utbildning\/kortillstand\/","name":"K\u00f6rtillst\u00e5nd | Ladda ner ditt k\u00f6rtillst\u00e5nd | Riwal Sverige","isPartOf":{"@id":"https:\/\/riwal-wpn.acceptatie.indicia-interactiv.nl\/sv\/#website"},"primaryImageOfPage":{"@id":"https:\/\/riwal-wpn.acceptatie.indicia-interactiv.nl\/sv\/utbildning\/kortillstand\/#primaryimage"},"image":{"@id":"https:\/\/riwal-wpn.acceptatie.indicia-interactiv.nl\/sv\/utbildning\/kortillstand\/#primaryimage"},"thumbnailUrl":"https:\/\/riwal-wpn.acceptatie.indicia-interactiv.nl\/app\/uploads\/sites\/13\/2023\/09\/lastbil-scaled.jpg","datePublished":"2023-07-19T13:23:51+00:00","dateModified":"2024-01-16T09:17:08+00:00","description":"P\u00e5 vissa arbetsplatser beh\u00f6ver du ett k\u00f6rtillst\u00e5nd f\u00f6r att f\u00e5 k\u00f6ra lift. Ladda ner ditt k\u00f6rtillst\u00e5nd h\u00e4r, och ta med till din arbetsplats!","breadcrumb":{"@id":"https:\/\/riwal-wpn.acceptatie.indicia-interactiv.nl\/sv\/utbildning\/kortillstand\/#breadcrumb"},"inLanguage":"sv-SE","potentialAction":[{"@type":"ReadAction","target":["https:\/\/riwal-wpn.acceptatie.indicia-interactiv.nl\/sv\/utbildning\/kortillstand\/"]}]},{"@type":"ImageObject","inLanguage":"sv-SE","@id":"https:\/\/riwal-wpn.acceptatie.indicia-interactiv.nl\/sv\/utbildning\/kortillstand\/#primaryimage","url":"https:\/\/riwal-wpn.acceptatie.indicia-interactiv.nl\/app\/uploads\/sites\/13\/2023\/09\/lastbil-scaled.jpg","contentUrl":"https:\/\/riwal-wpn.acceptatie.indicia-interactiv.nl\/app\/uploads\/sites\/13\/2023\/09\/lastbil-scaled.jpg","width":2560,"height":1920,"caption":"K\u00f6rtillst\u00e5nd"},{"@type":"BreadcrumbList","@id":"https:\/\/riwal-wpn.acceptatie.indicia-interactiv.nl\/sv\/utbildning\/kortillstand\/#breadcrumb","itemListElement":[{"@type":"ListItem","position":1,"name":"Hem","item":"https:\/\/riwal-wpn.acceptatie.indicia-interactiv.nl\/sv\/"},{"@type":"ListItem","position":2,"name":"Utbildning","item":"https:\/\/riwal-wpn.acceptatie.indicia-interactiv.nl\/sv\/utbildning\/"},{"@type":"ListItem","position":3,"name":"K\u00f6rtillst\u00e5nd"}]},{"@type":"WebSite","@id":"https:\/\/riwal-wpn.acceptatie.indicia-interactiv.nl\/sv\/#website","url":"https:\/\/riwal-wpn.acceptatie.indicia-interactiv.nl\/sv\/","name":"Riwal Sverige","description":"Arial work platform &amp; Telehandler Rental\/Sales","publisher":{"@id":"https:\/\/riwal-wpn.acceptatie.indicia-interactiv.nl\/sv\/#organization"},"potentialAction":[{"@type":"SearchAction","target":{"@type":"EntryPoint","urlTemplate":"https:\/\/riwal-wpn.acceptatie.indicia-interactiv.nl\/sv\/?s={search_term_string}"},"query-input":{"@type":"PropertyValueSpecification","valueRequired":true,"valueName":"search_term_string"}}],"inLanguage":"sv-SE"},{"@type":"Organization","@id":"https:\/\/riwal-wpn.acceptatie.indicia-interactiv.nl\/sv\/#organization","name":"Riwal","url":"https:\/\/riwal-wpn.acceptatie.indicia-interactiv.nl\/sv\/","logo":{"@type":"ImageObject","inLanguage":"sv-SE","@id":"https:\/\/riwal-wpn.acceptatie.indicia-interactiv.nl\/sv\/#\/schema\/logo\/image\/","url":"","contentUrl":"","caption":"Riwal"},"image":{"@id":"https:\/\/riwal-wpn.acceptatie.indicia-interactiv.nl\/sv\/#\/schema\/logo\/image\/"}}]}},"_links":{"self":[{"href":"https:\/\/riwal-wpn.acceptatie.indicia-interactiv.nl\/sv\/wp-json\/wp\/v2\/pages\/1535","targetHints":{"allow":["GET"]}}],"collection":[{"href":"https:\/\/riwal-wpn.acceptatie.indicia-interactiv.nl\/sv\/wp-json\/wp\/v2\/pages"}],"about":[{"href":"https:\/\/riwal-wpn.acceptatie.indicia-interactiv.nl\/sv\/wp-json\/wp\/v2\/types\/page"}],"author":[{"embeddable":true,"href":"https:\/\/riwal-wpn.acceptatie.indicia-interactiv.nl\/sv\/wp-json\/wp\/v2\/users\/19"}],"replies":[{"embeddable":true,"href":"https:\/\/riwal-wpn.acceptatie.indicia-interactiv.nl\/sv\/wp-json\/wp\/v2\/comments?post=1535"}],"version-history":[{"count":30,"href":"https:\/\/riwal-wpn.acceptatie.indicia-interactiv.nl\/sv\/wp-json\/wp\/v2\/pages\/1535\/revisions"}],"predecessor-version":[{"id":6991,"href":"https:\/\/riwal-wpn.acceptatie.indicia-interactiv.nl\/sv\/wp-json\/wp\/v2\/pages\/1535\/revisions\/6991"}],"up":[{"embeddable":true,"href":"https:\/\/riwal-wpn.acceptatie.indicia-interactiv.nl\/sv\/wp-json\/wp\/v2\/pages\/3602"}],"wp:featuredmedia":[{"embeddable":true,"href":"https:\/\/riwal-wpn.acceptatie.indicia-interactiv.nl\/sv\/wp-json\/wp\/v2\/media\/3744"}],"wp:attachment":[{"href":"https:\/\/riwal-wpn.acceptatie.indicia-interactiv.nl\/sv\/wp-json\/wp\/v2\/media?parent=1535"}],"curies":[{"name":"wp","href":"https:\/\/api.w.org\/{rel}","templated":true}]}}