{"id":3549,"date":"2023-08-31T14:23:44","date_gmt":"2023-08-31T14:23:44","guid":{"rendered":"https:\/\/riwal-wpn.acceptatie.indicia-interactiv.nl\/sv\/?page_id=3549"},"modified":"2024-01-29T07:00:24","modified_gmt":"2024-01-29T07:00:24","slug":"the-riwal-way","status":"publish","type":"page","link":"https:\/\/riwal-wpn.acceptatie.indicia-interactiv.nl\/sv\/expertis\/the-riwal-way\/","title":{"rendered":"The Riwal Way"},"content":{"rendered":"<div class=\"container\">\n<p class=\"has-normal-font-size\"><\/p>\n<\/div>\n\n<div class=\"container\">\n<h1 class=\"wp-block-heading\" id=\"h-the-riwal-way-den-basta-kundupplevelsen\">The Riwal Way &#8211; Den b\u00e4sta kundupplevelsen<\/h1>\n<\/div>\n\n<div class=\"rental-wp-default-block rental-theme-block-default-margin\">\n\t\t\t\t\t\t\t\t<div class=\"container\">\n<div class=\"wp-block-media-text has-media-on-the-right is-stacked-on-mobile\" style=\"grid-template-columns:auto 43%\"><div class=\"wp-block-media-text__content\">\n<p>V\u00e5r m\u00e5ls\u00e4ttning \u00e4r att erbjuda marknadens b\u00e4sta kundupplevelse. F\u00f6r att kunna h\u00e5lla v\u00e5r m\u00e5ls\u00e4ttning, vet vi att det kr\u00e4vs mer \u00e4n god service. Det \u00e4r d\u00e4rf\u00f6r vi har inf\u00f6rt\u00a0<em>The Riwal Way<\/em>. Id\u00e9n bakom\u00a0<em>The Riwal Way<\/em>\u00a0\u00e4r att skapa standardiserade processer f\u00f6r alla delar av v\u00e5r verksamhet. Detta f\u00f6r att garantera att v\u00e5ra produkter och tj\u00e4nster \u00e4r av samma kvalitet, oavsett till vem vi levererar dom till eller vart i v\u00e4rlden vi befinner oss. <\/p>\n\n\n\n<p>The Riwal Way &#8211; tog vi fram tillsammans med v\u00e5ra kunder. Vi fr\u00e5gade kunder \u2013 fr\u00e5n m\u00e5nga olika l\u00e4nder, verksamheter och branscher \u2013 vad de beh\u00f6vde f\u00f6r att bli n\u00f6jda. Vi sammanst\u00e4llde deras feedback till sex v\u00e4rdegrunder, som vi sedan byggde en arbetsmodell utefter. <\/p>\n<\/div><figure class=\"wp-block-media-text__media\"><img loading=\"lazy\" decoding=\"async\" width=\"1021\" height=\"1024\" src=\"https:\/\/riwal-wpn.acceptatie.indicia-interactiv.nl\/app\/uploads\/sites\/13\/2023\/09\/TRW-va\u0308rdehjul-kunder-1-1021x1024.jpg\" alt=\"Riwal - TRW - The Riwal Way - den b\u00e4sta kundservicen\" class=\"wp-image-3557 size-full\" srcset=\"https:\/\/riwal-wpn.acceptatie.indicia-interactiv.nl\/app\/uploads\/sites\/13\/2023\/09\/TRW-va\u0308rdehjul-kunder-1-1021x1024.jpg 1021w, https:\/\/riwal-wpn.acceptatie.indicia-interactiv.nl\/app\/uploads\/sites\/13\/2023\/09\/TRW-va\u0308rdehjul-kunder-1-626x628.jpg 626w, https:\/\/riwal-wpn.acceptatie.indicia-interactiv.nl\/app\/uploads\/sites\/13\/2023\/09\/TRW-va\u0308rdehjul-kunder-1-150x150.jpg 150w, https:\/\/riwal-wpn.acceptatie.indicia-interactiv.nl\/app\/uploads\/sites\/13\/2023\/09\/TRW-va\u0308rdehjul-kunder-1-300x300.jpg 300w, https:\/\/riwal-wpn.acceptatie.indicia-interactiv.nl\/app\/uploads\/sites\/13\/2023\/09\/TRW-va\u0308rdehjul-kunder-1-768x771.jpg 768w, https:\/\/riwal-wpn.acceptatie.indicia-interactiv.nl\/app\/uploads\/sites\/13\/2023\/09\/TRW-va\u0308rdehjul-kunder-1-1531x1536.jpg 1531w, https:\/\/riwal-wpn.acceptatie.indicia-interactiv.nl\/app\/uploads\/sites\/13\/2023\/09\/TRW-va\u0308rdehjul-kunder-1-178x179.jpg 178w, https:\/\/riwal-wpn.acceptatie.indicia-interactiv.nl\/app\/uploads\/sites\/13\/2023\/09\/TRW-va\u0308rdehjul-kunder-1-922x925.jpg 922w, https:\/\/riwal-wpn.acceptatie.indicia-interactiv.nl\/app\/uploads\/sites\/13\/2023\/09\/TRW-va\u0308rdehjul-kunder-1-390x391.jpg 390w, https:\/\/riwal-wpn.acceptatie.indicia-interactiv.nl\/app\/uploads\/sites\/13\/2023\/09\/TRW-va\u0308rdehjul-kunder-1-199x200.jpg 199w, https:\/\/riwal-wpn.acceptatie.indicia-interactiv.nl\/app\/uploads\/sites\/13\/2023\/09\/TRW-va\u0308rdehjul-kunder-1.jpg 1794w\" sizes=\"auto, (max-width: 1021px) 100vw, 1021px\" \/><\/figure><\/div>\n<\/div>\n\t\t\t\t\t\t\t<\/div> \n\n<div class=\"container\">\n<p><\/p>\n<\/div>\n\n<div class=\"container\">\n<h2 class=\"wp-block-heading\" id=\"h-den-basta-kundupplevelsen\">Den b\u00e4sta kundupplevelsen<\/h2>\n<\/div>\n\n<div class=\"container\">\n<p class=\"has-normal-font-size\">V\u00e5r id\u00e9 om den b\u00e4sta kundupplevelsen \u2013 visar sig i v\u00e5ra kunders h\u00f6jda produktivitet. Den m\u00e4ts ocks\u00e5 i vilket f\u00f6rtroendet som v\u00e5ra kunder har f\u00f6r oss. Att de kan lita p\u00e5 v\u00e5r utrustning och f\u00e5 support vid behov. I v\u00e5r app kan kunder hyra eller avsluta hyror direkt via mobilen 24\/7, vilket h\u00f6jer anv\u00e4ndarupplevelsen.  <\/p>\n<\/div>\n\n<div class=\"container\">\n<p class=\"has-normal-font-size\">N\u00e4r vi tog fram The Riwal Way, analyserade vi alla v\u00e5ra &#8221;k\u00e4rnprocesser&#8221; i det vi kallar &#8221;uthyrningscykeln&#8221;. D\u00e4refter standardiserade vi dem genom att utg\u00e5 fr\u00e5n b\u00e4sta praxis. Sedan tog vi fram en l\u00e4roplan f\u00f6r att l\u00e4ra ut&nbsp;<em>The Riwal Way<\/em>&nbsp;till alla v\u00e5ra medarbetare och f\u00f6r att b\u00e4dda in principerna i v\u00e5r verksamhet. Resultatet \u00e4r en \u00e4nnu b\u00e4ttre kundupplevelse, med snabbare responstid, minskat antalet st\u00f6rningar, f\u00f6rb\u00e4ttrad effektivitet och h\u00f6gre produktivitet f\u00f6r v\u00e5ra kunder. <\/p>\n<\/div>\n\n<div class=\"rental-wp-default-block rental-theme-block-default-margin\">\n\t\t\t\t\t\t\t\t<div class=\"container\">\n<div class=\"wp-block-columns is-layout-flex wp-container-core-columns-is-layout-28f84493 wp-block-columns-is-layout-flex\"><\/div>\n<\/div>\n\t\t\t\t\t\t\t<\/div> \n\n<div class=\"container\">\n<h3 class=\"wp-block-heading\" id=\"h-soker-standig-forbattring\">S\u00f6ker st\u00e4ndig f\u00f6rb\u00e4ttring<\/h3>\n<\/div>\n\n<div class=\"container\">\n<p class=\"has-normal-font-size\">Bara f\u00f6r att vi har tagit fram The Riwal Way, \u00e4r vi inte n\u00f6jda f\u00f6r det. Vi s\u00f6ker st\u00e4ndig f\u00f6rb\u00e4ttring och utveckling. Vi vill alltid ligga i framkant och kunna erbjuda det kunder beh\u00f6ver f\u00f6r att lyckas. D\u00e4rf\u00f6r forts\u00e4tter vi h\u00e5lla n\u00e4ra kontakt med v\u00e5ra kunder, och lyssnar p\u00e5 deras behov. Detta f\u00f6r att erbjuda marknadens b\u00e4sta kundupplevelse!<\/p>\n<\/div>\n\n<div class=\"container\">\n<p><\/p>\n<\/div>\n\n<div class=\"rental-wp-default-block rental-theme-block-default-margin\">\n\t\t\t\t\t\t\t\t<div class=\"container\"><div class=\"wp-block-rental-theme-services\">\n\t<div class=\"wp-block-rental-theme-services__header\">\n\t\t\t\t\t<h2 class='wp-block-rental-theme-services__header--title'>L\u00e4s mer om v\u00e5r expertis<\/h2>\t\t\t\t\t<\/div>\n\t<div class=\"wp-block-rental-theme-services__items\">\n\t\t\t\t\t<a href=\"https:\/\/riwal-wpn.acceptatie.indicia-interactiv.nl\/sv\/expertis\/hallbarhet\/\"  class=\"wp-block-rental-theme-services__item wp-block-rental-theme-services__item--not-mobile wp-block-rental-theme-services__item--3\">\n\t\t\t\t<div class=\"wp-block-rental-theme-services__item-content\">\n\t\t\t\t\t<img decoding=\"async\" width=\"1024\" height=\"683\" src=\"https:\/\/riwal-wpn.acceptatie.indicia-interactiv.nl\/app\/uploads\/sites\/13\/2024\/01\/100-elektrisk-saxlift-Riwal-1024x683-1.jpg\" class=\"wp-block-rental-theme-services__item-content__image\" alt=\"elektriska maskiner- h\u00e5llbarhetspriset\" loading=\"lazy\" srcset=\"https:\/\/riwal-wpn.acceptatie.indicia-interactiv.nl\/app\/uploads\/sites\/13\/2024\/01\/100-elektrisk-saxlift-Riwal-1024x683-1.jpg 1024w, https:\/\/riwal-wpn.acceptatie.indicia-interactiv.nl\/app\/uploads\/sites\/13\/2024\/01\/100-elektrisk-saxlift-Riwal-1024x683-1-300x200.jpg 300w, https:\/\/riwal-wpn.acceptatie.indicia-interactiv.nl\/app\/uploads\/sites\/13\/2024\/01\/100-elektrisk-saxlift-Riwal-1024x683-1-768x512.jpg 768w, https:\/\/riwal-wpn.acceptatie.indicia-interactiv.nl\/app\/uploads\/sites\/13\/2024\/01\/100-elektrisk-saxlift-Riwal-1024x683-1-178x119.jpg 178w, https:\/\/riwal-wpn.acceptatie.indicia-interactiv.nl\/app\/uploads\/sites\/13\/2024\/01\/100-elektrisk-saxlift-Riwal-1024x683-1-390x260.jpg 390w, https:\/\/riwal-wpn.acceptatie.indicia-interactiv.nl\/app\/uploads\/sites\/13\/2024\/01\/100-elektrisk-saxlift-Riwal-1024x683-1-830x554.jpg 830w, https:\/\/riwal-wpn.acceptatie.indicia-interactiv.nl\/app\/uploads\/sites\/13\/2024\/01\/100-elektrisk-saxlift-Riwal-1024x683-1-250x167.jpg 250w, https:\/\/riwal-wpn.acceptatie.indicia-interactiv.nl\/app\/uploads\/sites\/13\/2024\/01\/100-elektrisk-saxlift-Riwal-1024x683-1-620x414.jpg 620w, https:\/\/riwal-wpn.acceptatie.indicia-interactiv.nl\/app\/uploads\/sites\/13\/2024\/01\/100-elektrisk-saxlift-Riwal-1024x683-1-237x158.jpg 237w, https:\/\/riwal-wpn.acceptatie.indicia-interactiv.nl\/app\/uploads\/sites\/13\/2024\/01\/100-elektrisk-saxlift-Riwal-1024x683-1-474x316.jpg 474w\" sizes=\"auto, (max-width: 1024px) 100vw, 1024px\" \/>\t\t\t\t\t<div class=\"wp-block-rental-theme-services__item-content-title\">\n\t\t\t\t\t\tH\u00e5llbarhet\t\t\t\t\t<\/div>\n\t\t\t\t<\/div>\n\t\t\t<\/a>\n\t\t\t<a href=\"https:\/\/riwal-wpn.acceptatie.indicia-interactiv.nl\/sv\/expertis\/hallbarhet\/\"  class=\"wp-block-rental-theme-services__item wp-block-rental-theme-services__item--mobile\">\n\t\t\t\t<div class=\"wp-block-rental-theme-services__item-content\">\n\t\t\t\t\t<div class=\"wp-block-rental-theme-services__item-content__button\">\n\t\t\t\t\t\t<div class=\"wp-block-rental-theme-services__item-content-title \">\n\t\t\t\t\t\t\tH\u00e5llbarhet\t\t\t\t\t\t<\/div>\n\t\t\t\t\t\t<div class=\"wp-block-rental-theme-services__item-content__button-icon\">\n\t\t\t\t\t\t\t<svg width=\"9\" height=\"9\" viewBox=\"0 0 9 9\" fill=\"#021A35\" xmlns=\"http:\/\/www.w3.org\/2000\/svg\"><path fill-rule=\"evenodd\" clip-rule=\"evenodd\" d=\"M.594.972H8.29V8.67H6.5V2.762H.594V.972Z\"\/><\/svg>\t\t\t\t\t\t<\/div>\n\t\t\t\t\t<\/div>\n\t\t\t\t<\/div>\n\t\t\t<\/a>\n\t\t\t\t\t<a href=\"https:\/\/riwal-wpn.acceptatie.indicia-interactiv.nl\/sv\/expertis\/digitala-losningar\/my-riwal\/\"  class=\"wp-block-rental-theme-services__item wp-block-rental-theme-services__item--not-mobile wp-block-rental-theme-services__item--3\">\n\t\t\t\t<div class=\"wp-block-rental-theme-services__item-content\">\n\t\t\t\t\t<img decoding=\"async\" width=\"1024\" height=\"768\" src=\"https:\/\/riwal-wpn.acceptatie.indicia-interactiv.nl\/app\/uploads\/sites\/13\/2023\/10\/RWL-MyRiwal-image1-1024x768.jpg\" class=\"wp-block-rental-theme-services__item-content__image\" alt=\"My Riwal\" loading=\"lazy\" srcset=\"https:\/\/riwal-wpn.acceptatie.indicia-interactiv.nl\/app\/uploads\/sites\/13\/2023\/10\/RWL-MyRiwal-image1-1024x768.jpg 1024w, https:\/\/riwal-wpn.acceptatie.indicia-interactiv.nl\/app\/uploads\/sites\/13\/2023\/10\/RWL-MyRiwal-image1-300x225.jpg 300w, https:\/\/riwal-wpn.acceptatie.indicia-interactiv.nl\/app\/uploads\/sites\/13\/2023\/10\/RWL-MyRiwal-image1-768x576.jpg 768w, https:\/\/riwal-wpn.acceptatie.indicia-interactiv.nl\/app\/uploads\/sites\/13\/2023\/10\/RWL-MyRiwal-image1-1536x1152.jpg 1536w, https:\/\/riwal-wpn.acceptatie.indicia-interactiv.nl\/app\/uploads\/sites\/13\/2023\/10\/RWL-MyRiwal-image1-2048x1536.jpg 2048w, https:\/\/riwal-wpn.acceptatie.indicia-interactiv.nl\/app\/uploads\/sites\/13\/2023\/10\/RWL-MyRiwal-image1-178x134.jpg 178w, https:\/\/riwal-wpn.acceptatie.indicia-interactiv.nl\/app\/uploads\/sites\/13\/2023\/10\/RWL-MyRiwal-image1-1233x925.jpg 1233w, https:\/\/riwal-wpn.acceptatie.indicia-interactiv.nl\/app\/uploads\/sites\/13\/2023\/10\/RWL-MyRiwal-image1-390x293.jpg 390w, https:\/\/riwal-wpn.acceptatie.indicia-interactiv.nl\/app\/uploads\/sites\/13\/2023\/10\/RWL-MyRiwal-image1-830x623.jpg 830w, https:\/\/riwal-wpn.acceptatie.indicia-interactiv.nl\/app\/uploads\/sites\/13\/2023\/10\/RWL-MyRiwal-image1-250x188.jpg 250w, https:\/\/riwal-wpn.acceptatie.indicia-interactiv.nl\/app\/uploads\/sites\/13\/2023\/10\/RWL-MyRiwal-image1-620x465.jpg 620w, https:\/\/riwal-wpn.acceptatie.indicia-interactiv.nl\/app\/uploads\/sites\/13\/2023\/10\/RWL-MyRiwal-image1-237x178.jpg 237w, https:\/\/riwal-wpn.acceptatie.indicia-interactiv.nl\/app\/uploads\/sites\/13\/2023\/10\/RWL-MyRiwal-image1-474x356.jpg 474w\" sizes=\"auto, (max-width: 1024px) 100vw, 1024px\" \/>\t\t\t\t\t<div class=\"wp-block-rental-theme-services__item-content-title\">\n\t\t\t\t\t\tKundportal &#8211; My Riwal\t\t\t\t\t<\/div>\n\t\t\t\t<\/div>\n\t\t\t<\/a>\n\t\t\t<a href=\"https:\/\/riwal-wpn.acceptatie.indicia-interactiv.nl\/sv\/expertis\/digitala-losningar\/my-riwal\/\"  class=\"wp-block-rental-theme-services__item wp-block-rental-theme-services__item--mobile\">\n\t\t\t\t<div class=\"wp-block-rental-theme-services__item-content\">\n\t\t\t\t\t<div class=\"wp-block-rental-theme-services__item-content__button\">\n\t\t\t\t\t\t<div class=\"wp-block-rental-theme-services__item-content-title \">\n\t\t\t\t\t\t\tKundportal &#8211; My Riwal\t\t\t\t\t\t<\/div>\n\t\t\t\t\t\t<div class=\"wp-block-rental-theme-services__item-content__button-icon\">\n\t\t\t\t\t\t\t<svg width=\"9\" height=\"9\" viewBox=\"0 0 9 9\" fill=\"#021A35\" xmlns=\"http:\/\/www.w3.org\/2000\/svg\"><path fill-rule=\"evenodd\" clip-rule=\"evenodd\" d=\"M.594.972H8.29V8.67H6.5V2.762H.594V.972Z\"\/><\/svg>\t\t\t\t\t\t<\/div>\n\t\t\t\t\t<\/div>\n\t\t\t\t<\/div>\n\t\t\t<\/a>\n\t\t\t\t\t<a href=\"https:\/\/riwal-wpn.acceptatie.indicia-interactiv.nl\/sv\/expertis\/sakerhet\/\"  class=\"wp-block-rental-theme-services__item wp-block-rental-theme-services__item--not-mobile wp-block-rental-theme-services__item--3\">\n\t\t\t\t<div class=\"wp-block-rental-theme-services__item-content\">\n\t\t\t\t\t<img decoding=\"async\" width=\"1024\" height=\"992\" src=\"https:\/\/riwal-wpn.acceptatie.indicia-interactiv.nl\/app\/uploads\/sites\/13\/2023\/09\/liftutbildning-e1698843272377-1024x992.png\" class=\"wp-block-rental-theme-services__item-content__image\" alt=\"Liftutbildning\" loading=\"lazy\" srcset=\"https:\/\/riwal-wpn.acceptatie.indicia-interactiv.nl\/app\/uploads\/sites\/13\/2023\/09\/liftutbildning-e1698843272377-1024x992.png 1024w, https:\/\/riwal-wpn.acceptatie.indicia-interactiv.nl\/app\/uploads\/sites\/13\/2023\/09\/liftutbildning-e1698843272377-648x628.png 648w, https:\/\/riwal-wpn.acceptatie.indicia-interactiv.nl\/app\/uploads\/sites\/13\/2023\/09\/liftutbildning-e1698843272377-300x291.png 300w, https:\/\/riwal-wpn.acceptatie.indicia-interactiv.nl\/app\/uploads\/sites\/13\/2023\/09\/liftutbildning-e1698843272377-768x744.png 768w, https:\/\/riwal-wpn.acceptatie.indicia-interactiv.nl\/app\/uploads\/sites\/13\/2023\/09\/liftutbildning-e1698843272377-178x172.png 178w, https:\/\/riwal-wpn.acceptatie.indicia-interactiv.nl\/app\/uploads\/sites\/13\/2023\/09\/liftutbildning-e1698843272377-955x925.png 955w, https:\/\/riwal-wpn.acceptatie.indicia-interactiv.nl\/app\/uploads\/sites\/13\/2023\/09\/liftutbildning-e1698843272377-390x378.png 390w, https:\/\/riwal-wpn.acceptatie.indicia-interactiv.nl\/app\/uploads\/sites\/13\/2023\/09\/liftutbildning-e1698843272377-206x200.png 206w, https:\/\/riwal-wpn.acceptatie.indicia-interactiv.nl\/app\/uploads\/sites\/13\/2023\/09\/liftutbildning-e1698843272377-506x490.png 506w, https:\/\/riwal-wpn.acceptatie.indicia-interactiv.nl\/app\/uploads\/sites\/13\/2023\/09\/liftutbildning-e1698843272377-237x230.png 237w, https:\/\/riwal-wpn.acceptatie.indicia-interactiv.nl\/app\/uploads\/sites\/13\/2023\/09\/liftutbildning-e1698843272377-474x459.png 474w, https:\/\/riwal-wpn.acceptatie.indicia-interactiv.nl\/app\/uploads\/sites\/13\/2023\/09\/liftutbildning-e1698843272377.png 1376w\" sizes=\"auto, (max-width: 1024px) 100vw, 1024px\" \/>\t\t\t\t\t<div class=\"wp-block-rental-theme-services__item-content-title\">\n\t\t\t\t\t\tS\u00e4kerhet\t\t\t\t\t<\/div>\n\t\t\t\t<\/div>\n\t\t\t<\/a>\n\t\t\t<a href=\"https:\/\/riwal-wpn.acceptatie.indicia-interactiv.nl\/sv\/expertis\/sakerhet\/\"  class=\"wp-block-rental-theme-services__item wp-block-rental-theme-services__item--mobile\">\n\t\t\t\t<div class=\"wp-block-rental-theme-services__item-content\">\n\t\t\t\t\t<div class=\"wp-block-rental-theme-services__item-content__button\">\n\t\t\t\t\t\t<div class=\"wp-block-rental-theme-services__item-content-title \">\n\t\t\t\t\t\t\tS\u00e4kerhet\t\t\t\t\t\t<\/div>\n\t\t\t\t\t\t<div class=\"wp-block-rental-theme-services__item-content__button-icon\">\n\t\t\t\t\t\t\t<svg width=\"9\" height=\"9\" viewBox=\"0 0 9 9\" fill=\"#021A35\" xmlns=\"http:\/\/www.w3.org\/2000\/svg\"><path fill-rule=\"evenodd\" clip-rule=\"evenodd\" d=\"M.594.972H8.29V8.67H6.5V2.762H.594V.972Z\"\/><\/svg>\t\t\t\t\t\t<\/div>\n\t\t\t\t\t<\/div>\n\t\t\t\t<\/div>\n\t\t\t<\/a>\n\t\t\t<\/div>\n<\/div>\n<\/div>\n\t\t\t\t\t\t\t<\/div> ","protected":false},"excerpt":{"rendered":"<p>The Riwal Way &#8211; Den b\u00e4sta kundupplevelsen V\u00e5r m\u00e5ls\u00e4ttning \u00e4r att erbjuda marknadens b\u00e4sta kundupplevelse. F\u00f6r att kunna h\u00e5lla v\u00e5r m\u00e5ls\u00e4ttning, vet vi att det kr\u00e4vs mer \u00e4n god service. Det \u00e4r d\u00e4rf\u00f6r vi har inf\u00f6rt\u00a0The Riwal Way. Id\u00e9n bakom\u00a0The Riwal Way\u00a0\u00e4r att skapa standardiserade processer f\u00f6r alla delar av v\u00e5r verksamhet. Detta f\u00f6r att &hellip; <a href=\"https:\/\/riwal-wpn.acceptatie.indicia-interactiv.nl\/sv\/expertis\/the-riwal-way\/\">G\u00e5 vidare<\/a><\/p>\n","protected":false},"author":19,"featured_media":0,"parent":3714,"menu_order":0,"comment_status":"closed","ping_status":"closed","template":"","meta":{"_acf_changed":false,"editor_notices":[],"footnotes":""},"class_list":["post-3549","page","type-page","status-publish","hentry"],"acf":[],"yoast_head":"<!-- This site is optimized with the Yoast SEO Premium plugin v27.1 (Yoast SEO v27.1.1) - https:\/\/yoast.com\/product\/yoast-seo-premium-wordpress\/ -->\n<title>The Riwal Way | Den b\u00e4sta kundupplevelsen | Riwal<\/title>\n<meta name=\"description\" content=\"The Riwal Way - L\u00e4s mer om hur Riwal arbetar med att erbjuda den b\u00e4sta kundupplevelsen och vad vi g\u00f6r f\u00f6r att st\u00e4ndigt f\u00f6rb\u00e4ttras!\" \/>\n<meta name=\"robots\" content=\"noindex, follow, max-snippet:-1, max-image-preview:large, max-video-preview:-1\" \/>\n<meta property=\"og:locale\" content=\"sv_SE\" \/>\n<meta property=\"og:type\" content=\"article\" \/>\n<meta property=\"og:title\" content=\"The Riwal Way\" \/>\n<meta property=\"og:description\" content=\"The Riwal Way - L\u00e4s mer om hur Riwal arbetar med att erbjuda den b\u00e4sta kundupplevelsen och vad vi g\u00f6r f\u00f6r att st\u00e4ndigt f\u00f6rb\u00e4ttras!\" \/>\n<meta property=\"og:url\" content=\"https:\/\/riwal-wpn.acceptatie.indicia-interactiv.nl\/sv\/expertis\/the-riwal-way\/\" \/>\n<meta property=\"og:site_name\" content=\"Riwal Sverige\" \/>\n<meta property=\"article:modified_time\" content=\"2024-01-29T07:00:24+00:00\" \/>\n<meta name=\"twitter:card\" content=\"summary_large_image\" \/>\n<meta name=\"twitter:label1\" content=\"Est. reading time\" \/>\n\t<meta name=\"twitter:data1\" content=\"2 minuter\" \/>\n<script type=\"application\/ld+json\" class=\"yoast-schema-graph\">{\"@context\":\"https:\/\/schema.org\",\"@graph\":[{\"@type\":\"WebPage\",\"@id\":\"https:\/\/riwal-wpn.acceptatie.indicia-interactiv.nl\/sv\/expertis\/the-riwal-way\/\",\"url\":\"https:\/\/riwal-wpn.acceptatie.indicia-interactiv.nl\/sv\/expertis\/the-riwal-way\/\",\"name\":\"The Riwal Way | Den b\u00e4sta kundupplevelsen | Riwal\",\"isPartOf\":{\"@id\":\"https:\/\/riwal-wpn.acceptatie.indicia-interactiv.nl\/sv\/#website\"},\"datePublished\":\"2023-08-31T14:23:44+00:00\",\"dateModified\":\"2024-01-29T07:00:24+00:00\",\"description\":\"The Riwal Way - L\u00e4s mer om hur Riwal arbetar med att erbjuda den b\u00e4sta kundupplevelsen och vad vi g\u00f6r f\u00f6r att st\u00e4ndigt f\u00f6rb\u00e4ttras!\",\"breadcrumb\":{\"@id\":\"https:\/\/riwal-wpn.acceptatie.indicia-interactiv.nl\/sv\/expertis\/the-riwal-way\/#breadcrumb\"},\"inLanguage\":\"sv-SE\",\"potentialAction\":[{\"@type\":\"ReadAction\",\"target\":[\"https:\/\/riwal-wpn.acceptatie.indicia-interactiv.nl\/sv\/expertis\/the-riwal-way\/\"]}]},{\"@type\":\"BreadcrumbList\",\"@id\":\"https:\/\/riwal-wpn.acceptatie.indicia-interactiv.nl\/sv\/expertis\/the-riwal-way\/#breadcrumb\",\"itemListElement\":[{\"@type\":\"ListItem\",\"position\":1,\"name\":\"Hem\",\"item\":\"https:\/\/riwal-wpn.acceptatie.indicia-interactiv.nl\/sv\/\"},{\"@type\":\"ListItem\",\"position\":2,\"name\":\"Expertis\",\"item\":\"https:\/\/riwal-wpn.acceptatie.indicia-interactiv.nl\/sv\/expertis\/\"},{\"@type\":\"ListItem\",\"position\":3,\"name\":\"The Riwal Way\"}]},{\"@type\":\"WebSite\",\"@id\":\"https:\/\/riwal-wpn.acceptatie.indicia-interactiv.nl\/sv\/#website\",\"url\":\"https:\/\/riwal-wpn.acceptatie.indicia-interactiv.nl\/sv\/\",\"name\":\"Riwal Sverige\",\"description\":\"Arial work platform &amp; Telehandler Rental\/Sales\",\"publisher\":{\"@id\":\"https:\/\/riwal-wpn.acceptatie.indicia-interactiv.nl\/sv\/#organization\"},\"potentialAction\":[{\"@type\":\"SearchAction\",\"target\":{\"@type\":\"EntryPoint\",\"urlTemplate\":\"https:\/\/riwal-wpn.acceptatie.indicia-interactiv.nl\/sv\/?s={search_term_string}\"},\"query-input\":{\"@type\":\"PropertyValueSpecification\",\"valueRequired\":true,\"valueName\":\"search_term_string\"}}],\"inLanguage\":\"sv-SE\"},{\"@type\":\"Organization\",\"@id\":\"https:\/\/riwal-wpn.acceptatie.indicia-interactiv.nl\/sv\/#organization\",\"name\":\"Riwal\",\"url\":\"https:\/\/riwal-wpn.acceptatie.indicia-interactiv.nl\/sv\/\",\"logo\":{\"@type\":\"ImageObject\",\"inLanguage\":\"sv-SE\",\"@id\":\"https:\/\/riwal-wpn.acceptatie.indicia-interactiv.nl\/sv\/#\/schema\/logo\/image\/\",\"url\":\"\",\"contentUrl\":\"\",\"caption\":\"Riwal\"},\"image\":{\"@id\":\"https:\/\/riwal-wpn.acceptatie.indicia-interactiv.nl\/sv\/#\/schema\/logo\/image\/\"}}]}<\/script>\n<!-- \/ Yoast SEO Premium plugin. -->","yoast_head_json":{"title":"The Riwal Way | Den b\u00e4sta kundupplevelsen | Riwal","description":"The Riwal Way - L\u00e4s mer om hur Riwal arbetar med att erbjuda den b\u00e4sta kundupplevelsen och vad vi g\u00f6r f\u00f6r att st\u00e4ndigt f\u00f6rb\u00e4ttras!","robots":{"index":"noindex","follow":"follow","max-snippet":"max-snippet:-1","max-image-preview":"max-image-preview:large","max-video-preview":"max-video-preview:-1"},"og_locale":"sv_SE","og_type":"article","og_title":"The Riwal Way","og_description":"The Riwal Way - L\u00e4s mer om hur Riwal arbetar med att erbjuda den b\u00e4sta kundupplevelsen och vad vi g\u00f6r f\u00f6r att st\u00e4ndigt f\u00f6rb\u00e4ttras!","og_url":"https:\/\/riwal-wpn.acceptatie.indicia-interactiv.nl\/sv\/expertis\/the-riwal-way\/","og_site_name":"Riwal Sverige","article_modified_time":"2024-01-29T07:00:24+00:00","twitter_card":"summary_large_image","twitter_misc":{"Est. reading time":"2 minuter"},"schema":{"@context":"https:\/\/schema.org","@graph":[{"@type":"WebPage","@id":"https:\/\/riwal-wpn.acceptatie.indicia-interactiv.nl\/sv\/expertis\/the-riwal-way\/","url":"https:\/\/riwal-wpn.acceptatie.indicia-interactiv.nl\/sv\/expertis\/the-riwal-way\/","name":"The Riwal Way | Den b\u00e4sta kundupplevelsen | Riwal","isPartOf":{"@id":"https:\/\/riwal-wpn.acceptatie.indicia-interactiv.nl\/sv\/#website"},"datePublished":"2023-08-31T14:23:44+00:00","dateModified":"2024-01-29T07:00:24+00:00","description":"The Riwal Way - L\u00e4s mer om hur Riwal arbetar med att erbjuda den b\u00e4sta kundupplevelsen och vad vi g\u00f6r f\u00f6r att st\u00e4ndigt f\u00f6rb\u00e4ttras!","breadcrumb":{"@id":"https:\/\/riwal-wpn.acceptatie.indicia-interactiv.nl\/sv\/expertis\/the-riwal-way\/#breadcrumb"},"inLanguage":"sv-SE","potentialAction":[{"@type":"ReadAction","target":["https:\/\/riwal-wpn.acceptatie.indicia-interactiv.nl\/sv\/expertis\/the-riwal-way\/"]}]},{"@type":"BreadcrumbList","@id":"https:\/\/riwal-wpn.acceptatie.indicia-interactiv.nl\/sv\/expertis\/the-riwal-way\/#breadcrumb","itemListElement":[{"@type":"ListItem","position":1,"name":"Hem","item":"https:\/\/riwal-wpn.acceptatie.indicia-interactiv.nl\/sv\/"},{"@type":"ListItem","position":2,"name":"Expertis","item":"https:\/\/riwal-wpn.acceptatie.indicia-interactiv.nl\/sv\/expertis\/"},{"@type":"ListItem","position":3,"name":"The Riwal Way"}]},{"@type":"WebSite","@id":"https:\/\/riwal-wpn.acceptatie.indicia-interactiv.nl\/sv\/#website","url":"https:\/\/riwal-wpn.acceptatie.indicia-interactiv.nl\/sv\/","name":"Riwal Sverige","description":"Arial work platform &amp; Telehandler Rental\/Sales","publisher":{"@id":"https:\/\/riwal-wpn.acceptatie.indicia-interactiv.nl\/sv\/#organization"},"potentialAction":[{"@type":"SearchAction","target":{"@type":"EntryPoint","urlTemplate":"https:\/\/riwal-wpn.acceptatie.indicia-interactiv.nl\/sv\/?s={search_term_string}"},"query-input":{"@type":"PropertyValueSpecification","valueRequired":true,"valueName":"search_term_string"}}],"inLanguage":"sv-SE"},{"@type":"Organization","@id":"https:\/\/riwal-wpn.acceptatie.indicia-interactiv.nl\/sv\/#organization","name":"Riwal","url":"https:\/\/riwal-wpn.acceptatie.indicia-interactiv.nl\/sv\/","logo":{"@type":"ImageObject","inLanguage":"sv-SE","@id":"https:\/\/riwal-wpn.acceptatie.indicia-interactiv.nl\/sv\/#\/schema\/logo\/image\/","url":"","contentUrl":"","caption":"Riwal"},"image":{"@id":"https:\/\/riwal-wpn.acceptatie.indicia-interactiv.nl\/sv\/#\/schema\/logo\/image\/"}}]}},"_links":{"self":[{"href":"https:\/\/riwal-wpn.acceptatie.indicia-interactiv.nl\/sv\/wp-json\/wp\/v2\/pages\/3549","targetHints":{"allow":["GET"]}}],"collection":[{"href":"https:\/\/riwal-wpn.acceptatie.indicia-interactiv.nl\/sv\/wp-json\/wp\/v2\/pages"}],"about":[{"href":"https:\/\/riwal-wpn.acceptatie.indicia-interactiv.nl\/sv\/wp-json\/wp\/v2\/types\/page"}],"author":[{"embeddable":true,"href":"https:\/\/riwal-wpn.acceptatie.indicia-interactiv.nl\/sv\/wp-json\/wp\/v2\/users\/19"}],"replies":[{"embeddable":true,"href":"https:\/\/riwal-wpn.acceptatie.indicia-interactiv.nl\/sv\/wp-json\/wp\/v2\/comments?post=3549"}],"version-history":[{"count":22,"href":"https:\/\/riwal-wpn.acceptatie.indicia-interactiv.nl\/sv\/wp-json\/wp\/v2\/pages\/3549\/revisions"}],"predecessor-version":[{"id":7874,"href":"https:\/\/riwal-wpn.acceptatie.indicia-interactiv.nl\/sv\/wp-json\/wp\/v2\/pages\/3549\/revisions\/7874"}],"up":[{"embeddable":true,"href":"https:\/\/riwal-wpn.acceptatie.indicia-interactiv.nl\/sv\/wp-json\/wp\/v2\/pages\/3714"}],"wp:attachment":[{"href":"https:\/\/riwal-wpn.acceptatie.indicia-interactiv.nl\/sv\/wp-json\/wp\/v2\/media?parent=3549"}],"curies":[{"name":"wp","href":"https:\/\/api.w.org\/{rel}","templated":true}]}}