{"id":4571,"date":"2023-09-13T08:15:22","date_gmt":"2023-09-13T08:15:22","guid":{"rendered":"https:\/\/riwal-wpn.acceptatie.indicia-interactiv.nl\/sv\/?page_id=4571"},"modified":"2024-01-04T05:58:19","modified_gmt":"2024-01-04T05:58:19","slug":"jamfor-maskiner","status":"publish","type":"page","link":"https:\/\/riwal-wpn.acceptatie.indicia-interactiv.nl\/sv\/jamfor-maskiner\/","title":{"rendered":"J\u00e4mf\u00f6r maskiner"},"content":{"rendered":"","protected":false},"excerpt":{"rendered":"","protected":false},"author":6,"featured_media":0,"parent":0,"menu_order":0,"comment_status":"closed","ping_status":"closed","template":"","meta":{"_acf_changed":false,"editor_notices":[],"footnotes":""},"class_list":["post-4571","page","type-page","status-publish","hentry"],"acf":[],"yoast_head":"<!-- This site is optimized with the Yoast SEO Premium plugin v27.1 (Yoast SEO v27.1.1) - https:\/\/yoast.com\/product\/yoast-seo-premium-wordpress\/ -->\n<title>J\u00e4mf\u00f6r maskiner | Riwal Sverige<\/title>\n<meta name=\"description\" content=\"Vet du inte vilken maskin som passar b\u00e4st f\u00f6r ditt arbete? Inga problem. Hos oss kan du j\u00e4mf\u00f6ra upp till 3 maskiner samtidigt.\" \/>\n<meta name=\"robots\" content=\"noindex, follow, max-snippet:-1, max-image-preview:large, max-video-preview:-1\" \/>\n<meta property=\"og:locale\" content=\"sv_SE\" \/>\n<meta property=\"og:type\" content=\"article\" \/>\n<meta property=\"og:title\" content=\"J\u00e4mf\u00f6r maskiner\" \/>\n<meta property=\"og:description\" content=\"Vet du inte vilken maskin som passar b\u00e4st f\u00f6r ditt arbete? Inga problem. Hos oss kan du j\u00e4mf\u00f6ra upp till 3 maskiner samtidigt.\" \/>\n<meta property=\"og:url\" content=\"https:\/\/riwal-wpn.acceptatie.indicia-interactiv.nl\/sv\/jamfor-maskiner\/\" \/>\n<meta property=\"og:site_name\" content=\"Riwal Sverige\" \/>\n<meta property=\"article:modified_time\" content=\"2024-01-04T05:58:19+00:00\" \/>\n<meta name=\"twitter:card\" content=\"summary_large_image\" \/>\n<script type=\"application\/ld+json\" class=\"yoast-schema-graph\">{\"@context\":\"https:\/\/schema.org\",\"@graph\":[{\"@type\":\"WebPage\",\"@id\":\"https:\/\/riwal-wpn.acceptatie.indicia-interactiv.nl\/sv\/jamfor-maskiner\/\",\"url\":\"https:\/\/riwal-wpn.acceptatie.indicia-interactiv.nl\/sv\/jamfor-maskiner\/\",\"name\":\"J\u00e4mf\u00f6r maskiner | Riwal Sverige\",\"isPartOf\":{\"@id\":\"https:\/\/riwal-wpn.acceptatie.indicia-interactiv.nl\/sv\/#website\"},\"datePublished\":\"2023-09-13T08:15:22+00:00\",\"dateModified\":\"2024-01-04T05:58:19+00:00\",\"description\":\"Vet du inte vilken maskin som passar b\u00e4st f\u00f6r ditt arbete? Inga problem. Hos oss kan du j\u00e4mf\u00f6ra upp till 3 maskiner samtidigt.\",\"breadcrumb\":{\"@id\":\"https:\/\/riwal-wpn.acceptatie.indicia-interactiv.nl\/sv\/jamfor-maskiner\/#breadcrumb\"},\"inLanguage\":\"sv-SE\",\"potentialAction\":[{\"@type\":\"ReadAction\",\"target\":[\"https:\/\/riwal-wpn.acceptatie.indicia-interactiv.nl\/sv\/jamfor-maskiner\/\"]}]},{\"@type\":\"BreadcrumbList\",\"@id\":\"https:\/\/riwal-wpn.acceptatie.indicia-interactiv.nl\/sv\/jamfor-maskiner\/#breadcrumb\",\"itemListElement\":[{\"@type\":\"ListItem\",\"position\":1,\"name\":\"Hem\",\"item\":\"https:\/\/riwal-wpn.acceptatie.indicia-interactiv.nl\/sv\/\"},{\"@type\":\"ListItem\",\"position\":2,\"name\":\"J\u00e4mf\u00f6r maskiner\"}]},{\"@type\":\"WebSite\",\"@id\":\"https:\/\/riwal-wpn.acceptatie.indicia-interactiv.nl\/sv\/#website\",\"url\":\"https:\/\/riwal-wpn.acceptatie.indicia-interactiv.nl\/sv\/\",\"name\":\"Riwal Sverige\",\"description\":\"Arial work platform &amp; Telehandler Rental\/Sales\",\"publisher\":{\"@id\":\"https:\/\/riwal-wpn.acceptatie.indicia-interactiv.nl\/sv\/#organization\"},\"potentialAction\":[{\"@type\":\"SearchAction\",\"target\":{\"@type\":\"EntryPoint\",\"urlTemplate\":\"https:\/\/riwal-wpn.acceptatie.indicia-interactiv.nl\/sv\/?s={search_term_string}\"},\"query-input\":{\"@type\":\"PropertyValueSpecification\",\"valueRequired\":true,\"valueName\":\"search_term_string\"}}],\"inLanguage\":\"sv-SE\"},{\"@type\":\"Organization\",\"@id\":\"https:\/\/riwal-wpn.acceptatie.indicia-interactiv.nl\/sv\/#organization\",\"name\":\"Riwal\",\"url\":\"https:\/\/riwal-wpn.acceptatie.indicia-interactiv.nl\/sv\/\",\"logo\":{\"@type\":\"ImageObject\",\"inLanguage\":\"sv-SE\",\"@id\":\"https:\/\/riwal-wpn.acceptatie.indicia-interactiv.nl\/sv\/#\/schema\/logo\/image\/\",\"url\":\"\",\"contentUrl\":\"\",\"caption\":\"Riwal\"},\"image\":{\"@id\":\"https:\/\/riwal-wpn.acceptatie.indicia-interactiv.nl\/sv\/#\/schema\/logo\/image\/\"}}]}<\/script>\n<!-- \/ Yoast SEO Premium plugin. -->","yoast_head_json":{"title":"J\u00e4mf\u00f6r maskiner | Riwal Sverige","description":"Vet du inte vilken maskin som passar b\u00e4st f\u00f6r ditt arbete? Inga problem. Hos oss kan du j\u00e4mf\u00f6ra upp till 3 maskiner samtidigt.","robots":{"index":"noindex","follow":"follow","max-snippet":"max-snippet:-1","max-image-preview":"max-image-preview:large","max-video-preview":"max-video-preview:-1"},"og_locale":"sv_SE","og_type":"article","og_title":"J\u00e4mf\u00f6r maskiner","og_description":"Vet du inte vilken maskin som passar b\u00e4st f\u00f6r ditt arbete? Inga problem. Hos oss kan du j\u00e4mf\u00f6ra upp till 3 maskiner samtidigt.","og_url":"https:\/\/riwal-wpn.acceptatie.indicia-interactiv.nl\/sv\/jamfor-maskiner\/","og_site_name":"Riwal Sverige","article_modified_time":"2024-01-04T05:58:19+00:00","twitter_card":"summary_large_image","schema":{"@context":"https:\/\/schema.org","@graph":[{"@type":"WebPage","@id":"https:\/\/riwal-wpn.acceptatie.indicia-interactiv.nl\/sv\/jamfor-maskiner\/","url":"https:\/\/riwal-wpn.acceptatie.indicia-interactiv.nl\/sv\/jamfor-maskiner\/","name":"J\u00e4mf\u00f6r maskiner | Riwal Sverige","isPartOf":{"@id":"https:\/\/riwal-wpn.acceptatie.indicia-interactiv.nl\/sv\/#website"},"datePublished":"2023-09-13T08:15:22+00:00","dateModified":"2024-01-04T05:58:19+00:00","description":"Vet du inte vilken maskin som passar b\u00e4st f\u00f6r ditt arbete? Inga problem. Hos oss kan du j\u00e4mf\u00f6ra upp till 3 maskiner samtidigt.","breadcrumb":{"@id":"https:\/\/riwal-wpn.acceptatie.indicia-interactiv.nl\/sv\/jamfor-maskiner\/#breadcrumb"},"inLanguage":"sv-SE","potentialAction":[{"@type":"ReadAction","target":["https:\/\/riwal-wpn.acceptatie.indicia-interactiv.nl\/sv\/jamfor-maskiner\/"]}]},{"@type":"BreadcrumbList","@id":"https:\/\/riwal-wpn.acceptatie.indicia-interactiv.nl\/sv\/jamfor-maskiner\/#breadcrumb","itemListElement":[{"@type":"ListItem","position":1,"name":"Hem","item":"https:\/\/riwal-wpn.acceptatie.indicia-interactiv.nl\/sv\/"},{"@type":"ListItem","position":2,"name":"J\u00e4mf\u00f6r maskiner"}]},{"@type":"WebSite","@id":"https:\/\/riwal-wpn.acceptatie.indicia-interactiv.nl\/sv\/#website","url":"https:\/\/riwal-wpn.acceptatie.indicia-interactiv.nl\/sv\/","name":"Riwal Sverige","description":"Arial work platform &amp; Telehandler Rental\/Sales","publisher":{"@id":"https:\/\/riwal-wpn.acceptatie.indicia-interactiv.nl\/sv\/#organization"},"potentialAction":[{"@type":"SearchAction","target":{"@type":"EntryPoint","urlTemplate":"https:\/\/riwal-wpn.acceptatie.indicia-interactiv.nl\/sv\/?s={search_term_string}"},"query-input":{"@type":"PropertyValueSpecification","valueRequired":true,"valueName":"search_term_string"}}],"inLanguage":"sv-SE"},{"@type":"Organization","@id":"https:\/\/riwal-wpn.acceptatie.indicia-interactiv.nl\/sv\/#organization","name":"Riwal","url":"https:\/\/riwal-wpn.acceptatie.indicia-interactiv.nl\/sv\/","logo":{"@type":"ImageObject","inLanguage":"sv-SE","@id":"https:\/\/riwal-wpn.acceptatie.indicia-interactiv.nl\/sv\/#\/schema\/logo\/image\/","url":"","contentUrl":"","caption":"Riwal"},"image":{"@id":"https:\/\/riwal-wpn.acceptatie.indicia-interactiv.nl\/sv\/#\/schema\/logo\/image\/"}}]}},"_links":{"self":[{"href":"https:\/\/riwal-wpn.acceptatie.indicia-interactiv.nl\/sv\/wp-json\/wp\/v2\/pages\/4571","targetHints":{"allow":["GET"]}}],"collection":[{"href":"https:\/\/riwal-wpn.acceptatie.indicia-interactiv.nl\/sv\/wp-json\/wp\/v2\/pages"}],"about":[{"href":"https:\/\/riwal-wpn.acceptatie.indicia-interactiv.nl\/sv\/wp-json\/wp\/v2\/types\/page"}],"author":[{"embeddable":true,"href":"https:\/\/riwal-wpn.acceptatie.indicia-interactiv.nl\/sv\/wp-json\/wp\/v2\/users\/6"}],"replies":[{"embeddable":true,"href":"https:\/\/riwal-wpn.acceptatie.indicia-interactiv.nl\/sv\/wp-json\/wp\/v2\/comments?post=4571"}],"version-history":[{"count":1,"href":"https:\/\/riwal-wpn.acceptatie.indicia-interactiv.nl\/sv\/wp-json\/wp\/v2\/pages\/4571\/revisions"}],"predecessor-version":[{"id":4572,"href":"https:\/\/riwal-wpn.acceptatie.indicia-interactiv.nl\/sv\/wp-json\/wp\/v2\/pages\/4571\/revisions\/4572"}],"wp:attachment":[{"href":"https:\/\/riwal-wpn.acceptatie.indicia-interactiv.nl\/sv\/wp-json\/wp\/v2\/media?parent=4571"}],"curies":[{"name":"wp","href":"https:\/\/api.w.org\/{rel}","templated":true}]}}