{"id":7071,"date":"2024-01-11T14:17:54","date_gmt":"2024-01-11T14:17:54","guid":{"rendered":"https:\/\/riwal-wpn.acceptatie.indicia-interactiv.nl\/sv\/?page_id=7071"},"modified":"2024-01-17T15:08:35","modified_gmt":"2024-01-17T15:08:35","slug":"sakerhet","status":"publish","type":"page","link":"https:\/\/riwal-wpn.acceptatie.indicia-interactiv.nl\/sv\/expertis\/sakerhet\/","title":{"rendered":"S\u00e4kerhet"},"content":{"rendered":"<div class=\"rental-wp-default-block rental-theme-block-default-margin\">\n\t\t\t\t\t\t\t\t<div class=\"container\">\n<div class=\"wp-block-media-text has-media-on-the-right is-stacked-on-mobile\"><div class=\"wp-block-media-text__content\">\n<h1 class=\"wp-block-heading\" id=\"h-sakerhet\">S\u00e4kerhet<\/h1>\n\n\n\n<p>Inom v\u00e5r bransch \u00e4r s\u00e4kerheten i sj\u00e4lva verket den viktigaste produkten. Vi erbjuder s\u00e4kra h\u00f6jdl\u00f6sningar och kommer aldrig att kompromissa med s\u00e4kerheten, d\u00e5 det \u00e4r ett av v\u00e5ra k\u00e4rnv\u00e4rden. I praktiken betyder det att vi erbjuder s\u00e4ker utrustning, vi arbetar utefter s\u00e4kra processer och all kunskap och medvetenhet som kan uppn\u00e5s med utbildning och en fastrotad s\u00e4kerhetskultur.<\/p>\n<\/div><figure class=\"wp-block-media-text__media\"><img loading=\"lazy\" decoding=\"async\" width=\"1024\" height=\"683\" src=\"https:\/\/riwal-wpn.acceptatie.indicia-interactiv.nl\/app\/uploads\/sites\/13\/2023\/06\/riwal-aerial-work-platform-rental-sales-60-1024x683.webp\" alt=\"S\u00e4kerhet\" class=\"wp-image-1133 size-full\" srcset=\"https:\/\/riwal-wpn.acceptatie.indicia-interactiv.nl\/app\/uploads\/sites\/13\/2023\/06\/riwal-aerial-work-platform-rental-sales-60-1024x683.webp 1024w, https:\/\/riwal-wpn.acceptatie.indicia-interactiv.nl\/app\/uploads\/sites\/13\/2023\/06\/riwal-aerial-work-platform-rental-sales-60-2048x1365.webp 2048w, https:\/\/riwal-wpn.acceptatie.indicia-interactiv.nl\/app\/uploads\/sites\/13\/2023\/06\/riwal-aerial-work-platform-rental-sales-60-1388x925.webp 1388w, https:\/\/riwal-wpn.acceptatie.indicia-interactiv.nl\/app\/uploads\/sites\/13\/2023\/06\/riwal-aerial-work-platform-rental-sales-60-830x553.webp 830w, https:\/\/riwal-wpn.acceptatie.indicia-interactiv.nl\/app\/uploads\/sites\/13\/2023\/06\/riwal-aerial-work-platform-rental-sales-60-250x167.webp 250w, https:\/\/riwal-wpn.acceptatie.indicia-interactiv.nl\/app\/uploads\/sites\/13\/2023\/06\/riwal-aerial-work-platform-rental-sales-60-300x200.webp 300w, https:\/\/riwal-wpn.acceptatie.indicia-interactiv.nl\/app\/uploads\/sites\/13\/2023\/06\/riwal-aerial-work-platform-rental-sales-60-768x512.webp 768w, https:\/\/riwal-wpn.acceptatie.indicia-interactiv.nl\/app\/uploads\/sites\/13\/2023\/06\/riwal-aerial-work-platform-rental-sales-60-1536x1024.webp 1536w, https:\/\/riwal-wpn.acceptatie.indicia-interactiv.nl\/app\/uploads\/sites\/13\/2023\/06\/riwal-aerial-work-platform-rental-sales-60-178x119.webp 178w, https:\/\/riwal-wpn.acceptatie.indicia-interactiv.nl\/app\/uploads\/sites\/13\/2023\/06\/riwal-aerial-work-platform-rental-sales-60-390x260.webp 390w\" sizes=\"auto, (max-width: 1024px) 100vw, 1024px\" \/><\/figure><\/div>\n<\/div>\n\t\t\t\t\t\t\t<\/div> \n\n<div class=\"container\">\n<p><\/p>\n<\/div>\n\n<div class=\"container\">\n<h2 class=\"wp-block-heading\" id=\"h-sakra-produkter-amp-sakerhetskultur\">S\u00e4kra produkter &amp; S\u00e4kerhetskultur<\/h2>\n<\/div>\n\n<div class=\"container\">\n<p>S\u00e4kra produkter b\u00f6rjar med material av kvalit\u00e9 och slutar med expertunderh\u00e5ll. Varje g\u00e5ng en maskin \u00e5terv\u00e4nder till ett av v\u00e5ra kundcenter inspekterar vi den uppifr\u00e5n och ned, och vid behov utf\u00f6r vi service och underh\u00e5ll. Dessutom besiktigar vi all utrustning \u00e5rligen f\u00f6r godk\u00e4nnande.<\/p>\n<\/div>\n\n<div class=\"container\">\n<p>S\u00e4ker utrustning och s\u00e4kra produkter i all \u00e4ra, men utan kunskap och utan s\u00e4kerhetskultur r\u00e4cker det inte l\u00e5ngt. Det \u00e4r d\u00e4rf\u00f6r vi tr\u00e4nar v\u00e5r egen personal och erbjuder v\u00e5ra kunder kurser i s\u00e4ker anv\u00e4ndning av v\u00e5r utrustning, med beh\u00f6riga och kunniga instrukt\u00f6rer. Om lokala s\u00e4kerhetsf\u00f6reskrifter kr\u00e4ver vissa kompetenser ser vi till att alla anv\u00e4ndare och \u00f6vervakare har genomg\u00e5tt den erfordrade tr\u00e4ningen med framg\u00e5ng och \u00e4r helt beh\u00f6riga enligt samma f\u00f6reskrifter.<\/p>\n<\/div>\n\n<div class=\"container\">\n<p>Varje personalm\u00f6te p\u00e5 n\u00e5gon av v\u00e5ra 4 dep\u00e5er b\u00f6rjar med s\u00e4kerhet. Varje vecka tar personalledningen en &#8221;s\u00e4kerhetspromenad&#8221; runt dep\u00e5n f\u00f6r att kunna uppt\u00e4cka eventuella risker. I allm\u00e4nhet ber vi v\u00e5ra medarbetare att komma med f\u00f6rslag varje g\u00e5ng de ser n\u00e5got som kan medf\u00f6ra en s\u00e4kerhetsrisk. Alla problem och incidenter noterar vi p\u00e5 en &#8221;F\u00f6rb\u00e4ttringstavla&#8221; &#8211; och \u00e5tg\u00e4rdar dessa s\u00e5 snart vi kan. V\u00e5rt m\u00e5l \u00e4r noll olyckor och tillbud och vi arbetar h\u00e5rt f\u00f6r att uppn\u00e5 det med en proaktiv h\u00e5llning vad det g\u00e4ller s\u00e4kerhet.<\/p>\n<\/div>\n\n<div class=\"rental-wp-default-block rental-theme-block-default-margin\">\n\t\t\t\t\t\t\t\t<div class=\"container\">\n<div class=\"wp-block-columns is-layout-flex wp-container-core-columns-is-layout-28f84493 wp-block-columns-is-layout-flex\">\n<div class=\"wp-block-column is-layout-flow wp-block-column-is-layout-flow\">\n<p><\/p>\n\n\n\n<div class=\"wp-block-columns is-layout-flex wp-container-core-columns-is-layout-28f84493 wp-block-columns-is-layout-flex\"><\/div>\n\n\n\n<div class=\"wp-block-media-text has-media-on-the-right is-stacked-on-mobile\"><div class=\"wp-block-media-text__content\">\n<h2 class=\"wp-block-heading\" id=\"h-utbildning-inom-sakerhet\">Utbildning inom s\u00e4kerhet <\/h2>\n\n\n\n<p>Alla v\u00e5ra medarbetare har genomg\u00e5tt en <a href=\"https:\/\/riwal-wpn.acceptatie.indicia-interactiv.nl\/sv\/vara-utbildningar\/liftutbildning\/liftutbildning-grund\/\">liftutbildning<\/a>, \u00e4ven om de inte n\u00f6dv\u00e4ndigtvis \u00e5ker liftarna om dagarna. Vi genomf\u00f6r dessa utbildningar f\u00f6r att b\u00e4dda in s\u00e4kerhetskulturen i v\u00e5r organisation och s\u00e5 att alla har kunskap och praktisk erfarenhet som \u00e4r n\u00f6dv\u00e4ndig n\u00e4r man arbetar med liftar. <\/p>\n\n\n\n<p>Riwal utbildning erbjuder inte enbart inte s\u00e4kerhetskurser inom liftar. Vi utbildar \u00e4ven inom Fallskydd, Heta Arbeten, Travers och S\u00e4kra Lyft, Teleskoplastare med flera. Hitta v\u00e5rt kursutbud genom att klicka p\u00e5 knappen nedan.<\/p>\n\n\n\n<div class=\"wp-block-buttons is-layout-flex wp-block-buttons-is-layout-flex\">\n<div class=\"wp-block-button\"><a class=\"wp-block-button__link wp-element-button\" href=\"https:\/\/riwal-wpn.acceptatie.indicia-interactiv.nl\/sv\/utbildning\/\">V\u00e5ra utbildningar<\/a><\/div>\n<\/div>\n\n\n\n<p><\/p>\n<\/div><figure class=\"wp-block-media-text__media\"><img loading=\"lazy\" decoding=\"async\" width=\"1024\" height=\"683\" src=\"https:\/\/riwal-wpn.acceptatie.indicia-interactiv.nl\/app\/uploads\/sites\/13\/2024\/01\/Safety-training-1024x683.png\" alt=\"s\u00e4kerhet\" class=\"wp-image-7387 size-full\" srcset=\"https:\/\/riwal-wpn.acceptatie.indicia-interactiv.nl\/app\/uploads\/sites\/13\/2024\/01\/Safety-training-1024x683.png 1024w, https:\/\/riwal-wpn.acceptatie.indicia-interactiv.nl\/app\/uploads\/sites\/13\/2024\/01\/Safety-training-300x200.png 300w, https:\/\/riwal-wpn.acceptatie.indicia-interactiv.nl\/app\/uploads\/sites\/13\/2024\/01\/Safety-training-768x512.png 768w, https:\/\/riwal-wpn.acceptatie.indicia-interactiv.nl\/app\/uploads\/sites\/13\/2024\/01\/Safety-training-1536x1024.png 1536w, https:\/\/riwal-wpn.acceptatie.indicia-interactiv.nl\/app\/uploads\/sites\/13\/2024\/01\/Safety-training-2048x1366.png 2048w, https:\/\/riwal-wpn.acceptatie.indicia-interactiv.nl\/app\/uploads\/sites\/13\/2024\/01\/Safety-training-178x119.png 178w, https:\/\/riwal-wpn.acceptatie.indicia-interactiv.nl\/app\/uploads\/sites\/13\/2024\/01\/Safety-training-1387x925.png 1387w, https:\/\/riwal-wpn.acceptatie.indicia-interactiv.nl\/app\/uploads\/sites\/13\/2024\/01\/Safety-training-390x260.png 390w, https:\/\/riwal-wpn.acceptatie.indicia-interactiv.nl\/app\/uploads\/sites\/13\/2024\/01\/Safety-training-830x553.png 830w, https:\/\/riwal-wpn.acceptatie.indicia-interactiv.nl\/app\/uploads\/sites\/13\/2024\/01\/Safety-training-250x167.png 250w, https:\/\/riwal-wpn.acceptatie.indicia-interactiv.nl\/app\/uploads\/sites\/13\/2024\/01\/Safety-training-620x413.png 620w, https:\/\/riwal-wpn.acceptatie.indicia-interactiv.nl\/app\/uploads\/sites\/13\/2024\/01\/Safety-training-237x158.png 237w, https:\/\/riwal-wpn.acceptatie.indicia-interactiv.nl\/app\/uploads\/sites\/13\/2024\/01\/Safety-training-474x316.png 474w\" sizes=\"auto, (max-width: 1024px) 100vw, 1024px\" \/><\/figure><\/div>\n<\/div>\n<\/div>\n<\/div>\n\t\t\t\t\t\t\t<\/div> ","protected":false},"excerpt":{"rendered":"<p>S\u00e4kerhet Inom v\u00e5r bransch \u00e4r s\u00e4kerheten i sj\u00e4lva verket den viktigaste produkten. Vi erbjuder s\u00e4kra h\u00f6jdl\u00f6sningar och kommer aldrig att kompromissa med s\u00e4kerheten, d\u00e5 det \u00e4r ett av v\u00e5ra k\u00e4rnv\u00e4rden. I praktiken betyder det att vi erbjuder s\u00e4ker utrustning, vi arbetar utefter s\u00e4kra processer och all kunskap och medvetenhet som kan uppn\u00e5s med utbildning och &hellip; <a href=\"https:\/\/riwal-wpn.acceptatie.indicia-interactiv.nl\/sv\/expertis\/sakerhet\/\">G\u00e5 vidare<\/a><\/p>\n","protected":false},"author":19,"featured_media":0,"parent":3714,"menu_order":0,"comment_status":"closed","ping_status":"closed","template":"","meta":{"_acf_changed":false,"editor_notices":[],"footnotes":""},"class_list":["post-7071","page","type-page","status-publish","hentry"],"acf":[],"yoast_head":"<!-- This site is optimized with the Yoast SEO Premium plugin v27.1 (Yoast SEO v27.1.1) - https:\/\/yoast.com\/product\/yoast-seo-premium-wordpress\/ -->\n<title>S\u00e4kerhet | Expertis | Riwal Sverige<\/title>\n<meta name=\"description\" content=\"S\u00e4kerhet \u00e4r en av v\u00e5ra grundpelare och n\u00e5got vi aldrig kompromissar med. L\u00e4s mer om hur vi arbetar med s\u00e4kerhet h\u00e4r.\" \/>\n<meta name=\"robots\" content=\"noindex, follow, max-snippet:-1, max-image-preview:large, max-video-preview:-1\" \/>\n<meta property=\"og:locale\" content=\"sv_SE\" \/>\n<meta property=\"og:type\" content=\"article\" \/>\n<meta property=\"og:title\" content=\"S\u00e4kerhet\" \/>\n<meta property=\"og:description\" content=\"S\u00e4kerhet \u00e4r en av v\u00e5ra grundpelare och n\u00e5got vi aldrig kompromissar med. L\u00e4s mer om hur vi arbetar med s\u00e4kerhet h\u00e4r.\" \/>\n<meta property=\"og:url\" content=\"https:\/\/riwal-wpn.acceptatie.indicia-interactiv.nl\/sv\/expertis\/sakerhet\/\" \/>\n<meta property=\"og:site_name\" content=\"Riwal Sverige\" \/>\n<meta property=\"article:modified_time\" content=\"2024-01-17T15:08:35+00:00\" \/>\n<meta property=\"og:image\" content=\"https:\/\/riwal-wpn.acceptatie.indicia-interactiv.nl\/app\/uploads\/sites\/13\/2023\/06\/riwal-aerial-work-platform-rental-sales-60-1024x683.webp\" \/>\n<meta name=\"twitter:card\" content=\"summary_large_image\" \/>\n<meta name=\"twitter:label1\" content=\"Est. reading time\" \/>\n\t<meta name=\"twitter:data1\" content=\"3 minuter\" \/>\n<script type=\"application\/ld+json\" class=\"yoast-schema-graph\">{\"@context\":\"https:\/\/schema.org\",\"@graph\":[{\"@type\":\"WebPage\",\"@id\":\"https:\/\/riwal-wpn.acceptatie.indicia-interactiv.nl\/sv\/expertis\/sakerhet\/\",\"url\":\"https:\/\/riwal-wpn.acceptatie.indicia-interactiv.nl\/sv\/expertis\/sakerhet\/\",\"name\":\"S\u00e4kerhet | Expertis | Riwal Sverige\",\"isPartOf\":{\"@id\":\"https:\/\/riwal-wpn.acceptatie.indicia-interactiv.nl\/sv\/#website\"},\"primaryImageOfPage\":{\"@id\":\"https:\/\/riwal-wpn.acceptatie.indicia-interactiv.nl\/sv\/expertis\/sakerhet\/#primaryimage\"},\"image\":{\"@id\":\"https:\/\/riwal-wpn.acceptatie.indicia-interactiv.nl\/sv\/expertis\/sakerhet\/#primaryimage\"},\"thumbnailUrl\":\"https:\/\/riwal-wpn.acceptatie.indicia-interactiv.nl\/app\/uploads\/sites\/13\/2023\/06\/riwal-aerial-work-platform-rental-sales-60-1024x683.webp\",\"datePublished\":\"2024-01-11T14:17:54+00:00\",\"dateModified\":\"2024-01-17T15:08:35+00:00\",\"description\":\"S\u00e4kerhet \u00e4r en av v\u00e5ra grundpelare och n\u00e5got vi aldrig kompromissar med. L\u00e4s mer om hur vi arbetar med s\u00e4kerhet h\u00e4r.\",\"breadcrumb\":{\"@id\":\"https:\/\/riwal-wpn.acceptatie.indicia-interactiv.nl\/sv\/expertis\/sakerhet\/#breadcrumb\"},\"inLanguage\":\"sv-SE\",\"potentialAction\":[{\"@type\":\"ReadAction\",\"target\":[\"https:\/\/riwal-wpn.acceptatie.indicia-interactiv.nl\/sv\/expertis\/sakerhet\/\"]}]},{\"@type\":\"ImageObject\",\"inLanguage\":\"sv-SE\",\"@id\":\"https:\/\/riwal-wpn.acceptatie.indicia-interactiv.nl\/sv\/expertis\/sakerhet\/#primaryimage\",\"url\":\"https:\/\/riwal-wpn.acceptatie.indicia-interactiv.nl\/app\/uploads\/sites\/13\/2023\/06\/riwal-aerial-work-platform-rental-sales-60-1024x683.webp\",\"contentUrl\":\"https:\/\/riwal-wpn.acceptatie.indicia-interactiv.nl\/app\/uploads\/sites\/13\/2023\/06\/riwal-aerial-work-platform-rental-sales-60-1024x683.webp\"},{\"@type\":\"BreadcrumbList\",\"@id\":\"https:\/\/riwal-wpn.acceptatie.indicia-interactiv.nl\/sv\/expertis\/sakerhet\/#breadcrumb\",\"itemListElement\":[{\"@type\":\"ListItem\",\"position\":1,\"name\":\"Hem\",\"item\":\"https:\/\/riwal-wpn.acceptatie.indicia-interactiv.nl\/sv\/\"},{\"@type\":\"ListItem\",\"position\":2,\"name\":\"Expertis\",\"item\":\"https:\/\/riwal-wpn.acceptatie.indicia-interactiv.nl\/sv\/expertis\/\"},{\"@type\":\"ListItem\",\"position\":3,\"name\":\"S\u00e4kerhet\"}]},{\"@type\":\"WebSite\",\"@id\":\"https:\/\/riwal-wpn.acceptatie.indicia-interactiv.nl\/sv\/#website\",\"url\":\"https:\/\/riwal-wpn.acceptatie.indicia-interactiv.nl\/sv\/\",\"name\":\"Riwal Sverige\",\"description\":\"Arial work platform &amp; Telehandler Rental\/Sales\",\"publisher\":{\"@id\":\"https:\/\/riwal-wpn.acceptatie.indicia-interactiv.nl\/sv\/#organization\"},\"potentialAction\":[{\"@type\":\"SearchAction\",\"target\":{\"@type\":\"EntryPoint\",\"urlTemplate\":\"https:\/\/riwal-wpn.acceptatie.indicia-interactiv.nl\/sv\/?s={search_term_string}\"},\"query-input\":{\"@type\":\"PropertyValueSpecification\",\"valueRequired\":true,\"valueName\":\"search_term_string\"}}],\"inLanguage\":\"sv-SE\"},{\"@type\":\"Organization\",\"@id\":\"https:\/\/riwal-wpn.acceptatie.indicia-interactiv.nl\/sv\/#organization\",\"name\":\"Riwal\",\"url\":\"https:\/\/riwal-wpn.acceptatie.indicia-interactiv.nl\/sv\/\",\"logo\":{\"@type\":\"ImageObject\",\"inLanguage\":\"sv-SE\",\"@id\":\"https:\/\/riwal-wpn.acceptatie.indicia-interactiv.nl\/sv\/#\/schema\/logo\/image\/\",\"url\":\"\",\"contentUrl\":\"\",\"caption\":\"Riwal\"},\"image\":{\"@id\":\"https:\/\/riwal-wpn.acceptatie.indicia-interactiv.nl\/sv\/#\/schema\/logo\/image\/\"}}]}<\/script>\n<!-- \/ Yoast SEO Premium plugin. -->","yoast_head_json":{"title":"S\u00e4kerhet | Expertis | Riwal Sverige","description":"S\u00e4kerhet \u00e4r en av v\u00e5ra grundpelare och n\u00e5got vi aldrig kompromissar med. L\u00e4s mer om hur vi arbetar med s\u00e4kerhet h\u00e4r.","robots":{"index":"noindex","follow":"follow","max-snippet":"max-snippet:-1","max-image-preview":"max-image-preview:large","max-video-preview":"max-video-preview:-1"},"og_locale":"sv_SE","og_type":"article","og_title":"S\u00e4kerhet","og_description":"S\u00e4kerhet \u00e4r en av v\u00e5ra grundpelare och n\u00e5got vi aldrig kompromissar med. L\u00e4s mer om hur vi arbetar med s\u00e4kerhet h\u00e4r.","og_url":"https:\/\/riwal-wpn.acceptatie.indicia-interactiv.nl\/sv\/expertis\/sakerhet\/","og_site_name":"Riwal Sverige","article_modified_time":"2024-01-17T15:08:35+00:00","og_image":[{"url":"https:\/\/riwal-wpn.acceptatie.indicia-interactiv.nl\/app\/uploads\/sites\/13\/2023\/06\/riwal-aerial-work-platform-rental-sales-60-1024x683.webp","type":"","width":"","height":""}],"twitter_card":"summary_large_image","twitter_misc":{"Est. reading time":"3 minuter"},"schema":{"@context":"https:\/\/schema.org","@graph":[{"@type":"WebPage","@id":"https:\/\/riwal-wpn.acceptatie.indicia-interactiv.nl\/sv\/expertis\/sakerhet\/","url":"https:\/\/riwal-wpn.acceptatie.indicia-interactiv.nl\/sv\/expertis\/sakerhet\/","name":"S\u00e4kerhet | Expertis | Riwal Sverige","isPartOf":{"@id":"https:\/\/riwal-wpn.acceptatie.indicia-interactiv.nl\/sv\/#website"},"primaryImageOfPage":{"@id":"https:\/\/riwal-wpn.acceptatie.indicia-interactiv.nl\/sv\/expertis\/sakerhet\/#primaryimage"},"image":{"@id":"https:\/\/riwal-wpn.acceptatie.indicia-interactiv.nl\/sv\/expertis\/sakerhet\/#primaryimage"},"thumbnailUrl":"https:\/\/riwal-wpn.acceptatie.indicia-interactiv.nl\/app\/uploads\/sites\/13\/2023\/06\/riwal-aerial-work-platform-rental-sales-60-1024x683.webp","datePublished":"2024-01-11T14:17:54+00:00","dateModified":"2024-01-17T15:08:35+00:00","description":"S\u00e4kerhet \u00e4r en av v\u00e5ra grundpelare och n\u00e5got vi aldrig kompromissar med. L\u00e4s mer om hur vi arbetar med s\u00e4kerhet h\u00e4r.","breadcrumb":{"@id":"https:\/\/riwal-wpn.acceptatie.indicia-interactiv.nl\/sv\/expertis\/sakerhet\/#breadcrumb"},"inLanguage":"sv-SE","potentialAction":[{"@type":"ReadAction","target":["https:\/\/riwal-wpn.acceptatie.indicia-interactiv.nl\/sv\/expertis\/sakerhet\/"]}]},{"@type":"ImageObject","inLanguage":"sv-SE","@id":"https:\/\/riwal-wpn.acceptatie.indicia-interactiv.nl\/sv\/expertis\/sakerhet\/#primaryimage","url":"https:\/\/riwal-wpn.acceptatie.indicia-interactiv.nl\/app\/uploads\/sites\/13\/2023\/06\/riwal-aerial-work-platform-rental-sales-60-1024x683.webp","contentUrl":"https:\/\/riwal-wpn.acceptatie.indicia-interactiv.nl\/app\/uploads\/sites\/13\/2023\/06\/riwal-aerial-work-platform-rental-sales-60-1024x683.webp"},{"@type":"BreadcrumbList","@id":"https:\/\/riwal-wpn.acceptatie.indicia-interactiv.nl\/sv\/expertis\/sakerhet\/#breadcrumb","itemListElement":[{"@type":"ListItem","position":1,"name":"Hem","item":"https:\/\/riwal-wpn.acceptatie.indicia-interactiv.nl\/sv\/"},{"@type":"ListItem","position":2,"name":"Expertis","item":"https:\/\/riwal-wpn.acceptatie.indicia-interactiv.nl\/sv\/expertis\/"},{"@type":"ListItem","position":3,"name":"S\u00e4kerhet"}]},{"@type":"WebSite","@id":"https:\/\/riwal-wpn.acceptatie.indicia-interactiv.nl\/sv\/#website","url":"https:\/\/riwal-wpn.acceptatie.indicia-interactiv.nl\/sv\/","name":"Riwal Sverige","description":"Arial work platform &amp; Telehandler Rental\/Sales","publisher":{"@id":"https:\/\/riwal-wpn.acceptatie.indicia-interactiv.nl\/sv\/#organization"},"potentialAction":[{"@type":"SearchAction","target":{"@type":"EntryPoint","urlTemplate":"https:\/\/riwal-wpn.acceptatie.indicia-interactiv.nl\/sv\/?s={search_term_string}"},"query-input":{"@type":"PropertyValueSpecification","valueRequired":true,"valueName":"search_term_string"}}],"inLanguage":"sv-SE"},{"@type":"Organization","@id":"https:\/\/riwal-wpn.acceptatie.indicia-interactiv.nl\/sv\/#organization","name":"Riwal","url":"https:\/\/riwal-wpn.acceptatie.indicia-interactiv.nl\/sv\/","logo":{"@type":"ImageObject","inLanguage":"sv-SE","@id":"https:\/\/riwal-wpn.acceptatie.indicia-interactiv.nl\/sv\/#\/schema\/logo\/image\/","url":"","contentUrl":"","caption":"Riwal"},"image":{"@id":"https:\/\/riwal-wpn.acceptatie.indicia-interactiv.nl\/sv\/#\/schema\/logo\/image\/"}}]}},"_links":{"self":[{"href":"https:\/\/riwal-wpn.acceptatie.indicia-interactiv.nl\/sv\/wp-json\/wp\/v2\/pages\/7071","targetHints":{"allow":["GET"]}}],"collection":[{"href":"https:\/\/riwal-wpn.acceptatie.indicia-interactiv.nl\/sv\/wp-json\/wp\/v2\/pages"}],"about":[{"href":"https:\/\/riwal-wpn.acceptatie.indicia-interactiv.nl\/sv\/wp-json\/wp\/v2\/types\/page"}],"author":[{"embeddable":true,"href":"https:\/\/riwal-wpn.acceptatie.indicia-interactiv.nl\/sv\/wp-json\/wp\/v2\/users\/19"}],"replies":[{"embeddable":true,"href":"https:\/\/riwal-wpn.acceptatie.indicia-interactiv.nl\/sv\/wp-json\/wp\/v2\/comments?post=7071"}],"version-history":[{"count":25,"href":"https:\/\/riwal-wpn.acceptatie.indicia-interactiv.nl\/sv\/wp-json\/wp\/v2\/pages\/7071\/revisions"}],"predecessor-version":[{"id":7415,"href":"https:\/\/riwal-wpn.acceptatie.indicia-interactiv.nl\/sv\/wp-json\/wp\/v2\/pages\/7071\/revisions\/7415"}],"up":[{"embeddable":true,"href":"https:\/\/riwal-wpn.acceptatie.indicia-interactiv.nl\/sv\/wp-json\/wp\/v2\/pages\/3714"}],"wp:attachment":[{"href":"https:\/\/riwal-wpn.acceptatie.indicia-interactiv.nl\/sv\/wp-json\/wp\/v2\/media?parent=7071"}],"curies":[{"name":"wp","href":"https:\/\/api.w.org\/{rel}","templated":true}]}}