{"id":7269,"date":"2024-01-15T11:02:06","date_gmt":"2024-01-15T11:02:06","guid":{"rendered":"https:\/\/riwal-wpn.acceptatie.indicia-interactiv.nl\/sv\/?page_id=7269"},"modified":"2024-01-26T14:00:23","modified_gmt":"2024-01-26T14:00:23","slug":"digitala-losningar","status":"publish","type":"page","link":"https:\/\/riwal-wpn.acceptatie.indicia-interactiv.nl\/sv\/expertis\/digitala-losningar\/","title":{"rendered":"Digitala l\u00f6sningar"},"content":{"rendered":"<div class=\"container\">\n<h1 class=\"wp-block-heading\" id=\"h-digitala-losningar\">Digitala l\u00f6sningar<\/h1>\n<\/div>\n\n<div class=\"container\">\n<p>Hos Riwal str\u00e4var vi alltid efter att utvecklas f\u00f6r att vi ska kunna leverera de b\u00e4sta l\u00f6sningarna i branschen f\u00f6r v\u00e5ra kunder. Ett av de s\u00e4tt vi g\u00f6r detta p\u00e5 \u00e4r genom innovativa och smarta digitala l\u00f6sningar, som i slut\u00e4ndan kommer att gynna v\u00e5ra kunder. Det vi fokuserar p\u00e5 \u00e4r effektivitet, kvalitet och s\u00e4kerhet vid arbeten p\u00e5 h\u00f6jden. Nedan kan du l\u00e4sa mer om vilka digitala l\u00f6sningar Riwal erbjuder och ta reda p\u00e5 hur de kan hj\u00e4lpa dig.<\/p>\n<\/div>\n\n<div class=\"rental-wp-default-block rental-theme-block-default-margin\">\n\t\t\t\t\t\t\t\t<div class=\"container\">\n<div class=\"wp-block-columns is-layout-flex wp-container-core-columns-is-layout-28f84493 wp-block-columns-is-layout-flex\">\n<div class=\"wp-block-column is-layout-flow wp-block-column-is-layout-flow\">\n<figure class=\"wp-block-image size-large is-resized\"><img loading=\"lazy\" decoding=\"async\" width=\"1024\" height=\"576\" src=\"https:\/\/riwal-wpn.acceptatie.indicia-interactiv.nl\/app\/uploads\/sites\/13\/2023\/12\/My-Riwal-stillbild-1024x576.png\" alt=\"Digitala l\u00f6sningar - My Riwal\" class=\"wp-image-6703\" style=\"width:572px;height:auto\" srcset=\"https:\/\/riwal-wpn.acceptatie.indicia-interactiv.nl\/app\/uploads\/sites\/13\/2023\/12\/My-Riwal-stillbild-1024x576.png 1024w, https:\/\/riwal-wpn.acceptatie.indicia-interactiv.nl\/app\/uploads\/sites\/13\/2023\/12\/My-Riwal-stillbild-300x169.png 300w, https:\/\/riwal-wpn.acceptatie.indicia-interactiv.nl\/app\/uploads\/sites\/13\/2023\/12\/My-Riwal-stillbild-768x432.png 768w, https:\/\/riwal-wpn.acceptatie.indicia-interactiv.nl\/app\/uploads\/sites\/13\/2023\/12\/My-Riwal-stillbild-178x100.png 178w, https:\/\/riwal-wpn.acceptatie.indicia-interactiv.nl\/app\/uploads\/sites\/13\/2023\/12\/My-Riwal-stillbild-390x219.png 390w, https:\/\/riwal-wpn.acceptatie.indicia-interactiv.nl\/app\/uploads\/sites\/13\/2023\/12\/My-Riwal-stillbild-830x467.png 830w, https:\/\/riwal-wpn.acceptatie.indicia-interactiv.nl\/app\/uploads\/sites\/13\/2023\/12\/My-Riwal-stillbild-250x141.png 250w, https:\/\/riwal-wpn.acceptatie.indicia-interactiv.nl\/app\/uploads\/sites\/13\/2023\/12\/My-Riwal-stillbild-620x349.png 620w, https:\/\/riwal-wpn.acceptatie.indicia-interactiv.nl\/app\/uploads\/sites\/13\/2023\/12\/My-Riwal-stillbild-237x133.png 237w, https:\/\/riwal-wpn.acceptatie.indicia-interactiv.nl\/app\/uploads\/sites\/13\/2023\/12\/My-Riwal-stillbild-474x267.png 474w, https:\/\/riwal-wpn.acceptatie.indicia-interactiv.nl\/app\/uploads\/sites\/13\/2023\/12\/My-Riwal-stillbild.png 1389w\" sizes=\"auto, (max-width: 1024px) 100vw, 1024px\" \/><\/figure>\n\n\n\n<h2 class=\"wp-block-heading has-text-align-center\" id=\"h-my-riwal\">My Riwal<\/h2>\n\n\n\n<p>Vi har utvecklat My Riwal \u2013 en Webbportal och App som g\u00f6r det enklare att vara kund hos oss. Med My Riwal f\u00e5r du 100% \u00f6verblick \u00f6ver din arbetsplats och de maskiner du hyr av oss. Du kan bland annat hyra och avboka maskiner 24\/7, ladda ner maskinspecifikationer och se en tydlig \u00f6verblick \u00f6ver dina fakturor. Du kan \u00e4ven sp\u00e5ra dina maskiner live via GPS.<\/p>\n\n\n\n<div class=\"wp-block-buttons is-content-justification-center is-layout-flex wp-container-core-buttons-is-layout-a89b3969 wp-block-buttons-is-layout-flex\">\n<div class=\"wp-block-button\"><a class=\"wp-block-button__link wp-element-button\" href=\"https:\/\/riwal-wpn.acceptatie.indicia-interactiv.nl\/sv\/my-riwal\/\">L\u00e4s mer<\/a><\/div>\n<\/div>\n<\/div>\n\n\n\n<div class=\"wp-block-column is-layout-flow wp-block-column-is-layout-flow\">\n<figure class=\"wp-block-image size-large is-resized\"><img loading=\"lazy\" decoding=\"async\" width=\"1024\" height=\"576\" src=\"https:\/\/riwal-wpn.acceptatie.indicia-interactiv.nl\/app\/uploads\/sites\/13\/2023\/12\/BIM1-1024x576.png\" alt=\"Digitala l\u00f6sningar -BIM\" class=\"wp-image-6693\" style=\"width:569px;height:auto\" srcset=\"https:\/\/riwal-wpn.acceptatie.indicia-interactiv.nl\/app\/uploads\/sites\/13\/2023\/12\/BIM1-1024x576.png 1024w, https:\/\/riwal-wpn.acceptatie.indicia-interactiv.nl\/app\/uploads\/sites\/13\/2023\/12\/BIM1-300x169.png 300w, https:\/\/riwal-wpn.acceptatie.indicia-interactiv.nl\/app\/uploads\/sites\/13\/2023\/12\/BIM1-768x432.png 768w, https:\/\/riwal-wpn.acceptatie.indicia-interactiv.nl\/app\/uploads\/sites\/13\/2023\/12\/BIM1-178x100.png 178w, https:\/\/riwal-wpn.acceptatie.indicia-interactiv.nl\/app\/uploads\/sites\/13\/2023\/12\/BIM1-390x219.png 390w, https:\/\/riwal-wpn.acceptatie.indicia-interactiv.nl\/app\/uploads\/sites\/13\/2023\/12\/BIM1-830x467.png 830w, https:\/\/riwal-wpn.acceptatie.indicia-interactiv.nl\/app\/uploads\/sites\/13\/2023\/12\/BIM1-250x141.png 250w, https:\/\/riwal-wpn.acceptatie.indicia-interactiv.nl\/app\/uploads\/sites\/13\/2023\/12\/BIM1-620x349.png 620w, https:\/\/riwal-wpn.acceptatie.indicia-interactiv.nl\/app\/uploads\/sites\/13\/2023\/12\/BIM1-237x133.png 237w, https:\/\/riwal-wpn.acceptatie.indicia-interactiv.nl\/app\/uploads\/sites\/13\/2023\/12\/BIM1-474x267.png 474w, https:\/\/riwal-wpn.acceptatie.indicia-interactiv.nl\/app\/uploads\/sites\/13\/2023\/12\/BIM1.png 1392w\" sizes=\"auto, (max-width: 1024px) 100vw, 1024px\" \/><\/figure>\n\n\n\n<h2 class=\"wp-block-heading has-text-align-center\" id=\"h-bim\">BIM<\/h2>\n\n\n\n<p>Genom att anv\u00e4nda BIM-teknik f\u00e5r du mer kontroll \u00f6ver dina maskiner. P\u00e5 s\u00e5 s\u00e4tt kan du minska och\/eller eliminera kostnader f\u00f6rknippade med att hyra fel maskiner. BIM-tekniken bildar en \u00f6verblick \u00f6ver hur m\u00e5nga maskiner du beh\u00f6ver p\u00e5 byggarbetsplatsen och kan d\u00e4rmed bland annat minska ditt CO2-utsl\u00e4pp.<\/p>\n\n\n\n<div class=\"wp-block-buttons is-content-justification-center is-layout-flex wp-container-core-buttons-is-layout-a89b3969 wp-block-buttons-is-layout-flex\">\n<div class=\"wp-block-button\"><a class=\"wp-block-button__link has-text-align-center wp-element-button\" href=\"https:\/\/riwal-wpn.acceptatie.indicia-interactiv.nl\/sv\/expertis\/digitala-losningar\/bim\/\">L\u00e4s mer<\/a><\/div>\n<\/div>\n<\/div>\n<\/div>\n<\/div>\n\t\t\t\t\t\t\t<\/div> \n\n<div class=\"container\">\n<p><\/p>\n<\/div>","protected":false},"excerpt":{"rendered":"<p>Digitala l\u00f6sningar Hos Riwal str\u00e4var vi alltid efter att utvecklas f\u00f6r att vi ska kunna leverera de b\u00e4sta l\u00f6sningarna i branschen f\u00f6r v\u00e5ra kunder. Ett av de s\u00e4tt vi g\u00f6r detta p\u00e5 \u00e4r genom innovativa och smarta digitala l\u00f6sningar, som i slut\u00e4ndan kommer att gynna v\u00e5ra kunder. Det vi fokuserar p\u00e5 \u00e4r effektivitet, kvalitet och &hellip; <a href=\"https:\/\/riwal-wpn.acceptatie.indicia-interactiv.nl\/sv\/expertis\/digitala-losningar\/\">G\u00e5 vidare<\/a><\/p>\n","protected":false},"author":19,"featured_media":0,"parent":3714,"menu_order":0,"comment_status":"closed","ping_status":"closed","template":"","meta":{"_acf_changed":false,"editor_notices":[],"footnotes":""},"class_list":["post-7269","page","type-page","status-publish","hentry"],"acf":[],"yoast_head":"<!-- This site is optimized with the Yoast SEO Premium plugin v27.1 (Yoast SEO v27.1.1) - https:\/\/yoast.com\/product\/yoast-seo-premium-wordpress\/ -->\n<title>Digitala l\u00f6sningar | Riwal Sverige<\/title>\n<meta name=\"description\" content=\"Riwal str\u00e4var alltid efter att utvecklas och vara innovativa, vilket avspeglar sig p\u00e5 v\u00e5ra digitala l\u00f6sningar. L\u00e4s mer h\u00e4r.\" \/>\n<meta name=\"robots\" content=\"noindex, follow, max-snippet:-1, max-image-preview:large, max-video-preview:-1\" \/>\n<meta property=\"og:locale\" content=\"sv_SE\" \/>\n<meta property=\"og:type\" content=\"article\" \/>\n<meta property=\"og:title\" content=\"Digitala l\u00f6sningar\" \/>\n<meta property=\"og:description\" content=\"Riwal str\u00e4var alltid efter att utvecklas och vara innovativa, vilket avspeglar sig p\u00e5 v\u00e5ra digitala l\u00f6sningar. L\u00e4s mer h\u00e4r.\" \/>\n<meta property=\"og:url\" content=\"https:\/\/riwal-wpn.acceptatie.indicia-interactiv.nl\/sv\/expertis\/digitala-losningar\/\" \/>\n<meta property=\"og:site_name\" content=\"Riwal Sverige\" \/>\n<meta property=\"article:modified_time\" content=\"2024-01-26T14:00:23+00:00\" \/>\n<meta property=\"og:image\" content=\"https:\/\/riwal-wpn.acceptatie.indicia-interactiv.nl\/app\/uploads\/sites\/13\/2023\/12\/My-Riwal-stillbild-1024x576.png\" \/>\n<meta name=\"twitter:card\" content=\"summary_large_image\" \/>\n<meta name=\"twitter:label1\" content=\"Est. reading time\" \/>\n\t<meta name=\"twitter:data1\" content=\"2 minuter\" \/>\n<script type=\"application\/ld+json\" class=\"yoast-schema-graph\">{\"@context\":\"https:\/\/schema.org\",\"@graph\":[{\"@type\":\"WebPage\",\"@id\":\"https:\/\/riwal-wpn.acceptatie.indicia-interactiv.nl\/sv\/expertis\/digitala-losningar\/\",\"url\":\"https:\/\/riwal-wpn.acceptatie.indicia-interactiv.nl\/sv\/expertis\/digitala-losningar\/\",\"name\":\"Digitala l\u00f6sningar | Riwal Sverige\",\"isPartOf\":{\"@id\":\"https:\/\/riwal-wpn.acceptatie.indicia-interactiv.nl\/sv\/#website\"},\"primaryImageOfPage\":{\"@id\":\"https:\/\/riwal-wpn.acceptatie.indicia-interactiv.nl\/sv\/expertis\/digitala-losningar\/#primaryimage\"},\"image\":{\"@id\":\"https:\/\/riwal-wpn.acceptatie.indicia-interactiv.nl\/sv\/expertis\/digitala-losningar\/#primaryimage\"},\"thumbnailUrl\":\"https:\/\/riwal-wpn.acceptatie.indicia-interactiv.nl\/app\/uploads\/sites\/13\/2023\/12\/My-Riwal-stillbild-1024x576.png\",\"datePublished\":\"2024-01-15T11:02:06+00:00\",\"dateModified\":\"2024-01-26T14:00:23+00:00\",\"description\":\"Riwal str\u00e4var alltid efter att utvecklas och vara innovativa, vilket avspeglar sig p\u00e5 v\u00e5ra digitala l\u00f6sningar. L\u00e4s mer h\u00e4r.\",\"breadcrumb\":{\"@id\":\"https:\/\/riwal-wpn.acceptatie.indicia-interactiv.nl\/sv\/expertis\/digitala-losningar\/#breadcrumb\"},\"inLanguage\":\"sv-SE\",\"potentialAction\":[{\"@type\":\"ReadAction\",\"target\":[\"https:\/\/riwal-wpn.acceptatie.indicia-interactiv.nl\/sv\/expertis\/digitala-losningar\/\"]}]},{\"@type\":\"ImageObject\",\"inLanguage\":\"sv-SE\",\"@id\":\"https:\/\/riwal-wpn.acceptatie.indicia-interactiv.nl\/sv\/expertis\/digitala-losningar\/#primaryimage\",\"url\":\"https:\/\/riwal-wpn.acceptatie.indicia-interactiv.nl\/app\/uploads\/sites\/13\/2023\/12\/My-Riwal-stillbild-1024x576.png\",\"contentUrl\":\"https:\/\/riwal-wpn.acceptatie.indicia-interactiv.nl\/app\/uploads\/sites\/13\/2023\/12\/My-Riwal-stillbild-1024x576.png\"},{\"@type\":\"BreadcrumbList\",\"@id\":\"https:\/\/riwal-wpn.acceptatie.indicia-interactiv.nl\/sv\/expertis\/digitala-losningar\/#breadcrumb\",\"itemListElement\":[{\"@type\":\"ListItem\",\"position\":1,\"name\":\"Hem\",\"item\":\"https:\/\/riwal-wpn.acceptatie.indicia-interactiv.nl\/sv\/\"},{\"@type\":\"ListItem\",\"position\":2,\"name\":\"Expertis\",\"item\":\"https:\/\/riwal-wpn.acceptatie.indicia-interactiv.nl\/sv\/expertis\/\"},{\"@type\":\"ListItem\",\"position\":3,\"name\":\"Digitala l\u00f6sningar\"}]},{\"@type\":\"WebSite\",\"@id\":\"https:\/\/riwal-wpn.acceptatie.indicia-interactiv.nl\/sv\/#website\",\"url\":\"https:\/\/riwal-wpn.acceptatie.indicia-interactiv.nl\/sv\/\",\"name\":\"Riwal Sverige\",\"description\":\"Arial work platform &amp; Telehandler Rental\/Sales\",\"publisher\":{\"@id\":\"https:\/\/riwal-wpn.acceptatie.indicia-interactiv.nl\/sv\/#organization\"},\"potentialAction\":[{\"@type\":\"SearchAction\",\"target\":{\"@type\":\"EntryPoint\",\"urlTemplate\":\"https:\/\/riwal-wpn.acceptatie.indicia-interactiv.nl\/sv\/?s={search_term_string}\"},\"query-input\":{\"@type\":\"PropertyValueSpecification\",\"valueRequired\":true,\"valueName\":\"search_term_string\"}}],\"inLanguage\":\"sv-SE\"},{\"@type\":\"Organization\",\"@id\":\"https:\/\/riwal-wpn.acceptatie.indicia-interactiv.nl\/sv\/#organization\",\"name\":\"Riwal\",\"url\":\"https:\/\/riwal-wpn.acceptatie.indicia-interactiv.nl\/sv\/\",\"logo\":{\"@type\":\"ImageObject\",\"inLanguage\":\"sv-SE\",\"@id\":\"https:\/\/riwal-wpn.acceptatie.indicia-interactiv.nl\/sv\/#\/schema\/logo\/image\/\",\"url\":\"\",\"contentUrl\":\"\",\"caption\":\"Riwal\"},\"image\":{\"@id\":\"https:\/\/riwal-wpn.acceptatie.indicia-interactiv.nl\/sv\/#\/schema\/logo\/image\/\"}}]}<\/script>\n<!-- \/ Yoast SEO Premium plugin. -->","yoast_head_json":{"title":"Digitala l\u00f6sningar | Riwal Sverige","description":"Riwal str\u00e4var alltid efter att utvecklas och vara innovativa, vilket avspeglar sig p\u00e5 v\u00e5ra digitala l\u00f6sningar. L\u00e4s mer h\u00e4r.","robots":{"index":"noindex","follow":"follow","max-snippet":"max-snippet:-1","max-image-preview":"max-image-preview:large","max-video-preview":"max-video-preview:-1"},"og_locale":"sv_SE","og_type":"article","og_title":"Digitala l\u00f6sningar","og_description":"Riwal str\u00e4var alltid efter att utvecklas och vara innovativa, vilket avspeglar sig p\u00e5 v\u00e5ra digitala l\u00f6sningar. L\u00e4s mer h\u00e4r.","og_url":"https:\/\/riwal-wpn.acceptatie.indicia-interactiv.nl\/sv\/expertis\/digitala-losningar\/","og_site_name":"Riwal Sverige","article_modified_time":"2024-01-26T14:00:23+00:00","og_image":[{"url":"https:\/\/riwal-wpn.acceptatie.indicia-interactiv.nl\/app\/uploads\/sites\/13\/2023\/12\/My-Riwal-stillbild-1024x576.png","type":"","width":"","height":""}],"twitter_card":"summary_large_image","twitter_misc":{"Est. reading time":"2 minuter"},"schema":{"@context":"https:\/\/schema.org","@graph":[{"@type":"WebPage","@id":"https:\/\/riwal-wpn.acceptatie.indicia-interactiv.nl\/sv\/expertis\/digitala-losningar\/","url":"https:\/\/riwal-wpn.acceptatie.indicia-interactiv.nl\/sv\/expertis\/digitala-losningar\/","name":"Digitala l\u00f6sningar | Riwal Sverige","isPartOf":{"@id":"https:\/\/riwal-wpn.acceptatie.indicia-interactiv.nl\/sv\/#website"},"primaryImageOfPage":{"@id":"https:\/\/riwal-wpn.acceptatie.indicia-interactiv.nl\/sv\/expertis\/digitala-losningar\/#primaryimage"},"image":{"@id":"https:\/\/riwal-wpn.acceptatie.indicia-interactiv.nl\/sv\/expertis\/digitala-losningar\/#primaryimage"},"thumbnailUrl":"https:\/\/riwal-wpn.acceptatie.indicia-interactiv.nl\/app\/uploads\/sites\/13\/2023\/12\/My-Riwal-stillbild-1024x576.png","datePublished":"2024-01-15T11:02:06+00:00","dateModified":"2024-01-26T14:00:23+00:00","description":"Riwal str\u00e4var alltid efter att utvecklas och vara innovativa, vilket avspeglar sig p\u00e5 v\u00e5ra digitala l\u00f6sningar. L\u00e4s mer h\u00e4r.","breadcrumb":{"@id":"https:\/\/riwal-wpn.acceptatie.indicia-interactiv.nl\/sv\/expertis\/digitala-losningar\/#breadcrumb"},"inLanguage":"sv-SE","potentialAction":[{"@type":"ReadAction","target":["https:\/\/riwal-wpn.acceptatie.indicia-interactiv.nl\/sv\/expertis\/digitala-losningar\/"]}]},{"@type":"ImageObject","inLanguage":"sv-SE","@id":"https:\/\/riwal-wpn.acceptatie.indicia-interactiv.nl\/sv\/expertis\/digitala-losningar\/#primaryimage","url":"https:\/\/riwal-wpn.acceptatie.indicia-interactiv.nl\/app\/uploads\/sites\/13\/2023\/12\/My-Riwal-stillbild-1024x576.png","contentUrl":"https:\/\/riwal-wpn.acceptatie.indicia-interactiv.nl\/app\/uploads\/sites\/13\/2023\/12\/My-Riwal-stillbild-1024x576.png"},{"@type":"BreadcrumbList","@id":"https:\/\/riwal-wpn.acceptatie.indicia-interactiv.nl\/sv\/expertis\/digitala-losningar\/#breadcrumb","itemListElement":[{"@type":"ListItem","position":1,"name":"Hem","item":"https:\/\/riwal-wpn.acceptatie.indicia-interactiv.nl\/sv\/"},{"@type":"ListItem","position":2,"name":"Expertis","item":"https:\/\/riwal-wpn.acceptatie.indicia-interactiv.nl\/sv\/expertis\/"},{"@type":"ListItem","position":3,"name":"Digitala l\u00f6sningar"}]},{"@type":"WebSite","@id":"https:\/\/riwal-wpn.acceptatie.indicia-interactiv.nl\/sv\/#website","url":"https:\/\/riwal-wpn.acceptatie.indicia-interactiv.nl\/sv\/","name":"Riwal Sverige","description":"Arial work platform &amp; Telehandler Rental\/Sales","publisher":{"@id":"https:\/\/riwal-wpn.acceptatie.indicia-interactiv.nl\/sv\/#organization"},"potentialAction":[{"@type":"SearchAction","target":{"@type":"EntryPoint","urlTemplate":"https:\/\/riwal-wpn.acceptatie.indicia-interactiv.nl\/sv\/?s={search_term_string}"},"query-input":{"@type":"PropertyValueSpecification","valueRequired":true,"valueName":"search_term_string"}}],"inLanguage":"sv-SE"},{"@type":"Organization","@id":"https:\/\/riwal-wpn.acceptatie.indicia-interactiv.nl\/sv\/#organization","name":"Riwal","url":"https:\/\/riwal-wpn.acceptatie.indicia-interactiv.nl\/sv\/","logo":{"@type":"ImageObject","inLanguage":"sv-SE","@id":"https:\/\/riwal-wpn.acceptatie.indicia-interactiv.nl\/sv\/#\/schema\/logo\/image\/","url":"","contentUrl":"","caption":"Riwal"},"image":{"@id":"https:\/\/riwal-wpn.acceptatie.indicia-interactiv.nl\/sv\/#\/schema\/logo\/image\/"}}]}},"_links":{"self":[{"href":"https:\/\/riwal-wpn.acceptatie.indicia-interactiv.nl\/sv\/wp-json\/wp\/v2\/pages\/7269","targetHints":{"allow":["GET"]}}],"collection":[{"href":"https:\/\/riwal-wpn.acceptatie.indicia-interactiv.nl\/sv\/wp-json\/wp\/v2\/pages"}],"about":[{"href":"https:\/\/riwal-wpn.acceptatie.indicia-interactiv.nl\/sv\/wp-json\/wp\/v2\/types\/page"}],"author":[{"embeddable":true,"href":"https:\/\/riwal-wpn.acceptatie.indicia-interactiv.nl\/sv\/wp-json\/wp\/v2\/users\/19"}],"replies":[{"embeddable":true,"href":"https:\/\/riwal-wpn.acceptatie.indicia-interactiv.nl\/sv\/wp-json\/wp\/v2\/comments?post=7269"}],"version-history":[{"count":4,"href":"https:\/\/riwal-wpn.acceptatie.indicia-interactiv.nl\/sv\/wp-json\/wp\/v2\/pages\/7269\/revisions"}],"predecessor-version":[{"id":7828,"href":"https:\/\/riwal-wpn.acceptatie.indicia-interactiv.nl\/sv\/wp-json\/wp\/v2\/pages\/7269\/revisions\/7828"}],"up":[{"embeddable":true,"href":"https:\/\/riwal-wpn.acceptatie.indicia-interactiv.nl\/sv\/wp-json\/wp\/v2\/pages\/3714"}],"wp:attachment":[{"href":"https:\/\/riwal-wpn.acceptatie.indicia-interactiv.nl\/sv\/wp-json\/wp\/v2\/media?parent=7269"}],"curies":[{"name":"wp","href":"https:\/\/api.w.org\/{rel}","templated":true}]}}